{"id":52,"date":"2013-03-11T11:05:16","date_gmt":"2013-03-11T11:05:16","guid":{"rendered":"https:\/\/drpillman.biz\/?page_id=52"},"modified":"2024-05-17T12:57:25","modified_gmt":"2024-05-17T11:57:25","slug":"betamethasone","status":"publish","type":"page","link":"https:\/\/drpillman.biz\/es\/betamethasone.htm","title":{"rendered":"Betametasona"},"content":{"rendered":"<div id=\"content-center\">\n<div id=\"content-image\">\n\t\t\t\t\t<img decoding=\"async\" src=\"\/img\/Betamethasone.jpg\" alt=\"Betamethasone\" \/><\/div>\n<div id=\"content-description\">\n<h1>Betamethasone<\/h1>\n<p> <code><a href=\"https:\/\/200pills.com\/search.html?key=Betamethasone\"> <button class=\"button-7\" role=\"button\">Comprar en l\u00ednea<\/button><\/a><\/code> <\/p>\n<div class=\"gray\"><\/div>\n<div class=\"clear\"><\/div>\n<div id=\"description\">\n\t\t\t\t\t\tLa crema de betametasona es un potente esteroide glucocorticoide que tiene propiedades inmunosupresoras y antiinflamatorias. A diferencia de otros medicamentos similares que act\u00faan como antiinflamatorios t\u00f3picos, la crema de betametasona no provoca retenci\u00f3n de l\u00edquidos. El tratamiento est\u00e1 disponible en forma de crema, espuma, gel, loci\u00f3n o pomada, y todas las formas de Betametasona tienen como objetivo tratar el picor y aliviar el enrojecimiento.<\/div>\n<div id=\"additional\">\n\t\t\t\t\t\tSin\u00f3nimos:<span> Diproleno<\/span>\n<\/div>\n<\/div>\n<div class=\"clear\"><\/div>\n<h2>Indicaciones del medicamento<\/h2>\n<p>La crema de betametasona se utiliza para tratar una variedad de infecciones de la piel, y algunas de las infecciones m\u00e1s com\u00fanmente tratadas son la ti\u00f1a del cuerpo, la ti\u00f1a inguinal (especialmente la ti\u00f1a de la ingle) o el pie de atleta.La finalidad de esta crema es reducir el enrojecimiento y el picor causados por la infecci\u00f3n de la piel &#8211; por eso la betametasona se utiliza a veces para aliviar las reacciones a la hiedra venenosa y otras plantas que se le parecen. Tambi\u00e9n puede ser muy eficaz para el tratamiento del eczema y la psoriasis, aunque debe ponerse en contacto con su m\u00e9dico para obtener m\u00e1s informaci\u00f3n<\/p>\n<h2>C\u00f3mo utilizar la crema de betametasona<\/h2>\n<p>El paciente debe lavar y secar adecuadamente la piel antes de aplicar la crema, y normalmente no es necesario aplicar un vendaje sobre la parte de la piel tratada. La crema es \u00fanicamente para uso externo y debe evitarse el contacto con la boca, los ojos o la zona genital &#8211; si se produce el contacto, l\u00e1vese con agua fr\u00eda y p\u00f3ngase en contacto con su m\u00e9dico inmediatamente.<\/p>\n<h2>Contraindicaciones y efectos secundarios<\/h2>\n<p>Como crema t\u00f3pica, la Betametasona en crema no suele ir acompa\u00f1ada de reacciones adversas molestas &#8211; sin embargo, puede producirse una reacci\u00f3n al\u00e9rgica si se es hipersensible a un ingrediente de la crema. Si esto ocurre, deje de aplicarse la crema y p\u00f3ngase en contacto con su m\u00e9dico.<\/p>\n<p>La crema de betametasona nunca debe ser utilizada por quienes sufren procesos inflamatorios respiratorios como la rinitis al\u00e9rgica, y tambi\u00e9n est\u00e1 contraindicada para quienes siguen un tratamiento diario con multivitaminas. A veces, la Betametasona puede combinarse con el Clotrimazol para el tratamiento de la infecci\u00f3n por hongos: el primero alivia la hinchaz\u00f3n, el picor y el dolor causados por la infecci\u00f3n, mientras que el segundo mata el hongo y evita que reaparezca en un futuro pr\u00f3ximo. <\/p>\n<p>La crema se puede comprar s\u00f3lo con una prescripci\u00f3n m\u00e9dica de su doctor, y la versi\u00f3n t\u00f3pica de la crema de Betamethasome est\u00e1 disponible en forma de loci\u00f3n o en forma de crema, ambas dise\u00f1adas s\u00f3lo para uso externo!<\/p>\n<h2>Por qu\u00e9 comprar crema de betametasona en l\u00ednea?<\/h2>\n<p>Si usted sufre de una infecci\u00f3n de la piel y quiere aliviar el dolor de forma r\u00e1pida y sin esfuerzo, entonces usted puede pedir esta crema en Internet &#8211; se puede encontrar f\u00e1cilmente disponible en una de las farmacias en l\u00ednea y tiendas de medicamentos en Internet, es mucho m\u00e1s barato que la crema de betametasona que se vende en las farmacias terrestres, y el aspecto m\u00e1s importante es que no requiere receta m\u00e9dica. En otras palabras, comprar crema de betametasona en l\u00ednea no s\u00f3lo es m\u00e1s r\u00e1pido y c\u00f3modo para el paciente, sino tambi\u00e9n considerablemente m\u00e1s barato, ya que se puede obtener la crema sin ni siquiera tener que salir de casa. Adem\u00e1s tambi\u00e9n puedes encontrar la loci\u00f3n, la espuma o el gel online.<\/p>\n<\/div>\n","protected":false},"excerpt":{"rendered":"<p>Betamethasone Comprar en l\u00ednea La crema de betametasona es un potente esteroide glucocorticoide que tiene propiedades inmunosupresoras y antiinflamatorias. A<\/p>\n","protected":false},"author":3,"featured_media":0,"parent":0,"menu_order":0,"comment_status":"closed","ping_status":"closed","template":"","meta":{"_lmt_disableupdate":"no","_lmt_disable":"no","footnotes":""},"class_list":["post-52","page","type-page","status-publish","hentry"],"translation":{"provider":"WPGlobus","version":"3.0.2","language":"es","enabled_languages":["en","es","fr"],"languages":{"en":{"title":true,"content":true,"excerpt":false},"es":{"title":true,"content":true,"excerpt":false},"fr":{"title":true,"content":true,"excerpt":false}}},"yoast_head":"<!-- This site is optimized with the Yoast SEO plugin v27.4 - https:\/\/yoast.com\/product\/yoast-seo-wordpress\/ -->\n<title>La crema de betametasona es un poderoso esteroide glucocorticoide que tiene propiedades inmunomopresivas y antiinflamatorias<\/title>\n<meta name=\"description\" content=\"La betametasona es una droga esteroide que puedes comprar en forma de crema. Este medicamento est\u00e1 disponible en l\u00ednea y se puede comprar a granel para tratar trastornos al\u00e9rgicos, afecciones de la piel y otros problemas.\" \/>\n<meta name=\"robots\" content=\"index, follow, max-snippet:-1, max-image-preview:large, max-video-preview:-1\" \/>\n<link rel=\"canonical\" href=\"https:\/\/drpillman.biz\/es\/betamethasone.htm\" \/>\n<meta property=\"og:locale\" content=\"es_ES\" \/>\n<meta property=\"og:type\" content=\"article\" \/>\n<meta property=\"og:title\" content=\"La crema de betametasona es un poderoso esteroide glucocorticoide que tiene propiedades inmunomopresivas y antiinflamatorias\" \/>\n<meta property=\"og:description\" content=\"La betametasona es una droga esteroide que puedes comprar en forma de crema. Este medicamento est\u00e1 disponible en l\u00ednea y se puede comprar a granel para tratar trastornos al\u00e9rgicos, afecciones de la piel y otros problemas.\" \/>\n<meta property=\"og:url\" content=\"https:\/\/drpillman.biz\/es\/betamethasone.htm\" \/>\n<meta property=\"og:site_name\" content=\"Dr.Pillman\" \/>\n<meta property=\"article:modified_time\" content=\"2024-05-17T11:57:25+00:00\" \/>\n<meta name=\"twitter:card\" content=\"summary_large_image\" \/>\n<script type=\"application\/ld+json\" class=\"yoast-schema-graph\">{\"@context\":\"https:\\\/\\\/schema.org\",\"@graph\":[{\"@type\":\"WebPage\",\"@id\":\"https:\\\/\\\/drpillman.biz\\\/es\\\/betamethasone.htm\",\"url\":\"https:\\\/\\\/drpillman.biz\\\/es\\\/betamethasone.htm\",\"name\":\"La crema de betametasona es un poderoso esteroide glucocorticoide que tiene propiedades inmunomopresivas y antiinflamatorias\",\"isPartOf\":{\"@id\":\"https:\\\/\\\/drpillman.biz\\\/#website\"},\"datePublished\":\"2013-03-11T11:05:16+00:00\",\"dateModified\":\"2024-05-17T11:57:25+00:00\",\"description\":\"La betametasona es una droga esteroide que puedes comprar en forma de crema. Este medicamento est\u00e1 disponible en l\u00ednea y se puede comprar a granel para tratar trastornos al\u00e9rgicos, afecciones de la piel y otros problemas.\",\"breadcrumb\":{\"@id\":\"https:\\\/\\\/drpillman.biz\\\/es\\\/betamethasone.htm#breadcrumb\"},\"inLanguage\":\"es\",\"potentialAction\":[{\"@type\":\"ReadAction\",\"target\":[\"https:\\\/\\\/drpillman.biz\\\/es\\\/betamethasone.htm\"]}]},{\"@type\":\"BreadcrumbList\",\"@id\":\"https:\\\/\\\/drpillman.biz\\\/es\\\/betamethasone.htm#breadcrumb\",\"itemListElement\":[{\"@type\":\"ListItem\",\"position\":1,\"name\":\"Home\",\"item\":\"https:\\\/\\\/drpillman.biz\\\/\"},{\"@type\":\"ListItem\",\"position\":2,\"name\":\"Betametasona\"}]},{\"@type\":\"WebSite\",\"@id\":\"https:\\\/\\\/drpillman.biz\\\/#website\",\"url\":\"https:\\\/\\\/drpillman.biz\\\/\",\"name\":\"Dr.Pillman\",\"description\":\"\",\"potentialAction\":[{\"@type\":\"SearchAction\",\"target\":{\"@type\":\"EntryPoint\",\"urlTemplate\":\"https:\\\/\\\/drpillman.biz\\\/?s={search_term_string}\"},\"query-input\":{\"@type\":\"PropertyValueSpecification\",\"valueRequired\":true,\"valueName\":\"search_term_string\"}}],\"inLanguage\":\"es\"}]}<\/script>\n<!-- \/ Yoast SEO plugin. -->","yoast_head_json":{"title":"La crema de betametasona es un poderoso esteroide glucocorticoide que tiene propiedades inmunomopresivas y antiinflamatorias","description":"La betametasona es una droga esteroide que puedes comprar en forma de crema. Este medicamento est\u00e1 disponible en l\u00ednea y se puede comprar a granel para tratar trastornos al\u00e9rgicos, afecciones de la piel y otros problemas.","robots":{"index":"index","follow":"follow","max-snippet":"max-snippet:-1","max-image-preview":"max-image-preview:large","max-video-preview":"max-video-preview:-1"},"canonical":"https:\/\/drpillman.biz\/es\/betamethasone.htm","og_locale":"es_ES","og_type":"article","og_title":"La crema de betametasona es un poderoso esteroide glucocorticoide que tiene propiedades inmunomopresivas y antiinflamatorias","og_description":"La betametasona es una droga esteroide que puedes comprar en forma de crema. Este medicamento est\u00e1 disponible en l\u00ednea y se puede comprar a granel para tratar trastornos al\u00e9rgicos, afecciones de la piel y otros problemas.","og_url":"https:\/\/drpillman.biz\/es\/betamethasone.htm","og_site_name":"Dr.Pillman","article_modified_time":"2024-05-17T11:57:25+00:00","twitter_card":"summary_large_image","schema":{"@context":"https:\/\/schema.org","@graph":[{"@type":"WebPage","@id":"https:\/\/drpillman.biz\/es\/betamethasone.htm","url":"https:\/\/drpillman.biz\/es\/betamethasone.htm","name":"La crema de betametasona es un poderoso esteroide glucocorticoide que tiene propiedades inmunomopresivas y antiinflamatorias","isPartOf":{"@id":"https:\/\/drpillman.biz\/#website"},"datePublished":"2013-03-11T11:05:16+00:00","dateModified":"2024-05-17T11:57:25+00:00","description":"La betametasona es una droga esteroide que puedes comprar en forma de crema. Este medicamento est\u00e1 disponible en l\u00ednea y se puede comprar a granel para tratar trastornos al\u00e9rgicos, afecciones de la piel y otros problemas.","breadcrumb":{"@id":"https:\/\/drpillman.biz\/es\/betamethasone.htm#breadcrumb"},"inLanguage":"es","potentialAction":[{"@type":"ReadAction","target":["https:\/\/drpillman.biz\/es\/betamethasone.htm"]}]},{"@type":"BreadcrumbList","@id":"https:\/\/drpillman.biz\/es\/betamethasone.htm#breadcrumb","itemListElement":[{"@type":"ListItem","position":1,"name":"Home","item":"https:\/\/drpillman.biz\/"},{"@type":"ListItem","position":2,"name":"Betametasona"}]},{"@type":"WebSite","@id":"https:\/\/drpillman.biz\/#website","url":"https:\/\/drpillman.biz\/","name":"Dr.Pillman","description":"","potentialAction":[{"@type":"SearchAction","target":{"@type":"EntryPoint","urlTemplate":"https:\/\/drpillman.biz\/?s={search_term_string}"},"query-input":{"@type":"PropertyValueSpecification","valueRequired":true,"valueName":"search_term_string"}}],"inLanguage":"es"}]}},"_links":{"self":[{"href":"https:\/\/drpillman.biz\/es\/wp-json\/wp\/v2\/pages\/52","targetHints":{"allow":["GET"]}}],"collection":[{"href":"https:\/\/drpillman.biz\/es\/wp-json\/wp\/v2\/pages"}],"about":[{"href":"https:\/\/drpillman.biz\/es\/wp-json\/wp\/v2\/types\/page"}],"author":[{"embeddable":true,"href":"https:\/\/drpillman.biz\/es\/wp-json\/wp\/v2\/users\/3"}],"replies":[{"embeddable":true,"href":"https:\/\/drpillman.biz\/es\/wp-json\/wp\/v2\/comments?post=52"}],"version-history":[{"count":0,"href":"https:\/\/drpillman.biz\/es\/wp-json\/wp\/v2\/pages\/52\/revisions"}],"wp:attachment":[{"href":"https:\/\/drpillman.biz\/es\/wp-json\/wp\/v2\/media?parent=52"}],"curies":[{"name":"wp","href":"https:\/\/api.w.org\/{rel}","templated":true}]}}