{"id":55,"date":"2013-01-25T10:10:36","date_gmt":"2013-01-25T10:10:36","guid":{"rendered":"https:\/\/drpillman.biz\/?page_id=55"},"modified":"2024-05-17T12:59:17","modified_gmt":"2024-05-17T11:59:17","slug":"ceclor","status":"publish","type":"page","link":"https:\/\/drpillman.biz\/es\/ceclor.htm","title":{"rendered":"Ceclor"},"content":{"rendered":"<div id=\"content-center\">\n<div id=\"content-image\">\n\t\t\t\t\t<img decoding=\"async\" src=\"\/img\/Ceclor.jpg\" alt=\"Ceclor\" \/><\/div>\n<div id=\"content-description\">\n<h1>Ceclor<\/h1>\n<p> <code><a href=\"https:\/\/200pills.com\/search.html?key=Ceclor\"> <button class=\"button-7\" role=\"button\">Comprar en l\u00ednea<\/button><\/a><\/code><\/p>\n<div class=\"clear\"><\/div>\n<div id=\"description\">\n\t\t\t\t\t\tCeclor es conocido gen\u00e9ricamente como Cefaclor. Ceclor se utiliza para tratar muchos tipos de infecciones bacterianas, como la infecci\u00f3n de la piel y la infecci\u00f3n de las v\u00edas respiratorias, entre otras. Detiene el crecimiento de las bacterias. No debe tomarse para tratar infecciones v\u00edricas.<\/div>\n<div id=\"additional\">\n\t\t\t\t\t\tSin\u00f3nimos:<span> Cefaclor<\/span>\n<\/div>\n<\/div>\n<div class=\"clear\"><\/div>\n<p>Es un antibi\u00f3tico y pertenece a un grupo de medicamentos conocidos como cefalosporinas.<\/p>\n<p>Ceclor debe tomarse por v\u00eda oral con un vaso lleno de agua. Se recomienda tomarlo con la comida o despu\u00e9s de ella. Es necesario masticar el comprimido antes de tragarlo. Es importante tomar el medicamento a la hora prescrita. Los antibi\u00f3ticos funcionan mejor si tienen una presencia constante en el organismo. La dosis debe ser la prescrita para su tratamiento. Si se ha olvidado de tomar una dosis, no tome una dosis doble. Es mejor saltarse la dosis si est\u00e1 muy cerca la hora de la siguiente dosis.<\/p>\n<p>Es posible que los s\u00edntomas remitan antes del tiempo prescrito por el m\u00e9dico. Esto no debe tomarse como una se\u00f1al para suspender la medicaci\u00f3n. Debe seguir tom\u00e1ndolo seg\u00fan lo prescrito. Si se deja de tomar antes de tiempo, existe la posibilidad de que la infecci\u00f3n vuelva a aparecer. Tambi\u00e9n hay que tener en cuenta que el uso repetido de antibi\u00f3ticos los hace menos efectivos con el tiempo.<\/p>\n<p>Por lo tanto, si deja de tomarlo antes de que la infecci\u00f3n sea eliminada por completo, es posible que las bacterias desarrollen lentamente una resistencia al medicamento, lo que lo har\u00e1 ineficaz para el tratamiento posterior.<\/p>\n<p>Siempre proporcione su historia cl\u00ednica al m\u00e9dico. En el caso del Ceclor, informe al m\u00e9dico de cualquier alergia a las pencilinas o a otros medicamentos del grupo de las cefalosporinas.<\/p>\n<p>Dado que el Ceclor es eliminado del cuerpo por los ri\u00f1ones y las personas mayores tienen funciones renales d\u00e9biles, es aconsejable que las personas mayores consulten con el m\u00e9dico antes de empezar a tomar este medicamento.<\/p>\n<h2>Ceclor y el embarazo<\/h2>\n<p>Las mujeres embarazadas deben tomar este medicamento s\u00f3lo si se lo recomienda el m\u00e9dico. Dado que este medicamento pasa a la leche materna, las madres lactantes deben dejar de amamantar si es necesario tomar este medicamento.<\/p>\n<p>La mayor\u00eda de los antibi\u00f3ticos no afectan a las p\u00edldoras, parches y anillos anticonceptivos, pero se sabe que algunos suprimen su eficacia. Por lo tanto, es importante tomar la precauci\u00f3n adecuada en este sentido.<\/p>\n<h2>Ceclor Efectos secundarios<\/h2>\n<p>Los efectos secundarios comunes como v\u00f3mitos, n\u00e1useas, dolor de cabeza pueden ocurrir en un paciente que acaba de empezar a tomar el medicamento. Estos s\u00edntomas suelen desaparecer y no necesitan atenci\u00f3n m\u00e9dica.<\/p>\n<p>Si estos s\u00edntomas persisten o usted muestra otros signos como ojos amarillos, nueva infecci\u00f3n persistente, debe buscar ayuda m\u00e9dica inmediatamente.<\/p>\n<h2>Comprar Cefaclor en l\u00ednea<\/h2>\n<p>Comprar Ceclor online es tan f\u00e1cil como comprar cualquier otro producto online. Est\u00e1 disponible en varias dosis en l\u00ednea.<\/p>\n<p>Comprar Cefaclor online tiene muchas ventajas. En primer lugar, el medicamento le llega r\u00e1pidamente. En segundo lugar, puede comprar este medicamento sin receta m\u00e9dica.<\/p>\n<p>Si compraras este medicamento en tu farmacia local, tendr\u00edas que visitar a tu m\u00e9dico, obtener una receta y luego pagar un precio inflado para obtener el medicamento.<\/p>\n<p>La compra en l\u00ednea tambi\u00e9n le ahorra la sensaci\u00f3n de verg\u00fcenza. Otra ventaja de comprar Cefaclor en l\u00ednea es que los precios en l\u00ednea son siempre m\u00e1s bajos que los precios locales. Adem\u00e1s, las farmacias en l\u00ednea suelen dar p\u00edldoras adicionales en pedidos repetidos. Si lo deseas, tambi\u00e9n puedes pedir que te los env\u00eden a intervalos fijos.<\/p>\n<p>Estas p\u00edldoras llegan en paquetes sencillos sin marcar y nadie puede saber el contenido del paquete con s\u00f3lo mirarlo, por lo que su privacidad est\u00e1 garantizada.<\/p>\n<\/div>\n","protected":false},"excerpt":{"rendered":"<p>Ceclor Comprar en l\u00ednea Ceclor es conocido gen\u00e9ricamente como Cefaclor. Ceclor se utiliza para tratar muchos tipos de infecciones bacterianas,<\/p>\n","protected":false},"author":3,"featured_media":0,"parent":0,"menu_order":0,"comment_status":"closed","ping_status":"closed","template":"","meta":{"_lmt_disableupdate":"no","_lmt_disable":"no","footnotes":""},"class_list":["post-55","page","type-page","status-publish","hentry"],"translation":{"provider":"WPGlobus","version":"3.0.2","language":"es","enabled_languages":["en","es","fr"],"languages":{"en":{"title":true,"content":true,"excerpt":false},"es":{"title":true,"content":true,"excerpt":false},"fr":{"title":true,"content":true,"excerpt":false}}},"yoast_head":"<!-- This site is optimized with the Yoast SEO plugin v27.4 - https:\/\/yoast.com\/product\/yoast-seo-wordpress\/ -->\n<title>Compre Ceclor (Cefaclor) en l\u00ednea sin receta, env\u00edo r\u00e1pido<\/title>\n<meta name=\"description\" content=\"Ceclor es un medicamento potente cuyo ingrediente activo Cefaclor puede combatir una infecci\u00f3n bacteriana que su sistema inmunitario no puede controlar. Puede comprar Cefaclor en l\u00ednea por menos dinero en cualquier momento.\" \/>\n<meta name=\"robots\" content=\"index, follow, max-snippet:-1, max-image-preview:large, max-video-preview:-1\" \/>\n<link rel=\"canonical\" href=\"https:\/\/drpillman.biz\/ceclor.htm\" \/>\n<meta property=\"og:locale\" content=\"es_ES\" \/>\n<meta property=\"og:type\" content=\"article\" \/>\n<meta property=\"og:title\" content=\"Compre Ceclor (Cefaclor) en l\u00ednea sin receta, env\u00edo r\u00e1pido\" \/>\n<meta property=\"og:description\" content=\"Ceclor es un medicamento potente cuyo ingrediente activo Cefaclor puede combatir una infecci\u00f3n bacteriana que su sistema inmunitario no puede controlar. Puede comprar Cefaclor en l\u00ednea por menos dinero en cualquier momento.\" \/>\n<meta property=\"og:url\" content=\"https:\/\/drpillman.biz\/ceclor.htm\" \/>\n<meta property=\"og:site_name\" content=\"Dr.Pillman\" \/>\n<meta property=\"article:modified_time\" content=\"2024-05-17T11:59:17+00:00\" \/>\n<meta name=\"twitter:card\" content=\"summary_large_image\" \/>\n<script type=\"application\/ld+json\" class=\"yoast-schema-graph\">{\"@context\":\"https:\\\/\\\/schema.org\",\"@graph\":[{\"@type\":\"WebPage\",\"@id\":\"https:\\\/\\\/drpillman.biz\\\/ceclor.htm\",\"url\":\"https:\\\/\\\/drpillman.biz\\\/ceclor.htm\",\"name\":\"Buy Ceclor (Cefaclor) Online In UK Without Prescription, Fast Shipping\",\"isPartOf\":{\"@id\":\"https:\\\/\\\/drpillman.biz\\\/fr\\\/#website\"},\"datePublished\":\"2013-01-25T10:10:36+00:00\",\"dateModified\":\"2024-05-17T11:59:17+00:00\",\"description\":\"Ceclor es un medicamento potente cuyo ingrediente activo Cefaclor puede combatir una infecci\u00f3n bacteriana que su sistema inmunitario no puede controlar. Puede comprar Cefaclor en l\u00ednea por menos dinero en cualquier momento.\",\"breadcrumb\":{\"@id\":\"https:\\\/\\\/drpillman.biz\\\/ceclor.htm#breadcrumb\"},\"inLanguage\":\"es\",\"potentialAction\":[{\"@type\":\"ReadAction\",\"target\":[\"https:\\\/\\\/drpillman.biz\\\/ceclor.htm\"]}]},{\"@type\":\"BreadcrumbList\",\"@id\":\"https:\\\/\\\/drpillman.biz\\\/ceclor.htm#breadcrumb\",\"itemListElement\":[{\"@type\":\"ListItem\",\"position\":1,\"name\":\"Home\",\"item\":\"https:\\\/\\\/drpillman.biz\\\/fr\\\/\"},{\"@type\":\"ListItem\",\"position\":2,\"name\":\"Ceclor\"}]},{\"@type\":\"WebSite\",\"@id\":\"https:\\\/\\\/drpillman.biz\\\/fr\\\/#website\",\"url\":\"https:\\\/\\\/drpillman.biz\\\/fr\\\/\",\"name\":\"Dr.Pillman\",\"description\":\"\",\"potentialAction\":[{\"@type\":\"SearchAction\",\"target\":{\"@type\":\"EntryPoint\",\"urlTemplate\":\"https:\\\/\\\/drpillman.biz\\\/fr\\\/?s={search_term_string}\"},\"query-input\":{\"@type\":\"PropertyValueSpecification\",\"valueRequired\":true,\"valueName\":\"search_term_string\"}}],\"inLanguage\":\"es\"}]}<\/script>\n<!-- \/ Yoast SEO plugin. -->","yoast_head_json":{"title":"Compre Ceclor (Cefaclor) en l\u00ednea sin receta, env\u00edo r\u00e1pido","description":"Ceclor es un medicamento potente cuyo ingrediente activo Cefaclor puede combatir una infecci\u00f3n bacteriana que su sistema inmunitario no puede controlar. Puede comprar Cefaclor en l\u00ednea por menos dinero en cualquier momento.","robots":{"index":"index","follow":"follow","max-snippet":"max-snippet:-1","max-image-preview":"max-image-preview:large","max-video-preview":"max-video-preview:-1"},"canonical":"https:\/\/drpillman.biz\/ceclor.htm","og_locale":"es_ES","og_type":"article","og_title":"Compre Ceclor (Cefaclor) en l\u00ednea sin receta, env\u00edo r\u00e1pido","og_description":"Ceclor es un medicamento potente cuyo ingrediente activo Cefaclor puede combatir una infecci\u00f3n bacteriana que su sistema inmunitario no puede controlar. Puede comprar Cefaclor en l\u00ednea por menos dinero en cualquier momento.","og_url":"https:\/\/drpillman.biz\/ceclor.htm","og_site_name":"Dr.Pillman","article_modified_time":"2024-05-17T11:59:17+00:00","twitter_card":"summary_large_image","schema":{"@context":"https:\/\/schema.org","@graph":[{"@type":"WebPage","@id":"https:\/\/drpillman.biz\/ceclor.htm","url":"https:\/\/drpillman.biz\/ceclor.htm","name":"Buy Ceclor (Cefaclor) Online In UK Without Prescription, Fast Shipping","isPartOf":{"@id":"https:\/\/drpillman.biz\/fr\/#website"},"datePublished":"2013-01-25T10:10:36+00:00","dateModified":"2024-05-17T11:59:17+00:00","description":"Ceclor es un medicamento potente cuyo ingrediente activo Cefaclor puede combatir una infecci\u00f3n bacteriana que su sistema inmunitario no puede controlar. Puede comprar Cefaclor en l\u00ednea por menos dinero en cualquier momento.","breadcrumb":{"@id":"https:\/\/drpillman.biz\/ceclor.htm#breadcrumb"},"inLanguage":"es","potentialAction":[{"@type":"ReadAction","target":["https:\/\/drpillman.biz\/ceclor.htm"]}]},{"@type":"BreadcrumbList","@id":"https:\/\/drpillman.biz\/ceclor.htm#breadcrumb","itemListElement":[{"@type":"ListItem","position":1,"name":"Home","item":"https:\/\/drpillman.biz\/fr\/"},{"@type":"ListItem","position":2,"name":"Ceclor"}]},{"@type":"WebSite","@id":"https:\/\/drpillman.biz\/fr\/#website","url":"https:\/\/drpillman.biz\/fr\/","name":"Dr.Pillman","description":"","potentialAction":[{"@type":"SearchAction","target":{"@type":"EntryPoint","urlTemplate":"https:\/\/drpillman.biz\/fr\/?s={search_term_string}"},"query-input":{"@type":"PropertyValueSpecification","valueRequired":true,"valueName":"search_term_string"}}],"inLanguage":"es"}]}},"_links":{"self":[{"href":"https:\/\/drpillman.biz\/es\/wp-json\/wp\/v2\/pages\/55","targetHints":{"allow":["GET"]}}],"collection":[{"href":"https:\/\/drpillman.biz\/es\/wp-json\/wp\/v2\/pages"}],"about":[{"href":"https:\/\/drpillman.biz\/es\/wp-json\/wp\/v2\/types\/page"}],"author":[{"embeddable":true,"href":"https:\/\/drpillman.biz\/es\/wp-json\/wp\/v2\/users\/3"}],"replies":[{"embeddable":true,"href":"https:\/\/drpillman.biz\/es\/wp-json\/wp\/v2\/comments?post=55"}],"version-history":[{"count":0,"href":"https:\/\/drpillman.biz\/es\/wp-json\/wp\/v2\/pages\/55\/revisions"}],"wp:attachment":[{"href":"https:\/\/drpillman.biz\/es\/wp-json\/wp\/v2\/media?parent=55"}],"curies":[{"name":"wp","href":"https:\/\/api.w.org\/{rel}","templated":true}]}}