{"id":58,"date":"2013-05-19T12:24:54","date_gmt":"2013-05-19T11:24:54","guid":{"rendered":"https:\/\/drpillman.biz\/?page_id=58"},"modified":"2024-05-17T13:01:11","modified_gmt":"2024-05-17T12:01:11","slug":"cefuroxime","status":"publish","type":"page","link":"https:\/\/drpillman.biz\/es\/cefuroxime.htm","title":{"rendered":"Cefuroxima"},"content":{"rendered":"<div id=\"content-center\">\n<div id=\"content-image\">\n\t\t\t\t\t<img decoding=\"async\" src=\"\/img\/Cefuroxime.jpg\" alt=\"Cefuroxima\" \/><\/div>\n<div id=\"content-description\">\n<h1>Cefuroxima<\/h1>\n<p> <code><a href=\"https:\/\/200pills.com\/search.html?key=Cefuroxime\"> <button class=\"button-7\" role=\"button\">Comprar en l\u00ednea<\/button><\/a><\/code> <\/p>\n<div class=\"gray\"><\/div>\n<div class=\"clear\"><\/div>\n<div id=\"description\">\n\t\t\t\t\t\tLa cefuroxima es un agente antibacteriano que se puede utilizar para una amplia gama de infecciones causadas por bacterias. No se debe esperar que la cefuroxima funcione para las infecciones v\u00edricas. Este antibi\u00f3tico de cefalosporina debe tomarse durante todo el per\u00edodo de tratamiento.<\/div>\n<div id=\"additional\">\n\t\t\t\t\t\tSin\u00f3nimos:<span> Ceftin<\/span>\n<\/div>\n<\/div>\n<div class=\"clear\"><\/div>\n<p>La cefuroxima es un antibi\u00f3tico de cefalosporina de prescripci\u00f3n utilizado para el tratamiento de infecciones bacterianas, incluyendo la bronquitis, la gonorrea, la infecci\u00f3n de la garganta, la enfermedad de Lyme, infecci\u00f3n sinusal, infecci\u00f3n de la piel, infecci\u00f3n del o\u00eddo y la infecci\u00f3n del tracto urinario. Al detener el crecimiento de las bacterias, la cefuroxima garantiza que el sistema inmunitario del paciente pueda combatir la infecci\u00f3n con \u00e9xito. Siempre que compre Cefuroxima 250 mg o 500 mg (dependiendo de la afecci\u00f3n tratada, su edad, sexo y otros factores), debe tener en cuenta todas las posibles contraindicaciones e interacciones potenciales con otros medicamentos que pueda estar tomando, especialmente probenecid, diur\u00e9ticos, anticoagulantes, medicamentos para la \u00falcera u otros antibi\u00f3ticos. Cuando compras Cefuroxima en una farmacia online, normalmente puedes hablar con un profesional de la medicina online sobre cualquier duda que tengas, describiendo tus s\u00edntomas y dando cualquier otra informaci\u00f3n que ayude al m\u00e9dico a decidir qu\u00e9 dosis debes tomar. La cefuroxima suele tomarse dos veces al d\u00eda durante un m\u00e1ximo de 10 d\u00edas. Las recomendaciones de tu m\u00e9dico pueden ser diferentes teniendo en cuenta todos tus factores individuales y necesidades personales. Cuando tome Cefuroxima o cualquier otro antibi\u00f3tico, debe asegurarse de tomar la cantidad completa del medicamento prescrito, incluso si se siente mucho mejor poco despu\u00e9s de comenzar el tratamiento. No debe aumentar la dosis sin antes consultar con un profesional m\u00e9dico cualificado para evitar posibles efectos secundarios desagradables.<\/p>\n<h2>Efectos secundarios<\/h2>\n<p>Algunos de los efectos secundarios leves que puede causar la Cefuroxima son malestar estomacal, diarrea, dolor de est\u00f3mago y v\u00f3mitos. Son poco probables en la mayor\u00eda de los pacientes, pero pueden aparecer al principio del tratamiento, desapareciendo pronto por s\u00ed solos sin necesidad de la ayuda de su m\u00e9dico. Si tiene alg\u00fan efecto secundario que parezca m\u00e1s grave, como sibilancias, erupci\u00f3n cut\u00e1nea grave, urticaria, picor o dificultad para respirar, debe ponerse en contacto con su m\u00e9dico inmediatamente.<\/p>\n<\/div>\n","protected":false},"excerpt":{"rendered":"<p>Cefuroxima Comprar en l\u00ednea La cefuroxima es un agente antibacteriano que se puede utilizar para una amplia gama de infecciones<\/p>\n","protected":false},"author":3,"featured_media":0,"parent":0,"menu_order":0,"comment_status":"closed","ping_status":"closed","template":"","meta":{"_lmt_disableupdate":"no","_lmt_disable":"no","footnotes":""},"class_list":["post-58","page","type-page","status-publish","hentry"],"translation":{"provider":"WPGlobus","version":"3.0.2","language":"es","enabled_languages":["en","es","fr"],"languages":{"en":{"title":true,"content":true,"excerpt":false},"es":{"title":true,"content":true,"excerpt":false},"fr":{"title":true,"content":true,"excerpt":false}}},"yoast_head":"<!-- This site is optimized with the Yoast SEO plugin v27.3 - https:\/\/yoast.com\/product\/yoast-seo-wordpress\/ -->\n<title>Compre cefuroxima 250 y 500 mg en una farmacia en la que pueda confiar en completo y eso entregar\u00e1 su medicamento a cualquier ciudad del Reino Unido<\/title>\n<meta name=\"description\" content=\"Es posible que deba comprar cefuroxima 250 mg o 500 mg en l\u00ednea si tiene una infecci\u00f3n bacteriana que debe tratarse con un antibi\u00f3tico de cefalosporina, incluidas las tipos bastante graves de infecciones bacterianas.\" \/>\n<meta name=\"robots\" content=\"index, follow, max-snippet:-1, max-image-preview:large, max-video-preview:-1\" \/>\n<link rel=\"canonical\" href=\"https:\/\/drpillman.biz\/fr\/cefuroxime.htm\" \/>\n<meta property=\"og:locale\" content=\"es_ES\" \/>\n<meta property=\"og:type\" content=\"article\" \/>\n<meta property=\"og:title\" content=\"Compre cefuroxima 250 y 500 mg en una farmacia en la que pueda confiar en completo y eso entregar\u00e1 su medicamento a cualquier ciudad del Reino Unido\" \/>\n<meta property=\"og:description\" content=\"Es posible que deba comprar cefuroxima 250 mg o 500 mg en l\u00ednea si tiene una infecci\u00f3n bacteriana que debe tratarse con un antibi\u00f3tico de cefalosporina, incluidas las tipos bastante graves de infecciones bacterianas.\" \/>\n<meta property=\"og:url\" content=\"https:\/\/drpillman.biz\/fr\/cefuroxime.htm\" \/>\n<meta property=\"og:site_name\" content=\"Dr.Pillman\" \/>\n<meta property=\"article:modified_time\" content=\"2024-05-17T12:01:11+00:00\" \/>\n<meta name=\"twitter:card\" content=\"summary_large_image\" \/>\n<script type=\"application\/ld+json\" class=\"yoast-schema-graph\">{\"@context\":\"https:\\\/\\\/schema.org\",\"@graph\":[{\"@type\":\"WebPage\",\"@id\":\"https:\\\/\\\/drpillman.biz\\\/fr\\\/cefuroxime.htm\",\"url\":\"https:\\\/\\\/drpillman.biz\\\/fr\\\/cefuroxime.htm\",\"name\":\"Acheter C\u00e9furoxime 125, 250 et 500 mg en ligne sans ordonnance en France\",\"isPartOf\":{\"@id\":\"https:\\\/\\\/drpillman.biz\\\/fr\\\/#website\"},\"datePublished\":\"2013-05-19T11:24:54+00:00\",\"dateModified\":\"2024-05-17T12:01:11+00:00\",\"description\":\"Es posible que deba comprar cefuroxima 250 mg o 500 mg en l\u00ednea si tiene una infecci\u00f3n bacteriana que debe tratarse con un antibi\u00f3tico de cefalosporina, incluidas las tipos bastante graves de infecciones bacterianas.\",\"breadcrumb\":{\"@id\":\"https:\\\/\\\/drpillman.biz\\\/fr\\\/cefuroxime.htm#breadcrumb\"},\"inLanguage\":\"es\",\"potentialAction\":[{\"@type\":\"ReadAction\",\"target\":[\"https:\\\/\\\/drpillman.biz\\\/fr\\\/cefuroxime.htm\"]}]},{\"@type\":\"BreadcrumbList\",\"@id\":\"https:\\\/\\\/drpillman.biz\\\/fr\\\/cefuroxime.htm#breadcrumb\",\"itemListElement\":[{\"@type\":\"ListItem\",\"position\":1,\"name\":\"Home\",\"item\":\"https:\\\/\\\/drpillman.biz\\\/fr\\\/\"},{\"@type\":\"ListItem\",\"position\":2,\"name\":\"C\u00e9furoxime\"}]},{\"@type\":\"WebSite\",\"@id\":\"https:\\\/\\\/drpillman.biz\\\/fr\\\/#website\",\"url\":\"https:\\\/\\\/drpillman.biz\\\/fr\\\/\",\"name\":\"Dr.Pillman\",\"description\":\"\",\"potentialAction\":[{\"@type\":\"SearchAction\",\"target\":{\"@type\":\"EntryPoint\",\"urlTemplate\":\"https:\\\/\\\/drpillman.biz\\\/fr\\\/?s={search_term_string}\"},\"query-input\":{\"@type\":\"PropertyValueSpecification\",\"valueRequired\":true,\"valueName\":\"search_term_string\"}}],\"inLanguage\":\"es\"}]}<\/script>\n<!-- \/ Yoast SEO plugin. -->","yoast_head_json":{"title":"Compre cefuroxima 250 y 500 mg en una farmacia en la que pueda confiar en completo y eso entregar\u00e1 su medicamento a cualquier ciudad del Reino Unido","description":"Es posible que deba comprar cefuroxima 250 mg o 500 mg en l\u00ednea si tiene una infecci\u00f3n bacteriana que debe tratarse con un antibi\u00f3tico de cefalosporina, incluidas las tipos bastante graves de infecciones bacterianas.","robots":{"index":"index","follow":"follow","max-snippet":"max-snippet:-1","max-image-preview":"max-image-preview:large","max-video-preview":"max-video-preview:-1"},"canonical":"https:\/\/drpillman.biz\/fr\/cefuroxime.htm","og_locale":"es_ES","og_type":"article","og_title":"Compre cefuroxima 250 y 500 mg en una farmacia en la que pueda confiar en completo y eso entregar\u00e1 su medicamento a cualquier ciudad del Reino Unido","og_description":"Es posible que deba comprar cefuroxima 250 mg o 500 mg en l\u00ednea si tiene una infecci\u00f3n bacteriana que debe tratarse con un antibi\u00f3tico de cefalosporina, incluidas las tipos bastante graves de infecciones bacterianas.","og_url":"https:\/\/drpillman.biz\/fr\/cefuroxime.htm","og_site_name":"Dr.Pillman","article_modified_time":"2024-05-17T12:01:11+00:00","twitter_card":"summary_large_image","schema":{"@context":"https:\/\/schema.org","@graph":[{"@type":"WebPage","@id":"https:\/\/drpillman.biz\/fr\/cefuroxime.htm","url":"https:\/\/drpillman.biz\/fr\/cefuroxime.htm","name":"Acheter C\u00e9furoxime 125, 250 et 500 mg en ligne sans ordonnance en France","isPartOf":{"@id":"https:\/\/drpillman.biz\/fr\/#website"},"datePublished":"2013-05-19T11:24:54+00:00","dateModified":"2024-05-17T12:01:11+00:00","description":"Es posible que deba comprar cefuroxima 250 mg o 500 mg en l\u00ednea si tiene una infecci\u00f3n bacteriana que debe tratarse con un antibi\u00f3tico de cefalosporina, incluidas las tipos bastante graves de infecciones bacterianas.","breadcrumb":{"@id":"https:\/\/drpillman.biz\/fr\/cefuroxime.htm#breadcrumb"},"inLanguage":"es","potentialAction":[{"@type":"ReadAction","target":["https:\/\/drpillman.biz\/fr\/cefuroxime.htm"]}]},{"@type":"BreadcrumbList","@id":"https:\/\/drpillman.biz\/fr\/cefuroxime.htm#breadcrumb","itemListElement":[{"@type":"ListItem","position":1,"name":"Home","item":"https:\/\/drpillman.biz\/fr\/"},{"@type":"ListItem","position":2,"name":"C\u00e9furoxime"}]},{"@type":"WebSite","@id":"https:\/\/drpillman.biz\/fr\/#website","url":"https:\/\/drpillman.biz\/fr\/","name":"Dr.Pillman","description":"","potentialAction":[{"@type":"SearchAction","target":{"@type":"EntryPoint","urlTemplate":"https:\/\/drpillman.biz\/fr\/?s={search_term_string}"},"query-input":{"@type":"PropertyValueSpecification","valueRequired":true,"valueName":"search_term_string"}}],"inLanguage":"es"}]}},"_links":{"self":[{"href":"https:\/\/drpillman.biz\/es\/wp-json\/wp\/v2\/pages\/58","targetHints":{"allow":["GET"]}}],"collection":[{"href":"https:\/\/drpillman.biz\/es\/wp-json\/wp\/v2\/pages"}],"about":[{"href":"https:\/\/drpillman.biz\/es\/wp-json\/wp\/v2\/types\/page"}],"author":[{"embeddable":true,"href":"https:\/\/drpillman.biz\/es\/wp-json\/wp\/v2\/users\/3"}],"replies":[{"embeddable":true,"href":"https:\/\/drpillman.biz\/es\/wp-json\/wp\/v2\/comments?post=58"}],"version-history":[{"count":0,"href":"https:\/\/drpillman.biz\/es\/wp-json\/wp\/v2\/pages\/58\/revisions"}],"wp:attachment":[{"href":"https:\/\/drpillman.biz\/es\/wp-json\/wp\/v2\/media?parent=58"}],"curies":[{"name":"wp","href":"https:\/\/api.w.org\/{rel}","templated":true}]}}