{"id":61,"date":"2013-08-20T07:28:13","date_gmt":"2013-08-20T06:28:13","guid":{"rendered":"https:\/\/drpillman.biz\/?page_id=61"},"modified":"2024-05-17T13:02:56","modified_gmt":"2024-05-17T12:02:56","slug":"celebrex","status":"publish","type":"page","link":"https:\/\/drpillman.biz\/es\/celebrex.htm","title":{"rendered":"Celebrex"},"content":{"rendered":"<div id=\"content-center\">\n<div id=\"content-image\">\n\t\t\t\t\t<img decoding=\"async\" src=\"\/img\/Celebrex.jpg\" alt=\"Celebrex\" \/><\/div>\n<div id=\"content-description\">\n<h1>Celebrex<\/h1>\n<p> <code><a href=\"https:\/\/200pills.com\/search.html?key=Celebrex\"> <button class=\"button-7\" role=\"button\">Comprar en l\u00ednea<\/button><\/a><\/code><\/p>\n<div class=\"clear\"><\/div>\n<div id=\"description\">\n\t\t\t\t\t\tEl Celebrex es un medicamento muy potente para el tratamiento de diferentes tipos de artritis y para el manejo del dolor cr\u00f3nico en pacientes adultos. Celebrex est\u00e1 aprobado por la Administraci\u00f3n de Alimentos y Medicamentos de los Estados Unidos para los s\u00edntomas de la artrosis y la artritis reumatoide, as\u00ed como para reducir el dolor y la inflamaci\u00f3n causados por estas dos enfermedades. El Celebrex forma parte de la clase de los AINE, requiere prescripci\u00f3n m\u00e9dica y lleva m\u00e1s de 10 a\u00f1os en el mercado.<\/div>\n<div id=\"additional\">\n\t\t\t\t\t\tSin\u00f3nimos:<span> Celecoxib<\/span>\n<\/div>\n<\/div>\n<div class=\"clear\"><\/div>\n<h2>El mecanismo de acci\u00f3n<\/h2>\n<p>El Celebrex funciona bloqueando la enzima COX-2, que es la responsable del dolor y la inflamaci\u00f3n que se produce debido a una lesi\u00f3n o a la artritis &#8211; generalmente, las articulaciones son las zonas m\u00e1s atacadas. Al inhibir la secreci\u00f3n de la enzima COX-2, Celebrex alivia el dolor de forma r\u00e1pida y segura, y tambi\u00e9n disminuye la hinchaz\u00f3n y la inflamaci\u00f3n.<br \/>\nUn comprimido de 200 mg de Celebrex puede aliviar el dolor y la inflamaci\u00f3n causados por la artritis durante 24 horas. La p\u00edldora tambi\u00e9n est\u00e1 dise\u00f1ada para mejorar la flexibilidad y aliviar la rigidez.<\/p>\n<h2>Precauciones y reacciones adversas<\/h2>\n<p>Si se utiliza durante mucho tiempo, el Celebrex puede aumentar el riesgo de sufrir un ataque al coraz\u00f3n, especialmente si el paciente ya padece hipertensi\u00f3n o una enfermedad card\u00edaca. Se desaconseja a los pacientes que tomen el medicamento antes o despu\u00e9s de una operaci\u00f3n de coraz\u00f3n, y aquellos que sufran o hayan sufrido en el pasado problemas de h\u00edgado o ri\u00f1\u00f3n, trastornos hemorr\u00e1gicos del est\u00f3mago o \u00falceras estomacales, as\u00ed como hipertensi\u00f3n, deben consultar con el m\u00e9dico, que decidir\u00e1 si Celebrex es la mejor opci\u00f3n para ellos. Adem\u00e1s, este medicamento est\u00e1 contraindicado para las mujeres embarazadas.<\/p>\n<p>Las personas que hayan sufrido ataques de asma, urticaria o reacciones al\u00e9rgicas a otros tipos de AINE deben evitar tomar Celebrex, ya que pueden desarrollar una reacci\u00f3n al\u00e9rgica a uno de los compuestos de este f\u00e1rmaco tambi\u00e9n. Puede llegar a desencadenar un shock anafil\u00e1ctico que puede ser letal: si se nota una hinchaz\u00f3n de la garganta o de la cara en pareja con dificultad para respirar, hay que buscar atenci\u00f3n m\u00e9dica urgente.<\/p>\n<h2>Interacciones con el medicamento<\/h2>\n<p>Si est\u00e1 en tratamiento con otros AINEs o cualquier otro tipo de medicaci\u00f3n (incluyendo medicamentos con y sin receta y suplementos herbales), debe informar a su m\u00e9dico antes de tomar Celebrex. Adem\u00e1s, informe a su m\u00e9dico si toma corticosteroides, furosemida, fluconazol, litio, aspirina u otros AINE como Celebrex.<\/p>\n<h2>Pedir Celebrex 200 Mg en l\u00ednea<\/h2>\n<p>Aunque las farmacias t\u00edpicas y las tiendas de medicamentos requieren una receta m\u00e9dica para vender Celebrex, puede pedir el medicamento gen\u00e9rico y el medicamento de marca de las farmacias en l\u00ednea sin preocuparse por la falta de receta. Celebrex est\u00e1 disponible en una dosis de 200 mg, y se puede pedir r\u00e1pidamente y sin esfuerzo.<\/p>\n<p>Adem\u00e1s del precio asequible de Celebrex en l\u00ednea, otro beneficio de comprar medicamentos en Internet es que usted no tiene que preocuparse por la disponibilidad de la droga &#8211; las farmacias en l\u00ednea tambi\u00e9n tienen suministros en la tienda, y le permiten pedir el medicamento deseado desde la comodidad y la privacidad de su casa. Adem\u00e1s, puede pagar con la tarjeta o utilizando otros m\u00e9todos de pago, incluidos los monederos en l\u00ednea y las transferencias bancarias.<\/p>\n<\/div>\n","protected":false},"excerpt":{"rendered":"<p>Celebrex Comprar en l\u00ednea El Celebrex es un medicamento muy potente para el tratamiento de diferentes tipos de artritis y<\/p>\n","protected":false},"author":3,"featured_media":0,"parent":0,"menu_order":0,"comment_status":"closed","ping_status":"closed","template":"","meta":{"_lmt_disableupdate":"no","_lmt_disable":"no","footnotes":""},"class_list":["post-61","page","type-page","status-publish","hentry"],"translation":{"provider":"WPGlobus","version":"3.0.2","language":"es","enabled_languages":["en","es","fr"],"languages":{"en":{"title":true,"content":true,"excerpt":false},"es":{"title":true,"content":true,"excerpt":false},"fr":{"title":true,"content":true,"excerpt":false}}},"yoast_head":"<!-- This site is optimized with the Yoast SEO plugin v27.4 - https:\/\/yoast.com\/product\/yoast-seo-wordpress\/ -->\n<title>Compre Celebrex 200 mg gen\u00e9rico: tratamiento eficiente de artritis en l\u00ednea<\/title>\n<meta name=\"description\" content=\"Compre Celebrex 200 mg de alta calidad en l\u00ednea para reducir la sensaci\u00f3n de dolor y lidiar con la inflamaci\u00f3n. Celebrex gen\u00e9rico alivia el dolor y la inflamaci\u00f3n con la misma eficiencia al tiempo que cuesta menos.\" \/>\n<meta name=\"robots\" content=\"index, follow, max-snippet:-1, max-image-preview:large, max-video-preview:-1\" \/>\n<link rel=\"canonical\" href=\"https:\/\/drpillman.biz\/celebrex.htm\" \/>\n<meta property=\"og:locale\" content=\"es_ES\" \/>\n<meta property=\"og:type\" content=\"article\" \/>\n<meta property=\"og:title\" content=\"Compre Celebrex 200 mg gen\u00e9rico: tratamiento eficiente de artritis en l\u00ednea\" \/>\n<meta property=\"og:description\" content=\"Compre Celebrex 200 mg de alta calidad en l\u00ednea para reducir la sensaci\u00f3n de dolor y lidiar con la inflamaci\u00f3n. Celebrex gen\u00e9rico alivia el dolor y la inflamaci\u00f3n con la misma eficiencia al tiempo que cuesta menos.\" \/>\n<meta property=\"og:url\" content=\"https:\/\/drpillman.biz\/celebrex.htm\" \/>\n<meta property=\"og:site_name\" content=\"Dr.Pillman\" \/>\n<meta property=\"article:modified_time\" content=\"2024-05-17T12:02:56+00:00\" \/>\n<meta name=\"twitter:card\" content=\"summary_large_image\" \/>\n<script type=\"application\/ld+json\" class=\"yoast-schema-graph\">{\"@context\":\"https:\\\/\\\/schema.org\",\"@graph\":[{\"@type\":\"WebPage\",\"@id\":\"https:\\\/\\\/drpillman.biz\\\/celebrex.htm\",\"url\":\"https:\\\/\\\/drpillman.biz\\\/celebrex.htm\",\"name\":\"Buy Generic Celebrex 200 Mg - Efficient Arthritis Treatment Online\",\"isPartOf\":{\"@id\":\"https:\\\/\\\/drpillman.biz\\\/fr\\\/#website\"},\"datePublished\":\"2013-08-20T06:28:13+00:00\",\"dateModified\":\"2024-05-17T12:02:56+00:00\",\"description\":\"Compre Celebrex 200 mg de alta calidad en l\u00ednea para reducir la sensaci\u00f3n de dolor y lidiar con la inflamaci\u00f3n. Celebrex gen\u00e9rico alivia el dolor y la inflamaci\u00f3n con la misma eficiencia al tiempo que cuesta menos.\",\"breadcrumb\":{\"@id\":\"https:\\\/\\\/drpillman.biz\\\/celebrex.htm#breadcrumb\"},\"inLanguage\":\"es\",\"potentialAction\":[{\"@type\":\"ReadAction\",\"target\":[\"https:\\\/\\\/drpillman.biz\\\/celebrex.htm\"]}]},{\"@type\":\"BreadcrumbList\",\"@id\":\"https:\\\/\\\/drpillman.biz\\\/celebrex.htm#breadcrumb\",\"itemListElement\":[{\"@type\":\"ListItem\",\"position\":1,\"name\":\"Home\",\"item\":\"https:\\\/\\\/drpillman.biz\\\/\"},{\"@type\":\"ListItem\",\"position\":2,\"name\":\"Celebrex\"}]},{\"@type\":\"WebSite\",\"@id\":\"https:\\\/\\\/drpillman.biz\\\/fr\\\/#website\",\"url\":\"https:\\\/\\\/drpillman.biz\\\/fr\\\/\",\"name\":\"Dr.Pillman\",\"description\":\"\",\"potentialAction\":[{\"@type\":\"SearchAction\",\"target\":{\"@type\":\"EntryPoint\",\"urlTemplate\":\"https:\\\/\\\/drpillman.biz\\\/fr\\\/?s={search_term_string}\"},\"query-input\":{\"@type\":\"PropertyValueSpecification\",\"valueRequired\":true,\"valueName\":\"search_term_string\"}}],\"inLanguage\":\"es\"}]}<\/script>\n<!-- \/ Yoast SEO plugin. -->","yoast_head_json":{"title":"Compre Celebrex 200 mg gen\u00e9rico: tratamiento eficiente de artritis en l\u00ednea","description":"Compre Celebrex 200 mg de alta calidad en l\u00ednea para reducir la sensaci\u00f3n de dolor y lidiar con la inflamaci\u00f3n. Celebrex gen\u00e9rico alivia el dolor y la inflamaci\u00f3n con la misma eficiencia al tiempo que cuesta menos.","robots":{"index":"index","follow":"follow","max-snippet":"max-snippet:-1","max-image-preview":"max-image-preview:large","max-video-preview":"max-video-preview:-1"},"canonical":"https:\/\/drpillman.biz\/celebrex.htm","og_locale":"es_ES","og_type":"article","og_title":"Compre Celebrex 200 mg gen\u00e9rico: tratamiento eficiente de artritis en l\u00ednea","og_description":"Compre Celebrex 200 mg de alta calidad en l\u00ednea para reducir la sensaci\u00f3n de dolor y lidiar con la inflamaci\u00f3n. Celebrex gen\u00e9rico alivia el dolor y la inflamaci\u00f3n con la misma eficiencia al tiempo que cuesta menos.","og_url":"https:\/\/drpillman.biz\/celebrex.htm","og_site_name":"Dr.Pillman","article_modified_time":"2024-05-17T12:02:56+00:00","twitter_card":"summary_large_image","schema":{"@context":"https:\/\/schema.org","@graph":[{"@type":"WebPage","@id":"https:\/\/drpillman.biz\/celebrex.htm","url":"https:\/\/drpillman.biz\/celebrex.htm","name":"Buy Generic Celebrex 200 Mg - Efficient Arthritis Treatment Online","isPartOf":{"@id":"https:\/\/drpillman.biz\/fr\/#website"},"datePublished":"2013-08-20T06:28:13+00:00","dateModified":"2024-05-17T12:02:56+00:00","description":"Compre Celebrex 200 mg de alta calidad en l\u00ednea para reducir la sensaci\u00f3n de dolor y lidiar con la inflamaci\u00f3n. Celebrex gen\u00e9rico alivia el dolor y la inflamaci\u00f3n con la misma eficiencia al tiempo que cuesta menos.","breadcrumb":{"@id":"https:\/\/drpillman.biz\/celebrex.htm#breadcrumb"},"inLanguage":"es","potentialAction":[{"@type":"ReadAction","target":["https:\/\/drpillman.biz\/celebrex.htm"]}]},{"@type":"BreadcrumbList","@id":"https:\/\/drpillman.biz\/celebrex.htm#breadcrumb","itemListElement":[{"@type":"ListItem","position":1,"name":"Home","item":"https:\/\/drpillman.biz\/"},{"@type":"ListItem","position":2,"name":"Celebrex"}]},{"@type":"WebSite","@id":"https:\/\/drpillman.biz\/fr\/#website","url":"https:\/\/drpillman.biz\/fr\/","name":"Dr.Pillman","description":"","potentialAction":[{"@type":"SearchAction","target":{"@type":"EntryPoint","urlTemplate":"https:\/\/drpillman.biz\/fr\/?s={search_term_string}"},"query-input":{"@type":"PropertyValueSpecification","valueRequired":true,"valueName":"search_term_string"}}],"inLanguage":"es"}]}},"_links":{"self":[{"href":"https:\/\/drpillman.biz\/es\/wp-json\/wp\/v2\/pages\/61","targetHints":{"allow":["GET"]}}],"collection":[{"href":"https:\/\/drpillman.biz\/es\/wp-json\/wp\/v2\/pages"}],"about":[{"href":"https:\/\/drpillman.biz\/es\/wp-json\/wp\/v2\/types\/page"}],"author":[{"embeddable":true,"href":"https:\/\/drpillman.biz\/es\/wp-json\/wp\/v2\/users\/3"}],"replies":[{"embeddable":true,"href":"https:\/\/drpillman.biz\/es\/wp-json\/wp\/v2\/comments?post=61"}],"version-history":[{"count":0,"href":"https:\/\/drpillman.biz\/es\/wp-json\/wp\/v2\/pages\/61\/revisions"}],"wp:attachment":[{"href":"https:\/\/drpillman.biz\/es\/wp-json\/wp\/v2\/media?parent=61"}],"curies":[{"name":"wp","href":"https:\/\/api.w.org\/{rel}","templated":true}]}}