{"id":67,"date":"2013-01-17T02:15:50","date_gmt":"2013-01-17T02:15:50","guid":{"rendered":"https:\/\/drpillman.biz\/?page_id=67"},"modified":"2024-05-17T13:33:54","modified_gmt":"2024-05-17T12:33:54","slug":"cialis","status":"publish","type":"page","link":"https:\/\/drpillman.biz\/es\/cialis.htm","title":{"rendered":"Cialis"},"content":{"rendered":"<div id=\"content-center\">\n<div id=\"content-image\">\n<img decoding=\"async\" src=\"\/img\/Cialis.jpg\" alt=\"Cialis\" \/><\/div>\n<div id=\"content-description\">\n<h1>Cialis<\/h1>\n<p><code><a href=\"https:\/\/200pills.com\/search.html?key=Cialis\"> <button class=\"button-7\" role=\"button\">Comprar en l\u00ednea<\/button><\/a><\/code><\/p>\n<div class=\"clear\"><\/div>\n<div id=\"description\">Cialis es un potente inhibidor de la PDE5 prescrito a pacientes masculinos con disfunci\u00f3n er\u00e9ctil. Este medicamento no proporciona erecciones instant\u00e1neas ni cura la disfunci\u00f3n er\u00e9ctil, sino que ayuda al paciente a conseguir una mejora temporal y a completar las relaciones sexuales sin perder la erecci\u00f3n.<\/div>\n<div id=\"additional\">Sin\u00f3nimos:<span> Tadalafil<\/span>\n<\/div>\n<\/div>\n<div class=\"clear\"><\/div>\n<p>Cialis es un inhibidor de la PDE5 muy eficaz y de larga duraci\u00f3n que se utiliza para los pacientes diagnosticados con disfunci\u00f3n er\u00e9ctil. La disfunci\u00f3n er\u00e9ctil es el tipo de diagn\u00f3stico que significa que el paciente es incapaz de mantener una erecci\u00f3n durante un per\u00edodo suficiente para completar la relaci\u00f3n sexual o no puede conseguir una erecci\u00f3n de la dureza requerida. Cialis resuelve el problema manteniendo la sangre en los tejidos del pene durante m\u00e1s tiempo, permitiendo as\u00ed que el paciente experimente erecciones m\u00e1s completas y mucho m\u00e1s duraderas. Puede conseguir Cialis con receta o comprar Cialis online. El Cialis gen\u00e9rico disponible en las farmacias del Reino Unido es tan bueno como el Cialis normal, porque contiene las mismas dosis de tadalafil. Esto significa que el Cialis gen\u00e9rico comprado en l\u00ednea funciona de la misma manera para usted y tiene los mismos beneficios. Cialis se toma aproximadamente una hora antes de la relaci\u00f3n sexual, siendo eficaz hasta 36 horas. Dado que tendr\u00e1 que tomar Cialis cada vez antes de la actividad sexual, es importante asegurarse de comprar Cialis gen\u00e9rico en l\u00ednea al por mayor, preferiblemente en una farmacia fiable del Reino Unido que env\u00ede r\u00e1pidamente y ofrezca todas las garant\u00edas que est\u00e1 buscando. A diferencia de otros remedios para la disfunci\u00f3n er\u00e9ctil que existen, Cialis no se ver\u00e1 afectado por el consumo moderado de alcohol o de alimentos grasos. Puede disfrutar de una buena cena antes de tomar este medicamento y a\u00fan as\u00ed estar seguro de que su tasa de absorci\u00f3n no se modificar\u00e1 ni se ver\u00e1 afectada de ninguna otra manera. Cialis no debe tomarse con m\u00e1s frecuencia que una vez cada 24 horas para evitar una sobredosis y una serie de s\u00edntomas desagradables posibles en ese caso.<\/p>\n<h2>Efectos secundarios<\/h2>\n<p>Cialis viene con algunos efectos secundarios posibles en un peque\u00f1o n\u00famero de pacientes, como indigesti\u00f3n, dolor de cabeza, dolor muscular, enrojecimiento y congesti\u00f3n nasal. Estos efectos secundarios se han manifestado en menos del 3% de las pacientes que toman el medicamento, aunque depende en gran medida de la dosis que tome la paciente. Los efectos secundarios m\u00e1s graves de Cialis son muy poco probables; pueden incluir alteraciones visuales y priapismo.<\/p>\n<\/div>\n","protected":false},"excerpt":{"rendered":"<p>Cialis Comprar en l\u00ednea Cialis es un potente inhibidor de la PDE5 prescrito a pacientes masculinos con disfunci\u00f3n er\u00e9ctil. Este<\/p>\n","protected":false},"author":3,"featured_media":0,"parent":0,"menu_order":0,"comment_status":"closed","ping_status":"closed","template":"","meta":{"_lmt_disableupdate":"no","_lmt_disable":"no","footnotes":""},"class_list":["post-67","page","type-page","status-publish","hentry"],"translation":{"provider":"WPGlobus","version":"3.0.2","language":"es","enabled_languages":["en","es","fr"],"languages":{"en":{"title":true,"content":true,"excerpt":false},"es":{"title":true,"content":true,"excerpt":false},"fr":{"title":true,"content":true,"excerpt":false}}},"yoast_head":"<!-- This site is optimized with the Yoast SEO plugin v27.4 - https:\/\/yoast.com\/product\/yoast-seo-wordpress\/ -->\n<title>Compre cialis gen\u00e9rico 20 mg en una farmacia confiable del Reino Unido y vea por s\u00ed mismo lo ventajoso y seguro que es comprar sus medicamentos en l\u00ednea<\/title>\n<meta name=\"description\" content=\"Cialis 20 mg es un f\u00e1rmaco eficaz que mejora la dureza y la duraci\u00f3n de las erecciones. Se utiliza com\u00fanmente en el tratamiento de la disfunci\u00f3n er\u00e9ctil, lo que permite a los hombres obtener y mantener una erecci\u00f3n suficiente para la actividad sexual satisfactoria.\" \/>\n<meta name=\"robots\" content=\"index, follow, max-snippet:-1, max-image-preview:large, max-video-preview:-1\" \/>\n<link rel=\"canonical\" href=\"https:\/\/drpillman.biz\/es\/cialis.htm\" \/>\n<meta property=\"og:locale\" content=\"es_ES\" \/>\n<meta property=\"og:type\" content=\"article\" \/>\n<meta property=\"og:title\" content=\"Compre cialis gen\u00e9rico 20 mg en una farmacia confiable del Reino Unido y vea por s\u00ed mismo lo ventajoso y seguro que es comprar sus medicamentos en l\u00ednea\" \/>\n<meta property=\"og:description\" content=\"Cialis 20 mg es un f\u00e1rmaco eficaz que mejora la dureza y la duraci\u00f3n de las erecciones. Se utiliza com\u00fanmente en el tratamiento de la disfunci\u00f3n er\u00e9ctil, lo que permite a los hombres obtener y mantener una erecci\u00f3n suficiente para la actividad sexual satisfactoria.\" \/>\n<meta property=\"og:url\" content=\"https:\/\/drpillman.biz\/es\/cialis.htm\" \/>\n<meta property=\"og:site_name\" content=\"Dr.Pillman\" \/>\n<meta property=\"article:modified_time\" content=\"2024-05-17T12:33:54+00:00\" \/>\n<meta name=\"twitter:card\" content=\"summary_large_image\" \/>\n<script type=\"application\/ld+json\" class=\"yoast-schema-graph\">{\"@context\":\"https:\\\/\\\/schema.org\",\"@graph\":[{\"@type\":\"WebPage\",\"@id\":\"https:\\\/\\\/drpillman.biz\\\/es\\\/cialis.htm\",\"url\":\"https:\\\/\\\/drpillman.biz\\\/es\\\/cialis.htm\",\"name\":\"Compre cialis gen\u00e9rico 20 mg en una farmacia confiable del Reino Unido y vea por s\u00ed mismo lo ventajoso y seguro que es comprar sus medicamentos en l\u00ednea\",\"isPartOf\":{\"@id\":\"https:\\\/\\\/drpillman.biz\\\/fr\\\/#website\"},\"datePublished\":\"2013-01-17T02:15:50+00:00\",\"dateModified\":\"2024-05-17T12:33:54+00:00\",\"description\":\"Cialis 20 mg es un f\u00e1rmaco eficaz que mejora la dureza y la duraci\u00f3n de las erecciones. Se utiliza com\u00fanmente en el tratamiento de la disfunci\u00f3n er\u00e9ctil, lo que permite a los hombres obtener y mantener una erecci\u00f3n suficiente para la actividad sexual satisfactoria.\",\"breadcrumb\":{\"@id\":\"https:\\\/\\\/drpillman.biz\\\/es\\\/cialis.htm#breadcrumb\"},\"inLanguage\":\"es\",\"potentialAction\":[{\"@type\":\"ReadAction\",\"target\":[\"https:\\\/\\\/drpillman.biz\\\/es\\\/cialis.htm\"]}]},{\"@type\":\"BreadcrumbList\",\"@id\":\"https:\\\/\\\/drpillman.biz\\\/es\\\/cialis.htm#breadcrumb\",\"itemListElement\":[{\"@type\":\"ListItem\",\"position\":1,\"name\":\"Home\",\"item\":\"https:\\\/\\\/drpillman.biz\\\/fr\\\/\"},{\"@type\":\"ListItem\",\"position\":2,\"name\":\"Cialis\"}]},{\"@type\":\"WebSite\",\"@id\":\"https:\\\/\\\/drpillman.biz\\\/fr\\\/#website\",\"url\":\"https:\\\/\\\/drpillman.biz\\\/fr\\\/\",\"name\":\"Dr.Pillman\",\"description\":\"\",\"potentialAction\":[{\"@type\":\"SearchAction\",\"target\":{\"@type\":\"EntryPoint\",\"urlTemplate\":\"https:\\\/\\\/drpillman.biz\\\/fr\\\/?s={search_term_string}\"},\"query-input\":{\"@type\":\"PropertyValueSpecification\",\"valueRequired\":true,\"valueName\":\"search_term_string\"}}],\"inLanguage\":\"es\"}]}<\/script>\n<!-- \/ Yoast SEO plugin. -->","yoast_head_json":{"title":"Compre cialis gen\u00e9rico 20 mg en una farmacia confiable del Reino Unido y vea por s\u00ed mismo lo ventajoso y seguro que es comprar sus medicamentos en l\u00ednea","description":"Cialis 20 mg es un f\u00e1rmaco eficaz que mejora la dureza y la duraci\u00f3n de las erecciones. Se utiliza com\u00fanmente en el tratamiento de la disfunci\u00f3n er\u00e9ctil, lo que permite a los hombres obtener y mantener una erecci\u00f3n suficiente para la actividad sexual satisfactoria.","robots":{"index":"index","follow":"follow","max-snippet":"max-snippet:-1","max-image-preview":"max-image-preview:large","max-video-preview":"max-video-preview:-1"},"canonical":"https:\/\/drpillman.biz\/es\/cialis.htm","og_locale":"es_ES","og_type":"article","og_title":"Compre cialis gen\u00e9rico 20 mg en una farmacia confiable del Reino Unido y vea por s\u00ed mismo lo ventajoso y seguro que es comprar sus medicamentos en l\u00ednea","og_description":"Cialis 20 mg es un f\u00e1rmaco eficaz que mejora la dureza y la duraci\u00f3n de las erecciones. Se utiliza com\u00fanmente en el tratamiento de la disfunci\u00f3n er\u00e9ctil, lo que permite a los hombres obtener y mantener una erecci\u00f3n suficiente para la actividad sexual satisfactoria.","og_url":"https:\/\/drpillman.biz\/es\/cialis.htm","og_site_name":"Dr.Pillman","article_modified_time":"2024-05-17T12:33:54+00:00","twitter_card":"summary_large_image","schema":{"@context":"https:\/\/schema.org","@graph":[{"@type":"WebPage","@id":"https:\/\/drpillman.biz\/es\/cialis.htm","url":"https:\/\/drpillman.biz\/es\/cialis.htm","name":"Compre cialis gen\u00e9rico 20 mg en una farmacia confiable del Reino Unido y vea por s\u00ed mismo lo ventajoso y seguro que es comprar sus medicamentos en l\u00ednea","isPartOf":{"@id":"https:\/\/drpillman.biz\/fr\/#website"},"datePublished":"2013-01-17T02:15:50+00:00","dateModified":"2024-05-17T12:33:54+00:00","description":"Cialis 20 mg es un f\u00e1rmaco eficaz que mejora la dureza y la duraci\u00f3n de las erecciones. Se utiliza com\u00fanmente en el tratamiento de la disfunci\u00f3n er\u00e9ctil, lo que permite a los hombres obtener y mantener una erecci\u00f3n suficiente para la actividad sexual satisfactoria.","breadcrumb":{"@id":"https:\/\/drpillman.biz\/es\/cialis.htm#breadcrumb"},"inLanguage":"es","potentialAction":[{"@type":"ReadAction","target":["https:\/\/drpillman.biz\/es\/cialis.htm"]}]},{"@type":"BreadcrumbList","@id":"https:\/\/drpillman.biz\/es\/cialis.htm#breadcrumb","itemListElement":[{"@type":"ListItem","position":1,"name":"Home","item":"https:\/\/drpillman.biz\/fr\/"},{"@type":"ListItem","position":2,"name":"Cialis"}]},{"@type":"WebSite","@id":"https:\/\/drpillman.biz\/fr\/#website","url":"https:\/\/drpillman.biz\/fr\/","name":"Dr.Pillman","description":"","potentialAction":[{"@type":"SearchAction","target":{"@type":"EntryPoint","urlTemplate":"https:\/\/drpillman.biz\/fr\/?s={search_term_string}"},"query-input":{"@type":"PropertyValueSpecification","valueRequired":true,"valueName":"search_term_string"}}],"inLanguage":"es"}]}},"_links":{"self":[{"href":"https:\/\/drpillman.biz\/es\/wp-json\/wp\/v2\/pages\/67","targetHints":{"allow":["GET"]}}],"collection":[{"href":"https:\/\/drpillman.biz\/es\/wp-json\/wp\/v2\/pages"}],"about":[{"href":"https:\/\/drpillman.biz\/es\/wp-json\/wp\/v2\/types\/page"}],"author":[{"embeddable":true,"href":"https:\/\/drpillman.biz\/es\/wp-json\/wp\/v2\/users\/3"}],"replies":[{"embeddable":true,"href":"https:\/\/drpillman.biz\/es\/wp-json\/wp\/v2\/comments?post=67"}],"version-history":[{"count":0,"href":"https:\/\/drpillman.biz\/es\/wp-json\/wp\/v2\/pages\/67\/revisions"}],"wp:attachment":[{"href":"https:\/\/drpillman.biz\/es\/wp-json\/wp\/v2\/media?parent=67"}],"curies":[{"name":"wp","href":"https:\/\/api.w.org\/{rel}","templated":true}]}}