{"id":70,"date":"2013-09-25T07:18:09","date_gmt":"2013-09-25T06:18:09","guid":{"rendered":"https:\/\/drpillman.biz\/?page_id=70"},"modified":"2024-05-17T13:08:26","modified_gmt":"2024-05-17T12:08:26","slug":"ciprofloxacin","status":"publish","type":"page","link":"https:\/\/drpillman.biz\/es\/ciprofloxacin.htm","title":{"rendered":"Ciprofloxacina"},"content":{"rendered":"<div id=\"content-center\">\n<div id=\"content-image\">\n\t\t\t\t\t<img decoding=\"async\" src=\"\/img\/Ciprofloxacin.jpg\" alt=\"Ciprofloxacina\" \/><\/div>\n<div id=\"content-description\">\n<h1>Ciprofloxacino<\/h1>\n<p> <code><a href=\"https:\/\/200pills.com\/search.html?key=Ciprofloxacin\"> <button class=\"button-7\" role=\"button\">Comprar en l\u00ednea<\/button><\/a><\/code> <\/p>\n<div class=\"gray\"><\/div>\n<div class=\"clear\"><\/div>\n<div id=\"description\">\n\t\t\t\t\t\tLa ciprofloxacina es un antibi\u00f3tico general utilizado para curar infecciones respiratorias, gastrointestinales, del tracto urinario y abdominales. La ciprofloxacina es un antibi\u00f3tico de fluroquinolona que combate una amplia gama de pat\u00f3genos bacterianos como Escherichia coli, Klebsiela pneumonia, Moraxella catarrhalis y Streptococcus aureus entre otros. Estas bacterias son responsables de enfermedades comunes como las respiratorias, las infecciones del tracto urinario y diversas infecciones abdominales. Se utiliza solo o en combinaci\u00f3n con otros agentes y medicamentos antibacterianos para tratar enfermedades comunes. La ciprofloxacina es uno de los antibi\u00f3ticos m\u00e1s populares que existen actualmente en el mercado, con 20 millones de pacientes suscritos a este medicamento en todo el mundo.<\/div>\n<div id=\"additional\">\n\t\t\t\t\t\tSin\u00f3nimos:<span> Cipro<\/span>\n<\/div>\n<\/div>\n<div class=\"clear\"><\/div>\n<h2>Mecanismo de acci\u00f3n<\/h2>\n<p>El f\u00e1rmaco act\u00faa matando a las bacterias tras interferir con las enzimas que hacen que el ADN se rebobine. Despu\u00e9s de copiar el ADN, el f\u00e1rmaco detiene su s\u00edntesis y la de las prote\u00ednas. La ciprofloxacina fue inventada en 1983 por Bayer A.G. y fue aprobado en 1987 para uso general.<\/p>\n<h2>Usos m\u00e9dicos<\/h2>\n<p>La ciprofloxacina es un antibi\u00f3tico clave para curar un gran n\u00famero de infecciones, enfermedades y otros s\u00edntomas. Algunas de ellas son endocarditis, infecciones \u00f3seas, otitis malignas, celulitis, prostatitis, \u00e1ntrax y cistitis. Otras enfermedades que se tratan con la ayuda de este medicamento son varias formas de diarrea infecciosa, fiebre tifoidea, sinusitis aguda e infecciones respiratorias bajas. El tratamiento de la gonorrea uretral est\u00e1 restringido a ciertas partes del mundo, debido a la resistencia bacteriana local (la ciprofloxacina no funciona para curar la gonorrea en zonas como Am\u00e9rica del Norte, Asia oriental y Escocia).<\/p>\n<p>La ciprofloxacina no se utiliza en el tratamiento de la neumon\u00eda adquirida en la comunidad debido a la resistencia bacteriana del Streptococcus pneumoniae. La lista completa de usos del f\u00e1rmaco var\u00eda seg\u00fan ciertas agencias reguladoras de todo el mundo.<\/p>\n<h2>Interacciones<\/h2>\n<p>El f\u00e1rmaco puede interactuar con otros medicamentos y suplementos de hierbas, como otros antibi\u00f3ticos, como la amoxicilina, cefalexim o doxiciclina. La administraci\u00f3n de ciprofloxacino junto con suplementos minerales como el magnesio, el sucralfato, el hierro, el zinc, el calcio o el aluminio reducir\u00e1 la tasa de absorci\u00f3n del f\u00e1rmaco.<\/p>\n<h2>Sobredosis<\/h2>\n<p>La sobredosis de ciprofloxacino puede provocar toxicidad renal. El tratamiento de la sobredosis implica la inducci\u00f3n del v\u00f3mito y el lavado g\u00e1strico. En casos graves, se puede utilizar la hemodi\u00e1lisis, pero esta t\u00e9cnica s\u00f3lo elimina alrededor del 10% del antibi\u00f3tico del cuerpo.<\/p>\n<h2>Efectos secundarios<\/h2>\n<p>En general, los efectos secundarios son similares a los de otros antibi\u00f3ticos disponibles en el mercado. Las reacciones suelen ser de leves a moderadas, mientras que los efectos secundarios especiales o graves ocurren raramente. En un estudio con un total de 49.038 pacientes, un peque\u00f1o n\u00famero de pacientes present\u00f3 efectos adversos. Los efectos secundarios de la clindamicina son leves y la mayor\u00eda de ellos no requieren cuidados especiales. El f\u00e1rmaco se suspendi\u00f3 s\u00f3lo a menos del 1% de los pacientes debido a los efectos secundarios. Algunos de los s\u00edntomas que presentan los pacientes, tras el uso de Ciprofloxacina son n\u00e1useas, v\u00f3mitos, erupci\u00f3n cut\u00e1nea y diarrea. Hay que tener especial cuidado con las roturas espont\u00e1neas de tendones o la fatiga y debilidad muscular, que pueden ser efectos secundarios comunes.<\/p>\n<h2>Por qu\u00e9 comprar ciprofloxacina en l\u00ednea<\/h2>\n<p>La ciprofloxacina est\u00e1 disponible en l\u00ednea en forma de comprimidos, soluciones intravenosas y gotas para los ojos y los o\u00eddos. Comprar ciprofloxacino online puede suponer precios m\u00e1s bajos y tiempos de tramitaci\u00f3n m\u00e1s r\u00e1pidos. En l\u00ednea, encontrar\u00e1 una amplia selecci\u00f3n de antibi\u00f3ticos, incluido el Ciprofloxacino 500 mg en forma de comprimidos y soluci\u00f3n intravenosa.<\/p>\n<\/div>\n","protected":false},"excerpt":{"rendered":"<p>Ciprofloxacino Comprar en l\u00ednea La ciprofloxacina es un antibi\u00f3tico general utilizado para curar infecciones respiratorias, gastrointestinales, del tracto urinario y<\/p>\n","protected":false},"author":3,"featured_media":0,"parent":0,"menu_order":0,"comment_status":"closed","ping_status":"closed","template":"","meta":{"_lmt_disableupdate":"no","_lmt_disable":"no","footnotes":""},"class_list":["post-70","page","type-page","status-publish","hentry"],"translation":{"provider":"WPGlobus","version":"3.0.2","language":"es","enabled_languages":["en","es","fr"],"languages":{"en":{"title":true,"content":true,"excerpt":false},"es":{"title":true,"content":true,"excerpt":false},"fr":{"title":true,"content":true,"excerpt":false}}},"yoast_head":"<!-- This site is optimized with the Yoast SEO plugin v27.4 - https:\/\/yoast.com\/product\/yoast-seo-wordpress\/ -->\n<title>\u00a1Compre ciprofloxacina 500 mg en l\u00ednea ahora! - El antibi\u00f3tico general<\/title>\n<meta name=\"description\" content=\"La ciprofloxacina es un antibi\u00f3tico de fluoroquinolona. Puede comprar ciprofloxacina 500 mg para tratar un amplio espectro de infecciones bacterianas que pueden estar causando los s\u00edntomas desagradables.\" \/>\n<meta name=\"robots\" content=\"index, follow, max-snippet:-1, max-image-preview:large, max-video-preview:-1\" \/>\n<link rel=\"canonical\" href=\"https:\/\/drpillman.biz\/ciprofloxacin.htm\" \/>\n<meta property=\"og:locale\" content=\"es_ES\" \/>\n<meta property=\"og:type\" content=\"article\" \/>\n<meta property=\"og:title\" content=\"\u00a1Compre ciprofloxacina 500 mg en l\u00ednea ahora! - El antibi\u00f3tico general\" \/>\n<meta property=\"og:description\" content=\"La ciprofloxacina es un antibi\u00f3tico de fluoroquinolona. Puede comprar ciprofloxacina 500 mg para tratar un amplio espectro de infecciones bacterianas que pueden estar causando los s\u00edntomas desagradables.\" \/>\n<meta property=\"og:url\" content=\"https:\/\/drpillman.biz\/ciprofloxacin.htm\" \/>\n<meta property=\"og:site_name\" content=\"Dr.Pillman\" \/>\n<meta property=\"article:modified_time\" content=\"2024-05-17T12:08:26+00:00\" \/>\n<meta name=\"twitter:card\" content=\"summary_large_image\" \/>\n<script type=\"application\/ld+json\" class=\"yoast-schema-graph\">{\"@context\":\"https:\\\/\\\/schema.org\",\"@graph\":[{\"@type\":\"WebPage\",\"@id\":\"https:\\\/\\\/drpillman.biz\\\/ciprofloxacin.htm\",\"url\":\"https:\\\/\\\/drpillman.biz\\\/ciprofloxacin.htm\",\"name\":\"Buy Ciprofloxacin 500 mg online now! - The general antibiotic\",\"isPartOf\":{\"@id\":\"https:\\\/\\\/drpillman.biz\\\/fr\\\/#website\"},\"datePublished\":\"2013-09-25T06:18:09+00:00\",\"dateModified\":\"2024-05-17T12:08:26+00:00\",\"description\":\"La ciprofloxacina es un antibi\u00f3tico de fluoroquinolona. Puede comprar ciprofloxacina 500 mg para tratar un amplio espectro de infecciones bacterianas que pueden estar causando los s\u00edntomas desagradables.\",\"breadcrumb\":{\"@id\":\"https:\\\/\\\/drpillman.biz\\\/ciprofloxacin.htm#breadcrumb\"},\"inLanguage\":\"es\",\"potentialAction\":[{\"@type\":\"ReadAction\",\"target\":[\"https:\\\/\\\/drpillman.biz\\\/ciprofloxacin.htm\"]}]},{\"@type\":\"BreadcrumbList\",\"@id\":\"https:\\\/\\\/drpillman.biz\\\/ciprofloxacin.htm#breadcrumb\",\"itemListElement\":[{\"@type\":\"ListItem\",\"position\":1,\"name\":\"Home\",\"item\":\"https:\\\/\\\/drpillman.biz\\\/fr\\\/\"},{\"@type\":\"ListItem\",\"position\":2,\"name\":\"Ciprofloxacin\"}]},{\"@type\":\"WebSite\",\"@id\":\"https:\\\/\\\/drpillman.biz\\\/fr\\\/#website\",\"url\":\"https:\\\/\\\/drpillman.biz\\\/fr\\\/\",\"name\":\"Dr.Pillman\",\"description\":\"\",\"potentialAction\":[{\"@type\":\"SearchAction\",\"target\":{\"@type\":\"EntryPoint\",\"urlTemplate\":\"https:\\\/\\\/drpillman.biz\\\/fr\\\/?s={search_term_string}\"},\"query-input\":{\"@type\":\"PropertyValueSpecification\",\"valueRequired\":true,\"valueName\":\"search_term_string\"}}],\"inLanguage\":\"es\"}]}<\/script>\n<!-- \/ Yoast SEO plugin. -->","yoast_head_json":{"title":"\u00a1Compre ciprofloxacina 500 mg en l\u00ednea ahora! - El antibi\u00f3tico general","description":"La ciprofloxacina es un antibi\u00f3tico de fluoroquinolona. Puede comprar ciprofloxacina 500 mg para tratar un amplio espectro de infecciones bacterianas que pueden estar causando los s\u00edntomas desagradables.","robots":{"index":"index","follow":"follow","max-snippet":"max-snippet:-1","max-image-preview":"max-image-preview:large","max-video-preview":"max-video-preview:-1"},"canonical":"https:\/\/drpillman.biz\/ciprofloxacin.htm","og_locale":"es_ES","og_type":"article","og_title":"\u00a1Compre ciprofloxacina 500 mg en l\u00ednea ahora! - El antibi\u00f3tico general","og_description":"La ciprofloxacina es un antibi\u00f3tico de fluoroquinolona. Puede comprar ciprofloxacina 500 mg para tratar un amplio espectro de infecciones bacterianas que pueden estar causando los s\u00edntomas desagradables.","og_url":"https:\/\/drpillman.biz\/ciprofloxacin.htm","og_site_name":"Dr.Pillman","article_modified_time":"2024-05-17T12:08:26+00:00","twitter_card":"summary_large_image","schema":{"@context":"https:\/\/schema.org","@graph":[{"@type":"WebPage","@id":"https:\/\/drpillman.biz\/ciprofloxacin.htm","url":"https:\/\/drpillman.biz\/ciprofloxacin.htm","name":"Buy Ciprofloxacin 500 mg online now! - The general antibiotic","isPartOf":{"@id":"https:\/\/drpillman.biz\/fr\/#website"},"datePublished":"2013-09-25T06:18:09+00:00","dateModified":"2024-05-17T12:08:26+00:00","description":"La ciprofloxacina es un antibi\u00f3tico de fluoroquinolona. Puede comprar ciprofloxacina 500 mg para tratar un amplio espectro de infecciones bacterianas que pueden estar causando los s\u00edntomas desagradables.","breadcrumb":{"@id":"https:\/\/drpillman.biz\/ciprofloxacin.htm#breadcrumb"},"inLanguage":"es","potentialAction":[{"@type":"ReadAction","target":["https:\/\/drpillman.biz\/ciprofloxacin.htm"]}]},{"@type":"BreadcrumbList","@id":"https:\/\/drpillman.biz\/ciprofloxacin.htm#breadcrumb","itemListElement":[{"@type":"ListItem","position":1,"name":"Home","item":"https:\/\/drpillman.biz\/fr\/"},{"@type":"ListItem","position":2,"name":"Ciprofloxacin"}]},{"@type":"WebSite","@id":"https:\/\/drpillman.biz\/fr\/#website","url":"https:\/\/drpillman.biz\/fr\/","name":"Dr.Pillman","description":"","potentialAction":[{"@type":"SearchAction","target":{"@type":"EntryPoint","urlTemplate":"https:\/\/drpillman.biz\/fr\/?s={search_term_string}"},"query-input":{"@type":"PropertyValueSpecification","valueRequired":true,"valueName":"search_term_string"}}],"inLanguage":"es"}]}},"_links":{"self":[{"href":"https:\/\/drpillman.biz\/es\/wp-json\/wp\/v2\/pages\/70","targetHints":{"allow":["GET"]}}],"collection":[{"href":"https:\/\/drpillman.biz\/es\/wp-json\/wp\/v2\/pages"}],"about":[{"href":"https:\/\/drpillman.biz\/es\/wp-json\/wp\/v2\/types\/page"}],"author":[{"embeddable":true,"href":"https:\/\/drpillman.biz\/es\/wp-json\/wp\/v2\/users\/3"}],"replies":[{"embeddable":true,"href":"https:\/\/drpillman.biz\/es\/wp-json\/wp\/v2\/comments?post=70"}],"version-history":[{"count":0,"href":"https:\/\/drpillman.biz\/es\/wp-json\/wp\/v2\/pages\/70\/revisions"}],"wp:attachment":[{"href":"https:\/\/drpillman.biz\/es\/wp-json\/wp\/v2\/media?parent=70"}],"curies":[{"name":"wp","href":"https:\/\/api.w.org\/{rel}","templated":true}]}}