{"id":73,"date":"2013-08-09T04:56:29","date_gmt":"2013-08-09T03:56:29","guid":{"rendered":"https:\/\/drpillman.biz\/?page_id=73"},"modified":"2024-05-21T10:33:57","modified_gmt":"2024-05-21T09:33:57","slug":"citalopram","status":"publish","type":"page","link":"https:\/\/drpillman.biz\/es\/citalopram.htm","title":{"rendered":"Citalopram"},"content":{"rendered":"<div id=\"content-center\">\n<div id=\"content-image\">\n\t\t\t\t\t<img decoding=\"async\" src=\"\/img\/Citalopram.jpg\" alt=\"Citalopram\" \/><\/div>\n<div id=\"content-description\">\n<h1>Citalopram<\/h1>\n<p> <code><a href=\"https:\/\/200pills.com\/search.html?key=Citalopram\"> <button class=\"button-7\" role=\"button\">Comprar en l\u00ednea<\/button><\/a><\/code> <\/p>\n<div class=\"gray\"><\/div>\n<div class=\"clear\"><\/div>\n<div id=\"description\">\n\t\t\t\t\t\tCitalopram es un medicamento revolucionario para el tratamiento de los trastornos de depresi\u00f3n en los adultos. Este antidepresivo puede tardar varias semanas en actuar, pero ha demostrado ser eficaz y seguro para el paciente. En casos raros, el Citalopram puede utilizarse para tratar la ansiedad y la neuropat\u00eda diab\u00e9tica.<\/div>\n<div id=\"additional\">\n\t\t\t\t\t\tSin\u00f3nimos:<span> Celexa<\/span>\n<\/div>\n<\/div>\n<div class=\"clear\"><\/div>\n<p>Tras dejar de tomar Citalopram, puede aparecer una depresi\u00f3n breve antes de que desaparezca por completo. Citalopram tambi\u00e9n puede ayudar a tratar las depresiones relacionadas con complicaciones mentales como la psicosis man\u00edaco-depresiva. El f\u00e1rmaco se utiliza para controlar la depresi\u00f3n experimentada en la etapa depresiva. Las propiedades del f\u00e1rmaco son independientes de los alimentos; por lo tanto, el paciente puede tomar el medicamento en cualquier momento.<\/p>\n<h2>Dosificaci\u00f3n<\/h2>\n<p>La dosis t\u00edpica de Citalopram es de 20 mg. Muchos de los s\u00edntomas se tratan de forma incipiente con esta primera dosis. Por lo tanto, los efectos completos son evidentes s\u00f3lo despu\u00e9s de una o dos semanas de uso. La dosis completa de Citalopram debe tomarse al mismo tiempo. Aunque no hay riesgo de adicci\u00f3n a este f\u00e1rmaco, el cese del Citalopram debe hacerse gradualmente, reduciendo poco a poco la cantidad.<\/p>\n<h2>\u00bfCu\u00e1les son los probables efectos secundarios del citalopram?<\/h2>\n<p>A diferencia de otros antidepresivos, el Citalopram act\u00faa sobre una sola sustancia en el cerebro humano: la serotonina. Por ello, los usuarios no sufren somnolencia despu\u00e9s de tomar el medicamento. Adem\u00e1s, el Citalopram no crea h\u00e1bito, por lo que los usuarios no se preocupan por la adicci\u00f3n, que es com\u00fan con otros antidepresivos. Como ya se ha dicho, el Citalopram tiene efectos antidepresivos. Al comprar Citalopram, los m\u00e9dicos del Reino Unido en l\u00ednea le har\u00e1n saber m\u00e1s sobre los probables efectos secundarios del Citalopram. Sin embargo, cada cliente debe conocer todos los efectos secundarios probables antes de realizar el pedido en l\u00ednea.<\/p>\n<p>S\u00f3lo unos pocos efectos secundarios moderados Citalopram se han reportado, incluyendo el aumento de peso, p\u00e9rdida de peso, n\u00e1useas, insomnio, somnolencia, sue\u00f1os v\u00edvidos, y la micci\u00f3n intermitente. Los menos comunes son ansiedad, mareos, dolor de cabeza y cambios en la presi\u00f3n arterial. No hay motivo de preocupaci\u00f3n incluso si tales efectos secundarios aparecen despu\u00e9s de usar el medicamento, ya que desaparecer\u00e1n casi inmediatamente. Sin embargo, si se producen efectos secundarios graves, aseg\u00farese de ponerse en contacto con su m\u00e9dico.<\/p>\n<h2>Por qu\u00e9 comprar Citalopram en l\u00ednea<\/h2>\n<p>Comprar Citalopram UK online implica ahorrar dinero y obtener la mejor calidad del medicamento. Si quiere hacer algunas preguntas sobre sus medicamentos, hay m\u00e9dicos autorizados en l\u00ednea que le permiten consultar desde la comodidad de su sala de estar. Cuando usted compra Citalopram en l\u00ednea para el tratamiento de la depresi\u00f3n, se obtiene el asesoramiento y la informaci\u00f3n del producto fiable, as\u00ed como las fuentes de otra informaci\u00f3n con respecto a sus drogas y la condici\u00f3n m\u00e9dica. Comprar el tratamiento de la depresi\u00f3n con Citalopram en una farmacia online autorizada del Reino Unido le ofrece la oportunidad de obtener medicamentos baratos y de calidad para usted o para su ser querido de forma inmediata.<\/p>\n<p>Para comprar sin receta, los pacientes deben someterse a una evaluaci\u00f3n exhaustiva del m\u00e9dico acreditado en l\u00ednea de antemano. Comprar Citalopram es ahora f\u00e1cil, ya que las farmacias en l\u00ednea le dan la oportunidad de hacer un pedido con un solo clic del rat\u00f3n, mientras se aprovecha de un entorno de compra seguro y conveniente y la garant\u00eda de privacidad que requiere todo el tiempo.<\/p>\n<\/div>\n","protected":false},"excerpt":{"rendered":"<p>Citalopram Comprar en l\u00ednea Citalopram es un medicamento revolucionario para el tratamiento de los trastornos de depresi\u00f3n en los adultos.<\/p>\n","protected":false},"author":3,"featured_media":0,"parent":0,"menu_order":0,"comment_status":"closed","ping_status":"closed","template":"","meta":{"_lmt_disableupdate":"no","_lmt_disable":"no","footnotes":""},"class_list":["post-73","page","type-page","status-publish","hentry"],"translation":{"provider":"WPGlobus","version":"3.0.2","language":"es","enabled_languages":["en","es","fr"],"languages":{"en":{"title":true,"content":true,"excerpt":false},"es":{"title":true,"content":true,"excerpt":false},"fr":{"title":true,"content":true,"excerpt":false}}},"yoast_head":"<!-- This site is optimized with the Yoast SEO plugin v27.4 - https:\/\/yoast.com\/product\/yoast-seo-wordpress\/ -->\n<title>Compre citalopram en l\u00ednea para tratamiento de depresi\u00f3n - citalopram de alta calidad 20 mg uk<\/title>\n<meta name=\"description\" content=\"Citalopram es un inhibidor selectivo de la recaptaci\u00f3n de serotonina. Siempre puede comprar Citalopram 20 mg en una farmacia de confianza del Reino Unido para asegurarse de que lo entregar\u00e1n justo a tiempo.\" \/>\n<meta name=\"robots\" content=\"index, follow, max-snippet:-1, max-image-preview:large, max-video-preview:-1\" \/>\n<link rel=\"canonical\" href=\"https:\/\/drpillman.biz\/es\/citalopram.htm\" \/>\n<meta property=\"og:locale\" content=\"es_ES\" \/>\n<meta property=\"og:type\" content=\"article\" \/>\n<meta property=\"og:title\" content=\"Compre citalopram en l\u00ednea para tratamiento de depresi\u00f3n - citalopram de alta calidad 20 mg uk\" \/>\n<meta property=\"og:description\" content=\"Citalopram es un inhibidor selectivo de la recaptaci\u00f3n de serotonina. Siempre puede comprar Citalopram 20 mg en una farmacia de confianza del Reino Unido para asegurarse de que lo entregar\u00e1n justo a tiempo.\" \/>\n<meta property=\"og:url\" content=\"https:\/\/drpillman.biz\/es\/citalopram.htm\" \/>\n<meta property=\"og:site_name\" content=\"Dr.Pillman\" \/>\n<meta property=\"article:modified_time\" content=\"2024-05-21T09:33:57+00:00\" \/>\n<meta name=\"twitter:card\" content=\"summary_large_image\" \/>\n<script type=\"application\/ld+json\" class=\"yoast-schema-graph\">{\"@context\":\"https:\\\/\\\/schema.org\",\"@graph\":[{\"@type\":\"WebPage\",\"@id\":\"https:\\\/\\\/drpillman.biz\\\/es\\\/citalopram.htm\",\"url\":\"https:\\\/\\\/drpillman.biz\\\/es\\\/citalopram.htm\",\"name\":\"Compre citalopram en l\u00ednea para tratamiento de depresi\u00f3n - citalopram de alta calidad 20 mg uk\",\"isPartOf\":{\"@id\":\"https:\\\/\\\/drpillman.biz\\\/#website\"},\"datePublished\":\"2013-08-09T03:56:29+00:00\",\"dateModified\":\"2024-05-21T09:33:57+00:00\",\"description\":\"Citalopram es un inhibidor selectivo de la recaptaci\u00f3n de serotonina. Siempre puede comprar Citalopram 20 mg en una farmacia de confianza del Reino Unido para asegurarse de que lo entregar\u00e1n justo a tiempo.\",\"breadcrumb\":{\"@id\":\"https:\\\/\\\/drpillman.biz\\\/es\\\/citalopram.htm#breadcrumb\"},\"inLanguage\":\"es\",\"potentialAction\":[{\"@type\":\"ReadAction\",\"target\":[\"https:\\\/\\\/drpillman.biz\\\/es\\\/citalopram.htm\"]}]},{\"@type\":\"BreadcrumbList\",\"@id\":\"https:\\\/\\\/drpillman.biz\\\/es\\\/citalopram.htm#breadcrumb\",\"itemListElement\":[{\"@type\":\"ListItem\",\"position\":1,\"name\":\"Home\",\"item\":\"https:\\\/\\\/drpillman.biz\\\/\"},{\"@type\":\"ListItem\",\"position\":2,\"name\":\"Citalopram\"}]},{\"@type\":\"WebSite\",\"@id\":\"https:\\\/\\\/drpillman.biz\\\/#website\",\"url\":\"https:\\\/\\\/drpillman.biz\\\/\",\"name\":\"Dr.Pillman\",\"description\":\"\",\"potentialAction\":[{\"@type\":\"SearchAction\",\"target\":{\"@type\":\"EntryPoint\",\"urlTemplate\":\"https:\\\/\\\/drpillman.biz\\\/?s={search_term_string}\"},\"query-input\":{\"@type\":\"PropertyValueSpecification\",\"valueRequired\":true,\"valueName\":\"search_term_string\"}}],\"inLanguage\":\"es\"}]}<\/script>\n<!-- \/ Yoast SEO plugin. -->","yoast_head_json":{"title":"Compre citalopram en l\u00ednea para tratamiento de depresi\u00f3n - citalopram de alta calidad 20 mg uk","description":"Citalopram es un inhibidor selectivo de la recaptaci\u00f3n de serotonina. Siempre puede comprar Citalopram 20 mg en una farmacia de confianza del Reino Unido para asegurarse de que lo entregar\u00e1n justo a tiempo.","robots":{"index":"index","follow":"follow","max-snippet":"max-snippet:-1","max-image-preview":"max-image-preview:large","max-video-preview":"max-video-preview:-1"},"canonical":"https:\/\/drpillman.biz\/es\/citalopram.htm","og_locale":"es_ES","og_type":"article","og_title":"Compre citalopram en l\u00ednea para tratamiento de depresi\u00f3n - citalopram de alta calidad 20 mg uk","og_description":"Citalopram es un inhibidor selectivo de la recaptaci\u00f3n de serotonina. Siempre puede comprar Citalopram 20 mg en una farmacia de confianza del Reino Unido para asegurarse de que lo entregar\u00e1n justo a tiempo.","og_url":"https:\/\/drpillman.biz\/es\/citalopram.htm","og_site_name":"Dr.Pillman","article_modified_time":"2024-05-21T09:33:57+00:00","twitter_card":"summary_large_image","schema":{"@context":"https:\/\/schema.org","@graph":[{"@type":"WebPage","@id":"https:\/\/drpillman.biz\/es\/citalopram.htm","url":"https:\/\/drpillman.biz\/es\/citalopram.htm","name":"Compre citalopram en l\u00ednea para tratamiento de depresi\u00f3n - citalopram de alta calidad 20 mg uk","isPartOf":{"@id":"https:\/\/drpillman.biz\/#website"},"datePublished":"2013-08-09T03:56:29+00:00","dateModified":"2024-05-21T09:33:57+00:00","description":"Citalopram es un inhibidor selectivo de la recaptaci\u00f3n de serotonina. Siempre puede comprar Citalopram 20 mg en una farmacia de confianza del Reino Unido para asegurarse de que lo entregar\u00e1n justo a tiempo.","breadcrumb":{"@id":"https:\/\/drpillman.biz\/es\/citalopram.htm#breadcrumb"},"inLanguage":"es","potentialAction":[{"@type":"ReadAction","target":["https:\/\/drpillman.biz\/es\/citalopram.htm"]}]},{"@type":"BreadcrumbList","@id":"https:\/\/drpillman.biz\/es\/citalopram.htm#breadcrumb","itemListElement":[{"@type":"ListItem","position":1,"name":"Home","item":"https:\/\/drpillman.biz\/"},{"@type":"ListItem","position":2,"name":"Citalopram"}]},{"@type":"WebSite","@id":"https:\/\/drpillman.biz\/#website","url":"https:\/\/drpillman.biz\/","name":"Dr.Pillman","description":"","potentialAction":[{"@type":"SearchAction","target":{"@type":"EntryPoint","urlTemplate":"https:\/\/drpillman.biz\/?s={search_term_string}"},"query-input":{"@type":"PropertyValueSpecification","valueRequired":true,"valueName":"search_term_string"}}],"inLanguage":"es"}]}},"_links":{"self":[{"href":"https:\/\/drpillman.biz\/es\/wp-json\/wp\/v2\/pages\/73","targetHints":{"allow":["GET"]}}],"collection":[{"href":"https:\/\/drpillman.biz\/es\/wp-json\/wp\/v2\/pages"}],"about":[{"href":"https:\/\/drpillman.biz\/es\/wp-json\/wp\/v2\/types\/page"}],"author":[{"embeddable":true,"href":"https:\/\/drpillman.biz\/es\/wp-json\/wp\/v2\/users\/3"}],"replies":[{"embeddable":true,"href":"https:\/\/drpillman.biz\/es\/wp-json\/wp\/v2\/comments?post=73"}],"version-history":[{"count":0,"href":"https:\/\/drpillman.biz\/es\/wp-json\/wp\/v2\/pages\/73\/revisions"}],"wp:attachment":[{"href":"https:\/\/drpillman.biz\/es\/wp-json\/wp\/v2\/media?parent=73"}],"curies":[{"name":"wp","href":"https:\/\/api.w.org\/{rel}","templated":true}]}}