{"id":76,"date":"2013-11-22T12:49:49","date_gmt":"2013-11-22T12:49:49","guid":{"rendered":"https:\/\/drpillman.biz\/?page_id=76"},"modified":"2024-05-17T13:12:09","modified_gmt":"2024-05-17T12:12:09","slug":"clindamycin","status":"publish","type":"page","link":"https:\/\/drpillman.biz\/es\/clindamycin.htm","title":{"rendered":"Clindamicina"},"content":{"rendered":"<div id=\"content-center\">\n<div id=\"content-image\">\n\t\t\t\t\t<img decoding=\"async\" src=\"\/img\/Clindamycin.jpg\" alt=\"Clindamicina\" \/><\/div>\n<div id=\"content-description\">\n<h1>Clindamicina<\/h1>\n<p> <code><a href=\"https:\/\/200pills.com\/search.html?key=Clindamycin\"> <button class=\"button-7\" role=\"button\">Comprar en l\u00ednea<\/button><\/a><\/code> <\/p>\n<div class=\"gray\"><\/div>\n<div class=\"clear\"><\/div>\n<div id=\"description\">\n\t\t\t\t\t\tLa clindamicina es un antibi\u00f3tico lincosamida utilizado para el tratamiento de infecciones bacterianas causadas por bacterias anaerobias y algunos tipos de bacterias aerobias. Este medicamento no debe tomarse si ha tenido alguna vez una reacci\u00f3n al\u00e9rgica a \u00e9l o a otro medicamento llamado lincomicina.<\/div>\n<div id=\"additional\">\n\t\t\t\t\t\tSin\u00f3nimos:<span> Cleocin<\/span>\n<\/div>\n<\/div>\n<div class=\"clear\"><\/div>\n<p>La clindamicina es un antibi\u00f3tico de prescripci\u00f3n que ha sido dise\u00f1ado para tratar una serie de infecciones graves causadas por bacterias. Este medicamento no debe ser tomado por pacientes con antecedentes de reacci\u00f3n al\u00e9rgica a la lincomicina o a la propia clindamicina. Tampoco debe combinarse nunca con eritromicina (otro antibi\u00f3tico). Hoy en d\u00eda se puede comprar Clindamicina 150 mg o 300 mg en una farmacia online, pero es m\u00e1s importante que nunca asegurarse de que se trata del medicamento exacto que se necesita. La clindamicina est\u00e1 pensada s\u00f3lo para infecciones muy graves y no debe tomarse a menos que haya un diagn\u00f3stico concreto que requiera este antibi\u00f3tico espec\u00edfico. Antes de comprar Clindamicina 150 mg o 300 mg, es mejor que hable con su m\u00e9dico para saber qu\u00e9 dosis debe tomar y con qu\u00e9 frecuencia. De este modo, podr\u00e1 comprar la cantidad exacta que necesita para el tratamiento y no quedarse sin ella a mitad del mismo. Hay que tomar la Clindamicina con un vaso lleno de agua, tragando el medicamento r\u00e1pidamente para evitar que se irrite la garganta. Al igual que cualquier otro antibi\u00f3tico, la clindamicina debe tomarse durante todo el tiempo prescrito, incluso si los s\u00edntomas mejoran. Es posible que su m\u00e9dico tenga que verle a menudo para realizarle an\u00e1lisis de sangre. Su funci\u00f3n renal y hep\u00e1tica tambi\u00e9n puede requerir pruebas regulares para asegurarse de que la Clindamicina est\u00e1 funcionando correctamente en su cuerpo y no se requiere un ajuste de la dosis. La Clindamicina no debe compartirse con otras personas, ya que cada caso es individual y puede requerir un enfoque diferente en cuanto a la prescripci\u00f3n de un determinado tratamiento.<\/p>\n<h2>Efectos secundarios<\/h2>\n<p>A veces, los pacientes que toman Clindamicina pueden desarrollar efectos secundarios. S\u00f3lo un peque\u00f1o porcentaje de los pacientes que toman Clindamicina tendr\u00e1n alg\u00fan efecto secundario, y \u00e9stos ser\u00e1n en su mayor\u00eda leves, como n\u00e1useas leves, ardor de est\u00f3mago, erupci\u00f3n cut\u00e1nea leve, dolor en las articulaciones, irritaci\u00f3n de la garganta o dolor de est\u00f3mago. No hay que preocuparse en caso de que se produzca alguno de estos efectos secundarios, ya que suelen ser de corta duraci\u00f3n. Si sus efectos secundarios menores empeoran o cambian de intensidad, debe llamar a su m\u00e9dico e informarle del problema para asegurarse de que es seguro seguir tomando Clindamicina.<\/p>\n<\/div>\n","protected":false},"excerpt":{"rendered":"<p>Clindamicina Comprar en l\u00ednea La clindamicina es un antibi\u00f3tico lincosamida utilizado para el tratamiento de infecciones bacterianas causadas por bacterias<\/p>\n","protected":false},"author":3,"featured_media":0,"parent":0,"menu_order":0,"comment_status":"closed","ping_status":"closed","template":"","meta":{"_lmt_disableupdate":"no","_lmt_disable":"no","footnotes":""},"class_list":["post-76","page","type-page","status-publish","hentry"],"translation":{"provider":"WPGlobus","version":"3.0.2","language":"es","enabled_languages":["en","es","fr"],"languages":{"en":{"title":true,"content":true,"excerpt":false},"es":{"title":true,"content":true,"excerpt":false},"fr":{"title":true,"content":true,"excerpt":false}}},"yoast_head":"<!-- This site is optimized with the Yoast SEO plugin v27.4 - https:\/\/yoast.com\/product\/yoast-seo-wordpress\/ -->\n<title>Compre clindamicina eficiente 150 y 300 mg para el tratamiento de su infecci\u00f3n bacteriana y alivio r\u00e1pido de los s\u00edntomas que est\u00e1 experimentando<\/title>\n<meta name=\"description\" content=\"Cuando se pone en l\u00ednea para comprar clindamicina 150 mg o 300 mg, probablemente necesite este medicamento para el tratamiento de una infecci\u00f3n bacteriana grave de que su sistema inmunitario es demasiado d\u00e9bil para luchar por s\u00ed solo.\" \/>\n<meta name=\"robots\" content=\"index, follow, max-snippet:-1, max-image-preview:large, max-video-preview:-1\" \/>\n<link rel=\"canonical\" href=\"https:\/\/drpillman.biz\/clindamycin.htm\" \/>\n<meta property=\"og:locale\" content=\"es_ES\" \/>\n<meta property=\"og:type\" content=\"article\" \/>\n<meta property=\"og:title\" content=\"Compre clindamicina eficiente 150 y 300 mg para el tratamiento de su infecci\u00f3n bacteriana y alivio r\u00e1pido de los s\u00edntomas que est\u00e1 experimentando\" \/>\n<meta property=\"og:description\" content=\"Cuando se pone en l\u00ednea para comprar clindamicina 150 mg o 300 mg, probablemente necesite este medicamento para el tratamiento de una infecci\u00f3n bacteriana grave de que su sistema inmunitario es demasiado d\u00e9bil para luchar por s\u00ed solo.\" \/>\n<meta property=\"og:url\" content=\"https:\/\/drpillman.biz\/clindamycin.htm\" \/>\n<meta property=\"og:site_name\" content=\"Dr.Pillman\" \/>\n<meta property=\"article:modified_time\" content=\"2024-05-17T12:12:09+00:00\" \/>\n<meta name=\"twitter:card\" content=\"summary_large_image\" \/>\n<script type=\"application\/ld+json\" class=\"yoast-schema-graph\">{\"@context\":\"https:\\\/\\\/schema.org\",\"@graph\":[{\"@type\":\"WebPage\",\"@id\":\"https:\\\/\\\/drpillman.biz\\\/clindamycin.htm\",\"url\":\"https:\\\/\\\/drpillman.biz\\\/clindamycin.htm\",\"name\":\"Buy efficient Clindamycin 150 & 300 mg for the treatment of your bacterial infection and fast relief of the symptoms you are experiencing\",\"isPartOf\":{\"@id\":\"https:\\\/\\\/drpillman.biz\\\/fr\\\/#website\"},\"datePublished\":\"2013-11-22T12:49:49+00:00\",\"dateModified\":\"2024-05-17T12:12:09+00:00\",\"description\":\"Cuando se pone en l\u00ednea para comprar clindamicina 150 mg o 300 mg, probablemente necesite este medicamento para el tratamiento de una infecci\u00f3n bacteriana grave de que su sistema inmunitario es demasiado d\u00e9bil para luchar por s\u00ed solo.\",\"breadcrumb\":{\"@id\":\"https:\\\/\\\/drpillman.biz\\\/clindamycin.htm#breadcrumb\"},\"inLanguage\":\"es\",\"potentialAction\":[{\"@type\":\"ReadAction\",\"target\":[\"https:\\\/\\\/drpillman.biz\\\/clindamycin.htm\"]}]},{\"@type\":\"BreadcrumbList\",\"@id\":\"https:\\\/\\\/drpillman.biz\\\/clindamycin.htm#breadcrumb\",\"itemListElement\":[{\"@type\":\"ListItem\",\"position\":1,\"name\":\"Home\",\"item\":\"https:\\\/\\\/drpillman.biz\\\/fr\\\/\"},{\"@type\":\"ListItem\",\"position\":2,\"name\":\"Clindamycin\"}]},{\"@type\":\"WebSite\",\"@id\":\"https:\\\/\\\/drpillman.biz\\\/fr\\\/#website\",\"url\":\"https:\\\/\\\/drpillman.biz\\\/fr\\\/\",\"name\":\"Dr.Pillman\",\"description\":\"\",\"potentialAction\":[{\"@type\":\"SearchAction\",\"target\":{\"@type\":\"EntryPoint\",\"urlTemplate\":\"https:\\\/\\\/drpillman.biz\\\/fr\\\/?s={search_term_string}\"},\"query-input\":{\"@type\":\"PropertyValueSpecification\",\"valueRequired\":true,\"valueName\":\"search_term_string\"}}],\"inLanguage\":\"es\"}]}<\/script>\n<!-- \/ Yoast SEO plugin. -->","yoast_head_json":{"title":"Compre clindamicina eficiente 150 y 300 mg para el tratamiento de su infecci\u00f3n bacteriana y alivio r\u00e1pido de los s\u00edntomas que est\u00e1 experimentando","description":"Cuando se pone en l\u00ednea para comprar clindamicina 150 mg o 300 mg, probablemente necesite este medicamento para el tratamiento de una infecci\u00f3n bacteriana grave de que su sistema inmunitario es demasiado d\u00e9bil para luchar por s\u00ed solo.","robots":{"index":"index","follow":"follow","max-snippet":"max-snippet:-1","max-image-preview":"max-image-preview:large","max-video-preview":"max-video-preview:-1"},"canonical":"https:\/\/drpillman.biz\/clindamycin.htm","og_locale":"es_ES","og_type":"article","og_title":"Compre clindamicina eficiente 150 y 300 mg para el tratamiento de su infecci\u00f3n bacteriana y alivio r\u00e1pido de los s\u00edntomas que est\u00e1 experimentando","og_description":"Cuando se pone en l\u00ednea para comprar clindamicina 150 mg o 300 mg, probablemente necesite este medicamento para el tratamiento de una infecci\u00f3n bacteriana grave de que su sistema inmunitario es demasiado d\u00e9bil para luchar por s\u00ed solo.","og_url":"https:\/\/drpillman.biz\/clindamycin.htm","og_site_name":"Dr.Pillman","article_modified_time":"2024-05-17T12:12:09+00:00","twitter_card":"summary_large_image","schema":{"@context":"https:\/\/schema.org","@graph":[{"@type":"WebPage","@id":"https:\/\/drpillman.biz\/clindamycin.htm","url":"https:\/\/drpillman.biz\/clindamycin.htm","name":"Buy efficient Clindamycin 150 & 300 mg for the treatment of your bacterial infection and fast relief of the symptoms you are experiencing","isPartOf":{"@id":"https:\/\/drpillman.biz\/fr\/#website"},"datePublished":"2013-11-22T12:49:49+00:00","dateModified":"2024-05-17T12:12:09+00:00","description":"Cuando se pone en l\u00ednea para comprar clindamicina 150 mg o 300 mg, probablemente necesite este medicamento para el tratamiento de una infecci\u00f3n bacteriana grave de que su sistema inmunitario es demasiado d\u00e9bil para luchar por s\u00ed solo.","breadcrumb":{"@id":"https:\/\/drpillman.biz\/clindamycin.htm#breadcrumb"},"inLanguage":"es","potentialAction":[{"@type":"ReadAction","target":["https:\/\/drpillman.biz\/clindamycin.htm"]}]},{"@type":"BreadcrumbList","@id":"https:\/\/drpillman.biz\/clindamycin.htm#breadcrumb","itemListElement":[{"@type":"ListItem","position":1,"name":"Home","item":"https:\/\/drpillman.biz\/fr\/"},{"@type":"ListItem","position":2,"name":"Clindamycin"}]},{"@type":"WebSite","@id":"https:\/\/drpillman.biz\/fr\/#website","url":"https:\/\/drpillman.biz\/fr\/","name":"Dr.Pillman","description":"","potentialAction":[{"@type":"SearchAction","target":{"@type":"EntryPoint","urlTemplate":"https:\/\/drpillman.biz\/fr\/?s={search_term_string}"},"query-input":{"@type":"PropertyValueSpecification","valueRequired":true,"valueName":"search_term_string"}}],"inLanguage":"es"}]}},"_links":{"self":[{"href":"https:\/\/drpillman.biz\/es\/wp-json\/wp\/v2\/pages\/76","targetHints":{"allow":["GET"]}}],"collection":[{"href":"https:\/\/drpillman.biz\/es\/wp-json\/wp\/v2\/pages"}],"about":[{"href":"https:\/\/drpillman.biz\/es\/wp-json\/wp\/v2\/types\/page"}],"author":[{"embeddable":true,"href":"https:\/\/drpillman.biz\/es\/wp-json\/wp\/v2\/users\/3"}],"replies":[{"embeddable":true,"href":"https:\/\/drpillman.biz\/es\/wp-json\/wp\/v2\/comments?post=76"}],"version-history":[{"count":0,"href":"https:\/\/drpillman.biz\/es\/wp-json\/wp\/v2\/pages\/76\/revisions"}],"wp:attachment":[{"href":"https:\/\/drpillman.biz\/es\/wp-json\/wp\/v2\/media?parent=76"}],"curies":[{"name":"wp","href":"https:\/\/api.w.org\/{rel}","templated":true}]}}