{"id":79,"date":"2013-09-11T09:03:09","date_gmt":"2013-09-11T08:03:09","guid":{"rendered":"https:\/\/drpillman.biz\/?page_id=79"},"modified":"2024-05-17T13:14:02","modified_gmt":"2024-05-17T12:14:02","slug":"clobetasol","status":"publish","type":"page","link":"https:\/\/drpillman.biz\/es\/clobetasol.htm","title":{"rendered":"Clobetasol"},"content":{"rendered":"<div id=\"content-center\">\n<div id=\"content-image\">\n\t\t\t\t\t<img decoding=\"async\" src=\"\/img\/Clobetasol.jpg\" alt=\"Clobetasol\" \/><\/div>\n<div id=\"content-description\">\n<h1>Clobetasol<\/h1>\n<p> <code><a href=\"https:\/\/200pills.com\/search.html?key=Clobetasol\"> <button class=\"button-7\" role=\"button\">Comprar en l\u00ednea<\/button><\/a><\/code> <\/p>\n<div class=\"gray\"><\/div>\n<div class=\"clear\"><\/div>\n<div id=\"description\">\n\t\t\t\t\t\tTratar los trastornos de la piel nunca ha sido tan f\u00e1cil, ahora que puede comprar Clobetasol en l\u00ednea sin ninguna prescripci\u00f3n m\u00e9dica. El Clobetasol que se vende en l\u00ednea es de alta calidad, pero el precio es mucho m\u00e1s barato que el de este medicamento en las farmacias habituales. Es m\u00e1s probable que encuentre Clobetasol en Internet, ya que puede buscar este medicamento en cuesti\u00f3n de segundos!<\/div>\n<div id=\"additional\">\n\t\t\t\t\t\tSin\u00f3nimos:<span> Temovate<\/span>\n<\/div>\n<\/div>\n<div class=\"clear\"><\/div>\n<h2>Visi\u00f3n general del producto<\/h2>\n<p>Clobetasol es un potente corticosteroide t\u00f3pico que se utiliza para los trastornos inflamatorios de la piel, como la dermatitis o el eczema. El clobetasol se suele utilizar junto con varias cremas hidratantes que tienen como objetivo mantener la piel bien hidratada. Aunque no es una cura para las afecciones de la piel, aliviar\u00e1 dr\u00e1sticamente los s\u00edntomas como el picor, el enrojecimiento e incluso la inflamaci\u00f3n. Adem\u00e1s de para el eczema y la dermatitis, Clobetasol tambi\u00e9n se ha probado y se ha encontrado eficaz para el tratamiento de la psoriasis &#8211; sin embargo, visitar a un dermat\u00f3logo antes de comenzar el tratamiento con Clobetasol es vital para el \u00e9xito del tratamiento y para minimizar los posibles efectos secundarios.<\/p>\n<p>Algunas variantes de Clobetasol incluyen agentes antif\u00fangicos y antibacterianos destinados a tratar las infecciones de la piel &#8211; si su piel ya se ha infectado, estas versiones de la crema son las mejores.<\/p>\n<h2>Contraindicaciones<\/h2>\n<p>Si tiene alguna zona de piel infectada o heridas abiertas que puedan entrar en contacto directo con el Clobetasol, es esencial que se lo comunique a su m\u00e9dico antes de empezar a aplicar esta crema. Asimismo, informe a su farmac\u00e9utico si padece acn\u00e9 o ros\u00e1cea, si est\u00e1 embarazada o en per\u00edodo de lactancia, o si ha tenido alguna alergia en el pasado a una crema t\u00f3pica aplicada sobre la piel.<\/p>\n<h2>Efectos secundarios y c\u00f3mo reducirlos<\/h2>\n<p>Si su m\u00e9dico le recomend\u00f3 iniciar el tratamiento con clobetasol, lo hizo porque consider\u00f3 que los beneficios superan los efectos secundarios. Al igual que la mayor\u00eda de los medicamentos disponibles en la actualidad, el clobetasol puede causar algunas reacciones adversas que pueden ser de leves a graves &#8211; con el fin de reducir el riesgo y la intensidad de los efectos secundarios, se recomienda encarecidamente aplicar clobetasol en la piel en una capa fina, no m\u00e1s de dos veces en 24 horas. No exceda las \u00e1reas afectadas y no aplique clobetasol m\u00e1s de lo indicado por su proveedor de atenci\u00f3n m\u00e9dica. Sin embargo, si experimenta alg\u00fan efecto secundario molesto, debe consultar con su farmac\u00e9utico de inmediato.<\/p>\n<p>Para obtener la m\u00e1xima eficacia, guarde el clobetasol en un lugar seguro, fuera de la vista de los ni\u00f1os y alejado de cualquier fuente de calor, luz o humedad. El producto debe conservarse a temperatura ambiente, en un lugar seco.<\/p>\n<h2>Precauciones<\/h2>\n<p>Clobetasol debe ser utilizado s\u00f3lo en capas muy finas y s\u00f3lo en las zonas afectadas la piel &#8211; masaje de la crema hasta que se absorba en la piel. Esta crema est\u00e1 pensada para ser utilizada s\u00f3lo a corto plazo, y no debe usarse durante un periodo de tiempo prolongado. Est\u00e1 dirigido s\u00f3lo a los adultos, y no debe ser utilizado por los ni\u00f1os. Adem\u00e1s, el clobetasol nunca debe aplicarse sobre partes de la piel que ya est\u00e9n infectadas, a menos que la crema se combine con un potente agente antibacteriano.<\/p>\n<\/div>\n","protected":false},"excerpt":{"rendered":"<p>Clobetasol Comprar en l\u00ednea Tratar los trastornos de la piel nunca ha sido tan f\u00e1cil, ahora que puede comprar Clobetasol<\/p>\n","protected":false},"author":3,"featured_media":0,"parent":0,"menu_order":0,"comment_status":"closed","ping_status":"closed","template":"","meta":{"_lmt_disableupdate":"no","_lmt_disable":"no","footnotes":""},"class_list":["post-79","page","type-page","status-publish","hentry"],"translation":{"provider":"WPGlobus","version":"3.0.2","language":"es","enabled_languages":["en","es","fr"],"languages":{"en":{"title":true,"content":true,"excerpt":false},"es":{"title":true,"content":true,"excerpt":false},"fr":{"title":true,"content":true,"excerpt":false}}},"yoast_head":"<!-- This site is optimized with the Yoast SEO plugin v27.5 - https:\/\/yoast.com\/product\/yoast-seo-wordpress\/ -->\n<title>Compre crema de clobetasol en l\u00ednea para tratar los trastornos de la piel<\/title>\n<meta name=\"description\" content=\"El clobetasol es un corticosteroide prescrito para el tratamiento de problemas de la piel, como la psoriasis y el eccema. Siempre puede comprar clobetasol en l\u00ednea en la cantidad requerida y disfrutar de un tratamiento eficiente.\" \/>\n<meta name=\"robots\" content=\"index, follow, max-snippet:-1, max-image-preview:large, max-video-preview:-1\" \/>\n<link rel=\"canonical\" href=\"https:\/\/drpillman.biz\/clobetasol.htm\" \/>\n<meta property=\"og:locale\" content=\"es_ES\" \/>\n<meta property=\"og:type\" content=\"article\" \/>\n<meta property=\"og:title\" content=\"Compre crema de clobetasol en l\u00ednea para tratar los trastornos de la piel\" \/>\n<meta property=\"og:description\" content=\"El clobetasol es un corticosteroide prescrito para el tratamiento de problemas de la piel, como la psoriasis y el eccema. Siempre puede comprar clobetasol en l\u00ednea en la cantidad requerida y disfrutar de un tratamiento eficiente.\" \/>\n<meta property=\"og:url\" content=\"https:\/\/drpillman.biz\/clobetasol.htm\" \/>\n<meta property=\"og:site_name\" content=\"Dr.Pillman\" \/>\n<meta property=\"article:modified_time\" content=\"2024-05-17T12:14:02+00:00\" \/>\n<meta name=\"twitter:card\" content=\"summary_large_image\" \/>\n<script type=\"application\/ld+json\" class=\"yoast-schema-graph\">{\"@context\":\"https:\\\/\\\/schema.org\",\"@graph\":[{\"@type\":\"WebPage\",\"@id\":\"https:\\\/\\\/drpillman.biz\\\/clobetasol.htm\",\"url\":\"https:\\\/\\\/drpillman.biz\\\/clobetasol.htm\",\"name\":\"Buy Clobetasol Cream Online To Treat Skin Disorders\",\"isPartOf\":{\"@id\":\"https:\\\/\\\/drpillman.biz\\\/#website\"},\"datePublished\":\"2013-09-11T08:03:09+00:00\",\"dateModified\":\"2024-05-17T12:14:02+00:00\",\"description\":\"El clobetasol es un corticosteroide prescrito para el tratamiento de problemas de la piel, como la psoriasis y el eccema. Siempre puede comprar clobetasol en l\u00ednea en la cantidad requerida y disfrutar de un tratamiento eficiente.\",\"breadcrumb\":{\"@id\":\"https:\\\/\\\/drpillman.biz\\\/clobetasol.htm#breadcrumb\"},\"inLanguage\":\"es\",\"potentialAction\":[{\"@type\":\"ReadAction\",\"target\":[\"https:\\\/\\\/drpillman.biz\\\/clobetasol.htm\"]}]},{\"@type\":\"BreadcrumbList\",\"@id\":\"https:\\\/\\\/drpillman.biz\\\/clobetasol.htm#breadcrumb\",\"itemListElement\":[{\"@type\":\"ListItem\",\"position\":1,\"name\":\"Home\",\"item\":\"https:\\\/\\\/drpillman.biz\\\/\"},{\"@type\":\"ListItem\",\"position\":2,\"name\":\"Clobetasol\"}]},{\"@type\":\"WebSite\",\"@id\":\"https:\\\/\\\/drpillman.biz\\\/#website\",\"url\":\"https:\\\/\\\/drpillman.biz\\\/\",\"name\":\"Dr.Pillman\",\"description\":\"\",\"potentialAction\":[{\"@type\":\"SearchAction\",\"target\":{\"@type\":\"EntryPoint\",\"urlTemplate\":\"https:\\\/\\\/drpillman.biz\\\/?s={search_term_string}\"},\"query-input\":{\"@type\":\"PropertyValueSpecification\",\"valueRequired\":true,\"valueName\":\"search_term_string\"}}],\"inLanguage\":\"es\"}]}<\/script>\n<!-- \/ Yoast SEO plugin. -->","yoast_head_json":{"title":"Compre crema de clobetasol en l\u00ednea para tratar los trastornos de la piel","description":"El clobetasol es un corticosteroide prescrito para el tratamiento de problemas de la piel, como la psoriasis y el eccema. Siempre puede comprar clobetasol en l\u00ednea en la cantidad requerida y disfrutar de un tratamiento eficiente.","robots":{"index":"index","follow":"follow","max-snippet":"max-snippet:-1","max-image-preview":"max-image-preview:large","max-video-preview":"max-video-preview:-1"},"canonical":"https:\/\/drpillman.biz\/clobetasol.htm","og_locale":"es_ES","og_type":"article","og_title":"Compre crema de clobetasol en l\u00ednea para tratar los trastornos de la piel","og_description":"El clobetasol es un corticosteroide prescrito para el tratamiento de problemas de la piel, como la psoriasis y el eccema. Siempre puede comprar clobetasol en l\u00ednea en la cantidad requerida y disfrutar de un tratamiento eficiente.","og_url":"https:\/\/drpillman.biz\/clobetasol.htm","og_site_name":"Dr.Pillman","article_modified_time":"2024-05-17T12:14:02+00:00","twitter_card":"summary_large_image","schema":{"@context":"https:\/\/schema.org","@graph":[{"@type":"WebPage","@id":"https:\/\/drpillman.biz\/clobetasol.htm","url":"https:\/\/drpillman.biz\/clobetasol.htm","name":"Buy Clobetasol Cream Online To Treat Skin Disorders","isPartOf":{"@id":"https:\/\/drpillman.biz\/#website"},"datePublished":"2013-09-11T08:03:09+00:00","dateModified":"2024-05-17T12:14:02+00:00","description":"El clobetasol es un corticosteroide prescrito para el tratamiento de problemas de la piel, como la psoriasis y el eccema. Siempre puede comprar clobetasol en l\u00ednea en la cantidad requerida y disfrutar de un tratamiento eficiente.","breadcrumb":{"@id":"https:\/\/drpillman.biz\/clobetasol.htm#breadcrumb"},"inLanguage":"es","potentialAction":[{"@type":"ReadAction","target":["https:\/\/drpillman.biz\/clobetasol.htm"]}]},{"@type":"BreadcrumbList","@id":"https:\/\/drpillman.biz\/clobetasol.htm#breadcrumb","itemListElement":[{"@type":"ListItem","position":1,"name":"Home","item":"https:\/\/drpillman.biz\/"},{"@type":"ListItem","position":2,"name":"Clobetasol"}]},{"@type":"WebSite","@id":"https:\/\/drpillman.biz\/#website","url":"https:\/\/drpillman.biz\/","name":"Dr.Pillman","description":"","potentialAction":[{"@type":"SearchAction","target":{"@type":"EntryPoint","urlTemplate":"https:\/\/drpillman.biz\/?s={search_term_string}"},"query-input":{"@type":"PropertyValueSpecification","valueRequired":true,"valueName":"search_term_string"}}],"inLanguage":"es"}]}},"_links":{"self":[{"href":"https:\/\/drpillman.biz\/es\/wp-json\/wp\/v2\/pages\/79","targetHints":{"allow":["GET"]}}],"collection":[{"href":"https:\/\/drpillman.biz\/es\/wp-json\/wp\/v2\/pages"}],"about":[{"href":"https:\/\/drpillman.biz\/es\/wp-json\/wp\/v2\/types\/page"}],"author":[{"embeddable":true,"href":"https:\/\/drpillman.biz\/es\/wp-json\/wp\/v2\/users\/3"}],"replies":[{"embeddable":true,"href":"https:\/\/drpillman.biz\/es\/wp-json\/wp\/v2\/comments?post=79"}],"version-history":[{"count":0,"href":"https:\/\/drpillman.biz\/es\/wp-json\/wp\/v2\/pages\/79\/revisions"}],"wp:attachment":[{"href":"https:\/\/drpillman.biz\/es\/wp-json\/wp\/v2\/media?parent=79"}],"curies":[{"name":"wp","href":"https:\/\/api.w.org\/{rel}","templated":true}]}}