{"id":82,"date":"2013-01-22T04:44:29","date_gmt":"2013-01-22T04:44:29","guid":{"rendered":"https:\/\/drpillman.biz\/?page_id=82"},"modified":"2024-05-17T13:15:48","modified_gmt":"2024-05-17T12:15:48","slug":"clomid","status":"publish","type":"page","link":"https:\/\/drpillman.biz\/es\/clomid.htm","title":{"rendered":"Clomid"},"content":{"rendered":"<div id=\"content-center\">\n<div id=\"content-image\"><img decoding=\"async\" src=\"\/img\/Clomid.jpg\" alt=\"Clomid\" \/><\/div>\n<div id=\"content-description\">\n<h1>Clomid<\/h1>\n<p> <code><a href=\"https:\/\/200pills.com\/search.html?key=Clomid\"> <button class=\"button-7\" role=\"button\">Comprar en l\u00ednea<\/button><\/a><\/code><\/p>\n<div class=\"clear\"><\/div>\n<div id=\"description\">Clomid (nombre comercial del citrato de clomifeno) es un medicamento no esteroideo para la fertilidad que se utiliza en mujeres que no pueden quedarse embarazadas. Si no puedes quedarte embarazada y crees que Clomid puede ayudarte, debes saber que puedes comprar Clomid online con s\u00f3lo unos clics de rat\u00f3n. Las farmacias online que comercializan Clomid lo venden a un precio inferior al del mercado, y la entrega es r\u00e1pida, precisa y en la puerta de tu casa en pocos d\u00edas!<\/div>\n<div id=\"additional\">Sin\u00f3nimos: <span>Citrato de clomifeno<\/span><\/div>\n<\/div>\n<div class=\"clear\"><\/div>\n<h2>Mecanismo de acci\u00f3n<\/h2>\n<p>El mecanismo de acci\u00f3n de Clomid es muy sencillo: este f\u00e1rmaco tiene como objetivo equilibrar los niveles hormonales en el cuerpo, permitiendo as\u00ed a las mujeres conseguir la ovulaci\u00f3n y preparar su cuerpo para el embarazo. El f\u00e1rmaco tambi\u00e9n se utiliza ampliamente para el tratamiento del s\u00edndrome de ovario poliqu\u00edstico, as\u00ed como para el tratamiento de la disfunci\u00f3n ovulatoria. Sin embargo, las mujeres deben someterse a una serie de pruebas de fertilidad antes de recurrir a Clomid, con el fin de descartar otras posibles razones de fracaso del embarazo.<\/p>\n<h2>Efectos secundarios e instrucciones<\/h2>\n<p>Como ocurre con cualquier otro medicamento para la fertilidad, algunas mujeres que est\u00e1n en tratamiento con Clomid (citrato de clomifeno) pueden experimentar efectos secundarios desagradables como molestias en los senos. Estos s\u00edntomas son temporales y de intensidad leve, aunque no deben descuidarse &#8211; si nota uno o m\u00e1s efectos secundarios que cree que son causados por el uso de Clomid, consulte a su m\u00e9dico y \u00e9l podr\u00eda cambiar el tratamiento.<\/p>\n<p>Se sabe que el tratamiento a largo plazo con Clomid aumenta significativamente el riesgo de c\u00e1ncer, por eso no se recomiendan las terapias prolongadas que superan los 6 ciclos de tratamiento. Por otro lado, el uso de Clomid durante un largo periodo de tiempo tambi\u00e9n puede aumentar la probabilidad de tener partos m\u00faltiples, que son conocidos por los altos riesgos que suponen tanto para los beb\u00e9s como para la madre.<\/p>\n<p>Clomid s\u00f3lo debe ser utilizado por la paciente en causa, y nunca debe ser compartido con otras personas. Este medicamento no est\u00e1 dise\u00f1ado para ni\u00f1os, sino para uso de adultos. Los pacientes que est\u00e1n en tratamiento con Clomid pueden desarrollar una variedad de s\u00edntomas que van de leves a graves.<\/p>\n<h2>C\u00f3mo tomar Clomid<\/h2>\n<p>Clomid es un f\u00e1rmaco oral que debe tomarse por v\u00eda oral, con o sin comer alimentos antes de. Dado que desempe\u00f1a un papel fundamental en el proceso de concepci\u00f3n, las relaciones sexuales son esenciales y tambi\u00e9n lo es el momento correcto. En general, las mujeres que toman Clomid experimentar\u00e1n la ovulaci\u00f3n en menos de 10 d\u00edas. Se aconseja a las mujeres que no han podido quedarse embarazadas tras tres ciclos consecutivos de tratamiento que dejen de tomar el f\u00e1rmaco y busquen tratamientos alternativos.<\/p>\n<h2>Beneficios de la compra online<\/h2>\n<p>Actualmente, las mujeres necesitan una receta m\u00e9dica para comprar Clomid en la farmacia. El medicamento est\u00e1 disponible en dosis de 50 mg y 100 mg, y los pacientes nunca deben exceder la dosis recomendada o una p\u00edldora por d\u00eda, ni deben tomar Clomid durante m\u00e1s tiempo que el prescrito por su proveedor de atenci\u00f3n m\u00e9dica. El medicamento debe ser almacenado a temperatura ambiente, lejos de los ni\u00f1os o las mascotas, y la luz solar directa, as\u00ed como la humedad tambi\u00e9n debe ser evitado.<\/p>\n<\/div>\n","protected":false},"excerpt":{"rendered":"<p>Clomid Comprar en l\u00ednea Clomid (nombre comercial del citrato de clomifeno) es un medicamento no esteroideo para la fertilidad que<\/p>\n","protected":false},"author":3,"featured_media":0,"parent":0,"menu_order":0,"comment_status":"closed","ping_status":"closed","template":"","meta":{"_lmt_disableupdate":"no","_lmt_disable":"no","footnotes":""},"class_list":["post-82","page","type-page","status-publish","hentry"],"translation":{"provider":"WPGlobus","version":"3.0.2","language":"es","enabled_languages":["en","es","fr"],"languages":{"en":{"title":true,"content":true,"excerpt":false},"es":{"title":true,"content":true,"excerpt":false},"fr":{"title":true,"content":true,"excerpt":false}}},"yoast_head":"<!-- This site is optimized with the Yoast SEO plugin v27.3 - https:\/\/yoast.com\/product\/yoast-seo-wordpress\/ -->\n<title>Comprar clomid 100 mg en la farmacia en l\u00ednea sin necesidad de receta<\/title>\n<meta name=\"description\" content=\"El clomid generalmente se prescribe para inducir la ovulaci\u00f3n y ayudar al paciente a quedar embarazada. Puede encontrar una buena farmacia para comprar clomid 100mg en l\u00ednea y comenzar su primer ciclo de tratamiento.\" \/>\n<meta name=\"robots\" content=\"index, follow, max-snippet:-1, max-image-preview:large, max-video-preview:-1\" \/>\n<link rel=\"canonical\" href=\"https:\/\/drpillman.biz\/fr\/clomid.htm\" \/>\n<meta property=\"og:locale\" content=\"es_ES\" \/>\n<meta property=\"og:type\" content=\"article\" \/>\n<meta property=\"og:title\" content=\"Comprar clomid 100 mg en la farmacia en l\u00ednea sin necesidad de receta\" \/>\n<meta property=\"og:description\" content=\"El clomid generalmente se prescribe para inducir la ovulaci\u00f3n y ayudar al paciente a quedar embarazada. Puede encontrar una buena farmacia para comprar clomid 100mg en l\u00ednea y comenzar su primer ciclo de tratamiento.\" \/>\n<meta property=\"og:url\" content=\"https:\/\/drpillman.biz\/fr\/clomid.htm\" \/>\n<meta property=\"og:site_name\" content=\"Dr.Pillman\" \/>\n<meta property=\"article:modified_time\" content=\"2024-05-17T12:15:48+00:00\" \/>\n<meta name=\"twitter:card\" content=\"summary_large_image\" \/>\n<script type=\"application\/ld+json\" class=\"yoast-schema-graph\">{\"@context\":\"https:\\\/\\\/schema.org\",\"@graph\":[{\"@type\":\"WebPage\",\"@id\":\"https:\\\/\\\/drpillman.biz\\\/fr\\\/clomid.htm\",\"url\":\"https:\\\/\\\/drpillman.biz\\\/fr\\\/clomid.htm\",\"name\":\"Acheter Clomide 25, 50 et 100 mg en ligne sans ordonnance en France\",\"isPartOf\":{\"@id\":\"https:\\\/\\\/drpillman.biz\\\/fr\\\/#website\"},\"datePublished\":\"2013-01-22T04:44:29+00:00\",\"dateModified\":\"2024-05-17T12:15:48+00:00\",\"description\":\"El clomid generalmente se prescribe para inducir la ovulaci\u00f3n y ayudar al paciente a quedar embarazada. Puede encontrar una buena farmacia para comprar clomid 100mg en l\u00ednea y comenzar su primer ciclo de tratamiento.\",\"breadcrumb\":{\"@id\":\"https:\\\/\\\/drpillman.biz\\\/fr\\\/clomid.htm#breadcrumb\"},\"inLanguage\":\"es\",\"potentialAction\":[{\"@type\":\"ReadAction\",\"target\":[\"https:\\\/\\\/drpillman.biz\\\/fr\\\/clomid.htm\"]}]},{\"@type\":\"BreadcrumbList\",\"@id\":\"https:\\\/\\\/drpillman.biz\\\/fr\\\/clomid.htm#breadcrumb\",\"itemListElement\":[{\"@type\":\"ListItem\",\"position\":1,\"name\":\"Home\",\"item\":\"https:\\\/\\\/drpillman.biz\\\/fr\\\/\"},{\"@type\":\"ListItem\",\"position\":2,\"name\":\"Clomide\"}]},{\"@type\":\"WebSite\",\"@id\":\"https:\\\/\\\/drpillman.biz\\\/fr\\\/#website\",\"url\":\"https:\\\/\\\/drpillman.biz\\\/fr\\\/\",\"name\":\"Dr.Pillman\",\"description\":\"\",\"potentialAction\":[{\"@type\":\"SearchAction\",\"target\":{\"@type\":\"EntryPoint\",\"urlTemplate\":\"https:\\\/\\\/drpillman.biz\\\/fr\\\/?s={search_term_string}\"},\"query-input\":{\"@type\":\"PropertyValueSpecification\",\"valueRequired\":true,\"valueName\":\"search_term_string\"}}],\"inLanguage\":\"es\"}]}<\/script>\n<!-- \/ Yoast SEO plugin. -->","yoast_head_json":{"title":"Comprar clomid 100 mg en la farmacia en l\u00ednea sin necesidad de receta","description":"El clomid generalmente se prescribe para inducir la ovulaci\u00f3n y ayudar al paciente a quedar embarazada. Puede encontrar una buena farmacia para comprar clomid 100mg en l\u00ednea y comenzar su primer ciclo de tratamiento.","robots":{"index":"index","follow":"follow","max-snippet":"max-snippet:-1","max-image-preview":"max-image-preview:large","max-video-preview":"max-video-preview:-1"},"canonical":"https:\/\/drpillman.biz\/fr\/clomid.htm","og_locale":"es_ES","og_type":"article","og_title":"Comprar clomid 100 mg en la farmacia en l\u00ednea sin necesidad de receta","og_description":"El clomid generalmente se prescribe para inducir la ovulaci\u00f3n y ayudar al paciente a quedar embarazada. Puede encontrar una buena farmacia para comprar clomid 100mg en l\u00ednea y comenzar su primer ciclo de tratamiento.","og_url":"https:\/\/drpillman.biz\/fr\/clomid.htm","og_site_name":"Dr.Pillman","article_modified_time":"2024-05-17T12:15:48+00:00","twitter_card":"summary_large_image","schema":{"@context":"https:\/\/schema.org","@graph":[{"@type":"WebPage","@id":"https:\/\/drpillman.biz\/fr\/clomid.htm","url":"https:\/\/drpillman.biz\/fr\/clomid.htm","name":"Acheter Clomide 25, 50 et 100 mg en ligne sans ordonnance en France","isPartOf":{"@id":"https:\/\/drpillman.biz\/fr\/#website"},"datePublished":"2013-01-22T04:44:29+00:00","dateModified":"2024-05-17T12:15:48+00:00","description":"El clomid generalmente se prescribe para inducir la ovulaci\u00f3n y ayudar al paciente a quedar embarazada. Puede encontrar una buena farmacia para comprar clomid 100mg en l\u00ednea y comenzar su primer ciclo de tratamiento.","breadcrumb":{"@id":"https:\/\/drpillman.biz\/fr\/clomid.htm#breadcrumb"},"inLanguage":"es","potentialAction":[{"@type":"ReadAction","target":["https:\/\/drpillman.biz\/fr\/clomid.htm"]}]},{"@type":"BreadcrumbList","@id":"https:\/\/drpillman.biz\/fr\/clomid.htm#breadcrumb","itemListElement":[{"@type":"ListItem","position":1,"name":"Home","item":"https:\/\/drpillman.biz\/fr\/"},{"@type":"ListItem","position":2,"name":"Clomide"}]},{"@type":"WebSite","@id":"https:\/\/drpillman.biz\/fr\/#website","url":"https:\/\/drpillman.biz\/fr\/","name":"Dr.Pillman","description":"","potentialAction":[{"@type":"SearchAction","target":{"@type":"EntryPoint","urlTemplate":"https:\/\/drpillman.biz\/fr\/?s={search_term_string}"},"query-input":{"@type":"PropertyValueSpecification","valueRequired":true,"valueName":"search_term_string"}}],"inLanguage":"es"}]}},"_links":{"self":[{"href":"https:\/\/drpillman.biz\/es\/wp-json\/wp\/v2\/pages\/82","targetHints":{"allow":["GET"]}}],"collection":[{"href":"https:\/\/drpillman.biz\/es\/wp-json\/wp\/v2\/pages"}],"about":[{"href":"https:\/\/drpillman.biz\/es\/wp-json\/wp\/v2\/types\/page"}],"author":[{"embeddable":true,"href":"https:\/\/drpillman.biz\/es\/wp-json\/wp\/v2\/users\/3"}],"replies":[{"embeddable":true,"href":"https:\/\/drpillman.biz\/es\/wp-json\/wp\/v2\/comments?post=82"}],"version-history":[{"count":0,"href":"https:\/\/drpillman.biz\/es\/wp-json\/wp\/v2\/pages\/82\/revisions"}],"wp:attachment":[{"href":"https:\/\/drpillman.biz\/es\/wp-json\/wp\/v2\/media?parent=82"}],"curies":[{"name":"wp","href":"https:\/\/api.w.org\/{rel}","templated":true}]}}