{"id":85,"date":"2013-07-22T08:55:47","date_gmt":"2013-07-22T07:55:47","guid":{"rendered":"https:\/\/drpillman.biz\/?page_id=85"},"modified":"2024-05-17T13:17:36","modified_gmt":"2024-05-17T12:17:36","slug":"20-et-40-mg-en-ligne-sans-ordonnance-en-france","status":"publish","type":"page","link":"https:\/\/drpillman.biz\/es\/20-et-40-mg-en-ligne-sans-ordonnance-en-france.htm","title":{"rendered":"Deltason"},"content":{"rendered":"<div id=\"content-center\">\n<div id=\"content-image\"><img decoding=\"async\" src=\"\/img\/Deltasone.jpg\" alt=\"Deltasone\" \/><\/div>\n<div id=\"content-description\">\n<h1>Deltasone<\/h1>\n<p> <code><a href=\"https:\/\/200pills.com\/search.html?key=Deltasone\"> <button class=\"button-7\" role=\"button\">Comprar en l\u00ednea<\/button><\/a><\/code><\/p>\n<div class=\"clear\"><\/div>\n<div id=\"description\">Deltasone contiene prednisona, que se utiliza en el tratamiento de trastornos del sistema inmunitario, alergias muy graves, trastornos sangu\u00edneos, artritis, asma y para reducir la inflamaci\u00f3n del sistema nervioso central. Reduce afecciones como la hinchaz\u00f3n y otras reacciones al\u00e9rgicas al suprimir la respuesta del sistema inmunitario.<\/div>\n<div id=\"additional\">Sin\u00f3nimos: <span>Prednisona<\/span><\/div>\n<\/div>\n<div class=\"clear\"><\/div>\n<h2>M\u00e1s informaci\u00f3n sobre Deltasone<\/h2>\n<p>La prednisona forma parte de un grupo de medicamentos conocidos como corticosteroides. Los corticosteroides se utilizan generalmente en el tratamiento de la esclerosis m\u00faltiple.<\/p>\n<p>Este medicamento debe tomarse por v\u00eda oral con agua. Si le molesta al est\u00f3mago, es mejor tomarlo con alimentos o leche. Se recomienda tomar el medicamento por la ma\u00f1ana, si se necesita tomar una sola dosis en un d\u00eda. Hay que tomar la dosis recomendada para el tratamiento. Si se olvida de tomar una dosis, no tome una dosis doble para compensar la p\u00e9rdida.<\/p>\n<p>Adem\u00e1s, no hay que dejar de tomar este medicamento de forma repentina sin que lo diga el m\u00e9dico. Puede tener efectos secundarios graves.<\/p>\n<p>Siempre comparta su historial m\u00e9dico con el m\u00e9dico antes de comenzar con este medicamento ya que Deltasone impacta directamente en su sistema inmunol\u00f3gico haciendo que su cuerpo sea m\u00e1s propenso a las infecciones.<\/p>\n<p>El uso de este medicamento durante mucho tiempo har\u00e1 que su cuerpo no soporte el estr\u00e9s f\u00edsico y puede causar problemas \u00f3seos. Para contrarrestar los efectos nocivos de este medicamento, hay que empezar a tomar calcio y vitamina D, adem\u00e1s de hacer ejercicio con regularidad. Se recomienda que una persona que tome este medicamento lleve una tarjeta de advertencia que identifique claramente el uso de este medicamento.<\/p>\n<p>Se sabe que la prednisona provoca un aumento de la retenci\u00f3n de agua en el cuerpo, por lo que se debe cambiar a una dieta baja en sal y rica en potasio para contrarrestar los efectos.<\/p>\n<p>Adem\u00e1s, es aconsejable evitar el contacto con personas que tengan infecciones como el sarampi\u00f3n y la varicela. Dado que disminuye la respuesta del sistema inmunitario, el cuerpo no es capaz de luchar eficazmente contra las infecciones y deja a la persona vulnerable a contraerlas.<\/p>\n<p>Siempre puedes comprar Prednisona online. Est\u00e1 disponible en varias dosis. Mucha gente prefiere comprar Deltasone online en el Reino Unido. Comprar Deltasone en l\u00ednea no s\u00f3lo le permite obtener el medicamento r\u00e1pidamente, sino que tambi\u00e9n mantiene su identidad confidencial y segura. Adem\u00e1s, los precios en l\u00ednea son siempre m\u00e1s bajos que los del farmac\u00e9utico local.<\/p>\n<p>Guarde estos comprimidos a temperatura ambiente fuera del alcance de los ni\u00f1os.<\/p>\n<h2>Deltasone y el embarazo<\/h2>\n<p>Este medicamento debe ser tomado por las mujeres embarazadas s\u00f3lo si es prescrito por el m\u00e9dico, ya que puede afectar el crecimiento del ni\u00f1o. Adem\u00e1s, las madres lactantes no deben tomar este medicamento, ya que pasa a la leche materna y puede afectar negativamente al crecimiento del beb\u00e9.<\/p>\n<h2>Deltasone Efectos secundarios<\/h2>\n<p>La mayor\u00eda de los efectos secundarios, como la indigesti\u00f3n, el aumento de la sudoraci\u00f3n, el ardor de est\u00f3mago y el insomnio temporal, desaparecen sin necesidad de acudir al m\u00e9dico, ya que el cuerpo tarda en adaptarse al nuevo medicamento.<\/p>\n<p>Sin embargo, si los s\u00edntomas anteriores persisten o hay otros signos como dolor muscular, debilidad, dolor severo, signos de infecci\u00f3n, uno debe obtener inmediatamente ayuda m\u00e9dica.<\/p>\n<p>Para comprar Deltasone online, no es necesario visitar a ning\u00fan farmac\u00e9utico o m\u00e9dico. Puede pedirlo f\u00e1cilmente desde la comodidad de su casa de forma confidencial sin sentirse avergonzado. El proceso de compra online es muy sencillo y es similar al de la compra de otros productos online.<\/p>\n<\/div>\n","protected":false},"excerpt":{"rendered":"<p>Deltasone Comprar en l\u00ednea Deltasone contiene prednisona, que se utiliza en el tratamiento de trastornos del sistema inmunitario, alergias muy<\/p>\n","protected":false},"author":3,"featured_media":0,"parent":0,"menu_order":0,"comment_status":"closed","ping_status":"closed","template":"","meta":{"_lmt_disableupdate":"no","_lmt_disable":"no","footnotes":""},"class_list":["post-85","page","type-page","status-publish","hentry"],"translation":{"provider":"WPGlobus","version":"3.0.2","language":"es","enabled_languages":["en","es","fr"],"languages":{"en":{"title":true,"content":true,"excerpt":false},"es":{"title":true,"content":true,"excerpt":false},"fr":{"title":true,"content":true,"excerpt":false}}},"yoast_head":"<!-- This site is optimized with the Yoast SEO plugin v27.4 - https:\/\/yoast.com\/product\/yoast-seo-wordpress\/ -->\n<title>Compre Deltasone (prednisone) en l\u00ednea: no se necesita receta, entrega r\u00e1pida<\/title>\n<meta name=\"description\" content=\"Deltasone (prednisona) es un supresor de prescripci\u00f3n del sistema inmune utilizado para tratar una serie de enfermedades inflamatorias. Se puede pedir en l\u00ednea siempre que sepa la dosis exacta.\" \/>\n<meta name=\"robots\" content=\"index, follow, max-snippet:-1, max-image-preview:large, max-video-preview:-1\" \/>\n<link rel=\"canonical\" href=\"https:\/\/drpillman.biz\/fr\/20-et-40-mg-en-ligne-sans-ordonnance-en-france.htm\" \/>\n<meta property=\"og:locale\" content=\"es_ES\" \/>\n<meta property=\"og:type\" content=\"article\" \/>\n<meta property=\"og:title\" content=\"Compre Deltasone (prednisone) en l\u00ednea: no se necesita receta, entrega r\u00e1pida\" \/>\n<meta property=\"og:description\" content=\"Deltasone (prednisona) es un supresor de prescripci\u00f3n del sistema inmune utilizado para tratar una serie de enfermedades inflamatorias. Se puede pedir en l\u00ednea siempre que sepa la dosis exacta.\" \/>\n<meta property=\"og:url\" content=\"https:\/\/drpillman.biz\/fr\/20-et-40-mg-en-ligne-sans-ordonnance-en-france.htm\" \/>\n<meta property=\"og:site_name\" content=\"Dr.Pillman\" \/>\n<meta property=\"article:modified_time\" content=\"2024-05-17T12:17:36+00:00\" \/>\n<meta name=\"twitter:card\" content=\"summary_large_image\" \/>\n<script type=\"application\/ld+json\" class=\"yoast-schema-graph\">{\"@context\":\"https:\\\/\\\/schema.org\",\"@graph\":[{\"@type\":\"WebPage\",\"@id\":\"https:\\\/\\\/drpillman.biz\\\/fr\\\/20-et-40-mg-en-ligne-sans-ordonnance-en-france.htm\",\"url\":\"https:\\\/\\\/drpillman.biz\\\/fr\\\/20-et-40-mg-en-ligne-sans-ordonnance-en-france.htm\",\"name\":\"Acheter Deltasone 10,\",\"isPartOf\":{\"@id\":\"https:\\\/\\\/drpillman.biz\\\/fr\\\/#website\"},\"datePublished\":\"2013-07-22T07:55:47+00:00\",\"dateModified\":\"2024-05-17T12:17:36+00:00\",\"description\":\"Deltasone (prednisona) es un supresor de prescripci\u00f3n del sistema inmune utilizado para tratar una serie de enfermedades inflamatorias. Se puede pedir en l\u00ednea siempre que sepa la dosis exacta.\",\"breadcrumb\":{\"@id\":\"https:\\\/\\\/drpillman.biz\\\/fr\\\/20-et-40-mg-en-ligne-sans-ordonnance-en-france.htm#breadcrumb\"},\"inLanguage\":\"es\",\"potentialAction\":[{\"@type\":\"ReadAction\",\"target\":[\"https:\\\/\\\/drpillman.biz\\\/fr\\\/20-et-40-mg-en-ligne-sans-ordonnance-en-france.htm\"]}]},{\"@type\":\"BreadcrumbList\",\"@id\":\"https:\\\/\\\/drpillman.biz\\\/fr\\\/20-et-40-mg-en-ligne-sans-ordonnance-en-france.htm#breadcrumb\",\"itemListElement\":[{\"@type\":\"ListItem\",\"position\":1,\"name\":\"Home\",\"item\":\"https:\\\/\\\/drpillman.biz\\\/fr\\\/\"},{\"@type\":\"ListItem\",\"position\":2,\"name\":\"Deltasone\"}]},{\"@type\":\"WebSite\",\"@id\":\"https:\\\/\\\/drpillman.biz\\\/fr\\\/#website\",\"url\":\"https:\\\/\\\/drpillman.biz\\\/fr\\\/\",\"name\":\"Dr.Pillman\",\"description\":\"\",\"potentialAction\":[{\"@type\":\"SearchAction\",\"target\":{\"@type\":\"EntryPoint\",\"urlTemplate\":\"https:\\\/\\\/drpillman.biz\\\/fr\\\/?s={search_term_string}\"},\"query-input\":{\"@type\":\"PropertyValueSpecification\",\"valueRequired\":true,\"valueName\":\"search_term_string\"}}],\"inLanguage\":\"es\"}]}<\/script>\n<!-- \/ Yoast SEO plugin. -->","yoast_head_json":{"title":"Compre Deltasone (prednisone) en l\u00ednea: no se necesita receta, entrega r\u00e1pida","description":"Deltasone (prednisona) es un supresor de prescripci\u00f3n del sistema inmune utilizado para tratar una serie de enfermedades inflamatorias. Se puede pedir en l\u00ednea siempre que sepa la dosis exacta.","robots":{"index":"index","follow":"follow","max-snippet":"max-snippet:-1","max-image-preview":"max-image-preview:large","max-video-preview":"max-video-preview:-1"},"canonical":"https:\/\/drpillman.biz\/fr\/20-et-40-mg-en-ligne-sans-ordonnance-en-france.htm","og_locale":"es_ES","og_type":"article","og_title":"Compre Deltasone (prednisone) en l\u00ednea: no se necesita receta, entrega r\u00e1pida","og_description":"Deltasone (prednisona) es un supresor de prescripci\u00f3n del sistema inmune utilizado para tratar una serie de enfermedades inflamatorias. Se puede pedir en l\u00ednea siempre que sepa la dosis exacta.","og_url":"https:\/\/drpillman.biz\/fr\/20-et-40-mg-en-ligne-sans-ordonnance-en-france.htm","og_site_name":"Dr.Pillman","article_modified_time":"2024-05-17T12:17:36+00:00","twitter_card":"summary_large_image","schema":{"@context":"https:\/\/schema.org","@graph":[{"@type":"WebPage","@id":"https:\/\/drpillman.biz\/fr\/20-et-40-mg-en-ligne-sans-ordonnance-en-france.htm","url":"https:\/\/drpillman.biz\/fr\/20-et-40-mg-en-ligne-sans-ordonnance-en-france.htm","name":"Acheter Deltasone 10,","isPartOf":{"@id":"https:\/\/drpillman.biz\/fr\/#website"},"datePublished":"2013-07-22T07:55:47+00:00","dateModified":"2024-05-17T12:17:36+00:00","description":"Deltasone (prednisona) es un supresor de prescripci\u00f3n del sistema inmune utilizado para tratar una serie de enfermedades inflamatorias. Se puede pedir en l\u00ednea siempre que sepa la dosis exacta.","breadcrumb":{"@id":"https:\/\/drpillman.biz\/fr\/20-et-40-mg-en-ligne-sans-ordonnance-en-france.htm#breadcrumb"},"inLanguage":"es","potentialAction":[{"@type":"ReadAction","target":["https:\/\/drpillman.biz\/fr\/20-et-40-mg-en-ligne-sans-ordonnance-en-france.htm"]}]},{"@type":"BreadcrumbList","@id":"https:\/\/drpillman.biz\/fr\/20-et-40-mg-en-ligne-sans-ordonnance-en-france.htm#breadcrumb","itemListElement":[{"@type":"ListItem","position":1,"name":"Home","item":"https:\/\/drpillman.biz\/fr\/"},{"@type":"ListItem","position":2,"name":"Deltasone"}]},{"@type":"WebSite","@id":"https:\/\/drpillman.biz\/fr\/#website","url":"https:\/\/drpillman.biz\/fr\/","name":"Dr.Pillman","description":"","potentialAction":[{"@type":"SearchAction","target":{"@type":"EntryPoint","urlTemplate":"https:\/\/drpillman.biz\/fr\/?s={search_term_string}"},"query-input":{"@type":"PropertyValueSpecification","valueRequired":true,"valueName":"search_term_string"}}],"inLanguage":"es"}]}},"_links":{"self":[{"href":"https:\/\/drpillman.biz\/es\/wp-json\/wp\/v2\/pages\/85","targetHints":{"allow":["GET"]}}],"collection":[{"href":"https:\/\/drpillman.biz\/es\/wp-json\/wp\/v2\/pages"}],"about":[{"href":"https:\/\/drpillman.biz\/es\/wp-json\/wp\/v2\/types\/page"}],"author":[{"embeddable":true,"href":"https:\/\/drpillman.biz\/es\/wp-json\/wp\/v2\/users\/3"}],"replies":[{"embeddable":true,"href":"https:\/\/drpillman.biz\/es\/wp-json\/wp\/v2\/comments?post=85"}],"version-history":[{"count":0,"href":"https:\/\/drpillman.biz\/es\/wp-json\/wp\/v2\/pages\/85\/revisions"}],"wp:attachment":[{"href":"https:\/\/drpillman.biz\/es\/wp-json\/wp\/v2\/media?parent=85"}],"curies":[{"name":"wp","href":"https:\/\/api.w.org\/{rel}","templated":true}]}}