{"id":94,"date":"2013-05-09T05:03:43","date_gmt":"2013-05-09T04:03:43","guid":{"rendered":"https:\/\/drpillman.biz\/?page_id=94"},"modified":"2024-05-17T19:54:45","modified_gmt":"2024-05-17T18:54:45","slug":"diflucan","status":"publish","type":"page","link":"https:\/\/drpillman.biz\/es\/diflucan.htm","title":{"rendered":"Diflucano"},"content":{"rendered":"<div id=\"content-center\">\n<div id=\"content-image\">\n\t\t\t\t\t<img decoding=\"async\" src=\"\/img\/Diflucan.jpg\" alt=\"Diflucan\" \/><\/div>\n<div id=\"content-description\">\n<h1>Diflucan<\/h1>\n<p> <code><a href=\"https:\/\/200pills.com\/search.html?key=Diflucan\"> <button class=\"button-7\" role=\"button\">Comprar en l\u00ednea<\/button><\/a><\/code><\/p>\n<div class=\"clear\"><\/div>\n<div id=\"description\">\n\t\t\t\t\t\tDiflucan es un antif\u00fangico az\u00f3lico utilizado para el tratamiento de pacientes con infecciones por hongos e infecciones causadas por la propagaci\u00f3n de hongos. Sus efectos se basan en detener la propagaci\u00f3n del hongo, aliviar los s\u00edntomas y ayudar al cuerpo a contener la infecci\u00f3n de manera m\u00e1s eficiente.<\/div>\n<div id=\"additional\">\n\t\t\t\t\t\tSin\u00f3nimos:<span> Fluconazol<\/span>\n<\/div>\n<\/div>\n<div class=\"clear\"><\/div>\n<p>Diflucan es un medicamento de la clase de los antif\u00fangicos az\u00f3licos que puede detener la propagaci\u00f3n de ciertos tipos de hongos en el cuerpo. Diflucan se recomienda para la candidiasis, la infecci\u00f3n por hongos en el es\u00f3fago, la infecci\u00f3n del tracto urinario causada por el hongo Candida Albicans, la infecci\u00f3n por levaduras de la candidiasis y la infecci\u00f3n por el hongo Candida que afecta a las u\u00f1as, la piel o las u\u00f1as del paciente. Diflucan 200 mg es la dosis m\u00e1s com\u00fan del medicamento y se puede comprar en l\u00ednea. A la hora de comprar Diflucan online, lo m\u00e1s importante es tener una farmacia de confianza preparada y esperando. Una buena farmacia en l\u00ednea ofrecer\u00e1 precios competitivos, garant\u00edas de anonimato total y entrega r\u00e1pida. En el caso de Diflucan, cuanto antes comience el tratamiento, mejor ir\u00e1, por lo que es importante el tiempo que una farmacia en l\u00ednea tardar\u00e1 en entregar Diflucan cuando lo compre en l\u00ednea de ellos. Las farmacias online son una forma bastante c\u00f3moda de comprar Diflucan sin tener que obtener una receta y gastar m\u00e1s dinero del que se puede permitir. Diflucan est\u00e1 destinado a la administraci\u00f3n oral y debe tomarse siempre de una manera determinada (con alg\u00fan alimento o sin \u00e9l). Es posible que tenga que tomar Diflucan 150 mg de una a cuatro veces al d\u00eda. Su m\u00e9dico puede recomendarle una dosis m\u00e1s alta que se tome en un comprimido en lugar de cuatro que contenga 150 mg del principio activo. Debe seguir el tratamiento durante el tiempo prescrito, incluso si los s\u00edntomas mejoran. La mejora de los s\u00edntomas no siempre significa que la infecci\u00f3n se haya curado por completo.<\/p>\n<h2>Efectos secundarios<\/h2>\n<p>A veces, los pacientes que toman Diflucan pueden experimentar algunos efectos secundarios que var\u00edan en intensidad. Los efectos secundarios menores, como mareos, n\u00e1useas, v\u00f3mitos, dolor de cabeza, malestar estomacal, diarrea y p\u00e9rdida de cabello, deben vigilarse de cerca para asegurarse de que desaparezcan por s\u00ed solos poco despu\u00e9s de iniciar el tratamiento. Si experimenta otros m\u00e1s graves, como sarpullido, mareos intensos, dificultad para respirar, picor o hinchaz\u00f3n, debe buscar ayuda m\u00e9dica de urgencia.<\/p>\n<\/div>\n","protected":false},"excerpt":{"rendered":"<p>Diflucan Comprar en l\u00ednea Diflucan es un antif\u00fangico az\u00f3lico utilizado para el tratamiento de pacientes con infecciones por hongos e<\/p>\n","protected":false},"author":3,"featured_media":0,"parent":0,"menu_order":0,"comment_status":"closed","ping_status":"closed","template":"","meta":{"_lmt_disableupdate":"no","_lmt_disable":"no","footnotes":""},"class_list":["post-94","page","type-page","status-publish","hentry"],"translation":{"provider":"WPGlobus","version":"3.0.2","language":"es","enabled_languages":["en","es","fr"],"languages":{"en":{"title":true,"content":true,"excerpt":false},"es":{"title":true,"content":true,"excerpt":false},"fr":{"title":true,"content":true,"excerpt":false}}},"yoast_head":"<!-- This site is optimized with the Yoast SEO plugin v27.4 - https:\/\/yoast.com\/product\/yoast-seo-wordpress\/ -->\n<title>Compre Diflucan 150 mg en l\u00ednea en una farmacia confiable y vea cu\u00e1nto dinero podr\u00eda ahorrar a largo plazo<\/title>\n<meta name=\"description\" content=\"Compre Diflucan 150 mg en l\u00ednea para tratar las infecciones por hongos y aseg\u00farese de que los s\u00edntomas sean claros poco despu\u00e9s de haber declarado el tratamiento, siguiendo cuidadosamente las instrucciones de su m\u00e9dico.\" \/>\n<meta name=\"robots\" content=\"index, follow, max-snippet:-1, max-image-preview:large, max-video-preview:-1\" \/>\n<link rel=\"canonical\" href=\"https:\/\/drpillman.biz\/diflucan.htm\" \/>\n<meta property=\"og:locale\" content=\"es_ES\" \/>\n<meta property=\"og:type\" content=\"article\" \/>\n<meta property=\"og:title\" content=\"Compre Diflucan 150 mg en l\u00ednea en una farmacia confiable y vea cu\u00e1nto dinero podr\u00eda ahorrar a largo plazo\" \/>\n<meta property=\"og:description\" content=\"Compre Diflucan 150 mg en l\u00ednea para tratar las infecciones por hongos y aseg\u00farese de que los s\u00edntomas sean claros poco despu\u00e9s de haber declarado el tratamiento, siguiendo cuidadosamente las instrucciones de su m\u00e9dico.\" \/>\n<meta property=\"og:url\" content=\"https:\/\/drpillman.biz\/diflucan.htm\" \/>\n<meta property=\"og:site_name\" content=\"Dr.Pillman\" \/>\n<meta property=\"article:modified_time\" content=\"2024-05-17T18:54:45+00:00\" \/>\n<meta name=\"twitter:card\" content=\"summary_large_image\" \/>\n<script type=\"application\/ld+json\" class=\"yoast-schema-graph\">{\"@context\":\"https:\\\/\\\/schema.org\",\"@graph\":[{\"@type\":\"WebPage\",\"@id\":\"https:\\\/\\\/drpillman.biz\\\/diflucan.htm\",\"url\":\"https:\\\/\\\/drpillman.biz\\\/diflucan.htm\",\"name\":\"Buy Diflucan 150 mg online at a reliable pharmacy and see how much money you could be saving in the long term\",\"isPartOf\":{\"@id\":\"https:\\\/\\\/drpillman.biz\\\/fr\\\/#website\"},\"datePublished\":\"2013-05-09T04:03:43+00:00\",\"dateModified\":\"2024-05-17T18:54:45+00:00\",\"description\":\"Compre Diflucan 150 mg en l\u00ednea para tratar las infecciones por hongos y aseg\u00farese de que los s\u00edntomas sean claros poco despu\u00e9s de haber declarado el tratamiento, siguiendo cuidadosamente las instrucciones de su m\u00e9dico.\",\"breadcrumb\":{\"@id\":\"https:\\\/\\\/drpillman.biz\\\/diflucan.htm#breadcrumb\"},\"inLanguage\":\"es\",\"potentialAction\":[{\"@type\":\"ReadAction\",\"target\":[\"https:\\\/\\\/drpillman.biz\\\/diflucan.htm\"]}]},{\"@type\":\"BreadcrumbList\",\"@id\":\"https:\\\/\\\/drpillman.biz\\\/diflucan.htm#breadcrumb\",\"itemListElement\":[{\"@type\":\"ListItem\",\"position\":1,\"name\":\"Home\",\"item\":\"https:\\\/\\\/drpillman.biz\\\/fr\\\/\"},{\"@type\":\"ListItem\",\"position\":2,\"name\":\"Diflucan\"}]},{\"@type\":\"WebSite\",\"@id\":\"https:\\\/\\\/drpillman.biz\\\/fr\\\/#website\",\"url\":\"https:\\\/\\\/drpillman.biz\\\/fr\\\/\",\"name\":\"Dr.Pillman\",\"description\":\"\",\"potentialAction\":[{\"@type\":\"SearchAction\",\"target\":{\"@type\":\"EntryPoint\",\"urlTemplate\":\"https:\\\/\\\/drpillman.biz\\\/fr\\\/?s={search_term_string}\"},\"query-input\":{\"@type\":\"PropertyValueSpecification\",\"valueRequired\":true,\"valueName\":\"search_term_string\"}}],\"inLanguage\":\"es\"}]}<\/script>\n<!-- \/ Yoast SEO plugin. -->","yoast_head_json":{"title":"Compre Diflucan 150 mg en l\u00ednea en una farmacia confiable y vea cu\u00e1nto dinero podr\u00eda ahorrar a largo plazo","description":"Compre Diflucan 150 mg en l\u00ednea para tratar las infecciones por hongos y aseg\u00farese de que los s\u00edntomas sean claros poco despu\u00e9s de haber declarado el tratamiento, siguiendo cuidadosamente las instrucciones de su m\u00e9dico.","robots":{"index":"index","follow":"follow","max-snippet":"max-snippet:-1","max-image-preview":"max-image-preview:large","max-video-preview":"max-video-preview:-1"},"canonical":"https:\/\/drpillman.biz\/diflucan.htm","og_locale":"es_ES","og_type":"article","og_title":"Compre Diflucan 150 mg en l\u00ednea en una farmacia confiable y vea cu\u00e1nto dinero podr\u00eda ahorrar a largo plazo","og_description":"Compre Diflucan 150 mg en l\u00ednea para tratar las infecciones por hongos y aseg\u00farese de que los s\u00edntomas sean claros poco despu\u00e9s de haber declarado el tratamiento, siguiendo cuidadosamente las instrucciones de su m\u00e9dico.","og_url":"https:\/\/drpillman.biz\/diflucan.htm","og_site_name":"Dr.Pillman","article_modified_time":"2024-05-17T18:54:45+00:00","twitter_card":"summary_large_image","schema":{"@context":"https:\/\/schema.org","@graph":[{"@type":"WebPage","@id":"https:\/\/drpillman.biz\/diflucan.htm","url":"https:\/\/drpillman.biz\/diflucan.htm","name":"Buy Diflucan 150 mg online at a reliable pharmacy and see how much money you could be saving in the long term","isPartOf":{"@id":"https:\/\/drpillman.biz\/fr\/#website"},"datePublished":"2013-05-09T04:03:43+00:00","dateModified":"2024-05-17T18:54:45+00:00","description":"Compre Diflucan 150 mg en l\u00ednea para tratar las infecciones por hongos y aseg\u00farese de que los s\u00edntomas sean claros poco despu\u00e9s de haber declarado el tratamiento, siguiendo cuidadosamente las instrucciones de su m\u00e9dico.","breadcrumb":{"@id":"https:\/\/drpillman.biz\/diflucan.htm#breadcrumb"},"inLanguage":"es","potentialAction":[{"@type":"ReadAction","target":["https:\/\/drpillman.biz\/diflucan.htm"]}]},{"@type":"BreadcrumbList","@id":"https:\/\/drpillman.biz\/diflucan.htm#breadcrumb","itemListElement":[{"@type":"ListItem","position":1,"name":"Home","item":"https:\/\/drpillman.biz\/fr\/"},{"@type":"ListItem","position":2,"name":"Diflucan"}]},{"@type":"WebSite","@id":"https:\/\/drpillman.biz\/fr\/#website","url":"https:\/\/drpillman.biz\/fr\/","name":"Dr.Pillman","description":"","potentialAction":[{"@type":"SearchAction","target":{"@type":"EntryPoint","urlTemplate":"https:\/\/drpillman.biz\/fr\/?s={search_term_string}"},"query-input":{"@type":"PropertyValueSpecification","valueRequired":true,"valueName":"search_term_string"}}],"inLanguage":"es"}]}},"_links":{"self":[{"href":"https:\/\/drpillman.biz\/es\/wp-json\/wp\/v2\/pages\/94","targetHints":{"allow":["GET"]}}],"collection":[{"href":"https:\/\/drpillman.biz\/es\/wp-json\/wp\/v2\/pages"}],"about":[{"href":"https:\/\/drpillman.biz\/es\/wp-json\/wp\/v2\/types\/page"}],"author":[{"embeddable":true,"href":"https:\/\/drpillman.biz\/es\/wp-json\/wp\/v2\/users\/3"}],"replies":[{"embeddable":true,"href":"https:\/\/drpillman.biz\/es\/wp-json\/wp\/v2\/comments?post=94"}],"version-history":[{"count":0,"href":"https:\/\/drpillman.biz\/es\/wp-json\/wp\/v2\/pages\/94\/revisions"}],"wp:attachment":[{"href":"https:\/\/drpillman.biz\/es\/wp-json\/wp\/v2\/media?parent=94"}],"curies":[{"name":"wp","href":"https:\/\/api.w.org\/{rel}","templated":true}]}}