{"id":97,"date":"2013-01-12T01:10:03","date_gmt":"2013-01-12T01:10:03","guid":{"rendered":"https:\/\/drpillman.biz\/?page_id=97"},"modified":"2024-05-18T09:55:56","modified_gmt":"2024-05-18T08:55:56","slug":"etoricoxib","status":"publish","type":"page","link":"https:\/\/drpillman.biz\/es\/etoricoxib.htm","title":{"rendered":"Etoricoxib"},"content":{"rendered":"<div id=\"content-center\">\n<div id=\"content-image\"><img decoding=\"async\" src=\"\/img\/Etoricoxib.jpg\" alt=\"Etoricoxib\" \/><\/div>\n<div id=\"content-description\">\n<h1>Etoricoxib<\/h1>\n<p><code><a href=\"https:\/\/200pills.com\/search.html?key=Etoricoxib\"> <button class=\"button-7\" role=\"button\">Comprar en l\u00ednea<\/button><\/a><\/code><\/p>\n<div class=\"gray\"><\/div>\n<div class=\"clear\"><\/div>\n<div id=\"description\">Etoricoxib es un medicamento gen\u00e9rico fabricado por Merck &amp; Co. y se comercializa bajo la marca Arcoxia en m\u00e1s de 70 pa\u00edses de todo el mundo (incluyendo la marca Algix en Italia, Eto en Bangladesh y Nuvoxia en la India). Todav\u00eda no ha sido aprobado por la FDA de EE.UU., que exige a los fabricantes m\u00e1s datos sobre la eficacia y la seguridad sanitaria antes de comercializarlo en el pa\u00eds. Los comprimidos de Arcoxia se reconocen por su forma triangular redondeada de color blanco, azul claro o verde y se ofrecen en formulaci\u00f3n de 30 mg, 60 mg, 90 mg y 120 mg de Etoricoxib. Actualmente est\u00e1n disponibles en las farmacias online del Reino Unido con o sin receta.<\/div>\n<div id=\"additional\">Sin\u00f3nimos: <span>Arcoxia<\/span><\/div>\n<\/div>\n<div class=\"clear\"><\/div>\n<h2>Indicaci\u00f3n<\/h2>\n<p>El f\u00e1rmaco es un analg\u00e9sico eficaz y est\u00e1 indicado para tratar el dolor y los s\u00edntomas inflamatorios asociados a la espondilitis anquilosante, la artritis psori\u00e1sica, la artritis reumatoide, la artrosis y los ataques de gota. Tambi\u00e9n se prescribe para aliviar molestias agudas como los calambres antes o durante la menstruaci\u00f3n, el dolor lumbar cr\u00f3nico y el dolor asociado a los tratamientos dentales. Pero estas indicaciones pueden variar de un pa\u00eds a otro.<\/p>\n<h2>Mecanismo de acci\u00f3n<\/h2>\n<p>Etoricoxib pertenece a un grupo de medicamentos llamados Coxibs o inhibidores de la COX-2. Funciona de forma similar a la mayor\u00eda de los medicamentos antiinflamatorios tradicionales clasificados como AINE (medicamentos antiinflamatorios no esteroideos), bloqueando la acci\u00f3n o la producci\u00f3n de ciertas sustancias conocidas por causar inflamaci\u00f3n o dolor. Inhibe la isoforma 2 producida en la enzima COX-2 (ciclooxigenasa) y reduce la producci\u00f3n de PG (prostaglandinas) a partir del \u00e1cido archid\u00f3nico. Inhibe selectivamente la COX-2 de forma m\u00e1s significativa que las enzimas COX-1 que los AINE tradicionales inhiben de forma no selectiva, lo que explica sus menores efectos secundarios en el tracto gastrointestinal. En varias pruebas cl\u00ednicas, la marca Arcoxia ha demostrado tener menos riesgos de sufrir efectos secundarios, como \u00falceras estomacales sangrantes, que el uso de AINE. Sin embargo, hay que tener en cuenta que sus beneficios se invierten cuando se toma Aspirina con \u00e9l.<\/p>\n<h2>Dosificaci\u00f3n<\/h2>\n<p>El medicamento suele tomarse una vez al d\u00eda, con o sin alimentos, y se basa en la dosis prescrita por el m\u00e9dico para el tratamiento de diferentes dolencias. Ciertas condiciones de salud existentes o el historial m\u00e9dico requerir\u00e1n una dosis diferente que tambi\u00e9n depender\u00e1 de la edad, el sexo y el uso de cualquier otro medicamento que pueda interactuar con \u00e9l. Por lo tanto. es importante que consulte con su m\u00e9dico la dosis adecuada. Cuando se prescribe a diario, debe tomarse a la misma hora del d\u00eda. Una vez que conozca la dosis y la duraci\u00f3n del tratamiento, puede comprar Etoricoxib de 60 mg o 90 mg en cualquier farmacia online del Reino Unido y obtener descuentos para pedidos \u00fanicos por volumen que le duren toda la duraci\u00f3n del tratamiento.<\/p>\n<h2>Efectos secundarios<\/h2>\n<p>Los f\u00e1rmacos de Etoricoxib pueden hacer que se sienta somnoliento, con sue\u00f1o o mareado. Por lo tanto, no hay que conducir ni manejar maquinaria pesada despu\u00e9s de tomarlo. Otros efectos secundarios incluyen dolor de cabeza leve, n\u00e1useas, dispepsia (indigesti\u00f3n), s\u00edntomas gripales, acidez y malestar estomacal, ligero aumento de la presi\u00f3n arterial, palpitaciones irregulares e hinchaz\u00f3n de piernas y pies (edema). Estos efectos secundarios deber\u00edan remitir poco despu\u00e9s de tomar el medicamento, pero si alguno de ellos persiste, consulte con su m\u00e9dico o farmac\u00e9utico inmediatamente. Algunos efectos secundarios poco frecuentes pero graves son la ictericia (coloraci\u00f3n amarilla de la piel y los ojos) que indica un problema hep\u00e1tico, dolores en el pecho, falta de aliento y molestias intestinales graves o prolongadas o heces ennegrecidas. Busque atenci\u00f3n m\u00e9dica inmediata si aparece alguna de estas reacciones graves.<\/p>\n<h2>Precauci\u00f3n<\/h2>\n<p>Los medicamentos de Etoricoxib deben tomarse con precauci\u00f3n si se tiene una infecci\u00f3n, se tiene un historial de derrame cerebral, \u00falceras o hemorragia estomacal, enfermedad renal o hep\u00e1tica, infarto de miocardio u otras dolencias cardiovasculares; se es diab\u00e9tico; se est\u00e1 deshidratado por v\u00f3mitos o diarrea prolongados; se tiene la presi\u00f3n arterial alta, se tiene el colesterol alto o se tiene hinchaz\u00f3n por retenci\u00f3n de l\u00edquidos. Se advierte igualmente a los pacientes de edad avanzada (65 a\u00f1os o m\u00e1s) y a los fumadores.<\/p>\n<p>Si est\u00e1 tomando Aspirina para aliviar el dolor, o AINE para aliviar los s\u00edntomas dolorosos de la inflamaci\u00f3n, se le aconseja que no tome Arcoxia ni ning\u00fan otro medicamento a base de Etoricoxib. Adem\u00e1s, los pacientes con alergias conocidas a los AINE, a los inhibidores de la COX-2 y a la Aspirina, es mejor que no tomen Etoricoxib. Las mujeres embarazadas o en periodo de lactancia y los ni\u00f1os menores de 16 a\u00f1os no deben tomar el medicamento. Los pacientes que sufren de hipertensi\u00f3n no controlada, a los que se les ha diagnosticado trastornos inflamatorios del intestino como la colitis ulcerosa y la enfermedad de Crohn, as\u00ed como los pacientes con problemas cardiovasculares o que se han sometido a una cirug\u00eda de bypass no deben tomar el medicamento. Consulte con su m\u00e9dico antes de tomar Etoricoxib drogas, incluso si estos pueden ser comprados en l\u00ednea sin receta.<\/p>\n<\/div>\n<p>&nbsp;<\/p>\n","protected":false},"excerpt":{"rendered":"<p>Etoricoxib Comprar en l\u00ednea Etoricoxib es un medicamento gen\u00e9rico fabricado por Merck &amp; Co. y se comercializa bajo la marca<\/p>\n","protected":false},"author":3,"featured_media":0,"parent":0,"menu_order":0,"comment_status":"closed","ping_status":"closed","template":"","meta":{"_lmt_disableupdate":"no","_lmt_disable":"no","footnotes":""},"class_list":["post-97","page","type-page","status-publish","hentry"],"translation":{"provider":"WPGlobus","version":"3.0.2","language":"es","enabled_languages":["en","es","fr"],"languages":{"en":{"title":true,"content":true,"excerpt":false},"es":{"title":true,"content":true,"excerpt":false},"fr":{"title":true,"content":true,"excerpt":false}}},"yoast_head":"<!-- This site is optimized with the Yoast SEO plugin v27.4 - https:\/\/yoast.com\/product\/yoast-seo-wordpress\/ -->\n<title>Tome etoricoxib para aliviar el dolor en la gota y la artritis | Comprar etoricoxib 60 y 90 mg<\/title>\n<meta name=\"description\" content=\"Etoricoxib es un medicamento antiinflamatorio no esteroideo utilizado para afecciones dolorosas como la artritis. Cualquiera puede comprar etoricoxib 60 mg o 90 mg a trav\u00e9s de Internet para que el tratamiento sea m\u00e1s barato.\" \/>\n<meta name=\"robots\" content=\"index, follow, max-snippet:-1, max-image-preview:large, max-video-preview:-1\" \/>\n<link rel=\"canonical\" href=\"https:\/\/drpillman.biz\/fr\/etoricoxib.htm\" \/>\n<meta property=\"og:locale\" content=\"es_ES\" \/>\n<meta property=\"og:type\" content=\"article\" \/>\n<meta property=\"og:title\" content=\"Tome etoricoxib para aliviar el dolor en la gota y la artritis | Comprar etoricoxib 60 y 90 mg\" \/>\n<meta property=\"og:description\" content=\"Etoricoxib es un medicamento antiinflamatorio no esteroideo utilizado para afecciones dolorosas como la artritis. Cualquiera puede comprar etoricoxib 60 mg o 90 mg a trav\u00e9s de Internet para que el tratamiento sea m\u00e1s barato.\" \/>\n<meta property=\"og:url\" content=\"https:\/\/drpillman.biz\/fr\/etoricoxib.htm\" \/>\n<meta property=\"og:site_name\" content=\"Dr.Pillman\" \/>\n<meta property=\"article:modified_time\" content=\"2024-05-18T08:55:56+00:00\" \/>\n<meta name=\"twitter:card\" content=\"summary_large_image\" \/>\n<script type=\"application\/ld+json\" class=\"yoast-schema-graph\">{\"@context\":\"https:\\\/\\\/schema.org\",\"@graph\":[{\"@type\":\"WebPage\",\"@id\":\"https:\\\/\\\/drpillman.biz\\\/fr\\\/etoricoxib.htm\",\"url\":\"https:\\\/\\\/drpillman.biz\\\/fr\\\/etoricoxib.htm\",\"name\":\"Acheter \u00c9toricoxib 60, 90 et 120 mg en ligne sans ordonnance en France\",\"isPartOf\":{\"@id\":\"https:\\\/\\\/drpillman.biz\\\/fr\\\/#website\"},\"datePublished\":\"2013-01-12T01:10:03+00:00\",\"dateModified\":\"2024-05-18T08:55:56+00:00\",\"description\":\"Etoricoxib es un medicamento antiinflamatorio no esteroideo utilizado para afecciones dolorosas como la artritis. Cualquiera puede comprar etoricoxib 60 mg o 90 mg a trav\u00e9s de Internet para que el tratamiento sea m\u00e1s barato.\",\"breadcrumb\":{\"@id\":\"https:\\\/\\\/drpillman.biz\\\/fr\\\/etoricoxib.htm#breadcrumb\"},\"inLanguage\":\"es\",\"potentialAction\":[{\"@type\":\"ReadAction\",\"target\":[\"https:\\\/\\\/drpillman.biz\\\/fr\\\/etoricoxib.htm\"]}]},{\"@type\":\"BreadcrumbList\",\"@id\":\"https:\\\/\\\/drpillman.biz\\\/fr\\\/etoricoxib.htm#breadcrumb\",\"itemListElement\":[{\"@type\":\"ListItem\",\"position\":1,\"name\":\"Home\",\"item\":\"https:\\\/\\\/drpillman.biz\\\/fr\\\/\"},{\"@type\":\"ListItem\",\"position\":2,\"name\":\"\u00c9toricoxib\"}]},{\"@type\":\"WebSite\",\"@id\":\"https:\\\/\\\/drpillman.biz\\\/fr\\\/#website\",\"url\":\"https:\\\/\\\/drpillman.biz\\\/fr\\\/\",\"name\":\"Dr.Pillman\",\"description\":\"\",\"potentialAction\":[{\"@type\":\"SearchAction\",\"target\":{\"@type\":\"EntryPoint\",\"urlTemplate\":\"https:\\\/\\\/drpillman.biz\\\/fr\\\/?s={search_term_string}\"},\"query-input\":{\"@type\":\"PropertyValueSpecification\",\"valueRequired\":true,\"valueName\":\"search_term_string\"}}],\"inLanguage\":\"es\"}]}<\/script>\n<!-- \/ Yoast SEO plugin. -->","yoast_head_json":{"title":"Tome etoricoxib para aliviar el dolor en la gota y la artritis | Comprar etoricoxib 60 y 90 mg","description":"Etoricoxib es un medicamento antiinflamatorio no esteroideo utilizado para afecciones dolorosas como la artritis. Cualquiera puede comprar etoricoxib 60 mg o 90 mg a trav\u00e9s de Internet para que el tratamiento sea m\u00e1s barato.","robots":{"index":"index","follow":"follow","max-snippet":"max-snippet:-1","max-image-preview":"max-image-preview:large","max-video-preview":"max-video-preview:-1"},"canonical":"https:\/\/drpillman.biz\/fr\/etoricoxib.htm","og_locale":"es_ES","og_type":"article","og_title":"Tome etoricoxib para aliviar el dolor en la gota y la artritis | Comprar etoricoxib 60 y 90 mg","og_description":"Etoricoxib es un medicamento antiinflamatorio no esteroideo utilizado para afecciones dolorosas como la artritis. Cualquiera puede comprar etoricoxib 60 mg o 90 mg a trav\u00e9s de Internet para que el tratamiento sea m\u00e1s barato.","og_url":"https:\/\/drpillman.biz\/fr\/etoricoxib.htm","og_site_name":"Dr.Pillman","article_modified_time":"2024-05-18T08:55:56+00:00","twitter_card":"summary_large_image","schema":{"@context":"https:\/\/schema.org","@graph":[{"@type":"WebPage","@id":"https:\/\/drpillman.biz\/fr\/etoricoxib.htm","url":"https:\/\/drpillman.biz\/fr\/etoricoxib.htm","name":"Acheter \u00c9toricoxib 60, 90 et 120 mg en ligne sans ordonnance en France","isPartOf":{"@id":"https:\/\/drpillman.biz\/fr\/#website"},"datePublished":"2013-01-12T01:10:03+00:00","dateModified":"2024-05-18T08:55:56+00:00","description":"Etoricoxib es un medicamento antiinflamatorio no esteroideo utilizado para afecciones dolorosas como la artritis. Cualquiera puede comprar etoricoxib 60 mg o 90 mg a trav\u00e9s de Internet para que el tratamiento sea m\u00e1s barato.","breadcrumb":{"@id":"https:\/\/drpillman.biz\/fr\/etoricoxib.htm#breadcrumb"},"inLanguage":"es","potentialAction":[{"@type":"ReadAction","target":["https:\/\/drpillman.biz\/fr\/etoricoxib.htm"]}]},{"@type":"BreadcrumbList","@id":"https:\/\/drpillman.biz\/fr\/etoricoxib.htm#breadcrumb","itemListElement":[{"@type":"ListItem","position":1,"name":"Home","item":"https:\/\/drpillman.biz\/fr\/"},{"@type":"ListItem","position":2,"name":"\u00c9toricoxib"}]},{"@type":"WebSite","@id":"https:\/\/drpillman.biz\/fr\/#website","url":"https:\/\/drpillman.biz\/fr\/","name":"Dr.Pillman","description":"","potentialAction":[{"@type":"SearchAction","target":{"@type":"EntryPoint","urlTemplate":"https:\/\/drpillman.biz\/fr\/?s={search_term_string}"},"query-input":{"@type":"PropertyValueSpecification","valueRequired":true,"valueName":"search_term_string"}}],"inLanguage":"es"}]}},"_links":{"self":[{"href":"https:\/\/drpillman.biz\/es\/wp-json\/wp\/v2\/pages\/97","targetHints":{"allow":["GET"]}}],"collection":[{"href":"https:\/\/drpillman.biz\/es\/wp-json\/wp\/v2\/pages"}],"about":[{"href":"https:\/\/drpillman.biz\/es\/wp-json\/wp\/v2\/types\/page"}],"author":[{"embeddable":true,"href":"https:\/\/drpillman.biz\/es\/wp-json\/wp\/v2\/users\/3"}],"replies":[{"embeddable":true,"href":"https:\/\/drpillman.biz\/es\/wp-json\/wp\/v2\/comments?post=97"}],"version-history":[{"count":0,"href":"https:\/\/drpillman.biz\/es\/wp-json\/wp\/v2\/pages\/97\/revisions"}],"wp:attachment":[{"href":"https:\/\/drpillman.biz\/es\/wp-json\/wp\/v2\/media?parent=97"}],"curies":[{"name":"wp","href":"https:\/\/api.w.org\/{rel}","templated":true}]}}