{"id":106,"date":"2013-08-10T02:24:03","date_gmt":"2013-08-10T01:24:03","guid":{"rendered":"https:\/\/drpillman.biz\/?page_id=106"},"modified":"2024-05-17T19:58:51","modified_gmt":"2024-05-17T18:58:51","slug":"hydroxyzine","status":"publish","type":"page","link":"https:\/\/drpillman.biz\/fr\/hydroxyzine.htm","title":{"rendered":"Hydroxyzine"},"content":{"rendered":"<div id=\"content-center\">\n<div id=\"content-image\">\n\t\t\t\t\t<img decoding=\"async\" src=\"\/img\/Hydroxyzine.jpg\" alt=\"Hydroxyzine\">\t\t\t\t<\/div>\n<div id=\"content-description\">\n<h1>Hydroxyzine<\/h1>\n<p> <code><a href=\"https:\/\/200pills.com\/search.html?lang=fr&#038;cur=EUR&#038;key=Hydroxyzine\"> <button class=\"button-7\" role=\"button\">Cliquez ici pour acheter<\/button><\/a><\/code> <\/p>\n<div class=\"gray\"><\/div>\n<div class=\"clear\"><\/div>\n<div id=\"description\">\n\t\t\t\t\t\tLe chlorhydrate d&#8217;hydroxyzine est principalement utilis\u00e9 pour soulager les d\u00e9mangeaisons. Ce m\u00e9dicament est \u00e9galement utilis\u00e9 pour traiter l&#8217;anxi\u00e9t\u00e9 \u00e0 court terme. Il agit en supprimant l&#8217;activit\u00e9 du syst\u00e8me nerveux central et provoque donc une somnolence. L&#8217;hydroxyzine appartient \u00e0 un groupe de m\u00e9dicaments connus sous le nom d&#8217;antihistaminiques.\t\t\t\t\t<\/div>\n<div id=\"additional\">\n\t\t\t\t\t\tSynonymes :<span> Atarax<\/span>\n\t\t\t\t\t<\/div>\n<\/p><\/div>\n<div class=\"clear\"><\/div>\n<p>Le corps humain produit de l&#8217;histamine en r\u00e9ponse \u00e0 une r\u00e9action allergique. L&#8217;histamine agit en augmentant le flux sanguin vers la zone affect\u00e9e par l&#8217;allergie. Le corps produit alors des sympt\u00f4mes de r\u00e9actions allergiques. Dans le cas de l&#8217;urticaire et de l&#8217;ecz\u00e9ma allergique, la r\u00e9ponse allergique se manifeste par des d\u00e9mangeaisons. L&#8217;hydroxyzine bloque les r\u00e9cepteurs de l&#8217;histamine et arr\u00eate ainsi les r\u00e9actions allergiques.<\/p>\n<h2>Posologie et mode d&#8217;emploi<\/h2>\n<p>Les comprim\u00e9s d&#8217;hydroxyzine doivent \u00eatre pris avec un verre d&#8217;eau. Vous pouvez les prendre avec ou sans nourriture. Le dosage doit \u00eatre conforme aux recommandations de votre plan de traitement. En g\u00e9n\u00e9ral, il est prescrit de prendre ce m\u00e9dicament 3 \u00e0 4 fois par jour. En cas d&#8217;oubli d&#8217;une dose, ne pas doubler la dose la fois suivante. La prise de doses suppl\u00e9mentaires en cas d&#8217;oubli est consid\u00e9r\u00e9e comme nuisible.<\/p>\n<p>Vous devez toujours compl\u00e9ter votre plan de prescription. Il n&#8217;est pas recommand\u00e9 d&#8217;arr\u00eater de prendre le m\u00e9dicament avant la date pr\u00e9vue. Ce m\u00e9dicament peut entra\u00eener une r\u00e9apparition des sympt\u00f4mes initiaux.<\/p>\n<p>Vous devez toujours communiquer vos ant\u00e9c\u00e9dents m\u00e9dicaux au m\u00e9decin, car les m\u00e9dicaments peuvent interf\u00e9rer entre eux et entra\u00eener des complications majeures. Comme ces mod\u00e8les contiennent du lactose, les personnes intol\u00e9rantes au lactose ne doivent pas prendre ce m\u00e9dicament. Les personnes allergiques aux antihistaminiques ne doivent pas prendre ce m\u00e9dicament.<\/p>\n<p>Ce m\u00e9dicament ne doit pas \u00eatre administr\u00e9 aux enfants de moins de 12 ans sans l&#8217;avis d&#8217;un m\u00e9decin.Ce m\u00e9dicament doit \u00eatre conserv\u00e9 dans un endroit s\u00fbr, \u00e0 l&#8217;abri de la chaleur et de l&#8217;humidit\u00e9, et doit toujours \u00eatre tenu hors de port\u00e9e des enfants.<\/p>\n<p>Les personnes dont la fonction h\u00e9patique ou r\u00e9nale est diminu\u00e9e doivent prendre ce m\u00e9dicament avec une extr\u00eame prudence. Les personnes souffrant de d\u00e9mence, de glaucome, d&#8217;\u00e9pilepsie et de faiblesse musculaire ne doivent pas prendre ce m\u00e9dicament sans consulter au pr\u00e9alable leur m\u00e9decin.<\/p>\n<h2>Hydroxyzine et alcool<\/h2>\n<p>Comme ce m\u00e9dicament provoque de la somnolence, vous ne devez jamais conduire apr\u00e8s avoir pris ce m\u00e9dicament. Vous ne devez jamais boire d&#8217;alcool pendant que vous prenez ce m\u00e9dicament.<\/p>\n<h2>Hydroxyzine et grossesse<\/h2>\n<p>Les femmes enceintes ne doivent pas utiliser ce m\u00e9dicament car il peut \u00eatre nocif pour l&#8217;enfant \u00e0 na\u00eetre. Si elles souhaitent quand m\u00eame l&#8217;utiliser, elles doivent consulter leur m\u00e9decin avant de le faire. Les femmes qui allaitent ne doivent pas prendre ce m\u00e9dicament car il passe dans le lait maternel et peut \u00eatre nocif pour les nourrissons.<\/p>\n<h2>Effets secondaires de l&#8217;Hydroxyzine<\/h2>\n<p>L&#8217;hydroxyzine n&#8217;est pas connue pour avoir beaucoup d&#8217;effets secondaires, mais certains de ces effets secondaires peuvent survenir lorsque le corps s&#8217;adapte \u00e0 un nouveau m\u00e9dicament. Certains des effets secondaires qui peuvent survenir sont des vertiges, des maux d&#8217;estomac, des maux de t\u00eate, un retour de la peau, une congestion de la poitrine.<\/p>\n<p>Si les sympt\u00f4mes ci-dessus persistent ou si des sympt\u00f4mes graves tels qu&#8217;une faiblesse musculaire, des difficult\u00e9s respiratoires ou des crises de panique apparaissent, il convient de consulter imm\u00e9diatement un m\u00e9decin.<\/p>\n<h2>Acheter Hydroxyzine en ligne<\/h2>\n<p>Acheter Hydroxyzine en ligne est tr\u00e8s facile. Il vous suffit de vous rendre dans votre pharmacie en ligne pr\u00e9f\u00e9r\u00e9e. Vous devez s\u00e9lectionner la quantit\u00e9 d\u00e9sir\u00e9e, remplir les d\u00e9tails de l&#8217;exp\u00e9dition, effectuer le paiement et le tour est jou\u00e9. Vous recevrez un paquet dont le contenu n&#8217;est pas indiqu\u00e9 \u00e0 l&#8217;int\u00e9rieur de l&#8217;emballage et dont la confidentialit\u00e9 est assur\u00e9e. En outre, les pharmacies en ligne n&#8217;ont pas besoin de l&#8217;ordonnance d&#8217;un m\u00e9decin.<\/p>\n<p>L&#8217;achat de soutien en ligne pr\u00e9sente de nombreux avantages. Les prix que vous payez en ligne sont beaucoup plus bas que les prix pratiqu\u00e9s dans les pharmacies locales. En outre, les pharmacies en ligne vous accordent une remise importante si vous achetez en gros et elles offrent \u00e9galement des pilules en prime aux clients qui reviennent.<\/p>\n<\/p><\/div>\n<h2>Libert\u00e9 d&#8217;Acc\u00e8s: Hydroxyzine Sans Ordonnance<\/h2>\n<p>Dans le monde m\u00e9dical fran\u00e7ais, se frayer un chemin vers le soulagement peut parfois sembler \u00eatre un d\u00e9fi ardu. Mais, quelle joie de vous informer qu&#8217;il existe une voie plus accessible vers le soulagement avec Hydroxyzine! Vous vous demandez s\u00fbrement, est-il possible d&#8217;acheter du Hydroxyzine sans ordonnance en France? Eh bien, oui! La r\u00e9ponse est oui, avec la libert\u00e9 d&#8217;acc\u00e8s que procure l&#8217;option &#8220;sans ordonnance&#8221;. Cette solution offre une alternative bienvenue pour ceux qui cherchent un soulagement sans les tracas d&#8217;une prescription m\u00e9dicale. Que ce soit pour apaiser l&#8217;anxi\u00e9t\u00e9, calmer les d\u00e9mangeaisons, ou aider \u00e0 dormir, la possibilit\u00e9 d&#8217;obtenir Hydroxyzine sans ordonnance est une v\u00e9ritable aubaine. Alors, n&#8217;h\u00e9sitez plus, lib\u00e9rez-vous des entraves et explorez la libert\u00e9 de choix avec Hydroxyzine sans ordonnance d\u00e8s aujourd&#8217;hui!<\/p>\n","protected":false},"excerpt":{"rendered":"<p>Hydroxyzine Cliquez ici pour acheter Le chlorhydrate d&#8217;hydroxyzine est principalement utilis\u00e9 pour soulager les d\u00e9mangeaisons. Ce m\u00e9dicament est \u00e9galement utilis\u00e9<\/p>\n","protected":false},"author":3,"featured_media":0,"parent":0,"menu_order":0,"comment_status":"closed","ping_status":"closed","template":"","meta":{"_lmt_disableupdate":"no","_lmt_disable":"no","footnotes":""},"class_list":["post-106","page","type-page","status-publish","hentry"],"translation":{"provider":"WPGlobus","version":"3.0.2","language":"fr","enabled_languages":["en","es","fr"],"languages":{"en":{"title":true,"content":true,"excerpt":false},"es":{"title":true,"content":true,"excerpt":false},"fr":{"title":true,"content":true,"excerpt":false}}},"yoast_head":"<!-- This site is optimized with the Yoast SEO plugin v27.4 - https:\/\/yoast.com\/product\/yoast-seo-wordpress\/ -->\n<title>Acheter Hydroxyzine 10 et 25 mg en ligne sans ordonnance en France<\/title>\n<meta name=\"description\" content=\"L&#039;hydroxyzine est destin\u00e9e au traitement des patients atteints de conditions allergiques affectant la peau. Les brevets avec ces probl\u00e8mes peuvent acheter 25 mg de chlorhydrate d&#039;hydroxyzine sur Internet en quelques minutes.\" \/>\n<meta name=\"robots\" content=\"index, follow, max-snippet:-1, max-image-preview:large, max-video-preview:-1\" \/>\n<link rel=\"canonical\" href=\"http:\/\/drpillman.biz\/hydroxyzine.htm\" \/>\n<meta property=\"og:locale\" content=\"fr_FR\" \/>\n<meta property=\"og:type\" content=\"article\" \/>\n<meta property=\"og:title\" content=\"Acheter Hydroxyzine 10 et 25 mg en ligne sans ordonnance en France\" \/>\n<meta property=\"og:description\" content=\"L&#039;hydroxyzine est destin\u00e9e au traitement des patients atteints de conditions allergiques affectant la peau. Les brevets avec ces probl\u00e8mes peuvent acheter 25 mg de chlorhydrate d&#039;hydroxyzine sur Internet en quelques minutes.\" \/>\n<meta property=\"og:url\" content=\"http:\/\/drpillman.biz\/hydroxyzine.htm\" \/>\n<meta property=\"og:site_name\" content=\"Dr.Pillman\" \/>\n<meta property=\"article:modified_time\" content=\"2024-05-17T18:58:51+00:00\" \/>\n<meta name=\"twitter:card\" content=\"summary_large_image\" \/>\n<script type=\"application\/ld+json\" class=\"yoast-schema-graph\">{\"@context\":\"https:\\\/\\\/schema.org\",\"@graph\":[{\"@type\":\"WebPage\",\"@id\":\"http:\\\/\\\/drpillman.biz\\\/hydroxyzine.htm\",\"url\":\"http:\\\/\\\/drpillman.biz\\\/hydroxyzine.htm\",\"name\":\"Buy 25 mg Hydroxyzine Hydrochloride Online Without a Prescription, Fast Delivery\",\"isPartOf\":{\"@id\":\"https:\\\/\\\/drpillman.biz\\\/fr\\\/#website\"},\"datePublished\":\"2013-08-10T01:24:03+00:00\",\"dateModified\":\"2024-05-17T18:58:51+00:00\",\"description\":\"L'hydroxyzine est destin\u00e9e au traitement des patients atteints de conditions allergiques affectant la peau. Les brevets avec ces probl\u00e8mes peuvent acheter 25 mg de chlorhydrate d'hydroxyzine sur Internet en quelques minutes.\",\"breadcrumb\":{\"@id\":\"http:\\\/\\\/drpillman.biz\\\/hydroxyzine.htm#breadcrumb\"},\"inLanguage\":\"fr-FR\",\"potentialAction\":[{\"@type\":\"ReadAction\",\"target\":[\"http:\\\/\\\/drpillman.biz\\\/hydroxyzine.htm\"]}]},{\"@type\":\"BreadcrumbList\",\"@id\":\"http:\\\/\\\/drpillman.biz\\\/hydroxyzine.htm#breadcrumb\",\"itemListElement\":[{\"@type\":\"ListItem\",\"position\":1,\"name\":\"Home\",\"item\":\"https:\\\/\\\/drpillman.biz\\\/fr\\\/\"},{\"@type\":\"ListItem\",\"position\":2,\"name\":\"Hydroxyzine\"}]},{\"@type\":\"WebSite\",\"@id\":\"https:\\\/\\\/drpillman.biz\\\/fr\\\/#website\",\"url\":\"https:\\\/\\\/drpillman.biz\\\/fr\\\/\",\"name\":\"Dr.Pillman\",\"description\":\"\",\"potentialAction\":[{\"@type\":\"SearchAction\",\"target\":{\"@type\":\"EntryPoint\",\"urlTemplate\":\"https:\\\/\\\/drpillman.biz\\\/fr\\\/?s={search_term_string}\"},\"query-input\":{\"@type\":\"PropertyValueSpecification\",\"valueRequired\":true,\"valueName\":\"search_term_string\"}}],\"inLanguage\":\"fr-FR\"}]}<\/script>\n<!-- \/ Yoast SEO plugin. -->","yoast_head_json":{"title":"Acheter Hydroxyzine 10 et 25 mg en ligne sans ordonnance en France","description":"L'hydroxyzine est destin\u00e9e au traitement des patients atteints de conditions allergiques affectant la peau. Les brevets avec ces probl\u00e8mes peuvent acheter 25 mg de chlorhydrate d'hydroxyzine sur Internet en quelques minutes.","robots":{"index":"index","follow":"follow","max-snippet":"max-snippet:-1","max-image-preview":"max-image-preview:large","max-video-preview":"max-video-preview:-1"},"canonical":"http:\/\/drpillman.biz\/hydroxyzine.htm","og_locale":"fr_FR","og_type":"article","og_title":"Acheter Hydroxyzine 10 et 25 mg en ligne sans ordonnance en France","og_description":"L'hydroxyzine est destin\u00e9e au traitement des patients atteints de conditions allergiques affectant la peau. Les brevets avec ces probl\u00e8mes peuvent acheter 25 mg de chlorhydrate d'hydroxyzine sur Internet en quelques minutes.","og_url":"http:\/\/drpillman.biz\/hydroxyzine.htm","og_site_name":"Dr.Pillman","article_modified_time":"2024-05-17T18:58:51+00:00","twitter_card":"summary_large_image","schema":{"@context":"https:\/\/schema.org","@graph":[{"@type":"WebPage","@id":"http:\/\/drpillman.biz\/hydroxyzine.htm","url":"http:\/\/drpillman.biz\/hydroxyzine.htm","name":"Buy 25 mg Hydroxyzine Hydrochloride Online Without a Prescription, Fast Delivery","isPartOf":{"@id":"https:\/\/drpillman.biz\/fr\/#website"},"datePublished":"2013-08-10T01:24:03+00:00","dateModified":"2024-05-17T18:58:51+00:00","description":"L'hydroxyzine est destin\u00e9e au traitement des patients atteints de conditions allergiques affectant la peau. Les brevets avec ces probl\u00e8mes peuvent acheter 25 mg de chlorhydrate d'hydroxyzine sur Internet en quelques minutes.","breadcrumb":{"@id":"http:\/\/drpillman.biz\/hydroxyzine.htm#breadcrumb"},"inLanguage":"fr-FR","potentialAction":[{"@type":"ReadAction","target":["http:\/\/drpillman.biz\/hydroxyzine.htm"]}]},{"@type":"BreadcrumbList","@id":"http:\/\/drpillman.biz\/hydroxyzine.htm#breadcrumb","itemListElement":[{"@type":"ListItem","position":1,"name":"Home","item":"https:\/\/drpillman.biz\/fr\/"},{"@type":"ListItem","position":2,"name":"Hydroxyzine"}]},{"@type":"WebSite","@id":"https:\/\/drpillman.biz\/fr\/#website","url":"https:\/\/drpillman.biz\/fr\/","name":"Dr.Pillman","description":"","potentialAction":[{"@type":"SearchAction","target":{"@type":"EntryPoint","urlTemplate":"https:\/\/drpillman.biz\/fr\/?s={search_term_string}"},"query-input":{"@type":"PropertyValueSpecification","valueRequired":true,"valueName":"search_term_string"}}],"inLanguage":"fr-FR"}]}},"_links":{"self":[{"href":"https:\/\/drpillman.biz\/fr\/wp-json\/wp\/v2\/pages\/106","targetHints":{"allow":["GET"]}}],"collection":[{"href":"https:\/\/drpillman.biz\/fr\/wp-json\/wp\/v2\/pages"}],"about":[{"href":"https:\/\/drpillman.biz\/fr\/wp-json\/wp\/v2\/types\/page"}],"author":[{"embeddable":true,"href":"https:\/\/drpillman.biz\/fr\/wp-json\/wp\/v2\/users\/3"}],"replies":[{"embeddable":true,"href":"https:\/\/drpillman.biz\/fr\/wp-json\/wp\/v2\/comments?post=106"}],"version-history":[{"count":0,"href":"https:\/\/drpillman.biz\/fr\/wp-json\/wp\/v2\/pages\/106\/revisions"}],"wp:attachment":[{"href":"https:\/\/drpillman.biz\/fr\/wp-json\/wp\/v2\/media?parent=106"}],"curies":[{"name":"wp","href":"https:\/\/api.w.org\/{rel}","templated":true}]}}