{"id":109,"date":"2013-02-12T10:29:24","date_gmt":"2013-02-12T10:29:24","guid":{"rendered":"https:\/\/drpillman.biz\/?page_id=109"},"modified":"2024-05-17T20:00:44","modified_gmt":"2024-05-17T19:00:44","slug":"ibuprofen","status":"publish","type":"page","link":"https:\/\/drpillman.biz\/fr\/ibuprofen.htm","title":{"rendered":"Ibuprof\u00e8ne"},"content":{"rendered":"<div id=\"content-center\">\n<div id=\"content-image\"><img decoding=\"async\" src=\"\/img\/Ibuprofen.jpg\" alt=\"Ibuprof\u00e8ne\" \/><\/div>\n<div id=\"content-description\">\n<h1>Ibuprof\u00e8ne<\/h1>\n<p> <code><a href=\"https:\/\/200pills.com\/search.html?lang=fr&#038;cur=EUR&#038;key=Ibuprofen\"> <button class=\"button-7\" role=\"button\">Cliquez ici pour acheter<\/button><\/a><\/code><\/p>\n<div class=\"gray\"><\/div>\n<div class=\"clear\"><\/div>\n<div id=\"description\">L&#8217;ibuprof\u00e8ne est un m\u00e9dicament cr\u00e9\u00e9 pour soulager les gonflements, les inflammations et les douleurs caus\u00e9s par divers probl\u00e8mes m\u00e9dicaux, en particulier certains types d&#8217;arthrite. L&#8217;ibuprof\u00e8ne est disponible sur le march\u00e9 sous de nombreux noms diff\u00e9rents, et il est disponible en dosages de 200 mg, 400 mg et 600 mg. Outre le soulagement des douleurs arthritiques, l&#8217;ibuprof\u00e8ne est \u00e9galement utilis\u00e9 pour soulager les douleurs menstruelles, les douleurs musculaires, les maux de t\u00eate et les migraines, ainsi que les douleurs cons\u00e9cutives \u00e0 une intervention chirurgicale ou dentaire.<\/div>\n<div id=\"additional\">Synonymes : <span>Motrin<\/span><\/div>\n<\/div>\n<div class=\"clear\"><\/div>\n<h2>Comment prendre l&#8217;ibuprof\u00e8ne<\/h2>\n<p>D&#8217;une mani\u00e8re g\u00e9n\u00e9rale, la dose recommand\u00e9e d&#8217;ibuprof\u00e8ne est de trois \u00e0 quatre comprim\u00e9s par jour pour le traitement de l&#8217;arthrite, et une fois toutes les six heures pour la gestion de la douleur due \u00e0 d&#8217;autres causes m\u00e9dicales. Les patients doivent suivre attentivement les instructions figurant sur l&#8217;\u00e9tiquette et les directives donn\u00e9es par leur fournisseur de soins de sant\u00e9. Les personnes qui prennent de l&#8217;ibuprof\u00e8ne pour traiter l&#8217;arthrite peuvent avoir besoin de suivre le traitement pendant deux semaines.<\/p>\n<h2>En savoir plus sur l&#8217;ibuprof\u00e8ne<\/h2>\n<p>L&#8217;ibuprof\u00e8ne se pr\u00e9sente sous forme de suspension ou de comprim\u00e9s, et peut interf\u00e9rer avec votre coordination et votre vivacit\u00e9 d&#8217;esprit &#8211; c&#8217;est pourquoi il est d\u00e9conseill\u00e9 aux personnes qui suivent un traitement \u00e0 l&#8217;ibuprof\u00e8ne d&#8217;effectuer des t\u00e2ches qui n\u00e9cessitent de l&#8217;attention et de la concentration. La dose recommand\u00e9e ne doit pas \u00eatre d\u00e9pass\u00e9e, car cela peut entra\u00eener des effets secondaires graves. Si vous remarquez un effet ind\u00e9sirable g\u00eanant, contactez imm\u00e9diatement votre m\u00e9decin.<\/p>\n<p>Il est conseill\u00e9 aux patients qui ach\u00e8tent de l&#8217;Ibuprof\u00e8ne en vente libre de ne pas prendre ce m\u00e9dicament plus de trois jours d&#8217;affil\u00e9e. Si votre m\u00e9decin a \u00e9tabli un calendrier strict pour votre traitement et que vous avez oubli\u00e9 de prendre une dose d&#8217;ibuprof\u00e8ne, prenez le m\u00e9dicament d\u00e8s que vous vous en apercevez.<\/p>\n<h2>Effets secondaires potentiels<\/h2>\n<p>L&#8217;ibuprof\u00e8ne (en particulier la version concentr\u00e9e, Ibuprofen 600 mg) peut provoquer certains effets secondaires, mais ils sont g\u00e9n\u00e9ralement l\u00e9gers et ne constituent pas une menace pour votre sant\u00e9. N\u00e9anmoins, si vous constatez un quelconque effet secondaire ou une g\u00eane physique, contactez votre m\u00e9decin et arr\u00eatez de prendre de l&#8217;Ibuprof\u00e8ne.<\/p>\n<h2>Pr\u00e9cautions<\/h2>\n<p>Il est essentiel d&#8217;informer votre pharmacien ou votre fournisseur de soins de sant\u00e9 de tout traitement en cours, y compris les traitements avec des m\u00e9dicaments sur ordonnance ou en vente libre et les suppl\u00e9ments \u00e0 base de plantes. Ces m\u00e9dicaments peuvent affecter l&#8217;efficacit\u00e9 de l&#8217;ibuprof\u00e8ne ou interagir entre eux, provoquant ainsi des effets ind\u00e9sirables.<\/p>\n<p>En outre, il est \u00e9galement important d&#8217;informer votre m\u00e9decin si vous souffrez d&#8217;une maladie de l&#8217;estomac (comme une h\u00e9morragie ou un ulc\u00e8re), d&#8217;hypertension art\u00e9rielle, d&#8217;une maladie cardiaque ou d&#8217;une maladie r\u00e9nale. Les femmes enceintes ou qui allaitent, ainsi que les femmes qui envisagent une grossesse pendant un traitement \u00e0 l&#8217;ibuprof\u00e8ne, doivent \u00e9galement en informer le m\u00e9decin. Enfin, les enfants de moins de 12 ans ne doivent pas recevoir d&#8217;Ibuprof\u00e8ne sans prescription m\u00e9dicale.<\/p>\n<h2>Acheter de l&#8217;ibuprof\u00e8ne sur Internet aupr\u00e8s de pharmacies en ligne<\/h2>\n<p>Si vous recherchez un dosage particulier d&#8217;Ibuprofen et que vous ne l&#8217;avez pas trouv\u00e9 \u00e0 la pharmacie locale, les pharmacies en ligne peuvent vous \u00eatre d&#8217;une grande utilit\u00e9. Vous pouvez acheter de l&#8217;Ibuprof\u00e8ne en ligne dans les dosages de 200, 400 ou 600 mg, sans ordonnance. Ce puissant analg\u00e9sique sera livr\u00e9 \u00e0 votre domicile rapidement et avec un minimum d&#8217;effort de votre part!<\/p>\n<\/div>\n<h2>La disponibilit\u00e9 du Ibuprofen sans ordonnance en France : une solution \u00e0 port\u00e9e de main<\/h2>\n<p>Dans le contexte pharmaceutique fran\u00e7ais, la question de l&#8217;accessibilit\u00e9 au Ibuprofen sans ordonnance suscite un int\u00e9r\u00eat constant. Il convient de souligner que ce m\u00e9dicament anti-inflammatoire non st\u00e9ro\u00efdien, r\u00e9put\u00e9 pour ses vertus analg\u00e9siques et antipyr\u00e9tiques, est effectivement disponible en France sans prescription m\u00e9dicale requise. Cette facilit\u00e9 d&#8217;acc\u00e8s permet aux consommateurs de b\u00e9n\u00e9ficier d&#8217;un soulagement rapide face aux maux de t\u00eate, courbatures, douleurs articulaires et autres sympt\u00f4mes de ce type.<br \/>\nCependant, il est crucial de respecter les recommandations quant \u00e0 la posologie et la dur\u00e9e du traitement, afin d&#8217;\u00e9viter tout risque d&#8217;effets secondaires ind\u00e9sirables. En effet, bien que le Ibuprofen soit commercialis\u00e9 sans ordonnance, sa prise doit \u00eatre r\u00e9alis\u00e9e avec discernement et en fonction des conseils d&#8217;un pharmacien comp\u00e9tent. Ce professionnel de la sant\u00e9 est en mesure de fournir des informations pr\u00e9cieuses sur les interactions possibles avec d&#8217;autres m\u00e9dicaments, les contre-indications et les pr\u00e9cautions d&#8217;emploi sp\u00e9cifiques.<br \/>\nEn somme, l&#8217;acquisition du Ibuprofen sans ordonnance en France est une option viable pour les personnes souhaitant soulager rapidement et efficacement diverses formes de douleur. Toutefois, il est indispensable de consulter un pharmacien et de suivre attentivement les directives pour garantir un usage s\u00e9curitaire et optimal de ce m\u00e9dicament largement r\u00e9pandu.<\/p>\n","protected":false},"excerpt":{"rendered":"<p>Ibuprof\u00e8ne Cliquez ici pour acheter L&#8217;ibuprof\u00e8ne est un m\u00e9dicament cr\u00e9\u00e9 pour soulager les gonflements, les inflammations et les douleurs caus\u00e9s<\/p>\n","protected":false},"author":3,"featured_media":0,"parent":0,"menu_order":0,"comment_status":"closed","ping_status":"closed","template":"","meta":{"_lmt_disableupdate":"no","_lmt_disable":"no","footnotes":""},"class_list":["post-109","page","type-page","status-publish","hentry"],"translation":{"provider":"WPGlobus","version":"3.0.2","language":"fr","enabled_languages":["en","es","fr"],"languages":{"en":{"title":true,"content":true,"excerpt":false},"es":{"title":true,"content":true,"excerpt":false},"fr":{"title":true,"content":true,"excerpt":false}}},"yoast_head":"<!-- This site is optimized with the Yoast SEO plugin v27.4 - https:\/\/yoast.com\/product\/yoast-seo-wordpress\/ -->\n<title>Acheter Ibuprof\u00e8ne 600, 400 et 200 mg en ligne sans ordonnance en France<\/title>\n<meta name=\"description\" content=\"L&#039;ibuprof\u00e8ne est destin\u00e9 au traitement de types de douleur moins graves caus\u00e9s par les maux de dents, les maux musculaires, les maux de t\u00eate, etc. Les pharmacies en ligne proposent d&#039;acheter de l&#039;ibuprof\u00e8ne 200 mg, 400 mg ou 600 mg.\" \/>\n<meta name=\"robots\" content=\"index, follow, max-snippet:-1, max-image-preview:large, max-video-preview:-1\" \/>\n<link rel=\"canonical\" href=\"https:\/\/drpillman.biz\/ibuprofen.htm\" \/>\n<meta property=\"og:locale\" content=\"fr_FR\" \/>\n<meta property=\"og:type\" content=\"article\" \/>\n<meta property=\"og:title\" content=\"Acheter Ibuprof\u00e8ne 600, 400 et 200 mg en ligne sans ordonnance en France\" \/>\n<meta property=\"og:description\" content=\"L&#039;ibuprof\u00e8ne est destin\u00e9 au traitement de types de douleur moins graves caus\u00e9s par les maux de dents, les maux musculaires, les maux de t\u00eate, etc. Les pharmacies en ligne proposent d&#039;acheter de l&#039;ibuprof\u00e8ne 200 mg, 400 mg ou 600 mg.\" \/>\n<meta property=\"og:url\" content=\"https:\/\/drpillman.biz\/ibuprofen.htm\" \/>\n<meta property=\"og:site_name\" content=\"Dr.Pillman\" \/>\n<meta property=\"article:modified_time\" content=\"2024-05-17T19:00:44+00:00\" \/>\n<meta name=\"twitter:card\" content=\"summary_large_image\" \/>\n<script type=\"application\/ld+json\" class=\"yoast-schema-graph\">{\"@context\":\"https:\\\/\\\/schema.org\",\"@graph\":[{\"@type\":\"WebPage\",\"@id\":\"https:\\\/\\\/drpillman.biz\\\/ibuprofen.htm\",\"url\":\"https:\\\/\\\/drpillman.biz\\\/ibuprofen.htm\",\"name\":\"Buy Ibuprofen 200, 400 and 600 mg Online For Pain Relief\",\"isPartOf\":{\"@id\":\"https:\\\/\\\/drpillman.biz\\\/fr\\\/#website\"},\"datePublished\":\"2013-02-12T10:29:24+00:00\",\"dateModified\":\"2024-05-17T19:00:44+00:00\",\"description\":\"L'ibuprof\u00e8ne est destin\u00e9 au traitement de types de douleur moins graves caus\u00e9s par les maux de dents, les maux musculaires, les maux de t\u00eate, etc. Les pharmacies en ligne proposent d'acheter de l'ibuprof\u00e8ne 200 mg, 400 mg ou 600 mg.\",\"breadcrumb\":{\"@id\":\"https:\\\/\\\/drpillman.biz\\\/ibuprofen.htm#breadcrumb\"},\"inLanguage\":\"fr-FR\",\"potentialAction\":[{\"@type\":\"ReadAction\",\"target\":[\"https:\\\/\\\/drpillman.biz\\\/ibuprofen.htm\"]}]},{\"@type\":\"BreadcrumbList\",\"@id\":\"https:\\\/\\\/drpillman.biz\\\/ibuprofen.htm#breadcrumb\",\"itemListElement\":[{\"@type\":\"ListItem\",\"position\":1,\"name\":\"Home\",\"item\":\"https:\\\/\\\/drpillman.biz\\\/fr\\\/\"},{\"@type\":\"ListItem\",\"position\":2,\"name\":\"Ibuprofen\"}]},{\"@type\":\"WebSite\",\"@id\":\"https:\\\/\\\/drpillman.biz\\\/fr\\\/#website\",\"url\":\"https:\\\/\\\/drpillman.biz\\\/fr\\\/\",\"name\":\"Dr.Pillman\",\"description\":\"\",\"potentialAction\":[{\"@type\":\"SearchAction\",\"target\":{\"@type\":\"EntryPoint\",\"urlTemplate\":\"https:\\\/\\\/drpillman.biz\\\/fr\\\/?s={search_term_string}\"},\"query-input\":{\"@type\":\"PropertyValueSpecification\",\"valueRequired\":true,\"valueName\":\"search_term_string\"}}],\"inLanguage\":\"fr-FR\"}]}<\/script>\n<!-- \/ Yoast SEO plugin. -->","yoast_head_json":{"title":"Acheter Ibuprof\u00e8ne 600, 400 et 200 mg en ligne sans ordonnance en France","description":"L'ibuprof\u00e8ne est destin\u00e9 au traitement de types de douleur moins graves caus\u00e9s par les maux de dents, les maux musculaires, les maux de t\u00eate, etc. Les pharmacies en ligne proposent d'acheter de l'ibuprof\u00e8ne 200 mg, 400 mg ou 600 mg.","robots":{"index":"index","follow":"follow","max-snippet":"max-snippet:-1","max-image-preview":"max-image-preview:large","max-video-preview":"max-video-preview:-1"},"canonical":"https:\/\/drpillman.biz\/ibuprofen.htm","og_locale":"fr_FR","og_type":"article","og_title":"Acheter Ibuprof\u00e8ne 600, 400 et 200 mg en ligne sans ordonnance en France","og_description":"L'ibuprof\u00e8ne est destin\u00e9 au traitement de types de douleur moins graves caus\u00e9s par les maux de dents, les maux musculaires, les maux de t\u00eate, etc. Les pharmacies en ligne proposent d'acheter de l'ibuprof\u00e8ne 200 mg, 400 mg ou 600 mg.","og_url":"https:\/\/drpillman.biz\/ibuprofen.htm","og_site_name":"Dr.Pillman","article_modified_time":"2024-05-17T19:00:44+00:00","twitter_card":"summary_large_image","schema":{"@context":"https:\/\/schema.org","@graph":[{"@type":"WebPage","@id":"https:\/\/drpillman.biz\/ibuprofen.htm","url":"https:\/\/drpillman.biz\/ibuprofen.htm","name":"Buy Ibuprofen 200, 400 and 600 mg Online For Pain Relief","isPartOf":{"@id":"https:\/\/drpillman.biz\/fr\/#website"},"datePublished":"2013-02-12T10:29:24+00:00","dateModified":"2024-05-17T19:00:44+00:00","description":"L'ibuprof\u00e8ne est destin\u00e9 au traitement de types de douleur moins graves caus\u00e9s par les maux de dents, les maux musculaires, les maux de t\u00eate, etc. Les pharmacies en ligne proposent d'acheter de l'ibuprof\u00e8ne 200 mg, 400 mg ou 600 mg.","breadcrumb":{"@id":"https:\/\/drpillman.biz\/ibuprofen.htm#breadcrumb"},"inLanguage":"fr-FR","potentialAction":[{"@type":"ReadAction","target":["https:\/\/drpillman.biz\/ibuprofen.htm"]}]},{"@type":"BreadcrumbList","@id":"https:\/\/drpillman.biz\/ibuprofen.htm#breadcrumb","itemListElement":[{"@type":"ListItem","position":1,"name":"Home","item":"https:\/\/drpillman.biz\/fr\/"},{"@type":"ListItem","position":2,"name":"Ibuprofen"}]},{"@type":"WebSite","@id":"https:\/\/drpillman.biz\/fr\/#website","url":"https:\/\/drpillman.biz\/fr\/","name":"Dr.Pillman","description":"","potentialAction":[{"@type":"SearchAction","target":{"@type":"EntryPoint","urlTemplate":"https:\/\/drpillman.biz\/fr\/?s={search_term_string}"},"query-input":{"@type":"PropertyValueSpecification","valueRequired":true,"valueName":"search_term_string"}}],"inLanguage":"fr-FR"}]}},"_links":{"self":[{"href":"https:\/\/drpillman.biz\/fr\/wp-json\/wp\/v2\/pages\/109","targetHints":{"allow":["GET"]}}],"collection":[{"href":"https:\/\/drpillman.biz\/fr\/wp-json\/wp\/v2\/pages"}],"about":[{"href":"https:\/\/drpillman.biz\/fr\/wp-json\/wp\/v2\/types\/page"}],"author":[{"embeddable":true,"href":"https:\/\/drpillman.biz\/fr\/wp-json\/wp\/v2\/users\/3"}],"replies":[{"embeddable":true,"href":"https:\/\/drpillman.biz\/fr\/wp-json\/wp\/v2\/comments?post=109"}],"version-history":[{"count":0,"href":"https:\/\/drpillman.biz\/fr\/wp-json\/wp\/v2\/pages\/109\/revisions"}],"wp:attachment":[{"href":"https:\/\/drpillman.biz\/fr\/wp-json\/wp\/v2\/media?parent=109"}],"curies":[{"name":"wp","href":"https:\/\/api.w.org\/{rel}","templated":true}]}}