{"id":112,"date":"2013-09-18T02:38:43","date_gmt":"2013-09-18T01:38:43","guid":{"rendered":"https:\/\/drpillman.biz\/?page_id=112"},"modified":"2024-05-21T10:49:36","modified_gmt":"2024-05-21T09:49:36","slug":"kamagra","status":"publish","type":"page","link":"https:\/\/drpillman.biz\/fr\/kamagra.htm","title":{"rendered":"Kamagra"},"content":{"rendered":"<div id=\"content-center\">\n<div id=\"content-image\">\n\t\t\t\t\t<img decoding=\"async\" src=\"\/img\/Kamagra.jpg\" alt=\"Kamagra\">\t\t\t\t<\/div>\n<div id=\"content-description\">\n<h1>Kamagra<\/h1>\n<p> <code><a href=\"https:\/\/200pills.com\/search.html?lang=fr&#038;cur=EUR&#038;key=Kamagra\"> <button class=\"button-7\" role=\"button\">Cliquez ici pour acheter<\/button><\/a><\/code><\/p>\n<div class=\"clear\"><\/div>\n<div id=\"description\">\n\t\t\t\t\t\tKamagra est un nouveau m\u00e9dicament r\u00e9volutionnaire qui est consid\u00e9r\u00e9 comme le meilleur traitement des troubles de l&#8217;\u00e9rection chez l&#8217;homme. Kamagra est d\u00e9sormais disponible \u00e0 l&#8217;achat en ligne \u00e0 bas prix dans le monde entier depuis le Royaume-Uni et devient le premier choix des hommes pour am\u00e9liorer leurs performances sexuelles. \t\t\t\t\t<\/div>\n<div id=\"additional\">\n\t\t\t\t\t\tSynonymes :<span> Citrate de sild\u00e9nafil<\/span>\n\t\t\t\t\t<\/div>\n<\/p><\/div>\n<div class=\"clear\"><\/div>\n<h2>Informations sur le produit Kamagra<\/h2>\n<p>Il existe de nombreux produits qui pr\u00e9tendent \u00eatre le meilleur traitement pour la dysfonction \u00e9rectile, mais Kamagra est la vraie affaire. De nouveaux types de m\u00e9dicaments ont \u00e9t\u00e9 d\u00e9couverts, dont les effets sont similaires \u00e0 ceux du Viagra pour les probl\u00e8mes d&#8217;\u00e9rection chez l&#8217;homme. Le Kamagra est l&#8217;une des meilleures d\u00e9couvertes dans ce domaine de la recherche sur les m\u00e9dicaments. Il s&#8217;est av\u00e9r\u00e9 plus efficace pour le traitement des troubles de l&#8217;\u00e9rection chez l&#8217;homme, mais aussi plus confortable pour la plupart des utilisateurs.<\/p>\n<p>Lorsqu&#8217;un homme a des probl\u00e8mes sexuels, c&#8217;est d\u00e9j\u00e0 assez stressant. L&#8217;incapacit\u00e9 \u00e0 maintenir une \u00e9rection ne devrait pas \u00eatre rendue plus complexe par la prise d&#8217;un m\u00e9dicament qui cause d&#8217;autres probl\u00e8mes physiques ou psychologiques. Kamagra est exempt de tels soucis, c&#8217;est pourquoi il devient rapidement le traitement le plus populaire pour la dysfonction \u00e9rectile chez les hommes dans le monde entier.<\/p>\n<p>Le co\u00fbt des m\u00e9dicaments contre la dysfonction \u00e9rectile est un autre probl\u00e8me. Kamagra aide les hommes dans le monde entier, car il est tr\u00e8s bon march\u00e9 par rapport \u00e0 d&#8217;autres types de traitements m\u00e9dicamenteux similaires. En achetant Kamagra en ligne, il est possible de d\u00e9penser beaucoup moins d&#8217;argent et le produit est livr\u00e9 tout aussi rapidement. Bien qu&#8217;il soit bon march\u00e9, Kamagra est tout aussi efficace que les produits plus co\u00fbteux disponibles dans les pharmacies locales.<\/p>\n<p>Les consommateurs peuvent d\u00e9sormais acheter Kamagra en ligne au Royaume-Uni et se le faire livrer dans le monde entier. C&#8217;est le seul m\u00e9dicament qui soit \u00e0 la fois bon march\u00e9 et efficace pour le traitement de la dysfonction \u00e9rectile. Acheter Kamagra de cette fa\u00e7on rend le traitement de tout probl\u00e8me de dysfonctionnement \u00e9rectile moins embarrassant et plus facile pour l&#8217;homme moyen. De plus en plus d&#8217;hommes ont fait cette d\u00e9couverte \u00e9tonnante qui a chang\u00e9 leur vie.<\/p>\n<p>L&#8217;obtention d&#8217;un traitement appropri\u00e9 est la priorit\u00e9 des hommes souffrant de probl\u00e8mes de dysfonction \u00e9rectile, alors pourquoi ne pas simplifier le processus ? Il n&#8217;est pas n\u00e9cessaire de souffrir inutilement, mais le traitement est le seul moyen de r\u00e9soudre les probl\u00e8mes de dysfonction \u00e9rectile chez les hommes d&#8217;aujourd&#8217;hui. Le m\u00e9dicament Kamagra est un premier pas positif vers des performances sexuelles et physiques optimales.<\/p>\n<h2>Effets secondaires<\/h2>\n<p>Comme il s&#8217;agit d&#8217;un nouveau m\u00e9dicament, les acheteurs peuvent se demander si Kamagra a des effets secondaires potentiels. L&#8217;utilisation correcte de Kamagra ne devrait pas produire d&#8217;effets secondaires. Comme avec tous les m\u00e9dicaments similaires, il peut y avoir la possibilit\u00e9 de l\u00e9gers maux de t\u00eate ou d&#8217;autres douleurs musculaires mineures. Kamagra a \u00e9t\u00e9 test\u00e9 de mani\u00e8re approfondie et est sans danger pour tous les utilisateurs, lorsqu&#8217;il est pris correctement et selon les instructions.<\/p>\n<p>En raison de l&#8217;action du Kamagra sur votre chimie biologique naturelle, certains utilisateurs peuvent ressentir un r\u00e9chauffement du visage, du cou, de la poitrine ou une congestion des sinus. Ces effets peuvent \u00eatre associ\u00e9s \u00e0 une l\u00e9g\u00e8re rougeur de la peau. Tous ces effets secondaires sont normaux pour les personnes qui utilisent le Kamagra pour la premi\u00e8re fois, mais ils sont brefs et disparaissent sans se reproduire. Comme pour tout type de m\u00e9dicament, si un effet secondaire persiste ou s&#8217;aggrave, contactez votre m\u00e9decin pour obtenir des conseils sur le traitement.<\/p>\n<\/p><\/div>\n","protected":false},"excerpt":{"rendered":"<p>Kamagra Cliquez ici pour acheter Kamagra est un nouveau m\u00e9dicament r\u00e9volutionnaire qui est consid\u00e9r\u00e9 comme le meilleur traitement des troubles<\/p>\n","protected":false},"author":3,"featured_media":0,"parent":0,"menu_order":0,"comment_status":"closed","ping_status":"closed","template":"","meta":{"_lmt_disableupdate":"no","_lmt_disable":"no","footnotes":""},"class_list":["post-112","page","type-page","status-publish","hentry"],"translation":{"provider":"WPGlobus","version":"3.0.2","language":"fr","enabled_languages":["en","es","fr"],"languages":{"en":{"title":true,"content":true,"excerpt":false},"es":{"title":true,"content":true,"excerpt":false},"fr":{"title":false,"content":true,"excerpt":false}}},"yoast_head":"<!-- This site is optimized with the Yoast SEO plugin v27.4 - https:\/\/yoast.com\/product\/yoast-seo-wordpress\/ -->\n<title>Acheter Kamagra 100 mg en ligne pour le traitement de la dysfonction \u00e9rectile<\/title>\n<meta name=\"description\" content=\"Kamagra est un m\u00e9dicament qui agit sur les sympt\u00f4mes de l&#039;impuissance masculine. Les patients masculins peuvent acheter du Kamagra bon march\u00e9 en ligne en France pour b\u00e9n\u00e9ficier d&#039;une livraison rapide et d&#039;une garantie d&#039;anonymat totale.\" \/>\n<meta name=\"robots\" content=\"index, follow, max-snippet:-1, max-image-preview:large, max-video-preview:-1\" \/>\n<link rel=\"canonical\" href=\"http:\/\/drpillman.biz\/kamagra.htm\" \/>\n<meta property=\"og:locale\" content=\"fr_FR\" \/>\n<meta property=\"og:type\" content=\"article\" \/>\n<meta property=\"og:title\" content=\"Acheter Kamagra 100 mg en ligne pour le traitement de la dysfonction \u00e9rectile\" \/>\n<meta property=\"og:description\" content=\"Kamagra est un m\u00e9dicament qui agit sur les sympt\u00f4mes de l&#039;impuissance masculine. Les patients masculins peuvent acheter du Kamagra bon march\u00e9 en ligne en France pour b\u00e9n\u00e9ficier d&#039;une livraison rapide et d&#039;une garantie d&#039;anonymat totale.\" \/>\n<meta property=\"og:url\" content=\"http:\/\/drpillman.biz\/kamagra.htm\" \/>\n<meta property=\"og:site_name\" content=\"Dr.Pillman\" \/>\n<meta property=\"article:modified_time\" content=\"2024-05-21T09:49:36+00:00\" \/>\n<meta name=\"twitter:card\" content=\"summary_large_image\" \/>\n<script type=\"application\/ld+json\" class=\"yoast-schema-graph\">{\"@context\":\"https:\\\/\\\/schema.org\",\"@graph\":[{\"@type\":\"WebPage\",\"@id\":\"http:\\\/\\\/drpillman.biz\\\/kamagra.htm\",\"url\":\"http:\\\/\\\/drpillman.biz\\\/kamagra.htm\",\"name\":\"Acheter Kamagra 100 mg en ligne pour le traitement de la dysfonction \u00e9rectile\",\"isPartOf\":{\"@id\":\"https:\\\/\\\/drpillman.biz\\\/fr\\\/#website\"},\"datePublished\":\"2013-09-18T01:38:43+00:00\",\"dateModified\":\"2024-05-21T09:49:36+00:00\",\"description\":\"Kamagra est un m\u00e9dicament qui agit sur les sympt\u00f4mes de l'impuissance masculine. Les patients masculins peuvent acheter du Kamagra bon march\u00e9 en ligne en France pour b\u00e9n\u00e9ficier d'une livraison rapide et d'une garantie d'anonymat totale.\",\"breadcrumb\":{\"@id\":\"http:\\\/\\\/drpillman.biz\\\/kamagra.htm#breadcrumb\"},\"inLanguage\":\"fr-FR\",\"potentialAction\":[{\"@type\":\"ReadAction\",\"target\":[\"http:\\\/\\\/drpillman.biz\\\/kamagra.htm\"]}]},{\"@type\":\"BreadcrumbList\",\"@id\":\"http:\\\/\\\/drpillman.biz\\\/kamagra.htm#breadcrumb\",\"itemListElement\":[{\"@type\":\"ListItem\",\"position\":1,\"name\":\"Home\",\"item\":\"https:\\\/\\\/drpillman.biz\\\/fr\\\/\"},{\"@type\":\"ListItem\",\"position\":2,\"name\":\"Kamagra\"}]},{\"@type\":\"WebSite\",\"@id\":\"https:\\\/\\\/drpillman.biz\\\/fr\\\/#website\",\"url\":\"https:\\\/\\\/drpillman.biz\\\/fr\\\/\",\"name\":\"Dr.Pillman\",\"description\":\"\",\"potentialAction\":[{\"@type\":\"SearchAction\",\"target\":{\"@type\":\"EntryPoint\",\"urlTemplate\":\"https:\\\/\\\/drpillman.biz\\\/fr\\\/?s={search_term_string}\"},\"query-input\":{\"@type\":\"PropertyValueSpecification\",\"valueRequired\":true,\"valueName\":\"search_term_string\"}}],\"inLanguage\":\"fr-FR\"}]}<\/script>\n<!-- \/ Yoast SEO plugin. -->","yoast_head_json":{"title":"Acheter Kamagra 100 mg en ligne pour le traitement de la dysfonction \u00e9rectile","description":"Kamagra est un m\u00e9dicament qui agit sur les sympt\u00f4mes de l'impuissance masculine. Les patients masculins peuvent acheter du Kamagra bon march\u00e9 en ligne en France pour b\u00e9n\u00e9ficier d'une livraison rapide et d'une garantie d'anonymat totale.","robots":{"index":"index","follow":"follow","max-snippet":"max-snippet:-1","max-image-preview":"max-image-preview:large","max-video-preview":"max-video-preview:-1"},"canonical":"http:\/\/drpillman.biz\/kamagra.htm","og_locale":"fr_FR","og_type":"article","og_title":"Acheter Kamagra 100 mg en ligne pour le traitement de la dysfonction \u00e9rectile","og_description":"Kamagra est un m\u00e9dicament qui agit sur les sympt\u00f4mes de l'impuissance masculine. Les patients masculins peuvent acheter du Kamagra bon march\u00e9 en ligne en France pour b\u00e9n\u00e9ficier d'une livraison rapide et d'une garantie d'anonymat totale.","og_url":"http:\/\/drpillman.biz\/kamagra.htm","og_site_name":"Dr.Pillman","article_modified_time":"2024-05-21T09:49:36+00:00","twitter_card":"summary_large_image","schema":{"@context":"https:\/\/schema.org","@graph":[{"@type":"WebPage","@id":"http:\/\/drpillman.biz\/kamagra.htm","url":"http:\/\/drpillman.biz\/kamagra.htm","name":"Acheter Kamagra 100 mg en ligne pour le traitement de la dysfonction \u00e9rectile","isPartOf":{"@id":"https:\/\/drpillman.biz\/fr\/#website"},"datePublished":"2013-09-18T01:38:43+00:00","dateModified":"2024-05-21T09:49:36+00:00","description":"Kamagra est un m\u00e9dicament qui agit sur les sympt\u00f4mes de l'impuissance masculine. Les patients masculins peuvent acheter du Kamagra bon march\u00e9 en ligne en France pour b\u00e9n\u00e9ficier d'une livraison rapide et d'une garantie d'anonymat totale.","breadcrumb":{"@id":"http:\/\/drpillman.biz\/kamagra.htm#breadcrumb"},"inLanguage":"fr-FR","potentialAction":[{"@type":"ReadAction","target":["http:\/\/drpillman.biz\/kamagra.htm"]}]},{"@type":"BreadcrumbList","@id":"http:\/\/drpillman.biz\/kamagra.htm#breadcrumb","itemListElement":[{"@type":"ListItem","position":1,"name":"Home","item":"https:\/\/drpillman.biz\/fr\/"},{"@type":"ListItem","position":2,"name":"Kamagra"}]},{"@type":"WebSite","@id":"https:\/\/drpillman.biz\/fr\/#website","url":"https:\/\/drpillman.biz\/fr\/","name":"Dr.Pillman","description":"","potentialAction":[{"@type":"SearchAction","target":{"@type":"EntryPoint","urlTemplate":"https:\/\/drpillman.biz\/fr\/?s={search_term_string}"},"query-input":{"@type":"PropertyValueSpecification","valueRequired":true,"valueName":"search_term_string"}}],"inLanguage":"fr-FR"}]}},"_links":{"self":[{"href":"https:\/\/drpillman.biz\/fr\/wp-json\/wp\/v2\/pages\/112","targetHints":{"allow":["GET"]}}],"collection":[{"href":"https:\/\/drpillman.biz\/fr\/wp-json\/wp\/v2\/pages"}],"about":[{"href":"https:\/\/drpillman.biz\/fr\/wp-json\/wp\/v2\/types\/page"}],"author":[{"embeddable":true,"href":"https:\/\/drpillman.biz\/fr\/wp-json\/wp\/v2\/users\/3"}],"replies":[{"embeddable":true,"href":"https:\/\/drpillman.biz\/fr\/wp-json\/wp\/v2\/comments?post=112"}],"version-history":[{"count":0,"href":"https:\/\/drpillman.biz\/fr\/wp-json\/wp\/v2\/pages\/112\/revisions"}],"wp:attachment":[{"href":"https:\/\/drpillman.biz\/fr\/wp-json\/wp\/v2\/media?parent=112"}],"curies":[{"name":"wp","href":"https:\/\/api.w.org\/{rel}","templated":true}]}}