{"id":115,"date":"2013-09-11T12:25:03","date_gmt":"2013-09-11T11:25:03","guid":{"rendered":"https:\/\/drpillman.biz\/?page_id=115"},"modified":"2024-05-21T10:35:34","modified_gmt":"2024-05-21T09:35:34","slug":"kamagra-oral-jelly","status":"publish","type":"page","link":"https:\/\/drpillman.biz\/fr\/kamagra-oral-jelly.htm","title":{"rendered":"Gel\u00e9e orale de kamagra"},"content":{"rendered":"<div id=\"content-center\">\n<div id=\"content-image\">\n\t\t\t\t\t<img decoding=\"async\" src=\"\/img\/Kamagra Oral Jelly.jpg\" alt=\"Kamagra Oral Jelly\">\t\t\t\t<\/div>\n<div id=\"content-description\">\n<h1>Kamagra Oral Jelly<\/h1>\n<p> <code><a href=\"https:\/\/200pills.com\/search.html?lang=fr&#038;cur=EUR&#038;key=Kamagra Oral Jelly\"> <button class=\"button-7\" role=\"button\">Cliquez ici pour acheter<\/button><\/a><\/code><\/p>\n<div class=\"clear\"><\/div>\n<div id=\"description\">\n\t\t\t\t\t\tLa dysfonction \u00e9rectile (commun\u00e9ment appel\u00e9e ED) est le syndrome le plus commun ou peut-\u00eatre une condition qui a pris beaucoup d&#8217;hommes autour du monde dans ses griffes. Toutefois, cette situation est appel\u00e9e \u00e0 changer avec l&#8217;introduction de Kamagra Oral Jelly, un rem\u00e8de anti-impuissance bon march\u00e9 actuellement disponible dans tous les coins du Royaume-Uni.\t\t\t\t\t<\/div>\n<div id=\"additional\">\n\t\t\t\t\t\tSynonymes :<span> Citrate de sild\u00e9nafil<\/span>\n\t\t\t\t\t<\/div>\n<\/p><\/div>\n<div class=\"clear\"><\/div>\n<h2>Qu&#8217;est-ce que Kamagra Oral Jelly ?<\/h2>\n<p>Kamagra Oral Jelly est un type de gel fabriqu\u00e9 \u00e0 partir d&#8217;un produit chimique appel\u00e9 citrate de sild\u00e9nafil (ce produit chimique est \u00e9galement utilis\u00e9 pour fabriquer le Viagra). Il appartient \u00e0 un groupe de m\u00e9dicaments commun\u00e9ment appel\u00e9s inhibiteurs de la PDE-5 et a \u00e9t\u00e9 d\u00fbment approuv\u00e9 par diff\u00e9rents organismes de r\u00e9glementation m\u00e9dicale \u00e0 travers le monde.<\/p>\n<p>Lorsqu&#8217;il est pris par un homme souffrant de dysfonction \u00e9rectile et sexuellement excit\u00e9, le Kamagra Oral Jelly se retrouve instantan\u00e9ment dans le sang et bloque la production de PDE-5. La PDE-5, selon des \u00e9tudes sur la sant\u00e9 reproductive, tend \u00e0 restreindre le flux sanguin vers le p\u00e9nis.<\/p>\n<p>La gel\u00e9e orale stimule \u00e9galement l&#8217;efficacit\u00e9 d&#8217;une enzyme cruciale appel\u00e9e GMP cyclique, ce qui permet aux art\u00e8res de se dilater l\u00e9g\u00e8rement et donc de cr\u00e9er plus de voies pour un flux sanguin ad\u00e9quat. Cette simple action garantit qu&#8217;une quantit\u00e9 suffisante de sang est apport\u00e9e aux muscles du p\u00e9nis, ce qui permet d&#8217;obtenir une \u00e9rection dure.<\/p>\n<p>Kamagra Oral Jelly n&#8217;agit pas seulement pour vous aider \u00e0 obtenir une \u00e9rection dure, mais aussi pour vous aider \u00e0 la maintenir suffisamment longtemps. Quel est l&#8217;int\u00e9r\u00eat d&#8217;avoir une \u00e9rection solide si vous ne pouvez pas la maintenir suffisamment longtemps pour satisfaire votre partenaire ? Le Kamagra gel aide \u00e0 la s\u00e9cr\u00e9tion d&#8217;une autre substance cruciale dans le corps, l&#8217;oxyde nitrique.<\/p>\n<p>Des \u00e9tudes scientifiques avanc\u00e9es montrent qu&#8217;il existe un lien direct entre la pr\u00e9sence d&#8217;oxyde nitrique dans votre corps et le maintien d&#8217;une \u00e9rection. L&#8217;oxyde nitrique refroidit les tissus p\u00e9niens et leur permet de fonctionner \u00ab sobrement \u00bb, ce qui signifie que vous pouvez facilement \u00e9viter les jets de sang instantan\u00e9s, qui entra\u00eenent la perte pr\u00e9matur\u00e9e de l&#8217;\u00e9rection.<\/p>\n<h2>Combien de temps faut-il pour obtenir des r\u00e9sultats tangibles ?<\/h2>\n<p>Une fois que vous avez achet\u00e9 Kamagra Oil Jelly, votre pharmacien vous dira de le prendre lorsque vous \u00eates sexuellement excit\u00e9. Une fois que vous l&#8217;avez aval\u00e9, il faut en moyenne 15 minutes pour qu&#8217;il agisse. Le m\u00e9dicament reste efficace dans le corps pendant les 6 heures suivantes.<\/p>\n<h2>Les effets secondaires \u00e9ventuels?<\/h2>\n<p>En raison de son m\u00e9canisme d&#8217;action, il a tr\u00e8s peu d&#8217;effets secondaires. Un petit b\u00e9mol toutefois : le m\u00e9dicament peut entra\u00eener des probl\u00e8mes cardiovasculaires s&#8217;il est pris par une personne souffrant d&#8217;une maladie cardiaque sous-jacente. Dans certains cas, il a \u00e9galement \u00e9t\u00e9 affirm\u00e9 qu&#8217;il entra\u00eenait de l\u00e9gers probl\u00e8mes de vision (l&#8217;ampleur de ces probl\u00e8mes peut varier d&#8217;un utilisateur \u00e0 l&#8217;autre). Certaines personnes peuvent ressentir de l&#8217;urticaire, une respiration irr\u00e9guli\u00e8re et\/ou de l\u00e9g\u00e8res d\u00e9mangeaisons.<\/p>\n<h2>Want to buy cheap Kamagra Oral Jelly in UK?<\/h2>\n<p>\u00c9vitez les raccourcis ; insistez sur la qualit\u00e9 et trouvez un fournisseur r\u00e9put\u00e9. C&#8217;est le seul moyen s\u00fbr de pr\u00e9server votre sant\u00e9 et d&#8217;en avoir pour votre argent.<\/p>\n<h2>R\u00e9sum\u00e9<\/h2>\n<p>Nous vous souhaitons beaucoup de succ\u00e8s dans l&#8217;utilisation de ce rem\u00e8de pratique contre la dysfonction \u00e9rectile. Avant tout, nous esp\u00e9rons que vous allez prendre du<br \/>\nappliquerez judicieusement les conseils pr\u00e9sent\u00e9s ici.<\/p>\n<\/p><\/div>\n<h2>Le Myst\u00e8re de Kamagra Oral Jelly Sans Ordonnance<\/h2>\n<p>Il est souvent un d\u00e9fi \u00e9nigmatique pour ceux qui cherchent du Kamagra Oral Jelly sans ordonnance en France. La qu\u00eate de cette solution r\u00e9volutionnaire pour les probl\u00e8mes de dysfonction \u00e9rectile peut sembler une \u00e9pop\u00e9e labyrinthique. Pourtant, la r\u00e9ponse \u00e0 cette \u00e9nigme m\u00e9dicale n&#8217;est pas toujours \u00e9vidente.La complexit\u00e9 de cette question r\u00e9side dans les m\u00e9andres des r\u00e9glementations pharmaceutiques fran\u00e7aises. Le d\u00e9dale des lois et des politiques m\u00e9dicales peut sembler imp\u00e9n\u00e9trable pour le chercheur de solutions rapides. Mais malgr\u00e9 ces d\u00e9fis apparents, il existe des voies sinueuses vers l&#8217;acquisition de Kamagra Oral Jelly sans ordonnance.Le march\u00e9 clandestin, tel un feu d&#8217;artifice impr\u00e9visible dans le ciel nocturne, offre parfois des opportunit\u00e9s \u00e9ph\u00e9m\u00e8res. Cependant, il est crucial de naviguer avec prudence dans ce paysage mouvant, car la qualit\u00e9 et la l\u00e9galit\u00e9 des produits peuvent \u00eatre incertaines.Par ailleurs, l&#8217;internet, tel un oc\u00e9an d\u00e9cha\u00een\u00e9 de donn\u00e9es, peut parfois r\u00e9v\u00e9ler des sites obscurs offrant la promesse de Kamagra Oral Jelly sans ordonnance. Mais il est vital de distinguer les flots tumultueux de la d\u00e9sinformation des \u00eelots de v\u00e9rit\u00e9 m\u00e9dicale.En conclusion, la qu\u00eate de Kamagra Oral Jelly sans ordonnance en France est un voyage captivant, mais parsem\u00e9 d&#8217;obstacles. Avec pers\u00e9v\u00e9rance et discernement, il est possible de d\u00e9couvrir des voies secr\u00e8tes vers cette solution tant recherch\u00e9e.<\/p>\n","protected":false},"excerpt":{"rendered":"<p>Kamagra Oral Jelly Cliquez ici pour acheter La dysfonction \u00e9rectile (commun\u00e9ment appel\u00e9e ED) est le syndrome le plus commun ou<\/p>\n","protected":false},"author":3,"featured_media":0,"parent":0,"menu_order":0,"comment_status":"closed","ping_status":"closed","template":"","meta":{"_lmt_disableupdate":"no","_lmt_disable":"no","footnotes":""},"class_list":["post-115","page","type-page","status-publish","hentry"],"translation":{"provider":"WPGlobus","version":"3.0.2","language":"fr","enabled_languages":["en","es","fr"],"languages":{"en":{"title":true,"content":true,"excerpt":false},"es":{"title":true,"content":true,"excerpt":false},"fr":{"title":true,"content":true,"excerpt":false}}},"yoast_head":"<!-- This site is optimized with the Yoast SEO plugin v27.4 - https:\/\/yoast.com\/product\/yoast-seo-wordpress\/ -->\n<title>Acheter Gel\u00e9e orale de kamagra 100 mg en ligne sans ordonnance eAcheter Gel\u00e9e orale de kamagra 100 mg en ligne sans ordonnance en France<\/title>\n<meta name=\"description\" content=\"La gel\u00e9e orale de kamagra est un m\u00e9dicament tr\u00e8s efficace utilis\u00e9 pour traiter la dysfonction \u00e9rectile. Vous avez de nombreuses pharmacies disponibles pour acheter de la gel\u00e9e orale de kamagra bon march\u00e9 livr\u00e9e rapidement dans toute la France.La gel\u00e9e orale de kamagra est un m\u00e9dicament tr\u00e8s efficace utilis\u00e9 pour traiter la dysfonction \u00e9rectile. Vous avez de nombreuses pharmacies disponibles pour acheter de la gel\u00e9e orale de kamagra bon march\u00e9 livr\u00e9e rapidement dans toute la France.\" \/>\n<meta name=\"robots\" content=\"index, follow, max-snippet:-1, max-image-preview:large, max-video-preview:-1\" \/>\n<link rel=\"canonical\" href=\"https:\/\/drpillman.biz\/es\/kamagra-oral-jelly.htm\" \/>\n<meta property=\"og:locale\" content=\"fr_FR\" \/>\n<meta property=\"og:type\" content=\"article\" \/>\n<meta property=\"og:title\" content=\"Acheter Gel\u00e9e orale de kamagra 100 mg en ligne sans ordonnance eAcheter Gel\u00e9e orale de kamagra 100 mg en ligne sans ordonnance en France\" \/>\n<meta property=\"og:description\" content=\"La gel\u00e9e orale de kamagra est un m\u00e9dicament tr\u00e8s efficace utilis\u00e9 pour traiter la dysfonction \u00e9rectile. Vous avez de nombreuses pharmacies disponibles pour acheter de la gel\u00e9e orale de kamagra bon march\u00e9 livr\u00e9e rapidement dans toute la France.La gel\u00e9e orale de kamagra est un m\u00e9dicament tr\u00e8s efficace utilis\u00e9 pour traiter la dysfonction \u00e9rectile. Vous avez de nombreuses pharmacies disponibles pour acheter de la gel\u00e9e orale de kamagra bon march\u00e9 livr\u00e9e rapidement dans toute la France.\" \/>\n<meta property=\"og:url\" content=\"https:\/\/drpillman.biz\/es\/kamagra-oral-jelly.htm\" \/>\n<meta property=\"og:site_name\" content=\"Dr.Pillman\" \/>\n<meta property=\"article:modified_time\" content=\"2024-05-21T09:35:34+00:00\" \/>\n<meta name=\"twitter:card\" content=\"summary_large_image\" \/>\n<script type=\"application\/ld+json\" class=\"yoast-schema-graph\">{\"@context\":\"https:\\\/\\\/schema.org\",\"@graph\":[{\"@type\":\"WebPage\",\"@id\":\"https:\\\/\\\/drpillman.biz\\\/es\\\/kamagra-oral-jelly.htm\",\"url\":\"https:\\\/\\\/drpillman.biz\\\/es\\\/kamagra-oral-jelly.htm\",\"name\":\"Jelly oral de Kamagra La respuesta f\u00e1cil de consumir a una mejor creaci\u00f3n de amor para los hombres que buscan revitalizar su confianza interna\",\"isPartOf\":{\"@id\":\"https:\\\/\\\/drpillman.biz\\\/fr\\\/#website\"},\"datePublished\":\"2013-09-11T11:25:03+00:00\",\"dateModified\":\"2024-05-21T09:35:34+00:00\",\"description\":\"La gel\u00e9e orale de kamagra est un m\u00e9dicament tr\u00e8s efficace utilis\u00e9 pour traiter la dysfonction \u00e9rectile. Vous avez de nombreuses pharmacies disponibles pour acheter de la gel\u00e9e orale de kamagra bon march\u00e9 livr\u00e9e rapidement dans toute la France.La gel\u00e9e orale de kamagra est un m\u00e9dicament tr\u00e8s efficace utilis\u00e9 pour traiter la dysfonction \u00e9rectile. Vous avez de nombreuses pharmacies disponibles pour acheter de la gel\u00e9e orale de kamagra bon march\u00e9 livr\u00e9e rapidement dans toute la France.\",\"breadcrumb\":{\"@id\":\"https:\\\/\\\/drpillman.biz\\\/es\\\/kamagra-oral-jelly.htm#breadcrumb\"},\"inLanguage\":\"fr-FR\",\"potentialAction\":[{\"@type\":\"ReadAction\",\"target\":[\"https:\\\/\\\/drpillman.biz\\\/es\\\/kamagra-oral-jelly.htm\"]}]},{\"@type\":\"BreadcrumbList\",\"@id\":\"https:\\\/\\\/drpillman.biz\\\/es\\\/kamagra-oral-jelly.htm#breadcrumb\",\"itemListElement\":[{\"@type\":\"ListItem\",\"position\":1,\"name\":\"Home\",\"item\":\"https:\\\/\\\/drpillman.biz\\\/fr\\\/\"},{\"@type\":\"ListItem\",\"position\":2,\"name\":\"Gelatina oral kamagra\"}]},{\"@type\":\"WebSite\",\"@id\":\"https:\\\/\\\/drpillman.biz\\\/fr\\\/#website\",\"url\":\"https:\\\/\\\/drpillman.biz\\\/fr\\\/\",\"name\":\"Dr.Pillman\",\"description\":\"\",\"potentialAction\":[{\"@type\":\"SearchAction\",\"target\":{\"@type\":\"EntryPoint\",\"urlTemplate\":\"https:\\\/\\\/drpillman.biz\\\/fr\\\/?s={search_term_string}\"},\"query-input\":{\"@type\":\"PropertyValueSpecification\",\"valueRequired\":true,\"valueName\":\"search_term_string\"}}],\"inLanguage\":\"fr-FR\"}]}<\/script>\n<!-- \/ Yoast SEO plugin. -->","yoast_head_json":{"title":"Acheter Gel\u00e9e orale de kamagra 100 mg en ligne sans ordonnance eAcheter Gel\u00e9e orale de kamagra 100 mg en ligne sans ordonnance en France","description":"La gel\u00e9e orale de kamagra est un m\u00e9dicament tr\u00e8s efficace utilis\u00e9 pour traiter la dysfonction \u00e9rectile. Vous avez de nombreuses pharmacies disponibles pour acheter de la gel\u00e9e orale de kamagra bon march\u00e9 livr\u00e9e rapidement dans toute la France.La gel\u00e9e orale de kamagra est un m\u00e9dicament tr\u00e8s efficace utilis\u00e9 pour traiter la dysfonction \u00e9rectile. Vous avez de nombreuses pharmacies disponibles pour acheter de la gel\u00e9e orale de kamagra bon march\u00e9 livr\u00e9e rapidement dans toute la France.","robots":{"index":"index","follow":"follow","max-snippet":"max-snippet:-1","max-image-preview":"max-image-preview:large","max-video-preview":"max-video-preview:-1"},"canonical":"https:\/\/drpillman.biz\/es\/kamagra-oral-jelly.htm","og_locale":"fr_FR","og_type":"article","og_title":"Acheter Gel\u00e9e orale de kamagra 100 mg en ligne sans ordonnance eAcheter Gel\u00e9e orale de kamagra 100 mg en ligne sans ordonnance en France","og_description":"La gel\u00e9e orale de kamagra est un m\u00e9dicament tr\u00e8s efficace utilis\u00e9 pour traiter la dysfonction \u00e9rectile. Vous avez de nombreuses pharmacies disponibles pour acheter de la gel\u00e9e orale de kamagra bon march\u00e9 livr\u00e9e rapidement dans toute la France.La gel\u00e9e orale de kamagra est un m\u00e9dicament tr\u00e8s efficace utilis\u00e9 pour traiter la dysfonction \u00e9rectile. Vous avez de nombreuses pharmacies disponibles pour acheter de la gel\u00e9e orale de kamagra bon march\u00e9 livr\u00e9e rapidement dans toute la France.","og_url":"https:\/\/drpillman.biz\/es\/kamagra-oral-jelly.htm","og_site_name":"Dr.Pillman","article_modified_time":"2024-05-21T09:35:34+00:00","twitter_card":"summary_large_image","schema":{"@context":"https:\/\/schema.org","@graph":[{"@type":"WebPage","@id":"https:\/\/drpillman.biz\/es\/kamagra-oral-jelly.htm","url":"https:\/\/drpillman.biz\/es\/kamagra-oral-jelly.htm","name":"Jelly oral de Kamagra La respuesta f\u00e1cil de consumir a una mejor creaci\u00f3n de amor para los hombres que buscan revitalizar su confianza interna","isPartOf":{"@id":"https:\/\/drpillman.biz\/fr\/#website"},"datePublished":"2013-09-11T11:25:03+00:00","dateModified":"2024-05-21T09:35:34+00:00","description":"La gel\u00e9e orale de kamagra est un m\u00e9dicament tr\u00e8s efficace utilis\u00e9 pour traiter la dysfonction \u00e9rectile. Vous avez de nombreuses pharmacies disponibles pour acheter de la gel\u00e9e orale de kamagra bon march\u00e9 livr\u00e9e rapidement dans toute la France.La gel\u00e9e orale de kamagra est un m\u00e9dicament tr\u00e8s efficace utilis\u00e9 pour traiter la dysfonction \u00e9rectile. Vous avez de nombreuses pharmacies disponibles pour acheter de la gel\u00e9e orale de kamagra bon march\u00e9 livr\u00e9e rapidement dans toute la France.","breadcrumb":{"@id":"https:\/\/drpillman.biz\/es\/kamagra-oral-jelly.htm#breadcrumb"},"inLanguage":"fr-FR","potentialAction":[{"@type":"ReadAction","target":["https:\/\/drpillman.biz\/es\/kamagra-oral-jelly.htm"]}]},{"@type":"BreadcrumbList","@id":"https:\/\/drpillman.biz\/es\/kamagra-oral-jelly.htm#breadcrumb","itemListElement":[{"@type":"ListItem","position":1,"name":"Home","item":"https:\/\/drpillman.biz\/fr\/"},{"@type":"ListItem","position":2,"name":"Gelatina oral kamagra"}]},{"@type":"WebSite","@id":"https:\/\/drpillman.biz\/fr\/#website","url":"https:\/\/drpillman.biz\/fr\/","name":"Dr.Pillman","description":"","potentialAction":[{"@type":"SearchAction","target":{"@type":"EntryPoint","urlTemplate":"https:\/\/drpillman.biz\/fr\/?s={search_term_string}"},"query-input":{"@type":"PropertyValueSpecification","valueRequired":true,"valueName":"search_term_string"}}],"inLanguage":"fr-FR"}]}},"_links":{"self":[{"href":"https:\/\/drpillman.biz\/fr\/wp-json\/wp\/v2\/pages\/115","targetHints":{"allow":["GET"]}}],"collection":[{"href":"https:\/\/drpillman.biz\/fr\/wp-json\/wp\/v2\/pages"}],"about":[{"href":"https:\/\/drpillman.biz\/fr\/wp-json\/wp\/v2\/types\/page"}],"author":[{"embeddable":true,"href":"https:\/\/drpillman.biz\/fr\/wp-json\/wp\/v2\/users\/3"}],"replies":[{"embeddable":true,"href":"https:\/\/drpillman.biz\/fr\/wp-json\/wp\/v2\/comments?post=115"}],"version-history":[{"count":0,"href":"https:\/\/drpillman.biz\/fr\/wp-json\/wp\/v2\/pages\/115\/revisions"}],"wp:attachment":[{"href":"https:\/\/drpillman.biz\/fr\/wp-json\/wp\/v2\/media?parent=115"}],"curies":[{"name":"wp","href":"https:\/\/api.w.org\/{rel}","templated":true}]}}