{"id":118,"date":"2013-02-16T03:49:26","date_gmt":"2013-02-16T03:49:26","guid":{"rendered":"https:\/\/drpillman.biz\/?page_id=118"},"modified":"2024-05-17T20:10:02","modified_gmt":"2024-05-17T19:10:02","slug":"lamisil","status":"publish","type":"page","link":"https:\/\/drpillman.biz\/fr\/lamisil.htm","title":{"rendered":"Lamisil"},"content":{"rendered":"<div id=\"content-center\">\n<div id=\"content-image\"><img decoding=\"async\" src=\"\/img\/Lamisil.jpg\" alt=\"Lamisil\" \/><\/div>\n<div id=\"content-description\">\n<h1>Lamisil<\/h1>\n<p> <code><a href=\"https:\/\/200pills.com\/search.html?lang=fr&#038;cur=EUR&#038;key=Lamisil\"> <button class=\"button-7\" role=\"button\">Cliquez ici pour acheter<\/button><\/a><\/code><\/p>\n<div class=\"clear\"><\/div>\n<div id=\"description\">Lamisil est un antifongique d\u00e9livr\u00e9 sur ordonnance et destin\u00e9 \u00e0 \u00eatre administr\u00e9 par voie orale. Il est utilis\u00e9 pour combattre les infections fongiques affectant les ongles des mains et des pieds. Ce m\u00e9dicament doit \u00eatre pris pendant au moins quelques semaines pour que les r\u00e9sultats soient visibles et que votre syst\u00e8me immunitaire soit en mesure de faire face \u00e0 l&#8217;infection avec succ\u00e8s.<\/div>\n<div id=\"additional\">Synonymes : <span>Chlorhydrate de terbinafine<\/span><\/div>\n<\/div>\n<div class=\"clear\"><\/div>\n<p>Lamisil est un antibiotique de la classe des antifongiques. Il est principalement destin\u00e9 au traitement des infections caus\u00e9es par des champignons. Le principe actif du Lamisil, le chlorhydrate de terbinafine, agit en tuant les cellules fongiques, ce qui permet de soulager les sympt\u00f4mes et d&#8217;\u00e9claircir la zone affect\u00e9e. Lamisil est le plus souvent prescrit \u00e0 la dose de 250 mg. Avant d&#8217;acheter Lamisil en ligne ou de l&#8217;obtenir dans votre pharmacie locale, vous devez cependant savoir si les conditions m\u00e9dicales dont vous souffrez ou les m\u00e9dicaments que vous prenez affecteront le succ\u00e8s de votre traitement de quelque mani\u00e8re que ce soit. Vous devez signaler \u00e0 votre m\u00e9decin le fait que vous souffrez de lupus, de psoriasis ou de toute autre maladie auto-immune, ainsi que d&#8217;une maladie du foie ou des reins. Des interactions entre le chlorhydrate de terbinafine 250 mg et d&#8217;autres m\u00e9dicaments que vous pourriez prendre sont \u00e9galement possibles, en particulier les antid\u00e9presseurs ISRS, la ciclosporine, la rifampicine, les anticoagulants, les b\u00eata-bloquants, les antid\u00e9presseurs tricycliques, d&#8217;autres antifongiques et les inhibiteurs de la MAO. Vous devez \u00eatre conscient de cette possibilit\u00e9 et discuter avec votre m\u00e9decin ou votre pharmacien des options dont vous disposez pour \u00e9viter ces interactions et b\u00e9n\u00e9ficier \u00e0 la fois du chlorhydrate de terbinafine 250 mg et de l&#8217;autre m\u00e9dicament. Il est possible que vos sympt\u00f4mes s&#8217;att\u00e9nuent avant que l&#8217;infection n&#8217;ait \u00e9t\u00e9 compl\u00e8tement trait\u00e9e. Vous devez continuer \u00e0 prendre Lamisil de toute fa\u00e7on en suivant exactement les instructions pour vous assurer que l&#8217;infection est compl\u00e8tement gu\u00e9rie et qu&#8217;il n&#8217;y aura pas de rechute. Vous devrez peut-\u00eatre consulter r\u00e9guli\u00e8rement votre m\u00e9decin pour des analyses de sang et de foie, afin de garantir un traitement s\u00fbr et efficace avec Lamisil.<\/p>\n<h2>Effets secondaires<\/h2>\n<p>Lamisil est tr\u00e8s s\u00fbr et bien tol\u00e9r\u00e9, mais quelques pour cent des patients peuvent tout de m\u00eame d\u00e9velopper un ou plusieurs effets secondaires mineurs. Vous devrez informer votre m\u00e9decin si vous avez des douleurs corporelles, de la fi\u00e8vre, des ganglions gonfl\u00e9s ou des sympt\u00f4mes de grippe. Par ailleurs, les effets secondaires l\u00e9gers sont plus fr\u00e9quents et comprennent des naus\u00e9es l\u00e9g\u00e8res, des maux de t\u00eate, des \u00e9ruptions cutan\u00e9es l\u00e9g\u00e8res, des diarrh\u00e9es, des gaz et des maux d&#8217;estomac. Vous pouvez poursuivre votre traitement si vous avez des effets secondaires l\u00e9gers, car ils sont g\u00e9n\u00e9ralement de courte dur\u00e9e et insignifiants.<\/p>\n<\/div>\n<h2>L&#8217;acc\u00e8s facilit\u00e9 au Lamisil : Sans ordonnance en France ?<\/h2>\n<p>Dans le contexte pharmaceutique actuel, les patients cherchent souvent \u00e0 obtenir des traitements efficaces pour leurs affections avec un minimum d&#8217;obstacles administratifs. Le Lamisil, un m\u00e9dicament antifongique largement reconnu pour traiter les infections fongiques superficielles, suscite un int\u00e9r\u00eat particulier. Mais la question se pose : est-il envisageable d&#8217;acqu\u00e9rir le Lamisil en France sans avoir \u00e0 obtenir une ordonnance ?<br \/>\nLa r\u00e9ponse \u00e0 cette interrogation n&#8217;est pas simple. Bien que certains m\u00e9dicaments antifongiques soient disponibles en vente libre, le Lamisil, en tant que traitement puissant, est g\u00e9n\u00e9ralement r\u00e9serv\u00e9 aux cas o\u00f9 une prescription m\u00e9dicale est fournie. Cette restriction vise \u00e0 garantir la s\u00e9curit\u00e9 des patients et \u00e0 \u00e9viter les mauvaises utilisations qui pourraient entra\u00eener des r\u00e9sistances aux antifongiques.<br \/>\nCependant, il est crucial de noter que la l\u00e9gislation fran\u00e7aise peut \u00e9voluer et que des exceptions peuvent \u00eatre faites dans certaines circonstances. Les patients sont encourag\u00e9s \u00e0 consulter leurs m\u00e9decins ou pharmaciens pour obtenir des informations sp\u00e9cifiques \u00e0 leur situation. En fin de compte, la pr\u00e9servation de la sant\u00e9 et la pr\u00e9vention de l&#8217;apparition de souches fongiques r\u00e9sistantes restent les principaux objectifs, ce qui justifie la n\u00e9cessit\u00e9 d&#8217;une ordonnance pour le Lamisil.<br \/>\nEn somme, bien que l&#8217;id\u00e9e d&#8217;un acc\u00e8s sans ordonnance au Lamisil suscite un certain attrait, la prudence et la conformit\u00e9 aux r\u00e9gulations pharmaceutiques actuelles sont essentielles pour assurer le bien-\u00eatre g\u00e9n\u00e9ral des patients et pr\u00e9server l&#8217;efficacit\u00e9 des traitements antifongiques.<\/p>\n","protected":false},"excerpt":{"rendered":"<p>Lamisil Cliquez ici pour acheter Lamisil est un antifongique d\u00e9livr\u00e9 sur ordonnance et destin\u00e9 \u00e0 \u00eatre administr\u00e9 par voie orale.<\/p>\n","protected":false},"author":3,"featured_media":0,"parent":0,"menu_order":0,"comment_status":"closed","ping_status":"closed","template":"","meta":{"_lmt_disableupdate":"no","_lmt_disable":"no","footnotes":""},"class_list":["post-118","page","type-page","status-publish","hentry"],"translation":{"provider":"WPGlobus","version":"3.0.2","language":"fr","enabled_languages":["en","es","fr"],"languages":{"en":{"title":true,"content":true,"excerpt":false},"es":{"title":true,"content":true,"excerpt":false},"fr":{"title":true,"content":true,"excerpt":false}}},"yoast_head":"<!-- This site is optimized with the Yoast SEO plugin v27.4 - https:\/\/yoast.com\/product\/yoast-seo-wordpress\/ -->\n<title>Acheter Lamisil 250 mg en ligne sans ordonnance en France<\/title>\n<meta name=\"description\" content=\"Lamisil est un m\u00e9dicament antifongique utilis\u00e9 pour les infections fongiques de la peau. Lorsque vous achetez en ligne de la cr\u00e8me de lamisil g\u00e9n\u00e9rique (chlorhydrate de terbinafine), vous pouvez d\u00e9penser moins d&#039;argent pour obtenir les m\u00eames effets.\" \/>\n<meta name=\"robots\" content=\"index, follow, max-snippet:-1, max-image-preview:large, max-video-preview:-1\" \/>\n<link rel=\"canonical\" href=\"https:\/\/drpillman.biz\/fr\/lamisil.htm\" \/>\n<meta property=\"og:locale\" content=\"fr_FR\" \/>\n<meta property=\"og:type\" content=\"article\" \/>\n<meta property=\"og:title\" content=\"Acheter Lamisil 250 mg en ligne sans ordonnance en France\" \/>\n<meta property=\"og:description\" content=\"Lamisil est un m\u00e9dicament antifongique utilis\u00e9 pour les infections fongiques de la peau. Lorsque vous achetez en ligne de la cr\u00e8me de lamisil g\u00e9n\u00e9rique (chlorhydrate de terbinafine), vous pouvez d\u00e9penser moins d&#039;argent pour obtenir les m\u00eames effets.\" \/>\n<meta property=\"og:url\" content=\"https:\/\/drpillman.biz\/fr\/lamisil.htm\" \/>\n<meta property=\"og:site_name\" content=\"Dr.Pillman\" \/>\n<meta property=\"article:modified_time\" content=\"2024-05-17T19:10:02+00:00\" \/>\n<meta name=\"twitter:card\" content=\"summary_large_image\" \/>\n<script type=\"application\/ld+json\" class=\"yoast-schema-graph\">{\"@context\":\"https:\\\/\\\/schema.org\",\"@graph\":[{\"@type\":\"WebPage\",\"@id\":\"https:\\\/\\\/drpillman.biz\\\/fr\\\/lamisil.htm\",\"url\":\"https:\\\/\\\/drpillman.biz\\\/fr\\\/lamisil.htm\",\"name\":\"Acheter Lamisil 250 mg en ligne sans ordonnance en France\",\"isPartOf\":{\"@id\":\"http:\\\/\\\/drpillman.biz\\\/#website\"},\"datePublished\":\"2013-02-16T03:49:26+00:00\",\"dateModified\":\"2024-05-17T19:10:02+00:00\",\"description\":\"Lamisil est un m\u00e9dicament antifongique utilis\u00e9 pour les infections fongiques de la peau. Lorsque vous achetez en ligne de la cr\u00e8me de lamisil g\u00e9n\u00e9rique (chlorhydrate de terbinafine), vous pouvez d\u00e9penser moins d'argent pour obtenir les m\u00eames effets.\",\"breadcrumb\":{\"@id\":\"https:\\\/\\\/drpillman.biz\\\/fr\\\/lamisil.htm#breadcrumb\"},\"inLanguage\":\"fr-FR\",\"potentialAction\":[{\"@type\":\"ReadAction\",\"target\":[\"https:\\\/\\\/drpillman.biz\\\/fr\\\/lamisil.htm\"]}]},{\"@type\":\"BreadcrumbList\",\"@id\":\"https:\\\/\\\/drpillman.biz\\\/fr\\\/lamisil.htm#breadcrumb\",\"itemListElement\":[{\"@type\":\"ListItem\",\"position\":1,\"name\":\"Home\",\"item\":\"http:\\\/\\\/drpillman.biz\\\/\"},{\"@type\":\"ListItem\",\"position\":2,\"name\":\"Lamisil\"}]},{\"@type\":\"WebSite\",\"@id\":\"http:\\\/\\\/drpillman.biz\\\/#website\",\"url\":\"http:\\\/\\\/drpillman.biz\\\/\",\"name\":\"Dr.Pillman\",\"description\":\"\",\"potentialAction\":[{\"@type\":\"SearchAction\",\"target\":{\"@type\":\"EntryPoint\",\"urlTemplate\":\"http:\\\/\\\/drpillman.biz\\\/?s={search_term_string}\"},\"query-input\":{\"@type\":\"PropertyValueSpecification\",\"valueRequired\":true,\"valueName\":\"search_term_string\"}}],\"inLanguage\":\"fr-FR\"}]}<\/script>\n<!-- \/ Yoast SEO plugin. -->","yoast_head_json":{"title":"Acheter Lamisil 250 mg en ligne sans ordonnance en France","description":"Lamisil est un m\u00e9dicament antifongique utilis\u00e9 pour les infections fongiques de la peau. Lorsque vous achetez en ligne de la cr\u00e8me de lamisil g\u00e9n\u00e9rique (chlorhydrate de terbinafine), vous pouvez d\u00e9penser moins d'argent pour obtenir les m\u00eames effets.","robots":{"index":"index","follow":"follow","max-snippet":"max-snippet:-1","max-image-preview":"max-image-preview:large","max-video-preview":"max-video-preview:-1"},"canonical":"https:\/\/drpillman.biz\/fr\/lamisil.htm","og_locale":"fr_FR","og_type":"article","og_title":"Acheter Lamisil 250 mg en ligne sans ordonnance en France","og_description":"Lamisil est un m\u00e9dicament antifongique utilis\u00e9 pour les infections fongiques de la peau. Lorsque vous achetez en ligne de la cr\u00e8me de lamisil g\u00e9n\u00e9rique (chlorhydrate de terbinafine), vous pouvez d\u00e9penser moins d'argent pour obtenir les m\u00eames effets.","og_url":"https:\/\/drpillman.biz\/fr\/lamisil.htm","og_site_name":"Dr.Pillman","article_modified_time":"2024-05-17T19:10:02+00:00","twitter_card":"summary_large_image","schema":{"@context":"https:\/\/schema.org","@graph":[{"@type":"WebPage","@id":"https:\/\/drpillman.biz\/fr\/lamisil.htm","url":"https:\/\/drpillman.biz\/fr\/lamisil.htm","name":"Acheter Lamisil 250 mg en ligne sans ordonnance en France","isPartOf":{"@id":"http:\/\/drpillman.biz\/#website"},"datePublished":"2013-02-16T03:49:26+00:00","dateModified":"2024-05-17T19:10:02+00:00","description":"Lamisil est un m\u00e9dicament antifongique utilis\u00e9 pour les infections fongiques de la peau. Lorsque vous achetez en ligne de la cr\u00e8me de lamisil g\u00e9n\u00e9rique (chlorhydrate de terbinafine), vous pouvez d\u00e9penser moins d'argent pour obtenir les m\u00eames effets.","breadcrumb":{"@id":"https:\/\/drpillman.biz\/fr\/lamisil.htm#breadcrumb"},"inLanguage":"fr-FR","potentialAction":[{"@type":"ReadAction","target":["https:\/\/drpillman.biz\/fr\/lamisil.htm"]}]},{"@type":"BreadcrumbList","@id":"https:\/\/drpillman.biz\/fr\/lamisil.htm#breadcrumb","itemListElement":[{"@type":"ListItem","position":1,"name":"Home","item":"http:\/\/drpillman.biz\/"},{"@type":"ListItem","position":2,"name":"Lamisil"}]},{"@type":"WebSite","@id":"http:\/\/drpillman.biz\/#website","url":"http:\/\/drpillman.biz\/","name":"Dr.Pillman","description":"","potentialAction":[{"@type":"SearchAction","target":{"@type":"EntryPoint","urlTemplate":"http:\/\/drpillman.biz\/?s={search_term_string}"},"query-input":{"@type":"PropertyValueSpecification","valueRequired":true,"valueName":"search_term_string"}}],"inLanguage":"fr-FR"}]}},"_links":{"self":[{"href":"https:\/\/drpillman.biz\/fr\/wp-json\/wp\/v2\/pages\/118","targetHints":{"allow":["GET"]}}],"collection":[{"href":"https:\/\/drpillman.biz\/fr\/wp-json\/wp\/v2\/pages"}],"about":[{"href":"https:\/\/drpillman.biz\/fr\/wp-json\/wp\/v2\/types\/page"}],"author":[{"embeddable":true,"href":"https:\/\/drpillman.biz\/fr\/wp-json\/wp\/v2\/users\/3"}],"replies":[{"embeddable":true,"href":"https:\/\/drpillman.biz\/fr\/wp-json\/wp\/v2\/comments?post=118"}],"version-history":[{"count":0,"href":"https:\/\/drpillman.biz\/fr\/wp-json\/wp\/v2\/pages\/118\/revisions"}],"wp:attachment":[{"href":"https:\/\/drpillman.biz\/fr\/wp-json\/wp\/v2\/media?parent=118"}],"curies":[{"name":"wp","href":"https:\/\/api.w.org\/{rel}","templated":true}]}}