{"id":121,"date":"2013-08-16T06:57:45","date_gmt":"2013-08-16T05:57:45","guid":{"rendered":"https:\/\/drpillman.biz\/?page_id=121"},"modified":"2024-05-17T20:13:42","modified_gmt":"2024-05-17T19:13:42","slug":"levitra","status":"publish","type":"page","link":"https:\/\/drpillman.biz\/fr\/levitra.htm","title":{"rendered":"Levitra"},"content":{"rendered":"<div id=\"content-center\">\n<div id=\"content-image\">\n\t\t\t\t\t<img decoding=\"async\" src=\"\/img\/Levitra.jpg\" alt=\"Levitra\">\t\t\t\t<\/div>\n<div id=\"content-description\">\n<h1>Levitra<\/h1>\n<p> <code><a href=\"https:\/\/200pills.com\/search.html?lang=fr&#038;cur=EUR&#038;key=Levitra\"> <button class=\"button-7\" role=\"button\">Cliquez ici pour acheter<\/button><\/a><\/code><\/p>\n<div class=\"clear\"><\/div>\n<div id=\"description\">\n\t\t\t\t\t\tLevitra est l&#8217;un des trois m\u00e9dicaments approuv\u00e9s pour traiter les patients souffrant de dysfonction \u00e9rectile. Il commence \u00e0 agir apr\u00e8s environ 45 minutes et permet au patient d&#8217;avoir des rapports sexuels r\u00e9ussis en interf\u00e9rant avec une enzyme sp\u00e9cifique connue sous le nom de phosphodiest\u00e9rase de type 5. \t\t\t\t\t<\/div>\n<div id=\"additional\">\n\t\t\t\t\t\tSynonymes :<span> Vard\u00e9nafil<\/span>\n\t\t\t\t\t<\/div>\n<\/p><\/div>\n<div class=\"clear\"><\/div>\n<p>Levitra est un m\u00e9dicament puissant approuv\u00e9 par la FDA pour traiter la dysfonction \u00e9rectile chez les hommes, quel que soit leur \u00e2ge et quelle que soit la cause du probl\u00e8me. Ce m\u00e9dicament est utilis\u00e9 depuis 2003 et est disponible dans une vari\u00e9t\u00e9 de doses pour que chaque patient prenne la dose minimale efficace, en \u00e9vitant les effets secondaires. Le Levitra g\u00e9n\u00e9rique peut \u00eatre achet\u00e9 sur Internet : heureusement, il existe de nombreuses pharmacies fiables au Royaume-Uni qui proposent de commander le Levitra g\u00e9n\u00e9rique 20 mg en ligne avec une livraison rapide et discr\u00e8te. Trouver une telle pharmacie signifie pouvoir acheter Levitra 20 mg ou toute autre dose \u00e0 tout moment et dans n&#8217;importe quelle quantit\u00e9. Ce n&#8217;est pas un secret que les pharmacies britanniques offrent des prix tr\u00e8s comp\u00e9titifs pour le Levitra, ce qui rend votre vie sexuelle plus excitante tout en restant tr\u00e8s abordable. La dose de Levitra est d\u00e9termin\u00e9e en fonction des besoins individuels de chaque patient, mais la dose de 20 mg est actuellement la plus courante et la plupart des patients peuvent en b\u00e9n\u00e9ficier sans d\u00e9velopper d&#8217;effets secondaires. Levitra agit en stimulant le flux sanguin dans les tissus du p\u00e9nis, ce qui permet de maintenir l&#8217;\u00e9rection plus longtemps. Levitra ne doit \u00eatre pris que par des patients de sexe masculin et ne doit pas \u00eatre partag\u00e9 avec d&#8217;autres personnes \u00e0 qui il n&#8217;a pas \u00e9t\u00e9 recommand\u00e9 sur la base du diagnostic. Il est important d&#8217;\u00e9viter de prendre du Levitra plus souvent que toutes les 24 heures, car des sympt\u00f4mes d\u00e9sagr\u00e9ables de surdosage sont susceptibles de se produire. Ce m\u00e9dicament doit \u00eatre pris selon les besoins, chaque fois avant un rapport sexuel, sinon il n&#8217;aura aucun effet sur l&#8217;\u00e9rection.<\/p>\n<h2>Effets secondaires<\/h2>\n<p>Le Levitra peut provoquer quelques effets secondaires chez certains patients, mais la plupart d&#8217;entre eux sont tr\u00e8s l\u00e9gers et de courte dur\u00e9e. Les effets secondaires suivants sont connus pour survenir chez certains patients prenant le m\u00e9dicament : maux d&#8217;estomac, douleurs dorsales, nez bouch\u00e9, bouff\u00e9es vasomotrices et indigestion. Les effets secondaires les moins courants et les plus graves peuvent inclure le priapisme, des troubles de la vision des couleurs et d&#8217;autres effets. Tout effet secondaire grave d\u00e9tect\u00e9 doit \u00eatre signal\u00e9 imm\u00e9diatement \u00e0 votre m\u00e9decin.<\/p>\n<\/p><\/div>\n<h2>L&#8217;accessibilit\u00e9 du Levitra sans ordonnance : R\u00e9alit\u00e9 ou Illusion en France?<\/h2>\n<p>Dans le contexte pharmaceutique fran\u00e7ais, la question de l&#8217;acquisition du Levitra sans ordonnance suscite une r\u00e9flexion m\u00e9dicale et r\u00e9glementaire intrigante. Bien que la demande pour des solutions d&#8217;impuissance sexuelle se d\u00e9veloppe, la disponibilit\u00e9 du Levitra sans ordonnance reste un d\u00e9fi r\u00e9glementaire complexe. Les autorit\u00e9s sanitaires fran\u00e7aises, attentives \u00e0 la s\u00e9curit\u00e9 des consommateurs, exigent g\u00e9n\u00e9ralement une prescription m\u00e9dicale pour ce type de m\u00e9dicaments, en raison de leur potentiel d&#8217;interactions et de contre-indications. Cependant, la possibilit\u00e9 d&#8217;une exemption r\u00e9glementaire pourrait \u00eatre envisag\u00e9e, en fonction des progr\u00e8s de la recherche et de la mise en place de protocoles de distribution s\u00e9curis\u00e9s. Dans l&#8217;imm\u00e9diat, les patients souhaitant se procurer du Levitra sans ordonnance en France sont confront\u00e9s \u00e0 une impasse r\u00e9glementaire, n\u00e9cessitant une consultation m\u00e9dicale pr\u00e9alable pour acc\u00e9der \u00e0 cette th\u00e9rapie. La poursuite des d\u00e9bats et des avanc\u00e9es scientifiques pourraient \u00e9ventuellement ouvrir la voie \u00e0 une plus grande accessibilit\u00e9, tout en respectant les normes de s\u00e9curit\u00e9 et d&#8217;efficacit\u00e9.<\/p>\n","protected":false},"excerpt":{"rendered":"<p>Levitra Cliquez ici pour acheter Levitra est l&#8217;un des trois m\u00e9dicaments approuv\u00e9s pour traiter les patients souffrant de dysfonction \u00e9rectile.<\/p>\n","protected":false},"author":3,"featured_media":0,"parent":0,"menu_order":0,"comment_status":"closed","ping_status":"closed","template":"","meta":{"_lmt_disableupdate":"no","_lmt_disable":"no","footnotes":""},"class_list":["post-121","page","type-page","status-publish","hentry"],"translation":{"provider":"WPGlobus","version":"3.0.2","language":"fr","enabled_languages":["en","es","fr"],"languages":{"en":{"title":true,"content":true,"excerpt":false},"es":{"title":true,"content":true,"excerpt":false},"fr":{"title":true,"content":true,"excerpt":false}}},"yoast_head":"<!-- This site is optimized with the Yoast SEO plugin v27.4 - https:\/\/yoast.com\/product\/yoast-seo-wordpress\/ -->\n<title>Acheter Levitra 10 et 20 mg en ligne sans ordonnance en France<\/title>\n<meta name=\"description\" content=\"Levitra peut \u00eatre le bon choix si vous recherchez un m\u00e9dicament g\u00e9n\u00e9rique efficace \u00e0 acheter en ligne \u00e0 la pharmacie France en laquelle vous pouvez faire confiance chaque fois que vous avez besoin d&#039;un traitement efficace.\" \/>\n<meta name=\"robots\" content=\"index, follow, max-snippet:-1, max-image-preview:large, max-video-preview:-1\" \/>\n<link rel=\"canonical\" href=\"https:\/\/drpillman.biz\/levitra.htm\" \/>\n<meta property=\"og:locale\" content=\"fr_FR\" \/>\n<meta property=\"og:type\" content=\"article\" \/>\n<meta property=\"og:title\" content=\"Acheter Levitra 10 et 20 mg en ligne sans ordonnance en France\" \/>\n<meta property=\"og:description\" content=\"Levitra peut \u00eatre le bon choix si vous recherchez un m\u00e9dicament g\u00e9n\u00e9rique efficace \u00e0 acheter en ligne \u00e0 la pharmacie France en laquelle vous pouvez faire confiance chaque fois que vous avez besoin d&#039;un traitement efficace.\" \/>\n<meta property=\"og:url\" content=\"https:\/\/drpillman.biz\/levitra.htm\" \/>\n<meta property=\"og:site_name\" content=\"Dr.Pillman\" \/>\n<meta property=\"article:modified_time\" content=\"2024-05-17T19:13:42+00:00\" \/>\n<meta name=\"twitter:card\" content=\"summary_large_image\" \/>\n<script type=\"application\/ld+json\" class=\"yoast-schema-graph\">{\"@context\":\"https:\\\/\\\/schema.org\",\"@graph\":[{\"@type\":\"WebPage\",\"@id\":\"https:\\\/\\\/drpillman.biz\\\/levitra.htm\",\"url\":\"https:\\\/\\\/drpillman.biz\\\/levitra.htm\",\"name\":\"It's time for you to buy cheap generic Levitra 20 mg at an online pharmacy. Buy quality Levitra from UK and get your symptoms under control\",\"isPartOf\":{\"@id\":\"http:\\\/\\\/drpillman.biz\\\/#website\"},\"datePublished\":\"2013-08-16T05:57:45+00:00\",\"dateModified\":\"2024-05-17T19:13:42+00:00\",\"description\":\"Levitra peut \u00eatre le bon choix si vous recherchez un m\u00e9dicament g\u00e9n\u00e9rique efficace \u00e0 acheter en ligne \u00e0 la pharmacie France en laquelle vous pouvez faire confiance chaque fois que vous avez besoin d'un traitement efficace.\",\"breadcrumb\":{\"@id\":\"https:\\\/\\\/drpillman.biz\\\/levitra.htm#breadcrumb\"},\"inLanguage\":\"fr-FR\",\"potentialAction\":[{\"@type\":\"ReadAction\",\"target\":[\"https:\\\/\\\/drpillman.biz\\\/levitra.htm\"]}]},{\"@type\":\"BreadcrumbList\",\"@id\":\"https:\\\/\\\/drpillman.biz\\\/levitra.htm#breadcrumb\",\"itemListElement\":[{\"@type\":\"ListItem\",\"position\":1,\"name\":\"Home\",\"item\":\"http:\\\/\\\/drpillman.biz\\\/\"},{\"@type\":\"ListItem\",\"position\":2,\"name\":\"Levitra\"}]},{\"@type\":\"WebSite\",\"@id\":\"http:\\\/\\\/drpillman.biz\\\/#website\",\"url\":\"http:\\\/\\\/drpillman.biz\\\/\",\"name\":\"Dr.Pillman\",\"description\":\"\",\"potentialAction\":[{\"@type\":\"SearchAction\",\"target\":{\"@type\":\"EntryPoint\",\"urlTemplate\":\"http:\\\/\\\/drpillman.biz\\\/?s={search_term_string}\"},\"query-input\":{\"@type\":\"PropertyValueSpecification\",\"valueRequired\":true,\"valueName\":\"search_term_string\"}}],\"inLanguage\":\"fr-FR\"}]}<\/script>\n<!-- \/ Yoast SEO plugin. -->","yoast_head_json":{"title":"Acheter Levitra 10 et 20 mg en ligne sans ordonnance en France","description":"Levitra peut \u00eatre le bon choix si vous recherchez un m\u00e9dicament g\u00e9n\u00e9rique efficace \u00e0 acheter en ligne \u00e0 la pharmacie France en laquelle vous pouvez faire confiance chaque fois que vous avez besoin d'un traitement efficace.","robots":{"index":"index","follow":"follow","max-snippet":"max-snippet:-1","max-image-preview":"max-image-preview:large","max-video-preview":"max-video-preview:-1"},"canonical":"https:\/\/drpillman.biz\/levitra.htm","og_locale":"fr_FR","og_type":"article","og_title":"Acheter Levitra 10 et 20 mg en ligne sans ordonnance en France","og_description":"Levitra peut \u00eatre le bon choix si vous recherchez un m\u00e9dicament g\u00e9n\u00e9rique efficace \u00e0 acheter en ligne \u00e0 la pharmacie France en laquelle vous pouvez faire confiance chaque fois que vous avez besoin d'un traitement efficace.","og_url":"https:\/\/drpillman.biz\/levitra.htm","og_site_name":"Dr.Pillman","article_modified_time":"2024-05-17T19:13:42+00:00","twitter_card":"summary_large_image","schema":{"@context":"https:\/\/schema.org","@graph":[{"@type":"WebPage","@id":"https:\/\/drpillman.biz\/levitra.htm","url":"https:\/\/drpillman.biz\/levitra.htm","name":"It's time for you to buy cheap generic Levitra 20 mg at an online pharmacy. Buy quality Levitra from UK and get your symptoms under control","isPartOf":{"@id":"http:\/\/drpillman.biz\/#website"},"datePublished":"2013-08-16T05:57:45+00:00","dateModified":"2024-05-17T19:13:42+00:00","description":"Levitra peut \u00eatre le bon choix si vous recherchez un m\u00e9dicament g\u00e9n\u00e9rique efficace \u00e0 acheter en ligne \u00e0 la pharmacie France en laquelle vous pouvez faire confiance chaque fois que vous avez besoin d'un traitement efficace.","breadcrumb":{"@id":"https:\/\/drpillman.biz\/levitra.htm#breadcrumb"},"inLanguage":"fr-FR","potentialAction":[{"@type":"ReadAction","target":["https:\/\/drpillman.biz\/levitra.htm"]}]},{"@type":"BreadcrumbList","@id":"https:\/\/drpillman.biz\/levitra.htm#breadcrumb","itemListElement":[{"@type":"ListItem","position":1,"name":"Home","item":"http:\/\/drpillman.biz\/"},{"@type":"ListItem","position":2,"name":"Levitra"}]},{"@type":"WebSite","@id":"http:\/\/drpillman.biz\/#website","url":"http:\/\/drpillman.biz\/","name":"Dr.Pillman","description":"","potentialAction":[{"@type":"SearchAction","target":{"@type":"EntryPoint","urlTemplate":"http:\/\/drpillman.biz\/?s={search_term_string}"},"query-input":{"@type":"PropertyValueSpecification","valueRequired":true,"valueName":"search_term_string"}}],"inLanguage":"fr-FR"}]}},"_links":{"self":[{"href":"https:\/\/drpillman.biz\/fr\/wp-json\/wp\/v2\/pages\/121","targetHints":{"allow":["GET"]}}],"collection":[{"href":"https:\/\/drpillman.biz\/fr\/wp-json\/wp\/v2\/pages"}],"about":[{"href":"https:\/\/drpillman.biz\/fr\/wp-json\/wp\/v2\/types\/page"}],"author":[{"embeddable":true,"href":"https:\/\/drpillman.biz\/fr\/wp-json\/wp\/v2\/users\/3"}],"replies":[{"embeddable":true,"href":"https:\/\/drpillman.biz\/fr\/wp-json\/wp\/v2\/comments?post=121"}],"version-history":[{"count":0,"href":"https:\/\/drpillman.biz\/fr\/wp-json\/wp\/v2\/pages\/121\/revisions"}],"wp:attachment":[{"href":"https:\/\/drpillman.biz\/fr\/wp-json\/wp\/v2\/media?parent=121"}],"curies":[{"name":"wp","href":"https:\/\/api.w.org\/{rel}","templated":true}]}}