{"id":124,"date":"2013-07-27T03:59:05","date_gmt":"2013-07-27T02:59:05","guid":{"rendered":"https:\/\/drpillman.biz\/?page_id=124"},"modified":"2024-05-17T20:15:31","modified_gmt":"2024-05-17T19:15:31","slug":"levothyroxine","status":"publish","type":"page","link":"https:\/\/drpillman.biz\/fr\/levothyroxine.htm","title":{"rendered":"L\u00e9vothyroxine"},"content":{"rendered":"<div id=\"content-center\">\n<div id=\"content-image\">\n\t\t\t\t\t<img decoding=\"async\" src=\"\/img\/Levothyroxine.jpg\" alt=\"Levothyroxine\">\t\t\t\t<\/div>\n<div id=\"content-description\">\n<h1>L\u00e9vothyroxine<\/h1>\n<p> <code><a href=\"https:\/\/200pills.com\/search.html?lang=fr&#038;cur=EUR&#038;key=Levothyroxine\"> <button class=\"button-7\" role=\"button\">Cliquez ici pour acheter<\/button><\/a><\/code> <\/p>\n<div class=\"gray\"><\/div>\n<div class=\"clear\"><\/div>\n<div id=\"description\">\n\t\t\t\t\t\tLa l\u00e9vothyroxine est une hormone de remplacement de l&#8217;hormone produite naturellement dans le corps par la glande thyro\u00efde. Elle est \u00e9galement connue sous le nom de Thyroxine. Les hormones thyro\u00efdiennes jouent un r\u00f4le tr\u00e8s important dans notre corps car elles aident \u00e0 r\u00e9guler le taux de m\u00e9tabolisme dans le corps. En l&#8217;absence d&#8217;une quantit\u00e9 suffisante d&#8217;hormones thyro\u00efdiennes dans l&#8217;organisme, celui-ci ne peut pas fonctionner correctement et peut entra\u00eener des probl\u00e8mes graves tels que la prise de poids, la perte de cheveux, une peau \u00e9paisse et une mauvaise croissance.\t\t\t\t\t<\/div>\n<div id=\"additional\">\n\t\t\t\t\t\tSynonymes :<span> Synthroid, Thyroxine<\/span>\n\t\t\t\t\t<\/div>\n<\/p><\/div>\n<div class=\"clear\"><\/div>\n<p>Les hormones thyro\u00efdiennes r\u00e9gulent \u00e9galement la chaleur du corps humain. Les personnes souffrant de troubles de la thyro\u00efde sont donc sensibles au froid.<\/p>\n<p>La glande thyro\u00efde produit de la thyroxine et de la tri-iodothyronine. La thyroxine se transforme en tri-iodothyronine dans d&#8217;autres parties du corps. Lorsque la glande thyro\u00efde cesse de produire de la thyroxine, cela entra\u00eene une carence en tri-iodothyronine dans l&#8217;organisme. Cela entra\u00eene les probl\u00e8mes d\u00e9crits ci-dessus.<\/p>\n<h2>Dosage et mode d&#8217;emploi<\/h2>\n<p>La l\u00e9vothyroxine doit \u00eatre prise le matin \u00e0 jeun avec de l&#8217;eau. Le dosage doit \u00eatre conforme aux recommandations de votre m\u00e9decin. Normalement, un dosage de 1 &#8211; 1.7 mg par 1 kg de poids corporel sont recommand\u00e9s. Si vous oubliez de prendre une dose, ne doublez pas la dose le lendemain. Il n&#8217;est pas recommand\u00e9 de prendre des pilules suppl\u00e9mentaires en cas d&#8217;oubli.<\/p>\n<p>Vous ne devez pas arr\u00eater de prendre ce m\u00e9dicament de votre propre chef. V\u00e9rifier avec le m\u00e9decin s&#8217;il est possible d&#8217;arr\u00eater de prendre les pilules. En g\u00e9n\u00e9ral, la l\u00e9vothyroxine met quelques semaines \u00e0 agir. Si la glande thyro\u00efde a compl\u00e8tement cess\u00e9 de fonctionner, il peut \u00eatre n\u00e9cessaire de prendre de la l\u00e9vothyroxine pour le reste de la vie.<\/p>\n<h2>L\u00e9vothyroxine et grossesse<\/h2>\n<p>Les femmes enceintes peuvent continuer \u00e0 prendre de la l\u00e9vothyroxine, car elle n&#8217;est pas nocive pour l&#8217;enfant \u00e0 na\u00eetre. Consulter le m\u00e9decin pour conna\u00eetre le bon dosage en cas de grossesse. Les femmes qui allaitent peuvent \u00e9galement continuer \u00e0 prendre de la l\u00e9vothyroxine. Ce m\u00e9dicament passe dans le lait maternel mais n&#8217;est pas consid\u00e9r\u00e9 comme dangereux pour les nourrissons.<\/p>\n<h2>Interactions<\/h2>\n<p>Il est important de communiquer vos ant\u00e9c\u00e9dents m\u00e9dicaux au m\u00e9decin, car certains m\u00e9langes de m\u00e9dicaments peuvent \u00eatre nocifs pour l&#8217;organisme. La l\u00e9vothyroxine ne doit pas \u00eatre prise en association avec des m\u00e9dicaments anticoagulants, car elle est connue pour augmenter l&#8217;effet anti-coagulant du sang, ce qui peut entra\u00eener des saignements excessifs en cas de blessure.<\/p>\n<p>En outre, si la l\u00e9vothyroxine est prise avec des antiacides, du sucralfate, de la ciproflaxcine et d&#8217;autres m\u00e9dicaments de ce type, elle peut ne pas \u00eatre correctement absorb\u00e9e par l&#8217;organisme. Un intervalle d&#8217;au moins 4 heures doit \u00eatre respect\u00e9 entre la prise de ces m\u00e9dicaments et celle de la l\u00e9vothyroxine.<\/p>\n<h2>Effets secondaires de la l\u00e9vothyroxine<\/h2>\n<p>La l\u00e9vothyroxine provoque des effets secondaires mineurs tels qu&#8217;une insomnie temporaire, une perte de poids et un pouls irr\u00e9gulier. Ces effets secondaires disparaissent g\u00e9n\u00e9ralement au bout de quelques jours, le temps que le corps s&#8217;habitue au nouveau m\u00e9dicament.<\/p>\n<p>En cas d&#8217;autres effets secondaires graves tels que l&#8217;essoufflement, la transpiration abondante, les douleurs thoraciques, il convient de consulter imm\u00e9diatement un m\u00e9decin.<\/p>\n<h2>Avantages de l&#8217;achat de Levothyroxine en ligne<\/h2>\n<p>Il est tr\u00e8s facile d&#8217;acheter de la Levothyroxine en ligne. Le processus est similaire \u00e0 la commande d&#8217;une paire de jeans en ligne. Il vous suffit de vous rendre dans votre pharmacie en ligne pr\u00e9f\u00e9r\u00e9e, de s\u00e9lectionner le dosage requis, d&#8217;indiquer les d\u00e9tails de l&#8217;exp\u00e9dition, d&#8217;effectuer le paiement et le tour est jou\u00e9. Ces pharmacies ne demandent pas d&#8217;ordonnance.<\/p>\n<p>Outre la commodit\u00e9, la commande de Levothyroxine en ligne pr\u00e9sente \u00e9galement d&#8217;autres avantages.<\/p>\n<p>Vous \u00e9conomiserez beaucoup d&#8217;argent si vous commandez Thyroxine en ligne. Les prix des pharmacies en ligne sont toujours moins \u00e9lev\u00e9s que ceux des magasins locaux. De plus, ces pharmacies offrent des r\u00e9ductions importantes pour les commandes en gros ainsi que des pilules gratuites si vous restez un client fid\u00e8le.<\/p>\n<\/p><\/div>\n<h2>La D\u00e9couverte Inattendue : Levothyroxine sans ordonnance en France<\/h2>\n<p>Dans le monde pharmaceutique, la question de la possibilit\u00e9 d&#8217;acqu\u00e9rir des m\u00e9dicaments sans ordonnance suscite une r\u00e9flexion approfondie. En France, cette interrogation prend une tournure particuli\u00e8re avec le Levothyroxine, un substitut hormonal essentiel pour les personnes souffrant de troubles de la thyro\u00efde. La r\u00e9glementation fran\u00e7aise, empreinte de s\u00e9v\u00e9rit\u00e9, interdit g\u00e9n\u00e9ralement l&#8217;acc\u00e8s \u00e0 ce type de traitement sans l&#8217;aval d&#8217;un m\u00e9decin. Pourtant, la curiosit\u00e9 du consommateur m\u00e8ne \u00e0 s&#8217;interroger : est-il r\u00e9ellement envisageable d&#8217;obtenir le Levothyroxine sans ordonnance sur le territoire fran\u00e7ais ?<br \/>\nLa r\u00e9ponse, complexe et nuanc\u00e9e, implique une compr\u00e9hension approfondie des lois et des pratiques m\u00e9dicales en vigueur. Bien que la plupart des pharmacies fran\u00e7aises exigent une ordonnance pour d\u00e9livrer le Levothyroxine, des exceptions peuvent surgir dans des situations pr\u00e9cises. Par exemple, certains m\u00e9dicaments g\u00e9n\u00e9riques de la thyro\u00efde, moins puissants, peuvent \u00eatre disponibles sans ordonnance dans certaines circonstances. Cependant, il convient de noter que ces alternatives ne remplacent pas le Levothyroxine dans son ensemble et ne sont pas adapt\u00e9es \u00e0 tous les patients.<br \/>\nDans l&#8217;ensemble, il est crucial de respecter les r\u00e8gles \u00e9tablies et de consulter un professionnel de la sant\u00e9 avant de se procurer tout traitement hormonal. La sant\u00e9 est un tr\u00e9sor pr\u00e9cieux et il est essentiel de ne pas laisser s&#8217;immiscer la pr\u00e9cipitation ou l&#8217;ignorance dans la prise de d\u00e9cision m\u00e9dicale. En somme, bien qu&#8217;il soit tentant d&#8217;esp\u00e9rer une plus grande libert\u00e9 dans l&#8217;acc\u00e8s aux m\u00e9dicaments, la prudence et la connaissance restent les ma\u00eetres mots dans le domaine pharmaceutique.<\/p>\n","protected":false},"excerpt":{"rendered":"<p>L\u00e9vothyroxine Cliquez ici pour acheter La l\u00e9vothyroxine est une hormone de remplacement de l&#8217;hormone produite naturellement dans le corps par<\/p>\n","protected":false},"author":3,"featured_media":0,"parent":0,"menu_order":0,"comment_status":"closed","ping_status":"closed","template":"","meta":{"_lmt_disableupdate":"no","_lmt_disable":"no","footnotes":""},"class_list":["post-124","page","type-page","status-publish","hentry"],"translation":{"provider":"WPGlobus","version":"3.0.2","language":"fr","enabled_languages":["en","es","fr"],"languages":{"en":{"title":true,"content":true,"excerpt":false},"es":{"title":true,"content":true,"excerpt":false},"fr":{"title":true,"content":true,"excerpt":false}}},"yoast_head":"<!-- This site is optimized with the Yoast SEO plugin v27.4 - https:\/\/yoast.com\/product\/yoast-seo-wordpress\/ -->\n<title>Acheter L\u00e9vothyroxine 25, 50, 100 et 200 mcg en ligne sans ordonnance en France<\/title>\n<meta name=\"description\" content=\"La l\u00e9vothyroxine fait partie d&#039;une hormonoth\u00e9rapie remplac\u00e9e par des patients atteints d&#039;hypothyro\u00efdie. Vous pouvez acheter de la thyroxine en ligne pour r\u00e9guler plus efficacement votre m\u00e9tabolisme.\" \/>\n<meta name=\"robots\" content=\"index, follow, max-snippet:-1, max-image-preview:large, max-video-preview:-1\" \/>\n<link rel=\"canonical\" href=\"https:\/\/drpillman.biz\/levothyroxine.htm\" \/>\n<meta property=\"og:locale\" content=\"fr_FR\" \/>\n<meta property=\"og:type\" content=\"article\" \/>\n<meta property=\"og:title\" content=\"Acheter L\u00e9vothyroxine 25, 50, 100 et 200 mcg en ligne sans ordonnance en France\" \/>\n<meta property=\"og:description\" content=\"La l\u00e9vothyroxine fait partie d&#039;une hormonoth\u00e9rapie remplac\u00e9e par des patients atteints d&#039;hypothyro\u00efdie. Vous pouvez acheter de la thyroxine en ligne pour r\u00e9guler plus efficacement votre m\u00e9tabolisme.\" \/>\n<meta property=\"og:url\" content=\"https:\/\/drpillman.biz\/levothyroxine.htm\" \/>\n<meta property=\"og:site_name\" content=\"Dr.Pillman\" \/>\n<meta property=\"article:modified_time\" content=\"2024-05-17T19:15:31+00:00\" \/>\n<meta name=\"twitter:card\" content=\"summary_large_image\" \/>\n<script type=\"application\/ld+json\" class=\"yoast-schema-graph\">{\"@context\":\"https:\\\/\\\/schema.org\",\"@graph\":[{\"@type\":\"WebPage\",\"@id\":\"https:\\\/\\\/drpillman.biz\\\/levothyroxine.htm\",\"url\":\"https:\\\/\\\/drpillman.biz\\\/levothyroxine.htm\",\"name\":\"Buy Levothyroxine (Thyroxine) Online Without Prescription, Fast Shipping\",\"isPartOf\":{\"@id\":\"https:\\\/\\\/drpillman.biz\\\/es\\\/#website\"},\"datePublished\":\"2013-07-27T02:59:05+00:00\",\"dateModified\":\"2024-05-17T19:15:31+00:00\",\"description\":\"La l\u00e9vothyroxine fait partie d'une hormonoth\u00e9rapie remplac\u00e9e par des patients atteints d'hypothyro\u00efdie. Vous pouvez acheter de la thyroxine en ligne pour r\u00e9guler plus efficacement votre m\u00e9tabolisme.\",\"breadcrumb\":{\"@id\":\"https:\\\/\\\/drpillman.biz\\\/levothyroxine.htm#breadcrumb\"},\"inLanguage\":\"fr-FR\",\"potentialAction\":[{\"@type\":\"ReadAction\",\"target\":[\"https:\\\/\\\/drpillman.biz\\\/levothyroxine.htm\"]}]},{\"@type\":\"BreadcrumbList\",\"@id\":\"https:\\\/\\\/drpillman.biz\\\/levothyroxine.htm#breadcrumb\",\"itemListElement\":[{\"@type\":\"ListItem\",\"position\":1,\"name\":\"Home\",\"item\":\"https:\\\/\\\/drpillman.biz\\\/es\\\/\"},{\"@type\":\"ListItem\",\"position\":2,\"name\":\"Levothyroxine\"}]},{\"@type\":\"WebSite\",\"@id\":\"https:\\\/\\\/drpillman.biz\\\/es\\\/#website\",\"url\":\"https:\\\/\\\/drpillman.biz\\\/es\\\/\",\"name\":\"Dr.Pillman\",\"description\":\"\",\"potentialAction\":[{\"@type\":\"SearchAction\",\"target\":{\"@type\":\"EntryPoint\",\"urlTemplate\":\"https:\\\/\\\/drpillman.biz\\\/es\\\/?s={search_term_string}\"},\"query-input\":{\"@type\":\"PropertyValueSpecification\",\"valueRequired\":true,\"valueName\":\"search_term_string\"}}],\"inLanguage\":\"fr-FR\"}]}<\/script>\n<!-- \/ Yoast SEO plugin. -->","yoast_head_json":{"title":"Acheter L\u00e9vothyroxine 25, 50, 100 et 200 mcg en ligne sans ordonnance en France","description":"La l\u00e9vothyroxine fait partie d'une hormonoth\u00e9rapie remplac\u00e9e par des patients atteints d'hypothyro\u00efdie. Vous pouvez acheter de la thyroxine en ligne pour r\u00e9guler plus efficacement votre m\u00e9tabolisme.","robots":{"index":"index","follow":"follow","max-snippet":"max-snippet:-1","max-image-preview":"max-image-preview:large","max-video-preview":"max-video-preview:-1"},"canonical":"https:\/\/drpillman.biz\/levothyroxine.htm","og_locale":"fr_FR","og_type":"article","og_title":"Acheter L\u00e9vothyroxine 25, 50, 100 et 200 mcg en ligne sans ordonnance en France","og_description":"La l\u00e9vothyroxine fait partie d'une hormonoth\u00e9rapie remplac\u00e9e par des patients atteints d'hypothyro\u00efdie. Vous pouvez acheter de la thyroxine en ligne pour r\u00e9guler plus efficacement votre m\u00e9tabolisme.","og_url":"https:\/\/drpillman.biz\/levothyroxine.htm","og_site_name":"Dr.Pillman","article_modified_time":"2024-05-17T19:15:31+00:00","twitter_card":"summary_large_image","schema":{"@context":"https:\/\/schema.org","@graph":[{"@type":"WebPage","@id":"https:\/\/drpillman.biz\/levothyroxine.htm","url":"https:\/\/drpillman.biz\/levothyroxine.htm","name":"Buy Levothyroxine (Thyroxine) Online Without Prescription, Fast Shipping","isPartOf":{"@id":"https:\/\/drpillman.biz\/es\/#website"},"datePublished":"2013-07-27T02:59:05+00:00","dateModified":"2024-05-17T19:15:31+00:00","description":"La l\u00e9vothyroxine fait partie d'une hormonoth\u00e9rapie remplac\u00e9e par des patients atteints d'hypothyro\u00efdie. Vous pouvez acheter de la thyroxine en ligne pour r\u00e9guler plus efficacement votre m\u00e9tabolisme.","breadcrumb":{"@id":"https:\/\/drpillman.biz\/levothyroxine.htm#breadcrumb"},"inLanguage":"fr-FR","potentialAction":[{"@type":"ReadAction","target":["https:\/\/drpillman.biz\/levothyroxine.htm"]}]},{"@type":"BreadcrumbList","@id":"https:\/\/drpillman.biz\/levothyroxine.htm#breadcrumb","itemListElement":[{"@type":"ListItem","position":1,"name":"Home","item":"https:\/\/drpillman.biz\/es\/"},{"@type":"ListItem","position":2,"name":"Levothyroxine"}]},{"@type":"WebSite","@id":"https:\/\/drpillman.biz\/es\/#website","url":"https:\/\/drpillman.biz\/es\/","name":"Dr.Pillman","description":"","potentialAction":[{"@type":"SearchAction","target":{"@type":"EntryPoint","urlTemplate":"https:\/\/drpillman.biz\/es\/?s={search_term_string}"},"query-input":{"@type":"PropertyValueSpecification","valueRequired":true,"valueName":"search_term_string"}}],"inLanguage":"fr-FR"}]}},"_links":{"self":[{"href":"https:\/\/drpillman.biz\/fr\/wp-json\/wp\/v2\/pages\/124","targetHints":{"allow":["GET"]}}],"collection":[{"href":"https:\/\/drpillman.biz\/fr\/wp-json\/wp\/v2\/pages"}],"about":[{"href":"https:\/\/drpillman.biz\/fr\/wp-json\/wp\/v2\/types\/page"}],"author":[{"embeddable":true,"href":"https:\/\/drpillman.biz\/fr\/wp-json\/wp\/v2\/users\/3"}],"replies":[{"embeddable":true,"href":"https:\/\/drpillman.biz\/fr\/wp-json\/wp\/v2\/comments?post=124"}],"version-history":[{"count":0,"href":"https:\/\/drpillman.biz\/fr\/wp-json\/wp\/v2\/pages\/124\/revisions"}],"wp:attachment":[{"href":"https:\/\/drpillman.biz\/fr\/wp-json\/wp\/v2\/media?parent=124"}],"curies":[{"name":"wp","href":"https:\/\/api.w.org\/{rel}","templated":true}]}}