{"id":127,"date":"2013-01-21T09:16:25","date_gmt":"2013-01-21T09:16:25","guid":{"rendered":"https:\/\/drpillman.biz\/?page_id=127"},"modified":"2024-05-17T20:17:20","modified_gmt":"2024-05-17T19:17:20","slug":"lidocaine","status":"publish","type":"page","link":"https:\/\/drpillman.biz\/fr\/lidocaine.htm","title":{"rendered":"Lidoca\u00efne"},"content":{"rendered":"<div id=\"content-center\">\n<div id=\"content-image\">\n\t\t\t\t\t<img decoding=\"async\" src=\"\/img\/Lidocaine.jpg\" alt=\"Lidoca\u00efne\">\t\t\t\t<\/div>\n<div id=\"content-description\">\n<h1>Lidoca\u00efne<\/h1>\n<p> <code><a href=\"https:\/\/200pills.com\/search.html?lang=fr&#038;cur=EUR&#038;key=Lidocaine\"> <button class=\"button-7\" role=\"button\">Cliquez ici pour acheter<\/button><\/a><\/code> <\/p>\n<div class=\"gray\"><\/div>\n<div class=\"clear\"><\/div>\n<div id=\"description\">\n\t\t\t\t\t\tLe gel de lidoca\u00efne peut \u00eatre extr\u00eamement utile pour soulager la douleur locale. Les personnes allergiques \u00e0 la lidoca\u00efne ou \u00e0 l&#8217;un des compos\u00e9s pr\u00e9sents dans ce gel, ainsi que celles qui souffrent d&#8217;une infection ou d&#8217;une plaie ouverte autour de la zone qui va \u00eatre trait\u00e9e avec le gel, doivent absolument \u00e9viter d&#8217;utiliser le gel de lidoca\u00efne. Consultez votre m\u00e9decin \u00e0 ce sujet avant d&#8217;utiliser le gel.\t\t\t\t\t<\/div>\n<div id=\"additional\">\n\t\t\t\t\t\tSynonymes :<span> Xyloca\u00efne<\/span>\n\t\t\t\t\t<\/div>\n<\/p><\/div>\n<div class=\"clear\"><\/div>\n<p>Si vous \u00eates enceinte ou si vous allaitez, si vous \u00eates allergique \u00e0 des aliments, si vous avez eu une r\u00e9action allergique grave \u00e0 des anesth\u00e9siques ou si vous avez des probl\u00e8mes cardiaques, r\u00e9naux ou h\u00e9patiques, vous devez \u00e9galement contacter votre m\u00e9decin avant d&#8217;utiliser le gel de lidoca\u00efne, afin d&#8217;\u00e9viter des situations d\u00e9sagr\u00e9ables. Le gel doit \u00eatre utilis\u00e9 exactement selon les instructions de votre m\u00e9decin et vous devez vous laver soigneusement les mains apr\u00e8s l&#8217;avoir utilis\u00e9.<\/p>\n<h2>Pr\u00e9cautions d&#8217;emploi<\/h2>\n<p>\u00c9viter tout contact avec les yeux, le nez ou la bouche car le gel de lidoca\u00efne peut \u00eatre toxique &#8211; il est con\u00e7u uniquement pour un usage externe. Si vous entrez accidentellement en contact direct avec le gel, nettoyez les yeux ou la zone affect\u00e9e avec de l&#8217;eau froide du robinet et consultez imm\u00e9diatement votre m\u00e9decin.<\/p>\n<p>Si le gel de lidoca\u00efne ne soulage pas la douleur au bout de plusieurs jours ou si vous remarquez des changements autour de la zone affect\u00e9e (comme un gonflement, une rougeur ou m\u00eame un saignement), vous devriez consulter votre m\u00e9decin. La lidoca\u00efne ne doit jamais \u00eatre utilis\u00e9e sur une peau ab\u00eem\u00e9e et les patients ne doivent pas d\u00e9passer la dose recommand\u00e9e, car cela peut entra\u00eener des effets ind\u00e9sirables.<\/p>\n<p>Les enfants de moins de 12 ans ne doivent pas utiliser le gel de lidoca\u00efne sans prescription m\u00e9dicale et sans visite pr\u00e9alable au cabinet du m\u00e9decin. Le gel est hautement inflammable, c&#8217;est pourquoi il doit \u00eatre conserv\u00e9 \u00e0 l&#8217;\u00e9cart du feu et de toute autre source de chaleur, y compris la lumi\u00e8re directe du soleil. Le tube doit \u00eatre correctement ferm\u00e9 avant d&#8217;\u00eatre stock\u00e9, et le m\u00e9dicament doit \u00eatre conserv\u00e9 \u00e0 temp\u00e9rature ambiante, \u00e0 l&#8217;abri de l&#8217;humidit\u00e9 et hors de port\u00e9e des enfants et des animaux domestiques.<\/p>\n<h2>Effets secondaires<\/h2>\n<p>Le gel de lidoca\u00efne n&#8217;entra\u00eene g\u00e9n\u00e9ralement pas d&#8217;effets secondaires graves si le traitement est utilis\u00e9 exactement comme indiqu\u00e9 par le m\u00e9decin ou comme indiqu\u00e9 sur la notice m\u00e9dicale. Toutefois, certaines personnes hypersensibles aux compos\u00e9s du gel de lidoca\u00efne peuvent ressentir une l\u00e9g\u00e8re g\u00eane qui devrait dispara\u00eetre en quelques heures. Si la g\u00eane persiste et que vous ressentez un essoufflement ou un gonflement de la langue et des l\u00e8vres, il se peut que vous subissiez une r\u00e9action ind\u00e9sirable grave et que vous deviez demander des soins m\u00e9dicaux d&#8217;urgence.<\/p>\n<h2>Acheter du gel de lidoca\u00efne en ligne sans ordonnance m\u00e9dicale<\/h2>\n<p>Si vous avez r\u00e9cemment subi une blessure et que vous avez du mal \u00e0 supporter la douleur, mais que vous ne voulez pas avoir recours aux AINS, le gel de lidoca\u00efne est certainement un excellent choix pour un usage externe. Vous pouvez commander le gel de lidoca\u00efne en ligne aupr\u00e8s de pharmacies virtuelles o\u00f9 aucune prescription m\u00e9dicale n&#8217;est requise. De plus, un autre avantage majeur est que le gel de lidoca\u00efne est consid\u00e9rablement moins cher sur Internet.<\/p>\n<\/p><\/div>\n<h2>La D\u00e9couverte Inattendue : Lidocaine Sans Ordonnance en France ?<\/h2>\n<p>Dans le labyrinthe des r\u00e9gulations pharmaceutiques, la question qui titille l&#8217;esprit des consommateurs : &#8220;Est-il possible d&#8217;acqu\u00e9rir la c\u00e9l\u00e8bre anesth\u00e9sique local, le Lidocaine, sans ordonnance en France ?&#8221; La r\u00e9ponse, comme un parfum de myst\u00e8re, n&#8217;est pas aussi transparente que l&#8217;eau pure. Le Lidocaine, avec ses vertus analg\u00e9siques, est habituellement r\u00e9serv\u00e9 aux mains expertes du corps m\u00e9dical, mais des chemins moins battus pourraient bien mener \u00e0 sa d\u00e9tention sans le sceau d&#8217;approbation d&#8217;un prescripteur qualifi\u00e9.<br \/>\nLa r\u00e9glementation fran\u00e7aise, stricte comme un corset m\u00e9dical, impose g\u00e9n\u00e9ralement que les m\u00e9dicaments \u00e0 base de Lidocaine ne soient accessibles que sur pr\u00e9sentation d&#8217;une ordonnance. Cependant, dans les recoins les plus sombres de l&#8217;internet, des promesses de Lidocaine &#8220;sans ordonnance&#8221; flottent comme des mirages dans le d\u00e9sert de la demande. Il est crucial de se m\u00e9fier de ces app\u00e2ts, car ils peuvent cacher des dangers comme des serpents sous les fleurs.<br \/>\nLa tentation est grande, l&#8217;id\u00e9e d&#8217;\u00e9chapper aux contraintes administratives attire comme un aimant, mais la prudence doit \u00eatre de mise. La d\u00e9livrance de Lidocaine sans ordonnance, hors de tout cadre l\u00e9gal et s\u00e9curis\u00e9, expose \u00e0 des risques consid\u00e9rables, allant de l&#8217;inefficacit\u00e9 \u00e0 la toxicit\u00e9. Le respect des r\u00e8gles pharmaceutiques n&#8217;est pas seulement une question de l\u00e9galit\u00e9, mais aussi et surtout une affaire de sant\u00e9 et de s\u00e9curit\u00e9.<br \/>\nEn somme, bien que la question &#8220;Est-il possible d&#8217;acheter du Lidocaine sans ordonnance en France ?&#8221; suscite une r\u00e9flexion profonde, la r\u00e9ponse claire et nette est que la sagesse et la l\u00e9galit\u00e9 dictent de ne jamais se tourner vers des sources illicites ou non autoris\u00e9es pour obtenir des m\u00e9dicaments potentiellement dangereux. La voie s\u00fbre et l\u00e9gitime demeure la consultation d&#8217;un professionnel de la sant\u00e9, qui, avec une ordonnance en main, pourra vous fournir le Lidocaine dans les conditions de s\u00e9curit\u00e9 et d&#8217;efficacit\u00e9 qui lui sont propres.<\/p>\n","protected":false},"excerpt":{"rendered":"<p>Lidoca\u00efne Cliquez ici pour acheter Le gel de lidoca\u00efne peut \u00eatre extr\u00eamement utile pour soulager la douleur locale. Les personnes<\/p>\n","protected":false},"author":3,"featured_media":0,"parent":0,"menu_order":0,"comment_status":"closed","ping_status":"closed","template":"","meta":{"_lmt_disableupdate":"no","_lmt_disable":"no","footnotes":""},"class_list":["post-127","page","type-page","status-publish","hentry"],"translation":{"provider":"WPGlobus","version":"3.0.2","language":"fr","enabled_languages":["en","es","fr"],"languages":{"en":{"title":true,"content":true,"excerpt":false},"es":{"title":true,"content":true,"excerpt":false},"fr":{"title":true,"content":true,"excerpt":false}}},"yoast_head":"<!-- This site is optimized with the Yoast SEO plugin v27.4 - https:\/\/yoast.com\/product\/yoast-seo-wordpress\/ -->\n<title>Acheter Lidoca\u00efne 10 mg en ligne sans ordonnance en France<\/title>\n<meta name=\"description\" content=\"Le gel de lidoca\u00efne est un anesth\u00e9sique local avec des propri\u00e9t\u00e9s engourdies. Apr\u00e8s avoir achet\u00e9 du gel de lidoca\u00efne \u00e0 la pharmacie de votre choix, vous devrez l&#039;appliquer dans un domaine tr\u00e8s sp\u00e9cifique avant une proc\u00e9dure m\u00e9dicale invasive.\" \/>\n<meta name=\"robots\" content=\"index, follow, max-snippet:-1, max-image-preview:large, max-video-preview:-1\" \/>\n<link rel=\"canonical\" href=\"https:\/\/drpillman.biz\/es\/lidocaine.htm\" \/>\n<meta property=\"og:locale\" content=\"fr_FR\" \/>\n<meta property=\"og:type\" content=\"article\" \/>\n<meta property=\"og:title\" content=\"Acheter Lidoca\u00efne 10 mg en ligne sans ordonnance en France\" \/>\n<meta property=\"og:description\" content=\"Le gel de lidoca\u00efne est un anesth\u00e9sique local avec des propri\u00e9t\u00e9s engourdies. Apr\u00e8s avoir achet\u00e9 du gel de lidoca\u00efne \u00e0 la pharmacie de votre choix, vous devrez l&#039;appliquer dans un domaine tr\u00e8s sp\u00e9cifique avant une proc\u00e9dure m\u00e9dicale invasive.\" \/>\n<meta property=\"og:url\" content=\"https:\/\/drpillman.biz\/es\/lidocaine.htm\" \/>\n<meta property=\"og:site_name\" content=\"Dr.Pillman\" \/>\n<meta property=\"article:modified_time\" content=\"2024-05-17T19:17:20+00:00\" \/>\n<meta name=\"twitter:card\" content=\"summary_large_image\" \/>\n<script type=\"application\/ld+json\" class=\"yoast-schema-graph\">{\"@context\":\"https:\\\/\\\/schema.org\",\"@graph\":[{\"@type\":\"WebPage\",\"@id\":\"https:\\\/\\\/drpillman.biz\\\/es\\\/lidocaine.htm\",\"url\":\"https:\\\/\\\/drpillman.biz\\\/es\\\/lidocaine.htm\",\"name\":\"El gel de lidoca\u00edna es un anest\u00e9sico poderoso que se aplica a la piel, y su prop\u00f3sito es adormecer los nervios, evitando as\u00ed que el paciente sienta dolor\",\"isPartOf\":{\"@id\":\"http:\\\/\\\/drpillman.biz\\\/#website\"},\"datePublished\":\"2013-01-21T09:16:25+00:00\",\"dateModified\":\"2024-05-17T19:17:20+00:00\",\"description\":\"Le gel de lidoca\u00efne est un anesth\u00e9sique local avec des propri\u00e9t\u00e9s engourdies. Apr\u00e8s avoir achet\u00e9 du gel de lidoca\u00efne \u00e0 la pharmacie de votre choix, vous devrez l'appliquer dans un domaine tr\u00e8s sp\u00e9cifique avant une proc\u00e9dure m\u00e9dicale invasive.\",\"breadcrumb\":{\"@id\":\"https:\\\/\\\/drpillman.biz\\\/es\\\/lidocaine.htm#breadcrumb\"},\"inLanguage\":\"fr-FR\",\"potentialAction\":[{\"@type\":\"ReadAction\",\"target\":[\"https:\\\/\\\/drpillman.biz\\\/es\\\/lidocaine.htm\"]}]},{\"@type\":\"BreadcrumbList\",\"@id\":\"https:\\\/\\\/drpillman.biz\\\/es\\\/lidocaine.htm#breadcrumb\",\"itemListElement\":[{\"@type\":\"ListItem\",\"position\":1,\"name\":\"Home\",\"item\":\"http:\\\/\\\/drpillman.biz\\\/\"},{\"@type\":\"ListItem\",\"position\":2,\"name\":\"Lidoca\u00edna\"}]},{\"@type\":\"WebSite\",\"@id\":\"http:\\\/\\\/drpillman.biz\\\/#website\",\"url\":\"http:\\\/\\\/drpillman.biz\\\/\",\"name\":\"Dr.Pillman\",\"description\":\"\",\"potentialAction\":[{\"@type\":\"SearchAction\",\"target\":{\"@type\":\"EntryPoint\",\"urlTemplate\":\"http:\\\/\\\/drpillman.biz\\\/?s={search_term_string}\"},\"query-input\":{\"@type\":\"PropertyValueSpecification\",\"valueRequired\":true,\"valueName\":\"search_term_string\"}}],\"inLanguage\":\"fr-FR\"}]}<\/script>\n<!-- \/ Yoast SEO plugin. -->","yoast_head_json":{"title":"Acheter Lidoca\u00efne 10 mg en ligne sans ordonnance en France","description":"Le gel de lidoca\u00efne est un anesth\u00e9sique local avec des propri\u00e9t\u00e9s engourdies. Apr\u00e8s avoir achet\u00e9 du gel de lidoca\u00efne \u00e0 la pharmacie de votre choix, vous devrez l'appliquer dans un domaine tr\u00e8s sp\u00e9cifique avant une proc\u00e9dure m\u00e9dicale invasive.","robots":{"index":"index","follow":"follow","max-snippet":"max-snippet:-1","max-image-preview":"max-image-preview:large","max-video-preview":"max-video-preview:-1"},"canonical":"https:\/\/drpillman.biz\/es\/lidocaine.htm","og_locale":"fr_FR","og_type":"article","og_title":"Acheter Lidoca\u00efne 10 mg en ligne sans ordonnance en France","og_description":"Le gel de lidoca\u00efne est un anesth\u00e9sique local avec des propri\u00e9t\u00e9s engourdies. Apr\u00e8s avoir achet\u00e9 du gel de lidoca\u00efne \u00e0 la pharmacie de votre choix, vous devrez l'appliquer dans un domaine tr\u00e8s sp\u00e9cifique avant une proc\u00e9dure m\u00e9dicale invasive.","og_url":"https:\/\/drpillman.biz\/es\/lidocaine.htm","og_site_name":"Dr.Pillman","article_modified_time":"2024-05-17T19:17:20+00:00","twitter_card":"summary_large_image","schema":{"@context":"https:\/\/schema.org","@graph":[{"@type":"WebPage","@id":"https:\/\/drpillman.biz\/es\/lidocaine.htm","url":"https:\/\/drpillman.biz\/es\/lidocaine.htm","name":"El gel de lidoca\u00edna es un anest\u00e9sico poderoso que se aplica a la piel, y su prop\u00f3sito es adormecer los nervios, evitando as\u00ed que el paciente sienta dolor","isPartOf":{"@id":"http:\/\/drpillman.biz\/#website"},"datePublished":"2013-01-21T09:16:25+00:00","dateModified":"2024-05-17T19:17:20+00:00","description":"Le gel de lidoca\u00efne est un anesth\u00e9sique local avec des propri\u00e9t\u00e9s engourdies. Apr\u00e8s avoir achet\u00e9 du gel de lidoca\u00efne \u00e0 la pharmacie de votre choix, vous devrez l'appliquer dans un domaine tr\u00e8s sp\u00e9cifique avant une proc\u00e9dure m\u00e9dicale invasive.","breadcrumb":{"@id":"https:\/\/drpillman.biz\/es\/lidocaine.htm#breadcrumb"},"inLanguage":"fr-FR","potentialAction":[{"@type":"ReadAction","target":["https:\/\/drpillman.biz\/es\/lidocaine.htm"]}]},{"@type":"BreadcrumbList","@id":"https:\/\/drpillman.biz\/es\/lidocaine.htm#breadcrumb","itemListElement":[{"@type":"ListItem","position":1,"name":"Home","item":"http:\/\/drpillman.biz\/"},{"@type":"ListItem","position":2,"name":"Lidoca\u00edna"}]},{"@type":"WebSite","@id":"http:\/\/drpillman.biz\/#website","url":"http:\/\/drpillman.biz\/","name":"Dr.Pillman","description":"","potentialAction":[{"@type":"SearchAction","target":{"@type":"EntryPoint","urlTemplate":"http:\/\/drpillman.biz\/?s={search_term_string}"},"query-input":{"@type":"PropertyValueSpecification","valueRequired":true,"valueName":"search_term_string"}}],"inLanguage":"fr-FR"}]}},"_links":{"self":[{"href":"https:\/\/drpillman.biz\/fr\/wp-json\/wp\/v2\/pages\/127","targetHints":{"allow":["GET"]}}],"collection":[{"href":"https:\/\/drpillman.biz\/fr\/wp-json\/wp\/v2\/pages"}],"about":[{"href":"https:\/\/drpillman.biz\/fr\/wp-json\/wp\/v2\/types\/page"}],"author":[{"embeddable":true,"href":"https:\/\/drpillman.biz\/fr\/wp-json\/wp\/v2\/users\/3"}],"replies":[{"embeddable":true,"href":"https:\/\/drpillman.biz\/fr\/wp-json\/wp\/v2\/comments?post=127"}],"version-history":[{"count":0,"href":"https:\/\/drpillman.biz\/fr\/wp-json\/wp\/v2\/pages\/127\/revisions"}],"wp:attachment":[{"href":"https:\/\/drpillman.biz\/fr\/wp-json\/wp\/v2\/media?parent=127"}],"curies":[{"name":"wp","href":"https:\/\/api.w.org\/{rel}","templated":true}]}}