{"id":136,"date":"2013-04-11T10:49:25","date_gmt":"2013-04-11T09:49:25","guid":{"rendered":"https:\/\/drpillman.biz\/?page_id=136"},"modified":"2024-05-17T20:21:09","modified_gmt":"2024-05-17T19:21:09","slug":"naltrexone","status":"publish","type":"page","link":"https:\/\/drpillman.biz\/fr\/naltrexone.htm","title":{"rendered":"Naltrexone"},"content":{"rendered":"<div id=\"content-center\">\n<div id=\"content-image\">\n\t\t\t\t\t<img decoding=\"async\" src=\"\/img\/Naltrexone.jpg\" alt=\"Naltrexone\">\t\t\t\t<\/div>\n<div id=\"content-description\">\n<h1>Naltrexone<\/h1>\n<p> <code><a href=\"https:\/\/200pills.com\/search.html?lang=fr&#038;cur=EUR&#038;key=Naltrexone\"> <button class=\"button-7\" role=\"button\">Cliquez ici pour acheter<\/button><\/a><\/code> <\/p>\n<div class=\"gray\"><\/div>\n<div class=\"clear\"><\/div>\n<div id=\"description\">\n\t\t\t\t\t\tLe chlorhydrate de naltrexone est un m\u00e9dicament tr\u00e8s efficace dans le traitement de la toxicomanie. La prise de naltrexone n&#8217;est qu&#8217;une partie du programme, parmi d&#8217;autres techniques utilis\u00e9es, telles que le conseil et les changements de mode de vie. Il peut \u00e9galement \u00eatre utilis\u00e9 pour les personnes ayant des ant\u00e9c\u00e9dents d&#8217;abus d&#8217;alcool.\t\t\t\t\t<\/div>\n<div id=\"additional\">\n\t\t\t\t\t\tSynonymes :<span> Revia<\/span>\n\t\t\t\t\t<\/div>\n<\/p><\/div>\n<div class=\"clear\"><\/div>\n<p>La naltrexone est destin\u00e9e aux patients d\u00e9pendants de groupes de drogues sp\u00e9cifiques. Son utilisation vise \u00e0 aider le patient \u00e0 \u00e9viter l&#8217;utilisation d&#8217;opiac\u00e9s une fois qu&#8217;il a cess\u00e9 d&#8217;en prendre. Lorsque vous achetez la dose de 50 mg de Naltrexone ou toute autre dose, elle ne devient qu&#8217;une partie de votre programme de traitement. En plus du chlorhydrate de naltrexone 50 mg, vous devrez peut-\u00eatre suivre des conseils et modifier votre mode de vie pour l&#8217;adapter \u00e0 vos besoins personnels. Le Naltrexone n&#8217;est pas destin\u00e9 aux patients qui consomment actuellement des opiac\u00e9s, car des sympt\u00f4mes de sevrage graves et tr\u00e8s d\u00e9sagr\u00e9ables peuvent \u00eatre ressentis dans le cas contraire. La naltrexone est \u00e9galement connue pour diminuer l&#8217;envie de boire de l&#8217;alcool chez le patient. Les personnes qui choisissent d&#8217;acheter Naltrexone 50 mg en ligne doivent lire tr\u00e8s attentivement la notice d&#8217;information du patient pour savoir exactement comment prendre le m\u00e9dicament. La dose de 50 mg de Naltrexone est g\u00e9n\u00e9ralement prise une fois par jour. Parfois, il peut \u00eatre n\u00e9cessaire de prendre une double ou triple dose de chlorhydrate de naltrexone tous les 2 ou 3 jours. Si la Naltrexone provoque des maux d&#8217;estomac, elle peut \u00eatre prise avec de la nourriture pour att\u00e9nuer ce sympt\u00f4me d\u00e9sagr\u00e9able. Pour \u00eatre s\u00fbr de ne pas oublier de prendre votre dose de Naltrexone, il est pr\u00e9f\u00e9rable de le faire \u00e0 la m\u00eame heure tous les jours. Vous devriez adopter une certaine routine qui vous aidera \u00e0 vous souvenir de la prochaine dose \u00e0 prendre. Si vous pensez que vous devriez prendre une dose sup\u00e9rieure \u00e0 50 mg de chlorhydrate de naltrexone, vous devriez toujours en discuter avec un professionnel de la sant\u00e9 qualifi\u00e9 pour voir si cela est s\u00fbr et b\u00e9n\u00e9fique pour vous.<\/p>\n<h2>Effets secondaires<\/h2>\n<p>La plupart des personnes prenant de la Naltrexone ne ressentent pas d&#8217;effets secondaires. Cependant, des effets secondaires tels que des troubles du sommeil, des maux de t\u00eate, des naus\u00e9es, des vertiges, de l&#8217;anxi\u00e9t\u00e9 peuvent toujours survenir, en particulier au d\u00e9but du traitement. Vous ne devez pas vous inqui\u00e9ter si les effets secondaires mentionn\u00e9s disparaissent rapidement d&#8217;eux-m\u00eames. Il est pr\u00e9f\u00e9rable de signaler \u00e0 votre m\u00e9decin tout cas d&#8217;aggravation ou de persistance d&#8217;effets secondaires l\u00e9gers.<\/p>\n<\/p><\/div>\n<h2>La qu\u00eate du Naltrexone sans ordonnance : r\u00e9alit\u00e9 ou chim\u00e8re en France ?<\/h2>\n<p>Dans le labyrinthe des r\u00e9gulations pharmaceutiques, les individus soucieux de leur sant\u00e9 se posent r\u00e9guli\u00e8rement la question cruciale : &#8220;Est-il possible d&#8217;acheter du Naltrexone sans ordonnance en France ?&#8221; La r\u00e9ponse, bien que complexe, se d\u00e9voile dans les replis de la l\u00e9gislation m\u00e9dicale. Le Naltrexone, une mol\u00e9cule aux propri\u00e9t\u00e9s prometteuses dans le traitement de l&#8217;addiction et de l&#8217;ob\u00e9sit\u00e9, se trouve sous le contr\u00f4le vigilant des autorit\u00e9s sanitaires. En France, la d\u00e9livrance de ce m\u00e9dicament sans ordonnance se heurte \u00e0 un mur de contraintes r\u00e9glementaires, refl\u00e9tant une volont\u00e9 de prot\u00e9ger le consommateur tout en assurant l&#8217;efficacit\u00e9 th\u00e9rapeutique.<br \/>\nLa voie du Naltrexone sans ordonnance est barr\u00e9e par les r\u00e8gles strictes de la pharmacie, o\u00f9 la prescription m\u00e9dicale tient lieu de passeport pour l&#8217;acc\u00e8s aux traitements. Cette barri\u00e8re, loin d&#8217;\u00eatre une entrave arbitraire, traduit une pr\u00e9occupation profonde pour la s\u00e9curit\u00e9 et l&#8217;efficacit\u00e9 des traitements. Le Naltrexone, en tant que traitement sp\u00e9cialis\u00e9, requiert une supervision m\u00e9dicale pour garantir son utilisation appropri\u00e9e et minimiser les risques d&#8217;effets secondaires ind\u00e9sirables.<br \/>\nDans cette perspective, l&#8217;id\u00e9e d&#8217;un Naltrexone sans ordonnance se dissout comme un mirage dans le d\u00e9sert de la r\u00e9alit\u00e9 pharmaceutique. La France, avec sa r\u00e9glementation exigeante, ne laisse place \u00e0 l&#8217;improvisation ou \u00e0 la d\u00e9cision individuelle dans l&#8217;acc\u00e8s \u00e0 de tels m\u00e9dicaments. La prescription, avec sa valeur juridique et \u00e9thique, reste le fil conducteur pour l&#8217;obtention du Naltrexone, garantissant ainsi un cheminement th\u00e9rapeutique s\u00e9curis\u00e9 et \u00e9clair\u00e9.<br \/>\nEn somme, la qu\u00eate du Naltrexone sans ordonnance en France se solde par un constat d&#8217;impasse, dict\u00e9 par la n\u00e9cessit\u00e9 de pr\u00e9server la sant\u00e9 des citoyens et de respecter les normes de qualit\u00e9 en vigueur. La voie du Naltrexone, pour \u00eatre emprunt\u00e9e en toute s\u00e9r\u00e9nit\u00e9, doit \u00eatre trac\u00e9e par la main experte du m\u00e9decin, garant de l&#8217;\u00e9quilibre entre libert\u00e9 et responsabilit\u00e9 dans le domaine pharmaceutique.<\/p>\n","protected":false},"excerpt":{"rendered":"<p>Naltrexone Cliquez ici pour acheter Le chlorhydrate de naltrexone est un m\u00e9dicament tr\u00e8s efficace dans le traitement de la toxicomanie.<\/p>\n","protected":false},"author":3,"featured_media":0,"parent":0,"menu_order":0,"comment_status":"closed","ping_status":"closed","template":"","meta":{"_lmt_disableupdate":"no","_lmt_disable":"no","footnotes":""},"class_list":["post-136","page","type-page","status-publish","hentry"],"translation":{"provider":"WPGlobus","version":"3.0.2","language":"fr","enabled_languages":["en","es","fr"],"languages":{"en":{"title":true,"content":true,"excerpt":false},"es":{"title":true,"content":true,"excerpt":false},"fr":{"title":true,"content":true,"excerpt":false}}},"yoast_head":"<!-- This site is optimized with the Yoast SEO plugin v27.4 - https:\/\/yoast.com\/product\/yoast-seo-wordpress\/ -->\n<title>Acheter Naltrexone 50 mg en ligne sans ordonnance en France<\/title>\n<meta name=\"description\" content=\"Achetez l&#039;un des meilleurs antagonistes opio\u00efdes naltrexone chlorhydrate 50 mg pour faire face \u00e0 votre d\u00e9pendance aux drogues de stup\u00e9fiants ou \u00e0 l&#039;alcool efficacement, sans sacrifier les choses de la vie que vous appr\u00e9ciiez.\" \/>\n<meta name=\"robots\" content=\"index, follow, max-snippet:-1, max-image-preview:large, max-video-preview:-1\" \/>\n<link rel=\"canonical\" href=\"https:\/\/drpillman.biz\/naltrexone.htm\" \/>\n<meta property=\"og:locale\" content=\"fr_FR\" \/>\n<meta property=\"og:type\" content=\"article\" \/>\n<meta property=\"og:title\" content=\"Acheter Naltrexone 50 mg en ligne sans ordonnance en France\" \/>\n<meta property=\"og:description\" content=\"Achetez l&#039;un des meilleurs antagonistes opio\u00efdes naltrexone chlorhydrate 50 mg pour faire face \u00e0 votre d\u00e9pendance aux drogues de stup\u00e9fiants ou \u00e0 l&#039;alcool efficacement, sans sacrifier les choses de la vie que vous appr\u00e9ciiez.\" \/>\n<meta property=\"og:url\" content=\"https:\/\/drpillman.biz\/naltrexone.htm\" \/>\n<meta property=\"og:site_name\" content=\"Dr.Pillman\" \/>\n<meta property=\"article:modified_time\" content=\"2024-05-17T19:21:09+00:00\" \/>\n<meta name=\"twitter:card\" content=\"summary_large_image\" \/>\n<script type=\"application\/ld+json\" class=\"yoast-schema-graph\">{\"@context\":\"https:\\\/\\\/schema.org\",\"@graph\":[{\"@type\":\"WebPage\",\"@id\":\"https:\\\/\\\/drpillman.biz\\\/naltrexone.htm\",\"url\":\"https:\\\/\\\/drpillman.biz\\\/naltrexone.htm\",\"name\":\"You can buy naltrexone hydrochloride 50 mg online if you would like to save some time and pay less money for the same quality medicine\",\"isPartOf\":{\"@id\":\"http:\\\/\\\/drpillman.biz\\\/#website\"},\"datePublished\":\"2013-04-11T09:49:25+00:00\",\"dateModified\":\"2024-05-17T19:21:09+00:00\",\"description\":\"Achetez l'un des meilleurs antagonistes opio\u00efdes naltrexone chlorhydrate 50 mg pour faire face \u00e0 votre d\u00e9pendance aux drogues de stup\u00e9fiants ou \u00e0 l'alcool efficacement, sans sacrifier les choses de la vie que vous appr\u00e9ciiez.\",\"breadcrumb\":{\"@id\":\"https:\\\/\\\/drpillman.biz\\\/naltrexone.htm#breadcrumb\"},\"inLanguage\":\"fr-FR\",\"potentialAction\":[{\"@type\":\"ReadAction\",\"target\":[\"https:\\\/\\\/drpillman.biz\\\/naltrexone.htm\"]}]},{\"@type\":\"BreadcrumbList\",\"@id\":\"https:\\\/\\\/drpillman.biz\\\/naltrexone.htm#breadcrumb\",\"itemListElement\":[{\"@type\":\"ListItem\",\"position\":1,\"name\":\"Home\",\"item\":\"http:\\\/\\\/drpillman.biz\\\/\"},{\"@type\":\"ListItem\",\"position\":2,\"name\":\"Naltrexone\"}]},{\"@type\":\"WebSite\",\"@id\":\"http:\\\/\\\/drpillman.biz\\\/#website\",\"url\":\"http:\\\/\\\/drpillman.biz\\\/\",\"name\":\"Dr.Pillman\",\"description\":\"\",\"potentialAction\":[{\"@type\":\"SearchAction\",\"target\":{\"@type\":\"EntryPoint\",\"urlTemplate\":\"http:\\\/\\\/drpillman.biz\\\/?s={search_term_string}\"},\"query-input\":{\"@type\":\"PropertyValueSpecification\",\"valueRequired\":true,\"valueName\":\"search_term_string\"}}],\"inLanguage\":\"fr-FR\"}]}<\/script>\n<!-- \/ Yoast SEO plugin. -->","yoast_head_json":{"title":"Acheter Naltrexone 50 mg en ligne sans ordonnance en France","description":"Achetez l'un des meilleurs antagonistes opio\u00efdes naltrexone chlorhydrate 50 mg pour faire face \u00e0 votre d\u00e9pendance aux drogues de stup\u00e9fiants ou \u00e0 l'alcool efficacement, sans sacrifier les choses de la vie que vous appr\u00e9ciiez.","robots":{"index":"index","follow":"follow","max-snippet":"max-snippet:-1","max-image-preview":"max-image-preview:large","max-video-preview":"max-video-preview:-1"},"canonical":"https:\/\/drpillman.biz\/naltrexone.htm","og_locale":"fr_FR","og_type":"article","og_title":"Acheter Naltrexone 50 mg en ligne sans ordonnance en France","og_description":"Achetez l'un des meilleurs antagonistes opio\u00efdes naltrexone chlorhydrate 50 mg pour faire face \u00e0 votre d\u00e9pendance aux drogues de stup\u00e9fiants ou \u00e0 l'alcool efficacement, sans sacrifier les choses de la vie que vous appr\u00e9ciiez.","og_url":"https:\/\/drpillman.biz\/naltrexone.htm","og_site_name":"Dr.Pillman","article_modified_time":"2024-05-17T19:21:09+00:00","twitter_card":"summary_large_image","schema":{"@context":"https:\/\/schema.org","@graph":[{"@type":"WebPage","@id":"https:\/\/drpillman.biz\/naltrexone.htm","url":"https:\/\/drpillman.biz\/naltrexone.htm","name":"You can buy naltrexone hydrochloride 50 mg online if you would like to save some time and pay less money for the same quality medicine","isPartOf":{"@id":"http:\/\/drpillman.biz\/#website"},"datePublished":"2013-04-11T09:49:25+00:00","dateModified":"2024-05-17T19:21:09+00:00","description":"Achetez l'un des meilleurs antagonistes opio\u00efdes naltrexone chlorhydrate 50 mg pour faire face \u00e0 votre d\u00e9pendance aux drogues de stup\u00e9fiants ou \u00e0 l'alcool efficacement, sans sacrifier les choses de la vie que vous appr\u00e9ciiez.","breadcrumb":{"@id":"https:\/\/drpillman.biz\/naltrexone.htm#breadcrumb"},"inLanguage":"fr-FR","potentialAction":[{"@type":"ReadAction","target":["https:\/\/drpillman.biz\/naltrexone.htm"]}]},{"@type":"BreadcrumbList","@id":"https:\/\/drpillman.biz\/naltrexone.htm#breadcrumb","itemListElement":[{"@type":"ListItem","position":1,"name":"Home","item":"http:\/\/drpillman.biz\/"},{"@type":"ListItem","position":2,"name":"Naltrexone"}]},{"@type":"WebSite","@id":"http:\/\/drpillman.biz\/#website","url":"http:\/\/drpillman.biz\/","name":"Dr.Pillman","description":"","potentialAction":[{"@type":"SearchAction","target":{"@type":"EntryPoint","urlTemplate":"http:\/\/drpillman.biz\/?s={search_term_string}"},"query-input":{"@type":"PropertyValueSpecification","valueRequired":true,"valueName":"search_term_string"}}],"inLanguage":"fr-FR"}]}},"_links":{"self":[{"href":"https:\/\/drpillman.biz\/fr\/wp-json\/wp\/v2\/pages\/136","targetHints":{"allow":["GET"]}}],"collection":[{"href":"https:\/\/drpillman.biz\/fr\/wp-json\/wp\/v2\/pages"}],"about":[{"href":"https:\/\/drpillman.biz\/fr\/wp-json\/wp\/v2\/types\/page"}],"author":[{"embeddable":true,"href":"https:\/\/drpillman.biz\/fr\/wp-json\/wp\/v2\/users\/3"}],"replies":[{"embeddable":true,"href":"https:\/\/drpillman.biz\/fr\/wp-json\/wp\/v2\/comments?post=136"}],"version-history":[{"count":0,"href":"https:\/\/drpillman.biz\/fr\/wp-json\/wp\/v2\/pages\/136\/revisions"}],"wp:attachment":[{"href":"https:\/\/drpillman.biz\/fr\/wp-json\/wp\/v2\/media?parent=136"}],"curies":[{"name":"wp","href":"https:\/\/api.w.org\/{rel}","templated":true}]}}