{"id":139,"date":"2013-01-20T01:50:44","date_gmt":"2013-01-20T01:50:44","guid":{"rendered":"https:\/\/drpillman.biz\/?page_id=139"},"modified":"2024-05-17T20:23:01","modified_gmt":"2024-05-17T19:23:01","slug":"naproxen","status":"publish","type":"page","link":"https:\/\/drpillman.biz\/fr\/naproxen.htm","title":{"rendered":"Naprox\u00e8ne"},"content":{"rendered":"<div id=\"content-center\">\n<div id=\"content-image\"><img decoding=\"async\" src=\"\/img\/Naproxen.jpg\" alt=\"Naproxen\" \/><\/div>\n<div id=\"content-description\">\n<h1>Naproxen<\/h1>\n<p> <code><a href=\"https:\/\/200pills.com\/search.html?lang=fr&#038;cur=EUR&#038;key=Naproxen\"> <button class=\"button-7\" role=\"button\">Cliquez ici pour acheter<\/button><\/a><\/code><\/p>\n<div class=\"gray\"><\/div>\n<div class=\"clear\"><\/div>\n<div id=\"description\">Le Naproxen est un AINS qui traite la douleur et l&#8217;inflammation caus\u00e9es par la tendinite, le coulis, l&#8217;arthrite ou la douleur associ\u00e9e aux crampes menstruelles. Le naprox\u00e8ne est utilis\u00e9 non seulement pour soulager l&#8217;inflammation et la douleur caus\u00e9es par les troubles articulaires ou les rhumatismes, mais aussi pour les douleurs musculaires et tendineuses, pour le traitement de la goutte ou des r\u00e8gles douloureuses ainsi que pour le traitement des migraines, des entorses et des foulures.<\/div>\n<div id=\"additional\">Synonymes : <span>Naprosyn<\/span><\/div>\n<\/div>\n<div class=\"clear\"><\/div>\n<h2>M\u00e9canisme d&#8217;action<\/h2>\n<p>Le Naproxen bloque l&#8217;enzyme COX, qui stimule la production de certaines substances chimiques apr\u00e8s une blessure grave &#8211; en bloquant cette enzyme, le Naproxen r\u00e9duit automatiquement la douleur et le gonflement. Certaines formes du m\u00e9dicament sont accompagn\u00e9es d&#8217;un rev\u00eatement sp\u00e9cial qui prot\u00e8ge l&#8217;estomac contre les ulc\u00e8res et les irritations, tandis que d&#8217;autres formes sont disponibles avec une formule \u00e0 lib\u00e9ration prolong\u00e9e.<\/p>\n<h2>Pr\u00e9cautions<\/h2>\n<p>Bien que le Naproxen soit g\u00e9n\u00e9ralement un m\u00e9dicament s\u00fbr, il est essentiel de demander l&#8217;avis de votre pharmacien avant de commencer \u00e0 l&#8217;utiliser car il peut interagir avec d&#8217;autres m\u00e9dicaments (en particulier avec d&#8217;autres AINS comme l&#8217;Ibuprof\u00e8ne et des m\u00e9dicaments contenant de l&#8217;aspirine ou du k\u00e9toprof\u00e8ne). Il est \u00e9galement conseill\u00e9 aux patients de r\u00e9duire leur consommation d&#8217;alcool au cours du traitement, car cela peut entra\u00eener des saignements d&#8217;estomac et des malaises.<\/p>\n<p>Le Naproxen a d\u00e9j\u00e0 \u00e9t\u00e9 test\u00e9 et s&#8217;est av\u00e9r\u00e9 dangereux pour les femmes enceintes ou qui allaitent, car il peut provoquer des malformations cong\u00e9nitales. Les femmes enceintes doivent \u00e9viter \u00e0 tout prix de prendre du Naproxen, car il peut passer dans le lait maternel ou influencer le d\u00e9veloppement du f\u0153tus. Le naproxen est destin\u00e9 aux adultes uniquement et ne doit pas \u00eatre administr\u00e9 aux enfants, sauf avis contraire de votre m\u00e9decin.<\/p>\n<p>Les personnes allergiques au naprox\u00e8ne ou \u00e0 des AINS similaires doivent \u00e9viter de prendre ce m\u00e9dicament, car il est tr\u00e8s possible qu&#8217;elles d\u00e9veloppent une r\u00e9action allergique. Si vous pr\u00e9sentez un gonflement de la langue, des l\u00e8vres et du visage, ainsi qu&#8217;un essoufflement et parfois de l&#8217;urticaire sur tout le corps, il se peut que vous ayez une r\u00e9action allergique au naprox\u00e8ne ou \u00e0 l&#8217;un de ses composants et que vous ayez besoin d&#8217;une aide professionnelle imm\u00e9diate.<\/p>\n<p>Enfin, les patients pr\u00e9sentant des polypes nasaux et ceux qui souffrent de troubles de la coagulation sanguine ou de troubles de la coagulation doivent \u00e9galement \u00eatre tr\u00e8s prudents lors de l&#8217;utilisation du Naproxen. Il est \u00e9galement fortement conseill\u00e9 aux fumeurs de r\u00e9duire le nombre de cigarettes par jour.<\/p>\n<h2>Effets secondaires et risques<\/h2>\n<p>Comme tous les autres AINS, le Naproxen peut augmenter le risque d&#8217;accident vasculaire c\u00e9r\u00e9bral ou de crise cardiaque \u00e0 long terme &#8211; cet aspect est particuli\u00e8rement dangereux pour les personnes qui souffrent d\u00e9j\u00e0 d&#8217;une maladie cardiaque ou qui ont des ant\u00e9c\u00e9dents familiaux de maladie cardiaque, de diab\u00e8te ou d&#8217;hypertension. Le Naproxen n&#8217;est pas destin\u00e9 \u00e0 une utilisation \u00e0 long terme. Dans des cas isol\u00e9s, il peut endommager l&#8217;estomac ou les intestins et les patients plus \u00e2g\u00e9s sont plus expos\u00e9s que les plus jeunes. Gardez toujours un \u0153il sur les effets secondaires &#8211; si vous remarquez un changement ou une r\u00e9action ind\u00e9sirable, arr\u00eatez de prendre le Naproxen et contactez imm\u00e9diatement votre fournisseur de soins de sant\u00e9.<\/p>\n<h2>Acheter Naproxen en ligne pour soulager la douleur<\/h2>\n<p>Le Naproxen est disponible en diff\u00e9rents dosages, les plus populaires \u00e9tant le Naproxen 250 mg et 500 mg. Vous pouvez trouver les deux versions en ligne et acheter le Naproxen dans une pharmacie en ligne en quelques secondes. Ce m\u00e9dicament de marque utilise des ingr\u00e9dients de premi\u00e8re qualit\u00e9 associ\u00e9s \u00e0 un prix abordable et \u00e0 un processus de commande pratique!<\/p>\n<\/div>\n<h2>L&#8217;acc\u00e8s \u00e0 la libert\u00e9 th\u00e9rapeutique : Naproxen sans ordonnance en France<\/h2>\n<p>Dans le vaste empire des m\u00e9dicaments, le Naproxen se profile comme un rempart contre la douleur et l&#8217;inflammation, un alli\u00e9 pr\u00e9cieux pour les souffrances chroniques. Mais, \u00e0 l&#8217;instar des sentinelles qui gardent les fronti\u00e8res, la r\u00e9glementation fran\u00e7aise pose un regard scrutateur sur les traitements disponibles sans ordonnance.<br \/>\nEn r\u00e9alit\u00e9, la possibilit\u00e9 d&#8217;acqu\u00e9rir du Naproxen sans ordonnance en France est un paradoxe bienveillant. Bien que certaines formes de ce non-st\u00e9ro\u00efde anti-inflammatoire (NSAIA) soient r\u00e9serv\u00e9es aux mains expertes du m\u00e9decin, d&#8217;autres pr\u00e9parations, moins puissantes, sont accessibles \u00e0 la population g\u00e9n\u00e9rale. C&#8217;est ainsi que le &#8220;Naproxen 250 mg&#8221; se d\u00e9voile comme une option accessible aux yeux du l\u00e9gislateur, offrant un r\u00e9pit \u00e0 ceux qui en \u00e9prouvent le besoin.<br \/>\nCependant, il convient de temp\u00e9rer cette promesse d&#8217;\u00e9mancipation th\u00e9rapeutique. La prudence et la connaissance de soi sont des viatiques indispensables pour un usage responsable du Naproxen sans ordonnance. La vigilance face aux contre-indications, aux interactions m\u00e9dicamenteuses et aux effets secondaires inattendus est le gage d&#8217;une relation harmonieuse avec cette mol\u00e9cule aux vertus apaisantes.<br \/>\nEn somme, l&#8217;\u00e9ventail des possibilit\u00e9s offertes par le Naproxen sans ordonnance en France est \u00e0 la fois une aubaine et un d\u00e9fi. Une aubaine pour ceux qui recherchent un soulagement rapide et une alternative \u00e0 la qu\u00eate d&#8217;un rendez-vous m\u00e9dical, un d\u00e9fi pour assumer la responsabilit\u00e9 de son propre bien-\u00eatre avec discernement et sagesse.<\/p>\n","protected":false},"excerpt":{"rendered":"<p>Naproxen Cliquez ici pour acheter Le Naproxen est un AINS qui traite la douleur et l&#8217;inflammation caus\u00e9es par la tendinite,<\/p>\n","protected":false},"author":3,"featured_media":0,"parent":0,"menu_order":0,"comment_status":"closed","ping_status":"closed","template":"","meta":{"_lmt_disableupdate":"no","_lmt_disable":"no","footnotes":""},"class_list":["post-139","page","type-page","status-publish","hentry"],"translation":{"provider":"WPGlobus","version":"3.0.2","language":"fr","enabled_languages":["en","es","fr"],"languages":{"en":{"title":true,"content":true,"excerpt":false},"es":{"title":true,"content":true,"excerpt":false},"fr":{"title":true,"content":true,"excerpt":false}}},"yoast_head":"<!-- This site is optimized with the Yoast SEO plugin v27.4 - https:\/\/yoast.com\/product\/yoast-seo-wordpress\/ -->\n<title>Acheter Naprox\u00e8ne 10, 20 et 40 mg en ligne sans ordonnance en France<\/title>\n<meta name=\"description\" content=\"Si vous souffrez de douleur et d&#039;inflammation due \u00e0 l&#039;arthrite ou \u00e0 des conditions similaires, vous devrez peut-\u00eatre acheter du naprox\u00e8ne 250 mg ou 500 mg en ligne et vous assurer que les sympt\u00f4mes sont sous votre contr\u00f4le total.\" \/>\n<meta name=\"robots\" content=\"index, follow, max-snippet:-1, max-image-preview:large, max-video-preview:-1\" \/>\n<link rel=\"canonical\" href=\"https:\/\/drpillman.biz\/naproxen.htm\" \/>\n<meta property=\"og:locale\" content=\"fr_FR\" \/>\n<meta property=\"og:type\" content=\"article\" \/>\n<meta property=\"og:title\" content=\"Acheter Naprox\u00e8ne 10, 20 et 40 mg en ligne sans ordonnance en France\" \/>\n<meta property=\"og:description\" content=\"Si vous souffrez de douleur et d&#039;inflammation due \u00e0 l&#039;arthrite ou \u00e0 des conditions similaires, vous devrez peut-\u00eatre acheter du naprox\u00e8ne 250 mg ou 500 mg en ligne et vous assurer que les sympt\u00f4mes sont sous votre contr\u00f4le total.\" \/>\n<meta property=\"og:url\" content=\"https:\/\/drpillman.biz\/naproxen.htm\" \/>\n<meta property=\"og:site_name\" content=\"Dr.Pillman\" \/>\n<meta property=\"article:modified_time\" content=\"2024-05-17T19:23:01+00:00\" \/>\n<meta name=\"twitter:card\" content=\"summary_large_image\" \/>\n<script type=\"application\/ld+json\" class=\"yoast-schema-graph\">{\"@context\":\"https:\\\/\\\/schema.org\",\"@graph\":[{\"@type\":\"WebPage\",\"@id\":\"https:\\\/\\\/drpillman.biz\\\/naproxen.htm\",\"url\":\"https:\\\/\\\/drpillman.biz\\\/naproxen.htm\",\"name\":\"Naproxen Online For The Treatment Of Pain And Inflammation | Buy Naproxen 250 and 500 mg\",\"isPartOf\":{\"@id\":\"https:\\\/\\\/drpillman.biz\\\/fr\\\/#website\"},\"datePublished\":\"2013-01-20T01:50:44+00:00\",\"dateModified\":\"2024-05-17T19:23:01+00:00\",\"description\":\"Si vous souffrez de douleur et d'inflammation due \u00e0 l'arthrite ou \u00e0 des conditions similaires, vous devrez peut-\u00eatre acheter du naprox\u00e8ne 250 mg ou 500 mg en ligne et vous assurer que les sympt\u00f4mes sont sous votre contr\u00f4le total.\",\"breadcrumb\":{\"@id\":\"https:\\\/\\\/drpillman.biz\\\/naproxen.htm#breadcrumb\"},\"inLanguage\":\"fr-FR\",\"potentialAction\":[{\"@type\":\"ReadAction\",\"target\":[\"https:\\\/\\\/drpillman.biz\\\/naproxen.htm\"]}]},{\"@type\":\"BreadcrumbList\",\"@id\":\"https:\\\/\\\/drpillman.biz\\\/naproxen.htm#breadcrumb\",\"itemListElement\":[{\"@type\":\"ListItem\",\"position\":1,\"name\":\"Home\",\"item\":\"https:\\\/\\\/drpillman.biz\\\/fr\\\/\"},{\"@type\":\"ListItem\",\"position\":2,\"name\":\"Naproxen\"}]},{\"@type\":\"WebSite\",\"@id\":\"https:\\\/\\\/drpillman.biz\\\/fr\\\/#website\",\"url\":\"https:\\\/\\\/drpillman.biz\\\/fr\\\/\",\"name\":\"Dr.Pillman\",\"description\":\"\",\"potentialAction\":[{\"@type\":\"SearchAction\",\"target\":{\"@type\":\"EntryPoint\",\"urlTemplate\":\"https:\\\/\\\/drpillman.biz\\\/fr\\\/?s={search_term_string}\"},\"query-input\":{\"@type\":\"PropertyValueSpecification\",\"valueRequired\":true,\"valueName\":\"search_term_string\"}}],\"inLanguage\":\"fr-FR\"}]}<\/script>\n<!-- \/ Yoast SEO plugin. -->","yoast_head_json":{"title":"Acheter Naprox\u00e8ne 10, 20 et 40 mg en ligne sans ordonnance en France","description":"Si vous souffrez de douleur et d'inflammation due \u00e0 l'arthrite ou \u00e0 des conditions similaires, vous devrez peut-\u00eatre acheter du naprox\u00e8ne 250 mg ou 500 mg en ligne et vous assurer que les sympt\u00f4mes sont sous votre contr\u00f4le total.","robots":{"index":"index","follow":"follow","max-snippet":"max-snippet:-1","max-image-preview":"max-image-preview:large","max-video-preview":"max-video-preview:-1"},"canonical":"https:\/\/drpillman.biz\/naproxen.htm","og_locale":"fr_FR","og_type":"article","og_title":"Acheter Naprox\u00e8ne 10, 20 et 40 mg en ligne sans ordonnance en France","og_description":"Si vous souffrez de douleur et d'inflammation due \u00e0 l'arthrite ou \u00e0 des conditions similaires, vous devrez peut-\u00eatre acheter du naprox\u00e8ne 250 mg ou 500 mg en ligne et vous assurer que les sympt\u00f4mes sont sous votre contr\u00f4le total.","og_url":"https:\/\/drpillman.biz\/naproxen.htm","og_site_name":"Dr.Pillman","article_modified_time":"2024-05-17T19:23:01+00:00","twitter_card":"summary_large_image","schema":{"@context":"https:\/\/schema.org","@graph":[{"@type":"WebPage","@id":"https:\/\/drpillman.biz\/naproxen.htm","url":"https:\/\/drpillman.biz\/naproxen.htm","name":"Naproxen Online For The Treatment Of Pain And Inflammation | Buy Naproxen 250 and 500 mg","isPartOf":{"@id":"https:\/\/drpillman.biz\/fr\/#website"},"datePublished":"2013-01-20T01:50:44+00:00","dateModified":"2024-05-17T19:23:01+00:00","description":"Si vous souffrez de douleur et d'inflammation due \u00e0 l'arthrite ou \u00e0 des conditions similaires, vous devrez peut-\u00eatre acheter du naprox\u00e8ne 250 mg ou 500 mg en ligne et vous assurer que les sympt\u00f4mes sont sous votre contr\u00f4le total.","breadcrumb":{"@id":"https:\/\/drpillman.biz\/naproxen.htm#breadcrumb"},"inLanguage":"fr-FR","potentialAction":[{"@type":"ReadAction","target":["https:\/\/drpillman.biz\/naproxen.htm"]}]},{"@type":"BreadcrumbList","@id":"https:\/\/drpillman.biz\/naproxen.htm#breadcrumb","itemListElement":[{"@type":"ListItem","position":1,"name":"Home","item":"https:\/\/drpillman.biz\/fr\/"},{"@type":"ListItem","position":2,"name":"Naproxen"}]},{"@type":"WebSite","@id":"https:\/\/drpillman.biz\/fr\/#website","url":"https:\/\/drpillman.biz\/fr\/","name":"Dr.Pillman","description":"","potentialAction":[{"@type":"SearchAction","target":{"@type":"EntryPoint","urlTemplate":"https:\/\/drpillman.biz\/fr\/?s={search_term_string}"},"query-input":{"@type":"PropertyValueSpecification","valueRequired":true,"valueName":"search_term_string"}}],"inLanguage":"fr-FR"}]}},"_links":{"self":[{"href":"https:\/\/drpillman.biz\/fr\/wp-json\/wp\/v2\/pages\/139","targetHints":{"allow":["GET"]}}],"collection":[{"href":"https:\/\/drpillman.biz\/fr\/wp-json\/wp\/v2\/pages"}],"about":[{"href":"https:\/\/drpillman.biz\/fr\/wp-json\/wp\/v2\/types\/page"}],"author":[{"embeddable":true,"href":"https:\/\/drpillman.biz\/fr\/wp-json\/wp\/v2\/users\/3"}],"replies":[{"embeddable":true,"href":"https:\/\/drpillman.biz\/fr\/wp-json\/wp\/v2\/comments?post=139"}],"version-history":[{"count":0,"href":"https:\/\/drpillman.biz\/fr\/wp-json\/wp\/v2\/pages\/139\/revisions"}],"wp:attachment":[{"href":"https:\/\/drpillman.biz\/fr\/wp-json\/wp\/v2\/media?parent=139"}],"curies":[{"name":"wp","href":"https:\/\/api.w.org\/{rel}","templated":true}]}}