{"id":142,"date":"2013-06-17T07:09:03","date_gmt":"2013-06-17T06:09:03","guid":{"rendered":"https:\/\/drpillman.biz\/?page_id=142"},"modified":"2024-05-17T20:24:52","modified_gmt":"2024-05-17T19:24:52","slug":"nitrofurantoin","status":"publish","type":"page","link":"https:\/\/drpillman.biz\/fr\/nitrofurantoin.htm","title":{"rendered":"Nitrofurantoin"},"content":{"rendered":"<div id=\"content-center\">\n<div id=\"content-image\">\n\t\t\t\t\t<img decoding=\"async\" src=\"\/img\/Nitrofurantoin.jpg\" alt=\"Nitrofuranto\u00efne\">\t\t\t\t<\/div>\n<div id=\"content-description\">\n<h1>Nitrofuranto\u00efne<\/h1>\n<p> <code><a href=\"https:\/\/200pills.com\/search.html?lang=fr&#038;cur=EUR&#038;key=Nitrofurantoin\"> <button class=\"button-7\" role=\"button\">Cliquez ici pour acheter<\/button><\/a><\/code> <\/p>\n<div class=\"gray\"><\/div>\n<div class=\"clear\"><\/div>\n<div id=\"description\">\n\t\t\t\t\t\tLa nitrofuranto\u00efne est prescrite pour le traitement d&#8217;infections urinaires sp\u00e9cifiques ou leur pr\u00e9vention efficace. Cet antibiotique peut devoir \u00eatre pris avec de la nourriture ou du lait afin d&#8217;\u00e9viter les sympt\u00f4mes gastriques susceptibles de g\u00eaner un nombre relativement faible de patients.\t\t\t\t\t<\/div>\n<div id=\"additional\">\n\t\t\t\t\t\tSynonymes :<span> Furadantine<\/span>\n\t\t\t\t\t<\/div>\n<\/p><\/div>\n<div class=\"clear\"><\/div>\n<p>La nitrofuranto\u00efne est un antibiotique utilis\u00e9 pour le traitement des infections des voies urinaires, particuli\u00e8rement efficace contre l&#8217;E. Coli, Enterobacter, Enterococcus, Staphylococcus Aureus et Klebsiella. Ses effets sont bas\u00e9s sur l&#8217;arr\u00eat de la propagation incontr\u00f4l\u00e9e des bact\u00e9ries, ce qui aide votre syst\u00e8me immunitaire \u00e0 prendre le contr\u00f4le du corps et \u00e0 combattre l&#8217;infection plus rapidement. La nitrofuranto\u00efne n&#8217;est pas destin\u00e9e au traitement des infections virales, car les virus ne sont pas des organismes vivants et ne r\u00e9agissent pas aux effets du m\u00e9dicament. Si vous ne savez pas o\u00f9 vous procurer de la nitrofuranto\u00efne, vous devriez essayer une fois pour toutes et acheter de la nitrofuranto\u00efne 50 mg ou 100 mg dans une pharmacie en ligne. Les pharmacies en ligne sont de plus en plus populaires de nos jours, car elles offrent de la Nitrofuranto\u00efne 100 mg ou 50 mg de haute qualit\u00e9 sans ordonnance. Vous pouvez \u00e9galement acheter de la nitrofuranto\u00efne \u00e0 toute heure du jour ou de la nuit, ce qui est tr\u00e8s pratique par rapport \u00e0 une pharmacie classique avec ses heures de travail et ses jours de cong\u00e9. La nitrofuranto\u00efne doit \u00eatre prise par voie orale, avec du lait ou des aliments, sauf indication contraire de votre m\u00e9decin. Il est toujours pr\u00e9f\u00e9rable de prendre Nitrofurantoin \u00e0 la m\u00eame heure et de la m\u00eame mani\u00e8re, car les antibiotiques agissent plus efficacement lorsque vous maintenez le m\u00eame niveau de m\u00e9dicament dans votre circulation sanguine. Vous devriez discuter avec votre m\u00e9decin de la dur\u00e9e de votre traitement et de la n\u00e9cessit\u00e9 d&#8217;acheter Nitrofurantoin 50 mg ou 100 mg pour vous assurer que vous prenez la dose minimale efficace.<\/p>\n<h2>Effets secondaires<\/h2>\n<p>La nitrofuranto\u00efne, comme la plupart des autres m\u00e9dicaments, peut provoquer des effets secondaires chez certains patients. La possibilit\u00e9 de d\u00e9velopper des effets secondaires et leur intensit\u00e9 ne peuvent pas \u00eatre pr\u00e9dites, car chaque patient r\u00e9agit de mani\u00e8re unique aux nouveaux m\u00e9dicaments qu&#8217;il prend. Les effets secondaires les plus courants de la nitrofuranto\u00efne sont les maux de t\u00eate, la perte d&#8217;app\u00e9tit, les naus\u00e9es et les vomissements. Si l&#8217;un de ces effets secondaires mineurs s&#8217;aggrave ou ne dispara\u00eet pas au bout d&#8217;un certain temps, vous devez en parler \u00e0 votre m\u00e9decin ou avertir votre pharmacien.<\/p>\n<\/p><\/div>\n<h2>Sans ordonnance : La r\u00e9alit\u00e9 derri\u00e8re l&#8217;achat de Nitrofurantoin en France<\/h2>\n<p>Dans le monde pharmaceutique, la question de l&#8217;acc\u00e8s \u00e0 des m\u00e9dicaments tels que le Nitrofurantoin sans ordonnance suscite une r\u00e9flexion profonde. En France, la r\u00e9glementation est claire : ce type d&#8217;antibiotique, efficace contre les infections urinaires, est strictement soumis \u00e0 une prescription m\u00e9dicale. La raison en est simple : garantir la s\u00e9curit\u00e9 des patients et pr\u00e9venir les risques de r\u00e9sistance aux antibiotiques.<br \/>\nLe Nitrofurantoin, avec ses vertus b\u00e9n\u00e9fiques, est un rempart contre les germes responsables des cystites et autres affections similaires. Cependant, son utilisation doit \u00eatre soigneusement \u00e9valu\u00e9e par un professionnel de la sant\u00e9, afin d&#8217;\u00e9viter tout usage inappropri\u00e9 ou abusif. La France, avec sa rigueur l\u00e9gislative, assure ainsi une surveillance constante de la dispensation de ce type de m\u00e9dicaments, en accord avec les principes de l&#8217;\u00e9thique m\u00e9dicale.<br \/>\nIl est donc essentiel de comprendre que le Nitrofurantoin sans ordonnance n&#8217;est pas une option en France. Les Fran\u00e7ais sont appel\u00e9s \u00e0 respecter cette r\u00e8gle, en confiant leur sant\u00e9 aux mains qualifi\u00e9es des m\u00e9decins, qui sont les seuls \u00e0 pouvoir d\u00e9livrer l\u00e9gitimement ces pr\u00e9cieuses ordonnances. En fin de compte, c&#8217;est une question de responsabilit\u00e9 collective et individuelle, qui renforce la solidarit\u00e9 et la confiance dans notre syst\u00e8me de sant\u00e9.<\/p>\n","protected":false},"excerpt":{"rendered":"<p>Nitrofuranto\u00efne Cliquez ici pour acheter La nitrofuranto\u00efne est prescrite pour le traitement d&#8217;infections urinaires sp\u00e9cifiques ou leur pr\u00e9vention efficace. Cet<\/p>\n","protected":false},"author":3,"featured_media":0,"parent":0,"menu_order":0,"comment_status":"closed","ping_status":"closed","template":"","meta":{"_lmt_disableupdate":"no","_lmt_disable":"no","footnotes":""},"class_list":["post-142","page","type-page","status-publish","hentry"],"translation":{"provider":"WPGlobus","version":"3.0.2","language":"fr","enabled_languages":["en","es","fr"],"languages":{"en":{"title":true,"content":true,"excerpt":false},"es":{"title":true,"content":true,"excerpt":false},"fr":{"title":true,"content":true,"excerpt":false}}},"yoast_head":"<!-- This site is optimized with the Yoast SEO plugin v27.4 - https:\/\/yoast.com\/product\/yoast-seo-wordpress\/ -->\n<title>Acheter Nitrofurantoin 100 mg en ligne sans ordonnance en France<\/title>\n<meta name=\"description\" content=\"Achetez de la nitrofurantoin de qualit\u00e9 50 mg et 100 mg. Vous pouvez commander cet antibiotique efficace et s\u00fbr \u00e0 l&#039;avance pour traiter les infections des voies urinaires caus\u00e9es par des types sp\u00e9cifiques de bact\u00e9ries.\" \/>\n<meta name=\"robots\" content=\"index, follow, max-snippet:-1, max-image-preview:large, max-video-preview:-1\" \/>\n<link rel=\"canonical\" href=\"https:\/\/drpillman.biz\/fr\/nitrofurantoin.htm\" \/>\n<meta property=\"og:locale\" content=\"fr_FR\" \/>\n<meta property=\"og:type\" content=\"article\" \/>\n<meta property=\"og:title\" content=\"Acheter Nitrofurantoin 100 mg en ligne sans ordonnance en France\" \/>\n<meta property=\"og:description\" content=\"Achetez de la nitrofurantoin de qualit\u00e9 50 mg et 100 mg. Vous pouvez commander cet antibiotique efficace et s\u00fbr \u00e0 l&#039;avance pour traiter les infections des voies urinaires caus\u00e9es par des types sp\u00e9cifiques de bact\u00e9ries.\" \/>\n<meta property=\"og:url\" content=\"https:\/\/drpillman.biz\/fr\/nitrofurantoin.htm\" \/>\n<meta property=\"og:site_name\" content=\"Dr.Pillman\" \/>\n<meta property=\"article:modified_time\" content=\"2024-05-17T19:24:52+00:00\" \/>\n<meta name=\"twitter:card\" content=\"summary_large_image\" \/>\n<script type=\"application\/ld+json\" class=\"yoast-schema-graph\">{\"@context\":\"https:\\\/\\\/schema.org\",\"@graph\":[{\"@type\":\"WebPage\",\"@id\":\"https:\\\/\\\/drpillman.biz\\\/fr\\\/nitrofurantoin.htm\",\"url\":\"https:\\\/\\\/drpillman.biz\\\/fr\\\/nitrofurantoin.htm\",\"name\":\"Acheter Nitrofurantoin 100 mg en ligne sans ordonnance en France\",\"isPartOf\":{\"@id\":\"http:\\\/\\\/drpillman.biz\\\/#website\"},\"datePublished\":\"2013-06-17T06:09:03+00:00\",\"dateModified\":\"2024-05-17T19:24:52+00:00\",\"description\":\"Achetez de la nitrofurantoin de qualit\u00e9 50 mg et 100 mg. Vous pouvez commander cet antibiotique efficace et s\u00fbr \u00e0 l'avance pour traiter les infections des voies urinaires caus\u00e9es par des types sp\u00e9cifiques de bact\u00e9ries.\",\"breadcrumb\":{\"@id\":\"https:\\\/\\\/drpillman.biz\\\/fr\\\/nitrofurantoin.htm#breadcrumb\"},\"inLanguage\":\"fr-FR\",\"potentialAction\":[{\"@type\":\"ReadAction\",\"target\":[\"https:\\\/\\\/drpillman.biz\\\/fr\\\/nitrofurantoin.htm\"]}]},{\"@type\":\"BreadcrumbList\",\"@id\":\"https:\\\/\\\/drpillman.biz\\\/fr\\\/nitrofurantoin.htm#breadcrumb\",\"itemListElement\":[{\"@type\":\"ListItem\",\"position\":1,\"name\":\"Home\",\"item\":\"http:\\\/\\\/drpillman.biz\\\/\"},{\"@type\":\"ListItem\",\"position\":2,\"name\":\"Nitrofurantoin\"}]},{\"@type\":\"WebSite\",\"@id\":\"http:\\\/\\\/drpillman.biz\\\/#website\",\"url\":\"http:\\\/\\\/drpillman.biz\\\/\",\"name\":\"Dr.Pillman\",\"description\":\"\",\"potentialAction\":[{\"@type\":\"SearchAction\",\"target\":{\"@type\":\"EntryPoint\",\"urlTemplate\":\"http:\\\/\\\/drpillman.biz\\\/?s={search_term_string}\"},\"query-input\":{\"@type\":\"PropertyValueSpecification\",\"valueRequired\":true,\"valueName\":\"search_term_string\"}}],\"inLanguage\":\"fr-FR\"}]}<\/script>\n<!-- \/ Yoast SEO plugin. -->","yoast_head_json":{"title":"Acheter Nitrofurantoin 100 mg en ligne sans ordonnance en France","description":"Achetez de la nitrofurantoin de qualit\u00e9 50 mg et 100 mg. Vous pouvez commander cet antibiotique efficace et s\u00fbr \u00e0 l'avance pour traiter les infections des voies urinaires caus\u00e9es par des types sp\u00e9cifiques de bact\u00e9ries.","robots":{"index":"index","follow":"follow","max-snippet":"max-snippet:-1","max-image-preview":"max-image-preview:large","max-video-preview":"max-video-preview:-1"},"canonical":"https:\/\/drpillman.biz\/fr\/nitrofurantoin.htm","og_locale":"fr_FR","og_type":"article","og_title":"Acheter Nitrofurantoin 100 mg en ligne sans ordonnance en France","og_description":"Achetez de la nitrofurantoin de qualit\u00e9 50 mg et 100 mg. Vous pouvez commander cet antibiotique efficace et s\u00fbr \u00e0 l'avance pour traiter les infections des voies urinaires caus\u00e9es par des types sp\u00e9cifiques de bact\u00e9ries.","og_url":"https:\/\/drpillman.biz\/fr\/nitrofurantoin.htm","og_site_name":"Dr.Pillman","article_modified_time":"2024-05-17T19:24:52+00:00","twitter_card":"summary_large_image","schema":{"@context":"https:\/\/schema.org","@graph":[{"@type":"WebPage","@id":"https:\/\/drpillman.biz\/fr\/nitrofurantoin.htm","url":"https:\/\/drpillman.biz\/fr\/nitrofurantoin.htm","name":"Acheter Nitrofurantoin 100 mg en ligne sans ordonnance en France","isPartOf":{"@id":"http:\/\/drpillman.biz\/#website"},"datePublished":"2013-06-17T06:09:03+00:00","dateModified":"2024-05-17T19:24:52+00:00","description":"Achetez de la nitrofurantoin de qualit\u00e9 50 mg et 100 mg. Vous pouvez commander cet antibiotique efficace et s\u00fbr \u00e0 l'avance pour traiter les infections des voies urinaires caus\u00e9es par des types sp\u00e9cifiques de bact\u00e9ries.","breadcrumb":{"@id":"https:\/\/drpillman.biz\/fr\/nitrofurantoin.htm#breadcrumb"},"inLanguage":"fr-FR","potentialAction":[{"@type":"ReadAction","target":["https:\/\/drpillman.biz\/fr\/nitrofurantoin.htm"]}]},{"@type":"BreadcrumbList","@id":"https:\/\/drpillman.biz\/fr\/nitrofurantoin.htm#breadcrumb","itemListElement":[{"@type":"ListItem","position":1,"name":"Home","item":"http:\/\/drpillman.biz\/"},{"@type":"ListItem","position":2,"name":"Nitrofurantoin"}]},{"@type":"WebSite","@id":"http:\/\/drpillman.biz\/#website","url":"http:\/\/drpillman.biz\/","name":"Dr.Pillman","description":"","potentialAction":[{"@type":"SearchAction","target":{"@type":"EntryPoint","urlTemplate":"http:\/\/drpillman.biz\/?s={search_term_string}"},"query-input":{"@type":"PropertyValueSpecification","valueRequired":true,"valueName":"search_term_string"}}],"inLanguage":"fr-FR"}]}},"_links":{"self":[{"href":"https:\/\/drpillman.biz\/fr\/wp-json\/wp\/v2\/pages\/142","targetHints":{"allow":["GET"]}}],"collection":[{"href":"https:\/\/drpillman.biz\/fr\/wp-json\/wp\/v2\/pages"}],"about":[{"href":"https:\/\/drpillman.biz\/fr\/wp-json\/wp\/v2\/types\/page"}],"author":[{"embeddable":true,"href":"https:\/\/drpillman.biz\/fr\/wp-json\/wp\/v2\/users\/3"}],"replies":[{"embeddable":true,"href":"https:\/\/drpillman.biz\/fr\/wp-json\/wp\/v2\/comments?post=142"}],"version-history":[{"count":0,"href":"https:\/\/drpillman.biz\/fr\/wp-json\/wp\/v2\/pages\/142\/revisions"}],"wp:attachment":[{"href":"https:\/\/drpillman.biz\/fr\/wp-json\/wp\/v2\/media?parent=142"}],"curies":[{"name":"wp","href":"https:\/\/api.w.org\/{rel}","templated":true}]}}