{"id":145,"date":"2013-06-09T11:12:22","date_gmt":"2013-06-09T10:12:22","guid":{"rendered":"https:\/\/drpillman.biz\/?page_id=145"},"modified":"2024-05-21T11:42:32","modified_gmt":"2024-05-21T10:42:32","slug":"omeprazole","status":"publish","type":"page","link":"https:\/\/drpillman.biz\/fr\/omeprazole.htm","title":{"rendered":"Om\u00e9prazole"},"content":{"rendered":"<div id=\"content-center\">\n<div id=\"content-image\">\n\t\t\t\t\t<img decoding=\"async\" src=\"\/img\/Omeprazole.jpg\" alt=\"Omeprazole\">\t\t\t\t<\/div>\n<div id=\"content-description\">\n<h1>Om\u00e9prazole<\/h1>\n<p> <code><a href=\"https:\/\/200pills.com\/search.html?key=Omeprazole\"> <button class=\"button-7\" role=\"button\">Cliquez ici pour acheter<\/button><\/a><\/code> <\/p>\n<div class=\"gray\"><\/div>\n<div class=\"clear\"><\/div>\n<div id=\"description\">\n\t\t\t\t\t\tL&#8217;om\u00e9prazole est un traitement du reflux gastro-\u0153sophagien. Il permet \u00e0 l&#8217;\u0153sophage de gu\u00e9rir plus rapidement tout en emp\u00eachant l&#8217;acide de l&#8217;estomac de causer d&#8217;autres dommages. L&#8217;om\u00e9prazole peut \u00e9galement \u00eatre prescrit seul ou en association avec d&#8217;autres m\u00e9dicaments pour traiter d&#8217;autres affections dues \u00e0 une production excessive d&#8217;acide dans l&#8217;estomac.\t\t\t\t\t<\/div>\n<div id=\"additional\">\n\t\t\t\t\t\tSynonymes :<span> Prilosec<\/span>\n\t\t\t\t\t<\/div>\n<\/p><\/div>\n<div class=\"clear\"><\/div>\n<p>L&#8217;om\u00e9prazole est un inhibiteur de la pompe \u00e0 protons destin\u00e9 au traitement des affections caus\u00e9es ou favoris\u00e9es par une production excessive d&#8217;acide gastrique. La production excessive d&#8217;acide gastrique peut endommager les parois de l&#8217;\u0153sophage et la muqueuse de l&#8217;estomac. L&#8217;om\u00e9prazole est souvent prescrit pour le reflux gastro-\u0153sophagien et le syndrome de Zollinger-Ellison. Il peut \u00e9galement \u00eatre pris pour pr\u00e9venir la r\u00e9apparition d&#8217;ulc\u00e8res d&#8217;estomac caus\u00e9s par des bact\u00e9ries H. Pylori. Vous pouvez toujours acheter Omeprazole 20 mg dans une pharmacie britannique en ligne, car cela signifierait que vous restez chez vous au lieu de vous rendre dans votre pharmacie locale. Les personnes qui ach\u00e8tent de l&#8217;Omeprazole en ligne soulignent \u00e0 quel point c&#8217;est pratique, surtout si vous avez d\u00e9j\u00e0 une pharmacie au Royaume-Uni \u00e0 laquelle vous pouvez faire confiance et aupr\u00e8s de laquelle vous pouvez acheter chaque fois que vous avez besoin de ce m\u00e9dicament ou de tout autre m\u00e9dicament. Avant d&#8217;acheter Omeprazole 20 mg dans une pharmacie britannique, vous devez cependant vous assurer qu&#8217;il n&#8217;y a pas de contre-indications (vous n&#8217;avez pas d&#8217;ant\u00e9c\u00e9dents de r\u00e9action allergique \u00e0 l&#8217;Omeprazole) et que vous ne prenez pas de m\u00e9dicaments susceptibles d&#8217;interagir avec lui (certains antibiotiques, disulfiram, m\u00e9dicaments contre les crises d&#8217;\u00e9pilepsie, clopidogrel, antifongiques, anticoagulants, diur\u00e9tiques, bosentan, ciclosporine ou diaz\u00e9pam). Il est important que vous preniez toujours la m\u00eame dose d&#8217;om\u00e9prazole, \u00e0 moins que votre m\u00e9decin n&#8217;ait proc\u00e9d\u00e9 \u00e0 des ajustements en fonction de votre r\u00e9action ou de vos besoins personnels. Vous devez continuer \u00e0 prendre Omeprazole pendant toute la p\u00e9riode prescrite ou jusqu&#8217;\u00e0 ce que vous ayez utilis\u00e9 la quantit\u00e9 prescrite, m\u00eame si vous vous sentez mieux peu de temps apr\u00e8s avoir commenc\u00e9 le traitement.<\/p>\n<h2>Effets secondaires<\/h2>\n<p>L&#8217;utilisation d&#8217;Omeprazole n&#8217;est g\u00e9n\u00e9ralement pas associ\u00e9e \u00e0 des effets secondaires chez la plupart des patients. Cependant, un tr\u00e8s petit nombre de patients prenant de l&#8217;om\u00e9prazole peuvent ressentir des effets secondaires l\u00e9gers comme des naus\u00e9es, des maux de t\u00eate, des gaz, de la constipation ou des vomissements. Ceux-ci ne doivent \u00eatre signal\u00e9s que s&#8217;ils persistent ou deviennent plus g\u00eanants au fil du temps. Si vous pr\u00e9sentez des effets secondaires qui semblent plus graves, vous devez demander l&#8217;aide de votre m\u00e9decin ou d&#8217;un centre d&#8217;urgence local.<\/p>\n<\/p><\/div>\n<h2>La possibilit\u00e9 d&#8217;obtenir l&#8217;Om\u00e9prazole sans ordonnance en France : une r\u00e9alit\u00e9 pharmaceutique ?<\/h2>\n<p>Dans le contexte de la gestion de l&#8217;acidit\u00e9 gastrique et des pathologies associ\u00e9es, l&#8217;Om\u00e9prazole se d\u00e9marque comme un traitement de choix pour de nombreux patients. Toutefois, la question qui se pose fr\u00e9quemment est de savoir si cette mol\u00e9cule, dot\u00e9e d&#8217;une efficacit\u00e9 reconnue, peut \u00eatre obtenue sans ordonnance en France. La r\u00e9ponse, bien que complexe, m\u00e9rite d&#8217;\u00eatre explor\u00e9e avec pr\u00e9cision et discernement.<br \/>\nEn effet, la l\u00e9gislation fran\u00e7aise, rigoureuse dans sa d\u00e9finition des m\u00e9dicaments disponibles sans ordonnance, impose des limites claires quant \u00e0 la d\u00e9livrance de substances aux propri\u00e9t\u00e9s pharmacologiques puissantes. L&#8217;Om\u00e9prazole, en tant que puissant inhibiteur de la pompe \u00e0 protons, se trouve dans une cat\u00e9gorie o\u00f9 la prescription m\u00e9dicale est g\u00e9n\u00e9ralement requise, en raison de la n\u00e9cessit\u00e9 d&#8217;un suivi m\u00e9dical appropri\u00e9 et de la pr\u00e9vention des risques potentiels.<br \/>\nCependant, la r\u00e9alit\u00e9 clinique et pharmaceutique \u00e9volue, et certaines formes d&#8217;Om\u00e9prazole, sous des dosages sp\u00e9cifiques et dans des conditions bien d\u00e9finies, ont pu \u00eatre d\u00e9livr\u00e9es sans ordonnance dans certaines pharmacies. Il est essentiel de noter que cette possibilit\u00e9 reste exceptionnelle et doit \u00eatre envisag\u00e9e avec une extr\u00eame prudence, en accord avec les directives r\u00e9glementaires en vigueur.<br \/>\nEn somme, bien que l&#8217;id\u00e9e d&#8217;obtenir l&#8217;Om\u00e9prazole sans ordonnance puisse susciter l&#8217;int\u00e9r\u00eat des personnes souhaitant g\u00e9rer leur probl\u00e8me d&#8217;acidit\u00e9 gastrique de mani\u00e8re autonome, il convient de respecter les principes de la m\u00e9decine fond\u00e9e sur les preuves et de recourir, le cas \u00e9ch\u00e9ant, \u00e0 l&#8217;expertise du m\u00e9decin traitant. La pr\u00e9servation de la sant\u00e9 et la s\u00e9curit\u00e9 des patients demeurent les enjeux majeurs de toute d\u00e9cision concernant l&#8217;acc\u00e8s aux m\u00e9dicaments.<\/p>\n","protected":false},"excerpt":{"rendered":"<p>Om\u00e9prazole Cliquez ici pour acheter L&#8217;om\u00e9prazole est un traitement du reflux gastro-\u0153sophagien. Il permet \u00e0 l&#8217;\u0153sophage de gu\u00e9rir plus rapidement<\/p>\n","protected":false},"author":3,"featured_media":0,"parent":0,"menu_order":0,"comment_status":"closed","ping_status":"closed","template":"","meta":{"_lmt_disableupdate":"no","_lmt_disable":"no","footnotes":""},"class_list":["post-145","page","type-page","status-publish","hentry"],"translation":{"provider":"WPGlobus","version":"3.0.2","language":"fr","enabled_languages":["en","es","fr"],"languages":{"en":{"title":true,"content":true,"excerpt":false},"es":{"title":true,"content":true,"excerpt":false},"fr":{"title":true,"content":true,"excerpt":false}}},"yoast_head":"<!-- This site is optimized with the Yoast SEO plugin v27.4 - https:\/\/yoast.com\/product\/yoast-seo-wordpress\/ -->\n<title>Achetez Omeprazole 20 mg en France et voyez combien d&#039;argent vous pourriez d\u00e9penser en moins en achetant dans la bonne pharmacie en ligne.<\/title>\n<meta name=\"description\" content=\"Achetez Omeprazole, 20 mg dans une pharmacie fran\u00e7aise pour traiter les sympt\u00f4mes les plus g\u00eanants du reflux gastro-\u0153sophagien et d&#039;autres affections.\" \/>\n<meta name=\"robots\" content=\"index, follow, max-snippet:-1, max-image-preview:large, max-video-preview:-1\" \/>\n<link rel=\"canonical\" href=\"https:\/\/drpillman.biz\/fr\/omeprazole.htm\" \/>\n<meta property=\"og:locale\" content=\"fr_FR\" \/>\n<meta property=\"og:type\" content=\"article\" \/>\n<meta property=\"og:title\" content=\"Achetez Omeprazole 20 mg en France et voyez combien d&#039;argent vous pourriez d\u00e9penser en moins en achetant dans la bonne pharmacie en ligne.\" \/>\n<meta property=\"og:description\" content=\"Achetez Omeprazole, 20 mg dans une pharmacie fran\u00e7aise pour traiter les sympt\u00f4mes les plus g\u00eanants du reflux gastro-\u0153sophagien et d&#039;autres affections.\" \/>\n<meta property=\"og:url\" content=\"https:\/\/drpillman.biz\/fr\/omeprazole.htm\" \/>\n<meta property=\"og:site_name\" content=\"Dr.Pillman\" \/>\n<meta property=\"article:modified_time\" content=\"2024-05-21T10:42:32+00:00\" \/>\n<meta name=\"twitter:card\" content=\"summary_large_image\" \/>\n<script type=\"application\/ld+json\" class=\"yoast-schema-graph\">{\"@context\":\"https:\\\/\\\/schema.org\",\"@graph\":[{\"@type\":\"WebPage\",\"@id\":\"https:\\\/\\\/drpillman.biz\\\/fr\\\/omeprazole.htm\",\"url\":\"https:\\\/\\\/drpillman.biz\\\/fr\\\/omeprazole.htm\",\"name\":\"Achetez Omeprazole 20 mg en France et voyez combien d'argent vous pourriez d\u00e9penser en moins en achetant dans la bonne pharmacie en ligne.\",\"isPartOf\":{\"@id\":\"https:\\\/\\\/drpillman.biz\\\/fr\\\/#website\"},\"datePublished\":\"2013-06-09T10:12:22+00:00\",\"dateModified\":\"2024-05-21T10:42:32+00:00\",\"description\":\"Achetez Omeprazole, 20 mg dans une pharmacie fran\u00e7aise pour traiter les sympt\u00f4mes les plus g\u00eanants du reflux gastro-\u0153sophagien et d'autres affections.\",\"breadcrumb\":{\"@id\":\"https:\\\/\\\/drpillman.biz\\\/fr\\\/omeprazole.htm#breadcrumb\"},\"inLanguage\":\"fr-FR\",\"potentialAction\":[{\"@type\":\"ReadAction\",\"target\":[\"https:\\\/\\\/drpillman.biz\\\/fr\\\/omeprazole.htm\"]}]},{\"@type\":\"BreadcrumbList\",\"@id\":\"https:\\\/\\\/drpillman.biz\\\/fr\\\/omeprazole.htm#breadcrumb\",\"itemListElement\":[{\"@type\":\"ListItem\",\"position\":1,\"name\":\"Home\",\"item\":\"https:\\\/\\\/drpillman.biz\\\/fr\\\/\"},{\"@type\":\"ListItem\",\"position\":2,\"name\":\"Om\u00e9prazole\"}]},{\"@type\":\"WebSite\",\"@id\":\"https:\\\/\\\/drpillman.biz\\\/fr\\\/#website\",\"url\":\"https:\\\/\\\/drpillman.biz\\\/fr\\\/\",\"name\":\"Dr.Pillman\",\"description\":\"\",\"potentialAction\":[{\"@type\":\"SearchAction\",\"target\":{\"@type\":\"EntryPoint\",\"urlTemplate\":\"https:\\\/\\\/drpillman.biz\\\/fr\\\/?s={search_term_string}\"},\"query-input\":{\"@type\":\"PropertyValueSpecification\",\"valueRequired\":true,\"valueName\":\"search_term_string\"}}],\"inLanguage\":\"fr-FR\"}]}<\/script>\n<!-- \/ Yoast SEO plugin. -->","yoast_head_json":{"title":"Achetez Omeprazole 20 mg en France et voyez combien d'argent vous pourriez d\u00e9penser en moins en achetant dans la bonne pharmacie en ligne.","description":"Achetez Omeprazole, 20 mg dans une pharmacie fran\u00e7aise pour traiter les sympt\u00f4mes les plus g\u00eanants du reflux gastro-\u0153sophagien et d'autres affections.","robots":{"index":"index","follow":"follow","max-snippet":"max-snippet:-1","max-image-preview":"max-image-preview:large","max-video-preview":"max-video-preview:-1"},"canonical":"https:\/\/drpillman.biz\/fr\/omeprazole.htm","og_locale":"fr_FR","og_type":"article","og_title":"Achetez Omeprazole 20 mg en France et voyez combien d'argent vous pourriez d\u00e9penser en moins en achetant dans la bonne pharmacie en ligne.","og_description":"Achetez Omeprazole, 20 mg dans une pharmacie fran\u00e7aise pour traiter les sympt\u00f4mes les plus g\u00eanants du reflux gastro-\u0153sophagien et d'autres affections.","og_url":"https:\/\/drpillman.biz\/fr\/omeprazole.htm","og_site_name":"Dr.Pillman","article_modified_time":"2024-05-21T10:42:32+00:00","twitter_card":"summary_large_image","schema":{"@context":"https:\/\/schema.org","@graph":[{"@type":"WebPage","@id":"https:\/\/drpillman.biz\/fr\/omeprazole.htm","url":"https:\/\/drpillman.biz\/fr\/omeprazole.htm","name":"Achetez Omeprazole 20 mg en France et voyez combien d'argent vous pourriez d\u00e9penser en moins en achetant dans la bonne pharmacie en ligne.","isPartOf":{"@id":"https:\/\/drpillman.biz\/fr\/#website"},"datePublished":"2013-06-09T10:12:22+00:00","dateModified":"2024-05-21T10:42:32+00:00","description":"Achetez Omeprazole, 20 mg dans une pharmacie fran\u00e7aise pour traiter les sympt\u00f4mes les plus g\u00eanants du reflux gastro-\u0153sophagien et d'autres affections.","breadcrumb":{"@id":"https:\/\/drpillman.biz\/fr\/omeprazole.htm#breadcrumb"},"inLanguage":"fr-FR","potentialAction":[{"@type":"ReadAction","target":["https:\/\/drpillman.biz\/fr\/omeprazole.htm"]}]},{"@type":"BreadcrumbList","@id":"https:\/\/drpillman.biz\/fr\/omeprazole.htm#breadcrumb","itemListElement":[{"@type":"ListItem","position":1,"name":"Home","item":"https:\/\/drpillman.biz\/fr\/"},{"@type":"ListItem","position":2,"name":"Om\u00e9prazole"}]},{"@type":"WebSite","@id":"https:\/\/drpillman.biz\/fr\/#website","url":"https:\/\/drpillman.biz\/fr\/","name":"Dr.Pillman","description":"","potentialAction":[{"@type":"SearchAction","target":{"@type":"EntryPoint","urlTemplate":"https:\/\/drpillman.biz\/fr\/?s={search_term_string}"},"query-input":{"@type":"PropertyValueSpecification","valueRequired":true,"valueName":"search_term_string"}}],"inLanguage":"fr-FR"}]}},"_links":{"self":[{"href":"https:\/\/drpillman.biz\/fr\/wp-json\/wp\/v2\/pages\/145","targetHints":{"allow":["GET"]}}],"collection":[{"href":"https:\/\/drpillman.biz\/fr\/wp-json\/wp\/v2\/pages"}],"about":[{"href":"https:\/\/drpillman.biz\/fr\/wp-json\/wp\/v2\/types\/page"}],"author":[{"embeddable":true,"href":"https:\/\/drpillman.biz\/fr\/wp-json\/wp\/v2\/users\/3"}],"replies":[{"embeddable":true,"href":"https:\/\/drpillman.biz\/fr\/wp-json\/wp\/v2\/comments?post=145"}],"version-history":[{"count":0,"href":"https:\/\/drpillman.biz\/fr\/wp-json\/wp\/v2\/pages\/145\/revisions"}],"wp:attachment":[{"href":"https:\/\/drpillman.biz\/fr\/wp-json\/wp\/v2\/media?parent=145"}],"curies":[{"name":"wp","href":"https:\/\/api.w.org\/{rel}","templated":true}]}}