{"id":148,"date":"2013-09-12T05:33:41","date_gmt":"2013-09-12T04:33:41","guid":{"rendered":"https:\/\/drpillman.biz\/?page_id=148"},"modified":"2024-05-21T10:35:10","modified_gmt":"2024-05-21T09:35:10","slug":"orlistat","status":"publish","type":"page","link":"https:\/\/drpillman.biz\/fr\/orlistat.htm","title":{"rendered":"Orlistat"},"content":{"rendered":"<div id=\"content-center\">\n<div id=\"content-image\">\n\t\t\t\t\t<img decoding=\"async\" src=\"\/img\/Orlistat.jpg\" alt=\"Orlistat\">\t\t\t\t<\/div>\n<div id=\"content-description\">\n<h1>Orlistat<\/h1>\n<p> <code><a href=\"https:\/\/200pills.com\/search.html?lang=fr&#038;cur=EUR&#038;key=Orlistat\"> <button class=\"button-7\" role=\"button\">Cliquez ici pour acheter<\/button><\/a><\/code> <\/p>\n<div class=\"gray\"><\/div>\n<div class=\"clear\"><\/div>\n<div id=\"description\">\n\t\t\t\t\t\tPour toutes les personnes souffrant d&#8217;ob\u00e9sit\u00e9, il existe un nouveau m\u00e9dicament miraculeux appel\u00e9 Orlistat qui peut r\u00e9duire consid\u00e9rablement votre poids en emp\u00eachant l&#8217;absorption des graisses par votre corps. Ce m\u00e9dicament incroyable est disponible en ligne, et les r\u00e9sidents du Royaume-Uni devraient s\u00e9rieusement envisager d&#8217;en acheter une certaine quantit\u00e9 en ligne, dans le but de perdre du poids d&#8217;une mani\u00e8re saine et efficace. Pour les personnes souffrant d&#8217;ob\u00e9sit\u00e9 et cherchant \u00e0 faire une bonne affaire sur un m\u00e9dicament efficace pour perdre du poids, nous allons maintenant pr\u00e9senter plus d&#8217;informations sur le m\u00e9dicament anti-ob\u00e9sit\u00e9 Orlistat.\t\t\t\t\t<\/div>\n<div id=\"additional\">\n\t\t\t\t\t\tSynonymes :<span> Xenical<\/span>\n\t\t\t\t\t<\/div>\n<\/p><\/div>\n<div class=\"clear\"><\/div>\n<p>Autoris\u00e9 \u00e0 la vente au Royaume-Uni en 2009, ce m\u00e9dicament relativement nouveau permet d\u00e9j\u00e0 aux consommateurs avis\u00e9s d&#8217;\u00e9conomiser de l&#8217;argent et de perdre du poids. Bien que des versions en vente libre de ce m\u00e9dicament aient \u00e9t\u00e9 mises sur le march\u00e9, elles n&#8217;ont pas le m\u00eame dosage que la version sur ordonnance (la version en vente libre est une dose de 60 mg, tandis que la version sur ordonnance est une dose de 120 mg).<\/p>\n<h2>Utilisations m\u00e9dicales<\/h2>\n<p>L&#8217;Orlistat utilise un d\u00e9riv\u00e9 satur\u00e9 d&#8217;un compos\u00e9 naturel appel\u00e9 lipstatine, dont la fonction dans notre corps est d&#8217;inhiber les lipases pancr\u00e9atiques. Cela signifie que l&#8217;Orlistat donne \u00e0 votre corps la capacit\u00e9 d&#8217;absorber beaucoup moins de graisses que ce qu&#8217;il absorberait normalement sans l&#8217;utilisation de ce m\u00e9dicament remarquable. Un autre aspect tr\u00e8s positif de l&#8217;utilisation de l&#8217;Orlistat est qu&#8217;il a une tr\u00e8s forte probabilit\u00e9 de pr\u00e9venir ou de r\u00e9duire les cas de diab\u00e8te de type 2 chez certaines personnes. Au cours des essais cliniques de l&#8217;Orlistat, il a \u00e9t\u00e9 constat\u00e9 que le m\u00e9dicament r\u00e9duisait l&#8217;incidence du diab\u00e8te chez environ 40 % des personnes ob\u00e8ses.<\/p>\n<h2>Effets secondaires<\/h2>\n<p>Heureusement pour les utilisateurs d&#8217;Orlistat, les effets secondaires sont tr\u00e8s limit\u00e9s et ne pr\u00e9sentent aucun risque significatif pour l&#8217;utilisateur. Le seul effet secondaire potentiel de l&#8217;Orlistat est un probl\u00e8me gastro-intestinal appel\u00e9 st\u00e9atorrh\u00e9e. Cette affection, qui se traduit par des selles molles ou huileuses, peut \u00eatre facilement combattue en adoptant un r\u00e9gime pauvre en graisses pendant la prise d&#8217;Orlistat. Lorsque toutes les recommandations associ\u00e9es \u00e0 la prise d&#8217;Orlistat 120 mg ont \u00e9t\u00e9 suivies de pr\u00e8s, ce m\u00e9dicament ne pr\u00e9sente que peu ou pas de danger pour son utilisateur. L&#8217;achat de ce m\u00e9dicament en ligne est vraiment la m\u00e9thode d&#8217;acquisition la plus pratique et la plus rentable disponible aujourd&#8217;hui.<\/p>\n<h2>Pourquoi acheter Orlistat en ligne ?<\/h2>\n<p>L&#8217;achat de votre m\u00e9dicament Orlistat en ligne est vraiment la meilleure fa\u00e7on de l&#8217;acheter, car en utilisant l&#8217;Internet pour acheter ce m\u00e9dicament, vous \u00e9conomiserez probablement beaucoup d&#8217;argent et de temps dans le processus (par opposition \u00e0 l&#8217;obtention de ce m\u00e9dicament aupr\u00e8s d&#8217;un d\u00e9taillant ou d&#8217;un distributeur en personne). De nombreux clients satisfaits au Royaume-Uni ont d\u00e9j\u00e0 constat\u00e9 les \u00e9conomies incroyables et la commodit\u00e9 associ\u00e9es \u00e0 l&#8217;achat de leur m\u00e9dicament Orlistat 120 mg en ligne, et cette tendance ne fera que cro\u00eetre avec le temps puisque l&#8217;expansion de l&#8217;Internet est une tendance qui n&#8217;a jamais cess\u00e9 de progresser et d&#8217;avancer. L&#8217;Orlistat \u00e9tant un m\u00e9dicament si populaire et dont le succ\u00e8s est presque imm\u00e9diat, il serait logique d&#8217;essayer d&#8217;en acqu\u00e9rir le plus possible en ligne. En effet, par le pass\u00e9, l&#8217;Orlistat a fait l&#8217;objet d&#8217;une forte p\u00e9nurie, avec des hausses de prix soudaines dues \u00e0 l&#8217;indisponibilit\u00e9 relative de l&#8217;un de ses principaux ingr\u00e9dients.<\/p>\n<\/p><\/div>\n<h2>La qu\u00eate du graal minceur : Orlistat sans ordonnance en France<\/h2>\n<p>Dans le labyrinthe des strat\u00e9gies de perte de poids, l&#8217;Orlistat se d\u00e9marque comme une \u00e9p\u00e9e de Damocl\u00e8s suspendue au-dessus des repas copieux. Mais, \u00e0 l&#8217;instar d&#8217;un tr\u00e9sor enfoui, la question qui hante les esprits est : &#8220;Est-il possible d&#8217;acqu\u00e9rir cette panac\u00e9e sans ordonnance en France ?&#8221; La r\u00e9ponse, comme un miroir aux alouettes, est \u00e0 la fois trompeuse et r\u00e9v\u00e9latrice.<br \/>\nEn r\u00e9alit\u00e9, l&#8217;Orlistat, sous sa forme pharmaceutique de marque Xenical, est un agent anti-adiposit\u00e9 r\u00e9serv\u00e9 aux personnes ob\u00e8ses ayant besoin d&#8217;une aide m\u00e9dicamenteuse. Cependant, une version all\u00e9g\u00e9e, connue sous le nom d&#8217;Alli, est disponible sans ordonnance, mais avec des restrictions. Il convient de noter que cette derni\u00e8re est moins puissante et n\u00e9cessite une surveillance constante, car elle peut provoquer des effets secondaires ind\u00e9sirables, tels que des selles graisseuses et des flatulences incontr\u00f4lables.<br \/>\nAinsi, bien que l&#8217;Orlistat sans ordonnance soit une r\u00e9alit\u00e9 en France, il est crucial de comprendre que la voie vers la minceur est sem\u00e9e d&#8217;emb\u00fbches et que la prudence est de mise. L&#8217;\u00e9lixir de jouvence n&#8217;est pas une solution miracle, mais plut\u00f4t un compl\u00e9ment \u00e0 un mode de vie sain et \u00e9quilibr\u00e9. En somme, la qu\u00eate de la silhouette id\u00e9ale n&#8217;est pas une chasse au tr\u00e9sor, mais une odyss\u00e9e personnelle qui n\u00e9cessite du courage, de la d\u00e9termination et, surtout, une dose d&#8217;humilit\u00e9 face \u00e0 la complexit\u00e9 du corps humain.<\/p>\n","protected":false},"excerpt":{"rendered":"<p>Orlistat Cliquez ici pour acheter Pour toutes les personnes souffrant d&#8217;ob\u00e9sit\u00e9, il existe un nouveau m\u00e9dicament miraculeux appel\u00e9 Orlistat qui<\/p>\n","protected":false},"author":3,"featured_media":0,"parent":0,"menu_order":0,"comment_status":"closed","ping_status":"closed","template":"","meta":{"_lmt_disableupdate":"no","_lmt_disable":"no","footnotes":""},"class_list":["post-148","page","type-page","status-publish","hentry"],"translation":{"provider":"WPGlobus","version":"3.0.2","language":"fr","enabled_languages":["en","es","fr"],"languages":{"en":{"title":true,"content":true,"excerpt":false},"es":{"title":true,"content":true,"excerpt":false},"fr":{"title":true,"content":true,"excerpt":false}}},"yoast_head":"<!-- This site is optimized with the Yoast SEO plugin v27.4 - https:\/\/yoast.com\/product\/yoast-seo-wordpress\/ -->\n<title>Acheter Orlistat 120 et 60 mg en ligne sans ordonnance en France<\/title>\n<meta name=\"description\" content=\"Achetez Orlistat 120 mg en ligne pour vous d\u00e9barrasser du poids excessif sans avoir \u00e0 souffrir de faim. Une bonne pharmacie en France peut vous donner une bonne affaire pour cela et tout autre m\u00e9dicament dont vous pourriez avoir besoin \u00e0 un moment donn\u00e9.\" \/>\n<meta name=\"robots\" content=\"index, follow, max-snippet:-1, max-image-preview:large, max-video-preview:-1\" \/>\n<link rel=\"canonical\" href=\"https:\/\/drpillman.biz\/orlistat.htm\" \/>\n<meta property=\"og:locale\" content=\"fr_FR\" \/>\n<meta property=\"og:type\" content=\"article\" \/>\n<meta property=\"og:title\" content=\"Acheter Orlistat 120 et 60 mg en ligne sans ordonnance en France\" \/>\n<meta property=\"og:description\" content=\"Achetez Orlistat 120 mg en ligne pour vous d\u00e9barrasser du poids excessif sans avoir \u00e0 souffrir de faim. Une bonne pharmacie en France peut vous donner une bonne affaire pour cela et tout autre m\u00e9dicament dont vous pourriez avoir besoin \u00e0 un moment donn\u00e9.\" \/>\n<meta property=\"og:url\" content=\"https:\/\/drpillman.biz\/orlistat.htm\" \/>\n<meta property=\"og:site_name\" content=\"Dr.Pillman\" \/>\n<meta property=\"article:modified_time\" content=\"2024-05-21T09:35:10+00:00\" \/>\n<meta name=\"twitter:card\" content=\"summary_large_image\" \/>\n<script type=\"application\/ld+json\" class=\"yoast-schema-graph\">{\"@context\":\"https:\\\/\\\/schema.org\",\"@graph\":[{\"@type\":\"WebPage\",\"@id\":\"https:\\\/\\\/drpillman.biz\\\/orlistat.htm\",\"url\":\"https:\\\/\\\/drpillman.biz\\\/orlistat.htm\",\"name\":\"Buy Orlistat Online to Treat Obesity | Order Orlistat 120 mg from UK\",\"isPartOf\":{\"@id\":\"https:\\\/\\\/drpillman.biz\\\/fr\\\/#website\"},\"datePublished\":\"2013-09-12T04:33:41+00:00\",\"dateModified\":\"2024-05-21T09:35:10+00:00\",\"description\":\"Achetez Orlistat 120 mg en ligne pour vous d\u00e9barrasser du poids excessif sans avoir \u00e0 souffrir de faim. Une bonne pharmacie en France peut vous donner une bonne affaire pour cela et tout autre m\u00e9dicament dont vous pourriez avoir besoin \u00e0 un moment donn\u00e9.\",\"breadcrumb\":{\"@id\":\"https:\\\/\\\/drpillman.biz\\\/orlistat.htm#breadcrumb\"},\"inLanguage\":\"fr-FR\",\"potentialAction\":[{\"@type\":\"ReadAction\",\"target\":[\"https:\\\/\\\/drpillman.biz\\\/orlistat.htm\"]}]},{\"@type\":\"BreadcrumbList\",\"@id\":\"https:\\\/\\\/drpillman.biz\\\/orlistat.htm#breadcrumb\",\"itemListElement\":[{\"@type\":\"ListItem\",\"position\":1,\"name\":\"Home\",\"item\":\"https:\\\/\\\/drpillman.biz\\\/fr\\\/\"},{\"@type\":\"ListItem\",\"position\":2,\"name\":\"Orlistat\"}]},{\"@type\":\"WebSite\",\"@id\":\"https:\\\/\\\/drpillman.biz\\\/fr\\\/#website\",\"url\":\"https:\\\/\\\/drpillman.biz\\\/fr\\\/\",\"name\":\"Dr.Pillman\",\"description\":\"\",\"potentialAction\":[{\"@type\":\"SearchAction\",\"target\":{\"@type\":\"EntryPoint\",\"urlTemplate\":\"https:\\\/\\\/drpillman.biz\\\/fr\\\/?s={search_term_string}\"},\"query-input\":{\"@type\":\"PropertyValueSpecification\",\"valueRequired\":true,\"valueName\":\"search_term_string\"}}],\"inLanguage\":\"fr-FR\"}]}<\/script>\n<!-- \/ Yoast SEO plugin. -->","yoast_head_json":{"title":"Acheter Orlistat 120 et 60 mg en ligne sans ordonnance en France","description":"Achetez Orlistat 120 mg en ligne pour vous d\u00e9barrasser du poids excessif sans avoir \u00e0 souffrir de faim. Une bonne pharmacie en France peut vous donner une bonne affaire pour cela et tout autre m\u00e9dicament dont vous pourriez avoir besoin \u00e0 un moment donn\u00e9.","robots":{"index":"index","follow":"follow","max-snippet":"max-snippet:-1","max-image-preview":"max-image-preview:large","max-video-preview":"max-video-preview:-1"},"canonical":"https:\/\/drpillman.biz\/orlistat.htm","og_locale":"fr_FR","og_type":"article","og_title":"Acheter Orlistat 120 et 60 mg en ligne sans ordonnance en France","og_description":"Achetez Orlistat 120 mg en ligne pour vous d\u00e9barrasser du poids excessif sans avoir \u00e0 souffrir de faim. Une bonne pharmacie en France peut vous donner une bonne affaire pour cela et tout autre m\u00e9dicament dont vous pourriez avoir besoin \u00e0 un moment donn\u00e9.","og_url":"https:\/\/drpillman.biz\/orlistat.htm","og_site_name":"Dr.Pillman","article_modified_time":"2024-05-21T09:35:10+00:00","twitter_card":"summary_large_image","schema":{"@context":"https:\/\/schema.org","@graph":[{"@type":"WebPage","@id":"https:\/\/drpillman.biz\/orlistat.htm","url":"https:\/\/drpillman.biz\/orlistat.htm","name":"Buy Orlistat Online to Treat Obesity | Order Orlistat 120 mg from UK","isPartOf":{"@id":"https:\/\/drpillman.biz\/fr\/#website"},"datePublished":"2013-09-12T04:33:41+00:00","dateModified":"2024-05-21T09:35:10+00:00","description":"Achetez Orlistat 120 mg en ligne pour vous d\u00e9barrasser du poids excessif sans avoir \u00e0 souffrir de faim. Une bonne pharmacie en France peut vous donner une bonne affaire pour cela et tout autre m\u00e9dicament dont vous pourriez avoir besoin \u00e0 un moment donn\u00e9.","breadcrumb":{"@id":"https:\/\/drpillman.biz\/orlistat.htm#breadcrumb"},"inLanguage":"fr-FR","potentialAction":[{"@type":"ReadAction","target":["https:\/\/drpillman.biz\/orlistat.htm"]}]},{"@type":"BreadcrumbList","@id":"https:\/\/drpillman.biz\/orlistat.htm#breadcrumb","itemListElement":[{"@type":"ListItem","position":1,"name":"Home","item":"https:\/\/drpillman.biz\/fr\/"},{"@type":"ListItem","position":2,"name":"Orlistat"}]},{"@type":"WebSite","@id":"https:\/\/drpillman.biz\/fr\/#website","url":"https:\/\/drpillman.biz\/fr\/","name":"Dr.Pillman","description":"","potentialAction":[{"@type":"SearchAction","target":{"@type":"EntryPoint","urlTemplate":"https:\/\/drpillman.biz\/fr\/?s={search_term_string}"},"query-input":{"@type":"PropertyValueSpecification","valueRequired":true,"valueName":"search_term_string"}}],"inLanguage":"fr-FR"}]}},"_links":{"self":[{"href":"https:\/\/drpillman.biz\/fr\/wp-json\/wp\/v2\/pages\/148","targetHints":{"allow":["GET"]}}],"collection":[{"href":"https:\/\/drpillman.biz\/fr\/wp-json\/wp\/v2\/pages"}],"about":[{"href":"https:\/\/drpillman.biz\/fr\/wp-json\/wp\/v2\/types\/page"}],"author":[{"embeddable":true,"href":"https:\/\/drpillman.biz\/fr\/wp-json\/wp\/v2\/users\/3"}],"replies":[{"embeddable":true,"href":"https:\/\/drpillman.biz\/fr\/wp-json\/wp\/v2\/comments?post=148"}],"version-history":[{"count":0,"href":"https:\/\/drpillman.biz\/fr\/wp-json\/wp\/v2\/pages\/148\/revisions"}],"wp:attachment":[{"href":"https:\/\/drpillman.biz\/fr\/wp-json\/wp\/v2\/media?parent=148"}],"curies":[{"name":"wp","href":"https:\/\/api.w.org\/{rel}","templated":true}]}}