{"id":151,"date":"2013-08-24T02:46:01","date_gmt":"2013-08-24T01:46:01","guid":{"rendered":"https:\/\/drpillman.biz\/?page_id=151"},"modified":"2024-05-17T20:30:28","modified_gmt":"2024-05-17T19:30:28","slug":"paxil","status":"publish","type":"page","link":"https:\/\/drpillman.biz\/fr\/paxil.htm","title":{"rendered":"Paxil"},"content":{"rendered":"<div id=\"content-center\">\n<div id=\"content-image\">\n\t\t\t\t\t<img decoding=\"async\" src=\"\/img\/Paxil.jpg\" alt=\"Paxil\">\t\t\t\t<\/div>\n<div id=\"content-description\">\n<h1>Paxil<\/h1>\n<p> <code><a href=\"https:\/\/200pills.com\/search.html?lang=fr&#038;cur=EUR&#038;key=Paxil\"> <button class=\"button-7\" role=\"button\">Cliquez ici pour acheter<\/button><\/a><\/code><\/p>\n<div class=\"clear\"><\/div>\n<div id=\"description\">\n\t\t\t\t\t\tLe Paxil est destin\u00e9 au traitement de la d\u00e9pression, des troubles obsessionnels compulsifs et d&#8217;autres troubles caus\u00e9s par un d\u00e9s\u00e9quilibre des substances chimiques dans le cerveau. Ce m\u00e9dicament est un inhibiteur s\u00e9lectif de la recapture de la s\u00e9rotonine qui am\u00e9liore votre qualit\u00e9 de vie en modifiant l&#8217;\u00e9quilibre de la s\u00e9rotonine dans le cerveau.\t\t\t\t\t<\/div>\n<div id=\"additional\">\n\t\t\t\t\t\tSynonymes :<span> Parox\u00e9tine<\/span>\n\t\t\t\t\t<\/div>\n<\/p><\/div>\n<div class=\"clear\"><\/div>\n<p>Le Paxil est un inhibiteur s\u00e9lectif de la recapture de la s\u00e9rotonine utilis\u00e9 pour le traitement des affections dues \u00e0 un d\u00e9s\u00e9quilibre des substances chimiques pr\u00e9sentes dans le cerveau. Ce m\u00e9dicament est le plus souvent prescrit pour les troubles obsessionnels compulsifs, les troubles anxieux, les attaques de panique, le syndrome de stress post-traumatique et les troubles d\u00e9pressifs majeurs. Le Paxil peut \u00eatre utilis\u00e9 en dehors de son champ d&#8217;application, notamment pour traiter les troubles pr\u00e9menstruels et la d\u00e9pression bipolaire. Ce m\u00e9dicament r\u00e9tablit l&#8217;\u00e9quilibre des substances chimiques dans le cerveau, am\u00e9liorant l&#8217;humeur du patient, augmentant l&#8217;app\u00e9tit et stimulant les niveaux d&#8217;\u00e9nergie. Vous pouvez acheter le Paxil dans votre pharmacie locale ou acheter le Paxil g\u00e9n\u00e9rique (chlorhydrate de parox\u00e9tine) au Royaume-Uni sur Internet. Les pharmacies en ligne travaillant pour les r\u00e9sidents du Royaume-Uni offrent un niveau de service \u00e9lev\u00e9, des m\u00e9dicaments de qualit\u00e9 exceptionnelle et des prix bas que vous ne devriez pas vous attendre \u00e0 trouver ailleurs. Les pharmacies britanniques qui proposent d&#8217;acheter du Paxil (chlorhydrate de parox\u00e9tine) vous permettent de passer commande en quelques minutes seulement, en \u00e9tant s\u00fbr que la livraison sera effectu\u00e9e \u00e0 temps et que vous pourrez commencer votre traitement au moment voulu ou continuer \u00e0 prendre du Paxil si vous n&#8217;en avez plus besoin. Le Paxil est g\u00e9n\u00e9ralement pris une fois par jour, avec ou sans nourriture. De nombreux patients pr\u00e9f\u00e8rent prendre le Paxil avec de la nourriture, car cela diminue les risques de naus\u00e9es. M\u00eame si vous vous sentez nettement mieux apr\u00e8s avoir commenc\u00e9 \u00e0 prendre du Paxil, veillez \u00e0 poursuivre le m\u00eame traitement, en prenant la dose exacte prescrite. Vous risquez de perdre vos progr\u00e8s si vous arr\u00eatez brusquement le traitement avant que votre m\u00e9decin ne vous l&#8217;ait conseill\u00e9.<\/p>\n<h2>Effets secondaires<\/h2>\n<p>Le Paxil peut provoquer des effets secondaires au d\u00e9but du traitement, surtout si la dose est plus \u00e9lev\u00e9e que n\u00e9cessaire. Il est possible que vous ressentiez des vertiges, une s\u00e9cheresse de la bouche, une perte d&#8217;app\u00e9tit, des b\u00e2illements, des naus\u00e9es, une somnolence, une faiblesse ou des troubles du sommeil \u00e0 un moment ou \u00e0 un autre et vous devrez surveiller ces effets secondaires avec attention. Si les effets secondaires mentionn\u00e9s changent d&#8217;intensit\u00e9 au point de devenir trop g\u00eanants, il est pr\u00e9f\u00e9rable d&#8217;en parler imm\u00e9diatement \u00e0 votre m\u00e9decin et de voir si des ajustements sont n\u00e9cessaires.<\/p>\n<\/p><\/div>\n<h2>La D\u00e9couverte Inou\u00efe : Paxil Accessible &#8220;Sans Ordonnance&#8221; en France ?<\/h2>\n<p>Dans le monde pharmaceutique en constante \u00e9volution, la possibilit\u00e9 d&#8217;obtenir des m\u00e9dicaments tels que le Paxil sans ordonnance suscite un sentiment de fascination et d&#8217;\u00e9tonnement. Les Fran\u00e7ais, en qu\u00eate de solutions pour soulager leur anxi\u00e9t\u00e9 et leurs troubles d\u00e9pressifs, se demandent si cette avanc\u00e9e m\u00e9dicale r\u00e9volutionnaire est d\u00e9j\u00e0 \u00e0 leur port\u00e9e. Bien que la r\u00e9glementation fran\u00e7aise soit rigoureuse en mati\u00e8re de distribution de m\u00e9dicaments psychotropes, des interrogations persistent quant \u00e0 l&#8217;avenir de l&#8217;acc\u00e8s aux traitements sans ordonnance.<br \/>\nL&#8217;id\u00e9e d&#8217;une dispense d&#8217;ordonnance pour le Paxil \u00e9voque une r\u00e9flexion profonde sur l&#8217;autonomie des patients et leur capacit\u00e9 \u00e0 g\u00e9rer leur sant\u00e9 mentale. Cependant, il convient de consid\u00e9rer attentivement les implications de cette \u00e9ventualit\u00e9. La m\u00e9decine moderne, avec ses avanc\u00e9es fulgurantes, ne doit pas seulement se pr\u00e9occuper de soulager les sympt\u00f4mes, mais aussi de garantir la s\u00e9curit\u00e9 et l&#8217;efficacit\u00e9 des traitements.<br \/>\nEn d\u00e9pit de ces r\u00e9flexions, la question demeure : est-il concevable d&#8217;acheter du Paxil sans ordonnance en France ? La r\u00e9ponse, pour le moment, est une r\u00e9ponse nuanc\u00e9e. Bien que certaines sources sugg\u00e8rent que des alternatives \u00e0 base de plantes et des suppl\u00e9ments naturels puissent \u00eatre utilis\u00e9s sans ordonnance, le Paxil en tant que m\u00e9dicament psychotrope reste strictement r\u00e9glement\u00e9.<br \/>\nDans l&#8217;attente d&#8217;un avenir plus permissif, les individus souffrant de troubles anxieux et d\u00e9pressifs doivent continuer \u00e0 faire confiance \u00e0 la sagesse des m\u00e9decins et \u00e0 la rigueur de la r\u00e9glementation fran\u00e7aise. La promesse d&#8217;un acc\u00e8s facilit\u00e9 aux traitements demeure une perspective tentante, mais il est crucial de ne pas perdre de vue l&#8217;importance de la pr\u00e9servation de la sant\u00e9 mentale et de la responsabilit\u00e9 collective en mati\u00e8re de soins pharmaceutiques.<\/p>\n","protected":false},"excerpt":{"rendered":"<p>Paxil Cliquez ici pour acheter Le Paxil est destin\u00e9 au traitement de la d\u00e9pression, des troubles obsessionnels compulsifs et d&#8217;autres<\/p>\n","protected":false},"author":3,"featured_media":0,"parent":0,"menu_order":0,"comment_status":"closed","ping_status":"closed","template":"","meta":{"_lmt_disableupdate":"no","_lmt_disable":"no","footnotes":""},"class_list":["post-151","page","type-page","status-publish","hentry"],"translation":{"provider":"WPGlobus","version":"3.0.2","language":"fr","enabled_languages":["en","es","fr"],"languages":{"en":{"title":true,"content":true,"excerpt":false},"es":{"title":true,"content":true,"excerpt":false},"fr":{"title":true,"content":true,"excerpt":false}}},"yoast_head":"<!-- This site is optimized with the Yoast SEO plugin v27.4 - https:\/\/yoast.com\/product\/yoast-seo-wordpress\/ -->\n<title>Acheter Paxil 10, 20, 30 et 40 mg en ligne sans ordonnance en France<\/title>\n<meta name=\"description\" content=\"Paxil est un antid\u00e9presseur utilis\u00e9 pour traiter la d\u00e9pression et une gamme de troubles anxieux. Vous pouvez acheter du chlorhydrate de parox\u00e9tine en France et profiter d&#039;une exp\u00e9dition rapide pour commencer le traitement plus t\u00f4t.\" \/>\n<meta name=\"robots\" content=\"index, follow, max-snippet:-1, max-image-preview:large, max-video-preview:-1\" \/>\n<link rel=\"canonical\" href=\"https:\/\/drpillman.biz\/paxil.htm\" \/>\n<meta property=\"og:locale\" content=\"fr_FR\" \/>\n<meta property=\"og:type\" content=\"article\" \/>\n<meta property=\"og:title\" content=\"Acheter Paxil 10, 20, 30 et 40 mg en ligne sans ordonnance en France\" \/>\n<meta property=\"og:description\" content=\"Paxil est un antid\u00e9presseur utilis\u00e9 pour traiter la d\u00e9pression et une gamme de troubles anxieux. Vous pouvez acheter du chlorhydrate de parox\u00e9tine en France et profiter d&#039;une exp\u00e9dition rapide pour commencer le traitement plus t\u00f4t.\" \/>\n<meta property=\"og:url\" content=\"https:\/\/drpillman.biz\/paxil.htm\" \/>\n<meta property=\"og:site_name\" content=\"Dr.Pillman\" \/>\n<meta property=\"article:modified_time\" content=\"2024-05-17T19:30:28+00:00\" \/>\n<meta name=\"twitter:card\" content=\"summary_large_image\" \/>\n<script type=\"application\/ld+json\" class=\"yoast-schema-graph\">{\"@context\":\"https:\\\/\\\/schema.org\",\"@graph\":[{\"@type\":\"WebPage\",\"@id\":\"https:\\\/\\\/drpillman.biz\\\/paxil.htm\",\"url\":\"https:\\\/\\\/drpillman.biz\\\/paxil.htm\",\"name\":\"Buy Paxil (paroxetine hydrochloride) in UK conveniently with fast and reliable delivery straight to your doorstep\",\"isPartOf\":{\"@id\":\"https:\\\/\\\/drpillman.biz\\\/fr\\\/#website\"},\"datePublished\":\"2013-08-24T01:46:01+00:00\",\"dateModified\":\"2024-05-17T19:30:28+00:00\",\"description\":\"Paxil est un antid\u00e9presseur utilis\u00e9 pour traiter la d\u00e9pression et une gamme de troubles anxieux. Vous pouvez acheter du chlorhydrate de parox\u00e9tine en France et profiter d'une exp\u00e9dition rapide pour commencer le traitement plus t\u00f4t.\",\"breadcrumb\":{\"@id\":\"https:\\\/\\\/drpillman.biz\\\/paxil.htm#breadcrumb\"},\"inLanguage\":\"fr-FR\",\"potentialAction\":[{\"@type\":\"ReadAction\",\"target\":[\"https:\\\/\\\/drpillman.biz\\\/paxil.htm\"]}]},{\"@type\":\"BreadcrumbList\",\"@id\":\"https:\\\/\\\/drpillman.biz\\\/paxil.htm#breadcrumb\",\"itemListElement\":[{\"@type\":\"ListItem\",\"position\":1,\"name\":\"Home\",\"item\":\"https:\\\/\\\/drpillman.biz\\\/fr\\\/\"},{\"@type\":\"ListItem\",\"position\":2,\"name\":\"Paxil\"}]},{\"@type\":\"WebSite\",\"@id\":\"https:\\\/\\\/drpillman.biz\\\/fr\\\/#website\",\"url\":\"https:\\\/\\\/drpillman.biz\\\/fr\\\/\",\"name\":\"Dr.Pillman\",\"description\":\"\",\"potentialAction\":[{\"@type\":\"SearchAction\",\"target\":{\"@type\":\"EntryPoint\",\"urlTemplate\":\"https:\\\/\\\/drpillman.biz\\\/fr\\\/?s={search_term_string}\"},\"query-input\":{\"@type\":\"PropertyValueSpecification\",\"valueRequired\":true,\"valueName\":\"search_term_string\"}}],\"inLanguage\":\"fr-FR\"}]}<\/script>\n<!-- \/ Yoast SEO plugin. -->","yoast_head_json":{"title":"Acheter Paxil 10, 20, 30 et 40 mg en ligne sans ordonnance en France","description":"Paxil est un antid\u00e9presseur utilis\u00e9 pour traiter la d\u00e9pression et une gamme de troubles anxieux. Vous pouvez acheter du chlorhydrate de parox\u00e9tine en France et profiter d'une exp\u00e9dition rapide pour commencer le traitement plus t\u00f4t.","robots":{"index":"index","follow":"follow","max-snippet":"max-snippet:-1","max-image-preview":"max-image-preview:large","max-video-preview":"max-video-preview:-1"},"canonical":"https:\/\/drpillman.biz\/paxil.htm","og_locale":"fr_FR","og_type":"article","og_title":"Acheter Paxil 10, 20, 30 et 40 mg en ligne sans ordonnance en France","og_description":"Paxil est un antid\u00e9presseur utilis\u00e9 pour traiter la d\u00e9pression et une gamme de troubles anxieux. Vous pouvez acheter du chlorhydrate de parox\u00e9tine en France et profiter d'une exp\u00e9dition rapide pour commencer le traitement plus t\u00f4t.","og_url":"https:\/\/drpillman.biz\/paxil.htm","og_site_name":"Dr.Pillman","article_modified_time":"2024-05-17T19:30:28+00:00","twitter_card":"summary_large_image","schema":{"@context":"https:\/\/schema.org","@graph":[{"@type":"WebPage","@id":"https:\/\/drpillman.biz\/paxil.htm","url":"https:\/\/drpillman.biz\/paxil.htm","name":"Buy Paxil (paroxetine hydrochloride) in UK conveniently with fast and reliable delivery straight to your doorstep","isPartOf":{"@id":"https:\/\/drpillman.biz\/fr\/#website"},"datePublished":"2013-08-24T01:46:01+00:00","dateModified":"2024-05-17T19:30:28+00:00","description":"Paxil est un antid\u00e9presseur utilis\u00e9 pour traiter la d\u00e9pression et une gamme de troubles anxieux. Vous pouvez acheter du chlorhydrate de parox\u00e9tine en France et profiter d'une exp\u00e9dition rapide pour commencer le traitement plus t\u00f4t.","breadcrumb":{"@id":"https:\/\/drpillman.biz\/paxil.htm#breadcrumb"},"inLanguage":"fr-FR","potentialAction":[{"@type":"ReadAction","target":["https:\/\/drpillman.biz\/paxil.htm"]}]},{"@type":"BreadcrumbList","@id":"https:\/\/drpillman.biz\/paxil.htm#breadcrumb","itemListElement":[{"@type":"ListItem","position":1,"name":"Home","item":"https:\/\/drpillman.biz\/fr\/"},{"@type":"ListItem","position":2,"name":"Paxil"}]},{"@type":"WebSite","@id":"https:\/\/drpillman.biz\/fr\/#website","url":"https:\/\/drpillman.biz\/fr\/","name":"Dr.Pillman","description":"","potentialAction":[{"@type":"SearchAction","target":{"@type":"EntryPoint","urlTemplate":"https:\/\/drpillman.biz\/fr\/?s={search_term_string}"},"query-input":{"@type":"PropertyValueSpecification","valueRequired":true,"valueName":"search_term_string"}}],"inLanguage":"fr-FR"}]}},"_links":{"self":[{"href":"https:\/\/drpillman.biz\/fr\/wp-json\/wp\/v2\/pages\/151","targetHints":{"allow":["GET"]}}],"collection":[{"href":"https:\/\/drpillman.biz\/fr\/wp-json\/wp\/v2\/pages"}],"about":[{"href":"https:\/\/drpillman.biz\/fr\/wp-json\/wp\/v2\/types\/page"}],"author":[{"embeddable":true,"href":"https:\/\/drpillman.biz\/fr\/wp-json\/wp\/v2\/users\/3"}],"replies":[{"embeddable":true,"href":"https:\/\/drpillman.biz\/fr\/wp-json\/wp\/v2\/comments?post=151"}],"version-history":[{"count":0,"href":"https:\/\/drpillman.biz\/fr\/wp-json\/wp\/v2\/pages\/151\/revisions"}],"wp:attachment":[{"href":"https:\/\/drpillman.biz\/fr\/wp-json\/wp\/v2\/media?parent=151"}],"curies":[{"name":"wp","href":"https:\/\/api.w.org\/{rel}","templated":true}]}}