{"id":157,"date":"2013-03-25T01:05:39","date_gmt":"2013-03-25T01:05:39","guid":{"rendered":"https:\/\/drpillman.biz\/?page_id=157"},"modified":"2024-05-17T20:34:19","modified_gmt":"2024-05-17T19:34:19","slug":"propecia","status":"publish","type":"page","link":"https:\/\/drpillman.biz\/fr\/propecia.htm","title":{"rendered":"Propecia"},"content":{"rendered":"<div id=\"content-center\">\n<div id=\"content-image\"><img decoding=\"async\" src=\"\/img\/Propecia.jpg\" alt=\"Propecia\" \/><\/div>\n<div id=\"content-description\">\n<h1>Propecia<\/h1>\n<p> <code><a href=\"https:\/\/200pills.com\/search.html?lang=fr&#038;cur=EUR&#038;key=Propecia\"> <button class=\"button-7\" role=\"button\">Cliquez ici pour acheter<\/button><\/a><\/code><\/p>\n<div class=\"clear\"><\/div>\n<div id=\"description\">Il existe une multitude de traitements contre la chute des cheveux sur le march\u00e9 aujourd&#8217;hui, et il est difficile de trouver un traitement qui soit \u00e0 la fois s\u00fbr, efficace et approuv\u00e9 par la FDA. Propecia est le nom de marque du m\u00e9dicament Finasteride 1 mg ; c&#8217;est l&#8217;un des m\u00e9dicaments antiandrog\u00e8nes synth\u00e9tiques les plus courants et les plus utilis\u00e9s pour traiter la calvitie induite par les hormones chez les hommes.<\/div>\n<div id=\"additional\">Synonymes : <span>Finasteride 1 mg<\/span><\/div>\n<\/div>\n<div class=\"clear\"><\/div>\n<h2>Description du m\u00e9dicament<\/h2>\n<p>Propecia, \u00e9galement connu sous le nom de Finasteride 1 mg, est un m\u00e9dicament qui appartient \u00e0 la liste des inhibiteurs de la 5-alpha-r\u00e9ductase. Il s&#8217;agit d&#8217;un puissant m\u00e9dicament hormonal qui inhibe la conversion de la testost\u00e9rone d&#8217;un homme en dihydrotestost\u00e9rone (DHT). La DHT est en fait responsable du d\u00e9veloppement de l&#8217;hyperplasie b\u00e9nigne de la prostate (HBP) et des probl\u00e8mes de perte de cheveux chez les hommes. L&#8217;action principale de ce m\u00e9dicament est de r\u00e9duire les niveaux de DHT dans le syst\u00e8me masculin.L&#8217;effet du Propecia sur l&#8217;arr\u00eat ou au moins la r\u00e9duction de la chute des cheveux n&#8217;est que secondaire \u00e0 la diminution de la DHT dans l&#8217;organisme.<\/p>\n<h2>Effets secondaires<\/h2>\n<p>\u00c9tant donn\u00e9 que le Propecia affecte consid\u00e9rablement l&#8217;activit\u00e9 de la testost\u00e9rone dans le corps de l&#8217;homme, la plupart de ses effets secondaires sont centr\u00e9s sur les fonctions du syst\u00e8me reproducteur masculin. La baisse du taux de testost\u00e9rone \u00e0 long terme peut provoquer l&#8217;impuissance. En outre, la fonction sexuelle peut \u00eatre diminu\u00e9e, ce qui entra\u00eene une baisse de la libido, du volume \u00e9jaculatoire ou une \u00e9jaculation anormale. D&#8217;autres effets secondaires peuvent \u00e9galement entra\u00eener des troubles de l&#8217;\u00e9rection, une gyn\u00e9comastie (sensibilit\u00e9 des seins) et des troubles testiculaires. Comme vous l&#8217;avez peut-\u00eatre remarqu\u00e9, ces effets concernent principalement l&#8217;appareil reproducteur masculin.<\/p>\n<p>Outre le d\u00e9clin des fonctions sexuelles du syst\u00e8me reproducteur, il a \u00e9galement des effets secondaires tels que des \u00e9ruptions cutan\u00e9es, des gonflements des extr\u00e9mit\u00e9s, des vertiges et des maux de t\u00eate.<\/p>\n<h2>Disponibilit\u00e9<\/h2>\n<p>La forme g\u00e9n\u00e9rique de Propecia est Fenestiride 1 mg et est tr\u00e8s disponible dans de nombreuses pharmacies en ligne ou magasins de produits pharmaceutiques au Royaume-Uni. En raison de la nature de ce m\u00e9dicament, l&#8217;achat l\u00e9gal n\u00e9cessite une ordonnance d&#8217;un m\u00e9decin agr\u00e9\u00e9. Le Royaume-Uni applique des normes \u00e9lev\u00e9es en mati\u00e8re de prestation de soins de sant\u00e9 \u00e0 ses citoyens, c&#8217;est pourquoi la prescription d&#8217;un m\u00e9dicament aussi puissant que le Propecia aux patients est fortement r\u00e9glement\u00e9e par les m\u00e9decins britanniques. Pour qu&#8217;une ordonnance soit d\u00e9livr\u00e9e, les patients doivent d&#8217;abord subir un examen m\u00e9dical approfondi.<\/p>\n<p>Vous pouvez \u00e9galement trouver en ligne des m\u00e9decins au Royaume-Uni qui peuvent d\u00e9livrer une ordonnance valide pour Propecia ou Finasterdie 1 mg. Il convient toutefois d&#8217;\u00eatre vigilant, car le cyberespace regorge de revendeurs frauduleux. La recherche d&#8217;une clinique en ligne cr\u00e9dible ne sera certainement pas si p\u00e9nible que cela. C&#8217;est d\u00e9j\u00e0 une tendance croissante, et de nombreux m\u00e9decins tr\u00e8s r\u00e9put\u00e9s ont d\u00e9j\u00e0 rejoint le train en marche.<\/p>\n<h2>Comment acheter en ligne<\/h2>\n<p>La n\u00e9cessit\u00e9 d&#8217;une ordonnance pour acheter ce m\u00e9dicament est ce qui le rend difficile \u00e0 obtenir, mais cela ne veut pas dire que c&#8217;est impossible. Le processus est simplement fastidieux : vous devez subir une s\u00e9rie d&#8217;\u00e9valuations par un m\u00e9decin de l&#8217;\u00e9tablissement qui g\u00e8re la clinique en ligne. Une fois qu&#8217;ils auront prouv\u00e9 que vous \u00eates apte \u00e0 prendre le m\u00e9dicament, vous recevrez une ordonnance gratuite et le m\u00e9dicament sera livr\u00e9 directement \u00e0 votre domicile le jour suivant. Tout ce que vous avez \u00e0 faire, c&#8217;est de remplir compl\u00e8tement leurs formulaires en ligne s\u00e9curis\u00e9s et d&#8217;attendre ensuite leur verdict.<\/p>\n<\/div>\n<h2>Acc\u00e8s \u00e0 la libert\u00e9 : Le Propecia sans ordonnance en France<\/h2>\n<p>Dans le d\u00e9dale des pharmacies en ligne et des boutiques virtuelles, nombreux sont ceux qui cherchent \u00e0 d\u00e9nouer l&#8217;\u00e9cheveau complexe de l&#8217;acc\u00e8s aux traitements m\u00e9dicaux. Parmi ces rem\u00e8des, le Propecia, un pilier de la lutte contre la calvitie et la perte de cheveux, suscite un engouement sans pr\u00e9c\u00e9dent. Mais, dans les rues pav\u00e9es de la France, est-il envisageable de se procurer ce viatique sans ordonnance ?<br \/>\nLa r\u00e9ponse, en v\u00e9rit\u00e9, est teint\u00e9e d&#8217;ombres et de lumi\u00e8res. Bien que le Propecia soit un m\u00e9dicament soumis \u00e0 prescription, des chemins tortueux peuvent \u00eatre explor\u00e9s pour acc\u00e9der \u00e0 cette panac\u00e9e sans ordonnance. Cependant, il convient de temp\u00e9rer l&#8217;enthousiasme par la prudence : la consommation de m\u00e9dicaments sans avis m\u00e9dical est une voie sem\u00e9e d&#8217;emb\u00fbches, o\u00f9 le risque d&#8217;interactions ind\u00e9sirables et d&#8217;effets secondaires non contr\u00f4l\u00e9s plane comme un spectre inqui\u00e9tant.<br \/>\nAinsi, m\u00eame si le d\u00e9sir de se pr\u00e9cipiter vers cette \u00e9lixir de jouvence est compr\u00e9hensible, il est essentiel de ne pas n\u00e9gliger l&#8217;importance d&#8217;une consultation m\u00e9dicale avis\u00e9e. Le Propecia, bien qu&#8217;offrant un espoir pour de nombreux individus, doit \u00eatre administr\u00e9 avec discernement, en toute connaissance de cause. Car, au-del\u00e0 de la qu\u00eate de la beaut\u00e9, il s&#8217;agit avant tout de pr\u00e9server la sant\u00e9 et l&#8217;int\u00e9grit\u00e9 de chacun.<br \/>\nEn somme, bien que l&#8217;id\u00e9e d&#8217;obtenir le Propecia sans ordonnance puisse sembler all\u00e9chante, il est crucial de consid\u00e9rer les implications \u00e0 long terme et de recourir \u00e0 la sagesse des professionnels de la sant\u00e9. Car, dans cette qu\u00eate du soi, la prudence est la meilleure alli\u00e9e, et la sant\u00e9, la plus pr\u00e9cieuse des conqu\u00eates.<\/p>\n","protected":false},"excerpt":{"rendered":"<p>Propecia Cliquez ici pour acheter Il existe une multitude de traitements contre la chute des cheveux sur le march\u00e9 aujourd&#8217;hui,<\/p>\n","protected":false},"author":3,"featured_media":0,"parent":0,"menu_order":0,"comment_status":"closed","ping_status":"closed","template":"","meta":{"_lmt_disableupdate":"no","_lmt_disable":"no","footnotes":""},"class_list":["post-157","page","type-page","status-publish","hentry"],"translation":{"provider":"WPGlobus","version":"3.0.2","language":"fr","enabled_languages":["en","es","fr"],"languages":{"en":{"title":true,"content":true,"excerpt":false},"es":{"title":true,"content":true,"excerpt":false},"fr":{"title":true,"content":true,"excerpt":false}}},"yoast_head":"<!-- This site is optimized with the Yoast SEO plugin v27.4 - https:\/\/yoast.com\/product\/yoast-seo-wordpress\/ -->\n<title>Acheter Propecia 1 et 5 mg en ligne sans ordonnance en France<\/title>\n<meta name=\"description\" content=\"Propecia est le seul m\u00e9dicament approuv\u00e9 par la FDA pour traiter la calvitie des mod\u00e8les masculins. Vous pouvez toujours acheter du propecia g\u00e9n\u00e9rique 1 mg (finast\u00e9ride) en ligne et le faire livrer n&#039;importe o\u00f9 en France.\" \/>\n<meta name=\"robots\" content=\"index, follow, max-snippet:-1, max-image-preview:large, max-video-preview:-1\" \/>\n<link rel=\"canonical\" href=\"https:\/\/drpillman.biz\/propecia.htm\" \/>\n<meta property=\"og:locale\" content=\"fr_FR\" \/>\n<meta property=\"og:type\" content=\"article\" \/>\n<meta property=\"og:title\" content=\"Acheter Propecia 1 et 5 mg en ligne sans ordonnance en France\" \/>\n<meta property=\"og:description\" content=\"Propecia est le seul m\u00e9dicament approuv\u00e9 par la FDA pour traiter la calvitie des mod\u00e8les masculins. Vous pouvez toujours acheter du propecia g\u00e9n\u00e9rique 1 mg (finast\u00e9ride) en ligne et le faire livrer n&#039;importe o\u00f9 en France.\" \/>\n<meta property=\"og:url\" content=\"https:\/\/drpillman.biz\/propecia.htm\" \/>\n<meta property=\"og:site_name\" content=\"Dr.Pillman\" \/>\n<meta property=\"article:modified_time\" content=\"2024-05-17T19:34:19+00:00\" \/>\n<meta name=\"twitter:card\" content=\"summary_large_image\" \/>\n<script type=\"application\/ld+json\" class=\"yoast-schema-graph\">{\"@context\":\"https:\\\/\\\/schema.org\",\"@graph\":[{\"@type\":\"WebPage\",\"@id\":\"https:\\\/\\\/drpillman.biz\\\/propecia.htm\",\"url\":\"https:\\\/\\\/drpillman.biz\\\/propecia.htm\",\"name\":\"Say Goodbye to Baldness with Generic Propecia (Finasteride 1 mg) Easy Buy Online in UK\",\"isPartOf\":{\"@id\":\"https:\\\/\\\/drpillman.biz\\\/#website\"},\"datePublished\":\"2013-03-25T01:05:39+00:00\",\"dateModified\":\"2024-05-17T19:34:19+00:00\",\"description\":\"Propecia est le seul m\u00e9dicament approuv\u00e9 par la FDA pour traiter la calvitie des mod\u00e8les masculins. Vous pouvez toujours acheter du propecia g\u00e9n\u00e9rique 1 mg (finast\u00e9ride) en ligne et le faire livrer n'importe o\u00f9 en France.\",\"breadcrumb\":{\"@id\":\"https:\\\/\\\/drpillman.biz\\\/propecia.htm#breadcrumb\"},\"inLanguage\":\"fr-FR\",\"potentialAction\":[{\"@type\":\"ReadAction\",\"target\":[\"https:\\\/\\\/drpillman.biz\\\/propecia.htm\"]}]},{\"@type\":\"BreadcrumbList\",\"@id\":\"https:\\\/\\\/drpillman.biz\\\/propecia.htm#breadcrumb\",\"itemListElement\":[{\"@type\":\"ListItem\",\"position\":1,\"name\":\"Home\",\"item\":\"https:\\\/\\\/drpillman.biz\\\/\"},{\"@type\":\"ListItem\",\"position\":2,\"name\":\"Propecia\"}]},{\"@type\":\"WebSite\",\"@id\":\"https:\\\/\\\/drpillman.biz\\\/#website\",\"url\":\"https:\\\/\\\/drpillman.biz\\\/\",\"name\":\"Dr.Pillman\",\"description\":\"\",\"potentialAction\":[{\"@type\":\"SearchAction\",\"target\":{\"@type\":\"EntryPoint\",\"urlTemplate\":\"https:\\\/\\\/drpillman.biz\\\/?s={search_term_string}\"},\"query-input\":{\"@type\":\"PropertyValueSpecification\",\"valueRequired\":true,\"valueName\":\"search_term_string\"}}],\"inLanguage\":\"fr-FR\"}]}<\/script>\n<!-- \/ Yoast SEO plugin. -->","yoast_head_json":{"title":"Acheter Propecia 1 et 5 mg en ligne sans ordonnance en France","description":"Propecia est le seul m\u00e9dicament approuv\u00e9 par la FDA pour traiter la calvitie des mod\u00e8les masculins. Vous pouvez toujours acheter du propecia g\u00e9n\u00e9rique 1 mg (finast\u00e9ride) en ligne et le faire livrer n'importe o\u00f9 en France.","robots":{"index":"index","follow":"follow","max-snippet":"max-snippet:-1","max-image-preview":"max-image-preview:large","max-video-preview":"max-video-preview:-1"},"canonical":"https:\/\/drpillman.biz\/propecia.htm","og_locale":"fr_FR","og_type":"article","og_title":"Acheter Propecia 1 et 5 mg en ligne sans ordonnance en France","og_description":"Propecia est le seul m\u00e9dicament approuv\u00e9 par la FDA pour traiter la calvitie des mod\u00e8les masculins. Vous pouvez toujours acheter du propecia g\u00e9n\u00e9rique 1 mg (finast\u00e9ride) en ligne et le faire livrer n'importe o\u00f9 en France.","og_url":"https:\/\/drpillman.biz\/propecia.htm","og_site_name":"Dr.Pillman","article_modified_time":"2024-05-17T19:34:19+00:00","twitter_card":"summary_large_image","schema":{"@context":"https:\/\/schema.org","@graph":[{"@type":"WebPage","@id":"https:\/\/drpillman.biz\/propecia.htm","url":"https:\/\/drpillman.biz\/propecia.htm","name":"Say Goodbye to Baldness with Generic Propecia (Finasteride 1 mg) Easy Buy Online in UK","isPartOf":{"@id":"https:\/\/drpillman.biz\/#website"},"datePublished":"2013-03-25T01:05:39+00:00","dateModified":"2024-05-17T19:34:19+00:00","description":"Propecia est le seul m\u00e9dicament approuv\u00e9 par la FDA pour traiter la calvitie des mod\u00e8les masculins. Vous pouvez toujours acheter du propecia g\u00e9n\u00e9rique 1 mg (finast\u00e9ride) en ligne et le faire livrer n'importe o\u00f9 en France.","breadcrumb":{"@id":"https:\/\/drpillman.biz\/propecia.htm#breadcrumb"},"inLanguage":"fr-FR","potentialAction":[{"@type":"ReadAction","target":["https:\/\/drpillman.biz\/propecia.htm"]}]},{"@type":"BreadcrumbList","@id":"https:\/\/drpillman.biz\/propecia.htm#breadcrumb","itemListElement":[{"@type":"ListItem","position":1,"name":"Home","item":"https:\/\/drpillman.biz\/"},{"@type":"ListItem","position":2,"name":"Propecia"}]},{"@type":"WebSite","@id":"https:\/\/drpillman.biz\/#website","url":"https:\/\/drpillman.biz\/","name":"Dr.Pillman","description":"","potentialAction":[{"@type":"SearchAction","target":{"@type":"EntryPoint","urlTemplate":"https:\/\/drpillman.biz\/?s={search_term_string}"},"query-input":{"@type":"PropertyValueSpecification","valueRequired":true,"valueName":"search_term_string"}}],"inLanguage":"fr-FR"}]}},"_links":{"self":[{"href":"https:\/\/drpillman.biz\/fr\/wp-json\/wp\/v2\/pages\/157","targetHints":{"allow":["GET"]}}],"collection":[{"href":"https:\/\/drpillman.biz\/fr\/wp-json\/wp\/v2\/pages"}],"about":[{"href":"https:\/\/drpillman.biz\/fr\/wp-json\/wp\/v2\/types\/page"}],"author":[{"embeddable":true,"href":"https:\/\/drpillman.biz\/fr\/wp-json\/wp\/v2\/users\/3"}],"replies":[{"embeddable":true,"href":"https:\/\/drpillman.biz\/fr\/wp-json\/wp\/v2\/comments?post=157"}],"version-history":[{"count":0,"href":"https:\/\/drpillman.biz\/fr\/wp-json\/wp\/v2\/pages\/157\/revisions"}],"wp:attachment":[{"href":"https:\/\/drpillman.biz\/fr\/wp-json\/wp\/v2\/media?parent=157"}],"curies":[{"name":"wp","href":"https:\/\/api.w.org\/{rel}","templated":true}]}}