{"id":160,"date":"2013-02-15T07:25:58","date_gmt":"2013-02-15T07:25:58","guid":{"rendered":"https:\/\/drpillman.biz\/?page_id=160"},"modified":"2024-05-17T20:36:21","modified_gmt":"2024-05-17T19:36:21","slug":"propranolol","status":"publish","type":"page","link":"https:\/\/drpillman.biz\/fr\/propranolol.htm","title":{"rendered":"Propranolol"},"content":{"rendered":"<div id=\"content-center\">\n<div id=\"content-image\">\n\t\t\t\t\t<img decoding=\"async\" src=\"\/img\/Propranolol.jpg\" alt=\"Propranolol\">\t\t\t\t<\/div>\n<div id=\"content-description\">\n<h1>Propranolol<\/h1>\n<p> <code><a href=\"https:\/\/200pills.com\/search.html?lang=fr&#038;cur=EUR&#038;key=Propranolol\"> <button class=\"button-7\" role=\"button\">Cliquez ici pour acheter<\/button><\/a><\/code> <\/p>\n<div class=\"gray\"><\/div>\n<div class=\"clear\"><\/div>\n<div id=\"description\">\n\t\t\t\t\t\tSi vous souffrez d&#8217;anxi\u00e9t\u00e9, de panique, de tremblements des mains, d&#8217;hypertension, de douleurs thoraciques (angine de poitrine), de migraines, de troubles du rythme cardiaque et de certains probl\u00e8mes cardiovasculaires, votre m\u00e9decin pourrait vous prescrire du Propranolol, consid\u00e9r\u00e9 comme une avanc\u00e9e pionni\u00e8re en tant que b\u00eatabloquant lorsqu&#8217;il a \u00e9t\u00e9 d\u00e9couvert pour la premi\u00e8re fois dans les ann\u00e9es 60. Le nom g\u00e9n\u00e9rique est Propranolol Hydrochloride et est commercialis\u00e9 sous diff\u00e9rentes marques par plusieurs soci\u00e9t\u00e9s pharmaceutiques telles que Sandoz, Wyeth et AstraZenea (Inderal LA, Deralin, Sumial, InnPran XL, Bedrano SR, etc). Le propranolol est disponible sous forme de comprim\u00e9, de capsule orale \u00e0 lib\u00e9ration prolong\u00e9e, de solution orale et de concentr\u00e9 oral. Vous pouvez acheter l&#8217;un ou l&#8217;autre de ces m\u00e9dicaments ou opter pour le chlorhydrate de propranolol g\u00e9n\u00e9rique dans n&#8217;importe quelle pharmacie en ligne du Royaume-Uni, avec ou sans ordonnance.\t\t\t\t\t<\/div>\n<div id=\"additional\">\n\t\t\t\t\t\tSynonymes :<span> Inderal<\/span>\n\t\t\t\t\t<\/div>\n<\/p><\/div>\n<div class=\"clear\"><\/div>\n<h2>Posologie recommand\u00e9e pour les adultes<\/h2>\n<p>Les dosages ci-dessous pour les diff\u00e9rentes affections que le m\u00e9dicament peut traiter ne sont que des guides et il est conseill\u00e9 de consulter votre m\u00e9decin pour vous assurer que le dosage est adapt\u00e9 \u00e0 votre \u00e9tat de sant\u00e9 ou \u00e0 celui de votre enfant. Ceci peut vous servir de base pour commander la bonne quantit\u00e9 lorsque vous achetez du Propranolol dans n&#8217;importe quelle pharmacie en ligne du Royaume-Uni.<\/p>\n<p>-Pour l&#8217;hypertension : Dose initiale de 40 mg deux fois par jour ou de 80 mg une fois par jour, administr\u00e9e pr\u00e8s du coucher ;<br \/>\n-Pour l&#8217;angine de poitrine : dose quotidienne totale de 80 \u00e0 320 mg, 2 \u00e0 4 fois par jour ;<br \/>\n-Pour les arythmies : 10 mg au total, 3 \u00e0 4 fois par jour, administr\u00e9s avant les repas et avant le coucher ;<br \/>\n-Pour l&#8217;infarctus du myocarde : 180 \u00e0 240 mg par jour, r\u00e9partis en 3 ou 4 prises ;<br \/>\n-Pour la prophylaxie de la migraine : Pour la prophylaxie de la migraine : dose initiale de 90 mg par jour suivie d&#8217;une dose d&#8217;entretien de 160-240 mg par jour r\u00e9partie en plusieurs prises au cours de la journ\u00e9e ;<br \/>\n-Pour le tremblement essentiel b\u00e9nin : Dose initiale de 40 mg deux fois par jour et dose d&#8217;entretien de 120 \u00e0 320 mg par jour<br \/>\n-Pour la st\u00e9nose aortique : 20-40 mg au total, 3-4 fois par jour, avant les repas et au coucher ;<br \/>\n-Pour le ph\u00e9ochromocytome : dose pr\u00e9op\u00e9ratoire de 60 mg par jour 3 jours avant l&#8217;intervention chirurgicale, et 30 mg par jour pour la prise en charge de la tumeur inop\u00e9rable ;<\/p>\n<h2>Posologie p\u00e9diatrique recommand\u00e9e<\/h2>\n<p>-Pour les arythmies : Pour les arythmies : dose initiale de 0.Pour la migraine : dose initiale de 5 \u00e0 1 mg\/kg par jour toutes les 6 \u00e0 9 heures, suivie d&#8217;une dose d&#8217;entretien de 2 \u00e0 4 mg\/kg par jour, qui peut \u00eatre augment\u00e9e sans d\u00e9passer 16 mg\/kg par jour ;<br \/>\n-Pour l&#8217;hypertension : Dose initiale de 0.5 \u00e0 1 mg\/kg par jour toutes les 6 \u00e0 12 heures, qui peut \u00eatre augment\u00e9 progressivement chaque semaine pour atteindre une dose habituelle de 1 \u00e0 5 mg.lg par jour jusqu&#8217;\u00e0 un maximum de 8 mg\/kg par jour ;<br \/>\n-En cas de thyrotoxicose : 2 mg\/kg par jour toutes les 6-12 heures pour les nourrissons et 10-40 mg toutes les 8 heures pour les adolescents.<\/p>\n<h2>Effets secondaires<\/h2>\n<p>Le propranolol, comme tout m\u00e9dicament prescrit, est connu pour provoquer des effets secondaires chez certaines personnes plus que chez d&#8217;autres. La liste des effets secondaires pr\u00e9sent\u00e9e ici n&#8217;est pas exhaustive, mais si vous pr\u00e9sentez des battements cardiaques irr\u00e9guliers, des \u00e9vanouissements et des vertiges, des vomissements, un essoufflement m\u00eame lors d&#8217;un travail l\u00e9ger, un gonflement des chevilles, des \u00e9ruptions cutan\u00e9es graves, des br\u00fblures oculaires, une g\u00eane abdominale, un jaunissement des yeux et de la peau, des urines fonc\u00e9es ou une sensation de froid dans les mains ou les pieds, vous devez imm\u00e9diatement consulter votre m\u00e9decin. D&#8217;autres effets secondaires tels que la d\u00e9pression, les hallucinations ou la confusion peuvent \u00e9galement survenir. Les effets secondaires moins graves peuvent inclure des naus\u00e9es, des diarrh\u00e9es, une diminution de la libido, l&#8217;impuissance, des probl\u00e8mes de sommeil, la constipation ou la fatigue.<\/p>\n<h2>Attention<\/h2>\n<p>Si vous \u00eates allergique au chlorhydrate de propranolol, si vous souffrez d&#8217;asthme, d&#8217;un ralentissement du rythme cardiaque ou de toute affection cardiaque grave telle que le \u00ab syndrome des sinus malades \u00bb, vous ne devez pas prendre de propranolol. Si vous \u00eates diab\u00e9tique, si vous souffrez d&#8217;hypotension chronique, de troubles de la thyro\u00efde, de probl\u00e8mes respiratoires, de probl\u00e8mes h\u00e9patiques ou r\u00e9naux, de probl\u00e8mes de circulation sanguine et de troubles cardiaques congestifs, veillez \u00e0 en informer votre m\u00e9decin avant qu&#8217;il ne vous prescrive du Propranolol.<\/p>\n<p>Les b\u00eata-bloquants sont connus pour d\u00e9tendre le muscle cardiaque et constricter le muscle lisse, et ont montr\u00e9 des effets additifs lorsqu&#8217;ils sont pris avec d&#8217;autres m\u00e9dicaments pour diminuer la pression art\u00e9rielle, ou diminuer la conductivit\u00e9 ou la contractilit\u00e9 du c\u0153ur. Des r\u00e9actions significatives se produisent avec le v\u00e9rapamil, l&#8217;\u00e9pin\u00e9phrine et les agonistes des r\u00e9cepteurs b\u00eata 2 adr\u00e9nergiques tels que le formot\u00e9rol, le slm\u00e9t\u00e9rol, le salbutamol, le l\u00e9vosalbutamol, etc. ainsi que des anti-inflammatoires non st\u00e9ro\u00efdiens, de la rifampicine, de la lidoca\u00efne, de la sim\u00e9tidine et de la clonidine. La coadministration avec la fluvoxamine ralentit le m\u00e9tabolisme du chlorhydrate de propranolol, ce qui se traduit par des taux \u00e9lev\u00e9s dans le sang. Bien que vous puissiez acheter le chlorhydrate de Propranolol ou son \u00e9quivalent g\u00e9n\u00e9rique dans les magasins britanniques sans ordonnance, il est pr\u00e9f\u00e9rable de consulter votre m\u00e9decin pour v\u00e9rifier si un m\u00e9dicament que vous prenez est susceptible de causer des probl\u00e8mes lors de la prise de Propranolol.<\/p>\n<\/p><\/div>\n<h2>La qu\u00eate du Propranolol sans ordonnance : un espoir d\u00e9\u00e7u en France<\/h2>\n<p>Dans le labyrinthe des r\u00e9gulations pharmaceutiques, nombreux sont ceux qui cherchent \u00e0 d\u00e9verrouiller le myst\u00e8re du Propranolol sans ordonnance en France. Cependant, cette qu\u00eate, empreinte d&#8217;une certaine confusion et d&#8217;un d\u00e9sir explosif de libert\u00e9, se heurte \u00e0 une r\u00e9alit\u00e9 implacable. Le Propranolol, un b\u00eata-bloquant aux multiples vertus th\u00e9rapeutiques, demeure sous le contr\u00f4le strict de l&#8217;ordonnance m\u00e9dicale. En d&#8217;autres termes, l&#8217;acquisition de ce m\u00e9dicament sans l&#8217;aval d&#8217;un prescripteur qualifi\u00e9 est strictement interdite.<br \/>\nLa France, avec sa rigueur et son sens aigu du bien-\u00eatre collectif, impose des contraintes r\u00e9glementaires qui, bien qu&#8217;apparemment restrictives, visent \u00e0 garantir la s\u00e9curit\u00e9 et l&#8217;efficacit\u00e9 des traitements. Le Propranolol, en tant que mol\u00e9cule \u00e0 usage th\u00e9rapeutique, est r\u00e9serv\u00e9 aux cas pr\u00e9cis et individualis\u00e9s, o\u00f9 son utilisation est jug\u00e9e n\u00e9cessaire et s\u00e9curis\u00e9e par un professionnel de la sant\u00e9.<br \/>\nAinsi, malgr\u00e9 les appels \u00e0 la d\u00e9mocratisation de l&#8217;acc\u00e8s aux m\u00e9dicaments, le Propranolol sans ordonnance reste un mirage dans les rues pav\u00e9es de la pharmacop\u00e9e fran\u00e7aise. La r\u00e9ponse \u00e0 cette interrogation, empreinte d&#8217;\u00e9motion et de d\u00e9sir, est claire : en France, le Propranolol ne peut \u00eatre achet\u00e9 sans l&#8217;approbation d&#8217;une ordonnance m\u00e9dicale.<\/p>\n","protected":false},"excerpt":{"rendered":"<p>Propranolol Cliquez ici pour acheter Si vous souffrez d&#8217;anxi\u00e9t\u00e9, de panique, de tremblements des mains, d&#8217;hypertension, de douleurs thoraciques (angine<\/p>\n","protected":false},"author":3,"featured_media":0,"parent":0,"menu_order":0,"comment_status":"closed","ping_status":"closed","template":"","meta":{"_lmt_disableupdate":"no","_lmt_disable":"no","footnotes":""},"class_list":["post-160","page","type-page","status-publish","hentry"],"translation":{"provider":"WPGlobus","version":"3.0.2","language":"fr","enabled_languages":["en","es","fr"],"languages":{"en":{"title":true,"content":true,"excerpt":false},"es":{"title":true,"content":true,"excerpt":false},"fr":{"title":true,"content":true,"excerpt":false}}},"yoast_head":"<!-- This site is optimized with the Yoast SEO plugin v27.4 - https:\/\/yoast.com\/product\/yoast-seo-wordpress\/ -->\n<title>Acheter Propranolol 10, 20, 40 et 80 mg en ligne sans ordonnance en France<\/title>\n<meta name=\"description\" content=\"Le chlorhydrate de propranolol est un b\u00eata-bloquant utilis\u00e9 pour les patients souffrant d&#039;hypertension art\u00e9rielle, d&#039;angine de poitrine et de certaines maladies cardiaques. Vous pouvez \u00e9galement acheter du propranolol en ligne pour r\u00e9duire la gravit\u00e9 des migraines.\" \/>\n<meta name=\"robots\" content=\"index, follow, max-snippet:-1, max-image-preview:large, max-video-preview:-1\" \/>\n<link rel=\"canonical\" href=\"https:\/\/drpillman.biz\/propranolol.htm\" \/>\n<meta property=\"og:locale\" content=\"fr_FR\" \/>\n<meta property=\"og:type\" content=\"article\" \/>\n<meta property=\"og:title\" content=\"Acheter Propranolol 10, 20, 40 et 80 mg en ligne sans ordonnance en France\" \/>\n<meta property=\"og:description\" content=\"Le chlorhydrate de propranolol est un b\u00eata-bloquant utilis\u00e9 pour les patients souffrant d&#039;hypertension art\u00e9rielle, d&#039;angine de poitrine et de certaines maladies cardiaques. Vous pouvez \u00e9galement acheter du propranolol en ligne pour r\u00e9duire la gravit\u00e9 des migraines.\" \/>\n<meta property=\"og:url\" content=\"https:\/\/drpillman.biz\/propranolol.htm\" \/>\n<meta property=\"og:site_name\" content=\"Dr.Pillman\" \/>\n<meta property=\"article:modified_time\" content=\"2024-05-17T19:36:21+00:00\" \/>\n<meta name=\"twitter:card\" content=\"summary_large_image\" \/>\n<script type=\"application\/ld+json\" class=\"yoast-schema-graph\">{\"@context\":\"https:\\\/\\\/schema.org\",\"@graph\":[{\"@type\":\"WebPage\",\"@id\":\"https:\\\/\\\/drpillman.biz\\\/propranolol.htm\",\"url\":\"https:\\\/\\\/drpillman.biz\\\/propranolol.htm\",\"name\":\"Calm your nerves with Propranolol Hydrochloride: Buy it at UK Online Drugstores\",\"isPartOf\":{\"@id\":\"http:\\\/\\\/drpillman.biz\\\/#website\"},\"datePublished\":\"2013-02-15T07:25:58+00:00\",\"dateModified\":\"2024-05-17T19:36:21+00:00\",\"description\":\"Le chlorhydrate de propranolol est un b\u00eata-bloquant utilis\u00e9 pour les patients souffrant d'hypertension art\u00e9rielle, d'angine de poitrine et de certaines maladies cardiaques. Vous pouvez \u00e9galement acheter du propranolol en ligne pour r\u00e9duire la gravit\u00e9 des migraines.\",\"breadcrumb\":{\"@id\":\"https:\\\/\\\/drpillman.biz\\\/propranolol.htm#breadcrumb\"},\"inLanguage\":\"fr-FR\",\"potentialAction\":[{\"@type\":\"ReadAction\",\"target\":[\"https:\\\/\\\/drpillman.biz\\\/propranolol.htm\"]}]},{\"@type\":\"BreadcrumbList\",\"@id\":\"https:\\\/\\\/drpillman.biz\\\/propranolol.htm#breadcrumb\",\"itemListElement\":[{\"@type\":\"ListItem\",\"position\":1,\"name\":\"Home\",\"item\":\"http:\\\/\\\/drpillman.biz\\\/\"},{\"@type\":\"ListItem\",\"position\":2,\"name\":\"Propranolol\"}]},{\"@type\":\"WebSite\",\"@id\":\"http:\\\/\\\/drpillman.biz\\\/#website\",\"url\":\"http:\\\/\\\/drpillman.biz\\\/\",\"name\":\"Dr.Pillman\",\"description\":\"\",\"potentialAction\":[{\"@type\":\"SearchAction\",\"target\":{\"@type\":\"EntryPoint\",\"urlTemplate\":\"http:\\\/\\\/drpillman.biz\\\/?s={search_term_string}\"},\"query-input\":{\"@type\":\"PropertyValueSpecification\",\"valueRequired\":true,\"valueName\":\"search_term_string\"}}],\"inLanguage\":\"fr-FR\"}]}<\/script>\n<!-- \/ Yoast SEO plugin. -->","yoast_head_json":{"title":"Acheter Propranolol 10, 20, 40 et 80 mg en ligne sans ordonnance en France","description":"Le chlorhydrate de propranolol est un b\u00eata-bloquant utilis\u00e9 pour les patients souffrant d'hypertension art\u00e9rielle, d'angine de poitrine et de certaines maladies cardiaques. Vous pouvez \u00e9galement acheter du propranolol en ligne pour r\u00e9duire la gravit\u00e9 des migraines.","robots":{"index":"index","follow":"follow","max-snippet":"max-snippet:-1","max-image-preview":"max-image-preview:large","max-video-preview":"max-video-preview:-1"},"canonical":"https:\/\/drpillman.biz\/propranolol.htm","og_locale":"fr_FR","og_type":"article","og_title":"Acheter Propranolol 10, 20, 40 et 80 mg en ligne sans ordonnance en France","og_description":"Le chlorhydrate de propranolol est un b\u00eata-bloquant utilis\u00e9 pour les patients souffrant d'hypertension art\u00e9rielle, d'angine de poitrine et de certaines maladies cardiaques. Vous pouvez \u00e9galement acheter du propranolol en ligne pour r\u00e9duire la gravit\u00e9 des migraines.","og_url":"https:\/\/drpillman.biz\/propranolol.htm","og_site_name":"Dr.Pillman","article_modified_time":"2024-05-17T19:36:21+00:00","twitter_card":"summary_large_image","schema":{"@context":"https:\/\/schema.org","@graph":[{"@type":"WebPage","@id":"https:\/\/drpillman.biz\/propranolol.htm","url":"https:\/\/drpillman.biz\/propranolol.htm","name":"Calm your nerves with Propranolol Hydrochloride: Buy it at UK Online Drugstores","isPartOf":{"@id":"http:\/\/drpillman.biz\/#website"},"datePublished":"2013-02-15T07:25:58+00:00","dateModified":"2024-05-17T19:36:21+00:00","description":"Le chlorhydrate de propranolol est un b\u00eata-bloquant utilis\u00e9 pour les patients souffrant d'hypertension art\u00e9rielle, d'angine de poitrine et de certaines maladies cardiaques. Vous pouvez \u00e9galement acheter du propranolol en ligne pour r\u00e9duire la gravit\u00e9 des migraines.","breadcrumb":{"@id":"https:\/\/drpillman.biz\/propranolol.htm#breadcrumb"},"inLanguage":"fr-FR","potentialAction":[{"@type":"ReadAction","target":["https:\/\/drpillman.biz\/propranolol.htm"]}]},{"@type":"BreadcrumbList","@id":"https:\/\/drpillman.biz\/propranolol.htm#breadcrumb","itemListElement":[{"@type":"ListItem","position":1,"name":"Home","item":"http:\/\/drpillman.biz\/"},{"@type":"ListItem","position":2,"name":"Propranolol"}]},{"@type":"WebSite","@id":"http:\/\/drpillman.biz\/#website","url":"http:\/\/drpillman.biz\/","name":"Dr.Pillman","description":"","potentialAction":[{"@type":"SearchAction","target":{"@type":"EntryPoint","urlTemplate":"http:\/\/drpillman.biz\/?s={search_term_string}"},"query-input":{"@type":"PropertyValueSpecification","valueRequired":true,"valueName":"search_term_string"}}],"inLanguage":"fr-FR"}]}},"_links":{"self":[{"href":"https:\/\/drpillman.biz\/fr\/wp-json\/wp\/v2\/pages\/160","targetHints":{"allow":["GET"]}}],"collection":[{"href":"https:\/\/drpillman.biz\/fr\/wp-json\/wp\/v2\/pages"}],"about":[{"href":"https:\/\/drpillman.biz\/fr\/wp-json\/wp\/v2\/types\/page"}],"author":[{"embeddable":true,"href":"https:\/\/drpillman.biz\/fr\/wp-json\/wp\/v2\/users\/3"}],"replies":[{"embeddable":true,"href":"https:\/\/drpillman.biz\/fr\/wp-json\/wp\/v2\/comments?post=160"}],"version-history":[{"count":0,"href":"https:\/\/drpillman.biz\/fr\/wp-json\/wp\/v2\/pages\/160\/revisions"}],"wp:attachment":[{"href":"https:\/\/drpillman.biz\/fr\/wp-json\/wp\/v2\/media?parent=160"}],"curies":[{"name":"wp","href":"https:\/\/api.w.org\/{rel}","templated":true}]}}