{"id":166,"date":"2013-08-24T06:46:36","date_gmt":"2013-08-24T05:46:36","guid":{"rendered":"https:\/\/drpillman.biz\/?page_id=166"},"modified":"2024-05-17T20:40:02","modified_gmt":"2024-05-17T19:40:02","slug":"reglan","status":"publish","type":"page","link":"https:\/\/drpillman.biz\/fr\/reglan.htm","title":{"rendered":"Reglan"},"content":{"rendered":"<div id=\"content-center\">\n<div id=\"content-image\">\n\t\t\t\t\t<img decoding=\"async\" src=\"\/img\/Reglan.jpg\" alt=\"Reglan\">\t\t\t\t<\/div>\n<div id=\"content-description\">\n<h1>Reglan<\/h1>\n<p> <code><a href=\"https:\/\/200pills.com\/search.html?lang=fr&#038;cur=EUR&#038;key=Reglan\"> <button class=\"button-7\" role=\"button\">Cliquez ici pour acheter<\/button><\/a><\/code><\/p>\n<div class=\"clear\"><\/div>\n<div id=\"description\">\n\t\t\t\t\t\tReglan (principe actif : chlorhydrate de m\u00e9toclopramide) est utilis\u00e9 pour le traitement des br\u00fblures d&#8217;estomac, en particulier lorsqu&#8217;elles sont caus\u00e9es par un reflux gastro-\u0153sophagien. Ce m\u00e9dicament doit \u00eatre pris pendant plusieurs semaines, conform\u00e9ment \u00e0 la prescription de votre m\u00e9decin ou aux indications figurant sur l&#8217;\u00e9tiquette du m\u00e9dicament que vous achetez. \t\t\t\t\t<\/div>\n<div id=\"additional\">\n\t\t\t\t\t\tSynonymes :<span> M\u00e9toclopramide<\/span>\n\t\t\t\t\t<\/div>\n<\/p><\/div>\n<div class=\"clear\"><\/div>\n<p>Le Reglan (principe actif : chlorhydrate de m\u00e9toclopramide) est utilis\u00e9 pour le traitement des br\u00fblures d&#8217;estomac chez les patients souffrant de reflux gastro-\u0153sophagien. Ce m\u00e9dicament est g\u00e9n\u00e9ralement prescrit apr\u00e8s que le patient n&#8217;a pas b\u00e9n\u00e9fici\u00e9 d&#8217;autres m\u00e9dicaments prescrits dans le m\u00eame but. Le Reglan est destin\u00e9 \u00e0 soulager les sympt\u00f4mes \u00e0 court terme. Il agit en acc\u00e9l\u00e9rant le processus de vidange de l&#8217;estomac, ce qui favorise une am\u00e9lioration significative des sympt\u00f4mes. Lorsque vous achetez du Reglan en ligne, vous devez garder \u00e0 l&#8217;esprit que la p\u00e9riode maximale pendant laquelle le traitement peut \u00eatre poursuivi est de 12 semaines. Apr\u00e8s cette p\u00e9riode, vous devez consulter votre m\u00e9decin pour savoir s&#8217;il est judicieux de continuer \u00e0 prendre du Reglan pour soulager vos sympt\u00f4mes. Avant d&#8217;acheter du chlorhydrate de m\u00e9toclopramide (Reglan), chaque patient doit \u00e9galement s&#8217;interroger sur la pr\u00e9sence d&#8217;autres probl\u00e8mes m\u00e9dicaux susceptibles d&#8217;entraver le succ\u00e8s du traitement. Les conditions suivantes doivent \u00eatre prises en compte : maladie de Parkinson, insuffisance cardiaque congestive, hypertension art\u00e9rielle, maladie r\u00e9nale, maladie h\u00e9patique ou diab\u00e8te. Pour que le Reglan soit le plus efficace possible, il faut le prendre une demi-heure avant les repas. Il se peut que vous deviez prendre la derni\u00e8re dose au coucher, sans la faire suivre d&#8217;un repas. Il peut \u00e9galement vous \u00eatre recommand\u00e9 de ne prendre du Reglan que lorsque vous prenez un repas qui provoquerait normalement des br\u00fblures d&#8217;estomac. Lorsque vous achetez du Reglan en ligne, assurez-vous de choisir la forme que vous allez prendre. Il est inacceptable de combiner deux formes diff\u00e9rentes de Reglan (comme les comprim\u00e9s et le sirop).<\/p>\n<h2>Effets secondaires<\/h2>\n<p>Le Reglan peut provoquer des effets secondaires dont l&#8217;intensit\u00e9 varie d&#8217;un patient \u00e0 l&#8217;autre. Les patients prenant du Reglan doivent signaler \u00e0 leur m\u00e9decin tout effet secondaire rare suivant : muscles rigides, confusion, transpiration, jaunisse, crise d&#8217;\u00e9pilepsie, anxi\u00e9t\u00e9 et hallucinations. Les effets secondaires l\u00e9gers du Reglan sont assez rares mais toujours possibles, notamment la somnolence, l&#8217;agitation, l&#8217;insomnie, les naus\u00e9es, les vomissements, la diarrh\u00e9e et les maux de t\u00eate. Le Reglan peut \u00eatre administr\u00e9 sous forme de comprim\u00e9s ou de capsules, qui ont tendance \u00e0 dispara\u00eetre rapidement sans trop d\u00e9ranger le patient.<\/p>\n<\/p><\/div>\n<h2>La D\u00e9couverte Inattendue : Le Reglan Disponible &#8220;Sans Ordonnance&#8221; en France ?<\/h2>\n<p>Dans le labyrinthe des r\u00e9gulations pharmaceutiques, un myst\u00e8re \u00e9merge : est-il envisageable de se procurer le Reglan, cette panac\u00e9e aux vertus gastro-stimulantes, sans avoir besoin de l&#8217;aval d&#8217;un prescripteur comp\u00e9tent ? La r\u00e9ponse, comme un m\u00e9dicament \u00e0 effets secondaires ind\u00e9sirables, n&#8217;est pas aussi simple qu&#8217;elle en a l&#8217;air.<br \/>\nLe Reglan, ou m\u00e9toclopramide, est un agent prokin\u00e9tique au potentiel d&#8217;all\u00e9ger les maux d&#8217;estomac, mais sa disponibilit\u00e9 sans ordonnance en France est une question qui requiert une exploration approfondie. Les autorit\u00e9s sanitaires, avec leur vigilance m\u00e9ticuleuse, ont class\u00e9 le Reglan comme m\u00e9dicament d\u00e9livr\u00e9 uniquement sur ordonnance, en raison de ses risques potentiels, tels que les syndromes dystoniques et les troubles psychiatriques.<br \/>\nCependant, dans un \u00e9trange tourbillon de l\u00e9gislations et de pratiques m\u00e9dicales, il existe des cas o\u00f9 le Reglan a \u00e9t\u00e9 obtenu sans ordonnance, bien que cela rel\u00e8ve davantage d&#8217;une exception que d&#8217;une r\u00e8gle. Il est crucial de comprendre que la consommation de ce type de m\u00e9dicament sans supervision m\u00e9dicale appropri\u00e9e peut entra\u00eener des cons\u00e9quences impr\u00e9vues et dangereuses.<br \/>\nEn fin de compte, bien que la tentation d&#8217;acc\u00e9der au Reglan sans ordonnance puisse \u00eatre irr\u00e9sistible pour certains, il est essentiel de respecter les r\u00e8gles \u00e9tablies et de recourir \u00e0 l&#8217;avis d&#8217;un professionnel de la sant\u00e9. La prudence est de mise, car la vie n&#8217;est pas un jeu de hasard, et la prise de m\u00e9dicaments sans ordonnance peut s&#8217;av\u00e9rer \u00eatre une partie risqu\u00e9e \u00e0 jouer.<\/p>\n","protected":false},"excerpt":{"rendered":"<p>Reglan Cliquez ici pour acheter Reglan (principe actif : chlorhydrate de m\u00e9toclopramide) est utilis\u00e9 pour le traitement des br\u00fblures d&#8217;estomac,<\/p>\n","protected":false},"author":3,"featured_media":0,"parent":0,"menu_order":0,"comment_status":"closed","ping_status":"closed","template":"","meta":{"_lmt_disableupdate":"no","_lmt_disable":"no","footnotes":""},"class_list":["post-166","page","type-page","status-publish","hentry"],"translation":{"provider":"WPGlobus","version":"3.0.2","language":"fr","enabled_languages":["en","es","fr"],"languages":{"en":{"title":true,"content":true,"excerpt":false},"es":{"title":true,"content":true,"excerpt":false},"fr":{"title":true,"content":true,"excerpt":false}}},"yoast_head":"<!-- This site is optimized with the Yoast SEO plugin v27.4 - https:\/\/yoast.com\/product\/yoast-seo-wordpress\/ -->\n<title>Acheter Reglan 10 mg en ligne sans ordonnance en France<\/title>\n<meta name=\"description\" content=\"Reglan est un m\u00e9dicament pour le traitement \u00e0 court terme des br\u00fblures d&#039;estomac. Vous pouvez acheter du chlorhydrate de m\u00e9toclopramide en ligne pour que vos sympt\u00f4mes soient soulag\u00e9s et vous assurer qu&#039;ils ne vous d\u00e9rangent plus.\" \/>\n<meta name=\"robots\" content=\"index, follow, max-snippet:-1, max-image-preview:large, max-video-preview:-1\" \/>\n<link rel=\"canonical\" href=\"http:\/\/drpillman.biz\/es\/reglan.htm\" \/>\n<meta property=\"og:locale\" content=\"fr_FR\" \/>\n<meta property=\"og:type\" content=\"article\" \/>\n<meta property=\"og:title\" content=\"Acheter Reglan 10 mg en ligne sans ordonnance en France\" \/>\n<meta property=\"og:description\" content=\"Reglan est un m\u00e9dicament pour le traitement \u00e0 court terme des br\u00fblures d&#039;estomac. Vous pouvez acheter du chlorhydrate de m\u00e9toclopramide en ligne pour que vos sympt\u00f4mes soient soulag\u00e9s et vous assurer qu&#039;ils ne vous d\u00e9rangent plus.\" \/>\n<meta property=\"og:url\" content=\"http:\/\/drpillman.biz\/es\/reglan.htm\" \/>\n<meta property=\"og:site_name\" content=\"Dr.Pillman\" \/>\n<meta property=\"article:modified_time\" content=\"2024-05-17T19:40:02+00:00\" \/>\n<meta name=\"twitter:card\" content=\"summary_large_image\" \/>\n<script type=\"application\/ld+json\" class=\"yoast-schema-graph\">{\"@context\":\"https:\\\/\\\/schema.org\",\"@graph\":[{\"@type\":\"WebPage\",\"@id\":\"http:\\\/\\\/drpillman.biz\\\/es\\\/reglan.htm\",\"url\":\"http:\\\/\\\/drpillman.biz\\\/es\\\/reglan.htm\",\"name\":\"Puede comprar f\u00e1cilmente Reglan en l\u00ednea y disfrutar pagando un precio muy justo por la cantidad requerida\",\"isPartOf\":{\"@id\":\"http:\\\/\\\/drpillman.biz\\\/#website\"},\"datePublished\":\"2013-08-24T05:46:36+00:00\",\"dateModified\":\"2024-05-17T19:40:02+00:00\",\"description\":\"Reglan est un m\u00e9dicament pour le traitement \u00e0 court terme des br\u00fblures d'estomac. Vous pouvez acheter du chlorhydrate de m\u00e9toclopramide en ligne pour que vos sympt\u00f4mes soient soulag\u00e9s et vous assurer qu'ils ne vous d\u00e9rangent plus.\",\"breadcrumb\":{\"@id\":\"http:\\\/\\\/drpillman.biz\\\/es\\\/reglan.htm#breadcrumb\"},\"inLanguage\":\"fr-FR\",\"potentialAction\":[{\"@type\":\"ReadAction\",\"target\":[\"http:\\\/\\\/drpillman.biz\\\/es\\\/reglan.htm\"]}]},{\"@type\":\"BreadcrumbList\",\"@id\":\"http:\\\/\\\/drpillman.biz\\\/es\\\/reglan.htm#breadcrumb\",\"itemListElement\":[{\"@type\":\"ListItem\",\"position\":1,\"name\":\"Home\",\"item\":\"http:\\\/\\\/drpillman.biz\\\/\"},{\"@type\":\"ListItem\",\"position\":2,\"name\":\"Reglan\"}]},{\"@type\":\"WebSite\",\"@id\":\"http:\\\/\\\/drpillman.biz\\\/#website\",\"url\":\"http:\\\/\\\/drpillman.biz\\\/\",\"name\":\"Dr.Pillman\",\"description\":\"\",\"potentialAction\":[{\"@type\":\"SearchAction\",\"target\":{\"@type\":\"EntryPoint\",\"urlTemplate\":\"http:\\\/\\\/drpillman.biz\\\/?s={search_term_string}\"},\"query-input\":{\"@type\":\"PropertyValueSpecification\",\"valueRequired\":true,\"valueName\":\"search_term_string\"}}],\"inLanguage\":\"fr-FR\"}]}<\/script>\n<!-- \/ Yoast SEO plugin. -->","yoast_head_json":{"title":"Acheter Reglan 10 mg en ligne sans ordonnance en France","description":"Reglan est un m\u00e9dicament pour le traitement \u00e0 court terme des br\u00fblures d'estomac. Vous pouvez acheter du chlorhydrate de m\u00e9toclopramide en ligne pour que vos sympt\u00f4mes soient soulag\u00e9s et vous assurer qu'ils ne vous d\u00e9rangent plus.","robots":{"index":"index","follow":"follow","max-snippet":"max-snippet:-1","max-image-preview":"max-image-preview:large","max-video-preview":"max-video-preview:-1"},"canonical":"http:\/\/drpillman.biz\/es\/reglan.htm","og_locale":"fr_FR","og_type":"article","og_title":"Acheter Reglan 10 mg en ligne sans ordonnance en France","og_description":"Reglan est un m\u00e9dicament pour le traitement \u00e0 court terme des br\u00fblures d'estomac. Vous pouvez acheter du chlorhydrate de m\u00e9toclopramide en ligne pour que vos sympt\u00f4mes soient soulag\u00e9s et vous assurer qu'ils ne vous d\u00e9rangent plus.","og_url":"http:\/\/drpillman.biz\/es\/reglan.htm","og_site_name":"Dr.Pillman","article_modified_time":"2024-05-17T19:40:02+00:00","twitter_card":"summary_large_image","schema":{"@context":"https:\/\/schema.org","@graph":[{"@type":"WebPage","@id":"http:\/\/drpillman.biz\/es\/reglan.htm","url":"http:\/\/drpillman.biz\/es\/reglan.htm","name":"Puede comprar f\u00e1cilmente Reglan en l\u00ednea y disfrutar pagando un precio muy justo por la cantidad requerida","isPartOf":{"@id":"http:\/\/drpillman.biz\/#website"},"datePublished":"2013-08-24T05:46:36+00:00","dateModified":"2024-05-17T19:40:02+00:00","description":"Reglan est un m\u00e9dicament pour le traitement \u00e0 court terme des br\u00fblures d'estomac. Vous pouvez acheter du chlorhydrate de m\u00e9toclopramide en ligne pour que vos sympt\u00f4mes soient soulag\u00e9s et vous assurer qu'ils ne vous d\u00e9rangent plus.","breadcrumb":{"@id":"http:\/\/drpillman.biz\/es\/reglan.htm#breadcrumb"},"inLanguage":"fr-FR","potentialAction":[{"@type":"ReadAction","target":["http:\/\/drpillman.biz\/es\/reglan.htm"]}]},{"@type":"BreadcrumbList","@id":"http:\/\/drpillman.biz\/es\/reglan.htm#breadcrumb","itemListElement":[{"@type":"ListItem","position":1,"name":"Home","item":"http:\/\/drpillman.biz\/"},{"@type":"ListItem","position":2,"name":"Reglan"}]},{"@type":"WebSite","@id":"http:\/\/drpillman.biz\/#website","url":"http:\/\/drpillman.biz\/","name":"Dr.Pillman","description":"","potentialAction":[{"@type":"SearchAction","target":{"@type":"EntryPoint","urlTemplate":"http:\/\/drpillman.biz\/?s={search_term_string}"},"query-input":{"@type":"PropertyValueSpecification","valueRequired":true,"valueName":"search_term_string"}}],"inLanguage":"fr-FR"}]}},"_links":{"self":[{"href":"https:\/\/drpillman.biz\/fr\/wp-json\/wp\/v2\/pages\/166","targetHints":{"allow":["GET"]}}],"collection":[{"href":"https:\/\/drpillman.biz\/fr\/wp-json\/wp\/v2\/pages"}],"about":[{"href":"https:\/\/drpillman.biz\/fr\/wp-json\/wp\/v2\/types\/page"}],"author":[{"embeddable":true,"href":"https:\/\/drpillman.biz\/fr\/wp-json\/wp\/v2\/users\/3"}],"replies":[{"embeddable":true,"href":"https:\/\/drpillman.biz\/fr\/wp-json\/wp\/v2\/comments?post=166"}],"version-history":[{"count":0,"href":"https:\/\/drpillman.biz\/fr\/wp-json\/wp\/v2\/pages\/166\/revisions"}],"wp:attachment":[{"href":"https:\/\/drpillman.biz\/fr\/wp-json\/wp\/v2\/media?parent=166"}],"curies":[{"name":"wp","href":"https:\/\/api.w.org\/{rel}","templated":true}]}}