{"id":169,"date":"2013-10-17T12:35:56","date_gmt":"2013-10-17T11:35:56","guid":{"rendered":"https:\/\/drpillman.biz\/?page_id=169"},"modified":"2024-05-17T20:41:49","modified_gmt":"2024-05-17T19:41:49","slug":"risperdal","status":"publish","type":"page","link":"https:\/\/drpillman.biz\/fr\/risperdal.htm","title":{"rendered":"Risperdal"},"content":{"rendered":"<div id=\"content-center\">\n<div id=\"content-image\">\n\t\t\t\t\t<img decoding=\"async\" src=\"\/img\/Risperdal.jpg\" alt=\"Risperdal\">\t\t\t\t<\/div>\n<div id=\"content-description\">\n<h1>Risperdal<\/h1>\n<p> <code><a href=\"https:\/\/200pills.com\/search.html?lang=fr&#038;cur=EUR&#038;key=Risperdal\"> <button class=\"button-7\" role=\"button\">Cliquez ici pour acheter<\/button><\/a><\/code><\/p>\n<div class=\"clear\"><\/div>\n<div id=\"description\">\n\t\t\t\t\t\tRisperdal est un m\u00e9dicament antipsychotique utilis\u00e9 pour le traitement de l&#8217;autisme, des troubles bipolaires et de la schizophr\u00e9nie. Il peut \u00eatre associ\u00e9 \u00e0 d&#8217;autres m\u00e9dicaments d\u00e9livr\u00e9s sur ordonnance pour traiter l&#8217;une de ces affections si le prestataire de soins de sant\u00e9 le juge n\u00e9cessaire en fonction des besoins individuels du patient.\t\t\t\t\t<\/div>\n<div id=\"additional\">\n\t\t\t\t\t\tSynonymes :<span> Risperidone<\/span>\n\t\t\t\t\t<\/div>\n<\/p><\/div>\n<div class=\"clear\"><\/div>\n<p>Risperdal (risp\u00e9ridone) est un rem\u00e8de puissant utilis\u00e9 pour le traitement des affections caus\u00e9es par un d\u00e9s\u00e9quilibre des substances chimiques dans le cerveau. Avant de vous d\u00e9cider \u00e0 acheter du Risperdal 1 mg ou 2 mg en ligne, vous devez savoir exactement \u00e0 quoi il peut servir et si vos sympt\u00f4mes indiquent une condition sp\u00e9cifique contre laquelle il est cens\u00e9 \u00eatre efficace. Risperdal est class\u00e9 comme un m\u00e9dicament antipsychotique atypique qui pr\u00e9sente moins d&#8217;effets secondaires. Risperdal 1 mg ou 2 mg peut \u00eatre utilis\u00e9 pour traiter la manie bipolaire, la schizophr\u00e9nie, l&#8217;irritabilit\u00e9 associ\u00e9e \u00e0 l&#8217;autisme et certaines autres conditions caus\u00e9es par une communication anormale entre les nerfs du cerveau. En outre, les comprim\u00e9s de Risperdal sont disponibles \u00e0 des doses allant de 0 \u00e0 2 mg.Ce m\u00e9dicament se pr\u00e9sente sous la forme de comprim\u00e9s de 25 mg \u00e0 4 mg ; il existe \u00e9galement une solution orale de Risperdal, des comprim\u00e9s \u00e0 d\u00e9sint\u00e9gration de Risperdal et de la poudre injectable de Risperdal. Le mode d&#8217;administration de la risp\u00e9ridone et la dose d\u00e9pendent de l&#8217;\u00e9tat de sant\u00e9 g\u00e9n\u00e9ral du patient et du probl\u00e8me \u00e0 traiter. Risperdal 2 mg est la dose initiale habituelle, avec des augmentations de 1 mg ou 2 mg possibles tous les quelques jours. Les patients prenant du Risperdal doivent \u00eatre conscients des interactions possibles avec d&#8217;autres m\u00e9dicaments qu&#8217;ils peuvent \u00e9galement prendre, en particulier la fluox\u00e9tine, le k\u00e9toconazole, le fluconazole, l&#8217;itraconazole ou la parox\u00e9tine. Vous devez prendre ce m\u00e9dicament aussi longtemps qu&#8217;il vous est prescrit. Si les sympt\u00f4mes ne s&#8217;am\u00e9liorent pas, vous devez en discuter avec un professionnel de sant\u00e9 qualifi\u00e9 avant d&#8217;augmenter votre dose de votre propre chef ou de proc\u00e9der \u00e0 tout autre ajustement de votre traitement.<\/p>\n<h2>Effets secondaires<\/h2>\n<p>Les effets secondaires du Risperdal sont rares mais possibles. Chaque patient doit \u00eatre conscient de la possibilit\u00e9 de souffrir d&#8217;effets secondaires tels que fi\u00e8vre, naus\u00e9es, douleurs abdominales, hyperactivit\u00e9, vertiges, fatigue et lassitude. Ces effets secondaires dispara\u00eetront d&#8217;eux-m\u00eames sans interf\u00e9rer avec la routine quotidienne du patient ou devront \u00eatre signal\u00e9s au m\u00e9decin s&#8217;ils s&#8217;aggravent ou s&#8217;ils affectent la capacit\u00e9 du patient \u00e0 accomplir ses t\u00e2ches quotidiennes.<\/p>\n<\/p><\/div>\n<h2>L&#8217;Acquisition du Risperdal en France : Sans Ordonnance ou Non ?<\/h2>\n<p>Dans le contexte pharmaceutique fran\u00e7ais, la question de savoir si l&#8217;on peut se procurer du Risperdal sans ordonnance suscite une r\u00e9flexion m\u00e9dicale approfondie. Le Risperdal, un neuroleptique atypique largement utilis\u00e9 pour traiter divers troubles psychiatriques, est soumis \u00e0 une r\u00e9glementation stricte en raison de ses effets secondaires potentiels et de son profil d&#8217;utilisation. En France, la d\u00e9livrance de ce m\u00e9dicament est r\u00e9serv\u00e9e aux professionnels de la sant\u00e9, qui \u00e9valuent l&#8217;ad\u00e9quation du traitement en fonction des sympt\u00f4mes pr\u00e9cis du patient et de son historique m\u00e9dical.<br \/>\nLa notion de &#8220;sans ordonnance&#8221; implique une accessibilit\u00e9 directe du patient au produit, sans l&#8217;intervention d&#8217;un prescripteur comp\u00e9tent. Cependant, dans le cas du Risperdal, cette possibilit\u00e9 est exclue en vertu de la r\u00e9glementation en vigueur. Le risque d&#8217;utilisation inappropri\u00e9e ou d&#8217;effets ind\u00e9sirables non surveill\u00e9s justifie cette restriction. Ainsi, la seule mani\u00e8re l\u00e9gale d&#8217;obtenir du Risperdal en France est par le biais d&#8217;une ordonnance \u00e9tablie par un m\u00e9decin.<br \/>\nIl est essentiel de comprendre que la prescription m\u00e9dicale est un processus qui garantit la s\u00e9curit\u00e9 et l&#8217;efficacit\u00e9 du traitement. Le m\u00e9decin, en connaissance de cause, est en mesure de d\u00e9terminer si le Risperdal est le m\u00e9dicament appropri\u00e9, de choisir la posologie ad\u00e9quate et de suivre de pr\u00e8s l&#8217;\u00e9volution du patient. Cette supervision est cruciale pour minimiser les risques et garantir les meilleurs r\u00e9sultats th\u00e9rapeutiques.<br \/>\nEn r\u00e9sum\u00e9, bien que la question de l&#8217;achat du Risperdal sans ordonnance en France puisse \u00eatre l\u00e9gitime, la r\u00e9ponse est clairement non. La r\u00e9glementation et la pratique m\u00e9dicale s&#8217;accordent pour prot\u00e9ger la sant\u00e9 des patients en exigeant une prescription m\u00e9dicale pour l&#8217;acc\u00e8s \u00e0 ce m\u00e9dicament. Il est donc recommand\u00e9 aux personnes souhaitant se procurer du Risperdal de consulter un m\u00e9decin afin d&#8217;obtenir une ordonnance et d&#8217;\u00eatre suivies dans le cadre d&#8217;un traitement adapt\u00e9 et surveill\u00e9.<\/p>\n","protected":false},"excerpt":{"rendered":"<p>Risperdal Cliquez ici pour acheter Risperdal est un m\u00e9dicament antipsychotique utilis\u00e9 pour le traitement de l&#8217;autisme, des troubles bipolaires et<\/p>\n","protected":false},"author":3,"featured_media":0,"parent":0,"menu_order":0,"comment_status":"closed","ping_status":"closed","template":"","meta":{"_lmt_disableupdate":"no","_lmt_disable":"no","footnotes":""},"class_list":["post-169","page","type-page","status-publish","hentry"],"translation":{"provider":"WPGlobus","version":"3.0.2","language":"fr","enabled_languages":["en","es","fr"],"languages":{"en":{"title":true,"content":true,"excerpt":false},"es":{"title":true,"content":true,"excerpt":false},"fr":{"title":true,"content":true,"excerpt":false}}},"yoast_head":"<!-- This site is optimized with the Yoast SEO plugin v27.4 - https:\/\/yoast.com\/product\/yoast-seo-wordpress\/ -->\n<title>Acheter Risperdal 1, 2, 3 et 4 mg en ligne sans ordonnance en France<\/title>\n<meta name=\"description\" content=\"Si vous souffrez de trouble bipolaire ou de schizophr\u00e9nie et que les sympt\u00f4mes vous d\u00e9rangent, il est temps d&#039;acheter un risqueur 1 mg ou 2 mg (selon vos besoins personnels) en ligne et de commencer le traitement.\" \/>\n<meta name=\"robots\" content=\"index, follow, max-snippet:-1, max-image-preview:large, max-video-preview:-1\" \/>\n<link rel=\"canonical\" href=\"https:\/\/drpillman.biz\/fr\/risperdal.htm\" \/>\n<meta property=\"og:locale\" content=\"fr_FR\" \/>\n<meta property=\"og:type\" content=\"article\" \/>\n<meta property=\"og:title\" content=\"Acheter Risperdal 1, 2, 3 et 4 mg en ligne sans ordonnance en France\" \/>\n<meta property=\"og:description\" content=\"Si vous souffrez de trouble bipolaire ou de schizophr\u00e9nie et que les sympt\u00f4mes vous d\u00e9rangent, il est temps d&#039;acheter un risqueur 1 mg ou 2 mg (selon vos besoins personnels) en ligne et de commencer le traitement.\" \/>\n<meta property=\"og:url\" content=\"https:\/\/drpillman.biz\/fr\/risperdal.htm\" \/>\n<meta property=\"og:site_name\" content=\"Dr.Pillman\" \/>\n<meta property=\"article:modified_time\" content=\"2024-05-17T19:41:49+00:00\" \/>\n<meta name=\"twitter:card\" content=\"summary_large_image\" \/>\n<script type=\"application\/ld+json\" class=\"yoast-schema-graph\">{\"@context\":\"https:\\\/\\\/schema.org\",\"@graph\":[{\"@type\":\"WebPage\",\"@id\":\"https:\\\/\\\/drpillman.biz\\\/fr\\\/risperdal.htm\",\"url\":\"https:\\\/\\\/drpillman.biz\\\/fr\\\/risperdal.htm\",\"name\":\"Acheter Risperdal 1, 2, 3 et 4 mg en ligne sans ordonnance en France\",\"isPartOf\":{\"@id\":\"https:\\\/\\\/drpillman.biz\\\/fr\\\/#website\"},\"datePublished\":\"2013-10-17T11:35:56+00:00\",\"dateModified\":\"2024-05-17T19:41:49+00:00\",\"description\":\"Si vous souffrez de trouble bipolaire ou de schizophr\u00e9nie et que les sympt\u00f4mes vous d\u00e9rangent, il est temps d'acheter un risqueur 1 mg ou 2 mg (selon vos besoins personnels) en ligne et de commencer le traitement.\",\"breadcrumb\":{\"@id\":\"https:\\\/\\\/drpillman.biz\\\/fr\\\/risperdal.htm#breadcrumb\"},\"inLanguage\":\"fr-FR\",\"potentialAction\":[{\"@type\":\"ReadAction\",\"target\":[\"https:\\\/\\\/drpillman.biz\\\/fr\\\/risperdal.htm\"]}]},{\"@type\":\"BreadcrumbList\",\"@id\":\"https:\\\/\\\/drpillman.biz\\\/fr\\\/risperdal.htm#breadcrumb\",\"itemListElement\":[{\"@type\":\"ListItem\",\"position\":1,\"name\":\"Home\",\"item\":\"https:\\\/\\\/drpillman.biz\\\/fr\\\/\"},{\"@type\":\"ListItem\",\"position\":2,\"name\":\"Risperdal\"}]},{\"@type\":\"WebSite\",\"@id\":\"https:\\\/\\\/drpillman.biz\\\/fr\\\/#website\",\"url\":\"https:\\\/\\\/drpillman.biz\\\/fr\\\/\",\"name\":\"Dr.Pillman\",\"description\":\"\",\"potentialAction\":[{\"@type\":\"SearchAction\",\"target\":{\"@type\":\"EntryPoint\",\"urlTemplate\":\"https:\\\/\\\/drpillman.biz\\\/fr\\\/?s={search_term_string}\"},\"query-input\":{\"@type\":\"PropertyValueSpecification\",\"valueRequired\":true,\"valueName\":\"search_term_string\"}}],\"inLanguage\":\"fr-FR\"}]}<\/script>\n<!-- \/ Yoast SEO plugin. -->","yoast_head_json":{"title":"Acheter Risperdal 1, 2, 3 et 4 mg en ligne sans ordonnance en France","description":"Si vous souffrez de trouble bipolaire ou de schizophr\u00e9nie et que les sympt\u00f4mes vous d\u00e9rangent, il est temps d'acheter un risqueur 1 mg ou 2 mg (selon vos besoins personnels) en ligne et de commencer le traitement.","robots":{"index":"index","follow":"follow","max-snippet":"max-snippet:-1","max-image-preview":"max-image-preview:large","max-video-preview":"max-video-preview:-1"},"canonical":"https:\/\/drpillman.biz\/fr\/risperdal.htm","og_locale":"fr_FR","og_type":"article","og_title":"Acheter Risperdal 1, 2, 3 et 4 mg en ligne sans ordonnance en France","og_description":"Si vous souffrez de trouble bipolaire ou de schizophr\u00e9nie et que les sympt\u00f4mes vous d\u00e9rangent, il est temps d'acheter un risqueur 1 mg ou 2 mg (selon vos besoins personnels) en ligne et de commencer le traitement.","og_url":"https:\/\/drpillman.biz\/fr\/risperdal.htm","og_site_name":"Dr.Pillman","article_modified_time":"2024-05-17T19:41:49+00:00","twitter_card":"summary_large_image","schema":{"@context":"https:\/\/schema.org","@graph":[{"@type":"WebPage","@id":"https:\/\/drpillman.biz\/fr\/risperdal.htm","url":"https:\/\/drpillman.biz\/fr\/risperdal.htm","name":"Acheter Risperdal 1, 2, 3 et 4 mg en ligne sans ordonnance en France","isPartOf":{"@id":"https:\/\/drpillman.biz\/fr\/#website"},"datePublished":"2013-10-17T11:35:56+00:00","dateModified":"2024-05-17T19:41:49+00:00","description":"Si vous souffrez de trouble bipolaire ou de schizophr\u00e9nie et que les sympt\u00f4mes vous d\u00e9rangent, il est temps d'acheter un risqueur 1 mg ou 2 mg (selon vos besoins personnels) en ligne et de commencer le traitement.","breadcrumb":{"@id":"https:\/\/drpillman.biz\/fr\/risperdal.htm#breadcrumb"},"inLanguage":"fr-FR","potentialAction":[{"@type":"ReadAction","target":["https:\/\/drpillman.biz\/fr\/risperdal.htm"]}]},{"@type":"BreadcrumbList","@id":"https:\/\/drpillman.biz\/fr\/risperdal.htm#breadcrumb","itemListElement":[{"@type":"ListItem","position":1,"name":"Home","item":"https:\/\/drpillman.biz\/fr\/"},{"@type":"ListItem","position":2,"name":"Risperdal"}]},{"@type":"WebSite","@id":"https:\/\/drpillman.biz\/fr\/#website","url":"https:\/\/drpillman.biz\/fr\/","name":"Dr.Pillman","description":"","potentialAction":[{"@type":"SearchAction","target":{"@type":"EntryPoint","urlTemplate":"https:\/\/drpillman.biz\/fr\/?s={search_term_string}"},"query-input":{"@type":"PropertyValueSpecification","valueRequired":true,"valueName":"search_term_string"}}],"inLanguage":"fr-FR"}]}},"_links":{"self":[{"href":"https:\/\/drpillman.biz\/fr\/wp-json\/wp\/v2\/pages\/169","targetHints":{"allow":["GET"]}}],"collection":[{"href":"https:\/\/drpillman.biz\/fr\/wp-json\/wp\/v2\/pages"}],"about":[{"href":"https:\/\/drpillman.biz\/fr\/wp-json\/wp\/v2\/types\/page"}],"author":[{"embeddable":true,"href":"https:\/\/drpillman.biz\/fr\/wp-json\/wp\/v2\/users\/3"}],"replies":[{"embeddable":true,"href":"https:\/\/drpillman.biz\/fr\/wp-json\/wp\/v2\/comments?post=169"}],"version-history":[{"count":0,"href":"https:\/\/drpillman.biz\/fr\/wp-json\/wp\/v2\/pages\/169\/revisions"}],"wp:attachment":[{"href":"https:\/\/drpillman.biz\/fr\/wp-json\/wp\/v2\/media?parent=169"}],"curies":[{"name":"wp","href":"https:\/\/api.w.org\/{rel}","templated":true}]}}