{"id":172,"date":"2013-11-14T12:30:15","date_gmt":"2013-11-14T12:30:15","guid":{"rendered":"https:\/\/drpillman.biz\/?page_id=172"},"modified":"2024-05-17T20:43:36","modified_gmt":"2024-05-17T19:43:36","slug":"seroquel","status":"publish","type":"page","link":"https:\/\/drpillman.biz\/fr\/seroquel.htm","title":{"rendered":"S\u00e9roquel"},"content":{"rendered":"<div id=\"content-center\">\n<div id=\"content-image\">\n\t\t\t\t\t<img decoding=\"async\" src=\"\/img\/Seroquel.jpg\" alt=\"Seroquel\">\t\t\t\t<\/div>\n<div id=\"content-description\">\n<h1>Seroquel<\/h1>\n<p> <code><a href=\"https:\/\/200pills.com\/search.html?lang=fr&#038;cur=EUR&#038;key=Seroquel\"> <button class=\"button-7\" role=\"button\">Cliquez ici pour acheter<\/button><\/a><\/code><\/p>\n<div class=\"clear\"><\/div>\n<div id=\"description\">\n\t\t\t\t\t\tLe Seroquel est un m\u00e9dicament efficace prescrit pour le traitement de la schizophr\u00e9nie et du trouble bipolaire. Il ne doit pas \u00eatre administr\u00e9 \u00e0 des patients de moins de 13 ans, sauf si les avantages du traitement l&#8217;emportent sur les risques potentiels et qu&#8217;il n&#8217;existe pas d&#8217;alternative plus s\u00fbre pour le patient.\t\t\t\t\t<\/div>\n<div id=\"additional\">\n\t\t\t\t\t\tSynonymes :<span> Qu\u00e9tiapine<\/span>\n\t\t\t\t\t<\/div>\n<\/p><\/div>\n<div class=\"clear\"><\/div>\n<p>Le Seroquel (qu\u00e9tiapine) est un m\u00e9dicament antipsychotique d\u00e9livr\u00e9 sur ordonnance dont le principe actif, la qu\u00e9tiapine, agit sur des substances chimiques sp\u00e9cifiques du cerveau. Seroquel est destin\u00e9 au traitement de la maniaco-d\u00e9pression chez les patients \u00e2g\u00e9s d&#8217;au moins 10 ans et de la schizophr\u00e9nie chez les patients \u00e2g\u00e9s d&#8217;au moins 13 ans. Ce m\u00e9dicament peut \u00e9galement \u00eatre associ\u00e9 \u00e0 d&#8217;autres m\u00e9dicaments pour traiter les adultes souffrant de troubles d\u00e9pressifs majeurs. Que vous achetiez la qu\u00e9tiapine en ligne ou dans votre pharmacie locale, vous devrez toujours conna\u00eetre la dose exacte et la quantit\u00e9 n\u00e9cessaire pour la dur\u00e9e de votre traitement. Il est important d&#8217;acheter le Seroquel aupr\u00e8s d&#8217;une pharmacie en ligne fiable afin de s&#8217;assurer que vous prenez un m\u00e9dicament de haute qualit\u00e9 provenant d&#8217;un fabricant agr\u00e9\u00e9. Il est tr\u00e8s important d&#8217;avoir une bonne pharmacie en ligne pr\u00eate \u00e0 acheter la qu\u00e9tiapine dans la quantit\u00e9 requise, car cela permet d&#8217;\u00e9conomiser du temps et de l&#8217;argent tout en obtenant le traitement dont vous avez besoin pour aller mieux. Si vous souffrez d&#8217;hypercholest\u00e9rol\u00e9mie, d&#8217;hypertension art\u00e9rielle, de troubles de la thyro\u00efde, de probl\u00e8mes h\u00e9patiques, de maladies r\u00e9nales ou de maladies cardiaques, vous devrez consulter votre m\u00e9decin pour savoir si vous pouvez prendre du Seroquel. Il se peut que votre dose doive \u00eatre modifi\u00e9e en fonction de ces informations. Ce m\u00e9dicament peut \u00eatre dangereux pour les femmes enceintes. Le Seroquel ne doit pas \u00eatre utilis\u00e9 par les femmes qui allaitent, car il passe dans le lait maternel et peut nuire \u00e0 l&#8217;enfant. Les patients de moins de 24 ans doivent consulter r\u00e9guli\u00e8rement leur m\u00e9decin pendant les trois premiers mois du traitement afin d&#8217;exclure la possibilit\u00e9 de pens\u00e9es ou d&#8217;actes suicidaires r\u00e9sultant de l&#8217;utilisation de la qu\u00e9tiapine.<\/p>\n<h2>Effets secondaires<\/h2>\n<p>Une r\u00e9action grave au Seroquel n&#8217;est possible que si vous avez des ant\u00e9c\u00e9dents de r\u00e9action allergique \u00e0 la qu\u00e9tiapine, auquel cas vous ne devriez pas prendre ce m\u00e9dicament. Chez la plupart des patients, seuls quelques effets secondaires l\u00e9gers se produiront, tels que maux de gorge, vertiges, constipation, prise de poids, maux d&#8217;estomac, naus\u00e9es, douleurs d&#8217;estomac, s\u00e9cheresse de la bouche ou somnolence. Vous devez signaler \u00e0 votre m\u00e9decin tout probl\u00e8me qui ne dispara\u00eet pas rapidement.<\/p>\n<\/p><\/div>\n<h2>La D\u00e9couverte Incertaine : Seroquel &#8220;sans ordonnance&#8221; en France ?<\/h2>\n<p>Dans le labyrinthe complexe des r\u00e9gulations pharmaceutiques, la question se pose avec insistance : est-il envisageable d&#8217;acqu\u00e9rir le Seroquel, cette pilule magique aux vertus th\u00e9rapeutiques multiples, sans l&#8217;aval d&#8217;une ordonnance officielle sur le territoire fran\u00e7ais ? La r\u00e9ponse, comme une m\u00e9lodie \u00e9nigmatique, oscille entre le possible et l&#8217;impossible, le permis et le d\u00e9fendu.<br \/>\nLe Seroquel, ou qu\u00e9tiapine, est un compos\u00e9 chimique aux effets hypnotiques et anxiolytiques puissants, utilis\u00e9 principalement dans le traitement de l&#8217;\u00e9tat d\u00e9pressif et de la schizophr\u00e9nie. Cependant, sa puissance est telle que sa distribution est rigoureusement encadr\u00e9e par les autorit\u00e9s sanitaires, qui exigent une ordonnance m\u00e9dicale pr\u00e9alable pour toute acquisition.<br \/>\nMais dans les recoins sombres de l&#8217;internet, des promesses irr\u00e9sistibles \u00e9manent de sites illicites, offrant le Seroquel &#8220;sans ordonnance&#8221; et \u00e0 des prix d\u00e9fiant toute concurrence. Ces promesses, comme des mirages dans le d\u00e9sert, attirent les individus d\u00e9sesp\u00e9r\u00e9s, pr\u00eats \u00e0 tout pour trouver un r\u00e9pit \u00e0 leurs souffrances.<br \/>\nCependant, cette qu\u00eate d&#8217;un soulagement facile cache de terribles dangers. L&#8217;achat de m\u00e9dicaments sur des sites non agr\u00e9\u00e9s expose \u00e0 des risques consid\u00e9rables, allant de la contrefa\u00e7on \u00e0 la toxicit\u00e9, en passant par l&#8217;absence d&#8217;efficacit\u00e9. La sant\u00e9, ce tr\u00e9sor pr\u00e9cieux, n&#8217;est pas une marchandise \u00e0 n\u00e9gocier avec des vendeurs clandestins.<br \/>\nEn fin de compte, la r\u00e9alit\u00e9 est implacable : en France, le Seroquel ne peut \u00eatre obtenu sans ordonnance. La voie s\u00fbre vers la gu\u00e9rison passe par le dialogue avec un m\u00e9decin comp\u00e9tent, qui \u00e9value les besoins et les risques, et qui, seul, a le pouvoir de d\u00e9livrer l&#8217;autorisation d&#8217;utiliser ce rem\u00e8de.<br \/>\nAlors, laissez de c\u00f4t\u00e9 les promesses trompeuses et les illusions dangereuses. La sant\u00e9 est un bien pr\u00e9cieux, \u00e0 soigner avec soin et \u00e0 prot\u00e9ger contre les tentations de la facilit\u00e9. Le Seroquel, avec ou sans ordonnance, n&#8217;est qu&#8217;un outil parmi tant d&#8217;autres, \u00e0 utiliser avec discernement et sous contr\u00f4le m\u00e9dical.<\/p>\n","protected":false},"excerpt":{"rendered":"<p>Seroquel Cliquez ici pour acheter Le Seroquel est un m\u00e9dicament efficace prescrit pour le traitement de la schizophr\u00e9nie et du<\/p>\n","protected":false},"author":3,"featured_media":0,"parent":0,"menu_order":0,"comment_status":"closed","ping_status":"closed","template":"","meta":{"_lmt_disableupdate":"no","_lmt_disable":"no","footnotes":""},"class_list":["post-172","page","type-page","status-publish","hentry"],"translation":{"provider":"WPGlobus","version":"3.0.2","language":"fr","enabled_languages":["en","es","fr"],"languages":{"en":{"title":true,"content":true,"excerpt":false},"es":{"title":true,"content":true,"excerpt":false},"fr":{"title":true,"content":true,"excerpt":false}}},"yoast_head":"<!-- This site is optimized with the Yoast SEO plugin v27.4 - https:\/\/yoast.com\/product\/yoast-seo-wordpress\/ -->\n<title>Acheter S\u00e9roquel 25, 50, 100, 200 et 300 mg en ligne sans ordonnance en France<\/title>\n<meta name=\"description\" content=\"SEROQUEL efficace pour traiter la schizophr\u00e9nie chez les patients d&#039;au moins 13 ans. Vous pouvez toujours acheter Qu\u00e9tiapine (nom g\u00e9n\u00e9rique pour Seroquel) sur Internet pour que le traitement soit moins cher.\" \/>\n<meta name=\"robots\" content=\"index, follow, max-snippet:-1, max-image-preview:large, max-video-preview:-1\" \/>\n<link rel=\"canonical\" href=\"https:\/\/drpillman.biz\/es\/seroquel.htm\" \/>\n<meta property=\"og:locale\" content=\"fr_FR\" \/>\n<meta property=\"og:type\" content=\"article\" \/>\n<meta property=\"og:title\" content=\"Acheter S\u00e9roquel 25, 50, 100, 200 et 300 mg en ligne sans ordonnance en France\" \/>\n<meta property=\"og:description\" content=\"SEROQUEL efficace pour traiter la schizophr\u00e9nie chez les patients d&#039;au moins 13 ans. Vous pouvez toujours acheter Qu\u00e9tiapine (nom g\u00e9n\u00e9rique pour Seroquel) sur Internet pour que le traitement soit moins cher.\" \/>\n<meta property=\"og:url\" content=\"https:\/\/drpillman.biz\/es\/seroquel.htm\" \/>\n<meta property=\"og:site_name\" content=\"Dr.Pillman\" \/>\n<meta property=\"article:modified_time\" content=\"2024-05-17T19:43:36+00:00\" \/>\n<meta name=\"twitter:card\" content=\"summary_large_image\" \/>\n<script type=\"application\/ld+json\" class=\"yoast-schema-graph\">{\"@context\":\"https:\\\/\\\/schema.org\",\"@graph\":[{\"@type\":\"WebPage\",\"@id\":\"https:\\\/\\\/drpillman.biz\\\/es\\\/seroquel.htm\",\"url\":\"https:\\\/\\\/drpillman.biz\\\/es\\\/seroquel.htm\",\"name\":\"Compre Seroquel (Quetiapine) en l\u00ednea para apreciar todas las ventajas de realizar su pedido por la cantidad requerida en solo unos minutos\",\"isPartOf\":{\"@id\":\"http:\\\/\\\/drpillman.biz\\\/#website\"},\"datePublished\":\"2013-11-14T12:30:15+00:00\",\"dateModified\":\"2024-05-17T19:43:36+00:00\",\"description\":\"SEROQUEL efficace pour traiter la schizophr\u00e9nie chez les patients d'au moins 13 ans. Vous pouvez toujours acheter Qu\u00e9tiapine (nom g\u00e9n\u00e9rique pour Seroquel) sur Internet pour que le traitement soit moins cher.\",\"breadcrumb\":{\"@id\":\"https:\\\/\\\/drpillman.biz\\\/es\\\/seroquel.htm#breadcrumb\"},\"inLanguage\":\"fr-FR\",\"potentialAction\":[{\"@type\":\"ReadAction\",\"target\":[\"https:\\\/\\\/drpillman.biz\\\/es\\\/seroquel.htm\"]}]},{\"@type\":\"BreadcrumbList\",\"@id\":\"https:\\\/\\\/drpillman.biz\\\/es\\\/seroquel.htm#breadcrumb\",\"itemListElement\":[{\"@type\":\"ListItem\",\"position\":1,\"name\":\"Home\",\"item\":\"http:\\\/\\\/drpillman.biz\\\/\"},{\"@type\":\"ListItem\",\"position\":2,\"name\":\"Seroquel\"}]},{\"@type\":\"WebSite\",\"@id\":\"http:\\\/\\\/drpillman.biz\\\/#website\",\"url\":\"http:\\\/\\\/drpillman.biz\\\/\",\"name\":\"Dr.Pillman\",\"description\":\"\",\"potentialAction\":[{\"@type\":\"SearchAction\",\"target\":{\"@type\":\"EntryPoint\",\"urlTemplate\":\"http:\\\/\\\/drpillman.biz\\\/?s={search_term_string}\"},\"query-input\":{\"@type\":\"PropertyValueSpecification\",\"valueRequired\":true,\"valueName\":\"search_term_string\"}}],\"inLanguage\":\"fr-FR\"}]}<\/script>\n<!-- \/ Yoast SEO plugin. -->","yoast_head_json":{"title":"Acheter S\u00e9roquel 25, 50, 100, 200 et 300 mg en ligne sans ordonnance en France","description":"SEROQUEL efficace pour traiter la schizophr\u00e9nie chez les patients d'au moins 13 ans. Vous pouvez toujours acheter Qu\u00e9tiapine (nom g\u00e9n\u00e9rique pour Seroquel) sur Internet pour que le traitement soit moins cher.","robots":{"index":"index","follow":"follow","max-snippet":"max-snippet:-1","max-image-preview":"max-image-preview:large","max-video-preview":"max-video-preview:-1"},"canonical":"https:\/\/drpillman.biz\/es\/seroquel.htm","og_locale":"fr_FR","og_type":"article","og_title":"Acheter S\u00e9roquel 25, 50, 100, 200 et 300 mg en ligne sans ordonnance en France","og_description":"SEROQUEL efficace pour traiter la schizophr\u00e9nie chez les patients d'au moins 13 ans. Vous pouvez toujours acheter Qu\u00e9tiapine (nom g\u00e9n\u00e9rique pour Seroquel) sur Internet pour que le traitement soit moins cher.","og_url":"https:\/\/drpillman.biz\/es\/seroquel.htm","og_site_name":"Dr.Pillman","article_modified_time":"2024-05-17T19:43:36+00:00","twitter_card":"summary_large_image","schema":{"@context":"https:\/\/schema.org","@graph":[{"@type":"WebPage","@id":"https:\/\/drpillman.biz\/es\/seroquel.htm","url":"https:\/\/drpillman.biz\/es\/seroquel.htm","name":"Compre Seroquel (Quetiapine) en l\u00ednea para apreciar todas las ventajas de realizar su pedido por la cantidad requerida en solo unos minutos","isPartOf":{"@id":"http:\/\/drpillman.biz\/#website"},"datePublished":"2013-11-14T12:30:15+00:00","dateModified":"2024-05-17T19:43:36+00:00","description":"SEROQUEL efficace pour traiter la schizophr\u00e9nie chez les patients d'au moins 13 ans. Vous pouvez toujours acheter Qu\u00e9tiapine (nom g\u00e9n\u00e9rique pour Seroquel) sur Internet pour que le traitement soit moins cher.","breadcrumb":{"@id":"https:\/\/drpillman.biz\/es\/seroquel.htm#breadcrumb"},"inLanguage":"fr-FR","potentialAction":[{"@type":"ReadAction","target":["https:\/\/drpillman.biz\/es\/seroquel.htm"]}]},{"@type":"BreadcrumbList","@id":"https:\/\/drpillman.biz\/es\/seroquel.htm#breadcrumb","itemListElement":[{"@type":"ListItem","position":1,"name":"Home","item":"http:\/\/drpillman.biz\/"},{"@type":"ListItem","position":2,"name":"Seroquel"}]},{"@type":"WebSite","@id":"http:\/\/drpillman.biz\/#website","url":"http:\/\/drpillman.biz\/","name":"Dr.Pillman","description":"","potentialAction":[{"@type":"SearchAction","target":{"@type":"EntryPoint","urlTemplate":"http:\/\/drpillman.biz\/?s={search_term_string}"},"query-input":{"@type":"PropertyValueSpecification","valueRequired":true,"valueName":"search_term_string"}}],"inLanguage":"fr-FR"}]}},"_links":{"self":[{"href":"https:\/\/drpillman.biz\/fr\/wp-json\/wp\/v2\/pages\/172","targetHints":{"allow":["GET"]}}],"collection":[{"href":"https:\/\/drpillman.biz\/fr\/wp-json\/wp\/v2\/pages"}],"about":[{"href":"https:\/\/drpillman.biz\/fr\/wp-json\/wp\/v2\/types\/page"}],"author":[{"embeddable":true,"href":"https:\/\/drpillman.biz\/fr\/wp-json\/wp\/v2\/users\/3"}],"replies":[{"embeddable":true,"href":"https:\/\/drpillman.biz\/fr\/wp-json\/wp\/v2\/comments?post=172"}],"version-history":[{"count":0,"href":"https:\/\/drpillman.biz\/fr\/wp-json\/wp\/v2\/pages\/172\/revisions"}],"wp:attachment":[{"href":"https:\/\/drpillman.biz\/fr\/wp-json\/wp\/v2\/media?parent=172"}],"curies":[{"name":"wp","href":"https:\/\/api.w.org\/{rel}","templated":true}]}}