{"id":175,"date":"2013-01-18T03:24:36","date_gmt":"2013-01-18T03:24:36","guid":{"rendered":"https:\/\/drpillman.biz\/?page_id=175"},"modified":"2024-05-17T20:45:24","modified_gmt":"2024-05-17T19:45:24","slug":"singulair","status":"publish","type":"page","link":"https:\/\/drpillman.biz\/fr\/singulair.htm","title":{"rendered":"Singulair"},"content":{"rendered":"<div id=\"content-center\">\n<div id=\"content-image\">\n\t\t\t\t\t<img decoding=\"async\" src=\"\/img\/Singulair.jpg\" alt=\"Singulair\">\t\t\t\t<\/div>\n<div id=\"content-description\">\n<h1>Singulair<\/h1>\n<p> <code><a href=\"https:\/\/200pills.com\/search.html?lang=fr&#038;cur=EUR&#038;key=Singulair\"> <button class=\"button-7\" role=\"button\">Cliquez ici pour acheter<\/button><\/a><\/code><\/p>\n<div class=\"clear\"><\/div>\n<div id=\"description\">\n\t\t\t\t\t\tSingulair est un m\u00e9dicament destin\u00e9 \u00e0 \u00eatre utilis\u00e9 r\u00e9guli\u00e8rement pour pr\u00e9venir certains sympt\u00f4mes de l&#8217;asthme, tels que l&#8217;essoufflement et la respiration sifflante. Il peut \u00e9galement \u00eatre pris pour pr\u00e9venir le bronchospasme induit par l&#8217;exercice, pour lequel il est pris environ une heure avant l&#8217;exercice.\t\t\t\t\t<\/div>\n<div id=\"additional\">\n\t\t\t\t\t\tSynonymes :<span> Montelukast<\/span>\n\t\t\t\t\t<\/div>\n<\/p><\/div>\n<div class=\"clear\"><\/div>\n<p>Singulair (montelukast) est prescrit pour une utilisation r\u00e9guli\u00e8re chez les patients susceptibles de souffrir d&#8217;essoufflement et de respiration sifflante en raison de l&#8217;asthme. Il peut \u00e9galement \u00eatre utilis\u00e9 pour pr\u00e9venir les difficult\u00e9s respiratoires pendant l&#8217;exercice. Pour pr\u00e9venir le bronchospasme induit par l&#8217;exercice, il doit \u00eatre pris environ une heure avant l&#8217;exercice physique. On peut \u00e9galement vous prescrire du mont\u00e9lukast 10 mg pour traiter les d\u00e9mangeaisons, l&#8217;\u00e9coulement nasal et les \u00e9ternuements, qui sont tous des sympt\u00f4mes de la rhinite allergique et du rhume des foins. Singulair n&#8217;agira pas imm\u00e9diatement sur vous et n&#8217;est donc pas adapt\u00e9 au soulagement imm\u00e9diat d&#8217;une crise d&#8217;asthme en cours ou de toute autre difficult\u00e9 respiratoire ayant d\u00e9j\u00e0 commenc\u00e9. Les pharmacies en ligne offrent la possibilit\u00e9 d&#8217;acheter Singulair (montelukast) moins cher que dans votre pharmacie locale. Vous pouvez acheter du montelukast 10 mg, car c&#8217;est la dose la plus couramment prescrite. Toutefois, avant d&#8217;acheter Singulair ou Singulair g\u00e9n\u00e9rique (montelukast), quelle que soit la dose, il est pr\u00e9f\u00e9rable de discuter du traitement avec un professionnel de la sant\u00e9 qualifi\u00e9 afin de s&#8217;assurer que vous en tirerez les b\u00e9n\u00e9fices escompt\u00e9s. Singulair est destin\u00e9 \u00e0 \u00eatre administr\u00e9 par voie orale et doit \u00eatre pris avec ou sans nourriture. Cependant, vous devez d\u00e9cider d\u00e8s le d\u00e9but comment vous prendrez le m\u00e9dicament pour que la routine soit exactement la m\u00eame et que votre corps s&#8217;y habitue plus rapidement. Il est pr\u00e9f\u00e9rable de prendre votre dose de Singulair \u00e0 la m\u00eame heure chaque jour afin d&#8217;\u00e9viter d&#8217;oublier la prochaine. L&#8217;oubli d&#8217;une dose ou le fait de sauter une dose peut r\u00e9duire l&#8217;efficacit\u00e9 du traitement au mont\u00e9lukast et provoquer les sympt\u00f4mes que vous essayez de traiter.<\/p>\n<h2>Effets secondaires<\/h2>\n<p>Certains effets secondaires l\u00e9gers sont possibles chez les patients prenant Singulair, en particulier si le traitement vient d&#8217;\u00eatre entam\u00e9. Les effets secondaires suivants peuvent survenir : maux de gorge, enrouement, douleurs d&#8217;estomac, diarrh\u00e9e, \u00e9ruption cutan\u00e9e l\u00e9g\u00e8re, maux d&#8217;estomac, nez bouch\u00e9, douleurs dentaires, maux de t\u00eate ou naus\u00e9es. Ces effets secondaires l\u00e9gers ne durent pas plus de quelques heures dans la plupart des cas. Elles s&#8217;estompent ou disparaissent d&#8217;elles-m\u00eames. Si ce n&#8217;est pas le cas, n&#8217;h\u00e9sitez pas \u00e0 contacter votre m\u00e9decin pour obtenir un avis professionnel.<\/p>\n<\/p><\/div>\n<h2>L&#8217;Acquisition de Singulair sans ordonnance : R\u00e9alit\u00e9 ou Illusion en France ?<\/h2>\n<p>Dans le contexte pharmaceutique fran\u00e7ais, la question de l&#8217;achat de Singulair sans ordonnance suscite une r\u00e9flexion m\u00e9dicale pertinente. Singulair, un traitement anti-asthmatique reconnu pour ses vertus th\u00e9rapeutiques, est soumis \u00e0 une r\u00e9glementation rigoureuse en France. En effet, la d\u00e9livrance de ce m\u00e9dicament n\u00e9cessite l&#8217;approbation d&#8217;un prescripteur qualifi\u00e9, en l&#8217;occurrence un m\u00e9decin. Cette exigence r\u00e9glementaire exclut donc la possibilit\u00e9 d&#8217;obtenir le Singulair sans ordonnance sur le territoire fran\u00e7ais.<br \/>\nIl convient de souligner que cette restriction r\u00e9pond \u00e0 une pr\u00e9occupation de s\u00e9curit\u00e9 sanitaire, garantissant ainsi une utilisation appropri\u00e9e du produit. La prescription m\u00e9dicale permet en outre d&#8217;\u00e9tablir un suivi th\u00e9rapeutique adapt\u00e9, assurant ainsi le bien-\u00eatre du patient. Dans ce contexte, il est essentiel de consulter un professionnel de la sant\u00e9 pour obtenir Singulair, conform\u00e9ment aux r\u00e8gles en vigueur.<br \/>\nEn somme, l&#8217;id\u00e9e d&#8217;acqu\u00e9rir Singulair sans ordonnance en France se r\u00e9v\u00e8le illusoire. La r\u00e9glementation sanitaire fran\u00e7aise, ax\u00e9e sur la pr\u00e9servation de la sant\u00e9 publique, interdit formellement cette pratique. Il est donc indispensable de se tourner vers un m\u00e9decin pour obtenir une ordonnance et b\u00e9n\u00e9ficier des bienfaits du Singulair dans le respect des normes en vigueur.<\/p>\n","protected":false},"excerpt":{"rendered":"<p>Singulair Cliquez ici pour acheter Singulair est un m\u00e9dicament destin\u00e9 \u00e0 \u00eatre utilis\u00e9 r\u00e9guli\u00e8rement pour pr\u00e9venir certains sympt\u00f4mes de l&#8217;asthme,<\/p>\n","protected":false},"author":3,"featured_media":0,"parent":0,"menu_order":0,"comment_status":"closed","ping_status":"closed","template":"","meta":{"_lmt_disableupdate":"no","_lmt_disable":"no","footnotes":""},"class_list":["post-175","page","type-page","status-publish","hentry"],"translation":{"provider":"WPGlobus","version":"3.0.2","language":"fr","enabled_languages":["en","es","fr"],"languages":{"en":{"title":true,"content":true,"excerpt":false},"es":{"title":true,"content":true,"excerpt":false},"fr":{"title":true,"content":true,"excerpt":false}}},"yoast_head":"<!-- This site is optimized with the Yoast SEO plugin v27.4 - https:\/\/yoast.com\/product\/yoast-seo-wordpress\/ -->\n<title>Acheter Singulair 4, 5 et 10 mg en ligne sans ordonnance en France<\/title>\n<meta name=\"description\" content=\"Singulair (Montelukast) est un inhibiteur de leucotri\u00e8ne destin\u00e9 \u00e0 la pr\u00e9vention des crises d&#039;asthme. Vous pouvez acheter montelukast 10 mg sur Internet sans ordonnance requise et commencer le traitement.\" \/>\n<meta name=\"robots\" content=\"index, follow, max-snippet:-1, max-image-preview:large, max-video-preview:-1\" \/>\n<link rel=\"canonical\" href=\"https:\/\/drpillman.biz\/fr\/singulair.htm\" \/>\n<meta property=\"og:locale\" content=\"fr_FR\" \/>\n<meta property=\"og:type\" content=\"article\" \/>\n<meta property=\"og:title\" content=\"Acheter Singulair 4, 5 et 10 mg en ligne sans ordonnance en France\" \/>\n<meta property=\"og:description\" content=\"Singulair (Montelukast) est un inhibiteur de leucotri\u00e8ne destin\u00e9 \u00e0 la pr\u00e9vention des crises d&#039;asthme. Vous pouvez acheter montelukast 10 mg sur Internet sans ordonnance requise et commencer le traitement.\" \/>\n<meta property=\"og:url\" content=\"https:\/\/drpillman.biz\/fr\/singulair.htm\" \/>\n<meta property=\"og:site_name\" content=\"Dr.Pillman\" \/>\n<meta property=\"article:modified_time\" content=\"2024-05-17T19:45:24+00:00\" \/>\n<meta name=\"twitter:card\" content=\"summary_large_image\" \/>\n<script type=\"application\/ld+json\" class=\"yoast-schema-graph\">{\"@context\":\"https:\\\/\\\/schema.org\",\"@graph\":[{\"@type\":\"WebPage\",\"@id\":\"https:\\\/\\\/drpillman.biz\\\/fr\\\/singulair.htm\",\"url\":\"https:\\\/\\\/drpillman.biz\\\/fr\\\/singulair.htm\",\"name\":\"Acheter Singulair 4, 5 et 10 mg en ligne sans ordonnance en France\",\"isPartOf\":{\"@id\":\"https:\\\/\\\/drpillman.biz\\\/fr\\\/#website\"},\"datePublished\":\"2013-01-18T03:24:36+00:00\",\"dateModified\":\"2024-05-17T19:45:24+00:00\",\"description\":\"Singulair (Montelukast) est un inhibiteur de leucotri\u00e8ne destin\u00e9 \u00e0 la pr\u00e9vention des crises d'asthme. Vous pouvez acheter montelukast 10 mg sur Internet sans ordonnance requise et commencer le traitement.\",\"breadcrumb\":{\"@id\":\"https:\\\/\\\/drpillman.biz\\\/fr\\\/singulair.htm#breadcrumb\"},\"inLanguage\":\"fr-FR\",\"potentialAction\":[{\"@type\":\"ReadAction\",\"target\":[\"https:\\\/\\\/drpillman.biz\\\/fr\\\/singulair.htm\"]}]},{\"@type\":\"BreadcrumbList\",\"@id\":\"https:\\\/\\\/drpillman.biz\\\/fr\\\/singulair.htm#breadcrumb\",\"itemListElement\":[{\"@type\":\"ListItem\",\"position\":1,\"name\":\"Home\",\"item\":\"https:\\\/\\\/drpillman.biz\\\/fr\\\/\"},{\"@type\":\"ListItem\",\"position\":2,\"name\":\"Singulair\"}]},{\"@type\":\"WebSite\",\"@id\":\"https:\\\/\\\/drpillman.biz\\\/fr\\\/#website\",\"url\":\"https:\\\/\\\/drpillman.biz\\\/fr\\\/\",\"name\":\"Dr.Pillman\",\"description\":\"\",\"potentialAction\":[{\"@type\":\"SearchAction\",\"target\":{\"@type\":\"EntryPoint\",\"urlTemplate\":\"https:\\\/\\\/drpillman.biz\\\/fr\\\/?s={search_term_string}\"},\"query-input\":{\"@type\":\"PropertyValueSpecification\",\"valueRequired\":true,\"valueName\":\"search_term_string\"}}],\"inLanguage\":\"fr-FR\"}]}<\/script>\n<!-- \/ Yoast SEO plugin. -->","yoast_head_json":{"title":"Acheter Singulair 4, 5 et 10 mg en ligne sans ordonnance en France","description":"Singulair (Montelukast) est un inhibiteur de leucotri\u00e8ne destin\u00e9 \u00e0 la pr\u00e9vention des crises d'asthme. Vous pouvez acheter montelukast 10 mg sur Internet sans ordonnance requise et commencer le traitement.","robots":{"index":"index","follow":"follow","max-snippet":"max-snippet:-1","max-image-preview":"max-image-preview:large","max-video-preview":"max-video-preview:-1"},"canonical":"https:\/\/drpillman.biz\/fr\/singulair.htm","og_locale":"fr_FR","og_type":"article","og_title":"Acheter Singulair 4, 5 et 10 mg en ligne sans ordonnance en France","og_description":"Singulair (Montelukast) est un inhibiteur de leucotri\u00e8ne destin\u00e9 \u00e0 la pr\u00e9vention des crises d'asthme. Vous pouvez acheter montelukast 10 mg sur Internet sans ordonnance requise et commencer le traitement.","og_url":"https:\/\/drpillman.biz\/fr\/singulair.htm","og_site_name":"Dr.Pillman","article_modified_time":"2024-05-17T19:45:24+00:00","twitter_card":"summary_large_image","schema":{"@context":"https:\/\/schema.org","@graph":[{"@type":"WebPage","@id":"https:\/\/drpillman.biz\/fr\/singulair.htm","url":"https:\/\/drpillman.biz\/fr\/singulair.htm","name":"Acheter Singulair 4, 5 et 10 mg en ligne sans ordonnance en France","isPartOf":{"@id":"https:\/\/drpillman.biz\/fr\/#website"},"datePublished":"2013-01-18T03:24:36+00:00","dateModified":"2024-05-17T19:45:24+00:00","description":"Singulair (Montelukast) est un inhibiteur de leucotri\u00e8ne destin\u00e9 \u00e0 la pr\u00e9vention des crises d'asthme. Vous pouvez acheter montelukast 10 mg sur Internet sans ordonnance requise et commencer le traitement.","breadcrumb":{"@id":"https:\/\/drpillman.biz\/fr\/singulair.htm#breadcrumb"},"inLanguage":"fr-FR","potentialAction":[{"@type":"ReadAction","target":["https:\/\/drpillman.biz\/fr\/singulair.htm"]}]},{"@type":"BreadcrumbList","@id":"https:\/\/drpillman.biz\/fr\/singulair.htm#breadcrumb","itemListElement":[{"@type":"ListItem","position":1,"name":"Home","item":"https:\/\/drpillman.biz\/fr\/"},{"@type":"ListItem","position":2,"name":"Singulair"}]},{"@type":"WebSite","@id":"https:\/\/drpillman.biz\/fr\/#website","url":"https:\/\/drpillman.biz\/fr\/","name":"Dr.Pillman","description":"","potentialAction":[{"@type":"SearchAction","target":{"@type":"EntryPoint","urlTemplate":"https:\/\/drpillman.biz\/fr\/?s={search_term_string}"},"query-input":{"@type":"PropertyValueSpecification","valueRequired":true,"valueName":"search_term_string"}}],"inLanguage":"fr-FR"}]}},"_links":{"self":[{"href":"https:\/\/drpillman.biz\/fr\/wp-json\/wp\/v2\/pages\/175","targetHints":{"allow":["GET"]}}],"collection":[{"href":"https:\/\/drpillman.biz\/fr\/wp-json\/wp\/v2\/pages"}],"about":[{"href":"https:\/\/drpillman.biz\/fr\/wp-json\/wp\/v2\/types\/page"}],"author":[{"embeddable":true,"href":"https:\/\/drpillman.biz\/fr\/wp-json\/wp\/v2\/users\/3"}],"replies":[{"embeddable":true,"href":"https:\/\/drpillman.biz\/fr\/wp-json\/wp\/v2\/comments?post=175"}],"version-history":[{"count":0,"href":"https:\/\/drpillman.biz\/fr\/wp-json\/wp\/v2\/pages\/175\/revisions"}],"wp:attachment":[{"href":"https:\/\/drpillman.biz\/fr\/wp-json\/wp\/v2\/media?parent=175"}],"curies":[{"name":"wp","href":"https:\/\/api.w.org\/{rel}","templated":true}]}}