{"id":178,"date":"2013-04-21T07:03:53","date_gmt":"2013-04-21T06:03:53","guid":{"rendered":"https:\/\/drpillman.biz\/?page_id=178"},"modified":"2024-05-21T12:55:27","modified_gmt":"2024-05-21T11:55:27","slug":"sporanox","status":"publish","type":"page","link":"https:\/\/drpillman.biz\/fr\/sporanox.htm","title":{"rendered":"Sporanox"},"content":{"rendered":"<div id=\"content-center\">\n<div id=\"content-image\">\n\t\t\t\t\t<img decoding=\"async\" src=\"\/img\/Sporanox.jpg\" alt=\"Sporanox\">\t\t\t\t<\/div>\n<div id=\"content-description\">\n<h1>Sporanox<\/h1>\n<p> <code><a href=\"https:\/\/200pills.com\/search.html?lang=fr&#038;cur=EUR&#038;key=Sporanox\"> <button class=\"button-7\" role=\"button\">Cliquez ici pour acheter<\/button><\/a><\/code><\/p>\n<div class=\"clear\"><\/div>\n<div id=\"description\">\n\t\t\t\t\t\tLe Sporanox est un m\u00e9dicament antifongique trizole qui agit comme un antibiotique mais qui est destin\u00e9 \u00e0 traiter les affections caus\u00e9es par des infections fongiques. Il s&#8217;agit du nom de marque du m\u00e9dicament g\u00e9n\u00e9rique Itraconazole, d\u00e9couvert pharmacologiquement en 1984. En tant que m\u00e9dicament antifongique, le Sporanox peut \u00eatre administr\u00e9 par voie intraveineuse ou ing\u00e9r\u00e9 par voie orale. Toutefois, l&#8217;option intraveineuse n&#8217;est pas disponible au Royaume-Uni. Pour l&#8217;administration orale, Sporanox se pr\u00e9sente sous la forme de g\u00e9lules de 100 mg et de solutions orales qui sont formul\u00e9es diff\u00e9remment et ne doivent pas \u00eatre prises de mani\u00e8re interchangeable. Les g\u00e9lules et les solutions orales sont disponibles en ligne dans les pharmacies britanniques, avec ou sans ordonnance.\t\t\t\t\t<\/div>\n<div id=\"additional\">\n\t\t\t\t\t\tSynonymes :<span> Itraconazole<\/span>\n\t\t\t\t\t<\/div>\n<\/p><\/div>\n<div class=\"clear\"><\/div>\n<h2>Indications<\/h2>\n<p>Le Sporanox est indiqu\u00e9 pour les personnes souffrant d&#8217;infections fongiques des poumons, de la peau, des ongles, de la gorge, de la bouche et de l&#8217;\u0153sophage. Il a une efficacit\u00e9 curative plus large que les m\u00e9dicaments \u00e0 base de fluconazole et est particuli\u00e8rement efficace contre l&#8217;Aspericillus lorsque le fluconazole ne fonctionne pas. Il est \u00e9galement efficace pour traiter les sporotrichoses, les blastomycoses, les onychomycoses et les histoplasmoses. L&#8217;itraconazole contenu dans le Sporanox est compos\u00e9 \u00e0 99 % de prot\u00e9ines et ne p\u00e9n\u00e8tre pratiquement pas dans le liquide c\u00e9phalo-rachidien. Par cons\u00e9quent, il n&#8217;est g\u00e9n\u00e9ralement pas prescrit pour traiter la m\u00e9ningite et d&#8217;autres infections microbiennes du syst\u00e8me nerveux central. N\u00e9anmoins, le m\u00e9dicament s&#8217;est av\u00e9r\u00e9 efficace dans le traitement de la m\u00e9ningite coccidio\u00efde et cryptococcique.<\/p>\n<p>Le m\u00e9dicament est \u00e9galement prescrit aux patients souffrant d&#8217;infections syst\u00e9miques telles que la candidose, la cryptococcose et l&#8217;aspergillose, lorsque d&#8217;autres m\u00e9dicaments antifongiques azol\u00e9s peuvent \u00eatre moins efficaces ou inappropri\u00e9s. L&#8217;itraconazole contenu dans Sporanox fait actuellement l&#8217;objet d&#8217;\u00e9tudes en tant qu&#8217;agent anticanc\u00e9rig\u00e8ne potentiel pour le traitement du cancer de la prostate, du carcinome basocellulaire et du cancer du poumon non \u00e0 petites cellules.<\/p>\n<h2>M\u00e9canisme d&#8217;action<\/h2>\n<p>L&#8217;itraconazole contenu dans Sporanox agit de la m\u00eame mani\u00e8re qu&#8217;un inhibiteur de l&#8217;enzyme d\u00e9m\u00e9thylase avec d&#8217;autres m\u00e9dicaments antifongiques azol\u00e9s. Il inhibe la synth\u00e8se de l&#8217;ergostersol induite par les champignons. Cependant, il est pharmacologiquement diff\u00e9rent des autres agents azol\u00e9s car il est le seul m\u00e9dicament parmi eux \u00e0 inhiber \u00e0 la fois l&#8217;andiogen\u00e8se et la voie de signalisation hedgehog, qui sont distinctes de son inhibition du cytochrome P450 14-alpha-d\u00e9m\u00e9thylase qui convertit le lanost\u00e9rol en cholest\u00e9rol.<\/p>\n<h2>Dosage<\/h2>\n<p>Chaque capsule de 100 mg de Sporanox doit \u00eatre ing\u00e9r\u00e9e avec un grand verre d&#8217;eau apr\u00e8s un repas pour assurer l&#8217;absorption dans l&#8217;estomac. Pour les solutions orales prescrites pour la bouche et la gorge, la solution doit \u00eatre gargaris\u00e9e vigoureusement dans la bouche pendant quelques secondes, puis aval\u00e9e, avec ou sans nourriture, de pr\u00e9f\u00e9rence dans ce dernier cas. Sporanox ne doit \u00eatre pris que selon les indications de la prescription. Il est donc important d&#8217;obtenir une ordonnance, m\u00eame si vous pouvez acheter Sporanox ou d&#8217;autres marques d&#8217;Itraconazole en ligne dans les pharmacies britanniques sans ordonnance.<\/p>\n<h2>Effets secondaires<\/h2>\n<p>Sporanox peut provoquer une somnolence ou des vertiges et ne doit pas \u00eatre pris si vous devez conduire ou utiliser des machines lourdes. Il peut \u00e9galement provoquer de l\u00e9gers maux de t\u00eate et des bourdonnements d&#8217;oreille. Dans de rares cas, le Sporanox a provoqu\u00e9 des l\u00e9sions h\u00e9patiques graves et souvent mortelles. Si, apr\u00e8s avoir pris le m\u00e9dicament, vous avez soudainement des vomissements, des naus\u00e9es, des douleurs abdominales, une perte d&#8217;app\u00e9tit, une fatigue due \u00e0 un travail l\u00e9ger, une jaunisse, des d\u00e9mangeaisons cutan\u00e9es, des urines ou des selles fonc\u00e9es, consultez imm\u00e9diatement votre m\u00e9decin, car l&#8217;un de ces sympt\u00f4mes pourrait \u00eatre un signe pr\u00e9coce d&#8217;une atteinte h\u00e9patique. Dans d&#8217;autres situations rares, Sporanox est connu pour d\u00e9clencher une insuffisance cardiaque congestive (ICC). Si vous ressentez des douleurs thoraciques, un essoufflement ou un gonflement \u00e0 tout moment pendant le traitement par Sporanox, contactez imm\u00e9diatement votre m\u00e9decin car l&#8217;un de ces signes peut indiquer un d\u00e9but d&#8217;insuffisance cardiaque congestive.<\/p>\n<h2>Mise en garde<\/h2>\n<p>Avant de prendre Sporanox, consultez d&#8217;abord votre m\u00e9decin si vous avez des ant\u00e9c\u00e9dents d&#8217;insuffisance cardiaque ou d&#8217;autres affections des valves cardiaques, de bronchopneumopathie chronique obstructive ou d&#8217;autres affections pulmonaires, ou si vous souffrez d&#8217;un gonflement ou d&#8217;un \u0153d\u00e8me important. Ne prenez pas Sporanox si vous prenez d\u00e9j\u00e0 du cisapride (Propulsid), de l&#8217;ast\u00e9mizole (Hismanal), du pimozide (Orap), du midazolam (Versed), du triazolam (Halcion), de la simvastatine (Zocor), de l&#8217;ovastatine (Mevacor) ou de la quinidine (Cardioquin, Quinidex, Quinora, Quin-Release, Quinaglute ou Quin-G). En interagissant avec l&#8217;un de ces m\u00e9dicaments, Sporanox peut entra\u00eener des r\u00e9actions graves, voire fatales.<\/p>\n<p>Le m\u00e9dicament est \u00e9galement connu pour passer dans le lait maternel des m\u00e8res qui allaitent et ne doit pas \u00eatre pris lorsque vous nourrissez votre enfant au sein. La contraception est fortement recommand\u00e9e pour les femmes susceptibles d&#8217;\u00eatre enceintes pendant le traitement par Sporanox et pendant les deux mois qui suivent le traitement. Buvez de l&#8217;alcool avec mod\u00e9ration, car l&#8217;alcool et le Sporanox pris simultan\u00e9ment peuvent avoir des effets n\u00e9fastes sur le foie. Enfin, si vous aimez le pamplemousse ou le jus de pamplemousse, sachez que Sporanox peut interagir avec ce fruit, ce qui peut entra\u00eener des effets secondaires potentiellement graves.<\/p>\n<\/p><\/div>\n<h2>La D\u00e9couverte In\u00e9dite : Sporanox, Une Solution sans Ordonnance ?<\/h2>\n<p>Dans le monde pharmaceutique en constante \u00e9volution, la question qui vient \u00e0 l&#8217;esprit de nombreux patients est : &#8220;Est-il possible d&#8217;acqu\u00e9rir le Sporanox sans ordonnance en France ?&#8221; La r\u00e9ponse \u00e0 cette interrogation, pour le moins intrigante, est un m\u00e9lange d&#8217;espoir et de r\u00e9alisme. Bien que le Sporanox soit un m\u00e9dicament antifongique puissant, il est essentiel de comprendre que sa disponibilit\u00e9 sans ordonnance d\u00e9pend de la r\u00e9glementation en vigueur et de la gravit\u00e9 de l&#8217;infection \u00e0 traiter.<br \/>\nEn France, la r\u00e9glementation pharmaceutique exige g\u00e9n\u00e9ralement une ordonnance pour l&#8217;acc\u00e8s aux m\u00e9dicaments \u00e0 usage syst\u00e9mique, tels que le Sporanox. Cependant, dans certaines situations exceptionnelles, des m\u00e9dicaments de ce type peuvent \u00eatre obtenus sans ordonnance sous forme de comprim\u00e9s \u00e0 usage topique ou de g\u00e9lules pour les mycoses superficielles. C&#8217;est l\u00e0 que r\u00e9side l&#8217;espoir pour ceux qui cherchent une solution sans ordonnance.<br \/>\nIl est crucial de noter que le Sporanox, en tant que traitement antifongique syst\u00e9mique, est r\u00e9serv\u00e9 aux infections graves et doit \u00eatre prescrit par un m\u00e9decin. La prise de d\u00e9cision quant \u00e0 sa prescription repose sur une \u00e9valuation approfondie de l&#8217;\u00e9tat du patient, incluant l&#8217;identification pr\u00e9cise du champignon en cause et l&#8217;\u00e9valuation de l&#8217;\u00e9tendue de l&#8217;infection.<br \/>\nEn somme, bien que la possibilit\u00e9 d&#8217;obtenir le Sporanox sans ordonnance en France soit limit\u00e9e, il est toujours pr\u00e9f\u00e9rable de consulter un m\u00e9decin pour obtenir un avis professionnel sur la n\u00e9cessit\u00e9 de ce traitement et sur les alternatives disponibles. La sant\u00e9 est un tr\u00e9sor pr\u00e9cieux, et la prudence est de mise lorsqu&#8217;il s&#8217;agit de soigner les infections fongiques.<\/p>\n","protected":false},"excerpt":{"rendered":"<p>Sporanox Cliquez ici pour acheter Le Sporanox est un m\u00e9dicament antifongique trizole qui agit comme un antibiotique mais qui est<\/p>\n","protected":false},"author":3,"featured_media":0,"parent":0,"menu_order":0,"comment_status":"closed","ping_status":"closed","template":"","meta":{"_lmt_disableupdate":"no","_lmt_disable":"no","footnotes":""},"class_list":["post-178","page","type-page","status-publish","hentry"],"translation":{"provider":"WPGlobus","version":"3.0.2","language":"fr","enabled_languages":["en","es","fr"],"languages":{"en":{"title":true,"content":true,"excerpt":false},"es":{"title":true,"content":true,"excerpt":false},"fr":{"title":true,"content":true,"excerpt":false}}},"yoast_head":"<!-- This site is optimized with the Yoast SEO plugin v27.4 - https:\/\/yoast.com\/product\/yoast-seo-wordpress\/ -->\n<title>Pour les affections caus\u00e9es par des champignons, acheter Sporanox (Itraconazole) 100 mg en ligne<\/title>\n<meta name=\"description\" content=\"Sporanox (Itraconazole) est un antifongique d\u00e9livr\u00e9 sur ordonnance pour traiter les infections qui peuvent affecter n&#039;importe quelle partie du corps du patient. Il est facile et s\u00fbr d&#039;acheter Itraconazole 100 mg en ligne sans ordonnance.\" \/>\n<meta name=\"robots\" content=\"index, follow, max-snippet:-1, max-image-preview:large, max-video-preview:-1\" \/>\n<link rel=\"canonical\" href=\"https:\/\/drpillman.biz\/fr\/sporanox.htm\" \/>\n<meta property=\"og:locale\" content=\"fr_FR\" \/>\n<meta property=\"og:type\" content=\"article\" \/>\n<meta property=\"og:title\" content=\"Pour les affections caus\u00e9es par des champignons, acheter Sporanox (Itraconazole) 100 mg en ligne\" \/>\n<meta property=\"og:description\" content=\"Sporanox (Itraconazole) est un antifongique d\u00e9livr\u00e9 sur ordonnance pour traiter les infections qui peuvent affecter n&#039;importe quelle partie du corps du patient. Il est facile et s\u00fbr d&#039;acheter Itraconazole 100 mg en ligne sans ordonnance.\" \/>\n<meta property=\"og:url\" content=\"https:\/\/drpillman.biz\/fr\/sporanox.htm\" \/>\n<meta property=\"og:site_name\" content=\"Dr.Pillman\" \/>\n<meta property=\"article:modified_time\" content=\"2024-05-21T11:55:27+00:00\" \/>\n<meta name=\"twitter:card\" content=\"summary_large_image\" \/>\n<script type=\"application\/ld+json\" class=\"yoast-schema-graph\">{\"@context\":\"https:\\\/\\\/schema.org\",\"@graph\":[{\"@type\":\"WebPage\",\"@id\":\"https:\\\/\\\/drpillman.biz\\\/fr\\\/sporanox.htm\",\"url\":\"https:\\\/\\\/drpillman.biz\\\/fr\\\/sporanox.htm\",\"name\":\"Pour les affections caus\u00e9es par des champignons, acheter Sporanox (Itraconazole) 100 mg en ligne\",\"isPartOf\":{\"@id\":\"http:\\\/\\\/drpillman.biz\\\/#website\"},\"datePublished\":\"2013-04-21T06:03:53+00:00\",\"dateModified\":\"2024-05-21T11:55:27+00:00\",\"description\":\"Sporanox (Itraconazole) est un antifongique d\u00e9livr\u00e9 sur ordonnance pour traiter les infections qui peuvent affecter n'importe quelle partie du corps du patient. Il est facile et s\u00fbr d'acheter Itraconazole 100 mg en ligne sans ordonnance.\",\"breadcrumb\":{\"@id\":\"https:\\\/\\\/drpillman.biz\\\/fr\\\/sporanox.htm#breadcrumb\"},\"inLanguage\":\"fr-FR\",\"potentialAction\":[{\"@type\":\"ReadAction\",\"target\":[\"https:\\\/\\\/drpillman.biz\\\/fr\\\/sporanox.htm\"]}]},{\"@type\":\"BreadcrumbList\",\"@id\":\"https:\\\/\\\/drpillman.biz\\\/fr\\\/sporanox.htm#breadcrumb\",\"itemListElement\":[{\"@type\":\"ListItem\",\"position\":1,\"name\":\"Home\",\"item\":\"http:\\\/\\\/drpillman.biz\\\/\"},{\"@type\":\"ListItem\",\"position\":2,\"name\":\"Sporanox\"}]},{\"@type\":\"WebSite\",\"@id\":\"http:\\\/\\\/drpillman.biz\\\/#website\",\"url\":\"http:\\\/\\\/drpillman.biz\\\/\",\"name\":\"Dr.Pillman\",\"description\":\"\",\"potentialAction\":[{\"@type\":\"SearchAction\",\"target\":{\"@type\":\"EntryPoint\",\"urlTemplate\":\"http:\\\/\\\/drpillman.biz\\\/?s={search_term_string}\"},\"query-input\":{\"@type\":\"PropertyValueSpecification\",\"valueRequired\":true,\"valueName\":\"search_term_string\"}}],\"inLanguage\":\"fr-FR\"}]}<\/script>\n<!-- \/ Yoast SEO plugin. -->","yoast_head_json":{"title":"Pour les affections caus\u00e9es par des champignons, acheter Sporanox (Itraconazole) 100 mg en ligne","description":"Sporanox (Itraconazole) est un antifongique d\u00e9livr\u00e9 sur ordonnance pour traiter les infections qui peuvent affecter n'importe quelle partie du corps du patient. Il est facile et s\u00fbr d'acheter Itraconazole 100 mg en ligne sans ordonnance.","robots":{"index":"index","follow":"follow","max-snippet":"max-snippet:-1","max-image-preview":"max-image-preview:large","max-video-preview":"max-video-preview:-1"},"canonical":"https:\/\/drpillman.biz\/fr\/sporanox.htm","og_locale":"fr_FR","og_type":"article","og_title":"Pour les affections caus\u00e9es par des champignons, acheter Sporanox (Itraconazole) 100 mg en ligne","og_description":"Sporanox (Itraconazole) est un antifongique d\u00e9livr\u00e9 sur ordonnance pour traiter les infections qui peuvent affecter n'importe quelle partie du corps du patient. Il est facile et s\u00fbr d'acheter Itraconazole 100 mg en ligne sans ordonnance.","og_url":"https:\/\/drpillman.biz\/fr\/sporanox.htm","og_site_name":"Dr.Pillman","article_modified_time":"2024-05-21T11:55:27+00:00","twitter_card":"summary_large_image","schema":{"@context":"https:\/\/schema.org","@graph":[{"@type":"WebPage","@id":"https:\/\/drpillman.biz\/fr\/sporanox.htm","url":"https:\/\/drpillman.biz\/fr\/sporanox.htm","name":"Pour les affections caus\u00e9es par des champignons, acheter Sporanox (Itraconazole) 100 mg en ligne","isPartOf":{"@id":"http:\/\/drpillman.biz\/#website"},"datePublished":"2013-04-21T06:03:53+00:00","dateModified":"2024-05-21T11:55:27+00:00","description":"Sporanox (Itraconazole) est un antifongique d\u00e9livr\u00e9 sur ordonnance pour traiter les infections qui peuvent affecter n'importe quelle partie du corps du patient. Il est facile et s\u00fbr d'acheter Itraconazole 100 mg en ligne sans ordonnance.","breadcrumb":{"@id":"https:\/\/drpillman.biz\/fr\/sporanox.htm#breadcrumb"},"inLanguage":"fr-FR","potentialAction":[{"@type":"ReadAction","target":["https:\/\/drpillman.biz\/fr\/sporanox.htm"]}]},{"@type":"BreadcrumbList","@id":"https:\/\/drpillman.biz\/fr\/sporanox.htm#breadcrumb","itemListElement":[{"@type":"ListItem","position":1,"name":"Home","item":"http:\/\/drpillman.biz\/"},{"@type":"ListItem","position":2,"name":"Sporanox"}]},{"@type":"WebSite","@id":"http:\/\/drpillman.biz\/#website","url":"http:\/\/drpillman.biz\/","name":"Dr.Pillman","description":"","potentialAction":[{"@type":"SearchAction","target":{"@type":"EntryPoint","urlTemplate":"http:\/\/drpillman.biz\/?s={search_term_string}"},"query-input":{"@type":"PropertyValueSpecification","valueRequired":true,"valueName":"search_term_string"}}],"inLanguage":"fr-FR"}]}},"_links":{"self":[{"href":"https:\/\/drpillman.biz\/fr\/wp-json\/wp\/v2\/pages\/178","targetHints":{"allow":["GET"]}}],"collection":[{"href":"https:\/\/drpillman.biz\/fr\/wp-json\/wp\/v2\/pages"}],"about":[{"href":"https:\/\/drpillman.biz\/fr\/wp-json\/wp\/v2\/types\/page"}],"author":[{"embeddable":true,"href":"https:\/\/drpillman.biz\/fr\/wp-json\/wp\/v2\/users\/3"}],"replies":[{"embeddable":true,"href":"https:\/\/drpillman.biz\/fr\/wp-json\/wp\/v2\/comments?post=178"}],"version-history":[{"count":0,"href":"https:\/\/drpillman.biz\/fr\/wp-json\/wp\/v2\/pages\/178\/revisions"}],"wp:attachment":[{"href":"https:\/\/drpillman.biz\/fr\/wp-json\/wp\/v2\/media?parent=178"}],"curies":[{"name":"wp","href":"https:\/\/api.w.org\/{rel}","templated":true}]}}