{"id":181,"date":"2013-03-15T09:28:12","date_gmt":"2013-03-15T09:28:12","guid":{"rendered":"https:\/\/drpillman.biz\/?page_id=181"},"modified":"2024-05-17T20:49:07","modified_gmt":"2024-05-17T19:49:07","slug":"strattera","status":"publish","type":"page","link":"https:\/\/drpillman.biz\/fr\/strattera.htm","title":{"rendered":"Stattera"},"content":{"rendered":"<div id=\"content-center\">\n<div id=\"content-image\">\n\t\t\t\t\t<img decoding=\"async\" src=\"\/img\/Strattera.jpg\" alt=\"Strattera\">\t\t\t\t<\/div>\n<div id=\"content-description\">\n<h1>Strattera<\/h1>\n<p> <code><a href=\"https:\/\/200pills.com\/search.html?lang=fr&#038;cur=EUR&#038;key=Strattera\"> <button class=\"button-7\" role=\"button\">Cliquez ici pour acheter<\/button><\/a><\/code><\/p>\n<div class=\"clear\"><\/div>\n<div id=\"description\">\n\t\t\t\t\t\tStrattera est un m\u00e9dicament non stimulant destin\u00e9 au traitement du TDAH chez les enfants et les adultes. Il agit en augmentant les niveaux de nor\u00e9pin\u00e9phrine et en r\u00e9duisant le comportement impulsif des patients atteints de TDAH. Ce m\u00e9dicament a \u00e9t\u00e9 approuv\u00e9 par la FDA et ne doit \u00eatre pris que par les patients qui en ont clairement besoin.\t\t\t\t\t<\/div>\n<div id=\"additional\">\n\t\t\t\t\t\tSynonymes :<span> Atomox\u00e9tine<\/span>\n\t\t\t\t\t<\/div>\n<\/p><\/div>\n<div class=\"clear\"><\/div>\n<p>Strattera fait partie des choix les plus populaires en mati\u00e8re de traitement du TDAH (trouble d\u00e9ficitaire de l&#8217;attention avec hyperactivit\u00e9). L&#8217;avantage de Strattera par rapport aux autres m\u00e9dicaments contre le TDAH est qu&#8217;il peut \u00eatre utilis\u00e9 aussi bien par les adultes que par les enfants. Strattera est \u00e9galement class\u00e9 parmi les m\u00e9dicaments non stimulants, ce qui signifie qu&#8217;il est susceptible de provoquer moins d&#8217;effets secondaires, voire aucun, et qu&#8217;il est plus efficace pour le patient. En achetant Strattera en ligne, vous vous assurez que vous ou votre enfant ne souffrirez pas de somnolence ou d&#8217;agitation, et qu&#8217;il n&#8217;y aura pas de risque de d\u00e9velopper une d\u00e9pendance. Tous ces facteurs sont importants \u00e0 prendre en compte pour d\u00e9cider si Strattera est le bon m\u00e9dicament pour votre enfant ou pour vous-m\u00eame. Comme il est tr\u00e8s facile et abordable d&#8217;acheter du Strattera en ligne de nos jours, c&#8217;est une autre option que vous pouvez envisager s\u00e9rieusement. Apr\u00e8s tout, acheter Strattera en ligne signifie d\u00e9penser moins d&#8217;argent et de temps tout en obtenant la m\u00eame qualit\u00e9, et il n&#8217;y a aucune raison de passer \u00e0 c\u00f4t\u00e9 d&#8217;une si belle opportunit\u00e9. Le fait de commander Strattera aupr\u00e8s d&#8217;une pharmacie en ligne fiable signifie que vous obtiendrez de meilleures offres et des prix de gros, ainsi qu&#8217;une livraison rapide \u00e0 votre domicile. Comme Strattera doit g\u00e9n\u00e9ralement \u00eatre pris pendant de longues p\u00e9riodes, il est pr\u00e9f\u00e9rable de le commander en gros, ce qui vous permettra d&#8217;\u00e9conomiser une somme d&#8217;argent consid\u00e9rable. Strattera doit \u00eatre pris r\u00e9guli\u00e8rement et \u00e0 la dose exacte prescrite. En prenant ce m\u00e9dicament \u00e0 intervalles r\u00e9guliers, vous \u00e9viterez d&#8217;oublier une dose, ce qui pourrait entra\u00eener la r\u00e9apparition des sympt\u00f4mes que vous essayez de contr\u00f4ler.<\/p>\n<h2>Effets secondaires<\/h2>\n<p>Les effets secondaires de Strattera peuvent appara\u00eetre chez certains patients, tandis que la plupart des autres patients pourront poursuivre leur traitement sans en ressentir. Les sympt\u00f4mes suivants sont connus pour survenir chez les patients qui commencent le traitement : sautes d&#8217;humeur, diminution de l&#8217;app\u00e9tit, maux d&#8217;estomac, naus\u00e9es et vertiges. Toutefois, ces effets secondaires ne concernent que quelques pour cent des patients et disparaissent g\u00e9n\u00e9ralement d&#8217;eux-m\u00eames.<\/p>\n<\/p><\/div>\n<h2>La D\u00e9couverte Inattendue : Strattera Sans Ordonnance en France ?<\/h2>\n<p>Dans le labyrinthe des r\u00e9gulations pharmaceutiques, la question qui hante les esprits : &#8220;Est-il possible d&#8217;acheter du Strattera sans ordonnance en France ?&#8221; La r\u00e9ponse, comme un \u00e9lixir myst\u00e9rieux, n&#8217;est pas aussi transparente qu&#8217;on pourrait l&#8217;esp\u00e9rer. Strattera, cette mol\u00e9cule magique pour les nerfs, est en r\u00e9alit\u00e9 un m\u00e9dicament d&#8217;ordonnance, un traitement contre le TDAH aux effets prometteurs. Mais la France, avec ses lois strictes, ne laisse pas passer l&#8217;opportunit\u00e9 d&#8217;une vente illicite. Ainsi, le Strattera reste sous le contr\u00f4le vigilant des autorit\u00e9s sanitaires, n\u00e9cessitant l&#8217;aval d&#8217;un prescripteur qualifi\u00e9 pour chaque prise. En d&#8217;autres termes, l&#8217;id\u00e9e d&#8217;un Strattera &#8220;sans ordonnance&#8221; est, pour l&#8217;instant, une chim\u00e8re, un r\u00eave qui ne r\u00e9siste pas \u00e0 la r\u00e9alit\u00e9 des normes en vigueur.<\/p>\n","protected":false},"excerpt":{"rendered":"<p>Strattera Cliquez ici pour acheter Strattera est un m\u00e9dicament non stimulant destin\u00e9 au traitement du TDAH chez les enfants et<\/p>\n","protected":false},"author":3,"featured_media":0,"parent":0,"menu_order":0,"comment_status":"closed","ping_status":"closed","template":"","meta":{"_lmt_disableupdate":"no","_lmt_disable":"no","footnotes":""},"class_list":["post-181","page","type-page","status-publish","hentry"],"translation":{"provider":"WPGlobus","version":"3.0.2","language":"fr","enabled_languages":["en","es","fr"],"languages":{"en":{"title":true,"content":true,"excerpt":false},"es":{"title":true,"content":true,"excerpt":false},"fr":{"title":true,"content":true,"excerpt":false}}},"yoast_head":"<!-- This site is optimized with the Yoast SEO plugin v27.4 - https:\/\/yoast.com\/product\/yoast-seo-wordpress\/ -->\n<title>Acheter Stattera 10, 25 et 40 mg en ligne sans ordonnance en France<\/title>\n<meta name=\"description\" content=\"Acheter strattera en ligne vraiment pas cher. Ce m\u00e9dicament est utilis\u00e9 pour le traitement du trouble d&#039;hyperactivit\u00e9 du d\u00e9ficit de l&#039;attention chez les enfants et les patients plus \u00e2g\u00e9s s&#039;ils ont besoin de ce type de traitement \u00e0 un moment donn\u00e9.\" \/>\n<meta name=\"robots\" content=\"index, follow, max-snippet:-1, max-image-preview:large, max-video-preview:-1\" \/>\n<link rel=\"canonical\" href=\"https:\/\/drpillman.biz\/es\/strattera.htm\" \/>\n<meta property=\"og:locale\" content=\"fr_FR\" \/>\n<meta property=\"og:type\" content=\"article\" \/>\n<meta property=\"og:title\" content=\"Acheter Stattera 10, 25 et 40 mg en ligne sans ordonnance en France\" \/>\n<meta property=\"og:description\" content=\"Acheter strattera en ligne vraiment pas cher. Ce m\u00e9dicament est utilis\u00e9 pour le traitement du trouble d&#039;hyperactivit\u00e9 du d\u00e9ficit de l&#039;attention chez les enfants et les patients plus \u00e2g\u00e9s s&#039;ils ont besoin de ce type de traitement \u00e0 un moment donn\u00e9.\" \/>\n<meta property=\"og:url\" content=\"https:\/\/drpillman.biz\/es\/strattera.htm\" \/>\n<meta property=\"og:site_name\" content=\"Dr.Pillman\" \/>\n<meta property=\"article:modified_time\" content=\"2024-05-17T19:49:07+00:00\" \/>\n<meta name=\"twitter:card\" content=\"summary_large_image\" \/>\n<script type=\"application\/ld+json\" class=\"yoast-schema-graph\">{\"@context\":\"https:\\\/\\\/schema.org\",\"@graph\":[{\"@type\":\"WebPage\",\"@id\":\"https:\\\/\\\/drpillman.biz\\\/es\\\/strattera.htm\",\"url\":\"https:\\\/\\\/drpillman.biz\\\/es\\\/strattera.htm\",\"name\":\"Compre strattera en l\u00ednea para tratar el TDAH y aseg\u00farese de que su hijo disfrute de la vida de la forma en que debe disfrutar\",\"isPartOf\":{\"@id\":\"https:\\\/\\\/drpillman.biz\\\/fr\\\/#website\"},\"datePublished\":\"2013-03-15T09:28:12+00:00\",\"dateModified\":\"2024-05-17T19:49:07+00:00\",\"description\":\"Acheter strattera en ligne vraiment pas cher. Ce m\u00e9dicament est utilis\u00e9 pour le traitement du trouble d'hyperactivit\u00e9 du d\u00e9ficit de l'attention chez les enfants et les patients plus \u00e2g\u00e9s s'ils ont besoin de ce type de traitement \u00e0 un moment donn\u00e9.\",\"breadcrumb\":{\"@id\":\"https:\\\/\\\/drpillman.biz\\\/es\\\/strattera.htm#breadcrumb\"},\"inLanguage\":\"fr-FR\",\"potentialAction\":[{\"@type\":\"ReadAction\",\"target\":[\"https:\\\/\\\/drpillman.biz\\\/es\\\/strattera.htm\"]}]},{\"@type\":\"BreadcrumbList\",\"@id\":\"https:\\\/\\\/drpillman.biz\\\/es\\\/strattera.htm#breadcrumb\",\"itemListElement\":[{\"@type\":\"ListItem\",\"position\":1,\"name\":\"Home\",\"item\":\"https:\\\/\\\/drpillman.biz\\\/fr\\\/\"},{\"@type\":\"ListItem\",\"position\":2,\"name\":\"Stratera\"}]},{\"@type\":\"WebSite\",\"@id\":\"https:\\\/\\\/drpillman.biz\\\/fr\\\/#website\",\"url\":\"https:\\\/\\\/drpillman.biz\\\/fr\\\/\",\"name\":\"Dr.Pillman\",\"description\":\"\",\"potentialAction\":[{\"@type\":\"SearchAction\",\"target\":{\"@type\":\"EntryPoint\",\"urlTemplate\":\"https:\\\/\\\/drpillman.biz\\\/fr\\\/?s={search_term_string}\"},\"query-input\":{\"@type\":\"PropertyValueSpecification\",\"valueRequired\":true,\"valueName\":\"search_term_string\"}}],\"inLanguage\":\"fr-FR\"}]}<\/script>\n<!-- \/ Yoast SEO plugin. -->","yoast_head_json":{"title":"Acheter Stattera 10, 25 et 40 mg en ligne sans ordonnance en France","description":"Acheter strattera en ligne vraiment pas cher. Ce m\u00e9dicament est utilis\u00e9 pour le traitement du trouble d'hyperactivit\u00e9 du d\u00e9ficit de l'attention chez les enfants et les patients plus \u00e2g\u00e9s s'ils ont besoin de ce type de traitement \u00e0 un moment donn\u00e9.","robots":{"index":"index","follow":"follow","max-snippet":"max-snippet:-1","max-image-preview":"max-image-preview:large","max-video-preview":"max-video-preview:-1"},"canonical":"https:\/\/drpillman.biz\/es\/strattera.htm","og_locale":"fr_FR","og_type":"article","og_title":"Acheter Stattera 10, 25 et 40 mg en ligne sans ordonnance en France","og_description":"Acheter strattera en ligne vraiment pas cher. Ce m\u00e9dicament est utilis\u00e9 pour le traitement du trouble d'hyperactivit\u00e9 du d\u00e9ficit de l'attention chez les enfants et les patients plus \u00e2g\u00e9s s'ils ont besoin de ce type de traitement \u00e0 un moment donn\u00e9.","og_url":"https:\/\/drpillman.biz\/es\/strattera.htm","og_site_name":"Dr.Pillman","article_modified_time":"2024-05-17T19:49:07+00:00","twitter_card":"summary_large_image","schema":{"@context":"https:\/\/schema.org","@graph":[{"@type":"WebPage","@id":"https:\/\/drpillman.biz\/es\/strattera.htm","url":"https:\/\/drpillman.biz\/es\/strattera.htm","name":"Compre strattera en l\u00ednea para tratar el TDAH y aseg\u00farese de que su hijo disfrute de la vida de la forma en que debe disfrutar","isPartOf":{"@id":"https:\/\/drpillman.biz\/fr\/#website"},"datePublished":"2013-03-15T09:28:12+00:00","dateModified":"2024-05-17T19:49:07+00:00","description":"Acheter strattera en ligne vraiment pas cher. Ce m\u00e9dicament est utilis\u00e9 pour le traitement du trouble d'hyperactivit\u00e9 du d\u00e9ficit de l'attention chez les enfants et les patients plus \u00e2g\u00e9s s'ils ont besoin de ce type de traitement \u00e0 un moment donn\u00e9.","breadcrumb":{"@id":"https:\/\/drpillman.biz\/es\/strattera.htm#breadcrumb"},"inLanguage":"fr-FR","potentialAction":[{"@type":"ReadAction","target":["https:\/\/drpillman.biz\/es\/strattera.htm"]}]},{"@type":"BreadcrumbList","@id":"https:\/\/drpillman.biz\/es\/strattera.htm#breadcrumb","itemListElement":[{"@type":"ListItem","position":1,"name":"Home","item":"https:\/\/drpillman.biz\/fr\/"},{"@type":"ListItem","position":2,"name":"Stratera"}]},{"@type":"WebSite","@id":"https:\/\/drpillman.biz\/fr\/#website","url":"https:\/\/drpillman.biz\/fr\/","name":"Dr.Pillman","description":"","potentialAction":[{"@type":"SearchAction","target":{"@type":"EntryPoint","urlTemplate":"https:\/\/drpillman.biz\/fr\/?s={search_term_string}"},"query-input":{"@type":"PropertyValueSpecification","valueRequired":true,"valueName":"search_term_string"}}],"inLanguage":"fr-FR"}]}},"_links":{"self":[{"href":"https:\/\/drpillman.biz\/fr\/wp-json\/wp\/v2\/pages\/181","targetHints":{"allow":["GET"]}}],"collection":[{"href":"https:\/\/drpillman.biz\/fr\/wp-json\/wp\/v2\/pages"}],"about":[{"href":"https:\/\/drpillman.biz\/fr\/wp-json\/wp\/v2\/types\/page"}],"author":[{"embeddable":true,"href":"https:\/\/drpillman.biz\/fr\/wp-json\/wp\/v2\/users\/3"}],"replies":[{"embeddable":true,"href":"https:\/\/drpillman.biz\/fr\/wp-json\/wp\/v2\/comments?post=181"}],"version-history":[{"count":0,"href":"https:\/\/drpillman.biz\/fr\/wp-json\/wp\/v2\/pages\/181\/revisions"}],"wp:attachment":[{"href":"https:\/\/drpillman.biz\/fr\/wp-json\/wp\/v2\/media?parent=181"}],"curies":[{"name":"wp","href":"https:\/\/api.w.org\/{rel}","templated":true}]}}