{"id":184,"date":"2013-01-21T06:30:30","date_gmt":"2013-01-21T06:30:30","guid":{"rendered":"https:\/\/drpillman.biz\/?page_id=184"},"modified":"2024-05-17T20:51:05","modified_gmt":"2024-05-17T19:51:05","slug":"sumatriptan","status":"publish","type":"page","link":"https:\/\/drpillman.biz\/fr\/sumatriptan.htm","title":{"rendered":"Sumatriptan"},"content":{"rendered":"<div id=\"content-center\">\n<div id=\"content-image\">\n\t\t\t\t\t<img decoding=\"async\" src=\"\/img\/Sumatriptan.jpg\" alt=\"Sumatriptan\">\t\t\t\t<\/div>\n<div id=\"content-description\">\n<h1>Sumatriptan<\/h1>\n<p> <code><a href=\"https:\/\/200pills.com\/search.html?lang=fr&#038;cur=EUR&#038;key=Sumatriptan\"> <button class=\"button-7\" role=\"button\">Cliquez ici pour acheter<\/button><\/a><\/code> <\/p>\n<div class=\"gray\"><\/div>\n<div class=\"clear\"><\/div>\n<div id=\"description\">\n\t\t\t\t\t\tLe sumatriptan est destin\u00e9 au traitement des migraines. Ce m\u00e9dicament est un agoniste s\u00e9lectif des r\u00e9cepteurs de la s\u00e9rotonine car il interf\u00e8re avec les r\u00e9cepteurs de la s\u00e9rotonine. Disponible \u00e0 des doses allant de 25 mg \u00e0 100 mg, le sumatriptan est utilis\u00e9 depuis 1992, date \u00e0 laquelle il a \u00e9t\u00e9 approuv\u00e9 par la FDA pour le traitement des migraines.\t\t\t\t\t<\/div>\n<div id=\"additional\">\n\t\t\t\t\t\tSynonymes :<span> Imitrex<\/span>\n\t\t\t\t\t<\/div>\n<\/p><\/div>\n<div class=\"clear\"><\/div>\n<p>Le sumatriptan a \u00e9t\u00e9 approuv\u00e9 par la FDA pour le traitement des migraines aigu\u00ebs chez les patients adultes. Les migraines que le Sumatriptan peut \u00eatre utilis\u00e9 pour traiter peuvent \u00eatre avec ou sans aura. Agoniste s\u00e9lectif des r\u00e9cepteurs de la s\u00e9rotonine, le Sumatriptan stimule les r\u00e9cepteurs de la s\u00e9rotonine dans le cerveau, r\u00e9tr\u00e9cissant les vaisseaux sanguins dans le cerveau et soulageant la douleur. En m\u00eame temps, ce m\u00e9dicament affecte \u00e9galement la fa\u00e7on dont les signaux de la douleur sont transmis entre le cerveau et les terminaisons nerveuses, ce qui permet de mieux soulager la douleur. Vous pouvez acheter le Sumatriptan 50 mg ou 100 mg en ligne sous forme de comprim\u00e9s, mais il existe \u00e9galement une solution intranasale et une solution injectable. Lorsque vous achetez du Sumatriptan en ligne, gardez \u00e0 l&#8217;esprit que 200 mg est la dose journali\u00e8re maximale. Vous ne devez pas d\u00e9passer cette dose afin d&#8217;\u00e9viter des sympt\u00f4mes d\u00e9sagr\u00e9ables. La prise d&#8217;une plus grande quantit\u00e9 de ce m\u00e9dicament ne rendra pas votre traitement plus efficace. Une autre chose \u00e0 consid\u00e9rer avant de d\u00e9cider d&#8217;acheter du Sumatriptan dans une pharmacie en ligne est le fait de prendre d&#8217;autres m\u00e9dicaments susceptibles d&#8217;interagir avec lui, en particulier l&#8217;isocarboxazide, le citalopram, la venlafaxine, la dulox\u00e9tine, la sibutramine, la procarbazine, la parox\u00e9tine, la fluox\u00e9tine, la ph\u00e9nelzine ou la sertraline. Pour \u00e9viter les interactions, demandez \u00e0 votre m\u00e9decin ou \u00e0 votre pharmacien quelle est la meilleure fa\u00e7on de combiner vos deux traitements. Le sumatriptan ne doit pas \u00eatre utilis\u00e9 par les femmes enceintes ou allaitantes avant qu&#8217;elles n&#8217;aient discut\u00e9 de tous les risques et b\u00e9n\u00e9fices de leur traitement avec un professionnel qualifi\u00e9. On ne sait pas si le Sumatriptan affectera un b\u00e9b\u00e9 \u00e0 na\u00eetre et de quelle mani\u00e8re exactement. Les femmes qui allaitent doivent \u00e9viter de prendre du Sumatriptan car il passe dans le lait maternel.<\/p>\n<h2>Effets secondaires<\/h2>\n<p>Le sumatriptan peut provoquer quelques effets secondaires l\u00e9gers chez le patient qui prend une certaine dose. Cependant, les effets secondaires sont peu probables chez la plupart des patients. Vous devez n\u00e9anmoins \u00eatre conscient de la possibilit\u00e9 d&#8217;effets secondaires l\u00e9gers tels que faiblesse, vertiges, g\u00eane abdominale, bouff\u00e9es vasomotrices, picotements, irritation nasale et transpiration. Des effets secondaires plus graves, tels que des crises d&#8217;\u00e9pilepsie, des spasmes des art\u00e8res coronaires et des battements cardiaques anormaux, sont extr\u00eamement rares et doivent \u00eatre signal\u00e9s \u00e0 votre m\u00e9decin.<\/p>\n<\/p><\/div>\n<h2>En qu\u00eate de r\u00e9confort : Le Sumatriptan sans ordonnance en France, une r\u00e9alit\u00e9 ou un mirage ?<\/h2>\n<p>Dans le labyrinthe des rem\u00e8des pharmaceutiques, la qu\u00eate du soulagement des migraines aigu\u00ebs est un parcours sem\u00e9 d&#8217;emb\u00fbches. Le Sumatriptan, cette \u00e9lixir prometteur, suscite la fascination et l&#8217;espoir chez les malades aux prises avec des maux de t\u00eate incapacitants. Mais, \u00e0 travers les rues pav\u00e9es de la vieille France, est-il envisageable de se procurer ce viatique sans l&#8217;aval d&#8217;une ordonnance ?<br \/>\nLa r\u00e9ponse, comme souvent en mati\u00e8re de sant\u00e9, est teint\u00e9e de nuances. Bien que le Sumatriptan soit souvent consid\u00e9r\u00e9 comme un m\u00e9dicament de prescription, certaines pr\u00e9sentations, telles que les g\u00e9lules \u00e0 basse dose, ont \u00e9t\u00e9 lib\u00e9r\u00e9es de leurs cha\u00eenes r\u00e9glementaires pour \u00eatre vendues en pharmacie sans ordonnance. Cependant, cette d\u00e9livrance conditionnelle est assortie de pr\u00e9cautions d&#8217;emploi et de surveillance, car le Sumatriptan n&#8217;est pas une friandise pour la sant\u00e9.<br \/>\nIl convient de noter que la d\u00e9livrance du Sumatriptan sans ordonnance est soumise \u00e0 des contraintes, notamment en ce qui concerne les doses autoris\u00e9es et les restrictions d&#8217;\u00e2ge. De plus, la prudence est de mise, car les effets secondaires et les interactions m\u00e9dicamenteuses ne sont pas \u00e0 n\u00e9gliger. Le conseil d&#8217;un professionnel de la sant\u00e9 reste indispensable pour \u00e9valuer l&#8217;ad\u00e9quation de ce traitement \u00e0 vos besoins et \u00e0 vos ant\u00e9c\u00e9dents m\u00e9dicaux.<br \/>\nEn somme, si l&#8217;acc\u00e8s au Sumatriptan sans ordonnance est une possibilit\u00e9 dans les rues fleuries de France, il demeure essentiel de s&#8217;informer et de consulter avant de s&#8217;aventurer dans cette voie. La sant\u00e9 est un tr\u00e9sor pr\u00e9cieux, et la d\u00e9cision de se procurer un m\u00e9dicament sans ordonnance doit \u00eatre prise avec discernement et pr\u00e9caution.<\/p>\n","protected":false},"excerpt":{"rendered":"<p>Sumatriptan Cliquez ici pour acheter Le sumatriptan est destin\u00e9 au traitement des migraines. Ce m\u00e9dicament est un agoniste s\u00e9lectif des<\/p>\n","protected":false},"author":3,"featured_media":0,"parent":0,"menu_order":0,"comment_status":"closed","ping_status":"closed","template":"","meta":{"_lmt_disableupdate":"no","_lmt_disable":"no","footnotes":""},"class_list":["post-184","page","type-page","status-publish","hentry"],"translation":{"provider":"WPGlobus","version":"3.0.2","language":"fr","enabled_languages":["en","es","fr"],"languages":{"en":{"title":true,"content":true,"excerpt":false},"es":{"title":true,"content":true,"excerpt":false},"fr":{"title":true,"content":true,"excerpt":false}}},"yoast_head":"<!-- This site is optimized with the Yoast SEO plugin v27.4 - https:\/\/yoast.com\/product\/yoast-seo-wordpress\/ -->\n<title>Acheter Sumatriptan 25, 50 et 100 mg en ligne sans ordonnance en France<\/title>\n<meta name=\"description\" content=\"Achetez du sumatriptan 50 mg ou 100 mg du montant requis d&#039;une pharmacie \u00e0 qui on peut faire confiance en ce qui concerne votre sant\u00e9. Vous pouvez utiliser ce m\u00e9dicament pour traiter les maux de t\u00eate de migraine d\u00e9j\u00e0 en cours.\" \/>\n<meta name=\"robots\" content=\"index, follow, max-snippet:-1, max-image-preview:large, max-video-preview:-1\" \/>\n<link rel=\"canonical\" href=\"https:\/\/drpillman.biz\/sumatriptan.htm\" \/>\n<meta property=\"og:locale\" content=\"fr_FR\" \/>\n<meta property=\"og:type\" content=\"article\" \/>\n<meta property=\"og:title\" content=\"Acheter Sumatriptan 25, 50 et 100 mg en ligne sans ordonnance en France\" \/>\n<meta property=\"og:description\" content=\"Achetez du sumatriptan 50 mg ou 100 mg du montant requis d&#039;une pharmacie \u00e0 qui on peut faire confiance en ce qui concerne votre sant\u00e9. Vous pouvez utiliser ce m\u00e9dicament pour traiter les maux de t\u00eate de migraine d\u00e9j\u00e0 en cours.\" \/>\n<meta property=\"og:url\" content=\"https:\/\/drpillman.biz\/sumatriptan.htm\" \/>\n<meta property=\"og:site_name\" content=\"Dr.Pillman\" \/>\n<meta property=\"article:modified_time\" content=\"2024-05-17T19:51:05+00:00\" \/>\n<meta name=\"twitter:card\" content=\"summary_large_image\" \/>\n<script type=\"application\/ld+json\" class=\"yoast-schema-graph\">{\"@context\":\"https:\\\/\\\/schema.org\",\"@graph\":[{\"@type\":\"WebPage\",\"@id\":\"https:\\\/\\\/drpillman.biz\\\/sumatriptan.htm\",\"url\":\"https:\\\/\\\/drpillman.biz\\\/sumatriptan.htm\",\"name\":\"Buy affordable and efficient Sumatriptan 50 & 100 mg for your migraine headaches to be under control without bothering you ever again\",\"isPartOf\":{\"@id\":\"http:\\\/\\\/drpillman.biz\\\/#website\"},\"datePublished\":\"2013-01-21T06:30:30+00:00\",\"dateModified\":\"2024-05-17T19:51:05+00:00\",\"description\":\"Achetez du sumatriptan 50 mg ou 100 mg du montant requis d'une pharmacie \u00e0 qui on peut faire confiance en ce qui concerne votre sant\u00e9. Vous pouvez utiliser ce m\u00e9dicament pour traiter les maux de t\u00eate de migraine d\u00e9j\u00e0 en cours.\",\"breadcrumb\":{\"@id\":\"https:\\\/\\\/drpillman.biz\\\/sumatriptan.htm#breadcrumb\"},\"inLanguage\":\"fr-FR\",\"potentialAction\":[{\"@type\":\"ReadAction\",\"target\":[\"https:\\\/\\\/drpillman.biz\\\/sumatriptan.htm\"]}]},{\"@type\":\"BreadcrumbList\",\"@id\":\"https:\\\/\\\/drpillman.biz\\\/sumatriptan.htm#breadcrumb\",\"itemListElement\":[{\"@type\":\"ListItem\",\"position\":1,\"name\":\"Home\",\"item\":\"http:\\\/\\\/drpillman.biz\\\/\"},{\"@type\":\"ListItem\",\"position\":2,\"name\":\"Sumatriptan\"}]},{\"@type\":\"WebSite\",\"@id\":\"http:\\\/\\\/drpillman.biz\\\/#website\",\"url\":\"http:\\\/\\\/drpillman.biz\\\/\",\"name\":\"Dr.Pillman\",\"description\":\"\",\"potentialAction\":[{\"@type\":\"SearchAction\",\"target\":{\"@type\":\"EntryPoint\",\"urlTemplate\":\"http:\\\/\\\/drpillman.biz\\\/?s={search_term_string}\"},\"query-input\":{\"@type\":\"PropertyValueSpecification\",\"valueRequired\":true,\"valueName\":\"search_term_string\"}}],\"inLanguage\":\"fr-FR\"}]}<\/script>\n<!-- \/ Yoast SEO plugin. -->","yoast_head_json":{"title":"Acheter Sumatriptan 25, 50 et 100 mg en ligne sans ordonnance en France","description":"Achetez du sumatriptan 50 mg ou 100 mg du montant requis d'une pharmacie \u00e0 qui on peut faire confiance en ce qui concerne votre sant\u00e9. Vous pouvez utiliser ce m\u00e9dicament pour traiter les maux de t\u00eate de migraine d\u00e9j\u00e0 en cours.","robots":{"index":"index","follow":"follow","max-snippet":"max-snippet:-1","max-image-preview":"max-image-preview:large","max-video-preview":"max-video-preview:-1"},"canonical":"https:\/\/drpillman.biz\/sumatriptan.htm","og_locale":"fr_FR","og_type":"article","og_title":"Acheter Sumatriptan 25, 50 et 100 mg en ligne sans ordonnance en France","og_description":"Achetez du sumatriptan 50 mg ou 100 mg du montant requis d'une pharmacie \u00e0 qui on peut faire confiance en ce qui concerne votre sant\u00e9. Vous pouvez utiliser ce m\u00e9dicament pour traiter les maux de t\u00eate de migraine d\u00e9j\u00e0 en cours.","og_url":"https:\/\/drpillman.biz\/sumatriptan.htm","og_site_name":"Dr.Pillman","article_modified_time":"2024-05-17T19:51:05+00:00","twitter_card":"summary_large_image","schema":{"@context":"https:\/\/schema.org","@graph":[{"@type":"WebPage","@id":"https:\/\/drpillman.biz\/sumatriptan.htm","url":"https:\/\/drpillman.biz\/sumatriptan.htm","name":"Buy affordable and efficient Sumatriptan 50 & 100 mg for your migraine headaches to be under control without bothering you ever again","isPartOf":{"@id":"http:\/\/drpillman.biz\/#website"},"datePublished":"2013-01-21T06:30:30+00:00","dateModified":"2024-05-17T19:51:05+00:00","description":"Achetez du sumatriptan 50 mg ou 100 mg du montant requis d'une pharmacie \u00e0 qui on peut faire confiance en ce qui concerne votre sant\u00e9. Vous pouvez utiliser ce m\u00e9dicament pour traiter les maux de t\u00eate de migraine d\u00e9j\u00e0 en cours.","breadcrumb":{"@id":"https:\/\/drpillman.biz\/sumatriptan.htm#breadcrumb"},"inLanguage":"fr-FR","potentialAction":[{"@type":"ReadAction","target":["https:\/\/drpillman.biz\/sumatriptan.htm"]}]},{"@type":"BreadcrumbList","@id":"https:\/\/drpillman.biz\/sumatriptan.htm#breadcrumb","itemListElement":[{"@type":"ListItem","position":1,"name":"Home","item":"http:\/\/drpillman.biz\/"},{"@type":"ListItem","position":2,"name":"Sumatriptan"}]},{"@type":"WebSite","@id":"http:\/\/drpillman.biz\/#website","url":"http:\/\/drpillman.biz\/","name":"Dr.Pillman","description":"","potentialAction":[{"@type":"SearchAction","target":{"@type":"EntryPoint","urlTemplate":"http:\/\/drpillman.biz\/?s={search_term_string}"},"query-input":{"@type":"PropertyValueSpecification","valueRequired":true,"valueName":"search_term_string"}}],"inLanguage":"fr-FR"}]}},"_links":{"self":[{"href":"https:\/\/drpillman.biz\/fr\/wp-json\/wp\/v2\/pages\/184","targetHints":{"allow":["GET"]}}],"collection":[{"href":"https:\/\/drpillman.biz\/fr\/wp-json\/wp\/v2\/pages"}],"about":[{"href":"https:\/\/drpillman.biz\/fr\/wp-json\/wp\/v2\/types\/page"}],"author":[{"embeddable":true,"href":"https:\/\/drpillman.biz\/fr\/wp-json\/wp\/v2\/users\/3"}],"replies":[{"embeddable":true,"href":"https:\/\/drpillman.biz\/fr\/wp-json\/wp\/v2\/comments?post=184"}],"version-history":[{"count":0,"href":"https:\/\/drpillman.biz\/fr\/wp-json\/wp\/v2\/pages\/184\/revisions"}],"wp:attachment":[{"href":"https:\/\/drpillman.biz\/fr\/wp-json\/wp\/v2\/media?parent=184"}],"curies":[{"name":"wp","href":"https:\/\/api.w.org\/{rel}","templated":true}]}}