{"id":190,"date":"2013-06-20T03:06:07","date_gmt":"2013-06-20T02:06:07","guid":{"rendered":"https:\/\/drpillman.biz\/?page_id=190"},"modified":"2024-05-17T20:54:50","modified_gmt":"2024-05-17T19:54:50","slug":"topamax","status":"publish","type":"page","link":"https:\/\/drpillman.biz\/fr\/topamax.htm","title":{"rendered":"Topamax"},"content":{"rendered":"<div id=\"content-center\">\n<div id=\"content-image\">\n\t\t\t\t\t<img decoding=\"async\" src=\"\/img\/Topamax.jpg\" alt=\"Topamax\">\t\t\t\t<\/div>\n<div id=\"content-description\">\n<h1>Topamax<\/h1>\n<p> <code><a href=\"https:\/\/200pills.com\/search.html?lang=fr&#038;cur=EUR&#038;key=Topamax\"> <button class=\"button-7\" role=\"button\">Cliquez ici pour acheter<\/button><\/a><\/code><\/p>\n<div class=\"clear\"><\/div>\n<div id=\"description\">\n\t\t\t\t\t\tTopamax est un m\u00e9dicament anticonvulsivant qui peut \u00e9galement \u00eatre utilis\u00e9 pour pr\u00e9venir les migraines chez les patients susceptibles de d\u00e9velopper ce type de maux de t\u00eate. Ce m\u00e9dicament est g\u00e9n\u00e9ralement pris deux fois par jour, bien que certains patients puissent commencer par prendre une dose de Topamax par jour, puis l&#8217;augmenter \u00e0 deux doses.\t\t\t\t\t<\/div>\n<div id=\"additional\">\n\t\t\t\t\t\tSynonymes :<span> Topiramate<\/span>\n\t\t\t\t\t<\/div>\n<\/p><\/div>\n<div class=\"clear\"><\/div>\n<p>Topamax (topiramate) est un anticonvulsivant utilis\u00e9 pour pr\u00e9venir et contr\u00f4ler les crises d&#8217;\u00e9pilepsie. Une autre utilisation possible est la pr\u00e9vention des migraines. Il est important de se rappeler que le topiramate n&#8217;arr\u00eatera pas une crise de migraine en cours, mais qu&#8217;il peut \u00eatre pris r\u00e9guli\u00e8rement pour diminuer la fr\u00e9quence de ces maux de t\u00eate et les emp\u00eacher de se produire. Vous pouvez acheter Topamax 25 mg en ligne sans ordonnance si vous pensez que c&#8217;est la meilleure solution. De plus en plus de personnes d\u00e9couvrent qu&#8217;il est en effet plus pratique d&#8217;acheter du topiramate en ligne, car il n&#8217;est pas n\u00e9cessaire de se d\u00e9placer et la commande peut \u00eatre pass\u00e9e en moins de cinq minutes. Topamax 25 mg est la dose la plus couramment prescrite, car elle donne les r\u00e9sultats escompt\u00e9s chez la plupart des patients, sans provoquer d&#8217;effets secondaires. Certains patients peuvent avoir besoin d&#8217;une dose plus \u00e9lev\u00e9e que Topamax 25 mg, mais le risque d&#8217;effets secondaires augmente \u00e9galement. Topamax se prend avec ou sans nourriture, g\u00e9n\u00e9ralement deux fois par jour \u00e0 intervalles r\u00e9guliers. Il est pr\u00e9f\u00e9rable de garder la m\u00eame routine de traitement chaque jour pour \u00e9viter d&#8217;oublier la prochaine dose \u00e0 prendre. Vous ne devez pas arr\u00eater le traitement brusquement et sans en parler \u00e0 votre m\u00e9decin, car les sympt\u00f4mes que vous essayiez de contr\u00f4ler ou de pr\u00e9venir risquent de r\u00e9appara\u00eetre. Si le traitement doit \u00eatre arr\u00eat\u00e9, vous devrez prendre de moins en moins de doses au fil des jours. Topamax ne doit pas \u00eatre partag\u00e9 avec d&#8217;autres personnes et ne doit pas \u00eatre pris plus longtemps que recommand\u00e9. Vous devrez peut-\u00eatre consulter r\u00e9guli\u00e8rement votre m\u00e9decin pour des tests et des contr\u00f4les afin de vous assurer que le m\u00e9dicament fonctionne correctement.<\/p>\n<h2>Effets secondaires<\/h2>\n<p>Les effets secondaires de Topamax sont g\u00e9n\u00e9ralement l\u00e9gers et comprennent la nervosit\u00e9, les maux de gorge, les \u00e9ternuements, la congestion nasale, la diarrh\u00e9e et de l\u00e9gers vertiges. Il n&#8217;y a g\u00e9n\u00e9ralement pas lieu de s&#8217;inqui\u00e9ter de ces effets, car ils disparaissent rapidement d&#8217;eux-m\u00eames. Les effets secondaires plus graves, en revanche, doivent \u00eatre discut\u00e9s avec votre m\u00e9decin s&#8217;ils se produisent, en particulier la s\u00e9cheresse de la bouche, la s\u00e9cheresse de la peau, l&#8217;augmentation de la soif, la perte d&#8217;app\u00e9tit, la perte soudaine de la vision, les vomissements ou les battements de c\u0153ur irr\u00e9guliers.<\/p>\n<\/p><\/div>\n<h2>La D\u00e9couverte Inattendue : Topamax &#8220;sans ordonnance&#8221; en France ?<\/h2>\n<p>Dans le monde pharmaceutique, la qu\u00eate incessante pour des solutions plus accessibles et pratiques est un d\u00e9fi constant. Ainsi, la question qui se pose avec insistance : &#8220;Est-il concevable d&#8217;acqu\u00e9rir le Topamax sans ordonnance en France ?&#8221; La r\u00e9ponse, \u00e0 premi\u00e8re vue, semble \u00eatre un non cat\u00e9gorique. Le Topamax, un m\u00e9dicament antiepileptique et un traitement pour l&#8217;ob\u00e9sit\u00e9, est soumis \u00e0 une surveillance m\u00e9dicale rigoureuse. L&#8217;absence d&#8217;ordonnance, dans ce contexte, serait un risque inconsid\u00e9r\u00e9 pour la sant\u00e9 publique.<br \/>\nCependant, la r\u00e9alit\u00e9 est plus nuanc\u00e9e. La l\u00e9gislation fran\u00e7aise autorise certains m\u00e9dicaments \u00e0 \u00eatre dispens\u00e9s sans ordonnance, mais seulement si leur innocuit\u00e9 est av\u00e9r\u00e9e et si leur usage est simple. Le Topamax, avec ses effets secondaires potentiels et sa prescription sp\u00e9cialis\u00e9e, ne rentre pas dans cette cat\u00e9gorie. Il est essentiel de souligner que le recours \u00e0 des sources illicites pour obtenir des m\u00e9dicaments sans ordonnance est non seulement ill\u00e9gal, mais aussi dangereux.<br \/>\nEn fin de compte, la s\u00e9curit\u00e9 et l&#8217;efficacit\u00e9 du Topamax ne peuvent \u00eatre garanties que par une prescription m\u00e9dicale appropri\u00e9e. La tentation d&#8217;acc\u00e9der \u00e0 ce m\u00e9dicament sans ordonnance est compr\u00e9hensible, mais il est crucial de respecter les r\u00e8gles \u00e9tablies pour prot\u00e9ger notre bien-\u00eatre collectif. La recherche de solutions plus accessibles doit se faire dans le respect de la sant\u00e9 et de la l\u00e9galit\u00e9, en \u00e9troite collaboration avec les professionnels de la sant\u00e9.<\/p>\n","protected":false},"excerpt":{"rendered":"<p>Topamax Cliquez ici pour acheter Topamax est un m\u00e9dicament anticonvulsivant qui peut \u00e9galement \u00eatre utilis\u00e9 pour pr\u00e9venir les migraines chez<\/p>\n","protected":false},"author":3,"featured_media":0,"parent":0,"menu_order":0,"comment_status":"closed","ping_status":"closed","template":"","meta":{"_lmt_disableupdate":"no","_lmt_disable":"no","footnotes":""},"class_list":["post-190","page","type-page","status-publish","hentry"],"translation":{"provider":"WPGlobus","version":"3.0.2","language":"fr","enabled_languages":["en","es","fr"],"languages":{"en":{"title":true,"content":true,"excerpt":false},"es":{"title":true,"content":true,"excerpt":false},"fr":{"title":true,"content":true,"excerpt":false}}},"yoast_head":"<!-- This site is optimized with the Yoast SEO plugin v27.4 - https:\/\/yoast.com\/product\/yoast-seo-wordpress\/ -->\n<title>Acheter Topamax 25, 50 et 100 mg en ligne sans ordonnance en France<\/title>\n<meta name=\"description\" content=\"Topamax (topiramate) est un m\u00e9dicament anti-seizure que vous pouvez utiliser pour traiter les crises. De nos jours, n&#039;importe qui peut acheter un topiramate 25 mg, y compris pour la pr\u00e9vention des maux de t\u00eate de la migraine.\" \/>\n<meta name=\"robots\" content=\"index, follow, max-snippet:-1, max-image-preview:large, max-video-preview:-1\" \/>\n<link rel=\"canonical\" href=\"https:\/\/drpillman.biz\/fr\/topamax.htm\" \/>\n<meta property=\"og:locale\" content=\"fr_FR\" \/>\n<meta property=\"og:type\" content=\"article\" \/>\n<meta property=\"og:title\" content=\"Acheter Topamax 25, 50 et 100 mg en ligne sans ordonnance en France\" \/>\n<meta property=\"og:description\" content=\"Topamax (topiramate) est un m\u00e9dicament anti-seizure que vous pouvez utiliser pour traiter les crises. De nos jours, n&#039;importe qui peut acheter un topiramate 25 mg, y compris pour la pr\u00e9vention des maux de t\u00eate de la migraine.\" \/>\n<meta property=\"og:url\" content=\"https:\/\/drpillman.biz\/fr\/topamax.htm\" \/>\n<meta property=\"og:site_name\" content=\"Dr.Pillman\" \/>\n<meta property=\"article:modified_time\" content=\"2024-05-17T19:54:50+00:00\" \/>\n<meta name=\"twitter:card\" content=\"summary_large_image\" \/>\n<script type=\"application\/ld+json\" class=\"yoast-schema-graph\">{\"@context\":\"https:\\\/\\\/schema.org\",\"@graph\":[{\"@type\":\"WebPage\",\"@id\":\"https:\\\/\\\/drpillman.biz\\\/fr\\\/topamax.htm\",\"url\":\"https:\\\/\\\/drpillman.biz\\\/fr\\\/topamax.htm\",\"name\":\"Acheter Topamax 25, 50 et 100 mg en ligne sans ordonnance en France\",\"isPartOf\":{\"@id\":\"https:\\\/\\\/drpillman.biz\\\/fr\\\/#website\"},\"datePublished\":\"2013-06-20T02:06:07+00:00\",\"dateModified\":\"2024-05-17T19:54:50+00:00\",\"description\":\"Topamax (topiramate) est un m\u00e9dicament anti-seizure que vous pouvez utiliser pour traiter les crises. De nos jours, n'importe qui peut acheter un topiramate 25 mg, y compris pour la pr\u00e9vention des maux de t\u00eate de la migraine.\",\"breadcrumb\":{\"@id\":\"https:\\\/\\\/drpillman.biz\\\/fr\\\/topamax.htm#breadcrumb\"},\"inLanguage\":\"fr-FR\",\"potentialAction\":[{\"@type\":\"ReadAction\",\"target\":[\"https:\\\/\\\/drpillman.biz\\\/fr\\\/topamax.htm\"]}]},{\"@type\":\"BreadcrumbList\",\"@id\":\"https:\\\/\\\/drpillman.biz\\\/fr\\\/topamax.htm#breadcrumb\",\"itemListElement\":[{\"@type\":\"ListItem\",\"position\":1,\"name\":\"Home\",\"item\":\"https:\\\/\\\/drpillman.biz\\\/fr\\\/\"},{\"@type\":\"ListItem\",\"position\":2,\"name\":\"Topamax\"}]},{\"@type\":\"WebSite\",\"@id\":\"https:\\\/\\\/drpillman.biz\\\/fr\\\/#website\",\"url\":\"https:\\\/\\\/drpillman.biz\\\/fr\\\/\",\"name\":\"Dr.Pillman\",\"description\":\"\",\"potentialAction\":[{\"@type\":\"SearchAction\",\"target\":{\"@type\":\"EntryPoint\",\"urlTemplate\":\"https:\\\/\\\/drpillman.biz\\\/fr\\\/?s={search_term_string}\"},\"query-input\":{\"@type\":\"PropertyValueSpecification\",\"valueRequired\":true,\"valueName\":\"search_term_string\"}}],\"inLanguage\":\"fr-FR\"}]}<\/script>\n<!-- \/ Yoast SEO plugin. -->","yoast_head_json":{"title":"Acheter Topamax 25, 50 et 100 mg en ligne sans ordonnance en France","description":"Topamax (topiramate) est un m\u00e9dicament anti-seizure que vous pouvez utiliser pour traiter les crises. De nos jours, n'importe qui peut acheter un topiramate 25 mg, y compris pour la pr\u00e9vention des maux de t\u00eate de la migraine.","robots":{"index":"index","follow":"follow","max-snippet":"max-snippet:-1","max-image-preview":"max-image-preview:large","max-video-preview":"max-video-preview:-1"},"canonical":"https:\/\/drpillman.biz\/fr\/topamax.htm","og_locale":"fr_FR","og_type":"article","og_title":"Acheter Topamax 25, 50 et 100 mg en ligne sans ordonnance en France","og_description":"Topamax (topiramate) est un m\u00e9dicament anti-seizure que vous pouvez utiliser pour traiter les crises. De nos jours, n'importe qui peut acheter un topiramate 25 mg, y compris pour la pr\u00e9vention des maux de t\u00eate de la migraine.","og_url":"https:\/\/drpillman.biz\/fr\/topamax.htm","og_site_name":"Dr.Pillman","article_modified_time":"2024-05-17T19:54:50+00:00","twitter_card":"summary_large_image","schema":{"@context":"https:\/\/schema.org","@graph":[{"@type":"WebPage","@id":"https:\/\/drpillman.biz\/fr\/topamax.htm","url":"https:\/\/drpillman.biz\/fr\/topamax.htm","name":"Acheter Topamax 25, 50 et 100 mg en ligne sans ordonnance en France","isPartOf":{"@id":"https:\/\/drpillman.biz\/fr\/#website"},"datePublished":"2013-06-20T02:06:07+00:00","dateModified":"2024-05-17T19:54:50+00:00","description":"Topamax (topiramate) est un m\u00e9dicament anti-seizure que vous pouvez utiliser pour traiter les crises. De nos jours, n'importe qui peut acheter un topiramate 25 mg, y compris pour la pr\u00e9vention des maux de t\u00eate de la migraine.","breadcrumb":{"@id":"https:\/\/drpillman.biz\/fr\/topamax.htm#breadcrumb"},"inLanguage":"fr-FR","potentialAction":[{"@type":"ReadAction","target":["https:\/\/drpillman.biz\/fr\/topamax.htm"]}]},{"@type":"BreadcrumbList","@id":"https:\/\/drpillman.biz\/fr\/topamax.htm#breadcrumb","itemListElement":[{"@type":"ListItem","position":1,"name":"Home","item":"https:\/\/drpillman.biz\/fr\/"},{"@type":"ListItem","position":2,"name":"Topamax"}]},{"@type":"WebSite","@id":"https:\/\/drpillman.biz\/fr\/#website","url":"https:\/\/drpillman.biz\/fr\/","name":"Dr.Pillman","description":"","potentialAction":[{"@type":"SearchAction","target":{"@type":"EntryPoint","urlTemplate":"https:\/\/drpillman.biz\/fr\/?s={search_term_string}"},"query-input":{"@type":"PropertyValueSpecification","valueRequired":true,"valueName":"search_term_string"}}],"inLanguage":"fr-FR"}]}},"_links":{"self":[{"href":"https:\/\/drpillman.biz\/fr\/wp-json\/wp\/v2\/pages\/190","targetHints":{"allow":["GET"]}}],"collection":[{"href":"https:\/\/drpillman.biz\/fr\/wp-json\/wp\/v2\/pages"}],"about":[{"href":"https:\/\/drpillman.biz\/fr\/wp-json\/wp\/v2\/types\/page"}],"author":[{"embeddable":true,"href":"https:\/\/drpillman.biz\/fr\/wp-json\/wp\/v2\/users\/3"}],"replies":[{"embeddable":true,"href":"https:\/\/drpillman.biz\/fr\/wp-json\/wp\/v2\/comments?post=190"}],"version-history":[{"count":0,"href":"https:\/\/drpillman.biz\/fr\/wp-json\/wp\/v2\/pages\/190\/revisions"}],"wp:attachment":[{"href":"https:\/\/drpillman.biz\/fr\/wp-json\/wp\/v2\/media?parent=190"}],"curies":[{"name":"wp","href":"https:\/\/api.w.org\/{rel}","templated":true}]}}