{"id":193,"date":"2013-07-10T10:14:27","date_gmt":"2013-07-10T09:14:27","guid":{"rendered":"https:\/\/drpillman.biz\/?page_id=193"},"modified":"2024-05-17T20:11:52","modified_gmt":"2024-05-17T19:11:52","slug":"tretinoin","status":"publish","type":"page","link":"https:\/\/drpillman.biz\/fr\/tretinoin.htm","title":{"rendered":"Tr\u00e9tino\u00efne"},"content":{"rendered":"<div id=\"content-center\">\n<div id=\"content-image\">\n\t\t\t\t\t<img decoding=\"async\" src=\"\/img\/Tretinoin.jpg\" alt=\"La tr\u00e9tino\u00efne\">\t\t\t\t<\/div>\n<div id=\"content-description\">\n<h1>Tr\u00e9tino\u00efne<\/h1>\n<p> <code><a href=\"https:\/\/200pills.com\/search.html?lang=fr&#038;cur=EUR&#038;key=Tretinoin\"> <button class=\"button-7\" role=\"button\">Cliquez ici pour acheter<\/button><\/a><\/code> <\/p>\n<div class=\"gray\"><\/div>\n<div class=\"clear\"><\/div>\n<div id=\"description\">\n\t\t\t\t\t\tLa tr\u00e9tino\u00efne est l&#8217;un des principaux traitements des affections cutan\u00e9es l\u00e9g\u00e8res \u00e0 graves, telles que les d\u00e9colorations, les rides et, plus particuli\u00e8rement, l&#8217;acn\u00e9. La tr\u00e9tino\u00efne est fortement prescrite par les m\u00e9decins parce qu&#8217;elle est s\u00fbre et facile \u00e0 appliquer. Il existe diff\u00e9rentes pr\u00e9parations, mais les plus courantes et les plus utilis\u00e9es sont les cr\u00e8mes \u00e0 base de tr\u00e9tino\u00efne.\t\t\t\t\t<\/div>\n<div id=\"additional\">\n\t\t\t\t\t\tSynonymes :<span> R\u00e9tine-A<\/span>\n\t\t\t\t\t<\/div>\n<\/p><\/div>\n<div class=\"clear\"><\/div>\n<h2>Br\u00e8ve histoire<\/h2>\n<p>La tr\u00e9tino\u00efne appartient \u00e0 la famille des r\u00e9tino\u00efdes de premi\u00e8re g\u00e9n\u00e9ration. Elle a \u00e9t\u00e9 commercialis\u00e9e pour la premi\u00e8re fois aux \u00c9tats-Unis en 1971 sous la forme d&#8217;un m\u00e9dicament topique et a \u00e9t\u00e9 la premi\u00e8re \u00e0 faire l&#8217;objet de tests cliniques pour le traitement de l&#8217;acn\u00e9 et des boutons.<\/p>\n<h2>Effet pharmacologique<\/h2>\n<p>La tr\u00e9tino\u00efne est un m\u00e9dicament topique qui peut aider \u00e0 restaurer la forme et la texture naturelles de la peau. Son principal m\u00e9canisme consiste \u00e0 \u00e9liminer les cellules mortes et endommag\u00e9es (par le soleil) de la peau, ce qui permet \u00e0 la nouvelle peau de remonter \u00e0 la surface de la couche sup\u00e9rieure du derme et de remplacer les vieilles cellules rid\u00e9es par des cellules jeunes et pleines de vie. Elle ralentit \u00e9galement le processus d&#8217;\u00e9limination des cellules mortes de la peau, ce qui permet un processus de rajeunissement indolore de la peau. En r\u00e9sum\u00e9, il a un effet exfoliant qui peut r\u00e9tablir l&#8217;int\u00e9grit\u00e9 de la peau. Cependant, il ne corrige pas les dommages caus\u00e9s \u00e0 la peau par les rayons ultraviolets ou le vieillissement, ce qui se traduit par une peau rid\u00e9e, des d\u00e9colorations, des papules, etc. Il s&#8217;agit plut\u00f4t d&#8217;\u00e9liminer la peau affect\u00e9e gr\u00e2ce \u00e0 l&#8217;exfoliation.<\/p>\n<h2>Effets secondaires<\/h2>\n<p>La cr\u00e8me de tr\u00e9tino\u00efne est un traitement modeste pour la peau, disponible en vente libre au Royaume-Uni. Ses effets secondaires ne sont pas vraiment n\u00e9fastes ; ils sont tr\u00e8s faciles \u00e0 g\u00e9rer et sont pour la plupart superficiels. L&#8217;un des effets secondaires les plus courants de ce traitement est la s\u00e9cheresse de la peau. Apparemment, lorsque les cellules endommag\u00e9es de la peau se d\u00e9tachent, elles perdent leur \u00e9lasticit\u00e9 et leur humidit\u00e9, ce qui leur permet de se d\u00e9tacher de la surface de la couche \u00e9pith\u00e9liale. Cela conduit \u00e0 l&#8217;effet secondaire suivant, sans parler d&#8217;un autre effet courant : une desquamation tr\u00e8s visible de la peau. L&#8217;action exfoliante de la tr\u00e9tino\u00efne d\u00e9sint\u00e8gre la surface de la peau en m\u00eame temps et \u00e0 la m\u00eame vitesse : la peau se d\u00e9tache en grandes portions. Certaines marques de tr\u00e9tino\u00efne offrent une micro-exfoliation, mais il s&#8217;agit g\u00e9n\u00e9ralement de celles qui sont incorpor\u00e9es \u00e0 d&#8217;autres compos\u00e9s chimiques. Enfin, une d\u00e9coloration de la peau est tout \u00e0 fait possible si les zones o\u00f9 la tr\u00e9tino\u00efne est appliqu\u00e9e sont expos\u00e9es au soleil. Pour les \u00e9viter, les m\u00e9decins recommandent vivement d&#8217;associer la tr\u00e9tino\u00efne \u00e0 un \u00e9cran solaire.<\/p>\n<h2>Avantages de l&#8217;achat en ligne<\/h2>\n<p>Avec la grande disponibilit\u00e9 des m\u00e9dicaments en vente libre sur le web aujourd&#8217;hui, l&#8217;achat de cr\u00e8me de tr\u00e9tino\u00efne en ligne est devenu un moyen favorable d&#8217;acheter ce m\u00e9dicament. Il peut vous \u00e9pargner les efforts et l&#8217;essence n\u00e9cessaires pour vous rendre \u00e0 la pharmacie la plus proche ; en quelques clics, l&#8217;achat peut \u00eatre effectu\u00e9 en un instant. Vous pouvez vous attendre \u00e0 ce que vos m\u00e9dicaments soient livr\u00e9s directement \u00e0 votre domicile le jour suivant. La beaut\u00e9 des achats en ligne peut se r\u00e9sumer en un seul mot : commodit\u00e9.<\/p>\n<p>En outre, aucune ordonnance n&#8217;est n\u00e9cessaire pour acheter de la cr\u00e8me de tr\u00e9tino\u00efne en ligne au Royaume-Uni. Les patients n&#8217;ont qu&#8217;\u00e0 remplir un formulaire pr\u00e9sent\u00e9 par le transporteur, et une fois que c&#8217;est fait, vous pouvez imm\u00e9diatement commencer votre r\u00e9gime de m\u00e9dicaments.<\/p>\n<\/p><\/div>\n<h2>La Qu\u00eate D\u00e9licate : Tretinoin Sans Ordonnance en France<\/h2>\n<p>Dans le contexte pharmaceutique fran\u00e7ais, la question qui titille de nombreux esprits curieux est celle de l&#8217;accessibilit\u00e9 du Tretinoin sans ordonnance. La r\u00e9alit\u00e9 est que ce rem\u00e8de miracle, prometteur pour lutter contre les cicatrices d&#8217;acn\u00e9 et les rides, se trouve dans une zone grise. Bien que certains pr\u00e9tendent pouvoir l&#8217;obtenir sans le sceau d&#8217;approbation d&#8217;un m\u00e9decin, il convient de temp\u00e9rer ces affirmations avec prudence. Le Tretinoin, en effet, est une mol\u00e9cule puissante, dont l&#8217;utilisation doit \u00eatre surveill\u00e9e de pr\u00e8s pour \u00e9viter les effets secondaires ind\u00e9sirables. La voie l\u00e9gale et s\u00e9curitaire reste donc clairement celle de la prescription m\u00e9dicale, garantissant ainsi une utilisation optimale et une s\u00e9curit\u00e9 accrue pour les utilisateurs. En d\u00e9pit des appels \u00e0 la d\u00e9mocratisation de l&#8217;acc\u00e8s \u00e0 cette mol\u00e9cule, la r\u00e9glementation fran\u00e7aise reste ferme sur la n\u00e9cessit\u00e9 d&#8217;une ordonnance, mettant ainsi en exergue l&#8217;importance de la pr\u00e9servation de la sant\u00e9 publique.<\/p>\n","protected":false},"excerpt":{"rendered":"<p>Tr\u00e9tino\u00efne Cliquez ici pour acheter La tr\u00e9tino\u00efne est l&#8217;un des principaux traitements des affections cutan\u00e9es l\u00e9g\u00e8res \u00e0 graves, telles que<\/p>\n","protected":false},"author":3,"featured_media":0,"parent":0,"menu_order":0,"comment_status":"closed","ping_status":"closed","template":"","meta":{"_lmt_disableupdate":"no","_lmt_disable":"no","footnotes":""},"class_list":["post-193","page","type-page","status-publish","hentry"],"translation":{"provider":"WPGlobus","version":"3.0.2","language":"fr","enabled_languages":["en","es","fr"],"languages":{"en":{"title":true,"content":true,"excerpt":false},"es":{"title":true,"content":true,"excerpt":false},"fr":{"title":true,"content":true,"excerpt":false}}},"yoast_head":"<!-- This site is optimized with the Yoast SEO plugin v27.4 - https:\/\/yoast.com\/product\/yoast-seo-wordpress\/ -->\n<title>Acheter Tr\u00e9tino\u00efne 0.025 et 0.05 % en ligne sans ordonnance en France<\/title>\n<meta name=\"description\" content=\"La tr\u00e9tino\u00efne est con\u00e7ue pour les patients atteints d&#039;acn\u00e9 qui ne r\u00e9pond pas \u00e0 d&#039;autres m\u00e9thodes de traitement. Les patients avec ce probl\u00e8me pr\u00e9f\u00e8rent acheter de la cr\u00e8me de tr\u00e9tino\u00efne dans les pharmacies de France avec une remise.\" \/>\n<meta name=\"robots\" content=\"index, follow, max-snippet:-1, max-image-preview:large, max-video-preview:-1\" \/>\n<link rel=\"canonical\" href=\"http:\/\/drpillman.biz\/tretinoin.htm\" \/>\n<meta property=\"og:locale\" content=\"fr_FR\" \/>\n<meta property=\"og:type\" content=\"article\" \/>\n<meta property=\"og:title\" content=\"Acheter Tr\u00e9tino\u00efne 0.025 et 0.05 % en ligne sans ordonnance en France\" \/>\n<meta property=\"og:description\" content=\"La tr\u00e9tino\u00efne est con\u00e7ue pour les patients atteints d&#039;acn\u00e9 qui ne r\u00e9pond pas \u00e0 d&#039;autres m\u00e9thodes de traitement. Les patients avec ce probl\u00e8me pr\u00e9f\u00e8rent acheter de la cr\u00e8me de tr\u00e9tino\u00efne dans les pharmacies de France avec une remise.\" \/>\n<meta property=\"og:url\" content=\"http:\/\/drpillman.biz\/tretinoin.htm\" \/>\n<meta property=\"og:site_name\" content=\"Dr.Pillman\" \/>\n<meta property=\"article:modified_time\" content=\"2024-05-17T19:11:52+00:00\" \/>\n<meta name=\"twitter:card\" content=\"summary_large_image\" \/>\n<script type=\"application\/ld+json\" class=\"yoast-schema-graph\">{\"@context\":\"https:\\\/\\\/schema.org\",\"@graph\":[{\"@type\":\"WebPage\",\"@id\":\"http:\\\/\\\/drpillman.biz\\\/tretinoin.htm\",\"url\":\"http:\\\/\\\/drpillman.biz\\\/tretinoin.htm\",\"name\":\"Skin Revitalization Made Easy: Buying Tretinoin Cream in UK, Online\",\"isPartOf\":{\"@id\":\"https:\\\/\\\/drpillman.biz\\\/fr\\\/#website\"},\"datePublished\":\"2013-07-10T09:14:27+00:00\",\"dateModified\":\"2024-05-17T19:11:52+00:00\",\"description\":\"La tr\u00e9tino\u00efne est con\u00e7ue pour les patients atteints d'acn\u00e9 qui ne r\u00e9pond pas \u00e0 d'autres m\u00e9thodes de traitement. Les patients avec ce probl\u00e8me pr\u00e9f\u00e8rent acheter de la cr\u00e8me de tr\u00e9tino\u00efne dans les pharmacies de France avec une remise.\",\"breadcrumb\":{\"@id\":\"http:\\\/\\\/drpillman.biz\\\/tretinoin.htm#breadcrumb\"},\"inLanguage\":\"fr-FR\",\"potentialAction\":[{\"@type\":\"ReadAction\",\"target\":[\"http:\\\/\\\/drpillman.biz\\\/tretinoin.htm\"]}]},{\"@type\":\"BreadcrumbList\",\"@id\":\"http:\\\/\\\/drpillman.biz\\\/tretinoin.htm#breadcrumb\",\"itemListElement\":[{\"@type\":\"ListItem\",\"position\":1,\"name\":\"Home\",\"item\":\"https:\\\/\\\/drpillman.biz\\\/fr\\\/\"},{\"@type\":\"ListItem\",\"position\":2,\"name\":\"Tretinoin\"}]},{\"@type\":\"WebSite\",\"@id\":\"https:\\\/\\\/drpillman.biz\\\/fr\\\/#website\",\"url\":\"https:\\\/\\\/drpillman.biz\\\/fr\\\/\",\"name\":\"Dr.Pillman\",\"description\":\"\",\"potentialAction\":[{\"@type\":\"SearchAction\",\"target\":{\"@type\":\"EntryPoint\",\"urlTemplate\":\"https:\\\/\\\/drpillman.biz\\\/fr\\\/?s={search_term_string}\"},\"query-input\":{\"@type\":\"PropertyValueSpecification\",\"valueRequired\":true,\"valueName\":\"search_term_string\"}}],\"inLanguage\":\"fr-FR\"}]}<\/script>\n<!-- \/ Yoast SEO plugin. -->","yoast_head_json":{"title":"Acheter Tr\u00e9tino\u00efne 0.025 et 0.05 % en ligne sans ordonnance en France","description":"La tr\u00e9tino\u00efne est con\u00e7ue pour les patients atteints d'acn\u00e9 qui ne r\u00e9pond pas \u00e0 d'autres m\u00e9thodes de traitement. Les patients avec ce probl\u00e8me pr\u00e9f\u00e8rent acheter de la cr\u00e8me de tr\u00e9tino\u00efne dans les pharmacies de France avec une remise.","robots":{"index":"index","follow":"follow","max-snippet":"max-snippet:-1","max-image-preview":"max-image-preview:large","max-video-preview":"max-video-preview:-1"},"canonical":"http:\/\/drpillman.biz\/tretinoin.htm","og_locale":"fr_FR","og_type":"article","og_title":"Acheter Tr\u00e9tino\u00efne 0.025 et 0.05 % en ligne sans ordonnance en France","og_description":"La tr\u00e9tino\u00efne est con\u00e7ue pour les patients atteints d'acn\u00e9 qui ne r\u00e9pond pas \u00e0 d'autres m\u00e9thodes de traitement. Les patients avec ce probl\u00e8me pr\u00e9f\u00e8rent acheter de la cr\u00e8me de tr\u00e9tino\u00efne dans les pharmacies de France avec une remise.","og_url":"http:\/\/drpillman.biz\/tretinoin.htm","og_site_name":"Dr.Pillman","article_modified_time":"2024-05-17T19:11:52+00:00","twitter_card":"summary_large_image","schema":{"@context":"https:\/\/schema.org","@graph":[{"@type":"WebPage","@id":"http:\/\/drpillman.biz\/tretinoin.htm","url":"http:\/\/drpillman.biz\/tretinoin.htm","name":"Skin Revitalization Made Easy: Buying Tretinoin Cream in UK, Online","isPartOf":{"@id":"https:\/\/drpillman.biz\/fr\/#website"},"datePublished":"2013-07-10T09:14:27+00:00","dateModified":"2024-05-17T19:11:52+00:00","description":"La tr\u00e9tino\u00efne est con\u00e7ue pour les patients atteints d'acn\u00e9 qui ne r\u00e9pond pas \u00e0 d'autres m\u00e9thodes de traitement. Les patients avec ce probl\u00e8me pr\u00e9f\u00e8rent acheter de la cr\u00e8me de tr\u00e9tino\u00efne dans les pharmacies de France avec une remise.","breadcrumb":{"@id":"http:\/\/drpillman.biz\/tretinoin.htm#breadcrumb"},"inLanguage":"fr-FR","potentialAction":[{"@type":"ReadAction","target":["http:\/\/drpillman.biz\/tretinoin.htm"]}]},{"@type":"BreadcrumbList","@id":"http:\/\/drpillman.biz\/tretinoin.htm#breadcrumb","itemListElement":[{"@type":"ListItem","position":1,"name":"Home","item":"https:\/\/drpillman.biz\/fr\/"},{"@type":"ListItem","position":2,"name":"Tretinoin"}]},{"@type":"WebSite","@id":"https:\/\/drpillman.biz\/fr\/#website","url":"https:\/\/drpillman.biz\/fr\/","name":"Dr.Pillman","description":"","potentialAction":[{"@type":"SearchAction","target":{"@type":"EntryPoint","urlTemplate":"https:\/\/drpillman.biz\/fr\/?s={search_term_string}"},"query-input":{"@type":"PropertyValueSpecification","valueRequired":true,"valueName":"search_term_string"}}],"inLanguage":"fr-FR"}]}},"_links":{"self":[{"href":"https:\/\/drpillman.biz\/fr\/wp-json\/wp\/v2\/pages\/193","targetHints":{"allow":["GET"]}}],"collection":[{"href":"https:\/\/drpillman.biz\/fr\/wp-json\/wp\/v2\/pages"}],"about":[{"href":"https:\/\/drpillman.biz\/fr\/wp-json\/wp\/v2\/types\/page"}],"author":[{"embeddable":true,"href":"https:\/\/drpillman.biz\/fr\/wp-json\/wp\/v2\/users\/3"}],"replies":[{"embeddable":true,"href":"https:\/\/drpillman.biz\/fr\/wp-json\/wp\/v2\/comments?post=193"}],"version-history":[{"count":0,"href":"https:\/\/drpillman.biz\/fr\/wp-json\/wp\/v2\/pages\/193\/revisions"}],"wp:attachment":[{"href":"https:\/\/drpillman.biz\/fr\/wp-json\/wp\/v2\/media?parent=193"}],"curies":[{"name":"wp","href":"https:\/\/api.w.org\/{rel}","templated":true}]}}