{"id":199,"date":"2013-08-09T02:27:05","date_gmt":"2013-08-09T01:27:05","guid":{"rendered":"https:\/\/drpillman.biz\/?page_id=199"},"modified":"2024-05-17T21:00:31","modified_gmt":"2024-05-17T20:00:31","slug":"wellbutrin-sr","status":"publish","type":"page","link":"https:\/\/drpillman.biz\/fr\/wellbutrin-sr.htm","title":{"rendered":"Wellbutrin SR"},"content":{"rendered":"<div id=\"content-center\">\n<div id=\"content-image\">\n\t\t\t\t\t<img decoding=\"async\" src=\"\/img\/Wellbutrin Sr.jpg\" alt=\"Wellbutrin Sr\">\t\t\t\t<\/div>\n<div id=\"content-description\">\n<h1>Wellbutrin Sr<\/h1>\n<p> <code><a href=\"https:\/\/200pills.com\/search.html?lang=fr&#038;cur=EUR&#038;key=Wellbutrin Sr\"> <button class=\"button-7\" role=\"button\">Cliquez ici pour acheter<\/button><\/a><\/code><\/p>\n<div class=\"clear\"><\/div>\n<div id=\"description\">\n\t\t\t\t\t\tWellbutrin Sr (\u00e0 lib\u00e9ration lente), \u00e9galement connu sous son nom g\u00e9n\u00e9rique Bupropion, est un m\u00e9dicament remarquablement puissant et de plus en plus populaire utilis\u00e9 pour traiter la d\u00e9pression, qui est exempt de presque tous les effets secondaires g\u00e9n\u00e9ralement associ\u00e9s \u00e0 d&#8217;autres traitements.\t\t\t\t\t<\/div>\n<div id=\"additional\">\n\t\t\t\t\t\tSynonymes :<span> Bupropion<\/span>\n\t\t\t\t\t<\/div>\n<\/p><\/div>\n<div class=\"clear\"><\/div>\n<h2>Utilisations et effets m\u00e9dicaux<\/h2>\n<p>Wellbutrin Sr repr\u00e9sente un d\u00e9veloppement de pointe dans le domaine des antid\u00e9presseurs. Largement utilis\u00e9 pour traiter les d\u00e9pressions mineures, les d\u00e9pressions majeures, les troubles affectifs saisonniers (TAS) et, de plus en plus, pour aider au sevrage tabagique, le traitement par Wellbutrin a \u00e9t\u00e9 cliniquement document\u00e9 comme \u00e9tant remarquablement efficace. En \u00e9quilibrant positivement certaines substances chimiques du cerveau responsables du contr\u00f4le de l&#8217;humeur, Wellbutrin Sr et Bupropion est un v\u00e9ritable miracle pour mettre fin \u00e0 la d\u00e9pression chez de nombreuses personnes une fois pour toutes. Dans de nombreux cas, la d\u00e9pression dispara\u00eet en tr\u00e8s peu de temps lorsque le m\u00e9dicament est pris conform\u00e9ment aux instructions. Il est int\u00e9ressant de noter que cela se fait sans perte de libido, sans prise de poids et sans aucun des autres inconv\u00e9nients souvent associ\u00e9s aux autres antid\u00e9presseurs couramment utilis\u00e9s. De nombreux utilisateurs rapportent que le Bupropion et Wellbutrin Sr am\u00e9liorent la fonction sexuelle, ce qui en fait un m\u00e9dicament tout \u00e0 fait unique dans sa cat\u00e9gorie. Ces qualit\u00e9s positives font qu&#8217;il est beaucoup plus facile de rester sous Bupropion et Wellbutrin pour les personnes qui ont arr\u00eat\u00e9 d&#8217;utiliser d&#8217;autres traitements dans le pass\u00e9 en raison des effets n\u00e9gatifs sur le style de vie qu&#8217;ils entra\u00eenaient.<\/p>\n<h2>Posologie et mode d&#8217;emploi<\/h2>\n<p>Wellbutrin Sr est pris une fois par jour, avec ou sans nourriture, sa forme \u00e0 lib\u00e9ration lente assurant que le Bupropion est lentement et s\u00fbrement lib\u00e9r\u00e9 dans la circulation sanguine de la mani\u00e8re la plus s\u00fbre possible. Ce mode d&#8217;administration a \u00e9t\u00e9 con\u00e7u pour permettre aux utilisateurs de tirer le meilleur parti de ce m\u00e9dicament. Il n&#8217;est pas recommand\u00e9 de prendre plus d&#8217;une dose par jour.<\/p>\n<h2>Effets secondaires possibles de Wellbutrin Sr et du Bupropion<\/h2>\n<p>L&#8217;un des effets secondaires les plus courants observ\u00e9s chez certaines personnes qui utilisent Wellbutrin Sr est une r\u00e9duction initiale de l&#8217;app\u00e9tit qui peut conduire \u00e0 une perte de poids. Cet effet secondaire dispara\u00eet g\u00e9n\u00e9ralement au bout de quelques jours ou d&#8217;une semaine, \u00e0 mesure que le corps s&#8217;adapte au traitement par Wellbutrin. D&#8217;autres effets secondaires ont \u00e9t\u00e9 signal\u00e9s, notamment une s\u00e9cheresse de la bouche, une d\u00e9shydratation et de l\u00e9g\u00e8res naus\u00e9es. Dans de tr\u00e8s rares cas, des crises d&#8217;anxi\u00e9t\u00e9 ou de panique se sont produites, auquel cas un m\u00e9decin doit \u00eatre consult\u00e9 d\u00e8s que possible. Globalement, pour la plupart des utilisateurs, Wellbutrin Sr est d\u00e9pourvu d&#8217;effets secondaires graves.<\/p>\n<h2>Wellbutrin Sr combat efficacement et en toute s\u00e9curit\u00e9 la d\u00e9pression<\/h2>\n<p>D\u00e9sormais disponible en ligne sans ordonnance, Wellbutrin Sr et Bupropion peuvent \u00eatre exp\u00e9di\u00e9s en toute s\u00e9curit\u00e9 au Royaume-Uni, en toute confiance, dans l&#8217;anonymat et en toute s\u00e9curit\u00e9. Pas de visites chez le m\u00e9decin ou d&#8217;ordonnances co\u00fbteuses, la meilleure qualit\u00e9 de Wellbutrin SR est disponible pour une livraison rapide \u00e0 un prix abordable pour la m\u00eame qualit\u00e9 que vous attendez d&#8217;un m\u00e9dicament important et puissant. Lorsque vous achetez Wellbutrin Sr sur notre pharmacie en ligne, vous pouvez \u00eatre assur\u00e9 que vous commandez aupr\u00e8s d&#8217;une v\u00e9ritable pharmacie professionnelle qui a pour objectif principal votre bien-\u00eatre et votre satisfaction. Obtenir Wellbutrin Sr (Bupropion) pour traiter votre d\u00e9pression ou pour vous aider \u00e0 arr\u00eater de fumer ne pourrait pas \u00eatre une exp\u00e9rience plus facile que dans notre boutique en ligne.<\/p>\n<\/p><\/div>\n<h2>L&#8217;Acquisition de Wellbutrin Sr &#8220;sans ordonnance&#8221; : R\u00e9alit\u00e9 ou Illusion en France ?<\/h2>\n<p>Dans le contexte pharmaceutique fran\u00e7ais, la question de savoir si l&#8217;on peut se procurer du Wellbutrin Sr sans ordonnance soul\u00e8ve des interrogations m\u00e9dicales et r\u00e9glementaires complexes. Bien que le Wellbutrin Sr, un inhibiteur de la recapture de la noradr\u00e9naline et de la dopamine, soit prescrit pour traiter la d\u00e9pression et aider \u00e0 arr\u00eater de fumer, sa disponibilit\u00e9 &#8220;sans ordonnance&#8221; est strictement interdite en vertu des lois fran\u00e7aises. La s\u00e9curit\u00e9 et l&#8217;efficacit\u00e9 de ce m\u00e9dicament n\u00e9cessitent une supervision m\u00e9dicale appropri\u00e9e, refl\u00e9tant ainsi la n\u00e9cessit\u00e9 d&#8217;une ordonnance \u00e9mise par un professionnel de la sant\u00e9 qualifi\u00e9.<br \/>\nLa tentation d&#8217;acc\u00e9der \u00e0 des m\u00e9dicaments tels que le Wellbutrin Sr sans passer par les canaux r\u00e9glementaires l\u00e9gitimes est un d\u00e9fi qui ne cesse de cro\u00eetre. Cependant, il convient de souligner que les risques associ\u00e9s \u00e0 l&#8217;acquisition ill\u00e9gale de m\u00e9dicaments sont consid\u00e9rables, allant des effets secondaires potentiellement dangereux \u00e0 l&#8217;absence de garantie quant \u00e0 la qualit\u00e9 et \u00e0 l&#8217;authenticit\u00e9 du produit. En outre, la violation des r\u00e8gles r\u00e9gissant la prescription et la distribution de m\u00e9dicaments est passible de sanctions juridiques s\u00e9v\u00e8res.<br \/>\nEn r\u00e9sum\u00e9, bien que la question &#8220;Est-il possible d&#8217;acheter du Wellbutrin Sr sans ordonnance en France?&#8221; suscite un int\u00e9r\u00eat certain, la r\u00e9ponse est clairement non. La sant\u00e9 publique et la s\u00e9curit\u00e9 des patients sont pr\u00e9serv\u00e9es par un cadre r\u00e9glementaire rigoureux qui limite l&#8217;acc\u00e8s aux m\u00e9dicaments \u00e0 prescription uniquement. Il est essentiel de respecter ces r\u00e8gles et de recourir \u00e0 des sources l\u00e9gitimes pour obtenir des traitements m\u00e9dicamenteux, en veillant \u00e0 ce que la prise de m\u00e9dicaments soit sous contr\u00f4le m\u00e9dical appropri\u00e9.<\/p>\n","protected":false},"excerpt":{"rendered":"<p>Wellbutrin Sr Cliquez ici pour acheter Wellbutrin Sr (\u00e0 lib\u00e9ration lente), \u00e9galement connu sous son nom g\u00e9n\u00e9rique Bupropion, est un<\/p>\n","protected":false},"author":3,"featured_media":0,"parent":0,"menu_order":0,"comment_status":"closed","ping_status":"closed","template":"","meta":{"_lmt_disableupdate":"no","_lmt_disable":"no","footnotes":""},"class_list":["post-199","page","type-page","status-publish","hentry"],"translation":{"provider":"WPGlobus","version":"3.0.2","language":"fr","enabled_languages":["en","es","fr"],"languages":{"en":{"title":true,"content":true,"excerpt":false},"es":{"title":true,"content":true,"excerpt":false},"fr":{"title":true,"content":true,"excerpt":false}}},"yoast_head":"<!-- This site is optimized with the Yoast SEO plugin v27.4 - https:\/\/yoast.com\/product\/yoast-seo-wordpress\/ -->\n<title>Acheter Wellbutrin SR 150 mg en ligne sans ordonnance en France<\/title>\n<meta name=\"description\" content=\"Wellbutrin (buproprion) est un antid\u00e9presseur utilis\u00e9 pour le trouble d\u00e9pressif majeur. Lorsque vous achetez Buproprion SR en ligne, assurez-vous d&#039;acheter suffisamment pour que votre traitement soit continu.\" \/>\n<meta name=\"robots\" content=\"index, follow, max-snippet:-1, max-image-preview:large, max-video-preview:-1\" \/>\n<link rel=\"canonical\" href=\"https:\/\/drpillman.biz\/es\/wellbutrin-sr.htm\" \/>\n<meta property=\"og:locale\" content=\"fr_FR\" \/>\n<meta property=\"og:type\" content=\"article\" \/>\n<meta property=\"og:title\" content=\"Acheter Wellbutrin SR 150 mg en ligne sans ordonnance en France\" \/>\n<meta property=\"og:description\" content=\"Wellbutrin (buproprion) est un antid\u00e9presseur utilis\u00e9 pour le trouble d\u00e9pressif majeur. Lorsque vous achetez Buproprion SR en ligne, assurez-vous d&#039;acheter suffisamment pour que votre traitement soit continu.\" \/>\n<meta property=\"og:url\" content=\"https:\/\/drpillman.biz\/es\/wellbutrin-sr.htm\" \/>\n<meta property=\"og:site_name\" content=\"Dr.Pillman\" \/>\n<meta property=\"article:modified_time\" content=\"2024-05-17T20:00:31+00:00\" \/>\n<meta name=\"twitter:card\" content=\"summary_large_image\" \/>\n<script type=\"application\/ld+json\" class=\"yoast-schema-graph\">{\"@context\":\"https:\\\/\\\/schema.org\",\"@graph\":[{\"@type\":\"WebPage\",\"@id\":\"https:\\\/\\\/drpillman.biz\\\/es\\\/wellbutrin-sr.htm\",\"url\":\"https:\\\/\\\/drpillman.biz\\\/es\\\/wellbutrin-sr.htm\",\"name\":\"\u00a1Compre Wellbutrin SR (Bupropion) en l\u00ednea sin receta y recuperarse de la depresi\u00f3n!\",\"isPartOf\":{\"@id\":\"https:\\\/\\\/drpillman.biz\\\/es\\\/#website\"},\"datePublished\":\"2013-08-09T01:27:05+00:00\",\"dateModified\":\"2024-05-17T20:00:31+00:00\",\"description\":\"Wellbutrin (buproprion) est un antid\u00e9presseur utilis\u00e9 pour le trouble d\u00e9pressif majeur. Lorsque vous achetez Buproprion SR en ligne, assurez-vous d'acheter suffisamment pour que votre traitement soit continu.\",\"breadcrumb\":{\"@id\":\"https:\\\/\\\/drpillman.biz\\\/es\\\/wellbutrin-sr.htm#breadcrumb\"},\"inLanguage\":\"fr-FR\",\"potentialAction\":[{\"@type\":\"ReadAction\",\"target\":[\"https:\\\/\\\/drpillman.biz\\\/es\\\/wellbutrin-sr.htm\"]}]},{\"@type\":\"BreadcrumbList\",\"@id\":\"https:\\\/\\\/drpillman.biz\\\/es\\\/wellbutrin-sr.htm#breadcrumb\",\"itemListElement\":[{\"@type\":\"ListItem\",\"position\":1,\"name\":\"Home\",\"item\":\"https:\\\/\\\/drpillman.biz\\\/es\\\/\"},{\"@type\":\"ListItem\",\"position\":2,\"name\":\"Wellbutrin sr\"}]},{\"@type\":\"WebSite\",\"@id\":\"https:\\\/\\\/drpillman.biz\\\/es\\\/#website\",\"url\":\"https:\\\/\\\/drpillman.biz\\\/es\\\/\",\"name\":\"Dr.Pillman\",\"description\":\"\",\"potentialAction\":[{\"@type\":\"SearchAction\",\"target\":{\"@type\":\"EntryPoint\",\"urlTemplate\":\"https:\\\/\\\/drpillman.biz\\\/es\\\/?s={search_term_string}\"},\"query-input\":{\"@type\":\"PropertyValueSpecification\",\"valueRequired\":true,\"valueName\":\"search_term_string\"}}],\"inLanguage\":\"fr-FR\"}]}<\/script>\n<!-- \/ Yoast SEO plugin. -->","yoast_head_json":{"title":"Acheter Wellbutrin SR 150 mg en ligne sans ordonnance en France","description":"Wellbutrin (buproprion) est un antid\u00e9presseur utilis\u00e9 pour le trouble d\u00e9pressif majeur. Lorsque vous achetez Buproprion SR en ligne, assurez-vous d'acheter suffisamment pour que votre traitement soit continu.","robots":{"index":"index","follow":"follow","max-snippet":"max-snippet:-1","max-image-preview":"max-image-preview:large","max-video-preview":"max-video-preview:-1"},"canonical":"https:\/\/drpillman.biz\/es\/wellbutrin-sr.htm","og_locale":"fr_FR","og_type":"article","og_title":"Acheter Wellbutrin SR 150 mg en ligne sans ordonnance en France","og_description":"Wellbutrin (buproprion) est un antid\u00e9presseur utilis\u00e9 pour le trouble d\u00e9pressif majeur. Lorsque vous achetez Buproprion SR en ligne, assurez-vous d'acheter suffisamment pour que votre traitement soit continu.","og_url":"https:\/\/drpillman.biz\/es\/wellbutrin-sr.htm","og_site_name":"Dr.Pillman","article_modified_time":"2024-05-17T20:00:31+00:00","twitter_card":"summary_large_image","schema":{"@context":"https:\/\/schema.org","@graph":[{"@type":"WebPage","@id":"https:\/\/drpillman.biz\/es\/wellbutrin-sr.htm","url":"https:\/\/drpillman.biz\/es\/wellbutrin-sr.htm","name":"\u00a1Compre Wellbutrin SR (Bupropion) en l\u00ednea sin receta y recuperarse de la depresi\u00f3n!","isPartOf":{"@id":"https:\/\/drpillman.biz\/es\/#website"},"datePublished":"2013-08-09T01:27:05+00:00","dateModified":"2024-05-17T20:00:31+00:00","description":"Wellbutrin (buproprion) est un antid\u00e9presseur utilis\u00e9 pour le trouble d\u00e9pressif majeur. Lorsque vous achetez Buproprion SR en ligne, assurez-vous d'acheter suffisamment pour que votre traitement soit continu.","breadcrumb":{"@id":"https:\/\/drpillman.biz\/es\/wellbutrin-sr.htm#breadcrumb"},"inLanguage":"fr-FR","potentialAction":[{"@type":"ReadAction","target":["https:\/\/drpillman.biz\/es\/wellbutrin-sr.htm"]}]},{"@type":"BreadcrumbList","@id":"https:\/\/drpillman.biz\/es\/wellbutrin-sr.htm#breadcrumb","itemListElement":[{"@type":"ListItem","position":1,"name":"Home","item":"https:\/\/drpillman.biz\/es\/"},{"@type":"ListItem","position":2,"name":"Wellbutrin sr"}]},{"@type":"WebSite","@id":"https:\/\/drpillman.biz\/es\/#website","url":"https:\/\/drpillman.biz\/es\/","name":"Dr.Pillman","description":"","potentialAction":[{"@type":"SearchAction","target":{"@type":"EntryPoint","urlTemplate":"https:\/\/drpillman.biz\/es\/?s={search_term_string}"},"query-input":{"@type":"PropertyValueSpecification","valueRequired":true,"valueName":"search_term_string"}}],"inLanguage":"fr-FR"}]}},"_links":{"self":[{"href":"https:\/\/drpillman.biz\/fr\/wp-json\/wp\/v2\/pages\/199","targetHints":{"allow":["GET"]}}],"collection":[{"href":"https:\/\/drpillman.biz\/fr\/wp-json\/wp\/v2\/pages"}],"about":[{"href":"https:\/\/drpillman.biz\/fr\/wp-json\/wp\/v2\/types\/page"}],"author":[{"embeddable":true,"href":"https:\/\/drpillman.biz\/fr\/wp-json\/wp\/v2\/users\/3"}],"replies":[{"embeddable":true,"href":"https:\/\/drpillman.biz\/fr\/wp-json\/wp\/v2\/comments?post=199"}],"version-history":[{"count":0,"href":"https:\/\/drpillman.biz\/fr\/wp-json\/wp\/v2\/pages\/199\/revisions"}],"wp:attachment":[{"href":"https:\/\/drpillman.biz\/fr\/wp-json\/wp\/v2\/media?parent=199"}],"curies":[{"name":"wp","href":"https:\/\/api.w.org\/{rel}","templated":true}]}}