{"id":202,"date":"2013-04-17T03:27:25","date_gmt":"2013-04-17T02:27:25","guid":{"rendered":"https:\/\/drpillman.biz\/?page_id=202"},"modified":"2024-05-17T21:02:15","modified_gmt":"2024-05-17T20:02:15","slug":"zantac","status":"publish","type":"page","link":"https:\/\/drpillman.biz\/fr\/zantac.htm","title":{"rendered":"Zantac"},"content":{"rendered":"<div id=\"content-center\">\n<div id=\"content-image\">\n\t\t\t\t\t<img decoding=\"async\" src=\"\/img\/Zantac.jpg\" alt=\"Zantac\">\t\t\t\t<\/div>\n<div id=\"content-description\">\n<h1>Zantac<\/h1>\n<p> <code><a href=\"https:\/\/200pills.com\/search.html?lang=fr&#038;cur=EUR&#038;key=Zantac\"> <button class=\"button-7\" role=\"button\">Cliquez ici pour acheter<\/button><\/a><\/code><\/p>\n<div class=\"clear\"><\/div>\n<div id=\"description\">\n\t\t\t\t\t\tLe Zantac est prescrit pour le traitement des probl\u00e8mes d&#8217;estomac li\u00e9s \u00e0 une production excessive d&#8217;acide gastrique, tels que l&#8217;\u0153sophagite \u00e9rosive, l&#8217;ulc\u00e8re, le syndrome de Zollinger Ellison et les br\u00fblures d&#8217;estomac. Le traitement dure de quelques jours \u00e0 quelques semaines, en fonction de l&#8217;affection trait\u00e9e.\t\t\t\t\t<\/div>\n<div id=\"additional\">\n\t\t\t\t\t\tSynonymes :<span> Ranitidine<\/span>\n\t\t\t\t\t<\/div>\n<\/p><\/div>\n<div class=\"clear\"><\/div>\n<p>Zantac est destin\u00e9 au traitement des ulc\u00e8res de l&#8217;estomac et de l&#8217;intestin. Il est \u00e9galement couramment prescrit pour traiter le reflux gastro-\u0153sophagien, l&#8217;\u0153sophagite \u00e9rosive et le syndrome de Zollinger-Ellison. Ce m\u00e9dicament est class\u00e9 comme un bloqueur d&#8217;histamine qui r\u00e9duit la quantit\u00e9 d&#8217;acide produite dans l&#8217;estomac, am\u00e9liorant ainsi les douleurs d&#8217;estomac, les br\u00fblures d&#8217;estomac et pr\u00e9venant les ulc\u00e8res. Zantac est disponible sans ordonnance, vous pouvez donc acheter ranitidine 150 mg en ligne dans une bonne pharmacie en ligne pour \u00e9viter de perdre votre temps \u00e0 vous rendre dans votre pharmacie locale. Les personnes qui pr\u00e9f\u00e8rent acheter Zantac en ligne savent qu&#8217;il y a une diff\u00e9rence entre d\u00e9penser de l&#8217;argent dans leur pharmacie locale et en payer moins dans une pharmacie en ligne, en b\u00e9n\u00e9ficiant d&#8217;une livraison rapide, d&#8217;un meilleur service et de remises pour les achats en gros. En fait, lorsque vous achetez Zantac (ranitidine) 150 en ligne, vous pouvez consacrer le temps libre dont vous disposez \u00e0 d&#8217;autres choses que vous appr\u00e9cierez beaucoup plus que de vous rendre \u00e0 la pharmacie locale. Zantac est disponible sous forme de comprim\u00e9s, de sirop et de solution injectable. Chaque dose doit \u00eatre prise \u00e0 intervalles r\u00e9guliers, avec un verre d&#8217;eau ou un peu de nourriture. La dose totale pour la journ\u00e9e d\u00e9pend de l&#8217;affection trait\u00e9e. Par exemple, vous devrez prendre 150 mg de Zantac quatre fois par jour en cas d&#8217;\u0153sophagite \u00e9rosive et deux fois par jour en cas de reflux gastro-\u0153sophagien. Il n&#8217;est pas recommand\u00e9 de prendre Zantac pendant plus de deux semaines, \u00e0 moins d&#8217;avoir discut\u00e9 de vos besoins individuels et de votre programme de traitement avec un professionnel de la sant\u00e9 qualifi\u00e9.<\/p>\n<h2>Effets secondaires<\/h2>\n<p>Zantac peut provoquer quelques effets secondaires mineurs chez certains patients qui commencent le traitement. Les effets secondaires qui ne posent g\u00e9n\u00e9ralement pas de probl\u00e8me parce qu&#8217;ils sont de courte dur\u00e9e et l\u00e9gers comprennent la constipation, les naus\u00e9es, les douleurs musculaires, les maux de t\u00eate, la diarrh\u00e9e, l&#8217;insomnie et la fatigue. Les effets secondaires plus graves sont tr\u00e8s rares et ne surviennent que chez un tr\u00e8s petit nombre de patients. Vous devez consulter votre m\u00e9decin si vous pr\u00e9sentez une perte de cheveux, des changements visuels, des \u00e9ruptions cutan\u00e9es ou un rythme cardiaque irr\u00e9gulier.<\/p>\n<\/p><\/div>\n<h2>Zantac : La Possibilit\u00e9 d&#8217;Obtenir sans Ordonnance en France<\/h2>\n<p>Dans le contexte pharmaceutique fran\u00e7ais, la question de l&#8217;acquisition du Zantac sans ordonnance suscite un int\u00e9r\u00eat consid\u00e9rable. Les individus souffrant de br\u00fblures d&#8217;estomac ou d&#8217;acidit\u00e9 excessive cherchent souvent \u00e0 soulager leurs sympt\u00f4mes de mani\u00e8re pr\u00e9coce et accessible. Dans ce cadre, le Zantac, un inhibiteur de la pompe \u00e0 protons, a longtemps \u00e9t\u00e9 disponible en vente libre. Toutefois, en raison de pr\u00e9occupations r\u00e9centes concernant la pr\u00e9sence d&#8217;un contaminant potentiel, le NDMA, la disponibilit\u00e9 du Zantac sans ordonnance a \u00e9t\u00e9 remise en question.<br \/>\nActuellement, en France, l&#8217;acc\u00e8s au Zantac sans ordonnance est limit\u00e9, voire inexistant, en raison des directives r\u00e9glementaires et des pr\u00e9occupations en mati\u00e8re de sant\u00e9 publique. Les autorit\u00e9s sanitaires fran\u00e7aises ont pris des mesures pour s&#8217;assurer que les consommateurs ne sont pas expos\u00e9s \u00e0 des risques inutiles. Cependant, il est essentiel de noter que des alternatives \u00e0 base de ranitidine, telle que l&#8217;om\u00e9prazole, sont disponibles sans ordonnance et peuvent \u00eatre utilis\u00e9es pour att\u00e9nuer les sympt\u00f4mes de l&#8217;hyperacidit\u00e9.<br \/>\nEn somme, bien que l&#8217;id\u00e9e d&#8217;obtenir du Zantac sans ordonnance puisse sembler attrayante, il est crucial de se conformer aux r\u00e9glementations en vigueur et de consulter un professionnel de la sant\u00e9 pour obtenir des conseils appropri\u00e9s. La s\u00e9curit\u00e9 et le bien-\u00eatre des patients restent au c\u0153ur des pr\u00e9occupations des autorit\u00e9s sanitaires, et les choix de traitement doivent \u00eatre guid\u00e9s par ces principes fondamentaux.<\/p>\n","protected":false},"excerpt":{"rendered":"<p>Zantac Cliquez ici pour acheter Le Zantac est prescrit pour le traitement des probl\u00e8mes d&#8217;estomac li\u00e9s \u00e0 une production excessive<\/p>\n","protected":false},"author":3,"featured_media":0,"parent":0,"menu_order":0,"comment_status":"closed","ping_status":"closed","template":"","meta":{"_lmt_disableupdate":"no","_lmt_disable":"no","footnotes":""},"class_list":["post-202","page","type-page","status-publish","hentry"],"translation":{"provider":"WPGlobus","version":"3.0.2","language":"fr","enabled_languages":["en","es","fr"],"languages":{"en":{"title":true,"content":true,"excerpt":false},"es":{"title":true,"content":true,"excerpt":false},"fr":{"title":true,"content":true,"excerpt":false}}},"yoast_head":"<!-- This site is optimized with the Yoast SEO plugin v27.4 - https:\/\/yoast.com\/product\/yoast-seo-wordpress\/ -->\n<title>Acheter Zantac 150 et 300 mg en ligne sans ordonnance en France<\/title>\n<meta name=\"description\" content=\"Le Zantac efficace est d\u00e9j\u00e0 disponible en ligne: vous pouvez acheter de la ranitidine, 150 mg \u00e0 tout moment et commencer votre traitement de l&#039;ulc\u00e8re ou pour emp\u00eacher un de se former \u00e0 l&#039;int\u00e9rieur de votre estomac.\" \/>\n<meta name=\"robots\" content=\"index, follow, max-snippet:-1, max-image-preview:large, max-video-preview:-1\" \/>\n<link rel=\"canonical\" href=\"https:\/\/drpillman.biz\/fr\/zantac.htm\" \/>\n<meta property=\"og:locale\" content=\"fr_FR\" \/>\n<meta property=\"og:type\" content=\"article\" \/>\n<meta property=\"og:title\" content=\"Acheter Zantac 150 et 300 mg en ligne sans ordonnance en France\" \/>\n<meta property=\"og:description\" content=\"Le Zantac efficace est d\u00e9j\u00e0 disponible en ligne: vous pouvez acheter de la ranitidine, 150 mg \u00e0 tout moment et commencer votre traitement de l&#039;ulc\u00e8re ou pour emp\u00eacher un de se former \u00e0 l&#039;int\u00e9rieur de votre estomac.\" \/>\n<meta property=\"og:url\" content=\"https:\/\/drpillman.biz\/fr\/zantac.htm\" \/>\n<meta property=\"og:site_name\" content=\"Dr.Pillman\" \/>\n<meta property=\"article:modified_time\" content=\"2024-05-17T20:02:15+00:00\" \/>\n<meta name=\"twitter:card\" content=\"summary_large_image\" \/>\n<script type=\"application\/ld+json\" class=\"yoast-schema-graph\">{\"@context\":\"https:\\\/\\\/schema.org\",\"@graph\":[{\"@type\":\"WebPage\",\"@id\":\"https:\\\/\\\/drpillman.biz\\\/fr\\\/zantac.htm\",\"url\":\"https:\\\/\\\/drpillman.biz\\\/fr\\\/zantac.htm\",\"name\":\"Acheter Zantac 150 et 300 mg en ligne sans ordonnance en France\",\"isPartOf\":{\"@id\":\"https:\\\/\\\/drpillman.biz\\\/fr\\\/#website\"},\"datePublished\":\"2013-04-17T02:27:25+00:00\",\"dateModified\":\"2024-05-17T20:02:15+00:00\",\"description\":\"Le Zantac efficace est d\u00e9j\u00e0 disponible en ligne: vous pouvez acheter de la ranitidine, 150 mg \u00e0 tout moment et commencer votre traitement de l'ulc\u00e8re ou pour emp\u00eacher un de se former \u00e0 l'int\u00e9rieur de votre estomac.\",\"breadcrumb\":{\"@id\":\"https:\\\/\\\/drpillman.biz\\\/fr\\\/zantac.htm#breadcrumb\"},\"inLanguage\":\"fr-FR\",\"potentialAction\":[{\"@type\":\"ReadAction\",\"target\":[\"https:\\\/\\\/drpillman.biz\\\/fr\\\/zantac.htm\"]}]},{\"@type\":\"BreadcrumbList\",\"@id\":\"https:\\\/\\\/drpillman.biz\\\/fr\\\/zantac.htm#breadcrumb\",\"itemListElement\":[{\"@type\":\"ListItem\",\"position\":1,\"name\":\"Home\",\"item\":\"https:\\\/\\\/drpillman.biz\\\/fr\\\/\"},{\"@type\":\"ListItem\",\"position\":2,\"name\":\"Zantac\"}]},{\"@type\":\"WebSite\",\"@id\":\"https:\\\/\\\/drpillman.biz\\\/fr\\\/#website\",\"url\":\"https:\\\/\\\/drpillman.biz\\\/fr\\\/\",\"name\":\"Dr.Pillman\",\"description\":\"\",\"potentialAction\":[{\"@type\":\"SearchAction\",\"target\":{\"@type\":\"EntryPoint\",\"urlTemplate\":\"https:\\\/\\\/drpillman.biz\\\/fr\\\/?s={search_term_string}\"},\"query-input\":{\"@type\":\"PropertyValueSpecification\",\"valueRequired\":true,\"valueName\":\"search_term_string\"}}],\"inLanguage\":\"fr-FR\"}]}<\/script>\n<!-- \/ Yoast SEO plugin. -->","yoast_head_json":{"title":"Acheter Zantac 150 et 300 mg en ligne sans ordonnance en France","description":"Le Zantac efficace est d\u00e9j\u00e0 disponible en ligne: vous pouvez acheter de la ranitidine, 150 mg \u00e0 tout moment et commencer votre traitement de l'ulc\u00e8re ou pour emp\u00eacher un de se former \u00e0 l'int\u00e9rieur de votre estomac.","robots":{"index":"index","follow":"follow","max-snippet":"max-snippet:-1","max-image-preview":"max-image-preview:large","max-video-preview":"max-video-preview:-1"},"canonical":"https:\/\/drpillman.biz\/fr\/zantac.htm","og_locale":"fr_FR","og_type":"article","og_title":"Acheter Zantac 150 et 300 mg en ligne sans ordonnance en France","og_description":"Le Zantac efficace est d\u00e9j\u00e0 disponible en ligne: vous pouvez acheter de la ranitidine, 150 mg \u00e0 tout moment et commencer votre traitement de l'ulc\u00e8re ou pour emp\u00eacher un de se former \u00e0 l'int\u00e9rieur de votre estomac.","og_url":"https:\/\/drpillman.biz\/fr\/zantac.htm","og_site_name":"Dr.Pillman","article_modified_time":"2024-05-17T20:02:15+00:00","twitter_card":"summary_large_image","schema":{"@context":"https:\/\/schema.org","@graph":[{"@type":"WebPage","@id":"https:\/\/drpillman.biz\/fr\/zantac.htm","url":"https:\/\/drpillman.biz\/fr\/zantac.htm","name":"Acheter Zantac 150 et 300 mg en ligne sans ordonnance en France","isPartOf":{"@id":"https:\/\/drpillman.biz\/fr\/#website"},"datePublished":"2013-04-17T02:27:25+00:00","dateModified":"2024-05-17T20:02:15+00:00","description":"Le Zantac efficace est d\u00e9j\u00e0 disponible en ligne: vous pouvez acheter de la ranitidine, 150 mg \u00e0 tout moment et commencer votre traitement de l'ulc\u00e8re ou pour emp\u00eacher un de se former \u00e0 l'int\u00e9rieur de votre estomac.","breadcrumb":{"@id":"https:\/\/drpillman.biz\/fr\/zantac.htm#breadcrumb"},"inLanguage":"fr-FR","potentialAction":[{"@type":"ReadAction","target":["https:\/\/drpillman.biz\/fr\/zantac.htm"]}]},{"@type":"BreadcrumbList","@id":"https:\/\/drpillman.biz\/fr\/zantac.htm#breadcrumb","itemListElement":[{"@type":"ListItem","position":1,"name":"Home","item":"https:\/\/drpillman.biz\/fr\/"},{"@type":"ListItem","position":2,"name":"Zantac"}]},{"@type":"WebSite","@id":"https:\/\/drpillman.biz\/fr\/#website","url":"https:\/\/drpillman.biz\/fr\/","name":"Dr.Pillman","description":"","potentialAction":[{"@type":"SearchAction","target":{"@type":"EntryPoint","urlTemplate":"https:\/\/drpillman.biz\/fr\/?s={search_term_string}"},"query-input":{"@type":"PropertyValueSpecification","valueRequired":true,"valueName":"search_term_string"}}],"inLanguage":"fr-FR"}]}},"_links":{"self":[{"href":"https:\/\/drpillman.biz\/fr\/wp-json\/wp\/v2\/pages\/202","targetHints":{"allow":["GET"]}}],"collection":[{"href":"https:\/\/drpillman.biz\/fr\/wp-json\/wp\/v2\/pages"}],"about":[{"href":"https:\/\/drpillman.biz\/fr\/wp-json\/wp\/v2\/types\/page"}],"author":[{"embeddable":true,"href":"https:\/\/drpillman.biz\/fr\/wp-json\/wp\/v2\/users\/3"}],"replies":[{"embeddable":true,"href":"https:\/\/drpillman.biz\/fr\/wp-json\/wp\/v2\/comments?post=202"}],"version-history":[{"count":0,"href":"https:\/\/drpillman.biz\/fr\/wp-json\/wp\/v2\/pages\/202\/revisions"}],"wp:attachment":[{"href":"https:\/\/drpillman.biz\/fr\/wp-json\/wp\/v2\/media?parent=202"}],"curies":[{"name":"wp","href":"https:\/\/api.w.org\/{rel}","templated":true}]}}