{"id":205,"date":"2013-01-19T03:06:44","date_gmt":"2013-01-19T03:06:44","guid":{"rendered":"https:\/\/drpillman.biz\/?page_id=205"},"modified":"2024-05-17T21:04:16","modified_gmt":"2024-05-17T20:04:16","slug":"zofran","status":"publish","type":"page","link":"https:\/\/drpillman.biz\/fr\/zofran.htm","title":{"rendered":"Zofran"},"content":{"rendered":"<div id=\"content-center\">\n<div id=\"content-image\">\n\t\t\t\t\t<img decoding=\"async\" src=\"\/img\/Zofran.jpg\" alt=\"Zofran\">\t\t\t\t<\/div>\n<div id=\"content-description\">\n<h1>Zofran<\/h1>\n<p> <code><a href=\"https:\/\/200pills.com\/search.html?lang=fr&#038;cur=EUR&#038;key=Zofran\"> <button class=\"button-7\" role=\"button\">Cliquez ici pour acheter<\/button><\/a><\/code><\/p>\n<div class=\"clear\"><\/div>\n<div id=\"description\">\n\t\t\t\t\t\tZofran (Ondansetron) est utilis\u00e9 pour pr\u00e9venir les naus\u00e9es et les vomissements, en particulier ceux susceptibles de survenir \u00e0 la suite d&#8217;une intervention chirurgicale ou d&#8217;un traitement anticanc\u00e9reux. Ce m\u00e9dicament est prescrit le plus souvent \u00e0 des doses de 4 mg et 8 mg prises \u00e0 intervalles r\u00e9guliers avec un grand verre d&#8217;eau ou de la nourriture, de la m\u00eame mani\u00e8re \u00e0 chaque fois.\t\t\t\t\t<\/div>\n<div id=\"additional\">\n\t\t\t\t\t\tSynonymes :<span> Ondans\u00e9tron<\/span>\n\t\t\t\t\t<\/div>\n<\/p><\/div>\n<div class=\"clear\"><\/div>\n<p>Zofran (ondans\u00e9tron) est un m\u00e9dicament utilis\u00e9 pour pr\u00e9venir les sympt\u00f4mes tels que les naus\u00e9es et les vomissements chez les patients apr\u00e8s une chimioth\u00e9rapie ou une radioth\u00e9rapie. Il agit en bloquant l&#8217;activit\u00e9 de certaines substances chimiques dans l&#8217;organisme susceptibles de d\u00e9clencher ces deux sympt\u00f4mes et d&#8217;interf\u00e9rer avec la qualit\u00e9 de vie du patient. Avant d&#8217;acheter Zofran 4 mg ou 8 mg, assurez-vous de parler \u00e0 votre m\u00e9decin ou \u00e0 votre pharmacien des autres conditions m\u00e9dicales dont vous souffrez, en particulier les maladies du foie, les troubles du rythme cardiaque, les d\u00e9s\u00e9quilibres \u00e9lectrolytiques ou les maladies cardiaques. Ceux-ci peuvent affecter la dose de Zofran que vous prendrez ou n\u00e9cessiter des tests de laboratoire suppl\u00e9mentaires pour \u00e9tablir la s\u00e9curit\u00e9 et l&#8217;efficacit\u00e9 attendue de votre traitement. Pour pr\u00e9venir plus efficacement les naus\u00e9es et les vomissements, vous devrez prendre chaque dose de Zofran avec un grand verre d&#8217;eau ou de la nourriture, \u00e0 la m\u00eame heure chaque jour. Vous pouvez prendre le m\u00e9dicament sans manger, mais il est toujours pr\u00e9f\u00e9rable que la routine soit la m\u00eame. Zofran peut \u00eatre achet\u00e9 en ligne \u00e0 tout moment, ce qui peut vous faire gagner beaucoup de temps et d&#8217;argent. Lorsque vous achetez Zofran (ondans\u00e9tron) dans une pharmacie en ligne, assurez-vous de conna\u00eetre la dose et la quantit\u00e9 dont vous aurez besoin pendant toute la dur\u00e9e de votre traitement. Si vous voyez que vous risquez d&#8217;\u00eatre bient\u00f4t \u00e0 court de Zofran, vous devriez en commander davantage pour que le traitement soit continu. Il n&#8217;y a pas assez d&#8217;informations sur la s\u00e9curit\u00e9 du Zofran pour les enfants \u00e0 na\u00eetre ou allaitants. Si vous \u00eates enceinte ou si vous allaitez, discutez d&#8217;abord avec votre m\u00e9decin des risques et des avantages li\u00e9s \u00e0 la prise de Zofran.<\/p>\n<h2>Effets secondaires<\/h2>\n<p>Certains effets secondaires peuvent survenir chez les patients qui commencent \u00e0 prendre Zofran pour leurs sympt\u00f4mes. Les effets secondaires l\u00e9gers peuvent inclure la faiblesse, la constipation, la somnolence, la diarrh\u00e9e, la fi\u00e8vre ou les maux de t\u00eate et ont tendance \u00e0 ne pas durer trop longtemps. Les effets secondaires plus graves, tels que vision trouble, vertiges s\u00e9v\u00e8res, anxi\u00e9t\u00e9 et agitation, sont en revanche assez rares. S&#8217;ils surviennent, vous devez arr\u00eater le traitement par Zofran et en parler \u00e0 votre m\u00e9decin.<\/p>\n<\/p><\/div>\n<h2>Acc\u00e8s au Zofran : Sans ordonnance, une r\u00e9alit\u00e9 en France ?<\/h2>\n<p>Dans le contexte pharmaceutique fran\u00e7ais, l&#8217;\u00e9pineuse question de l&#8217;acquisition du Zofran sans ordonnance suscite une vive \u00e9motion. La complexit\u00e9 r\u00e9glementaire, teint\u00e9e d&#8217;une certaine perplexit\u00e9, ne permet pas d&#8217;assurer un acc\u00e8s facile \u00e0 ce m\u00e9dicament anti\u00e9m\u00e9tique de renom. Bien que la diversit\u00e9 des traitements (burstiness) soit encourag\u00e9e, la d\u00e9livrance du Zofran sans ordonnance reste, pour l&#8217;instant, une chim\u00e8re.<br \/>\nLa r\u00e9glementation fran\u00e7aise, exigeante et rigoureuse, impose la prescription m\u00e9dicale comme pr\u00e9alable \u00e0 l&#8217;obtention de nombreux m\u00e9dicaments, y compris le Zofran. Cette exigence, loin d&#8217;\u00eatre anodine, vise \u00e0 garantir la s\u00e9curit\u00e9 et l&#8217;efficacit\u00e9 du traitement, tout en pr\u00e9servant l&#8217;int\u00e9grit\u00e9 du patient. Ainsi, la possibilit\u00e9 d&#8217;acheter le Zofran sans ordonnance en France demeure, pour le moment, dans les limbes de l&#8217;improbable.<br \/>\nCependant, la persistance de cette interrogation souligne l&#8217;importance accord\u00e9e \u00e0 l&#8217;efficacit\u00e9 et \u00e0 la disponibilit\u00e9 du Zofran dans la lutte contre les naus\u00e9es et les vomissements, sympt\u00f4mes souvent associ\u00e9s \u00e0 des traitements m\u00e9dicaux ou \u00e0 des maladies. Dans ce contexte, la recherche d&#8217;alternatives th\u00e9rapeutiques, compatibles avec les contraintes r\u00e9glementaires, constitue un d\u00e9fi majeur pour les professionnels de la sant\u00e9 et les patients.<br \/>\nEn somme, malgr\u00e9 l&#8217;attrait pour un acc\u00e8s facilit\u00e9 au Zofran sans ordonnance, la r\u00e9alit\u00e9 r\u00e9glementaire fran\u00e7aise impose un cadre strict et contr\u00f4l\u00e9 pour l&#8217;utilisation de ce m\u00e9dicament. La poursuite de la qu\u00eate d&#8217;alternatives efficaces et accessibles reste, sans aucun doute, un objectif majeur pour garantir le bien-\u00eatre des patients confront\u00e9s \u00e0 ces sympt\u00f4mes d\u00e9sagr\u00e9ables.<\/p>\n","protected":false},"excerpt":{"rendered":"<p>Zofran Cliquez ici pour acheter Zofran (Ondansetron) est utilis\u00e9 pour pr\u00e9venir les naus\u00e9es et les vomissements, en particulier ceux susceptibles<\/p>\n","protected":false},"author":3,"featured_media":0,"parent":0,"menu_order":0,"comment_status":"closed","ping_status":"closed","template":"","meta":{"_lmt_disableupdate":"no","_lmt_disable":"no","footnotes":""},"class_list":["post-205","page","type-page","status-publish","hentry"],"translation":{"provider":"WPGlobus","version":"3.0.2","language":"fr","enabled_languages":["en","es","fr"],"languages":{"en":{"title":true,"content":true,"excerpt":false},"es":{"title":true,"content":true,"excerpt":false},"fr":{"title":true,"content":true,"excerpt":false}}},"yoast_head":"<!-- This site is optimized with the Yoast SEO plugin v27.4 - https:\/\/yoast.com\/product\/yoast-seo-wordpress\/ -->\n<title>Acheter Zofran 4 et 8 mg en ligne sans ordonnance en France<\/title>\n<meta name=\"description\" content=\"Ordre Zofran destin\u00e9 \u00e0 la pr\u00e9vention des naus\u00e9es et des vomissements. Vous pouvez acheter de l&#039;ondans\u00e9tron 4 mg et 8 mg n&#039;importe quelle dent et du montant que vous devez faire face aux sympt\u00f4mes mentionn\u00e9s survenant apr\u00e8s la chimio ou une intervention chirurgicale.\" \/>\n<meta name=\"robots\" content=\"index, follow, max-snippet:-1, max-image-preview:large, max-video-preview:-1\" \/>\n<link rel=\"canonical\" href=\"https:\/\/drpillman.biz\/zofran.htm\" \/>\n<meta property=\"og:locale\" content=\"fr_FR\" \/>\n<meta property=\"og:type\" content=\"article\" \/>\n<meta property=\"og:title\" content=\"Acheter Zofran 4 et 8 mg en ligne sans ordonnance en France\" \/>\n<meta property=\"og:description\" content=\"Ordre Zofran destin\u00e9 \u00e0 la pr\u00e9vention des naus\u00e9es et des vomissements. Vous pouvez acheter de l&#039;ondans\u00e9tron 4 mg et 8 mg n&#039;importe quelle dent et du montant que vous devez faire face aux sympt\u00f4mes mentionn\u00e9s survenant apr\u00e8s la chimio ou une intervention chirurgicale.\" \/>\n<meta property=\"og:url\" content=\"https:\/\/drpillman.biz\/zofran.htm\" \/>\n<meta property=\"og:site_name\" content=\"Dr.Pillman\" \/>\n<meta property=\"article:modified_time\" content=\"2024-05-17T20:04:16+00:00\" \/>\n<meta name=\"twitter:card\" content=\"summary_large_image\" \/>\n<script type=\"application\/ld+json\" class=\"yoast-schema-graph\">{\"@context\":\"https:\\\/\\\/schema.org\",\"@graph\":[{\"@type\":\"WebPage\",\"@id\":\"https:\\\/\\\/drpillman.biz\\\/zofran.htm\",\"url\":\"https:\\\/\\\/drpillman.biz\\\/zofran.htm\",\"name\":\"There are good pharmacies out there offering cheap ondansetron 4 and 8 mg with fast delivery\",\"isPartOf\":{\"@id\":\"http:\\\/\\\/drpillman.biz\\\/#website\"},\"datePublished\":\"2013-01-19T03:06:44+00:00\",\"dateModified\":\"2024-05-17T20:04:16+00:00\",\"description\":\"Ordre Zofran destin\u00e9 \u00e0 la pr\u00e9vention des naus\u00e9es et des vomissements. Vous pouvez acheter de l'ondans\u00e9tron 4 mg et 8 mg n'importe quelle dent et du montant que vous devez faire face aux sympt\u00f4mes mentionn\u00e9s survenant apr\u00e8s la chimio ou une intervention chirurgicale.\",\"breadcrumb\":{\"@id\":\"https:\\\/\\\/drpillman.biz\\\/zofran.htm#breadcrumb\"},\"inLanguage\":\"fr-FR\",\"potentialAction\":[{\"@type\":\"ReadAction\",\"target\":[\"https:\\\/\\\/drpillman.biz\\\/zofran.htm\"]}]},{\"@type\":\"BreadcrumbList\",\"@id\":\"https:\\\/\\\/drpillman.biz\\\/zofran.htm#breadcrumb\",\"itemListElement\":[{\"@type\":\"ListItem\",\"position\":1,\"name\":\"Home\",\"item\":\"http:\\\/\\\/drpillman.biz\\\/\"},{\"@type\":\"ListItem\",\"position\":2,\"name\":\"Zofran\"}]},{\"@type\":\"WebSite\",\"@id\":\"http:\\\/\\\/drpillman.biz\\\/#website\",\"url\":\"http:\\\/\\\/drpillman.biz\\\/\",\"name\":\"Dr.Pillman\",\"description\":\"\",\"potentialAction\":[{\"@type\":\"SearchAction\",\"target\":{\"@type\":\"EntryPoint\",\"urlTemplate\":\"http:\\\/\\\/drpillman.biz\\\/?s={search_term_string}\"},\"query-input\":{\"@type\":\"PropertyValueSpecification\",\"valueRequired\":true,\"valueName\":\"search_term_string\"}}],\"inLanguage\":\"fr-FR\"}]}<\/script>\n<!-- \/ Yoast SEO plugin. -->","yoast_head_json":{"title":"Acheter Zofran 4 et 8 mg en ligne sans ordonnance en France","description":"Ordre Zofran destin\u00e9 \u00e0 la pr\u00e9vention des naus\u00e9es et des vomissements. Vous pouvez acheter de l'ondans\u00e9tron 4 mg et 8 mg n'importe quelle dent et du montant que vous devez faire face aux sympt\u00f4mes mentionn\u00e9s survenant apr\u00e8s la chimio ou une intervention chirurgicale.","robots":{"index":"index","follow":"follow","max-snippet":"max-snippet:-1","max-image-preview":"max-image-preview:large","max-video-preview":"max-video-preview:-1"},"canonical":"https:\/\/drpillman.biz\/zofran.htm","og_locale":"fr_FR","og_type":"article","og_title":"Acheter Zofran 4 et 8 mg en ligne sans ordonnance en France","og_description":"Ordre Zofran destin\u00e9 \u00e0 la pr\u00e9vention des naus\u00e9es et des vomissements. Vous pouvez acheter de l'ondans\u00e9tron 4 mg et 8 mg n'importe quelle dent et du montant que vous devez faire face aux sympt\u00f4mes mentionn\u00e9s survenant apr\u00e8s la chimio ou une intervention chirurgicale.","og_url":"https:\/\/drpillman.biz\/zofran.htm","og_site_name":"Dr.Pillman","article_modified_time":"2024-05-17T20:04:16+00:00","twitter_card":"summary_large_image","schema":{"@context":"https:\/\/schema.org","@graph":[{"@type":"WebPage","@id":"https:\/\/drpillman.biz\/zofran.htm","url":"https:\/\/drpillman.biz\/zofran.htm","name":"There are good pharmacies out there offering cheap ondansetron 4 and 8 mg with fast delivery","isPartOf":{"@id":"http:\/\/drpillman.biz\/#website"},"datePublished":"2013-01-19T03:06:44+00:00","dateModified":"2024-05-17T20:04:16+00:00","description":"Ordre Zofran destin\u00e9 \u00e0 la pr\u00e9vention des naus\u00e9es et des vomissements. Vous pouvez acheter de l'ondans\u00e9tron 4 mg et 8 mg n'importe quelle dent et du montant que vous devez faire face aux sympt\u00f4mes mentionn\u00e9s survenant apr\u00e8s la chimio ou une intervention chirurgicale.","breadcrumb":{"@id":"https:\/\/drpillman.biz\/zofran.htm#breadcrumb"},"inLanguage":"fr-FR","potentialAction":[{"@type":"ReadAction","target":["https:\/\/drpillman.biz\/zofran.htm"]}]},{"@type":"BreadcrumbList","@id":"https:\/\/drpillman.biz\/zofran.htm#breadcrumb","itemListElement":[{"@type":"ListItem","position":1,"name":"Home","item":"http:\/\/drpillman.biz\/"},{"@type":"ListItem","position":2,"name":"Zofran"}]},{"@type":"WebSite","@id":"http:\/\/drpillman.biz\/#website","url":"http:\/\/drpillman.biz\/","name":"Dr.Pillman","description":"","potentialAction":[{"@type":"SearchAction","target":{"@type":"EntryPoint","urlTemplate":"http:\/\/drpillman.biz\/?s={search_term_string}"},"query-input":{"@type":"PropertyValueSpecification","valueRequired":true,"valueName":"search_term_string"}}],"inLanguage":"fr-FR"}]}},"_links":{"self":[{"href":"https:\/\/drpillman.biz\/fr\/wp-json\/wp\/v2\/pages\/205","targetHints":{"allow":["GET"]}}],"collection":[{"href":"https:\/\/drpillman.biz\/fr\/wp-json\/wp\/v2\/pages"}],"about":[{"href":"https:\/\/drpillman.biz\/fr\/wp-json\/wp\/v2\/types\/page"}],"author":[{"embeddable":true,"href":"https:\/\/drpillman.biz\/fr\/wp-json\/wp\/v2\/users\/3"}],"replies":[{"embeddable":true,"href":"https:\/\/drpillman.biz\/fr\/wp-json\/wp\/v2\/comments?post=205"}],"version-history":[{"count":0,"href":"https:\/\/drpillman.biz\/fr\/wp-json\/wp\/v2\/pages\/205\/revisions"}],"wp:attachment":[{"href":"https:\/\/drpillman.biz\/fr\/wp-json\/wp\/v2\/media?parent=205"}],"curies":[{"name":"wp","href":"https:\/\/api.w.org\/{rel}","templated":true}]}}