{"id":23,"date":"2014-09-10T05:53:53","date_gmt":"2014-09-10T04:53:53","guid":{"rendered":"https:\/\/drpillman.biz\/?page_id=23"},"modified":"2024-05-17T09:56:45","modified_gmt":"2024-05-17T08:56:45","slug":"acyclovir","status":"publish","type":"page","link":"https:\/\/drpillman.biz\/fr\/acyclovir.htm","title":{"rendered":"Acyclovir"},"content":{"rendered":"<div id=\"content-center\">\n<div id=\"content-image\"><img decoding=\"async\" src=\"\/img\/Acyclovir.jpg\" alt=\"Acyclovir\" \/><\/div>\n<div id=\"content-description\">\n<h1>Acyclovir<\/h1>\n<p><code><a href=\"https:\/\/200pills.com\/search.html?lang=fr&#038;cur=EUR&#038;key=Acyclovir\"> <button class=\"button-7\" role=\"button\">Cliquez ici pour acheter<\/button><\/a><\/code><\/p>\n<div class=\"clear\"><\/div>\n<div id=\"description\">\nL&#8217;acyclovir est un m\u00e9dicament antiviral utilis\u00e9 pour le traitement des patients infect\u00e9s par le virus de l&#8217;herp\u00e8s. Bien que le virus ne puisse pas \u00eatre gu\u00e9ri, les sympt\u00f4mes peuvent \u00eatre contenus et les \u00e9pid\u00e9mies peuvent \u00eatre \u00e9vit\u00e9es tant que l&#8217;acyclovir est pris \u00e0 la dose la plus appropri\u00e9e pour le patient.<\/div>\n<div id=\"additional\">Synonymes :<span> Zovirax<\/span><\/div>\n<\/div>\n<div class=\"clear\"><\/div>\n<h2>Acyclovir 400, et 800 mg Information<\/h2>\n<p>L&#8217;acyclovir est un m\u00e9dicament antiviral utilis\u00e9 pour arr\u00eater la propagation rapide du virus de l&#8217;herp\u00e8s dans le corps. L&#8217;acyclovir est le plus souvent recommand\u00e9 \u00e0 des doses de 400 mg et 800 mg et aide le syst\u00e8me immunitaire \u00e0 ma\u00eetriser la situation. Bien que l&#8217;acyclovir ne soit pas un rem\u00e8de, il peut att\u00e9nuer consid\u00e9rablement les sympt\u00f4mes d\u00e9sagr\u00e9ables de l&#8217;infection et aider \u00e0 contenir le virus. Lorsque vous d\u00e9cidez d&#8217;acheter de l&#8217;Acyclovir au Royaume-Uni, vous avez besoin d&#8217;une pharmacie fiable qui puisse vous offrir des prix comp\u00e9titifs, une livraison rapide et des garanties de satisfaction lorsque vous achetez des m\u00e9dicaments sans ordonnance. Lorsque vous achetez de l&#8217;Acyclovir dans une pharmacie britannique comme celle-ci, vous pouvez \u00eatre s\u00fbr que la qualit\u00e9 de votre m\u00e9dicament est \u00e9lev\u00e9e et que le prix est plus bas, simplement parce qu&#8217;il y a moins d&#8217;interm\u00e9diaires entre vous et le fabricant. Pour acheter de l&#8217;Acyclovir 400 mg ou 800 mg au Royaume-Uni, quelques minutes suffisent, et la livraison est tr\u00e8s rapide dans tout le pays. Il est particuli\u00e8rement important de commencer \u00e0 prendre de l&#8217;acyclovir d\u00e8s les premiers signes de l&#8217;infection, qui peuvent inclure des picotements, des br\u00fblures et des d\u00e9mangeaisons. Pour que votre traitement soit efficace, vous devez prendre l&#8217;Acyclovir pendant toute la dur\u00e9e prescrite, m\u00eame si vos sympt\u00f4mes s&#8217;am\u00e9liorent peu apr\u00e8s le d\u00e9but du traitement. Gardez \u00e0 l&#8217;esprit que la prise d&#8217;Acyclovir contre l&#8217;herp\u00e8s g\u00e9nital ne vous rend pas moins contagieux : vous devez toujours porter un pr\u00e9servatif lors de vos rapports sexuels pour \u00e9viter de transmettre l&#8217;infection \u00e0 votre partenaire. Certains patients peuvent avoir besoin de prendre l&#8217;acyclovir avec de la nourriture pour att\u00e9nuer les maux d&#8217;estomac.<\/p>\n<h2>Effets secondaires<\/h2>\n<p>Il est peu probable que vous d\u00e9veloppiez des effets secondaires en prenant de l&#8217;acyclovir. Cependant, si vous remarquez des douleurs dans le bas du dos, des ecchymoses faciles ou une faiblesse inhabituelle, vous devez en parler imm\u00e9diatement \u00e0 votre m\u00e9decin. Dans la plupart des cas, quelques pour cent des patients prenant de l&#8217;acyclovir peuvent ressentir des \u00e9tourdissements, des naus\u00e9es, des diarrh\u00e9es, une perte d&#8217;app\u00e9tit et des maux de t\u00eate, qui disparaissent g\u00e9n\u00e9ralement d&#8217;eux-m\u00eames.<\/p>\n<\/div>\n<h2>Acyclovir: Disponible Sans Ordonnance en France?<\/h2>\n<p>Il est l\u00e9gitime de se demander si l&#8217;achat d&#8217;Acyclovir est envisageable sans ordonnance en France. Cette question suscite souvent une grande confusion parmi les consommateurs. La disponibilit\u00e9 de ce m\u00e9dicament antiviral sans ordonnance peut sembler \u00eatre un sujet explosif. Pourtant, il est crucial de comprendre que l&#8217;obtention d&#8217;Acyclovir sans ordonnance reste une question complexe. Bien que certains m\u00e9dicaments puissent \u00eatre achet\u00e9s sans prescription m\u00e9dicale, la r\u00e9glementation fran\u00e7aise entourant les m\u00e9dicaments antiviraux peut s&#8217;av\u00e9rer plus stricte. L&#8217;achat de tout m\u00e9dicament, y compris l&#8217;Acyclovir, sans l&#8217;avis d&#8217;un professionnel de la sant\u00e9 peut pr\u00e9senter des risques pour la sant\u00e9. Avant de chercher \u00e0 acqu\u00e9rir ce m\u00e9dicament sans ordonnance, il est vivement recommand\u00e9 de consulter un pharmacien ou un m\u00e9decin pour obtenir des conseils personnalis\u00e9s et assurer une utilisation s\u00fbre et appropri\u00e9e de l&#8217;Acyclovir.<\/p>\n","protected":false},"excerpt":{"rendered":"<p>Acyclovir Cliquez ici pour acheter L&#8217;acyclovir est un m\u00e9dicament antiviral utilis\u00e9 pour le traitement des patients infect\u00e9s par le virus<\/p>\n","protected":false},"author":3,"featured_media":0,"parent":0,"menu_order":0,"comment_status":"closed","ping_status":"closed","template":"","meta":{"_lmt_disableupdate":"no","_lmt_disable":"no","footnotes":""},"class_list":["post-23","page","type-page","status-publish","hentry"],"translation":{"provider":"WPGlobus","version":"3.0.2","language":"fr","enabled_languages":["en","es","fr"],"languages":{"en":{"title":true,"content":true,"excerpt":false},"es":{"title":true,"content":true,"excerpt":false},"fr":{"title":true,"content":true,"excerpt":false}}},"yoast_head":"<!-- This site is optimized with the Yoast SEO plugin v27.4 - https:\/\/yoast.com\/product\/yoast-seo-wordpress\/ -->\n<title>Acheter Acyclovir 400 et 800 mg en ligne sans ordonnance en France<\/title>\n<meta name=\"description\" content=\"Achetez de l&#039;acyclovir 400 mg ou 800 mg exp\u00e9di\u00e9s dans toute la France. Ce m\u00e9dicament est pour vous de garder les sympt\u00f4mes d&#039;une infection par l&#039;herp\u00e8s sous contr\u00f4le, bien que ce ne soit pas un rem\u00e8de contre l&#039;infection.\" \/>\n<meta name=\"robots\" content=\"index, follow, max-snippet:-1, max-image-preview:large, max-video-preview:-1\" \/>\n<link rel=\"canonical\" href=\"https:\/\/drpillman.biz\/es\/acyclovir.htm\" \/>\n<meta property=\"og:locale\" content=\"fr_FR\" \/>\n<meta property=\"og:type\" content=\"article\" \/>\n<meta property=\"og:title\" content=\"Acheter Acyclovir 400 et 800 mg en ligne sans ordonnance en France\" \/>\n<meta property=\"og:description\" content=\"Achetez de l&#039;acyclovir 400 mg ou 800 mg exp\u00e9di\u00e9s dans toute la France. Ce m\u00e9dicament est pour vous de garder les sympt\u00f4mes d&#039;une infection par l&#039;herp\u00e8s sous contr\u00f4le, bien que ce ne soit pas un rem\u00e8de contre l&#039;infection.\" \/>\n<meta property=\"og:url\" content=\"https:\/\/drpillman.biz\/es\/acyclovir.htm\" \/>\n<meta property=\"og:site_name\" content=\"Dr.Pillman\" \/>\n<meta property=\"article:modified_time\" content=\"2024-05-17T08:56:45+00:00\" \/>\n<meta name=\"twitter:card\" content=\"summary_large_image\" \/>\n<script type=\"application\/ld+json\" class=\"yoast-schema-graph\">{\"@context\":\"https:\\\/\\\/schema.org\",\"@graph\":[{\"@type\":\"WebPage\",\"@id\":\"https:\\\/\\\/drpillman.biz\\\/es\\\/acyclovir.htm\",\"url\":\"https:\\\/\\\/drpillman.biz\\\/es\\\/acyclovir.htm\",\"name\":\"Compre Acyclovir 400 & 800 mg en una farmacia de confianza que siempre le atender\u00e1\",\"isPartOf\":{\"@id\":\"http:\\\/\\\/drpillman.biz\\\/#website\"},\"datePublished\":\"2014-09-10T04:53:53+00:00\",\"dateModified\":\"2024-05-17T08:56:45+00:00\",\"description\":\"Achetez de l'acyclovir 400 mg ou 800 mg exp\u00e9di\u00e9s dans toute la France. Ce m\u00e9dicament est pour vous de garder les sympt\u00f4mes d'une infection par l'herp\u00e8s sous contr\u00f4le, bien que ce ne soit pas un rem\u00e8de contre l'infection.\",\"breadcrumb\":{\"@id\":\"https:\\\/\\\/drpillman.biz\\\/es\\\/acyclovir.htm#breadcrumb\"},\"inLanguage\":\"fr-FR\",\"potentialAction\":[{\"@type\":\"ReadAction\",\"target\":[\"https:\\\/\\\/drpillman.biz\\\/es\\\/acyclovir.htm\"]}]},{\"@type\":\"BreadcrumbList\",\"@id\":\"https:\\\/\\\/drpillman.biz\\\/es\\\/acyclovir.htm#breadcrumb\",\"itemListElement\":[{\"@type\":\"ListItem\",\"position\":1,\"name\":\"Home\",\"item\":\"http:\\\/\\\/drpillman.biz\\\/\"},{\"@type\":\"ListItem\",\"position\":2,\"name\":\"Aciclovir\"}]},{\"@type\":\"WebSite\",\"@id\":\"http:\\\/\\\/drpillman.biz\\\/#website\",\"url\":\"http:\\\/\\\/drpillman.biz\\\/\",\"name\":\"Dr.Pillman\",\"description\":\"\",\"potentialAction\":[{\"@type\":\"SearchAction\",\"target\":{\"@type\":\"EntryPoint\",\"urlTemplate\":\"http:\\\/\\\/drpillman.biz\\\/?s={search_term_string}\"},\"query-input\":{\"@type\":\"PropertyValueSpecification\",\"valueRequired\":true,\"valueName\":\"search_term_string\"}}],\"inLanguage\":\"fr-FR\"}]}<\/script>\n<!-- \/ Yoast SEO plugin. -->","yoast_head_json":{"title":"Acheter Acyclovir 400 et 800 mg en ligne sans ordonnance en France","description":"Achetez de l'acyclovir 400 mg ou 800 mg exp\u00e9di\u00e9s dans toute la France. Ce m\u00e9dicament est pour vous de garder les sympt\u00f4mes d'une infection par l'herp\u00e8s sous contr\u00f4le, bien que ce ne soit pas un rem\u00e8de contre l'infection.","robots":{"index":"index","follow":"follow","max-snippet":"max-snippet:-1","max-image-preview":"max-image-preview:large","max-video-preview":"max-video-preview:-1"},"canonical":"https:\/\/drpillman.biz\/es\/acyclovir.htm","og_locale":"fr_FR","og_type":"article","og_title":"Acheter Acyclovir 400 et 800 mg en ligne sans ordonnance en France","og_description":"Achetez de l'acyclovir 400 mg ou 800 mg exp\u00e9di\u00e9s dans toute la France. Ce m\u00e9dicament est pour vous de garder les sympt\u00f4mes d'une infection par l'herp\u00e8s sous contr\u00f4le, bien que ce ne soit pas un rem\u00e8de contre l'infection.","og_url":"https:\/\/drpillman.biz\/es\/acyclovir.htm","og_site_name":"Dr.Pillman","article_modified_time":"2024-05-17T08:56:45+00:00","twitter_card":"summary_large_image","schema":{"@context":"https:\/\/schema.org","@graph":[{"@type":"WebPage","@id":"https:\/\/drpillman.biz\/es\/acyclovir.htm","url":"https:\/\/drpillman.biz\/es\/acyclovir.htm","name":"Compre Acyclovir 400 & 800 mg en una farmacia de confianza que siempre le atender\u00e1","isPartOf":{"@id":"http:\/\/drpillman.biz\/#website"},"datePublished":"2014-09-10T04:53:53+00:00","dateModified":"2024-05-17T08:56:45+00:00","description":"Achetez de l'acyclovir 400 mg ou 800 mg exp\u00e9di\u00e9s dans toute la France. Ce m\u00e9dicament est pour vous de garder les sympt\u00f4mes d'une infection par l'herp\u00e8s sous contr\u00f4le, bien que ce ne soit pas un rem\u00e8de contre l'infection.","breadcrumb":{"@id":"https:\/\/drpillman.biz\/es\/acyclovir.htm#breadcrumb"},"inLanguage":"fr-FR","potentialAction":[{"@type":"ReadAction","target":["https:\/\/drpillman.biz\/es\/acyclovir.htm"]}]},{"@type":"BreadcrumbList","@id":"https:\/\/drpillman.biz\/es\/acyclovir.htm#breadcrumb","itemListElement":[{"@type":"ListItem","position":1,"name":"Home","item":"http:\/\/drpillman.biz\/"},{"@type":"ListItem","position":2,"name":"Aciclovir"}]},{"@type":"WebSite","@id":"http:\/\/drpillman.biz\/#website","url":"http:\/\/drpillman.biz\/","name":"Dr.Pillman","description":"","potentialAction":[{"@type":"SearchAction","target":{"@type":"EntryPoint","urlTemplate":"http:\/\/drpillman.biz\/?s={search_term_string}"},"query-input":{"@type":"PropertyValueSpecification","valueRequired":true,"valueName":"search_term_string"}}],"inLanguage":"fr-FR"}]}},"_links":{"self":[{"href":"https:\/\/drpillman.biz\/fr\/wp-json\/wp\/v2\/pages\/23","targetHints":{"allow":["GET"]}}],"collection":[{"href":"https:\/\/drpillman.biz\/fr\/wp-json\/wp\/v2\/pages"}],"about":[{"href":"https:\/\/drpillman.biz\/fr\/wp-json\/wp\/v2\/types\/page"}],"author":[{"embeddable":true,"href":"https:\/\/drpillman.biz\/fr\/wp-json\/wp\/v2\/users\/3"}],"replies":[{"embeddable":true,"href":"https:\/\/drpillman.biz\/fr\/wp-json\/wp\/v2\/comments?post=23"}],"version-history":[{"count":0,"href":"https:\/\/drpillman.biz\/fr\/wp-json\/wp\/v2\/pages\/23\/revisions"}],"wp:attachment":[{"href":"https:\/\/drpillman.biz\/fr\/wp-json\/wp\/v2\/media?parent=23"}],"curies":[{"name":"wp","href":"https:\/\/api.w.org\/{rel}","templated":true}]}}