{"id":34,"date":"2013-01-10T08:28:54","date_gmt":"2013-01-10T08:28:54","guid":{"rendered":"https:\/\/drpillman.biz\/?page_id=34"},"modified":"2024-05-17T10:17:33","modified_gmt":"2024-05-17T09:17:33","slug":"allopurinol","status":"publish","type":"page","link":"https:\/\/drpillman.biz\/fr\/allopurinol.htm","title":{"rendered":"Allopurinol"},"content":{"rendered":"<div id=\"content-center\">\n<div id=\"content-image\">\n\t\t\t\t\t<img decoding=\"async\" src=\"\/img\/Allopurinol.jpg\" alt=\"Allopurinol\">\t\t\t\t<\/div>\n<div id=\"content-description\">\n<h1>Allopurinol<\/h1>\n<p> <code><a href=\"https:\/\/200pills.com\/search.html?lang=fr&#038;cur=EUR&#038;key=Allopurinol\"> <button class=\"button-7\" role=\"button\">Cliquez ici pour acheter<\/button><\/a><\/code> <\/p>\n<div class=\"gray\"><\/div>\n<div class=\"clear\"><\/div>\n<div id=\"description\">\n\t\t\t\t\t\tL&#8217;allopurinol est un inhibiteur de la xanthine oxydase utilis\u00e9 pour le traitement des affections caract\u00e9ris\u00e9es par des taux \u00e9lev\u00e9s d&#8217;acide urique dans l&#8217;organisme. Il peut \u00eatre utilis\u00e9 pour pr\u00e9venir les crises de goutte, mais il est peu probable qu&#8217;il arr\u00eate une crise d\u00e9j\u00e0 en cours. L&#8217;allopurinol peut n\u00e9cessiter quelques mois de traitement pour que ses effets se fassent sentir.\t\t\t\t\t<\/div>\n<div id=\"additional\">\n\t\t\t\t\t\tSynonymes :<span> Zyloprim<\/span>\n\t\t\t\t\t<\/div>\n<\/p><\/div>\n<div class=\"clear\"><\/div>\n<h2>Utilisation d&#8217;Allopurinol<\/h2>\n<p>L&#8217;allopurinol est un m\u00e9dicament utilis\u00e9 pour le traitement de la goutte et de certains types de calculs r\u00e9naux. Cet inhibiteur de la xanthine oxydase agit en r\u00e9duisant les niveaux d&#8217;acide urique, soulageant ainsi les sympt\u00f4mes. Les patients peuvent pr\u00e9senter un niveau accru de production d&#8217;acide urique en raison d&#8217;une chimioth\u00e9rapie anticanc\u00e9reuse et d&#8217;autres facteurs. L&#8217;allopurinol peut \u00e9galement \u00eatre recommand\u00e9 pour le traitement de la douleur li\u00e9e \u00e0 la maladie du pancr\u00e9as, ainsi que pour les crises d&#8217;\u00e9pilepsie. Certains m\u00e9decins prescrivent Allopurinol pour r\u00e9duire le risque de rechute de l&#8217;ulc\u00e8re et am\u00e9liorer la survie apr\u00e8s un pontage.<\/p>\n<h2>Acheter Allopurinol en ligne &#8211; 100, 300 mg<\/h2>\n<p>Le choix de la dose d&#8217;Allopurinol \u00e0 acheter en ligne &#8211; 100 mg ou 300 mg &#8211; ne sera clair que lorsque vous aurez discut\u00e9 de votre situation avec un professionnel de la sant\u00e9 qualifi\u00e9. La dose d&#8217;Allopurinol dont vous avez besoin d\u00e9pend de votre \u00e9tat de sant\u00e9 et de vos besoins personnels, qui seront pleinement \u00e9valu\u00e9s lors d&#8217;un examen. De nombreuses personnes pr\u00e9f\u00e8rent acheter Allopurinol en ligne, ce qui leur permet de payer moins cher et d&#8217;obtenir la m\u00eame efficacit\u00e9. Lorsque vous achetez Allopurinol en ligne, veillez \u00e0 en commander suffisamment pour ne pas \u00eatre \u00e0 court au milieu de votre traitement, car vos sympt\u00f4mes peuvent s&#8217;aggraver si vous arr\u00eatez de prendre Allopurinol brusquement.<\/p>\n<h2>Posologie d&#8217;Allopurinol<\/h2>\n<p>La dose initiale d&#8217;Allopurinol peut \u00eatre inf\u00e9rieure \u00e0 celle que vous finirez par prendre. Par exemple, votre m\u00e9decin peut commencer \u00e0 vous administrer une dose de 10 mg d&#8217;Allopurinol, puis l&#8217;augmenter \u00e0 300 mg en fonction de votre r\u00e9ponse au traitement. Il se peut que vous deviez prendre Allopurinol pendant quelques semaines avant de constater une am\u00e9lioration des sympt\u00f4mes qui vous g\u00eanaient.<\/p>\n<h2>Effets secondaires<\/h2>\n<p>Allopurinol peut provoquer quelques effets secondaires chez certains patients. Vous pouvez continuer \u00e0 prendre le m\u00e9dicament si vous souffrez de somnolence, de diarrh\u00e9e ou de maux d&#8217;estomac, car il s&#8217;agit de sympt\u00f4mes b\u00e9nins qui disparaissent g\u00e9n\u00e9ralement au bout de quelques heures. Dans la plupart des cas, ils ne r\u00e9apparaissent pas, car votre corps s&#8217;adapte \u00e0 la dose prescrite par votre m\u00e9decin. Tout effet secondaire plus grave, tel que des d\u00e9mangeaisons, une perte d&#8217;app\u00e9tit, une miction douloureuse, une \u00e9ruption cutan\u00e9e ou la pr\u00e9sence de sang dans les urines, doit \u00eatre discut\u00e9 avec votre fournisseur de soins de sant\u00e9 d\u00e8s que possible.<\/p>\n<\/p><\/div>\n<h2>La Qu\u00eate du Allopurinol Sans Ordonnance : Un Parcours Sem\u00e9 d&#8217;Emb\u00fbches<\/h2>\n<p>Dans le monde m\u00e9dical fran\u00e7ais, la question persiste : est-il possible d&#8217;acheter du Allopurinol sans ordonnance ? Cette interrogation \u00e9veille les esprits curieux, mais elle est aussi source de confusion pour beaucoup. Le Allopurinol, un m\u00e9dicament utilis\u00e9 pour traiter la goutte et d&#8217;autres affections li\u00e9es \u00e0 l&#8217;exc\u00e8s d&#8217;acide urique, est-il accessible sans l&#8217;aval d&#8217;un m\u00e9decin ?La r\u00e9ponse, en v\u00e9rit\u00e9, est aussi \u00e9pineuse que les sympt\u00f4mes de la goutte elle-m\u00eame. Bien que dans certains pays, l&#8217;achat de ce m\u00e9dicament puisse se faire sans ordonnance, en France, la r\u00e9glementation est stricte. La l\u00e9gislation fran\u00e7aise exige g\u00e9n\u00e9ralement une prescription m\u00e9dicale pour l&#8217;acquisition de tout m\u00e9dicament, y compris le Allopurinol. Cependant, il existe des exceptions, des voies d\u00e9tourn\u00e9es, qui m\u00e8nent \u00e0 des r\u00e9sultats inattendus.Certains consommateurs, d\u00e9sireux d&#8217;\u00e9viter les tracas d&#8217;une visite m\u00e9dicale, se tournent vers les pharmacies en ligne ou les march\u00e9s gris. Mais ce chemin est sem\u00e9 d&#8217;emb\u00fbches et de risques. La qualit\u00e9 des produits peut \u00eatre douteuse, et l&#8217;absence de surveillance m\u00e9dicale peut entra\u00eener des complications graves.Alors que la tentation d&#8217;acqu\u00e9rir du Allopurinol sans ordonnance peut \u00eatre grande, il est imp\u00e9ratif de peser les risques et les b\u00e9n\u00e9fices avec soin. La consultation d&#8217;un professionnel de la sant\u00e9 reste la voie la plus s\u00fbre et la plus avis\u00e9e. En fin de compte, la sant\u00e9 prime sur la commodit\u00e9, et il vaut mieux affronter les m\u00e9andres du syst\u00e8me m\u00e9dical fran\u00e7ais que de compromettre son bien-\u00eatre.<\/p>\n","protected":false},"excerpt":{"rendered":"<p>Allopurinol Cliquez ici pour acheter L&#8217;allopurinol est un inhibiteur de la xanthine oxydase utilis\u00e9 pour le traitement des affections caract\u00e9ris\u00e9es<\/p>\n","protected":false},"author":3,"featured_media":0,"parent":0,"menu_order":0,"comment_status":"closed","ping_status":"closed","template":"","meta":{"_lmt_disableupdate":"no","_lmt_disable":"no","footnotes":""},"class_list":["post-34","page","type-page","status-publish","hentry"],"translation":{"provider":"WPGlobus","version":"3.0.2","language":"fr","enabled_languages":["en","es","fr"],"languages":{"en":{"title":true,"content":true,"excerpt":false},"es":{"title":true,"content":true,"excerpt":false},"fr":{"title":true,"content":true,"excerpt":false}}},"yoast_head":"<!-- This site is optimized with the Yoast SEO plugin v27.4 - https:\/\/yoast.com\/product\/yoast-seo-wordpress\/ -->\n<title>Acheter Allopurinol 100 et 300 mg en ligne sans ordonnance en France<\/title>\n<meta name=\"description\" content=\"Achetez de l&#039;allopurinol 300 mg ou 100 mg pour traiter les calculs r\u00e9naux ou les conditions caus\u00e9es ou contribu\u00e9es \u00e0 une production excessive d&#039;acide urique dans le corps. Ce m\u00e9dicament est disponible en ligne et peut \u00eatre achet\u00e9 en vrac.\" \/>\n<meta name=\"robots\" content=\"index, follow, max-snippet:-1, max-image-preview:large, max-video-preview:-1\" \/>\n<link rel=\"canonical\" href=\"https:\/\/drpillman.biz\/fr\/allopurinol.htm\" \/>\n<meta property=\"og:locale\" content=\"fr_FR\" \/>\n<meta property=\"og:type\" content=\"article\" \/>\n<meta property=\"og:title\" content=\"Acheter Allopurinol 100 et 300 mg en ligne sans ordonnance en France\" \/>\n<meta property=\"og:description\" content=\"Achetez de l&#039;allopurinol 300 mg ou 100 mg pour traiter les calculs r\u00e9naux ou les conditions caus\u00e9es ou contribu\u00e9es \u00e0 une production excessive d&#039;acide urique dans le corps. Ce m\u00e9dicament est disponible en ligne et peut \u00eatre achet\u00e9 en vrac.\" \/>\n<meta property=\"og:url\" content=\"https:\/\/drpillman.biz\/fr\/allopurinol.htm\" \/>\n<meta property=\"og:site_name\" content=\"Dr.Pillman\" \/>\n<meta property=\"article:modified_time\" content=\"2024-05-17T09:17:33+00:00\" \/>\n<meta name=\"twitter:card\" content=\"summary_large_image\" \/>\n<script type=\"application\/ld+json\" class=\"yoast-schema-graph\">{\"@context\":\"https:\\\/\\\/schema.org\",\"@graph\":[{\"@type\":\"WebPage\",\"@id\":\"https:\\\/\\\/drpillman.biz\\\/fr\\\/allopurinol.htm\",\"url\":\"https:\\\/\\\/drpillman.biz\\\/fr\\\/allopurinol.htm\",\"name\":\"Acheter Allopurinol 100 et 300 mg en ligne sans ordonnance en France\",\"isPartOf\":{\"@id\":\"https:\\\/\\\/drpillman.biz\\\/fr\\\/#website\"},\"datePublished\":\"2013-01-10T08:28:54+00:00\",\"dateModified\":\"2024-05-17T09:17:33+00:00\",\"description\":\"Achetez de l'allopurinol 300 mg ou 100 mg pour traiter les calculs r\u00e9naux ou les conditions caus\u00e9es ou contribu\u00e9es \u00e0 une production excessive d'acide urique dans le corps. Ce m\u00e9dicament est disponible en ligne et peut \u00eatre achet\u00e9 en vrac.\",\"breadcrumb\":{\"@id\":\"https:\\\/\\\/drpillman.biz\\\/fr\\\/allopurinol.htm#breadcrumb\"},\"inLanguage\":\"fr-FR\",\"potentialAction\":[{\"@type\":\"ReadAction\",\"target\":[\"https:\\\/\\\/drpillman.biz\\\/fr\\\/allopurinol.htm\"]}]},{\"@type\":\"BreadcrumbList\",\"@id\":\"https:\\\/\\\/drpillman.biz\\\/fr\\\/allopurinol.htm#breadcrumb\",\"itemListElement\":[{\"@type\":\"ListItem\",\"position\":1,\"name\":\"Home\",\"item\":\"https:\\\/\\\/drpillman.biz\\\/fr\\\/\"},{\"@type\":\"ListItem\",\"position\":2,\"name\":\"Allopurinol\"}]},{\"@type\":\"WebSite\",\"@id\":\"https:\\\/\\\/drpillman.biz\\\/fr\\\/#website\",\"url\":\"https:\\\/\\\/drpillman.biz\\\/fr\\\/\",\"name\":\"Dr.Pillman\",\"description\":\"\",\"potentialAction\":[{\"@type\":\"SearchAction\",\"target\":{\"@type\":\"EntryPoint\",\"urlTemplate\":\"https:\\\/\\\/drpillman.biz\\\/fr\\\/?s={search_term_string}\"},\"query-input\":{\"@type\":\"PropertyValueSpecification\",\"valueRequired\":true,\"valueName\":\"search_term_string\"}}],\"inLanguage\":\"fr-FR\"}]}<\/script>\n<!-- \/ Yoast SEO plugin. -->","yoast_head_json":{"title":"Acheter Allopurinol 100 et 300 mg en ligne sans ordonnance en France","description":"Achetez de l'allopurinol 300 mg ou 100 mg pour traiter les calculs r\u00e9naux ou les conditions caus\u00e9es ou contribu\u00e9es \u00e0 une production excessive d'acide urique dans le corps. Ce m\u00e9dicament est disponible en ligne et peut \u00eatre achet\u00e9 en vrac.","robots":{"index":"index","follow":"follow","max-snippet":"max-snippet:-1","max-image-preview":"max-image-preview:large","max-video-preview":"max-video-preview:-1"},"canonical":"https:\/\/drpillman.biz\/fr\/allopurinol.htm","og_locale":"fr_FR","og_type":"article","og_title":"Acheter Allopurinol 100 et 300 mg en ligne sans ordonnance en France","og_description":"Achetez de l'allopurinol 300 mg ou 100 mg pour traiter les calculs r\u00e9naux ou les conditions caus\u00e9es ou contribu\u00e9es \u00e0 une production excessive d'acide urique dans le corps. Ce m\u00e9dicament est disponible en ligne et peut \u00eatre achet\u00e9 en vrac.","og_url":"https:\/\/drpillman.biz\/fr\/allopurinol.htm","og_site_name":"Dr.Pillman","article_modified_time":"2024-05-17T09:17:33+00:00","twitter_card":"summary_large_image","schema":{"@context":"https:\/\/schema.org","@graph":[{"@type":"WebPage","@id":"https:\/\/drpillman.biz\/fr\/allopurinol.htm","url":"https:\/\/drpillman.biz\/fr\/allopurinol.htm","name":"Acheter Allopurinol 100 et 300 mg en ligne sans ordonnance en France","isPartOf":{"@id":"https:\/\/drpillman.biz\/fr\/#website"},"datePublished":"2013-01-10T08:28:54+00:00","dateModified":"2024-05-17T09:17:33+00:00","description":"Achetez de l'allopurinol 300 mg ou 100 mg pour traiter les calculs r\u00e9naux ou les conditions caus\u00e9es ou contribu\u00e9es \u00e0 une production excessive d'acide urique dans le corps. Ce m\u00e9dicament est disponible en ligne et peut \u00eatre achet\u00e9 en vrac.","breadcrumb":{"@id":"https:\/\/drpillman.biz\/fr\/allopurinol.htm#breadcrumb"},"inLanguage":"fr-FR","potentialAction":[{"@type":"ReadAction","target":["https:\/\/drpillman.biz\/fr\/allopurinol.htm"]}]},{"@type":"BreadcrumbList","@id":"https:\/\/drpillman.biz\/fr\/allopurinol.htm#breadcrumb","itemListElement":[{"@type":"ListItem","position":1,"name":"Home","item":"https:\/\/drpillman.biz\/fr\/"},{"@type":"ListItem","position":2,"name":"Allopurinol"}]},{"@type":"WebSite","@id":"https:\/\/drpillman.biz\/fr\/#website","url":"https:\/\/drpillman.biz\/fr\/","name":"Dr.Pillman","description":"","potentialAction":[{"@type":"SearchAction","target":{"@type":"EntryPoint","urlTemplate":"https:\/\/drpillman.biz\/fr\/?s={search_term_string}"},"query-input":{"@type":"PropertyValueSpecification","valueRequired":true,"valueName":"search_term_string"}}],"inLanguage":"fr-FR"}]}},"_links":{"self":[{"href":"https:\/\/drpillman.biz\/fr\/wp-json\/wp\/v2\/pages\/34","targetHints":{"allow":["GET"]}}],"collection":[{"href":"https:\/\/drpillman.biz\/fr\/wp-json\/wp\/v2\/pages"}],"about":[{"href":"https:\/\/drpillman.biz\/fr\/wp-json\/wp\/v2\/types\/page"}],"author":[{"embeddable":true,"href":"https:\/\/drpillman.biz\/fr\/wp-json\/wp\/v2\/users\/3"}],"replies":[{"embeddable":true,"href":"https:\/\/drpillman.biz\/fr\/wp-json\/wp\/v2\/comments?post=34"}],"version-history":[{"count":0,"href":"https:\/\/drpillman.biz\/fr\/wp-json\/wp\/v2\/pages\/34\/revisions"}],"wp:attachment":[{"href":"https:\/\/drpillman.biz\/fr\/wp-json\/wp\/v2\/media?parent=34"}],"curies":[{"name":"wp","href":"https:\/\/api.w.org\/{rel}","templated":true}]}}