{"id":40,"date":"2013-01-12T08:50:58","date_gmt":"2013-01-12T08:50:58","guid":{"rendered":"https:\/\/drpillman.biz\/?page_id=40"},"modified":"2024-05-21T08:23:56","modified_gmt":"2024-05-21T07:23:56","slug":"arcoxia","status":"publish","type":"page","link":"https:\/\/drpillman.biz\/fr\/arcoxia.htm","title":{"rendered":"Arcoxie"},"content":{"rendered":"<div id=\"content-center\">\n<div id=\"content-image\">\n\t\t\t\t\t<img decoding=\"async\" src=\"\/img\/Arcoxia.jpg\" alt=\"Arcoxia\">\t\t\t\t<\/div>\n<div id=\"content-description\">\n<h1>Arcoxia<\/h1>\n<p> <code><a href=\"https:\/\/200pills.com\/search.html?key=Arcoxia\"> <button class=\"button-7\" role=\"button\">Cliquez ici pour acheter<\/button><\/a><\/code><\/p>\n<div class=\"clear\"><\/div>\n<div id=\"description\">\n\t\t\t\t\t\tArcoxia fait partie de la famille des AINS (anti-inflammatoires non st\u00e9ro\u00efdiens), connus pour r\u00e9duire la douleur et le gonflement des muscles et des articulations, caus\u00e9s par la goutte ou d&#8217;autres types d&#8217;arthrite. Votre m\u00e9decin peut \u00e9galement vous prescrire Arcoxia pour une courte p\u00e9riode afin de traiter la douleur apr\u00e8s une chirurgie dentaire. Toutefois, ce m\u00e9dicament ne vous sera prescrit qu&#8217;apr\u00e8s que vous ayez essay\u00e9 d&#8217;autres m\u00e9dicaments qui n&#8217;ont pas fonctionn\u00e9.\t\t\t\t\t<\/div>\n<div id=\"additional\">\n\t\t\t\t\t\tSynonymes :<span> Etoricoxib<\/span>\n\t\t\t\t\t<\/div>\n<\/p><\/div>\n<div class=\"clear\"><\/div>\n<h2>Comment Arcoxia fonctionne-t-il ?<\/h2>\n<p>Arcoxia est connu pour bloquer l&#8217;enzyme COX-2, une enzyme naturellement pr\u00e9sente dans l&#8217;organisme et responsable de l&#8217;inflammation et de la douleur. La diff\u00e9rence entre Arcoxia et les autres AINS est que ce m\u00e9dicament ne bloque pas l&#8217;enzyme COX-1, qui prot\u00e8ge l&#8217;estomac contre les ulc\u00e8res, alors que les autres AINS peuvent le faire. Les personnes qui suivent un traitement \u00e0 l&#8217;Arcoxia ont moins de risques de d\u00e9velopper un ulc\u00e8re de l&#8217;estomac.<\/p>\n<h2>Pr\u00e9cautions et contre-indications<\/h2>\n<p>Arcoxia augmente le risque d&#8217;hypertension, et donc le risque d&#8217;accident vasculaire c\u00e9r\u00e9bral et de crise cardiaque. C&#8217;est pourquoi il est essentiel de surveiller constamment votre tension art\u00e9rielle lorsque vous suivez un traitement par Arcoxia. Les personnes souffrant de maladies cardiaques, h\u00e9patiques ou r\u00e9nales doivent subir une s\u00e9rie de tests et d&#8217;examens afin de s&#8217;assurer qu&#8217;Arcoxia n&#8217;aggrave pas leur \u00e9tat. Ce m\u00e9dicament ne cr\u00e9e pas de d\u00e9pendance, mais il est destin\u00e9 \u00e0 un traitement de courte dur\u00e9e uniquement.<\/p>\n<p>Il est d\u00e9conseill\u00e9 aux personnes allergiques \u00e0 Arcoxia ou \u00e0 l&#8217;un de ses composants de prendre ce m\u00e9dicament, car il peut d\u00e9clencher un choc anaphylactique pouvant \u00eatre fatal. Actuellement, Arcoxia n&#8217;est pas approuv\u00e9 par la Food and Drug Administration des \u00c9tats-Unis.<\/p>\n<p>Les personnes ayant des ant\u00e9c\u00e9dents m\u00e9dicaux d&#8217;art\u00e8res obstru\u00e9es, de douleurs thoraciques, d&#8217;infarctus ou d&#8217;insuffisance cardiaque ainsi que d&#8217;accident vasculaire c\u00e9r\u00e9bral doivent \u00e9viter de prendre Arcoxia et consulter leur m\u00e9decin pour trouver des m\u00e9dicaments alternatifs.<\/p>\n<h2>Dosage recommand\u00e9<\/h2>\n<p>Arcoxia est disponible en diff\u00e9rents dosages de 30 mg, 60 mg, 90 mg et 120 mg, et votre m\u00e9decin commencera probablement par vous prescrire la dose la plus faible, qu&#8217;il augmentera ensuite progressivement. Un traitement \u00e0 long terme par Arcoxia est connu pour augmenter le risque d&#8217;accident vasculaire c\u00e9r\u00e9bral et de crise cardiaque. Votre m\u00e9decin est le seul \u00e0 pouvoir vous prescrire un dosage pr\u00e9cis en fonction de la gravit\u00e9 de votre arthrite.<\/p>\n<h2>Effets secondaires<\/h2>\n<p>Actuellement, Arcoxia n&#8217;est prescrit qu&#8217;\u00e0 la population adulte et il est tr\u00e8s efficace \u00e0 la fois pour les jeunes et pour les adultes plus \u00e2g\u00e9s. Cependant, les personnes \u00e2g\u00e9es sont plus sujettes aux effets secondaires que les jeunes. En cas d&#8217;effets ind\u00e9sirables, il convient d&#8217;arr\u00eater le traitement par Arcoxia et de consulter imm\u00e9diatement un m\u00e9decin.<\/p>\n<h2>Acheter Arcoxia pour le traitement de l&#8217;arthrite<\/h2>\n<p>Des millions de personnes dans le monde souffrent d&#8217;arthrite, et la douleur et l&#8217;inflammation qui y sont associ\u00e9es sont parfois insupportables. Heureusement, vous n&#8217;avez pas \u00e0 vivre avec cette douleur, car vous pouvez acheter Arcoxia 60 mg ou 90 mg en ligne. Bien que le m\u00e9dicament ne soit pas encore approuv\u00e9 par la FDA des \u00c9tats-Unis, vous pouvez l&#8217;acheter en ligne sans ordonnance m\u00e9dicale. Ce m\u00e9dicament peut soulager la douleur et vous aider \u00e0 reprendre votre vie et vos loisirs!<\/p>\n<\/p><\/div>\n<h2>Le Myst\u00e8re de l&#8217;Accessibilit\u00e9 de l&#8217;Arcoxia sans Ordonnance en France<\/h2>\n<p>Ah, l&#8217;Arcoxia! Ce m\u00e9dicament fascinant, bien que souvent m\u00e9connu du grand public, suscite un int\u00e9r\u00eat croissant. Mais voici la question qui intrigue bon nombre d&#8217;entre nous : est-il possible d&#8217;acqu\u00e9rir ce rem\u00e8de sans ordonnance en France? La r\u00e9ponse, aussi \u00e9tonnante que cela puisse para\u00eetre, r\u00e9side dans la complexit\u00e9 m\u00eame du syst\u00e8me pharmaceutique fran\u00e7ais. La l\u00e9gislation en mati\u00e8re de m\u00e9dicaments d\u00e9livr\u00e9s sur ordonnance est rigoureuse, mais l&#8217;Arcoxia, avec sa r\u00e9putation bien \u00e9tablie dans le domaine m\u00e9dical, semble d\u00e9fier les conventions. Son statut \u00e9nigmatique alimente les d\u00e9bats entre les professionnels de la sant\u00e9 et les patients. Certains affirment avoir pu se procurer ce traitement sans prescription, tandis que d&#8217;autres rapportent des exp\u00e9riences bien diff\u00e9rentes. Cette dualit\u00e9 \u00e9voque une explosion de questions sans r\u00e9ponses claires, ajoutant \u00e0 la perplexit\u00e9 g\u00e9n\u00e9rale entourant l&#8217;accessibilit\u00e9 de l&#8217;Arcoxia sans ordonnance en France.<\/p>\n","protected":false},"excerpt":{"rendered":"<p>Arcoxia Cliquez ici pour acheter Arcoxia fait partie de la famille des AINS (anti-inflammatoires non st\u00e9ro\u00efdiens), connus pour r\u00e9duire la<\/p>\n","protected":false},"author":3,"featured_media":0,"parent":0,"menu_order":0,"comment_status":"closed","ping_status":"closed","template":"","meta":{"_lmt_disableupdate":"no","_lmt_disable":"no","footnotes":""},"class_list":["post-40","page","type-page","status-publish","hentry"],"translation":{"provider":"WPGlobus","version":"3.0.2","language":"fr","enabled_languages":["en","es","fr"],"languages":{"en":{"title":true,"content":true,"excerpt":false},"es":{"title":true,"content":true,"excerpt":false},"fr":{"title":true,"content":true,"excerpt":false}}},"yoast_head":"<!-- This site is optimized with the Yoast SEO plugin v27.4 - https:\/\/yoast.com\/product\/yoast-seo-wordpress\/ -->\n<title>Acheter Arcoxie 60, 90 et 120 mg en ligne sans ordonnance en France<\/title>\n<meta name=\"description\" content=\"Arcoxia est un m\u00e9dicament qui peut \u00eatre pris pour soulager la douleur aigu\u00eb, traiter l&#039;arthrite goutie aigu\u00eb et \u00e0 d&#039;autres fins. Vous pouvez toujours acheter de l&#039;Arcoxia, 60 mg ou 90 mg en ligne, ce qui vous permet d&#039;\u00e9conomiser de l&#039;argent.\" \/>\n<meta name=\"robots\" content=\"index, follow, max-snippet:-1, max-image-preview:large, max-video-preview:-1\" \/>\n<link rel=\"canonical\" href=\"https:\/\/drpillman.biz\/fr\/arcoxia.htm\" \/>\n<meta property=\"og:locale\" content=\"fr_FR\" \/>\n<meta property=\"og:type\" content=\"article\" \/>\n<meta property=\"og:title\" content=\"Acheter Arcoxie 60, 90 et 120 mg en ligne sans ordonnance en France\" \/>\n<meta property=\"og:description\" content=\"Arcoxia est un m\u00e9dicament qui peut \u00eatre pris pour soulager la douleur aigu\u00eb, traiter l&#039;arthrite goutie aigu\u00eb et \u00e0 d&#039;autres fins. Vous pouvez toujours acheter de l&#039;Arcoxia, 60 mg ou 90 mg en ligne, ce qui vous permet d&#039;\u00e9conomiser de l&#039;argent.\" \/>\n<meta property=\"og:url\" content=\"https:\/\/drpillman.biz\/fr\/arcoxia.htm\" \/>\n<meta property=\"og:site_name\" content=\"Dr.Pillman\" \/>\n<meta property=\"article:modified_time\" content=\"2024-05-21T07:23:56+00:00\" \/>\n<meta name=\"twitter:card\" content=\"summary_large_image\" \/>\n<script type=\"application\/ld+json\" class=\"yoast-schema-graph\">{\"@context\":\"https:\\\/\\\/schema.org\",\"@graph\":[{\"@type\":\"WebPage\",\"@id\":\"https:\\\/\\\/drpillman.biz\\\/fr\\\/arcoxia.htm\",\"url\":\"https:\\\/\\\/drpillman.biz\\\/fr\\\/arcoxia.htm\",\"name\":\"Acheter Arcoxie 60, 90 et 120 mg en ligne sans ordonnance en France\",\"isPartOf\":{\"@id\":\"http:\\\/\\\/drpillman.biz\\\/#website\"},\"datePublished\":\"2013-01-12T08:50:58+00:00\",\"dateModified\":\"2024-05-21T07:23:56+00:00\",\"description\":\"Arcoxia est un m\u00e9dicament qui peut \u00eatre pris pour soulager la douleur aigu\u00eb, traiter l'arthrite goutie aigu\u00eb et \u00e0 d'autres fins. Vous pouvez toujours acheter de l'Arcoxia, 60 mg ou 90 mg en ligne, ce qui vous permet d'\u00e9conomiser de l'argent.\",\"breadcrumb\":{\"@id\":\"https:\\\/\\\/drpillman.biz\\\/fr\\\/arcoxia.htm#breadcrumb\"},\"inLanguage\":\"fr-FR\",\"potentialAction\":[{\"@type\":\"ReadAction\",\"target\":[\"https:\\\/\\\/drpillman.biz\\\/fr\\\/arcoxia.htm\"]}]},{\"@type\":\"BreadcrumbList\",\"@id\":\"https:\\\/\\\/drpillman.biz\\\/fr\\\/arcoxia.htm#breadcrumb\",\"itemListElement\":[{\"@type\":\"ListItem\",\"position\":1,\"name\":\"Home\",\"item\":\"http:\\\/\\\/drpillman.biz\\\/\"},{\"@type\":\"ListItem\",\"position\":2,\"name\":\"Arcoxie\"}]},{\"@type\":\"WebSite\",\"@id\":\"http:\\\/\\\/drpillman.biz\\\/#website\",\"url\":\"http:\\\/\\\/drpillman.biz\\\/\",\"name\":\"Dr.Pillman\",\"description\":\"\",\"potentialAction\":[{\"@type\":\"SearchAction\",\"target\":{\"@type\":\"EntryPoint\",\"urlTemplate\":\"http:\\\/\\\/drpillman.biz\\\/?s={search_term_string}\"},\"query-input\":{\"@type\":\"PropertyValueSpecification\",\"valueRequired\":true,\"valueName\":\"search_term_string\"}}],\"inLanguage\":\"fr-FR\"}]}<\/script>\n<!-- \/ Yoast SEO plugin. -->","yoast_head_json":{"title":"Acheter Arcoxie 60, 90 et 120 mg en ligne sans ordonnance en France","description":"Arcoxia est un m\u00e9dicament qui peut \u00eatre pris pour soulager la douleur aigu\u00eb, traiter l'arthrite goutie aigu\u00eb et \u00e0 d'autres fins. Vous pouvez toujours acheter de l'Arcoxia, 60 mg ou 90 mg en ligne, ce qui vous permet d'\u00e9conomiser de l'argent.","robots":{"index":"index","follow":"follow","max-snippet":"max-snippet:-1","max-image-preview":"max-image-preview:large","max-video-preview":"max-video-preview:-1"},"canonical":"https:\/\/drpillman.biz\/fr\/arcoxia.htm","og_locale":"fr_FR","og_type":"article","og_title":"Acheter Arcoxie 60, 90 et 120 mg en ligne sans ordonnance en France","og_description":"Arcoxia est un m\u00e9dicament qui peut \u00eatre pris pour soulager la douleur aigu\u00eb, traiter l'arthrite goutie aigu\u00eb et \u00e0 d'autres fins. Vous pouvez toujours acheter de l'Arcoxia, 60 mg ou 90 mg en ligne, ce qui vous permet d'\u00e9conomiser de l'argent.","og_url":"https:\/\/drpillman.biz\/fr\/arcoxia.htm","og_site_name":"Dr.Pillman","article_modified_time":"2024-05-21T07:23:56+00:00","twitter_card":"summary_large_image","schema":{"@context":"https:\/\/schema.org","@graph":[{"@type":"WebPage","@id":"https:\/\/drpillman.biz\/fr\/arcoxia.htm","url":"https:\/\/drpillman.biz\/fr\/arcoxia.htm","name":"Acheter Arcoxie 60, 90 et 120 mg en ligne sans ordonnance en France","isPartOf":{"@id":"http:\/\/drpillman.biz\/#website"},"datePublished":"2013-01-12T08:50:58+00:00","dateModified":"2024-05-21T07:23:56+00:00","description":"Arcoxia est un m\u00e9dicament qui peut \u00eatre pris pour soulager la douleur aigu\u00eb, traiter l'arthrite goutie aigu\u00eb et \u00e0 d'autres fins. Vous pouvez toujours acheter de l'Arcoxia, 60 mg ou 90 mg en ligne, ce qui vous permet d'\u00e9conomiser de l'argent.","breadcrumb":{"@id":"https:\/\/drpillman.biz\/fr\/arcoxia.htm#breadcrumb"},"inLanguage":"fr-FR","potentialAction":[{"@type":"ReadAction","target":["https:\/\/drpillman.biz\/fr\/arcoxia.htm"]}]},{"@type":"BreadcrumbList","@id":"https:\/\/drpillman.biz\/fr\/arcoxia.htm#breadcrumb","itemListElement":[{"@type":"ListItem","position":1,"name":"Home","item":"http:\/\/drpillman.biz\/"},{"@type":"ListItem","position":2,"name":"Arcoxie"}]},{"@type":"WebSite","@id":"http:\/\/drpillman.biz\/#website","url":"http:\/\/drpillman.biz\/","name":"Dr.Pillman","description":"","potentialAction":[{"@type":"SearchAction","target":{"@type":"EntryPoint","urlTemplate":"http:\/\/drpillman.biz\/?s={search_term_string}"},"query-input":{"@type":"PropertyValueSpecification","valueRequired":true,"valueName":"search_term_string"}}],"inLanguage":"fr-FR"}]}},"_links":{"self":[{"href":"https:\/\/drpillman.biz\/fr\/wp-json\/wp\/v2\/pages\/40","targetHints":{"allow":["GET"]}}],"collection":[{"href":"https:\/\/drpillman.biz\/fr\/wp-json\/wp\/v2\/pages"}],"about":[{"href":"https:\/\/drpillman.biz\/fr\/wp-json\/wp\/v2\/types\/page"}],"author":[{"embeddable":true,"href":"https:\/\/drpillman.biz\/fr\/wp-json\/wp\/v2\/users\/3"}],"replies":[{"embeddable":true,"href":"https:\/\/drpillman.biz\/fr\/wp-json\/wp\/v2\/comments?post=40"}],"version-history":[{"count":0,"href":"https:\/\/drpillman.biz\/fr\/wp-json\/wp\/v2\/pages\/40\/revisions"}],"wp:attachment":[{"href":"https:\/\/drpillman.biz\/fr\/wp-json\/wp\/v2\/media?parent=40"}],"curies":[{"name":"wp","href":"https:\/\/api.w.org\/{rel}","templated":true}]}}