{"id":43,"date":"2013-01-23T05:11:17","date_gmt":"2013-01-23T05:11:17","guid":{"rendered":"https:\/\/drpillman.biz\/?page_id=43"},"modified":"2024-05-17T12:47:52","modified_gmt":"2024-05-17T11:47:52","slug":"atenolol","status":"publish","type":"page","link":"https:\/\/drpillman.biz\/fr\/atenolol.htm","title":{"rendered":"At\u00e9nolol"},"content":{"rendered":"<div id=\"content-center\">\n<div id=\"content-image\">\n\t\t\t\t\t<img decoding=\"async\" src=\"\/img\/Atenolol.jpg\" alt=\"Atenolol\">\t\t\t\t<\/div>\n<div id=\"content-description\">\n<h1>At\u00e9nolol<\/h1>\n<p> <code><a href=\"https:\/\/200pills.com\/search.html?lang=fr&#038;cur=EUR&#038;lang=fr&#038;cur=EUR&#038;lang=fr&#038;cur=EUR&#038;lang=fr&#038;cur=EUR&#038;key=Atenolol\"> <button class=\"button-7\" role=\"button\">Cliquez ici pour acheter<\/button><\/a><\/code> <\/p>\n<div class=\"gray\"><\/div>\n<div class=\"clear\"><\/div>\n<div id=\"description\">\n\t\t\t\t\t\tL&#8217;at\u00e9nolol est un m\u00e9dicament d\u00e9livr\u00e9 sur ordonnance utilis\u00e9 pour le traitement de l&#8217;hypertension art\u00e9rielle. En outre, il peut \u00eatre pris en cas de douleurs thoraciques li\u00e9es \u00e0 une maladie coronarienne. Il y a de fortes chances que l&#8217;Atenolol doive \u00eatre pris en permanence par le patient.\t\t\t\t\t<\/div>\n<div id=\"additional\">\n\t\t\t\t\t\tSynonymes :<span> Tenormin<\/span>\n\t\t\t\t\t<\/div>\n<\/p><\/div>\n<div class=\"clear\"><\/div>\n<p>Atenolol (tenormin) est class\u00e9 comme un agent bloquant b\u00eata-adr\u00e9nergique. En bloquant la stimulation des nerfs du syst\u00e8me nerveux sympathique, il diminue le rythme cardiaque anormalement \u00e9lev\u00e9 et abaisse la tension art\u00e9rielle. Par cons\u00e9quent, l&#8217;At\u00e9nolol ne doit \u00eatre prescrit qu&#8217;aux patients souffrant d&#8217;hypertension art\u00e9rielle et de douleurs thoraciques. Il s&#8217;est \u00e9galement av\u00e9r\u00e9 utile dans le traitement des crises cardiaques et de la tachycardie, ainsi que pour pr\u00e9venir les migraines et traiter certains types de tremblements. L&#8217;at\u00e9nolol 25 mg, 50 mg et 100 mg sont les doses les plus couramment utilis\u00e9es. Le choix des doses permet de choisir celle qui convient \u00e0 chaque patient sans qu&#8217;aucun effet secondaire n&#8217;apparaisse au cours du traitement. Lorsque vous achetez de l&#8217;Atenolol (tenormin) en ligne, vous pouvez commencer par la dose de 25 mg pour voir si cela vous aide. Le conseil g\u00e9n\u00e9ral est de toujours prendre la dose minimale efficace. Si l&#8217;Atenolol 25 mg vous convient, il n&#8217;y a donc aucune raison de prendre du Tenormin 50 mg ou 100 mg. L&#8217;Atenolol achet\u00e9 en ligne vous aidera de la m\u00eame mani\u00e8re que l&#8217;Atenolol de marque, car les deux contiennent la m\u00eame quantit\u00e9 de l&#8217;ingr\u00e9dient actif tenormin. C&#8217;est pourquoi vous pouvez acheter de l&#8217;Atenolol en ligne sans vous soucier des aspects de votre traitement. Il est toujours pr\u00e9f\u00e9rable de prendre l&#8217;Atenolol avant un repas (une demi-heure \u00e0 l&#8217;avance) ou au coucher, sauf indication contraire. La dose habituelle est de 50 mg d&#8217;at\u00e9nolol ou de 100 mg en une prise par jour. L&#8217;at\u00e9nolol ne doit pas \u00eatre administr\u00e9 aux femmes enceintes, car il peut affecter la croissance de l&#8217;enfant \u00e0 na\u00eetre et causer d&#8217;autres probl\u00e8mes.<\/p>\n<h2>Effets secondaires<\/h2>\n<p>L&#8217;at\u00e9nolol est bien tol\u00e9r\u00e9 par la plupart des patients, seuls quelques pour cent d&#8217;entre eux \u00e9tant affect\u00e9s par des effets secondaires mineurs. Parmi les effets secondaires possibles chez certains patients, citons les \u00e9tourdissements, la constipation, la diarrh\u00e9e, l&#8217;insomnie, les naus\u00e9es, les maux de gorge et les crampes abdominales. Dans la plupart des cas, il n&#8217;est pas n\u00e9cessaire de signaler ces effets secondaires ou d&#8217;arr\u00eater le traitement. Vous devez appeler votre m\u00e9decin si l&#8217;un des effets secondaires que vous avez d\u00e9velopp\u00e9s persiste ou devient g\u00eanant.<\/p>\n<\/p><\/div>\n<h2>Obtenir du Atenolol sans ordonnance en France : Mythe ou R\u00e9alit\u00e9 ?<\/h2>\n<p>Est-il possible d&#8217;acheter du Atenolol sans ordonnance en France? Cette question suscite souvent une grande confusion parmi les patients cherchant \u00e0 obtenir ce m\u00e9dicament sans passer par leur m\u00e9decin. Le Atenolol, un b\u00eata-bloquant utilis\u00e9 pour traiter l&#8217;hypertension et d&#8217;autres conditions cardiaques, est soumis \u00e0 des r\u00e9glementations strictes en France. Malheureusement, la r\u00e9ponse \u00e0 cette question n&#8217;est pas aussi simple qu&#8217;on pourrait le penser.La r\u00e9glementation fran\u00e7aise stipule que certains m\u00e9dicaments, y compris le Atenolol, sont soumis \u00e0 prescription m\u00e9dicale obligatoire. Cela signifie que, l\u00e9galement, vous ne pouvez pas acheter du Atenolol sans ordonnance d&#8217;un m\u00e9decin agr\u00e9\u00e9. Cette mesure vise \u00e0 prot\u00e9ger la sant\u00e9 des patients en s&#8217;assurant que le m\u00e9dicament est prescrit de mani\u00e8re appropri\u00e9e et en surveillant les effets secondaires potentiels.Cependant, malgr\u00e9 cette r\u00e9glementation stricte, il existe des cas o\u00f9 des individus tentent d&#8217;obtenir du Atenolol sans ordonnance en contournant le syst\u00e8me. Cela peut se faire par le biais de pharmacies en ligne peu scrupuleuses ou en cherchant des alternatives telles que des march\u00e9s parall\u00e8les. Il est crucial de noter que ces pratiques comportent des risques consid\u00e9rables pour la sant\u00e9, car les m\u00e9dicaments peuvent \u00eatre contrefaits, p\u00e9rim\u00e9s ou inappropri\u00e9s pour le patient.Il est donc fortement d\u00e9conseill\u00e9 d&#8217;essayer d&#8217;obtenir du Atenolol sans ordonnance en France. La meilleure approche est de consulter un m\u00e9decin qualifi\u00e9 qui pourra \u00e9valuer votre \u00e9tat de sant\u00e9, d\u00e9terminer si le Atenolol est appropri\u00e9 pour vous et vous prescrire le dosage ad\u00e9quat. N&#8217;oubliez pas que votre sant\u00e9 est pr\u00e9cieuse et qu&#8217;il vaut mieux suivre les voies l\u00e9gales pour obtenir les m\u00e9dicaments dont vous avez besoin.<\/p>\n","protected":false},"excerpt":{"rendered":"<p>At\u00e9nolol Cliquez ici pour acheter L&#8217;at\u00e9nolol est un m\u00e9dicament d\u00e9livr\u00e9 sur ordonnance utilis\u00e9 pour le traitement de l&#8217;hypertension art\u00e9rielle. En<\/p>\n","protected":false},"author":3,"featured_media":0,"parent":0,"menu_order":0,"comment_status":"closed","ping_status":"closed","template":"","meta":{"_lmt_disableupdate":"no","_lmt_disable":"no","footnotes":""},"class_list":["post-43","page","type-page","status-publish","hentry"],"translation":{"provider":"WPGlobus","version":"3.0.2","language":"fr","enabled_languages":["en","es","fr"],"languages":{"en":{"title":true,"content":true,"excerpt":false},"es":{"title":true,"content":true,"excerpt":false},"fr":{"title":true,"content":true,"excerpt":false}}},"yoast_head":"<!-- This site is optimized with the Yoast SEO plugin v27.4 - https:\/\/yoast.com\/product\/yoast-seo-wordpress\/ -->\n<title>Acheter At\u00e9nolol 25, 50, 100 mg en ligne sans ordonnance en France<\/title>\n<meta name=\"description\" content=\"Atenolol peut \u00eatre achet\u00e9 en ligne sans RX. Vous pouvez acheter du t\u00e9normin 25 mg, 50 mg ou 100 mg pour le traitement des douleurs thoraciques et de l&#039;hypertension art\u00e9rielle pour garder les sympt\u00f4mes sous contr\u00f4le.\" \/>\n<meta name=\"robots\" content=\"index, follow, max-snippet:-1, max-image-preview:large, max-video-preview:-1\" \/>\n<link rel=\"canonical\" href=\"https:\/\/drpillman.biz\/atenolol.htm\" \/>\n<meta property=\"og:locale\" content=\"fr_FR\" \/>\n<meta property=\"og:type\" content=\"article\" \/>\n<meta property=\"og:title\" content=\"Acheter At\u00e9nolol 25, 50, 100 mg en ligne sans ordonnance en France\" \/>\n<meta property=\"og:description\" content=\"Atenolol peut \u00eatre achet\u00e9 en ligne sans RX. Vous pouvez acheter du t\u00e9normin 25 mg, 50 mg ou 100 mg pour le traitement des douleurs thoraciques et de l&#039;hypertension art\u00e9rielle pour garder les sympt\u00f4mes sous contr\u00f4le.\" \/>\n<meta property=\"og:url\" content=\"https:\/\/drpillman.biz\/atenolol.htm\" \/>\n<meta property=\"og:site_name\" content=\"Dr.Pillman\" \/>\n<meta property=\"article:modified_time\" content=\"2024-05-17T11:47:52+00:00\" \/>\n<meta name=\"twitter:card\" content=\"summary_large_image\" \/>\n<script type=\"application\/ld+json\" class=\"yoast-schema-graph\">{\"@context\":\"https:\\\/\\\/schema.org\",\"@graph\":[{\"@type\":\"WebPage\",\"@id\":\"https:\\\/\\\/drpillman.biz\\\/atenolol.htm\",\"url\":\"https:\\\/\\\/drpillman.biz\\\/atenolol.htm\",\"name\":\"Buy high quality Atenolol (tenormin) at the dose you need: there is Atenolol 25 mg, 50 mg and 100 mg available to suit your needs best\",\"isPartOf\":{\"@id\":\"https:\\\/\\\/drpillman.biz\\\/fr\\\/#website\"},\"datePublished\":\"2013-01-23T05:11:17+00:00\",\"dateModified\":\"2024-05-17T11:47:52+00:00\",\"description\":\"Atenolol peut \u00eatre achet\u00e9 en ligne sans RX. Vous pouvez acheter du t\u00e9normin 25 mg, 50 mg ou 100 mg pour le traitement des douleurs thoraciques et de l'hypertension art\u00e9rielle pour garder les sympt\u00f4mes sous contr\u00f4le.\",\"breadcrumb\":{\"@id\":\"https:\\\/\\\/drpillman.biz\\\/atenolol.htm#breadcrumb\"},\"inLanguage\":\"fr-FR\",\"potentialAction\":[{\"@type\":\"ReadAction\",\"target\":[\"https:\\\/\\\/drpillman.biz\\\/atenolol.htm\"]}]},{\"@type\":\"BreadcrumbList\",\"@id\":\"https:\\\/\\\/drpillman.biz\\\/atenolol.htm#breadcrumb\",\"itemListElement\":[{\"@type\":\"ListItem\",\"position\":1,\"name\":\"Home\",\"item\":\"https:\\\/\\\/drpillman.biz\\\/fr\\\/\"},{\"@type\":\"ListItem\",\"position\":2,\"name\":\"Atenolol\"}]},{\"@type\":\"WebSite\",\"@id\":\"https:\\\/\\\/drpillman.biz\\\/fr\\\/#website\",\"url\":\"https:\\\/\\\/drpillman.biz\\\/fr\\\/\",\"name\":\"Dr.Pillman\",\"description\":\"\",\"potentialAction\":[{\"@type\":\"SearchAction\",\"target\":{\"@type\":\"EntryPoint\",\"urlTemplate\":\"https:\\\/\\\/drpillman.biz\\\/fr\\\/?s={search_term_string}\"},\"query-input\":{\"@type\":\"PropertyValueSpecification\",\"valueRequired\":true,\"valueName\":\"search_term_string\"}}],\"inLanguage\":\"fr-FR\"}]}<\/script>\n<!-- \/ Yoast SEO plugin. -->","yoast_head_json":{"title":"Acheter At\u00e9nolol 25, 50, 100 mg en ligne sans ordonnance en France","description":"Atenolol peut \u00eatre achet\u00e9 en ligne sans RX. Vous pouvez acheter du t\u00e9normin 25 mg, 50 mg ou 100 mg pour le traitement des douleurs thoraciques et de l'hypertension art\u00e9rielle pour garder les sympt\u00f4mes sous contr\u00f4le.","robots":{"index":"index","follow":"follow","max-snippet":"max-snippet:-1","max-image-preview":"max-image-preview:large","max-video-preview":"max-video-preview:-1"},"canonical":"https:\/\/drpillman.biz\/atenolol.htm","og_locale":"fr_FR","og_type":"article","og_title":"Acheter At\u00e9nolol 25, 50, 100 mg en ligne sans ordonnance en France","og_description":"Atenolol peut \u00eatre achet\u00e9 en ligne sans RX. Vous pouvez acheter du t\u00e9normin 25 mg, 50 mg ou 100 mg pour le traitement des douleurs thoraciques et de l'hypertension art\u00e9rielle pour garder les sympt\u00f4mes sous contr\u00f4le.","og_url":"https:\/\/drpillman.biz\/atenolol.htm","og_site_name":"Dr.Pillman","article_modified_time":"2024-05-17T11:47:52+00:00","twitter_card":"summary_large_image","schema":{"@context":"https:\/\/schema.org","@graph":[{"@type":"WebPage","@id":"https:\/\/drpillman.biz\/atenolol.htm","url":"https:\/\/drpillman.biz\/atenolol.htm","name":"Buy high quality Atenolol (tenormin) at the dose you need: there is Atenolol 25 mg, 50 mg and 100 mg available to suit your needs best","isPartOf":{"@id":"https:\/\/drpillman.biz\/fr\/#website"},"datePublished":"2013-01-23T05:11:17+00:00","dateModified":"2024-05-17T11:47:52+00:00","description":"Atenolol peut \u00eatre achet\u00e9 en ligne sans RX. Vous pouvez acheter du t\u00e9normin 25 mg, 50 mg ou 100 mg pour le traitement des douleurs thoraciques et de l'hypertension art\u00e9rielle pour garder les sympt\u00f4mes sous contr\u00f4le.","breadcrumb":{"@id":"https:\/\/drpillman.biz\/atenolol.htm#breadcrumb"},"inLanguage":"fr-FR","potentialAction":[{"@type":"ReadAction","target":["https:\/\/drpillman.biz\/atenolol.htm"]}]},{"@type":"BreadcrumbList","@id":"https:\/\/drpillman.biz\/atenolol.htm#breadcrumb","itemListElement":[{"@type":"ListItem","position":1,"name":"Home","item":"https:\/\/drpillman.biz\/fr\/"},{"@type":"ListItem","position":2,"name":"Atenolol"}]},{"@type":"WebSite","@id":"https:\/\/drpillman.biz\/fr\/#website","url":"https:\/\/drpillman.biz\/fr\/","name":"Dr.Pillman","description":"","potentialAction":[{"@type":"SearchAction","target":{"@type":"EntryPoint","urlTemplate":"https:\/\/drpillman.biz\/fr\/?s={search_term_string}"},"query-input":{"@type":"PropertyValueSpecification","valueRequired":true,"valueName":"search_term_string"}}],"inLanguage":"fr-FR"}]}},"_links":{"self":[{"href":"https:\/\/drpillman.biz\/fr\/wp-json\/wp\/v2\/pages\/43","targetHints":{"allow":["GET"]}}],"collection":[{"href":"https:\/\/drpillman.biz\/fr\/wp-json\/wp\/v2\/pages"}],"about":[{"href":"https:\/\/drpillman.biz\/fr\/wp-json\/wp\/v2\/types\/page"}],"author":[{"embeddable":true,"href":"https:\/\/drpillman.biz\/fr\/wp-json\/wp\/v2\/users\/3"}],"replies":[{"embeddable":true,"href":"https:\/\/drpillman.biz\/fr\/wp-json\/wp\/v2\/comments?post=43"}],"version-history":[{"count":0,"href":"https:\/\/drpillman.biz\/fr\/wp-json\/wp\/v2\/pages\/43\/revisions"}],"wp:attachment":[{"href":"https:\/\/drpillman.biz\/fr\/wp-json\/wp\/v2\/media?parent=43"}],"curies":[{"name":"wp","href":"https:\/\/api.w.org\/{rel}","templated":true}]}}