{"id":46,"date":"2013-07-14T05:21:36","date_gmt":"2013-07-14T04:21:36","guid":{"rendered":"https:\/\/drpillman.biz\/?page_id=46"},"modified":"2024-05-18T09:41:23","modified_gmt":"2024-05-18T08:41:23","slug":"bactrim","status":"publish","type":"page","link":"https:\/\/drpillman.biz\/fr\/bactrim.htm","title":{"rendered":"Bactrim"},"content":{"rendered":"<div id=\"content-center\">\n<div id=\"content-image\">\n\t\t\t\t\t<img decoding=\"async\" src=\"\/img\/Bactrim.jpg\" alt=\"Bactrim\">\t\t\t\t<\/div>\n<div id=\"content-description\">\n<h1>Bactrim<\/h1>\n<p> <code><a href=\"https:\/\/200pills.com\/search.html?key=Bactrim\"> <button class=\"button-7\" role=\"button\">Cliquez ici pour acheter<\/button><\/a><\/code><\/p>\n<div class=\"clear\"><\/div>\n<div id=\"description\">\n\t\t\t\t\t\tBactrim est un nom de marque pour le g\u00e9n\u00e9rique co-trimoxazole, un nom approuv\u00e9 par les autorit\u00e9s britanniques. Il s&#8217;agit d&#8217;un antibiotique sulfamide qui est un m\u00e9lange 1 \u00e0 5 de trim\u00e9thoprime et de sulfam\u00e9thoxazole utilis\u00e9 pour traiter une s\u00e9rie d&#8217;affections caus\u00e9es par des infections bact\u00e9riennes. La marque Bactrim est fabriqu\u00e9e par Roche, mais le g\u00e9n\u00e9rique du co-timoxazole est \u00e9galement commercialis\u00e9 sous la marque Septra de GlaxoSmithKline. Bactrim se pr\u00e9sente sous forme de comprim\u00e9s et est disponible en deux concentrations : la concentration normale, qui contient 80 mg de trim\u00e9thoprime et 400 mg de sulfam\u00e9thoxazole, et la concentration double, qui contient 160 mg de trim\u00e9thoprime et 800 mg de sulfam\u00e9thoxazole. Le m\u00e9dicament est disponible dans les pharmacies britanniques en ligne, avec ou sans ordonnance.\t\t\t\t\t<\/div>\n<div id=\"additional\">\n\t\t\t\t\t\tSynonymes :<span> Trim\u00e9thoprime<\/span>\n\t\t\t\t\t<\/div>\n<\/p><\/div>\n<div class=\"clear\"><\/div>\n<h2>Indication<\/h2>\n<p>Bactrim DS est indiqu\u00e9 pour traiter les infections de la vessie et des voies urinaires, les infections pulmonaires telles que la pneumonie et la bronchite, les infections de l&#8217;oreille telles que l&#8217;otite moyenne aigu\u00eb, la diarrh\u00e9e du voyageur, la shigellose et d&#8217;autres infections bact\u00e9riennes vuln\u00e9rables aux antibiotiques trim\u00e9thoprime et sulfam\u00e9thoxazole. En outre, Bactrim peut \u00e9galement traiter les infections caus\u00e9es par les organismes Tocoplasma, Listeria monocutogenes, Stenotrophomonas, Staphylococcus saprophyticus et certaines souches d&#8217;Escherichia coli. Il peut \u00e9galement traiter les infections \u00e0 Nocardiosis qui affectent le cerveau, la peau et les poumons, ainsi que l&#8217;acn\u00e9 vulgaire qui provoque des boutons.<\/p>\n<h2>M\u00e9canisme d&#8217;action<\/h2>\n<p>Les sulfamides comme le sulfam\u00e9thoxazole inhibent la dihydropt\u00e9roate synth\u00e9tase et servent d&#8217;analogues \u00e0 l&#8217;acide p-aminobenzo\u00efque (PABA) en inhibant la production d&#8217;acide dihydropt\u00e9ro\u00efque. Le trim\u00e9thoprime interf\u00e8re avec la dihydrofolate r\u00e9ductase bact\u00e9rienne et inhibe la synth\u00e8se de l&#8217;acide t\u00e9trahydrofolique. Le trim\u00e9thoprime et le sulfam\u00e9thoxazole ont une action synergique qui est plus importante lorsqu&#8217;ils sont pris ensemble que s\u00e9par\u00e9ment, en raison de leur capacit\u00e9 \u00e0 inhiber les processus successifs de la synth\u00e8se des folates.<\/p>\n<h2>Dosage<\/h2>\n<p>Pour le traitement des infections urinaires ou des otites moyennes aigu\u00ebs, la dose recommand\u00e9e est de 1 ou 2 comprim\u00e9s de Bactrim DS (double concentration) toutes les 12 heures sur une p\u00e9riode de deux semaines ou moins. Pour les enfants, la dose sugg\u00e9r\u00e9e est de 40 mg\/kg de sulfam\u00e9thoxazole et 8 mg\/kg de trim\u00e9thoprime toutes les 24 heures, \u00e0 12 heures d&#8217;intervalle, pendant 10 jours.<\/p>\n<p>Pour le traitement de la shigellose, une posologie similaire est recommand\u00e9e pour les adultes et les enfants, mais pour une p\u00e9riode plus courte de 5 jours.<\/p>\n<p>Pour les patients souffrant d&#8217;une affection r\u00e9nale, il est recommand\u00e9 de r\u00e9duire la dose pour les adultes \u00e2g\u00e9s de 30 ans et plus et de la r\u00e9duire de moiti\u00e9 pour les patients \u00e2g\u00e9s de 15 \u00e0 30 ans. Pour les enfants souffrant d&#8217;insuffisance r\u00e9nale, le m\u00e9dicament n&#8217;est pas du tout recommand\u00e9.<\/p>\n<p>Pour les patients adultes souffrant d&#8217;une aggravation aigu\u00eb d&#8217;une bronchite chronique, la posologie recommand\u00e9e est de 1 ou 2 comprim\u00e9s de Bactrim DS toutes les 12 heures sur une p\u00e9riode de deux semaines.<\/p>\n<p>Pour les adultes et les enfants atteints de pneumonie \u00e0 Pneumocystis Carinii, la dose recommand\u00e9e est de 15 \u00e0 20 mg\/kg de trim\u00e9thoprime ou de 75 \u00e0 100 mg\/kg de sulfam\u00e9thoxazole toutes les 24 heures, administr\u00e9s \u00e0 intervalles \u00e9gaux toutes les 6 heures pendant 2 \u00e0 3 semaines.<\/p>\n<p>Pour la prophylaxie, la dose recommand\u00e9e pour les adultes est de 1 Bactrim DS par jour pendant 12 jours, tandis que pour les enfants, la dose est de 750 mg\/kg de sulfam\u00e9thoxazole et 150 mg\/kg de trim\u00e9thoprime administr\u00e9s deux fois par jour pendant 3 jours cons\u00e9cutifs au cours d&#8217;une semaine.<\/p>\n<p>Pour le traitement de la diarrh\u00e9e du voyageur, la posologie pour les adultes est de 1 \u00e0 2 Bactrim DS toutes les 12 heures pendant 5 jours.<\/p>\n<p>Il est important de consulter votre m\u00e9decin pour obtenir un dosage plus sp\u00e9cifique en fonction de votre \u00e2ge, de votre sexe et de votre \u00e9tat de sant\u00e9, m\u00eame si le m\u00e9dicament est facilement disponible en ligne avec ou sans prescription m\u00e9dicale. Conna\u00eetre le bon dosage peut vous aider \u00e0 acheter la bonne quantit\u00e9 de comprim\u00e9s Bactrim pour un achat unique avec des remises sur les commandes en grande quantit\u00e9.<\/p>\n<h2>Effets secondaires<\/h2>\n<p>Les effets secondaires les plus fr\u00e9quemment signal\u00e9s du m\u00e9dicament sont des troubles gastro-intestinaux tels que naus\u00e9es, perte d&#8217;app\u00e9tit et vomissements, ainsi qu&#8217;une l\u00e9g\u00e8re r\u00e9action allergique. Parmi les autres effets secondaires connus, citons les saignements ou les brossages, les plaies buccales, les douleurs articulaires, les \u00e9ruptions cutan\u00e9es et les d\u00e9mangeaisons, ainsi que les maux de gorge et les sympt\u00f4mes grippaux. Un ict\u00e8re nucl\u00e9aire du f\u0153tus peut \u00e9galement se d\u00e9velopper pendant la grossesse au cours des 6 derni\u00e8res semaines. Des cas de l\u00e9sions h\u00e9patiques graves, telles que n\u00e9crose h\u00e9patique, h\u00e9patose cholestatique, insuffisance h\u00e9patique fulminante et h\u00e9patite, ainsi que des cas d&#8217;insuffisance r\u00e9nale aigu\u00eb, d&#8217;anurie et d&#8217;insuffisance r\u00e9nale ont \u00e9t\u00e9 signal\u00e9s. Ces effets secondaires graves sont le plus souvent ressentis par les personnes \u00e2g\u00e9es et, bien qu&#8217;ils puissent \u00eatre fatals \u00e0 un \u00e2ge avanc\u00e9, ils peuvent \u00eatre att\u00e9nu\u00e9s par l&#8217;administration d&#8217;acide folique et d&#8217;acide folique.<\/p>\n<h2>Attention<\/h2>\n<p>Les patients allergiques aux compos\u00e9s sulfa ne doivent pas prendre de Bactrim. Le m\u00e9dicament passe dans le lait maternel et n&#8217;est donc pas recommand\u00e9 aux femmes qui allaitent. Son utilisation n&#8217;est pas non plus approuv\u00e9e pour les nourrissons de moins de 2 mois. Il n&#8217;a pas \u00e9t\u00e9 cliniquement \u00e9tabli que le Bactrim pouvait nuire \u00e0 l&#8217;enfant \u00e0 na\u00eetre, mais il affecte la production d&#8217;acide folique, qui est vital pour le d\u00e9veloppement du f\u0153tus. <\/p>\n<p>Bactrim interagit avec des m\u00e9dicaments pour diminuer leurs effets curatifs ou celui de Bactrim. Certains de ces m\u00e9dicaments sont l&#8217;acide folique, l&#8217;albut\u00e9rol, l&#8217;aspirine, le m\u00e9toprolol, la gabapentine, le furos\u00e9mide (Lasix), l&#8217;\u00e9som\u00e9prazole, la simvastine, la l\u00e9vothyroxine, la metformine, le lisinopril, l&#8217;ac\u00e9tominoph\u00e8ne (Tylenol), le tramadol, la prednisone, la sertraline (Zoloft) et l&#8217;atorvastatine, pour n&#8217;en citer que quelques-uns. Veillez \u00e0 informer votre m\u00e9decin de tout m\u00e9dicament que vous prenez afin d&#8217;\u00e9valuer les interactions potentielles avec Bactrim, m\u00eame si vous pouvez acheter ce m\u00e9dicament en ligne sans ordonnance.<\/p>\n<\/p><\/div>\n<h2>La Qu\u00eate de Bactrim sans Ordonnance: Un Chemin Sem\u00e9 d&#8217;Interrogations<\/h2>\n<p>Dans le domaine pharmaceutique, la question de l&#8217;accessibilit\u00e9 du Bactrim sans ordonnance en France suscite un v\u00e9ritable d\u00e9bat. Les patients se trouvent souvent confront\u00e9s \u00e0 un dilemme, d\u00e9sireux de se procurer ce m\u00e9dicament sans passer par les m\u00e9andres administratifs d&#8217;une prescription m\u00e9dicale. Cependant, la r\u00e9alit\u00e9 de l&#8217;achat de m\u00e9dicaments sans ordonnance demeure complexe et pleine d&#8217;incertitudes.D&#8217;une part, certains \u00e9tablissements m\u00e9dicaux proposent le Bactrim sans ordonnance, offrant ainsi une alternative pratique pour ceux qui cherchent \u00e0 se soigner rapidement. Cependant, la disponibilit\u00e9 de ce m\u00e9dicament peut varier d&#8217;une pharmacie \u00e0 l&#8217;autre, et il est souvent difficile de pr\u00e9voir si l&#8217;on pourra l&#8217;obtenir sans avoir \u00e0 consulter un m\u00e9decin au pr\u00e9alable.D&#8217;autre part, la r\u00e9glementation fran\u00e7aise encadre strictement la vente de certains m\u00e9dicaments, y compris le Bactrim, dans le but de garantir la s\u00e9curit\u00e9 des patients. Ainsi, bien que certains \u00e9tablissements puissent proposer ce m\u00e9dicament sans ordonnance, il est essentiel de rappeler que l&#8217;autom\u00e9dication comporte des risques, et qu&#8217;une consultation m\u00e9dicale pr\u00e9alable est toujours recommand\u00e9e.En conclusion, la qu\u00eate du Bactrim sans ordonnance en France soul\u00e8ve une s\u00e9rie d&#8217;interrogations l\u00e9gitimes. Bien que certains \u00e9tablissements m\u00e9dicaux puissent proposer ce m\u00e9dicament sans prescription, il est primordial de prendre en compte les risques associ\u00e9s \u00e0 l&#8217;autom\u00e9dication. La d\u00e9cision d&#8217;acheter du Bactrim sans ordonnance ne doit pas \u00eatre prise \u00e0 la l\u00e9g\u00e8re et n\u00e9cessite une r\u00e9flexion approfondie sur les enjeux de sant\u00e9 publique qui y sont li\u00e9s.<\/p>\n","protected":false},"excerpt":{"rendered":"<p>Bactrim Cliquez ici pour acheter Bactrim est un nom de marque pour le g\u00e9n\u00e9rique co-trimoxazole, un nom approuv\u00e9 par les<\/p>\n","protected":false},"author":3,"featured_media":0,"parent":0,"menu_order":0,"comment_status":"closed","ping_status":"closed","template":"","meta":{"_lmt_disableupdate":"no","_lmt_disable":"no","footnotes":""},"class_list":["post-46","page","type-page","status-publish","hentry"],"translation":{"provider":"WPGlobus","version":"3.0.2","language":"fr","enabled_languages":["en","es","fr"],"languages":{"en":{"title":true,"content":true,"excerpt":false},"es":{"title":true,"content":true,"excerpt":false},"fr":{"title":true,"content":true,"excerpt":false}}},"yoast_head":"<!-- This site is optimized with the Yoast SEO plugin v27.4 - https:\/\/yoast.com\/product\/yoast-seo-wordpress\/ -->\n<title>Acheter Bactrim 400\/80 et 800\/160 mg en ligne sans ordonnance en France<\/title>\n<meta name=\"description\" content=\"Bactrim est une combinaison de deux ingr\u00e9dients actifs trim\u00e9thoprime et sulfam\u00e9thoxazole, qui fonctionnent ensemble pour traiter une vari\u00e9t\u00e9 d&#039;infections bact\u00e9riennes.\" \/>\n<meta name=\"robots\" content=\"index, follow, max-snippet:-1, max-image-preview:large, max-video-preview:-1\" \/>\n<link rel=\"canonical\" href=\"https:\/\/drpillman.biz\/bactrim.htm\" \/>\n<meta property=\"og:locale\" content=\"fr_FR\" \/>\n<meta property=\"og:type\" content=\"article\" \/>\n<meta property=\"og:title\" content=\"Acheter Bactrim 400\/80 et 800\/160 mg en ligne sans ordonnance en France\" \/>\n<meta property=\"og:description\" content=\"Bactrim est une combinaison de deux ingr\u00e9dients actifs trim\u00e9thoprime et sulfam\u00e9thoxazole, qui fonctionnent ensemble pour traiter une vari\u00e9t\u00e9 d&#039;infections bact\u00e9riennes.\" \/>\n<meta property=\"og:url\" content=\"https:\/\/drpillman.biz\/bactrim.htm\" \/>\n<meta property=\"og:site_name\" content=\"Dr.Pillman\" \/>\n<meta property=\"article:modified_time\" content=\"2024-05-18T08:41:23+00:00\" \/>\n<meta name=\"twitter:card\" content=\"summary_large_image\" \/>\n<script type=\"application\/ld+json\" class=\"yoast-schema-graph\">{\"@context\":\"https:\\\/\\\/schema.org\",\"@graph\":[{\"@type\":\"WebPage\",\"@id\":\"https:\\\/\\\/drpillman.biz\\\/bactrim.htm\",\"url\":\"https:\\\/\\\/drpillman.biz\\\/bactrim.htm\",\"name\":\"Acheter Bactrim 400\\\/80 et 800\\\/160 mg en ligne sans ordonnance en France\",\"isPartOf\":{\"@id\":\"http:\\\/\\\/drpillman.biz\\\/#website\"},\"datePublished\":\"2013-07-14T04:21:36+00:00\",\"dateModified\":\"2024-05-18T08:41:23+00:00\",\"description\":\"Bactrim est une combinaison de deux ingr\u00e9dients actifs trim\u00e9thoprime et sulfam\u00e9thoxazole, qui fonctionnent ensemble pour traiter une vari\u00e9t\u00e9 d'infections bact\u00e9riennes.\",\"breadcrumb\":{\"@id\":\"https:\\\/\\\/drpillman.biz\\\/bactrim.htm#breadcrumb\"},\"inLanguage\":\"fr-FR\",\"potentialAction\":[{\"@type\":\"ReadAction\",\"target\":[\"https:\\\/\\\/drpillman.biz\\\/bactrim.htm\"]}]},{\"@type\":\"BreadcrumbList\",\"@id\":\"https:\\\/\\\/drpillman.biz\\\/bactrim.htm#breadcrumb\",\"itemListElement\":[{\"@type\":\"ListItem\",\"position\":1,\"name\":\"Home\",\"item\":\"http:\\\/\\\/drpillman.biz\\\/\"},{\"@type\":\"ListItem\",\"position\":2,\"name\":\"Bactrim\"}]},{\"@type\":\"WebSite\",\"@id\":\"http:\\\/\\\/drpillman.biz\\\/#website\",\"url\":\"http:\\\/\\\/drpillman.biz\\\/\",\"name\":\"Dr.Pillman\",\"description\":\"\",\"potentialAction\":[{\"@type\":\"SearchAction\",\"target\":{\"@type\":\"EntryPoint\",\"urlTemplate\":\"http:\\\/\\\/drpillman.biz\\\/?s={search_term_string}\"},\"query-input\":{\"@type\":\"PropertyValueSpecification\",\"valueRequired\":true,\"valueName\":\"search_term_string\"}}],\"inLanguage\":\"fr-FR\"}]}<\/script>\n<!-- \/ Yoast SEO plugin. -->","yoast_head_json":{"title":"Acheter Bactrim 400\/80 et 800\/160 mg en ligne sans ordonnance en France","description":"Bactrim est une combinaison de deux ingr\u00e9dients actifs trim\u00e9thoprime et sulfam\u00e9thoxazole, qui fonctionnent ensemble pour traiter une vari\u00e9t\u00e9 d'infections bact\u00e9riennes.","robots":{"index":"index","follow":"follow","max-snippet":"max-snippet:-1","max-image-preview":"max-image-preview:large","max-video-preview":"max-video-preview:-1"},"canonical":"https:\/\/drpillman.biz\/bactrim.htm","og_locale":"fr_FR","og_type":"article","og_title":"Acheter Bactrim 400\/80 et 800\/160 mg en ligne sans ordonnance en France","og_description":"Bactrim est une combinaison de deux ingr\u00e9dients actifs trim\u00e9thoprime et sulfam\u00e9thoxazole, qui fonctionnent ensemble pour traiter une vari\u00e9t\u00e9 d'infections bact\u00e9riennes.","og_url":"https:\/\/drpillman.biz\/bactrim.htm","og_site_name":"Dr.Pillman","article_modified_time":"2024-05-18T08:41:23+00:00","twitter_card":"summary_large_image","schema":{"@context":"https:\/\/schema.org","@graph":[{"@type":"WebPage","@id":"https:\/\/drpillman.biz\/bactrim.htm","url":"https:\/\/drpillman.biz\/bactrim.htm","name":"Acheter Bactrim 400\/80 et 800\/160 mg en ligne sans ordonnance en France","isPartOf":{"@id":"http:\/\/drpillman.biz\/#website"},"datePublished":"2013-07-14T04:21:36+00:00","dateModified":"2024-05-18T08:41:23+00:00","description":"Bactrim est une combinaison de deux ingr\u00e9dients actifs trim\u00e9thoprime et sulfam\u00e9thoxazole, qui fonctionnent ensemble pour traiter une vari\u00e9t\u00e9 d'infections bact\u00e9riennes.","breadcrumb":{"@id":"https:\/\/drpillman.biz\/bactrim.htm#breadcrumb"},"inLanguage":"fr-FR","potentialAction":[{"@type":"ReadAction","target":["https:\/\/drpillman.biz\/bactrim.htm"]}]},{"@type":"BreadcrumbList","@id":"https:\/\/drpillman.biz\/bactrim.htm#breadcrumb","itemListElement":[{"@type":"ListItem","position":1,"name":"Home","item":"http:\/\/drpillman.biz\/"},{"@type":"ListItem","position":2,"name":"Bactrim"}]},{"@type":"WebSite","@id":"http:\/\/drpillman.biz\/#website","url":"http:\/\/drpillman.biz\/","name":"Dr.Pillman","description":"","potentialAction":[{"@type":"SearchAction","target":{"@type":"EntryPoint","urlTemplate":"http:\/\/drpillman.biz\/?s={search_term_string}"},"query-input":{"@type":"PropertyValueSpecification","valueRequired":true,"valueName":"search_term_string"}}],"inLanguage":"fr-FR"}]}},"_links":{"self":[{"href":"https:\/\/drpillman.biz\/fr\/wp-json\/wp\/v2\/pages\/46","targetHints":{"allow":["GET"]}}],"collection":[{"href":"https:\/\/drpillman.biz\/fr\/wp-json\/wp\/v2\/pages"}],"about":[{"href":"https:\/\/drpillman.biz\/fr\/wp-json\/wp\/v2\/types\/page"}],"author":[{"embeddable":true,"href":"https:\/\/drpillman.biz\/fr\/wp-json\/wp\/v2\/users\/3"}],"replies":[{"embeddable":true,"href":"https:\/\/drpillman.biz\/fr\/wp-json\/wp\/v2\/comments?post=46"}],"version-history":[{"count":0,"href":"https:\/\/drpillman.biz\/fr\/wp-json\/wp\/v2\/pages\/46\/revisions"}],"wp:attachment":[{"href":"https:\/\/drpillman.biz\/fr\/wp-json\/wp\/v2\/media?parent=46"}],"curies":[{"name":"wp","href":"https:\/\/api.w.org\/{rel}","templated":true}]}}