{"id":58,"date":"2013-05-19T12:24:54","date_gmt":"2013-05-19T11:24:54","guid":{"rendered":"https:\/\/drpillman.biz\/?page_id=58"},"modified":"2024-05-17T13:01:11","modified_gmt":"2024-05-17T12:01:11","slug":"cefuroxime","status":"publish","type":"page","link":"https:\/\/drpillman.biz\/fr\/cefuroxime.htm","title":{"rendered":"C\u00e9furoxime"},"content":{"rendered":"<div id=\"content-center\">\n<div id=\"content-image\">\n\t\t\t\t\t<img decoding=\"async\" src=\"\/img\/Cefuroxime.jpg\" alt=\"Cefuroxime\">\t\t\t\t<\/div>\n<div id=\"content-description\">\n<h1>C\u00e9furoxime<\/h1>\n<p> <code><a href=\"https:\/\/200pills.com\/search.html?lang=fr&#038;cur=EUR&#038;key=Cefuroxime\"> <button class=\"button-7\" role=\"button\">Cliquez ici pour acheter<\/button><\/a><\/code> <\/p>\n<div class=\"gray\"><\/div>\n<div class=\"clear\"><\/div>\n<div id=\"description\">\n\t\t\t\t\t\tLe c\u00e9furoxime est un agent antibact\u00e9rien qui peut \u00eatre utilis\u00e9 pour traiter un large \u00e9ventail d&#8217;infections caus\u00e9es par des bact\u00e9ries. Le c\u00e9furoxime ne doit pas \u00eatre consid\u00e9r\u00e9 comme efficace pour les infections virales. Cet antibiotique de la famille des c\u00e9phalosporines doit \u00eatre pris pendant toute la dur\u00e9e du traitement.\t\t\t\t\t<\/div>\n<div id=\"additional\">\n\t\t\t\t\t\tSynonymes :<span> Ceftin<\/span>\n\t\t\t\t\t<\/div>\n<\/p><\/div>\n<div class=\"clear\"><\/div>\n<p>Le c\u00e9furoxime est un antibiotique c\u00e9phalosporine d\u00e9livr\u00e9 sur ordonnance et utilis\u00e9 pour traiter les infections bact\u00e9riennes, notamment la bronchite, la gonorrh\u00e9e, l&#8217;infection de la gorge, la maladie de Lyme, l&#8217;infection des sinus, l&#8217;infection de la peau, l&#8217;infection de l&#8217;oreille et l&#8217;infection des voies urinaires. En stoppant la croissance des bact\u00e9ries, la c\u00e9furoxime permet au syst\u00e8me immunitaire du patient de combattre l&#8217;infection avec succ\u00e8s. Lorsque vous achetez du c\u00e9furoxime 250 mg ou 500 mg (en fonction de l&#8217;affection trait\u00e9e, de votre \u00e2ge, de votre sexe et d&#8217;autres facteurs), vous devez \u00eatre conscient de toutes les contre-indications possibles et des interactions potentielles avec d&#8217;autres m\u00e9dicaments que vous pourriez prendre, en particulier le prob\u00e9n\u00e9cide, les diur\u00e9tiques, les anticoagulants, les m\u00e9dicaments contre les ulc\u00e8res ou d&#8217;autres antibiotiques. Lorsque vous achetez Cefuroxime dans une pharmacie en ligne, vous pouvez g\u00e9n\u00e9ralement parler \u00e0 un professionnel de la sant\u00e9 en ligne de vos pr\u00e9occupations, en d\u00e9crivant vos sympt\u00f4mes et en donnant toute autre information qui aidera le m\u00e9decin \u00e0 d\u00e9cider de la dose que vous devriez prendre. Le c\u00e9furoxime est g\u00e9n\u00e9ralement pris deux fois par jour pendant une p\u00e9riode pouvant aller jusqu&#8217;\u00e0 10 jours. Les recommandations de votre m\u00e9decin peuvent \u00eatre diff\u00e9rentes en tenant compte de tous vos facteurs individuels et de vos besoins personnels. Lorsque vous prenez du c\u00e9furoxime ou tout autre antibiotique, vous devez vous assurer de prendre la totalit\u00e9 de la dose prescrite, m\u00eame si vous vous sentez beaucoup mieux peu de temps apr\u00e8s le d\u00e9but du traitement. Vous ne devez pas augmenter la dose sans en parler d&#8217;abord \u00e0 un professionnel de la sant\u00e9 qualifi\u00e9 afin d&#8217;\u00e9viter les effets secondaires d\u00e9sagr\u00e9ables possibles.<\/p>\n<h2>Effets secondaires<\/h2>\n<p>Parmi les effets secondaires b\u00e9nins que la c\u00e9furoxime peut provoquer, citons les maux d&#8217;estomac, la diarrh\u00e9e, les douleurs d&#8217;estomac et les vomissements. Ceux-ci sont peu probables chez la plupart des patients mais peuvent survenir au d\u00e9but du traitement, disparaissant rapidement d&#8217;eux-m\u00eames sans que l&#8217;aide de votre m\u00e9decin ne soit n\u00e9cessaire. Si vous pr\u00e9sentez des effets secondaires qui semblent plus graves, tels qu&#8217;une respiration sifflante, une \u00e9ruption cutan\u00e9e grave, de l&#8217;urticaire, des d\u00e9mangeaisons ou des difficult\u00e9s respiratoires, vous devez contacter votre m\u00e9decin imm\u00e9diatement.<\/p>\n<\/p><\/div>\n<h2>La disponibilit\u00e9 de Cefuroxime sans ordonnance en France<\/h2>\n<p>Il est important de noter que l&#8217;achat de Cefuroxime sans ordonnance en France n&#8217;est pas autoris\u00e9. Cette mesure vise \u00e0 garantir la s\u00e9curit\u00e9 des patients et \u00e0 pr\u00e9venir l&#8217;usage inappropri\u00e9 de ce m\u00e9dicament. Cefuroxime est un antibiotique puissant utilis\u00e9 pour traiter diverses infections bact\u00e9riennes, notamment les infections des voies respiratoires, les infections de la peau et les infections urinaires. Cependant, en raison de sa nature et de son potentiel d&#8217;effets secondaires, il est essentiel de consulter un professionnel de la sant\u00e9 qualifi\u00e9 avant de prendre ce m\u00e9dicament. L&#8217;autom\u00e9dication peut entra\u00eener des complications graves et compromettre l&#8217;efficacit\u00e9 du traitement. Par cons\u00e9quent, il est fortement recommand\u00e9 de ne pas chercher \u00e0 acheter Cefuroxime sans ordonnance et de suivre les conseils m\u00e9dicaux appropri\u00e9s pour un traitement s\u00fbr et efficace.<\/p>\n","protected":false},"excerpt":{"rendered":"<p>C\u00e9furoxime Cliquez ici pour acheter Le c\u00e9furoxime est un agent antibact\u00e9rien qui peut \u00eatre utilis\u00e9 pour traiter un large \u00e9ventail<\/p>\n","protected":false},"author":3,"featured_media":0,"parent":0,"menu_order":0,"comment_status":"closed","ping_status":"closed","template":"","meta":{"_lmt_disableupdate":"no","_lmt_disable":"no","footnotes":""},"class_list":["post-58","page","type-page","status-publish","hentry"],"translation":{"provider":"WPGlobus","version":"3.0.2","language":"fr","enabled_languages":["en","es","fr"],"languages":{"en":{"title":true,"content":true,"excerpt":false},"es":{"title":true,"content":true,"excerpt":false},"fr":{"title":true,"content":true,"excerpt":false}}},"yoast_head":"<!-- This site is optimized with the Yoast SEO plugin v27.4 - https:\/\/yoast.com\/product\/yoast-seo-wordpress\/ -->\n<title>Acheter C\u00e9furoxime 125, 250 et 500 mg en ligne sans ordonnance en France<\/title>\n<meta name=\"description\" content=\"Vous devrez peut-\u00eatre acheter du c\u00e9furoxime 250 mg ou 500 mg en ligne si vous avez une infection bact\u00e9rienne qui doit \u00eatre trait\u00e9e avec un antibiotique de c\u00e9phalosporine, y compris des types d&#039;infection bact\u00e9riennes assez graves.\" \/>\n<meta name=\"robots\" content=\"index, follow, max-snippet:-1, max-image-preview:large, max-video-preview:-1\" \/>\n<link rel=\"canonical\" href=\"https:\/\/drpillman.biz\/cefuroxime.htm\" \/>\n<meta property=\"og:locale\" content=\"fr_FR\" \/>\n<meta property=\"og:type\" content=\"article\" \/>\n<meta property=\"og:title\" content=\"Acheter C\u00e9furoxime 125, 250 et 500 mg en ligne sans ordonnance en France\" \/>\n<meta property=\"og:description\" content=\"Vous devrez peut-\u00eatre acheter du c\u00e9furoxime 250 mg ou 500 mg en ligne si vous avez une infection bact\u00e9rienne qui doit \u00eatre trait\u00e9e avec un antibiotique de c\u00e9phalosporine, y compris des types d&#039;infection bact\u00e9riennes assez graves.\" \/>\n<meta property=\"og:url\" content=\"https:\/\/drpillman.biz\/cefuroxime.htm\" \/>\n<meta property=\"og:site_name\" content=\"Dr.Pillman\" \/>\n<meta property=\"article:modified_time\" content=\"2024-05-17T12:01:11+00:00\" \/>\n<meta name=\"twitter:card\" content=\"summary_large_image\" \/>\n<script type=\"application\/ld+json\" class=\"yoast-schema-graph\">{\"@context\":\"https:\\\/\\\/schema.org\",\"@graph\":[{\"@type\":\"WebPage\",\"@id\":\"https:\\\/\\\/drpillman.biz\\\/cefuroxime.htm\",\"url\":\"https:\\\/\\\/drpillman.biz\\\/cefuroxime.htm\",\"name\":\"Buy Cefuroxime 250 & 500 mg at a pharmacy you can trust completely and that will deliver your drug to any town in the UK\",\"isPartOf\":{\"@id\":\"https:\\\/\\\/drpillman.biz\\\/fr\\\/#website\"},\"datePublished\":\"2013-05-19T11:24:54+00:00\",\"dateModified\":\"2024-05-17T12:01:11+00:00\",\"description\":\"Vous devrez peut-\u00eatre acheter du c\u00e9furoxime 250 mg ou 500 mg en ligne si vous avez une infection bact\u00e9rienne qui doit \u00eatre trait\u00e9e avec un antibiotique de c\u00e9phalosporine, y compris des types d'infection bact\u00e9riennes assez graves.\",\"breadcrumb\":{\"@id\":\"https:\\\/\\\/drpillman.biz\\\/cefuroxime.htm#breadcrumb\"},\"inLanguage\":\"fr-FR\",\"potentialAction\":[{\"@type\":\"ReadAction\",\"target\":[\"https:\\\/\\\/drpillman.biz\\\/cefuroxime.htm\"]}]},{\"@type\":\"BreadcrumbList\",\"@id\":\"https:\\\/\\\/drpillman.biz\\\/cefuroxime.htm#breadcrumb\",\"itemListElement\":[{\"@type\":\"ListItem\",\"position\":1,\"name\":\"Home\",\"item\":\"https:\\\/\\\/drpillman.biz\\\/fr\\\/\"},{\"@type\":\"ListItem\",\"position\":2,\"name\":\"Cefuroxime\"}]},{\"@type\":\"WebSite\",\"@id\":\"https:\\\/\\\/drpillman.biz\\\/fr\\\/#website\",\"url\":\"https:\\\/\\\/drpillman.biz\\\/fr\\\/\",\"name\":\"Dr.Pillman\",\"description\":\"\",\"potentialAction\":[{\"@type\":\"SearchAction\",\"target\":{\"@type\":\"EntryPoint\",\"urlTemplate\":\"https:\\\/\\\/drpillman.biz\\\/fr\\\/?s={search_term_string}\"},\"query-input\":{\"@type\":\"PropertyValueSpecification\",\"valueRequired\":true,\"valueName\":\"search_term_string\"}}],\"inLanguage\":\"fr-FR\"}]}<\/script>\n<!-- \/ Yoast SEO plugin. -->","yoast_head_json":{"title":"Acheter C\u00e9furoxime 125, 250 et 500 mg en ligne sans ordonnance en France","description":"Vous devrez peut-\u00eatre acheter du c\u00e9furoxime 250 mg ou 500 mg en ligne si vous avez une infection bact\u00e9rienne qui doit \u00eatre trait\u00e9e avec un antibiotique de c\u00e9phalosporine, y compris des types d'infection bact\u00e9riennes assez graves.","robots":{"index":"index","follow":"follow","max-snippet":"max-snippet:-1","max-image-preview":"max-image-preview:large","max-video-preview":"max-video-preview:-1"},"canonical":"https:\/\/drpillman.biz\/cefuroxime.htm","og_locale":"fr_FR","og_type":"article","og_title":"Acheter C\u00e9furoxime 125, 250 et 500 mg en ligne sans ordonnance en France","og_description":"Vous devrez peut-\u00eatre acheter du c\u00e9furoxime 250 mg ou 500 mg en ligne si vous avez une infection bact\u00e9rienne qui doit \u00eatre trait\u00e9e avec un antibiotique de c\u00e9phalosporine, y compris des types d'infection bact\u00e9riennes assez graves.","og_url":"https:\/\/drpillman.biz\/cefuroxime.htm","og_site_name":"Dr.Pillman","article_modified_time":"2024-05-17T12:01:11+00:00","twitter_card":"summary_large_image","schema":{"@context":"https:\/\/schema.org","@graph":[{"@type":"WebPage","@id":"https:\/\/drpillman.biz\/cefuroxime.htm","url":"https:\/\/drpillman.biz\/cefuroxime.htm","name":"Buy Cefuroxime 250 & 500 mg at a pharmacy you can trust completely and that will deliver your drug to any town in the UK","isPartOf":{"@id":"https:\/\/drpillman.biz\/fr\/#website"},"datePublished":"2013-05-19T11:24:54+00:00","dateModified":"2024-05-17T12:01:11+00:00","description":"Vous devrez peut-\u00eatre acheter du c\u00e9furoxime 250 mg ou 500 mg en ligne si vous avez une infection bact\u00e9rienne qui doit \u00eatre trait\u00e9e avec un antibiotique de c\u00e9phalosporine, y compris des types d'infection bact\u00e9riennes assez graves.","breadcrumb":{"@id":"https:\/\/drpillman.biz\/cefuroxime.htm#breadcrumb"},"inLanguage":"fr-FR","potentialAction":[{"@type":"ReadAction","target":["https:\/\/drpillman.biz\/cefuroxime.htm"]}]},{"@type":"BreadcrumbList","@id":"https:\/\/drpillman.biz\/cefuroxime.htm#breadcrumb","itemListElement":[{"@type":"ListItem","position":1,"name":"Home","item":"https:\/\/drpillman.biz\/fr\/"},{"@type":"ListItem","position":2,"name":"Cefuroxime"}]},{"@type":"WebSite","@id":"https:\/\/drpillman.biz\/fr\/#website","url":"https:\/\/drpillman.biz\/fr\/","name":"Dr.Pillman","description":"","potentialAction":[{"@type":"SearchAction","target":{"@type":"EntryPoint","urlTemplate":"https:\/\/drpillman.biz\/fr\/?s={search_term_string}"},"query-input":{"@type":"PropertyValueSpecification","valueRequired":true,"valueName":"search_term_string"}}],"inLanguage":"fr-FR"}]}},"_links":{"self":[{"href":"https:\/\/drpillman.biz\/fr\/wp-json\/wp\/v2\/pages\/58","targetHints":{"allow":["GET"]}}],"collection":[{"href":"https:\/\/drpillman.biz\/fr\/wp-json\/wp\/v2\/pages"}],"about":[{"href":"https:\/\/drpillman.biz\/fr\/wp-json\/wp\/v2\/types\/page"}],"author":[{"embeddable":true,"href":"https:\/\/drpillman.biz\/fr\/wp-json\/wp\/v2\/users\/3"}],"replies":[{"embeddable":true,"href":"https:\/\/drpillman.biz\/fr\/wp-json\/wp\/v2\/comments?post=58"}],"version-history":[{"count":0,"href":"https:\/\/drpillman.biz\/fr\/wp-json\/wp\/v2\/pages\/58\/revisions"}],"wp:attachment":[{"href":"https:\/\/drpillman.biz\/fr\/wp-json\/wp\/v2\/media?parent=58"}],"curies":[{"name":"wp","href":"https:\/\/api.w.org\/{rel}","templated":true}]}}