{"id":61,"date":"2013-08-20T07:28:13","date_gmt":"2013-08-20T06:28:13","guid":{"rendered":"https:\/\/drpillman.biz\/?page_id=61"},"modified":"2024-05-17T13:02:56","modified_gmt":"2024-05-17T12:02:56","slug":"celebrex","status":"publish","type":"page","link":"https:\/\/drpillman.biz\/fr\/celebrex.htm","title":{"rendered":"Celebrex"},"content":{"rendered":"<div id=\"content-center\">\n<div id=\"content-image\">\n\t\t\t\t\t<img decoding=\"async\" src=\"\/img\/Celebrex.jpg\" alt=\"Celebrex\">\t\t\t\t<\/div>\n<div id=\"content-description\">\n<h1>Celebrex<\/h1>\n<p> <code><a href=\"https:\/\/200pills.com\/search.html?lang=fr&#038;cur=EUR&#038;key=Celebrex\"> <button class=\"button-7\" role=\"button\">Cliquez ici pour acheter<\/button><\/a><\/code><\/p>\n<div class=\"clear\"><\/div>\n<div id=\"description\">\n\t\t\t\t\t\tCelebrex est un m\u00e9dicament tr\u00e8s puissant pour le traitement de diff\u00e9rents types d&#8217;arthrite et pour la gestion de la douleur chronique chez les patients adultes. Celebrex est approuv\u00e9 par la Food and Drug Administration des \u00c9tats-Unis pour les sympt\u00f4mes de l&#8217;arthrose et de la polyarthrite rhumato\u00efde, ainsi que pour la r\u00e9duction de la douleur et de l&#8217;inflammation caus\u00e9es par ces deux affections. Celebrex fait partie de la classe des AINS, il n\u00e9cessite une prescription m\u00e9dicale et est sur le march\u00e9 depuis plus de 10 ans.\t\t\t\t\t<\/div>\n<div id=\"additional\">\n\t\t\t\t\t\tSynonymes :<span> C\u00e9l\u00e9coxib<\/span>\n\t\t\t\t\t<\/div>\n<\/p><\/div>\n<div class=\"clear\"><\/div>\n<h2>M\u00e9canisme d&#8217;action<\/h2>\n<p>Celebrex agit en bloquant l&#8217;enzyme COX-2, qui est responsable de la douleur et de l&#8217;inflammation dues \u00e0 une blessure ou \u00e0 l&#8217;arthrite &#8211; en g\u00e9n\u00e9ral, les articulations sont les zones les plus souvent attaqu\u00e9es. En inhibant la s\u00e9cr\u00e9tion de l&#8217;enzyme COX-2, Celebrex soulage la douleur de mani\u00e8re rapide et s\u00fbre, et r\u00e9duit \u00e9galement l&#8217;enflure et l&#8217;inflammation.<br \/>\nUn comprim\u00e9 de 200 mg de Celebrex peut soulager la douleur et l&#8217;inflammation caus\u00e9es par l&#8217;arthrite pendant 24 heures. La pilule est \u00e9galement con\u00e7ue pour am\u00e9liorer la flexibilit\u00e9 et soulager les raideurs.<\/p>\n<h2>Pr\u00e9cautions et effets ind\u00e9sirables<\/h2>\n<p>En cas d&#8217;utilisation prolong\u00e9e, Celebrex peut augmenter le risque de crise cardiaque, en particulier si le patient souffre d\u00e9j\u00e0 d&#8217;hypertension ou d&#8217;une maladie cardiaque. Il est d\u00e9conseill\u00e9 aux patients de prendre le m\u00e9dicament avant ou apr\u00e8s une op\u00e9ration cardiaque, et ceux qui souffrent ou ont souffert dans le pass\u00e9 de probl\u00e8mes h\u00e9patiques ou r\u00e9naux, de troubles de la coagulation de l&#8217;estomac ou d&#8217;ulc\u00e8res de l&#8217;estomac, ainsi que d&#8217;hypertension, doivent consulter le m\u00e9decin, qui d\u00e9cidera si Celebrex est le meilleur choix pour eux. Ce m\u00e9dicament est \u00e9galement contre-indiqu\u00e9 pour les femmes enceintes.<\/p>\n<p>Les personnes qui ont eu des crises d&#8217;asthme, de l&#8217;urticaire ou des r\u00e9actions allergiques \u00e0 d&#8217;autres types d&#8217;AINS doivent \u00e9viter de prendre du Celebrex, car elles risquent de d\u00e9velopper une r\u00e9action allergique \u00e0 l&#8217;un des compos\u00e9s de ce m\u00e9dicament. Cela peut m\u00eame d\u00e9clencher un choc anaphylactique qui peut \u00eatre mortel &#8211; si vous remarquez un gonflement de la gorge ou du visage en couple avec des difficult\u00e9s respiratoires, vous devez consulter d&#8217;urgence un m\u00e9decin.<\/p>\n<h2>Interactions entre les m\u00e9dicaments<\/h2>\n<p>Si vous suivez un traitement \u00e0 base d&#8217;autres AINS ou de tout autre type de m\u00e9dicament (y compris les m\u00e9dicaments sur ordonnance ou en vente libre et les suppl\u00e9ments \u00e0 base de plantes), vous devez en informer votre m\u00e9decin avant de prendre Celebrex. Informez \u00e9galement votre m\u00e9decin si vous prenez des corticost\u00e9ro\u00efdes, du furos\u00e9mide, du fluconazole, du lithium, de l&#8217;aspirine ou d&#8217;autres AINS comme Celebrex.<\/p>\n<h2>Commander Celebrex 200 Mg en ligne<\/h2>\n<p>M\u00eame si les pharmacies et les drogueries traditionnelles exigent une ordonnance m\u00e9dicale pour vendre Celebrex, vous pouvez commander le m\u00e9dicament g\u00e9n\u00e9rique et le m\u00e9dicament de marque aupr\u00e8s des pharmacies en ligne sans vous soucier de l&#8217;absence d&#8217;ordonnance. Celebrex est disponible dans un dosage de 200 mg et peut \u00eatre command\u00e9 rapidement et sans effort.<\/p>\n<p>Outre le prix abordable de Celebrex en ligne, un autre avantage de l&#8217;achat de m\u00e9dicaments sur Internet est que vous n&#8217;avez pas \u00e0 vous soucier de la disponibilit\u00e9 des m\u00e9dicaments &#8211; les pharmacies en ligne ont \u00e9galement des stocks en magasin et vous permettent de commander le m\u00e9dicament d\u00e9sir\u00e9 depuis le confort et l&#8217;intimit\u00e9 de votre maison. Vous pouvez \u00e9galement payer avec la carte ou en utilisant d&#8217;autres m\u00e9thodes de paiement, y compris les portefeuilles en ligne et les virements bancaires.<\/p>\n<\/p><\/div>\n<h2>La V\u00e9rit\u00e9 sur l&#8217;Accessibilit\u00e9 du Celebrex sans Ordonnance en France<\/h2>\n<p>Dans l&#8217;univers complexe des m\u00e9dicaments, l&#8217;acc\u00e8s au Celebrex sans ordonnance est-il une r\u00e9alit\u00e9 en France ? Cette question, aussi captivante que myst\u00e9rieuse, suscite un d\u00e9bat anim\u00e9 parmi les patients souffrant de douleurs articulaires et les professionnels de la sant\u00e9. Le Celebrex, un anti-inflammatoire non st\u00e9ro\u00efdien renomm\u00e9, offre un soulagement bienvenu pour ceux aux prises avec l&#8217;arthrite et d&#8217;autres affections douloureuses. Mais peut-on vraiment se le procurer sans passer par le d\u00e9dale des prescriptions m\u00e9dicales ? La r\u00e9ponse est un m\u00e9lange complexe de r\u00e8glements gouvernementaux, de pratiques pharmaceutiques et de consid\u00e9rations \u00e9thiques.Le Celebrex, r\u00e9put\u00e9 pour son efficacit\u00e9 dans la gestion de la douleur, est-il disponible sans ordonnance dans les pharmacies fran\u00e7aises ? Cette interrogation, pleine de rebondissements, intrigue tant les patients que les professionnels de sant\u00e9. L&#8217;accessibilit\u00e9 de ce m\u00e9dicament, avec ou sans prescription, est un sujet complexe.<\/p>\n","protected":false},"excerpt":{"rendered":"<p>Celebrex Cliquez ici pour acheter Celebrex est un m\u00e9dicament tr\u00e8s puissant pour le traitement de diff\u00e9rents types d&#8217;arthrite et pour<\/p>\n","protected":false},"author":3,"featured_media":0,"parent":0,"menu_order":0,"comment_status":"closed","ping_status":"closed","template":"","meta":{"_lmt_disableupdate":"no","_lmt_disable":"no","footnotes":""},"class_list":["post-61","page","type-page","status-publish","hentry"],"translation":{"provider":"WPGlobus","version":"3.0.2","language":"fr","enabled_languages":["en","es","fr"],"languages":{"en":{"title":true,"content":true,"excerpt":false},"es":{"title":true,"content":true,"excerpt":false},"fr":{"title":true,"content":true,"excerpt":false}}},"yoast_head":"<!-- This site is optimized with the Yoast SEO plugin v27.4 - https:\/\/yoast.com\/product\/yoast-seo-wordpress\/ -->\n<title>Acheter Celebrex 100 et 200 mg en ligne sans ordonnance en France<\/title>\n<meta name=\"description\" content=\"Achetez celebrex de haute qualit\u00e9 200 mg en ligne pour r\u00e9duire la sensation de douleur et faire face \u00e0 l&#039;inflammation. Celebrex g\u00e9n\u00e9rique soulage la douleur et l&#039;inflammation tout aussi efficacement tout en co\u00fbtant moins.\" \/>\n<meta name=\"robots\" content=\"index, follow, max-snippet:-1, max-image-preview:large, max-video-preview:-1\" \/>\n<link rel=\"canonical\" href=\"https:\/\/drpillman.biz\/fr\/celebrex.htm\" \/>\n<meta property=\"og:locale\" content=\"fr_FR\" \/>\n<meta property=\"og:type\" content=\"article\" \/>\n<meta property=\"og:title\" content=\"Acheter Celebrex 100 et 200 mg en ligne sans ordonnance en France\" \/>\n<meta property=\"og:description\" content=\"Achetez celebrex de haute qualit\u00e9 200 mg en ligne pour r\u00e9duire la sensation de douleur et faire face \u00e0 l&#039;inflammation. Celebrex g\u00e9n\u00e9rique soulage la douleur et l&#039;inflammation tout aussi efficacement tout en co\u00fbtant moins.\" \/>\n<meta property=\"og:url\" content=\"https:\/\/drpillman.biz\/fr\/celebrex.htm\" \/>\n<meta property=\"og:site_name\" content=\"Dr.Pillman\" \/>\n<meta property=\"article:modified_time\" content=\"2024-05-17T12:02:56+00:00\" \/>\n<meta name=\"twitter:card\" content=\"summary_large_image\" \/>\n<script type=\"application\/ld+json\" class=\"yoast-schema-graph\">{\"@context\":\"https:\\\/\\\/schema.org\",\"@graph\":[{\"@type\":\"WebPage\",\"@id\":\"https:\\\/\\\/drpillman.biz\\\/fr\\\/celebrex.htm\",\"url\":\"https:\\\/\\\/drpillman.biz\\\/fr\\\/celebrex.htm\",\"name\":\"Acheter Celebrex 100 et 200 mg en ligne sans ordonnance en France\",\"isPartOf\":{\"@id\":\"https:\\\/\\\/drpillman.biz\\\/fr\\\/#website\"},\"datePublished\":\"2013-08-20T06:28:13+00:00\",\"dateModified\":\"2024-05-17T12:02:56+00:00\",\"description\":\"Achetez celebrex de haute qualit\u00e9 200 mg en ligne pour r\u00e9duire la sensation de douleur et faire face \u00e0 l'inflammation. Celebrex g\u00e9n\u00e9rique soulage la douleur et l'inflammation tout aussi efficacement tout en co\u00fbtant moins.\",\"breadcrumb\":{\"@id\":\"https:\\\/\\\/drpillman.biz\\\/fr\\\/celebrex.htm#breadcrumb\"},\"inLanguage\":\"fr-FR\",\"potentialAction\":[{\"@type\":\"ReadAction\",\"target\":[\"https:\\\/\\\/drpillman.biz\\\/fr\\\/celebrex.htm\"]}]},{\"@type\":\"BreadcrumbList\",\"@id\":\"https:\\\/\\\/drpillman.biz\\\/fr\\\/celebrex.htm#breadcrumb\",\"itemListElement\":[{\"@type\":\"ListItem\",\"position\":1,\"name\":\"Home\",\"item\":\"https:\\\/\\\/drpillman.biz\\\/fr\\\/\"},{\"@type\":\"ListItem\",\"position\":2,\"name\":\"Celebrex\"}]},{\"@type\":\"WebSite\",\"@id\":\"https:\\\/\\\/drpillman.biz\\\/fr\\\/#website\",\"url\":\"https:\\\/\\\/drpillman.biz\\\/fr\\\/\",\"name\":\"Dr.Pillman\",\"description\":\"\",\"potentialAction\":[{\"@type\":\"SearchAction\",\"target\":{\"@type\":\"EntryPoint\",\"urlTemplate\":\"https:\\\/\\\/drpillman.biz\\\/fr\\\/?s={search_term_string}\"},\"query-input\":{\"@type\":\"PropertyValueSpecification\",\"valueRequired\":true,\"valueName\":\"search_term_string\"}}],\"inLanguage\":\"fr-FR\"}]}<\/script>\n<!-- \/ Yoast SEO plugin. -->","yoast_head_json":{"title":"Acheter Celebrex 100 et 200 mg en ligne sans ordonnance en France","description":"Achetez celebrex de haute qualit\u00e9 200 mg en ligne pour r\u00e9duire la sensation de douleur et faire face \u00e0 l'inflammation. Celebrex g\u00e9n\u00e9rique soulage la douleur et l'inflammation tout aussi efficacement tout en co\u00fbtant moins.","robots":{"index":"index","follow":"follow","max-snippet":"max-snippet:-1","max-image-preview":"max-image-preview:large","max-video-preview":"max-video-preview:-1"},"canonical":"https:\/\/drpillman.biz\/fr\/celebrex.htm","og_locale":"fr_FR","og_type":"article","og_title":"Acheter Celebrex 100 et 200 mg en ligne sans ordonnance en France","og_description":"Achetez celebrex de haute qualit\u00e9 200 mg en ligne pour r\u00e9duire la sensation de douleur et faire face \u00e0 l'inflammation. Celebrex g\u00e9n\u00e9rique soulage la douleur et l'inflammation tout aussi efficacement tout en co\u00fbtant moins.","og_url":"https:\/\/drpillman.biz\/fr\/celebrex.htm","og_site_name":"Dr.Pillman","article_modified_time":"2024-05-17T12:02:56+00:00","twitter_card":"summary_large_image","schema":{"@context":"https:\/\/schema.org","@graph":[{"@type":"WebPage","@id":"https:\/\/drpillman.biz\/fr\/celebrex.htm","url":"https:\/\/drpillman.biz\/fr\/celebrex.htm","name":"Acheter Celebrex 100 et 200 mg en ligne sans ordonnance en France","isPartOf":{"@id":"https:\/\/drpillman.biz\/fr\/#website"},"datePublished":"2013-08-20T06:28:13+00:00","dateModified":"2024-05-17T12:02:56+00:00","description":"Achetez celebrex de haute qualit\u00e9 200 mg en ligne pour r\u00e9duire la sensation de douleur et faire face \u00e0 l'inflammation. Celebrex g\u00e9n\u00e9rique soulage la douleur et l'inflammation tout aussi efficacement tout en co\u00fbtant moins.","breadcrumb":{"@id":"https:\/\/drpillman.biz\/fr\/celebrex.htm#breadcrumb"},"inLanguage":"fr-FR","potentialAction":[{"@type":"ReadAction","target":["https:\/\/drpillman.biz\/fr\/celebrex.htm"]}]},{"@type":"BreadcrumbList","@id":"https:\/\/drpillman.biz\/fr\/celebrex.htm#breadcrumb","itemListElement":[{"@type":"ListItem","position":1,"name":"Home","item":"https:\/\/drpillman.biz\/fr\/"},{"@type":"ListItem","position":2,"name":"Celebrex"}]},{"@type":"WebSite","@id":"https:\/\/drpillman.biz\/fr\/#website","url":"https:\/\/drpillman.biz\/fr\/","name":"Dr.Pillman","description":"","potentialAction":[{"@type":"SearchAction","target":{"@type":"EntryPoint","urlTemplate":"https:\/\/drpillman.biz\/fr\/?s={search_term_string}"},"query-input":{"@type":"PropertyValueSpecification","valueRequired":true,"valueName":"search_term_string"}}],"inLanguage":"fr-FR"}]}},"_links":{"self":[{"href":"https:\/\/drpillman.biz\/fr\/wp-json\/wp\/v2\/pages\/61","targetHints":{"allow":["GET"]}}],"collection":[{"href":"https:\/\/drpillman.biz\/fr\/wp-json\/wp\/v2\/pages"}],"about":[{"href":"https:\/\/drpillman.biz\/fr\/wp-json\/wp\/v2\/types\/page"}],"author":[{"embeddable":true,"href":"https:\/\/drpillman.biz\/fr\/wp-json\/wp\/v2\/users\/3"}],"replies":[{"embeddable":true,"href":"https:\/\/drpillman.biz\/fr\/wp-json\/wp\/v2\/comments?post=61"}],"version-history":[{"count":0,"href":"https:\/\/drpillman.biz\/fr\/wp-json\/wp\/v2\/pages\/61\/revisions"}],"wp:attachment":[{"href":"https:\/\/drpillman.biz\/fr\/wp-json\/wp\/v2\/media?parent=61"}],"curies":[{"name":"wp","href":"https:\/\/api.w.org\/{rel}","templated":true}]}}