{"id":67,"date":"2013-01-17T02:15:50","date_gmt":"2013-01-17T02:15:50","guid":{"rendered":"https:\/\/drpillman.biz\/?page_id=67"},"modified":"2024-05-17T13:33:54","modified_gmt":"2024-05-17T12:33:54","slug":"cialis","status":"publish","type":"page","link":"https:\/\/drpillman.biz\/fr\/cialis.htm","title":{"rendered":"Cialis"},"content":{"rendered":"<div id=\"content-center\">\n<div id=\"content-image\">\n<img decoding=\"async\" src=\"\/img\/Cialis.jpg\" alt=\"Cialis\"><\/div>\n<div id=\"content-description\">\n<h1>Cialis<\/h1>\n<p><code><a href=\"https:\/\/200pills.com\/search.html?key=Cialis\"> <button class=\"button-7\" role=\"button\">Cliquez ici pour acheter<\/button><\/a><\/code><\/p>\n<div class=\"clear\"><\/div>\n<div id=\"description\">Cialis est un puissant inhibiteur de la PDE5 prescrit aux patients masculins souffrant de dysfonction \u00e9rectile. Ce m\u00e9dicament ne donne pas d&#8217;\u00e9rection instantan\u00e9e et ne gu\u00e9rit pas la dysfonction \u00e9rectile, mais aide le patient \u00e0 obtenir une am\u00e9lioration temporaire et \u00e0 avoir des rapports sexuels complets sans perdre l&#8217;\u00e9rection.<\/div>\n<div id=\"additional\">Synonymes :<span> Tadalafil<\/span>\n<\/div>\n<\/div>\n<div class=\"clear\"><\/div>\n<p>Cialis est un inhibiteur de la PDE5 tr\u00e8s efficace et \u00e0 la dur\u00e9e de vie la plus longue, utilis\u00e9 pour les patients souffrant de troubles de l&#8217;\u00e9rection. La dysfonction \u00e9rectile est le type de diagnostic qui signifie que le patient est incapable de maintenir une \u00e9rection pendant une p\u00e9riode suffisante pour terminer un rapport sexuel ou qu&#8217;il ne peut pas obtenir une \u00e9rection de la duret\u00e9 requise. Cialis r\u00e9sout le probl\u00e8me en maintenant le sang dans les tissus du p\u00e9nis plus longtemps, ce qui permet au patient d&#8217;avoir des \u00e9rections plus compl\u00e8tes et plus durables. Vous pouvez obtenir Cialis sur ordonnance ou acheter Cialis en ligne. Le Cialis g\u00e9n\u00e9rique disponible dans les pharmacies britanniques est tout aussi bon que le Cialis normal, car il contient les m\u00eames doses de tadalafil. Cela signifie que le Cialis g\u00e9n\u00e9rique achet\u00e9 en ligne fonctionne de la m\u00eame mani\u00e8re que vous et pr\u00e9sente les m\u00eames avantages. Cialis est pris environ une heure avant le rapport sexuel et reste efficace jusqu&#8217;\u00e0 36 heures. Comme vous devrez prendre du Cialis \u00e0 chaque fois avant une activit\u00e9 sexuelle, il est important de vous assurer que vous achetez du Cialis g\u00e9n\u00e9rique en ligne en vrac, de pr\u00e9f\u00e9rence aupr\u00e8s d&#8217;une pharmacie britannique fiable qui exp\u00e9diera rapidement et offrira toutes les garanties que vous recherchez. Contrairement \u00e0 d&#8217;autres rem\u00e8des contre la dysfonction \u00e9rectile, Cialis n&#8217;est pas affect\u00e9 par une consommation mod\u00e9r\u00e9e d&#8217;alcool ou d&#8217;aliments gras. Vous pouvez profiter d&#8217;un bon d\u00eener avant de prendre ce m\u00e9dicament et \u00eatre s\u00fbr que son taux d&#8217;absorption ne sera pas modifi\u00e9 ou affect\u00e9 d&#8217;une autre mani\u00e8re. Cialis ne doit pas \u00eatre pris plus d&#8217;une fois toutes les 24 heures afin d&#8217;\u00e9viter un surdosage et une s\u00e9rie de sympt\u00f4mes d\u00e9sagr\u00e9ables possibles dans ce cas.<\/p>\n<h2>Effets secondaires<\/h2>\n<p>Cialis est accompagn\u00e9 de quelques effets secondaires possibles chez un petit nombre de patients, tels que l&#8217;indigestion, les maux de t\u00eate, les douleurs musculaires, les bouff\u00e9es vasomotrices et la congestion nasale. Ces effets secondaires ont \u00e9t\u00e9 observ\u00e9s chez moins de 3 % des patients prenant le m\u00e9dicament, bien que cela d\u00e9pende beaucoup de la dose prise par le patient. Les effets secondaires plus graves du Cialis sont tr\u00e8s peu probables ; ils peuvent inclure des troubles de la vue et le priapisme.<\/p>\n<\/p><\/div>\n<h2>La r\u00e9alit\u00e9 derri\u00e8re l&#8217;achat de Cialis &#8220;sans ordonnance&#8221; en France<\/h2>\n<p>Dans le contexte pharmaceutique actuel, la question de l&#8217;accessibilit\u00e9 des m\u00e9dicaments tels que le Cialis est un enjeu majeur pour de nombreux patients. L&#8217;expression &#8220;sans ordonnance&#8221; suscite souvent l&#8217;espoir d&#8217;une facilit\u00e9 d&#8217;acc\u00e8s, mais il est crucial de dissiper les id\u00e9es re\u00e7ues. En France, le Cialis, un traitement reconnu pour l&#8217;impuissance masculine, est strictement r\u00e9serv\u00e9 aux personnes munies d&#8217;une ordonnance \u00e9crite par un m\u00e9decin comp\u00e9tent. Cette r\u00e9glementation vise \u00e0 garantir la s\u00e9curit\u00e9 et l&#8217;efficacit\u00e9 du traitement, en assurant que chaque prise de Cialis est pr\u00e9c\u00e9d\u00e9e d&#8217;un bilan m\u00e9dical appropri\u00e9.<br \/>\nIl est essentiel de comprendre que l&#8217;achat de Cialis sans ordonnance expose \u00e0 des risques consid\u00e9rables, notamment en ce qui concerne la qualit\u00e9 et l&#8217;authenticit\u00e9 du produit. Les sources alternatives proposant des m\u00e9dicaments sans ordonnance ne sont pas soumises aux m\u00eames normes de contr\u00f4le que les pharmacies agr\u00e9\u00e9es, et les cons\u00e9quences peuvent \u00eatre d\u00e9sastreuses pour la sant\u00e9. En outre, la prise de Cialis sans supervision m\u00e9dicale peut entra\u00eener des interactions m\u00e9dicamenteuses potentiellement dangereuses ou des effets secondaires non pris en charge.<\/p>\n","protected":false},"excerpt":{"rendered":"<p>Cialis Cliquez ici pour acheter Cialis est un puissant inhibiteur de la PDE5 prescrit aux patients masculins souffrant de dysfonction<\/p>\n","protected":false},"author":3,"featured_media":0,"parent":0,"menu_order":0,"comment_status":"closed","ping_status":"closed","template":"","meta":{"_lmt_disableupdate":"no","_lmt_disable":"no","footnotes":""},"class_list":["post-67","page","type-page","status-publish","hentry"],"translation":{"provider":"WPGlobus","version":"3.0.2","language":"fr","enabled_languages":["en","es","fr"],"languages":{"en":{"title":true,"content":true,"excerpt":false},"es":{"title":true,"content":true,"excerpt":false},"fr":{"title":true,"content":true,"excerpt":false}}},"yoast_head":"<!-- This site is optimized with the Yoast SEO plugin v27.4 - https:\/\/yoast.com\/product\/yoast-seo-wordpress\/ -->\n<title>Achetez Cialis 20 mg g\u00e9n\u00e9rique en ligne et constatez par vous-m\u00eame \u00e0 quel point il est avantageux et s\u00fbr d&#039;acheter vos m\u00e9dicaments en ligne.<\/title>\n<meta name=\"description\" content=\"Cialis 20 mg est un m\u00e9dicament efficace qui am\u00e9liore la duret\u00e9 et la dur\u00e9e des \u00e9rections. Il est couramment utilis\u00e9 dans le traitement de la dysfonction \u00e9rectile, permettant aux hommes d&#039;obtenir et de maintenir une \u00e9rection suffisante pour une activit\u00e9 sexuelle satisfaisante.\" \/>\n<meta name=\"robots\" content=\"index, follow, max-snippet:-1, max-image-preview:large, max-video-preview:-1\" \/>\n<link rel=\"canonical\" href=\"https:\/\/drpillman.biz\/es\/cialis.htm\" \/>\n<meta property=\"og:locale\" content=\"fr_FR\" \/>\n<meta property=\"og:type\" content=\"article\" \/>\n<meta property=\"og:title\" content=\"Achetez Cialis 20 mg g\u00e9n\u00e9rique en ligne et constatez par vous-m\u00eame \u00e0 quel point il est avantageux et s\u00fbr d&#039;acheter vos m\u00e9dicaments en ligne.\" \/>\n<meta property=\"og:description\" content=\"Cialis 20 mg est un m\u00e9dicament efficace qui am\u00e9liore la duret\u00e9 et la dur\u00e9e des \u00e9rections. Il est couramment utilis\u00e9 dans le traitement de la dysfonction \u00e9rectile, permettant aux hommes d&#039;obtenir et de maintenir une \u00e9rection suffisante pour une activit\u00e9 sexuelle satisfaisante.\" \/>\n<meta property=\"og:url\" content=\"https:\/\/drpillman.biz\/es\/cialis.htm\" \/>\n<meta property=\"og:site_name\" content=\"Dr.Pillman\" \/>\n<meta property=\"article:modified_time\" content=\"2024-05-17T12:33:54+00:00\" \/>\n<meta name=\"twitter:card\" content=\"summary_large_image\" \/>\n<script type=\"application\/ld+json\" class=\"yoast-schema-graph\">{\"@context\":\"https:\\\/\\\/schema.org\",\"@graph\":[{\"@type\":\"WebPage\",\"@id\":\"https:\\\/\\\/drpillman.biz\\\/es\\\/cialis.htm\",\"url\":\"https:\\\/\\\/drpillman.biz\\\/es\\\/cialis.htm\",\"name\":\"Compre cialis gen\u00e9rico 20 mg en una farmacia confiable del Reino Unido y vea por s\u00ed mismo lo ventajoso y seguro que es comprar sus medicamentos en l\u00ednea\",\"isPartOf\":{\"@id\":\"https:\\\/\\\/drpillman.biz\\\/fr\\\/#website\"},\"datePublished\":\"2013-01-17T02:15:50+00:00\",\"dateModified\":\"2024-05-17T12:33:54+00:00\",\"description\":\"Cialis 20 mg est un m\u00e9dicament efficace qui am\u00e9liore la duret\u00e9 et la dur\u00e9e des \u00e9rections. Il est couramment utilis\u00e9 dans le traitement de la dysfonction \u00e9rectile, permettant aux hommes d'obtenir et de maintenir une \u00e9rection suffisante pour une activit\u00e9 sexuelle satisfaisante.\",\"breadcrumb\":{\"@id\":\"https:\\\/\\\/drpillman.biz\\\/es\\\/cialis.htm#breadcrumb\"},\"inLanguage\":\"fr-FR\",\"potentialAction\":[{\"@type\":\"ReadAction\",\"target\":[\"https:\\\/\\\/drpillman.biz\\\/es\\\/cialis.htm\"]}]},{\"@type\":\"BreadcrumbList\",\"@id\":\"https:\\\/\\\/drpillman.biz\\\/es\\\/cialis.htm#breadcrumb\",\"itemListElement\":[{\"@type\":\"ListItem\",\"position\":1,\"name\":\"Home\",\"item\":\"https:\\\/\\\/drpillman.biz\\\/fr\\\/\"},{\"@type\":\"ListItem\",\"position\":2,\"name\":\"Cialis\"}]},{\"@type\":\"WebSite\",\"@id\":\"https:\\\/\\\/drpillman.biz\\\/fr\\\/#website\",\"url\":\"https:\\\/\\\/drpillman.biz\\\/fr\\\/\",\"name\":\"Dr.Pillman\",\"description\":\"\",\"potentialAction\":[{\"@type\":\"SearchAction\",\"target\":{\"@type\":\"EntryPoint\",\"urlTemplate\":\"https:\\\/\\\/drpillman.biz\\\/fr\\\/?s={search_term_string}\"},\"query-input\":{\"@type\":\"PropertyValueSpecification\",\"valueRequired\":true,\"valueName\":\"search_term_string\"}}],\"inLanguage\":\"fr-FR\"}]}<\/script>\n<!-- \/ Yoast SEO plugin. -->","yoast_head_json":{"title":"Achetez Cialis 20 mg g\u00e9n\u00e9rique en ligne et constatez par vous-m\u00eame \u00e0 quel point il est avantageux et s\u00fbr d'acheter vos m\u00e9dicaments en ligne.","description":"Cialis 20 mg est un m\u00e9dicament efficace qui am\u00e9liore la duret\u00e9 et la dur\u00e9e des \u00e9rections. Il est couramment utilis\u00e9 dans le traitement de la dysfonction \u00e9rectile, permettant aux hommes d'obtenir et de maintenir une \u00e9rection suffisante pour une activit\u00e9 sexuelle satisfaisante.","robots":{"index":"index","follow":"follow","max-snippet":"max-snippet:-1","max-image-preview":"max-image-preview:large","max-video-preview":"max-video-preview:-1"},"canonical":"https:\/\/drpillman.biz\/es\/cialis.htm","og_locale":"fr_FR","og_type":"article","og_title":"Achetez Cialis 20 mg g\u00e9n\u00e9rique en ligne et constatez par vous-m\u00eame \u00e0 quel point il est avantageux et s\u00fbr d'acheter vos m\u00e9dicaments en ligne.","og_description":"Cialis 20 mg est un m\u00e9dicament efficace qui am\u00e9liore la duret\u00e9 et la dur\u00e9e des \u00e9rections. Il est couramment utilis\u00e9 dans le traitement de la dysfonction \u00e9rectile, permettant aux hommes d'obtenir et de maintenir une \u00e9rection suffisante pour une activit\u00e9 sexuelle satisfaisante.","og_url":"https:\/\/drpillman.biz\/es\/cialis.htm","og_site_name":"Dr.Pillman","article_modified_time":"2024-05-17T12:33:54+00:00","twitter_card":"summary_large_image","schema":{"@context":"https:\/\/schema.org","@graph":[{"@type":"WebPage","@id":"https:\/\/drpillman.biz\/es\/cialis.htm","url":"https:\/\/drpillman.biz\/es\/cialis.htm","name":"Compre cialis gen\u00e9rico 20 mg en una farmacia confiable del Reino Unido y vea por s\u00ed mismo lo ventajoso y seguro que es comprar sus medicamentos en l\u00ednea","isPartOf":{"@id":"https:\/\/drpillman.biz\/fr\/#website"},"datePublished":"2013-01-17T02:15:50+00:00","dateModified":"2024-05-17T12:33:54+00:00","description":"Cialis 20 mg est un m\u00e9dicament efficace qui am\u00e9liore la duret\u00e9 et la dur\u00e9e des \u00e9rections. Il est couramment utilis\u00e9 dans le traitement de la dysfonction \u00e9rectile, permettant aux hommes d'obtenir et de maintenir une \u00e9rection suffisante pour une activit\u00e9 sexuelle satisfaisante.","breadcrumb":{"@id":"https:\/\/drpillman.biz\/es\/cialis.htm#breadcrumb"},"inLanguage":"fr-FR","potentialAction":[{"@type":"ReadAction","target":["https:\/\/drpillman.biz\/es\/cialis.htm"]}]},{"@type":"BreadcrumbList","@id":"https:\/\/drpillman.biz\/es\/cialis.htm#breadcrumb","itemListElement":[{"@type":"ListItem","position":1,"name":"Home","item":"https:\/\/drpillman.biz\/fr\/"},{"@type":"ListItem","position":2,"name":"Cialis"}]},{"@type":"WebSite","@id":"https:\/\/drpillman.biz\/fr\/#website","url":"https:\/\/drpillman.biz\/fr\/","name":"Dr.Pillman","description":"","potentialAction":[{"@type":"SearchAction","target":{"@type":"EntryPoint","urlTemplate":"https:\/\/drpillman.biz\/fr\/?s={search_term_string}"},"query-input":{"@type":"PropertyValueSpecification","valueRequired":true,"valueName":"search_term_string"}}],"inLanguage":"fr-FR"}]}},"_links":{"self":[{"href":"https:\/\/drpillman.biz\/fr\/wp-json\/wp\/v2\/pages\/67","targetHints":{"allow":["GET"]}}],"collection":[{"href":"https:\/\/drpillman.biz\/fr\/wp-json\/wp\/v2\/pages"}],"about":[{"href":"https:\/\/drpillman.biz\/fr\/wp-json\/wp\/v2\/types\/page"}],"author":[{"embeddable":true,"href":"https:\/\/drpillman.biz\/fr\/wp-json\/wp\/v2\/users\/3"}],"replies":[{"embeddable":true,"href":"https:\/\/drpillman.biz\/fr\/wp-json\/wp\/v2\/comments?post=67"}],"version-history":[{"count":0,"href":"https:\/\/drpillman.biz\/fr\/wp-json\/wp\/v2\/pages\/67\/revisions"}],"wp:attachment":[{"href":"https:\/\/drpillman.biz\/fr\/wp-json\/wp\/v2\/media?parent=67"}],"curies":[{"name":"wp","href":"https:\/\/api.w.org\/{rel}","templated":true}]}}